{"id":234206,"date":"2023-11-26T12:38:45","date_gmt":"2023-11-26T11:38:45","guid":{"rendered":"https:\/\/www.elcony.com\/isorine-apsauga-sulinio-apsauga\/"},"modified":"2026-02-06T14:35:20","modified_gmt":"2026-02-06T13:35:20","slug":"isorine-apsauga-sulinio-apsauga","status":"publish","type":"page","link":"https:\/\/www.elcony.com\/lt\/isorine-apsauga-sulinio-apsauga\/","title":{"rendered":"I\u0161orinis pri\u017ei\u016br\u0117tojas (liuko pri\u017ei\u016br\u0117tojas)"},"content":{"rendered":"<div class=\"fusion-fullwidth fullwidth-box fusion-builder-row-1 has-pattern-background has-mask-background nonhundred-percent-fullwidth non-hundred-percent-height-scrolling\" style=\"--awb-border-radius-top-left:0px;--awb-border-radius-top-right:0px;--awb-border-radius-bottom-right:0px;--awb-border-radius-bottom-left:0px;--awb-flex-wrap:wrap;\" ><div class=\"fusion-builder-row fusion-row\"><div class=\"fusion-layout-column fusion_builder_column fusion-builder-column-0 fusion_builder_column_1_5 1_5 fusion-one-fifth fusion-column-first\" style=\"--awb-bg-blend:overlay;--awb-bg-size:cover;width:20%;width:calc(20% - ( ( 4% + 4% ) * 0.2 ) );margin-right: 4%;\"><div class=\"fusion-column-wrapper fusion-flex-column-wrapper-legacy\"><div class=\"fusion-clearfix\"><\/div><\/div><\/div><div class=\"fusion-layout-column fusion_builder_column fusion-builder-column-1 fusion_builder_column_3_5 3_5 fusion-three-fifth\" style=\"--awb-padding-bottom:20px;--awb-bg-blend:overlay;--awb-bg-size:cover;--awb-margin-top:0px;--awb-margin-bottom:0px;width:60%;width:calc(60% - ( ( 4% + 4% ) * 0.6 ) );margin-right: 4%;\"><div class=\"fusion-column-wrapper fusion-flex-column-wrapper-legacy\"><div class=\"fusion-text fusion-text-1\"><h1>Darbas kaip i\u0161orinis pri\u017ei\u016br\u0117tojas (liuko pri\u017ei\u016br\u0117tojas)<\/h1>\n<p> Darbas kaip i\u0161orinis pri\u017ei\u016br\u0117tojas (liuko pri\u017ei\u016br\u0117tojas) yra itin svarbi saugos funkcija atliekant darbus u\u017edarose erdv\u0117se. Kaip i\u0161orinis pri\u017ei\u016br\u0117tojas j\u016bs pri\u017ei\u016brite darbus, u\u017etikrinate saug\u0105 ir nedelsdami reaguojate avarin\u0117se situacijose. Kurso \u201eDarbas kaip i\u0161orinis pri\u017ei\u016br\u0117tojas\u201c metu i\u0161moksite \u0161\u012f vaidmen\u012f atlikti saugiai, atsakingai ir pagal galiojan\u010dias proced\u016bras. <\/p>\n<h2>K\u0105 daro i\u0161orinis pri\u017ei\u016br\u0117tojas?<\/h2>\n<p> I\u0161orinis pri\u017ei\u016br\u0117tojas pri\u017ei\u016bri darbus u\u017edarose erdv\u0117se, tokiose kaip talpyklos, vamzdynai, \u0161uliniai ir reaktoriai. Jis stebi saug\u0105, palaiko ry\u0161\u012f su darbuotojais erdv\u0117s viduje ir \u012fvykus incidentams i\u0161kvie\u010dia pagalb\u0105. <\/p>\n<h2>Kam skirtas kursas \u201eDarbas kaip i\u0161orinis pri\u017ei\u016br\u0117tojas\u201c?<\/h2>\n<ul>\n<li>(Petro)chemijos pramon\u0117s darbuotojams.<\/li>\n<li>Technin\u0117s prie\u017ei\u016bros montuotojams ir rangovams.<\/li>\n<li>U\u017edar\u0173 erdvi\u0173 darb\u0173 pri\u017ei\u016br\u0117tojams.<\/li>\n<li>Savaranki\u0161kai dirbantiems asmenims (ZZP), dirbantiems pramonin\u0117se vietose.<\/li>\n<li>Visiems, atliekantiems liuko pri\u017ei\u016br\u0117tojo funkcij\u0105.<\/li>\n<\/ul>\n<h2>Darbas kaip i\u0161orinis pri\u017ei\u016br\u0117tojas be SOG<\/h2>\n<h3>Tikslin\u0117 grup\u0117<\/h3>\n<p> \u0160is mokymas tinka darbuotojams, kurie dirba kaip i\u0161oriniai pri\u017ei\u016br\u0117tojai organizacijose ar pas u\u017esakovus, kuriems netaikomas SOG reikalavimas. <\/p>\n<h3>Kada rinktis i\u0161orin\u012f pri\u017ei\u016br\u0117toj\u0105 be SOG?<\/h3>\n<ul>\n<li>J\u016bs\u0173 u\u017esakovas nereikalauja SOG diplomo<\/li>\n<li>Dirbate pagal vidines saugos proced\u016bras<\/li>\n<li>Ie\u0161kote prakti\u0161kai orientuoto mokymo be i\u0161orinio egzamino<\/li>\n<\/ul>\n<p> Baig\u0119 kurs\u0105 gausite diplom\u0105, registruot\u0105 <strong>ELCONY diplom\u0173 registre<\/strong>, kuris <strong>galioja 5 metus<\/strong>. <\/p>\n<h3>Kurso trukm\u0117 ir kaina<\/h3>\n<ul>\n<li>1 diena su turimomis i\u0161ankstin\u0117mis \u017einiomis per m\u016bs\u0173 internetin\u012f pasirengim\u0105 arba atnaujinimo kurs\u0105: <strong>\u20ac 255,00<\/strong> be PVM<\/li>\n<li>2 dienos be ankstesn\u0117s patirties: <strong>\u20ac 455,00<\/strong> be PVM<\/li>\n<\/ul>\n<h2>Darbas kaip i\u0161orinis pri\u017ei\u016br\u0117tojas su SOG<\/h2>\n<h3>Tikslin\u0117 grup\u0117<\/h3>\n<p> SOG pripa\u017eintas kursas \u201eDarbas kaip i\u0161orinis pri\u017ei\u016br\u0117tojas\u201c skirtas darbuotojams, dirbantiems pas u\u017esakovus, kuriems privalomas oficialiai pripa\u017eintas diplomas. <\/p>\n<h3>Kada i\u0161orinis pri\u017ei\u016br\u0117tojas (SOG) yra privalomas?<\/h3>\n<ul>\n<li>Dirbant u\u017edarose erdv\u0117se (petro)chemijos pramon\u0117je<\/li>\n<li>Technin\u0117s prie\u017ei\u016bros sustabdym\u0173 ir dideli\u0173 remont\u0173 (turnarounds) metu<\/li>\n<li>Pas u\u017esakovus, dirban\u010dius pagal SSVV reikalavimus<\/li>\n<li>Vietose, kuriose saugos proced\u016bros yra grie\u017etai reglamentuotos<\/li>\n<\/ul>\n<p> S\u0117kmingai i\u0161laikius egzamin\u0105 diplomas registruojamas <strong>SSVV diplom\u0173 registre<\/strong> ir <strong>galioja 3 metus<\/strong>. <\/p>\n<h3>Kurso trukm\u0117 ir kaina<\/h3>\n<ul>\n<li>1 diena su turimomis i\u0161ankstin\u0117mis \u017einiomis per m\u016bs\u0173 internetin\u012f pasirengim\u0105 arba atnaujinimo kurs\u0105: <strong>\u20ac 369,00<\/strong> be PVM<\/li>\n<li>2 dienos be ankstesn\u0117s patirties: <strong>\u20ac 569,00<\/strong> be PVM<\/li>\n<\/ul>\n<h3>Egzamino kalbos<\/h3>\n<p> SOG egzaminas galimas oland\u0173 ir angl\u0173 kalbomis. <\/p>\n<h2>Vietos<\/h2>\n<p> Kursas \u201eDarbas kaip i\u0161orinis pri\u017ei\u016br\u0117tojas\u201c vyksta keliose vietose Nyderlanduose ir taip pat gali b\u016bti organizuojamas j\u016bs\u0173 vietoje. <\/p>\n<h2>Kontaktai<\/h2>\n<p> D\u0117l papildomos informacijos ar registracijos galite skambinti <strong>+31(0)88-2200100<\/strong> arba si\u0173sti el. lai\u0161k\u0105 adresu <strong><a href=\"&#x6d;&#97;&#x69;&#x6c;t&#x6f;&#58;i&#x6e;&#102;o&#x40;&#101;&#x6c;&#x63;o&#x6e;&#121;&#46;&#x63;&#111;m\">&#x69;&#x6e;&#102;o&#x40;&#x65;&#108;co&#x6e;&#x79;&#46;c&#x6f;&#x6d;<\/a><\/strong>.<\/p>\n<\/div><div class=\"fusion-clearfix\"><\/div><\/div><\/div><div class=\"fusion-layout-column fusion_builder_column fusion-builder-column-2 fusion_builder_column_1_5 1_5 fusion-one-fifth fusion-column-last\" style=\"--awb-bg-blend:overlay;--awb-bg-size:cover;width:20%;width:calc(20% - ( ( 4% + 4% ) * 0.2 ) );\"><div class=\"fusion-column-wrapper fusion-flex-column-wrapper-legacy\"><div class=\"fusion-clearfix\"><\/div><\/div><\/div><\/div><\/div>\n","protected":false},"excerpt":{"rendered":"","protected":false},"author":1,"featured_media":0,"parent":0,"menu_order":3,"comment_status":"closed","ping_status":"closed","template":"","meta":{"footnotes":""},"class_list":["post-234206","page","type-page","status-publish","hentry"],"yoast_head":"<!-- This site is optimized with the Yoast SEO plugin v27.5 - https:\/\/yoast.com\/product\/yoast-seo-wordpress\/ -->\n<title>Kursas \u201eDarbas kaip i\u0161orinis pri\u017ei\u016br\u0117tojas\u201c (SOG) | Taip pat Incompany<\/title>\n<meta name=\"description\" content=\"Dalyvaukite kurse \u201eDarbas kaip i\u0161orinis pri\u017ei\u016br\u0117tojas (liuko pri\u017ei\u016br\u0117tojas)\u201c. I\u0161mokite saugiai pri\u017ei\u016br\u0117ti darbus u\u017edarose erdv\u0117se. Su SOG arba be SOG, prakti\u0161kai orientuotas.\" \/>\n<meta name=\"robots\" content=\"index, follow, max-snippet:-1, max-image-preview:large, max-video-preview:-1\" \/>\n<link rel=\"canonical\" href=\"https:\/\/www.elcony.com\/lt\/isorine-apsauga-sulinio-apsauga\/\" \/>\n<script type=\"application\/ld+json\" class=\"yoast-schema-graph\">{\"@context\":\"https:\\\/\\\/schema.org\",\"@graph\":[{\"@type\":\"WebPage\",\"@id\":\"https:\\\/\\\/www.elcony.com\\\/lt\\\/isorine-apsauga-sulinio-apsauga\\\/\",\"url\":\"https:\\\/\\\/www.elcony.com\\\/lt\\\/isorine-apsauga-sulinio-apsauga\\\/\",\"name\":\"Kursas \u201eDarbas kaip i\u0161orinis pri\u017ei\u016br\u0117tojas\u201c (SOG) | Taip pat Incompany\",\"isPartOf\":{\"@id\":\"https:\\\/\\\/www.elcony.com\\\/it\\\/#website\"},\"datePublished\":\"2023-11-26T11:38:45+00:00\",\"dateModified\":\"2026-02-06T13:35:20+00:00\",\"description\":\"Dalyvaukite kurse \u201eDarbas kaip i\u0161orinis pri\u017ei\u016br\u0117tojas (liuko pri\u017ei\u016br\u0117tojas)\u201c. I\u0161mokite saugiai pri\u017ei\u016br\u0117ti darbus u\u017edarose erdv\u0117se. Su SOG arba be SOG, prakti\u0161kai orientuotas.\",\"breadcrumb\":{\"@id\":\"https:\\\/\\\/www.elcony.com\\\/lt\\\/isorine-apsauga-sulinio-apsauga\\\/#breadcrumb\"},\"inLanguage\":\"lt-LT\",\"potentialAction\":[{\"@type\":\"ReadAction\",\"target\":[\"https:\\\/\\\/www.elcony.com\\\/lt\\\/isorine-apsauga-sulinio-apsauga\\\/\"]}]},{\"@type\":\"BreadcrumbList\",\"@id\":\"https:\\\/\\\/www.elcony.com\\\/lt\\\/isorine-apsauga-sulinio-apsauga\\\/#breadcrumb\",\"itemListElement\":[{\"@type\":\"ListItem\",\"position\":1,\"name\":\"Home\",\"item\":\"https:\\\/\\\/www.elcony.com\\\/lt\\\/\"},{\"@type\":\"ListItem\",\"position\":2,\"name\":\"I\u0161orinis pri\u017ei\u016br\u0117tojas (liuko pri\u017ei\u016br\u0117tojas)\"}]},{\"@type\":\"WebSite\",\"@id\":\"https:\\\/\\\/www.elcony.com\\\/it\\\/#website\",\"url\":\"https:\\\/\\\/www.elcony.com\\\/it\\\/\",\"name\":\"ELCONY\",\"description\":\"ARBO, VCA en SOG Opleidingen\",\"potentialAction\":[{\"@type\":\"SearchAction\",\"target\":{\"@type\":\"EntryPoint\",\"urlTemplate\":\"https:\\\/\\\/www.elcony.com\\\/it\\\/?s={search_term_string}\"},\"query-input\":{\"@type\":\"PropertyValueSpecification\",\"valueRequired\":true,\"valueName\":\"search_term_string\"}}],\"inLanguage\":\"lt-LT\"}]}<\/script>\n<!-- \/ Yoast SEO plugin. -->","yoast_head_json":{"title":"Kursas \u201eDarbas kaip i\u0161orinis pri\u017ei\u016br\u0117tojas\u201c (SOG) | Taip pat Incompany","description":"Dalyvaukite kurse \u201eDarbas kaip i\u0161orinis pri\u017ei\u016br\u0117tojas (liuko pri\u017ei\u016br\u0117tojas)\u201c. I\u0161mokite saugiai pri\u017ei\u016br\u0117ti darbus u\u017edarose erdv\u0117se. Su SOG arba be SOG, prakti\u0161kai orientuotas.","robots":{"index":"index","follow":"follow","max-snippet":"max-snippet:-1","max-image-preview":"max-image-preview:large","max-video-preview":"max-video-preview:-1"},"canonical":"https:\/\/www.elcony.com\/lt\/isorine-apsauga-sulinio-apsauga\/","schema":{"@context":"https:\/\/schema.org","@graph":[{"@type":"WebPage","@id":"https:\/\/www.elcony.com\/lt\/isorine-apsauga-sulinio-apsauga\/","url":"https:\/\/www.elcony.com\/lt\/isorine-apsauga-sulinio-apsauga\/","name":"Kursas \u201eDarbas kaip i\u0161orinis pri\u017ei\u016br\u0117tojas\u201c (SOG) | Taip pat Incompany","isPartOf":{"@id":"https:\/\/www.elcony.com\/it\/#website"},"datePublished":"2023-11-26T11:38:45+00:00","dateModified":"2026-02-06T13:35:20+00:00","description":"Dalyvaukite kurse \u201eDarbas kaip i\u0161orinis pri\u017ei\u016br\u0117tojas (liuko pri\u017ei\u016br\u0117tojas)\u201c. I\u0161mokite saugiai pri\u017ei\u016br\u0117ti darbus u\u017edarose erdv\u0117se. Su SOG arba be SOG, prakti\u0161kai orientuotas.","breadcrumb":{"@id":"https:\/\/www.elcony.com\/lt\/isorine-apsauga-sulinio-apsauga\/#breadcrumb"},"inLanguage":"lt-LT","potentialAction":[{"@type":"ReadAction","target":["https:\/\/www.elcony.com\/lt\/isorine-apsauga-sulinio-apsauga\/"]}]},{"@type":"BreadcrumbList","@id":"https:\/\/www.elcony.com\/lt\/isorine-apsauga-sulinio-apsauga\/#breadcrumb","itemListElement":[{"@type":"ListItem","position":1,"name":"Home","item":"https:\/\/www.elcony.com\/lt\/"},{"@type":"ListItem","position":2,"name":"I\u0161orinis pri\u017ei\u016br\u0117tojas (liuko pri\u017ei\u016br\u0117tojas)"}]},{"@type":"WebSite","@id":"https:\/\/www.elcony.com\/it\/#website","url":"https:\/\/www.elcony.com\/it\/","name":"ELCONY","description":"ARBO, VCA en SOG Opleidingen","potentialAction":[{"@type":"SearchAction","target":{"@type":"EntryPoint","urlTemplate":"https:\/\/www.elcony.com\/it\/?s={search_term_string}"},"query-input":{"@type":"PropertyValueSpecification","valueRequired":true,"valueName":"search_term_string"}}],"inLanguage":"lt-LT"}]}},"_links":{"self":[{"href":"https:\/\/www.elcony.com\/lt\/wp-json\/wp\/v2\/pages\/234206","targetHints":{"allow":["GET"]}}],"collection":[{"href":"https:\/\/www.elcony.com\/lt\/wp-json\/wp\/v2\/pages"}],"about":[{"href":"https:\/\/www.elcony.com\/lt\/wp-json\/wp\/v2\/types\/page"}],"author":[{"embeddable":true,"href":"https:\/\/www.elcony.com\/lt\/wp-json\/wp\/v2\/users\/1"}],"replies":[{"embeddable":true,"href":"https:\/\/www.elcony.com\/lt\/wp-json\/wp\/v2\/comments?post=234206"}],"version-history":[{"count":4,"href":"https:\/\/www.elcony.com\/lt\/wp-json\/wp\/v2\/pages\/234206\/revisions"}],"predecessor-version":[{"id":391401,"href":"https:\/\/www.elcony.com\/lt\/wp-json\/wp\/v2\/pages\/234206\/revisions\/391401"}],"wp:attachment":[{"href":"https:\/\/www.elcony.com\/lt\/wp-json\/wp\/v2\/media?parent=234206"}],"curies":[{"name":"wp","href":"https:\/\/api.w.org\/{rel}","templated":true}]}}