{"id":234428,"date":"2023-11-26T14:23:55","date_gmt":"2023-11-26T13:23:55","guid":{"rendered":"https:\/\/www.elcony.com\/kroviniu-perkelimas\/"},"modified":"2023-11-26T14:23:58","modified_gmt":"2023-11-26T13:23:58","slug":"kroviniu-perkelimas","status":"publish","type":"page","link":"https:\/\/www.elcony.com\/lt\/kroviniu-perkelimas\/","title":{"rendered":"Krovini\u0173 perk\u0117limas"},"content":{"rendered":"<p><div class=\"fusion-fullwidth fullwidth-box fusion-builder-row-1 nonhundred-percent-fullwidth non-hundred-percent-height-scrolling\" style=\"--awb-border-radius-top-left:0px;--awb-border-radius-top-right:0px;--awb-border-radius-bottom-right:0px;--awb-border-radius-bottom-left:0px;--awb-flex-wrap:wrap;\" ><div class=\"fusion-builder-row fusion-row\"><div class=\"fusion-layout-column fusion_builder_column fusion-builder-column-0 fusion_builder_column_1_6 1_6 fusion-one-sixth fusion-column-first\" style=\"--awb-bg-size:cover;width:16.666666666667%;width:calc(16.666666666667% - ( ( 4% + 4% ) * 0.16666666666667 ) );margin-right: 4%;\"><div class=\"fusion-column-wrapper fusion-flex-column-wrapper-legacy\"><div class=\"fusion-sep-clear\"><\/div><div class=\"fusion-separator fusion-full-width-sep\" style=\"margin-left: auto;margin-right: auto;margin-top:20px;width:100%;\"><\/div><div class=\"fusion-sep-clear\"><\/div><div class=\"fusion-clearfix\"><\/div><\/div><\/div><div class=\"fusion-layout-column fusion_builder_column fusion-builder-column-1 fusion_builder_column_2_3 2_3 fusion-two-third\" style=\"--awb-padding-bottom:20px;--awb-bg-size:cover;--awb-margin-top:0px;--awb-margin-bottom:0px;width:66.666666666667%;width:calc(66.666666666667% - ( ( 4% + 4% ) * 0.66666666666667 ) );margin-right: 4%;\"><div class=\"fusion-column-wrapper fusion-flex-column-wrapper-legacy\"><div class=\"fusion-content-boxes content-boxes columns row fusion-columns-2 fusion-columns-total-2 fusion-content-boxes-1 content-boxes-clean-vertical content-left content-boxes-icon-on-top\" style=\"--awb-hover-accent-color:#555555;--awb-circle-hover-accent-color:#555555;\" data-animationOffset=\"top-into-view\"><div style=\"--awb-backgroundcolor:rgba(255,255,255,0);border-color:rgba(255,255,255,0);\" class=\"fusion-column content-box-column content-box-column content-box-column-1 col-lg-6 col-md-6 col-sm-6 fusion-content-box-hover content-box-column-first-in-row\"><div class=\"col content-box-wrapper content-wrapper link-area-box link-type-text icon-hover-animation-fade\" data-link=\"#vvl-elcony\" data-link-target=\"_self\" data-animationOffset=\"top-into-view\"><div class=\"heading heading-with-icon icon-left\"><a class=\"heading-link\" href=\"#vvl-elcony\" target=\"_self\"><div aria-hidden=\"true\" class=\"image\"><img decoding=\"async\" src=\"https:\/\/www.elcony.com\/wp-content\/uploads\/2023\/09\/Logo-ELCONY-160x100-1.png\" width=\"160\" height=\"100\" alt=\"\" \/><\/div><h2 class=\"content-box-heading\" style=\"--h2_typography-font-size:26px;line-height:31px;\">Krovini\u0173 perk\u0117limas (VVL)<\/h2><\/a><\/div><div class=\"fusion-clearfix\"><\/div><a class=\" fusion-read-more\" href=\"#vvl-elcony\" target=\"_self\">Daugiau informacijos<\/a><div class=\"fusion-clearfix\"><\/div><\/div><\/div><div style=\"--awb-backgroundcolor:rgba(255,255,255,0);border-color:rgba(255,255,255,0);\" class=\"fusion-column content-box-column content-box-column content-box-column-2 col-lg-6 col-md-6 col-sm-6 fusion-content-box-hover content-box-column-last content-box-column-last-in-row\"><div class=\"col content-box-wrapper content-wrapper link-area-box link-type-text icon-hover-animation-fade\" data-link=\"#hp-elcony\" data-link-target=\"_self\" data-animationOffset=\"top-into-view\"><div class=\"heading heading-with-icon icon-left\"><a class=\"heading-link\" href=\"#hp-elcony\" target=\"_self\"><div aria-hidden=\"true\" class=\"image\"><img decoding=\"async\" src=\"https:\/\/www.elcony.com\/wp-content\/uploads\/2023\/09\/Logo-ELCONY-160x100-1.png\" width=\"160\" height=\"100\" alt=\"\" \/><\/div><h2 class=\"content-box-heading\" style=\"--h2_typography-font-size:26px;line-height:31px;\">Darbas su sale ir portaliniu kranu<\/h2><\/a><\/div><div class=\"fusion-clearfix\"><\/div><a class=\" fusion-read-more\" href=\"#hp-elcony\" target=\"_self\">Daugiau informacijos<\/a><div class=\"fusion-clearfix\"><\/div><\/div><\/div><div class=\"fusion-clearfix\"><\/div><\/div><div class=\"fusion-clearfix\"><\/div><\/div><\/div><div class=\"fusion-layout-column fusion_builder_column fusion-builder-column-2 fusion_builder_column_1_6 1_6 fusion-one-sixth fusion-column-last\" style=\"--awb-bg-size:cover;width:16.666666666667%;width:calc(16.666666666667% - ( ( 4% + 4% ) * 0.16666666666667 ) );\"><div class=\"fusion-column-wrapper fusion-flex-column-wrapper-legacy\"><div class=\"fusion-clearfix\"><\/div><\/div><\/div><\/div><\/div><div id=\"vvl-elcony\" class=\"fusion-container-anchor\"><div class=\"fusion-fullwidth fullwidth-box fusion-builder-row-2 has-pattern-background has-mask-background nonhundred-percent-fullwidth non-hundred-percent-height-scrolling\" style=\"--awb-border-radius-top-left:0px;--awb-border-radius-top-right:0px;--awb-border-radius-bottom-right:0px;--awb-border-radius-bottom-left:0px;--awb-background-color:#f7f7f7;--awb-flex-wrap:wrap;\" ><div class=\"fusion-builder-row fusion-row\"><div class=\"fusion-layout-column fusion_builder_column fusion-builder-column-3 fusion_builder_column_1_6 1_6 fusion-one-sixth fusion-column-first\" style=\"--awb-bg-size:cover;width:16.666666666667%;width:calc(16.666666666667% - ( ( 4% + 4% ) * 0.16666666666667 ) );margin-right: 4%;\"><div class=\"fusion-column-wrapper fusion-flex-column-wrapper-legacy\"><div class=\"fusion-image-element fusion-image-align-center in-legacy-container\" style=\"text-align:center;--awb-caption-title-font-family:var(--h2_typography-font-family);--awb-caption-title-font-weight:var(--h2_typography-font-weight);--awb-caption-title-font-style:var(--h2_typography-font-style);--awb-caption-title-size:var(--h2_typography-font-size);--awb-caption-title-transform:var(--h2_typography-text-transform);--awb-caption-title-line-height:var(--h2_typography-line-height);--awb-caption-title-letter-spacing:var(--h2_typography-letter-spacing);\"><div class=\"imageframe-align-center\"><span class=\" fusion-imageframe imageframe-none imageframe-1 hover-type-none\"><img decoding=\"async\" width=\"160\" height=\"100\" title=\"Logo ELCONY 160&#215;100\" src=\"https:\/\/www.elcony.com\/wp-content\/uploads\/2023\/09\/Logo-ELCONY-160x100-1.png\" alt class=\"img-responsive wp-image-185472\"\/><\/span><\/div><\/div><div class=\"fusion-sep-clear\"><\/div><div class=\"fusion-separator fusion-full-width-sep\" style=\"margin-left: auto;margin-right: auto;margin-top:20px;width:100%;\"><\/div><div class=\"fusion-sep-clear\"><\/div><div class=\"fusion-clearfix\"><\/div><\/div><\/div><div class=\"fusion-layout-column fusion_builder_column fusion-builder-column-4 fusion_builder_column_2_3 2_3 fusion-two-third\" style=\"--awb-padding-bottom:20px;--awb-bg-size:cover;--awb-margin-top:0px;--awb-margin-bottom:0px;width:66.666666666667%;width:calc(66.666666666667% - ( ( 4% + 4% ) * 0.66666666666667 ) );margin-right: 4%;\"><div class=\"fusion-column-wrapper fusion-flex-column-wrapper-legacy\"><div class=\"fusion-text fusion-text-1\"><h2>Krovini\u0173 perk\u0117limas (VVL)<\/h2>\n<\/div><div class=\"fusion-text fusion-text-2\"><h3>Tikslo grup\u0117<\/h3>\n<p>Darbuotojai, kurie tvarko ir perkelia krovinius (naftos) chemijos objekte, \u012frenginiuose, dirbtuv\u0117se.<\/p>\n<h3>Mokymosi tikslas<\/h3>\n<p>Geb\u0117ti saugiai kelti ir perkelti krovinius naudojant k\u0117limo \u012frang\u0105 ir k\u0117limo \u012frankius.<\/p>\n<h3>Teorija<\/h3>\n<p>S\u0105vokos, teisin\u0117s nuostatos ir reglamentai.<br \/>\nK\u0117limo dir\u017eai.<br \/>\nPlieniniai vieliniai lynai.<br \/>\nGrandin\u0117s ir grandinin\u0117s konstrukcijos.<br \/>\nSpecialioji k\u0117limo \u012franga.<br \/>\nKeltuvai, k\u0117limo sijos ir ve\u017eim\u0117liai.<br \/>\nTikrinimas ir sertifikavimas.<br \/>\nSaugus krovini\u0173 k\u0117limas.<br \/>\nRank\u0173 signalai.<\/p>\n<h3>Praktika<\/h3>\n<p>Praktika, kaip saugiai u\u017ekabinti ir perkelti sklend\u0119, apsaugin\u012f vo\u017etuv\u0105, lenkt\u0105 vamzd\u012f ant imitacinio stovo ir pad\u0117kl\u0105 su daiktais, elektros varikl\u012f, pastoli\u0173 lentas ir plienin\u0119 santvar\u0105.<\/p>\n<h3>Ingang\u0173 reikalavimai<\/h3>\n<p>Kandidatas tur\u0117t\u0173 b\u016bti ne jaunesnis kaip 18 met\u0173. I\u0161imtis daroma mokiniams, kurie mokymus lanko siekdami \u012fgyti pradinio lygio kvalifikacij\u0105. Jiems taikomas minimalus 16 met\u0173 am\u017eius.<\/p>\n<h3>Kurs\u0173 trukm\u0117<\/h3>\n<p>1 diena (2 pusdieniai).<\/p>\n<h3>Diplomas<\/h3>\n<p>&#8220;Krovini\u0173 perve\u017eimo (VVL)&#8221; kursui ELCONY naudoja SSVV test\u0173 matricas. Vienintelis skirtumas tarp SOG egzamino ir ELCONY egzamino yra egzamino vykdymo b\u016bdas. Po ELCONY egzamino dalyviai negauna SOG diplomo ir n\u0117ra registruojami VCA centriniame diplom\u0173 registre. Vietoj to jie gauna ELCONY diplom\u0105. \u0160is diplomas atitinka Darbo s\u0105lyg\u0173 \u012fstatymo 8 straipsn\u012f, susijus\u012f su informavimu ir instruktavimu. \u012emon\u0117s, kurios nemano, kad SSVV diplomas yra b\u016btinas, gali kreiptis \u012f Darbuotoj\u0173 saugos ir sveikatos \u012fstatym\u0105. \u0160ioms \u012fmon\u0117ms ELCONY si\u016blo alternatyv\u0105.<br \/>\nDiplomas galioja penkerius metus.<\/p>\n<\/div><div class=\"fusion-text fusion-text-3\"><h3>Kainos<\/h3>\n<p>229,00 \u20ac asmeniui. \u012emon\u0117je taikomas minimalus 6 dalyvi\u0173 skai\u010dius.<\/p>\n<\/div><div class=\"fusion-text fusion-text-4\"><p>Dr\u0105siai skambinkite mums telefonu <strong>+31(0)88-2200100<\/strong> arba ra\u0161ykite el. pa\u0161tu <a href=\"&#109;a&#x69;l&#x74;o&#x3a;i&#x6e;&#102;&#x6f;&#64;&#x65;&#108;&#x63;&#111;n&#121;&#46;&#x63;o&#x6d;\"><strong>&#105;&#x6e;&#102;&#x6f;&#64;&#x65;l&#99;&#x6f;&#110;&#x79;&#46;&#x63;o&#x6d;<\/strong><\/a>.<\/p>\n<\/div><div class=\"fusion-clearfix\"><\/div><\/div><\/div><div class=\"fusion-layout-column fusion_builder_column fusion-builder-column-5 fusion_builder_column_1_6 1_6 fusion-one-sixth fusion-column-last\" style=\"--awb-bg-size:cover;width:16.666666666667%;width:calc(16.666666666667% - ( ( 4% + 4% ) * 0.16666666666667 ) );\"><div class=\"fusion-column-wrapper fusion-flex-column-wrapper-legacy\"><div class=\"fusion-clearfix\"><\/div><\/div><\/div><\/div><\/div><\/div><div id=\"hp-elcony\" class=\"fusion-container-anchor\"><div class=\"fusion-fullwidth fullwidth-box fusion-builder-row-3 has-pattern-background has-mask-background nonhundred-percent-fullwidth non-hundred-percent-height-scrolling\" style=\"--awb-border-radius-top-left:0px;--awb-border-radius-top-right:0px;--awb-border-radius-bottom-right:0px;--awb-border-radius-bottom-left:0px;--awb-flex-wrap:wrap;\" ><div class=\"fusion-builder-row fusion-row\"><div class=\"fusion-layout-column fusion_builder_column fusion-builder-column-6 fusion_builder_column_1_6 1_6 fusion-one-sixth fusion-column-first\" style=\"--awb-bg-size:cover;width:16.666666666667%;width:calc(16.666666666667% - ( ( 4% + 4% ) * 0.16666666666667 ) );margin-right: 4%;\"><div class=\"fusion-column-wrapper fusion-flex-column-wrapper-legacy\"><div class=\"fusion-image-element fusion-image-align-center in-legacy-container\" style=\"text-align:center;--awb-caption-title-font-family:var(--h2_typography-font-family);--awb-caption-title-font-weight:var(--h2_typography-font-weight);--awb-caption-title-font-style:var(--h2_typography-font-style);--awb-caption-title-size:var(--h2_typography-font-size);--awb-caption-title-transform:var(--h2_typography-text-transform);--awb-caption-title-line-height:var(--h2_typography-line-height);--awb-caption-title-letter-spacing:var(--h2_typography-letter-spacing);\"><div class=\"imageframe-align-center\"><span class=\" fusion-imageframe imageframe-none imageframe-2 hover-type-none\"><img decoding=\"async\" width=\"160\" height=\"100\" title=\"Logo ELCONY 160&#215;100\" src=\"https:\/\/www.elcony.com\/wp-content\/uploads\/2023\/09\/Logo-ELCONY-160x100-1.png\" alt class=\"img-responsive wp-image-185472\"\/><\/span><\/div><\/div><div class=\"fusion-sep-clear\"><\/div><div class=\"fusion-separator fusion-full-width-sep\" style=\"margin-left: auto;margin-right: auto;margin-top:20px;width:100%;\"><\/div><div class=\"fusion-sep-clear\"><\/div><div class=\"fusion-clearfix\"><\/div><\/div><\/div><div class=\"fusion-layout-column fusion_builder_column fusion-builder-column-7 fusion_builder_column_2_3 2_3 fusion-two-third\" style=\"--awb-padding-bottom:20px;--awb-bg-size:cover;--awb-margin-top:0px;--awb-margin-bottom:0px;width:66.666666666667%;width:calc(66.666666666667% - ( ( 4% + 4% ) * 0.66666666666667 ) );margin-right: 4%;\"><div class=\"fusion-column-wrapper fusion-flex-column-wrapper-legacy\"><div class=\"fusion-text fusion-text-5\"><h1>Darbas su sale ir portaliniu kranu<\/h1>\n<\/div><div class=\"fusion-text fusion-text-6\"><h3>Tikslin\u0117 grup\u0117<\/h3>\n<p>Darbuotojai, kurie naudojasi sal\u0117s arba portaliniais kranais.<\/p>\n<h3>Mokymosi tikslas<\/h3>\n<p>Patirti ir i\u0161mokti, kaip saugiai dirbti su haliniu arba portaliniu kranu ir kaip tvarkyti krovinius.<\/p>\n<h3>Teorija<\/h3>\n<p>S\u0105vokos, teisin\u0117s nuostatos ir reglamentai.<br \/>\nK\u0117limo dir\u017eai.<br \/>\nPlieniniai vieliniai lynai.<br \/>\nGrandin\u0117s ir grandininiai \u012frenginiai.<br \/>\nSpecialioji k\u0117limo \u012franga.<br \/>\nKeltuvai, k\u0117limo sijos ir ve\u017eim\u0117liai.<br \/>\nTikrinimas ir sertifikavimas.<br \/>\nSaugus krovini\u0173 k\u0117limas.<br \/>\nRank\u0173 signalai.<\/p>\n<h3>Praktika<\/h3>\n<p>Praktika, kaip saugiai u\u017ekabinti ir perkelti sklend\u0119, apsaugin\u012f vo\u017etuv\u0105, lenkt\u0105 vamzd\u012f ant imitacinio stovo ir pad\u0117kl\u0105 su daiktais, elektros varikl\u012f, pastoli\u0173 lentas ir plienin\u0119 santvar\u0105.<\/p>\n<h3>Ingang\u0173 reikalavimai<\/h3>\n<p>Kandidatas tur\u0117t\u0173 b\u016bti ne jaunesnis kaip 18 met\u0173. I\u0161imtis daroma mokiniams, kurie mokymus lanko siekdami \u012fgyti pradinio lygio kvalifikacij\u0105. Jiems taikomas minimalus 16 met\u0173 am\u017eius.<\/p>\n<h3>Kurs\u0173 trukm\u0117<\/h3>\n<p>1 diena (2 pusdieniai).<\/p>\n<h3>Diplomas<\/h3>\n<p>Pagal Darbo s\u0105lyg\u0173 \u012fstatymo 8 straipsn\u012f &#8211; Informavimas ir instruktavimas.<br \/>\nGalioja 5 metus.<\/p>\n<\/div><div class=\"fusion-text fusion-text-7\"><h3>Kainos<\/h3>\n<p>229,00 \u20ac asmeniui. \u012emon\u0117je taikomas minimalus 6 dalyvi\u0173 skai\u010dius.<\/p>\n<\/div><div class=\"fusion-text fusion-text-8\"><p>Dr\u0105siai skambinkite mums telefonu <strong>+31(0)88-2200100<\/strong> arba ra\u0161ykite el. pa\u0161tu <a href=\"&#x6d;&#97;i&#x6c;&#116;o&#x3a;&#x69;&#110;&#x66;&#x6f;&#64;e&#x6c;&#99;o&#x6e;&#x79;&#46;&#x63;&#x6f;&#109;\"><strong>&#x69;&#110;&#x66;&#x6f;&#64;&#x65;&#108;c&#x6f;&#110;y&#x2e;&#99;o&#x6d;<\/strong><\/a>.<\/p>\n<\/div><div class=\"fusion-clearfix\"><\/div><\/div><\/div><div class=\"fusion-layout-column fusion_builder_column fusion-builder-column-8 fusion_builder_column_1_6 1_6 fusion-one-sixth fusion-column-last\" style=\"--awb-bg-size:cover;width:16.666666666667%;width:calc(16.666666666667% - ( ( 4% + 4% ) * 0.16666666666667 ) );\"><div class=\"fusion-column-wrapper fusion-flex-column-wrapper-legacy\"><div class=\"fusion-clearfix\"><\/div><\/div><\/div><\/div><\/div><\/div><\/p>\n","protected":false},"excerpt":{"rendered":"","protected":false},"author":1,"featured_media":0,"parent":0,"menu_order":7,"comment_status":"closed","ping_status":"closed","template":"","meta":{"footnotes":""},"class_list":["post-234428","page","type-page","status-publish","hentry"],"yoast_head":"<!-- This site is optimized with the Yoast SEO plugin v27.4 - https:\/\/yoast.com\/product\/yoast-seo-wordpress\/ -->\n<title>Cursus Vrachttransfer (VVL) | Voor de Nederlandse industrie<\/title>\n<meta name=\"description\" content=\"Cursus Krovini\u0173 perk\u0117limas (VVL). Laikykit\u0117s Nyderland\u0173 standart\u0173, reikalaujan\u010di\u0173 galiojan\u010dio ARBO diplomo.\" \/>\n<meta name=\"robots\" content=\"index, follow, max-snippet:-1, max-image-preview:large, max-video-preview:-1\" \/>\n<link rel=\"canonical\" href=\"https:\/\/www.elcony.com\/lt\/kroviniu-perkelimas\/\" \/>\n<script type=\"application\/ld+json\" class=\"yoast-schema-graph\">{\"@context\":\"https:\\\/\\\/schema.org\",\"@graph\":[{\"@type\":\"WebPage\",\"@id\":\"https:\\\/\\\/www.elcony.com\\\/lt\\\/kroviniu-perkelimas\\\/\",\"url\":\"https:\\\/\\\/www.elcony.com\\\/lt\\\/kroviniu-perkelimas\\\/\",\"name\":\"Cursus Vrachttransfer (VVL) | Voor de Nederlandse industrie\",\"isPartOf\":{\"@id\":\"https:\\\/\\\/www.elcony.com\\\/it\\\/#website\"},\"datePublished\":\"2023-11-26T13:23:55+00:00\",\"dateModified\":\"2023-11-26T13:23:58+00:00\",\"description\":\"Cursus Krovini\u0173 perk\u0117limas (VVL). Laikykit\u0117s Nyderland\u0173 standart\u0173, reikalaujan\u010di\u0173 galiojan\u010dio ARBO diplomo.\",\"breadcrumb\":{\"@id\":\"https:\\\/\\\/www.elcony.com\\\/lt\\\/kroviniu-perkelimas\\\/#breadcrumb\"},\"inLanguage\":\"lt-LT\",\"potentialAction\":[{\"@type\":\"ReadAction\",\"target\":[\"https:\\\/\\\/www.elcony.com\\\/lt\\\/kroviniu-perkelimas\\\/\"]}]},{\"@type\":\"BreadcrumbList\",\"@id\":\"https:\\\/\\\/www.elcony.com\\\/lt\\\/kroviniu-perkelimas\\\/#breadcrumb\",\"itemListElement\":[{\"@type\":\"ListItem\",\"position\":1,\"name\":\"Home\",\"item\":\"https:\\\/\\\/www.elcony.com\\\/lt\\\/\"},{\"@type\":\"ListItem\",\"position\":2,\"name\":\"Krovini\u0173 perk\u0117limas\"}]},{\"@type\":\"WebSite\",\"@id\":\"https:\\\/\\\/www.elcony.com\\\/it\\\/#website\",\"url\":\"https:\\\/\\\/www.elcony.com\\\/it\\\/\",\"name\":\"ELCONY\",\"description\":\"ARBO, VCA en SOG Opleidingen\",\"potentialAction\":[{\"@type\":\"SearchAction\",\"target\":{\"@type\":\"EntryPoint\",\"urlTemplate\":\"https:\\\/\\\/www.elcony.com\\\/it\\\/?s={search_term_string}\"},\"query-input\":{\"@type\":\"PropertyValueSpecification\",\"valueRequired\":true,\"valueName\":\"search_term_string\"}}],\"inLanguage\":\"lt-LT\"}]}<\/script>\n<!-- \/ Yoast SEO plugin. -->","yoast_head_json":{"title":"Cursus Vrachttransfer (VVL) | Voor de Nederlandse industrie","description":"Cursus Krovini\u0173 perk\u0117limas (VVL). Laikykit\u0117s Nyderland\u0173 standart\u0173, reikalaujan\u010di\u0173 galiojan\u010dio ARBO diplomo.","robots":{"index":"index","follow":"follow","max-snippet":"max-snippet:-1","max-image-preview":"max-image-preview:large","max-video-preview":"max-video-preview:-1"},"canonical":"https:\/\/www.elcony.com\/lt\/kroviniu-perkelimas\/","schema":{"@context":"https:\/\/schema.org","@graph":[{"@type":"WebPage","@id":"https:\/\/www.elcony.com\/lt\/kroviniu-perkelimas\/","url":"https:\/\/www.elcony.com\/lt\/kroviniu-perkelimas\/","name":"Cursus Vrachttransfer (VVL) | Voor de Nederlandse industrie","isPartOf":{"@id":"https:\/\/www.elcony.com\/it\/#website"},"datePublished":"2023-11-26T13:23:55+00:00","dateModified":"2023-11-26T13:23:58+00:00","description":"Cursus Krovini\u0173 perk\u0117limas (VVL). Laikykit\u0117s Nyderland\u0173 standart\u0173, reikalaujan\u010di\u0173 galiojan\u010dio ARBO diplomo.","breadcrumb":{"@id":"https:\/\/www.elcony.com\/lt\/kroviniu-perkelimas\/#breadcrumb"},"inLanguage":"lt-LT","potentialAction":[{"@type":"ReadAction","target":["https:\/\/www.elcony.com\/lt\/kroviniu-perkelimas\/"]}]},{"@type":"BreadcrumbList","@id":"https:\/\/www.elcony.com\/lt\/kroviniu-perkelimas\/#breadcrumb","itemListElement":[{"@type":"ListItem","position":1,"name":"Home","item":"https:\/\/www.elcony.com\/lt\/"},{"@type":"ListItem","position":2,"name":"Krovini\u0173 perk\u0117limas"}]},{"@type":"WebSite","@id":"https:\/\/www.elcony.com\/it\/#website","url":"https:\/\/www.elcony.com\/it\/","name":"ELCONY","description":"ARBO, VCA en SOG Opleidingen","potentialAction":[{"@type":"SearchAction","target":{"@type":"EntryPoint","urlTemplate":"https:\/\/www.elcony.com\/it\/?s={search_term_string}"},"query-input":{"@type":"PropertyValueSpecification","valueRequired":true,"valueName":"search_term_string"}}],"inLanguage":"lt-LT"}]}},"_links":{"self":[{"href":"https:\/\/www.elcony.com\/lt\/wp-json\/wp\/v2\/pages\/234428","targetHints":{"allow":["GET"]}}],"collection":[{"href":"https:\/\/www.elcony.com\/lt\/wp-json\/wp\/v2\/pages"}],"about":[{"href":"https:\/\/www.elcony.com\/lt\/wp-json\/wp\/v2\/types\/page"}],"author":[{"embeddable":true,"href":"https:\/\/www.elcony.com\/lt\/wp-json\/wp\/v2\/users\/1"}],"replies":[{"embeddable":true,"href":"https:\/\/www.elcony.com\/lt\/wp-json\/wp\/v2\/comments?post=234428"}],"version-history":[{"count":0,"href":"https:\/\/www.elcony.com\/lt\/wp-json\/wp\/v2\/pages\/234428\/revisions"}],"wp:attachment":[{"href":"https:\/\/www.elcony.com\/lt\/wp-json\/wp\/v2\/media?parent=234428"}],"curies":[{"name":"wp","href":"https:\/\/api.w.org\/{rel}","templated":true}]}}