{"id":307383,"date":"2024-07-04T10:37:18","date_gmt":"2024-07-04T08:37:18","guid":{"rendered":"https:\/\/www.elcony.com\/atex\/"},"modified":"2025-03-20T23:53:07","modified_gmt":"2025-03-20T22:53:07","slug":"atex","status":"publish","type":"page","link":"https:\/\/www.elcony.com\/lt\/atex\/","title":{"rendered":"ATEX"},"content":{"rendered":"<div class=\"fusion-fullwidth fullwidth-box fusion-builder-row-1 nonhundred-percent-fullwidth non-hundred-percent-height-scrolling\" style=\"--awb-border-radius-top-left:0px;--awb-border-radius-top-right:0px;--awb-border-radius-bottom-right:0px;--awb-border-radius-bottom-left:0px;--awb-flex-wrap:wrap;\" ><div class=\"fusion-builder-row fusion-row\"><div class=\"fusion-layout-column fusion_builder_column fusion-builder-column-0 fusion_builder_column_1_5 1_5 fusion-one-fifth fusion-column-first\" style=\"--awb-bg-size:cover;width:20%;width:calc(20% - ( ( 4% + 4% ) * 0.2 ) );margin-right: 4%;\"><div class=\"fusion-column-wrapper fusion-flex-column-wrapper-legacy\"><div class=\"fusion-clearfix\"><\/div><\/div><\/div><div class=\"fusion-layout-column fusion_builder_column fusion-builder-column-1 fusion_builder_column_3_5 3_5 fusion-three-fifth\" style=\"--awb-padding-bottom:20x;--awb-bg-size:cover;--awb-margin-top:0px;--awb-margin-bottom:0px;width:60%;width:calc(60% - ( ( 4% + 4% ) * 0.6 ) );margin-right: 4%;\"><div class=\"fusion-column-wrapper fusion-flex-column-wrapper-legacy\"><div class=\"fusion-text fusion-text-1\"><h1>ATEX S\u0105moningumas (ATEX Awareness)<\/h1>\n<\/div><div class=\"fusion-text fusion-text-2\"><h3>Internetinis kursas su egzaminu<\/h3>\n<\/div><div class=\"fusion-sep-clear\"><\/div><div class=\"fusion-separator fusion-full-width-sep\" style=\"margin-left: auto;margin-right: auto;margin-top:10px;width:100%;\"><\/div><div class=\"fusion-sep-clear\"><\/div><ul style=\"--awb-line-height:30.6px;--awb-icon-width:30.6px;--awb-icon-height:30.6px;--awb-icon-margin:12.6px;--awb-content-margin:43.2px;--awb-circlecolor:#5894e8;--awb-circle-yes-font-size:15.84px;\" class=\"fusion-checklist fusion-checklist-1 fusion-checklist-default type-icons\"><li class=\"fusion-li-item\" style=\"\"><span class=\"icon-wrapper circle-yes\"><i class=\"fusion-li-icon awb-icon-check\" aria-hidden=\"true\"><\/i><\/span><div class=\"fusion-li-item-content\">\n<p>Galite rinktis i\u0161 keli\u0173 kalb\u0173.<\/p>\n<\/div><\/li><li class=\"fusion-li-item\" style=\"\"><span class=\"icon-wrapper circle-yes\"><i class=\"fusion-li-icon awb-icon-check\" aria-hidden=\"true\"><\/i><\/span><div class=\"fusion-li-item-content\">\n<p>Atlikite egzamin\u0105, kada tik jums patogu.<\/p>\n<\/div><\/li><\/ul><div class=\"fusion-sep-clear\"><\/div><div class=\"fusion-separator fusion-full-width-sep\" style=\"margin-left: auto;margin-right: auto;margin-top:20px;width:100%;\"><\/div><div class=\"fusion-sep-clear\"><\/div><div class=\"fusion-button-wrapper\"><a class=\"fusion-button button-3d fusion-button-default-size button-default fusion-button-default button-1 fusion-button-default-span fusion-button-default-type fusion-animated\" data-animationType=\"fadeInUp\" data-animationDuration=\"1.0\" data-animationOffset=\"top-into-view\" target=\"_self\" href=\"https:\/\/www.elcony.com\/lt\/produktas\/307723\/\"><span class=\"fusion-button-text awb-button__text awb-button__text--default\">U\u017esakykite \u20ac 99,00 be PVM<\/span><\/a><\/div><div class=\"fusion-sep-clear\"><\/div><div class=\"fusion-separator fusion-full-width-sep\" style=\"margin-left: auto;margin-right: auto;margin-top:20px;width:100%;\"><\/div><div class=\"fusion-sep-clear\"><\/div><div class=\"fusion-text fusion-text-3\"><h3>Tikslin\u0117 grup\u0117<\/h3>\n<p>Norint saugiai dirbti sprogioje aplinkoje, b\u016btina laikytis ATEX direktyv\u0173 nustatyt\u0173 standart\u0173. Asmenys, turintys ATEX S\u0105moningumo (ATEX Awareness) kompetencij\u0105, turi \u0161ios srities ekspertiz\u0119 ir yra atsakingi u\u017e saugumo gairi\u0173 laikym\u0105si savo darbo srityje. Be to, jie turi pakankamai \u017eini\u0173 apie sprogios aplinkos taisykles ir reglamentus.<\/p>\n<h3>Mokymosi tikslas<\/h3>\n<p>ATEX S\u0105moningumo mokymai yra b\u016btini visiems darbuotojams, kuriems pagal j\u0173 funkcijas reikia suprasti ir veikti pagal sprogios aplinkos taisykles. Mokymai apima bendruosius aspektus, kurie yra esminiai norint saugiai valdyti darbus tokiose aplinkose.<\/p>\n<h3>Teorija<\/h3>\n<p>Darbo saugos \u012fstatymai ir reglamentai.<br \/>\nApibr\u0117\u017eimai ir s\u0105vokos.<br \/>\nGaisro ir sprogimo pavojus.<br \/>\nATEX Direktyvos.<br \/>\nDarbas su degiosiomis med\u017eiagomis.<\/p>\n<h3>Internetinis kursas<\/h3>\n<p>Kurs\u0105 sudaro pamokos, kurias galite mokytis savo telefone, plan\u0161et\u0117je ar kompiuteryje. Mokymosi med\u017eiag\u0105 galite per\u017ei\u016br\u0117ti tiek kart\u0173, kiek norite. Taip b\u016bsite maksimaliai pasiruo\u0161\u0119 egzaminui, kuriuo baigiamas e-mokymosi modulis. Jei pasieksite pakankamai ger\u0105 rezultat\u0105, mes atsi\u0173sime jums sertifikat\u0105.<\/p>\n<h3>Sertifikatas<\/h3>\n<p>Sertifikatas galioja trejus metus. Tai rei\u0161kia, kad po trej\u0173 met\u0173 j\u012f reikia atnaujinti, kad b\u016bt\u0173 patvirtintos \u017einios ir \u012fg\u016bd\u017eiai, susij\u0119 su sprogiomis aplinkomis. Baig\u0119 \u0161\u012f kurs\u0105, tiek darbdavys, tiek darbuotojas atitinka Darbo s\u0105lyg\u0173 \u012fstatyme (Arbowet) nustatytus reikalavimus d\u0117l pakankamo instruktavimo ir \u012frodytos kompetencijos.<\/p>\n<\/div><div class=\"fusion-clearfix\"><\/div><\/div><\/div><div class=\"fusion-layout-column fusion_builder_column fusion-builder-column-2 fusion_builder_column_1_5 1_5 fusion-one-fifth fusion-column-last\" style=\"--awb-bg-size:cover;width:20%;width:calc(20% - ( ( 4% + 4% ) * 0.2 ) );\"><div class=\"fusion-column-wrapper fusion-flex-column-wrapper-legacy\"><div class=\"fusion-clearfix\"><\/div><\/div><\/div><\/div><\/div>\n","protected":false},"excerpt":{"rendered":"","protected":false},"author":1,"featured_media":0,"parent":0,"menu_order":3,"comment_status":"closed","ping_status":"closed","template":"","meta":{"footnotes":""},"class_list":["post-307383","page","type-page","status-publish","hentry"],"yoast_head":"<!-- This site is optimized with the Yoast SEO plugin v27.6 - https:\/\/yoast.com\/product\/yoast-seo-wordpress\/ -->\n<title>Internetinis ATEX S\u0105moningumo kursas (ATEX Awareness) | ELCONY<\/title>\n<meta name=\"description\" content=\"Atitinkame Nyderland\u0173 standartus, kuriems reikalingas galiojantis sertifikatas.\" \/>\n<meta name=\"robots\" content=\"index, follow, max-snippet:-1, max-image-preview:large, max-video-preview:-1\" \/>\n<link rel=\"canonical\" href=\"https:\/\/www.elcony.com\/lt\/atex\/\" \/>\n<script type=\"application\/ld+json\" class=\"yoast-schema-graph\">{\"@context\":\"https:\\\/\\\/schema.org\",\"@graph\":[{\"@type\":\"WebPage\",\"@id\":\"https:\\\/\\\/www.elcony.com\\\/lt\\\/atex\\\/\",\"url\":\"https:\\\/\\\/www.elcony.com\\\/lt\\\/atex\\\/\",\"name\":\"Internetinis ATEX S\u0105moningumo kursas (ATEX Awareness) | ELCONY\",\"isPartOf\":{\"@id\":\"https:\\\/\\\/www.elcony.com\\\/it\\\/#website\"},\"datePublished\":\"2024-07-04T08:37:18+00:00\",\"dateModified\":\"2025-03-20T22:53:07+00:00\",\"description\":\"Atitinkame Nyderland\u0173 standartus, kuriems reikalingas galiojantis sertifikatas.\",\"breadcrumb\":{\"@id\":\"https:\\\/\\\/www.elcony.com\\\/lt\\\/atex\\\/#breadcrumb\"},\"inLanguage\":\"lt-LT\",\"potentialAction\":[{\"@type\":\"ReadAction\",\"target\":[\"https:\\\/\\\/www.elcony.com\\\/lt\\\/atex\\\/\"]}]},{\"@type\":\"BreadcrumbList\",\"@id\":\"https:\\\/\\\/www.elcony.com\\\/lt\\\/atex\\\/#breadcrumb\",\"itemListElement\":[{\"@type\":\"ListItem\",\"position\":1,\"name\":\"Home\",\"item\":\"https:\\\/\\\/www.elcony.com\\\/lt\\\/\"},{\"@type\":\"ListItem\",\"position\":2,\"name\":\"ATEX\"}]},{\"@type\":\"WebSite\",\"@id\":\"https:\\\/\\\/www.elcony.com\\\/it\\\/#website\",\"url\":\"https:\\\/\\\/www.elcony.com\\\/it\\\/\",\"name\":\"ELCONY\",\"description\":\"ARBO, VCA en SOG Opleidingen\",\"potentialAction\":[{\"@type\":\"SearchAction\",\"target\":{\"@type\":\"EntryPoint\",\"urlTemplate\":\"https:\\\/\\\/www.elcony.com\\\/it\\\/?s={search_term_string}\"},\"query-input\":{\"@type\":\"PropertyValueSpecification\",\"valueRequired\":true,\"valueName\":\"search_term_string\"}}],\"inLanguage\":\"lt-LT\"}]}<\/script>\n<!-- \/ Yoast SEO plugin. -->","yoast_head_json":{"title":"Internetinis ATEX S\u0105moningumo kursas (ATEX Awareness) | ELCONY","description":"Atitinkame Nyderland\u0173 standartus, kuriems reikalingas galiojantis sertifikatas.","robots":{"index":"index","follow":"follow","max-snippet":"max-snippet:-1","max-image-preview":"max-image-preview:large","max-video-preview":"max-video-preview:-1"},"canonical":"https:\/\/www.elcony.com\/lt\/atex\/","schema":{"@context":"https:\/\/schema.org","@graph":[{"@type":"WebPage","@id":"https:\/\/www.elcony.com\/lt\/atex\/","url":"https:\/\/www.elcony.com\/lt\/atex\/","name":"Internetinis ATEX S\u0105moningumo kursas (ATEX Awareness) | ELCONY","isPartOf":{"@id":"https:\/\/www.elcony.com\/it\/#website"},"datePublished":"2024-07-04T08:37:18+00:00","dateModified":"2025-03-20T22:53:07+00:00","description":"Atitinkame Nyderland\u0173 standartus, kuriems reikalingas galiojantis sertifikatas.","breadcrumb":{"@id":"https:\/\/www.elcony.com\/lt\/atex\/#breadcrumb"},"inLanguage":"lt-LT","potentialAction":[{"@type":"ReadAction","target":["https:\/\/www.elcony.com\/lt\/atex\/"]}]},{"@type":"BreadcrumbList","@id":"https:\/\/www.elcony.com\/lt\/atex\/#breadcrumb","itemListElement":[{"@type":"ListItem","position":1,"name":"Home","item":"https:\/\/www.elcony.com\/lt\/"},{"@type":"ListItem","position":2,"name":"ATEX"}]},{"@type":"WebSite","@id":"https:\/\/www.elcony.com\/it\/#website","url":"https:\/\/www.elcony.com\/it\/","name":"ELCONY","description":"ARBO, VCA en SOG Opleidingen","potentialAction":[{"@type":"SearchAction","target":{"@type":"EntryPoint","urlTemplate":"https:\/\/www.elcony.com\/it\/?s={search_term_string}"},"query-input":{"@type":"PropertyValueSpecification","valueRequired":true,"valueName":"search_term_string"}}],"inLanguage":"lt-LT"}]}},"_links":{"self":[{"href":"https:\/\/www.elcony.com\/lt\/wp-json\/wp\/v2\/pages\/307383","targetHints":{"allow":["GET"]}}],"collection":[{"href":"https:\/\/www.elcony.com\/lt\/wp-json\/wp\/v2\/pages"}],"about":[{"href":"https:\/\/www.elcony.com\/lt\/wp-json\/wp\/v2\/types\/page"}],"author":[{"embeddable":true,"href":"https:\/\/www.elcony.com\/lt\/wp-json\/wp\/v2\/users\/1"}],"replies":[{"embeddable":true,"href":"https:\/\/www.elcony.com\/lt\/wp-json\/wp\/v2\/comments?post=307383"}],"version-history":[{"count":0,"href":"https:\/\/www.elcony.com\/lt\/wp-json\/wp\/v2\/pages\/307383\/revisions"}],"wp:attachment":[{"href":"https:\/\/www.elcony.com\/lt\/wp-json\/wp\/v2\/media?parent=307383"}],"curies":[{"name":"wp","href":"https:\/\/api.w.org\/{rel}","templated":true}]}}