{"id":337813,"date":"2025-01-14T23:02:18","date_gmt":"2025-01-14T22:02:18","guid":{"rendered":"https:\/\/www.elcony.com\/ivadas\/"},"modified":"2025-12-11T19:54:44","modified_gmt":"2025-12-11T18:54:44","slug":"onboarding","status":"publish","type":"page","link":"https:\/\/www.elcony.com\/lt\/onboarding\/","title":{"rendered":"Onboarding"},"content":{"rendered":"<div class=\"fusion-fullwidth fullwidth-box fusion-builder-row-1 fusion-flex-container has-pattern-background has-mask-background nonhundred-percent-fullwidth non-hundred-percent-height-scrolling\" style=\"--awb-border-radius-top-left:0px;--awb-border-radius-top-right:0px;--awb-border-radius-bottom-right:0px;--awb-border-radius-bottom-left:0px;--awb-flex-wrap:wrap;\" ><div class=\"fusion-builder-row fusion-row fusion-flex-align-items-flex-start fusion-flex-content-wrap\" style=\"max-width:101%;margin-left: calc(-1% \/ 2 );margin-right: calc(-1% \/ 2 );\"><div class=\"fusion-layout-column fusion_builder_column fusion-builder-column-0 fusion_builder_column_1_5 1_5 fusion-flex-column\" style=\"--awb-bg-size:cover;--awb-width-large:20%;--awb-margin-top-large:5px;--awb-spacing-right-large:2.475%;--awb-margin-bottom-large:5px;--awb-spacing-left-large:2.475%;--awb-width-medium:100%;--awb-order-medium:0;--awb-spacing-right-medium:0.495%;--awb-spacing-left-medium:0.495%;--awb-width-small:100%;--awb-order-small:0;--awb-spacing-right-small:0.495%;--awb-spacing-left-small:0.495%;\"><div class=\"fusion-column-wrapper fusion-column-has-shadow fusion-flex-justify-content-flex-start fusion-content-layout-column\"><\/div><\/div><div class=\"fusion-layout-column fusion_builder_column fusion-builder-column-1 fusion_builder_column_3_5 3_5 fusion-flex-column\" style=\"--awb-bg-size:cover;--awb-width-large:60%;--awb-margin-top-large:5px;--awb-spacing-right-large:0.825%;--awb-margin-bottom-large:5px;--awb-spacing-left-large:0.825%;--awb-width-medium:100%;--awb-order-medium:0;--awb-spacing-right-medium:0.495%;--awb-spacing-left-medium:0.495%;--awb-width-small:100%;--awb-order-small:0;--awb-spacing-right-small:0.495%;--awb-spacing-left-small:0.495%;\"><div class=\"fusion-column-wrapper fusion-column-has-shadow fusion-flex-justify-content-flex-start fusion-content-layout-column\"><div class=\"fusion-text fusion-text-1\"><h3>Internetinis \u012fvadas<\/h3>\n<p>Projektinio darbo pasaulis, pavyzd\u017eiui, veiklos sustabdymo periodai (turnarounds) ir technin\u0117s prie\u017ei\u016bros projektai, spar\u010diai kei\u010diasi. \u0160iais laikais yra sud\u0117tinga rasti tinkam\u0105 personal\u0105, turint\u012f reikalingas \u017einias ir patirties. \u012emon\u0117 ELCONY tai supranta ir si\u016blo \u012fmon\u0117ms efektyv\u0173 ir patikim\u0105 sprendim\u0105: suasmenint\u0105 internetin\u012f \u012fvad\u0105. Tokiu b\u016bdu u\u017etikriname, kad kiekvienas darbuotojas, nesvarbu kur pasaulyje jis b\u016bt\u0173, b\u016bt\u0173 visi\u0161kai paruo\u0161tas prie\u0161 prad\u0117damas savo darb\u0105.<\/p>\n<h3>Kalbini\u0173 barjer\u0173 \u012fveikimas ir kompetencijos u\u017etikrinimas<\/h3>\n<p>Viena did\u017eiausi\u0173 kli\u016b\u010di\u0173 daugeliui \u012fmoni\u0173 yra kalbinis barjeras. \u012emon\u0117je ELCONY sprend\u017eiame \u0161i\u0105 problem\u0105, si\u016blydami savo \u012fvadines programas net 20 kalb\u0173. Tai rei\u0161kia, kad galite b\u016bti tikri, jog visi j\u016bs\u0173 darbuotojai, nepaisant j\u0173 kalbin\u0117s aplinkos, puikiai supras ir gal\u0117s taikyti saugos taisykles bei \u012fmon\u0117s gaires.<\/p>\n<h3>Neatid\u0117liotinas saugos ir kokyb\u0117s patikrinimas<\/h3>\n<p>Profesin\u0117 kompetencija yra itin svarbi, ypa\u010d kai darbuotojai siun\u010diami \u012f auk\u0161tos rizikos vietas. M\u016bs\u0173 internetinis \u012fvadas apima testus, kurie leid\u017eia \u012fvertinti kiekvieno darbuotojo \u017einias ir \u012fg\u016bd\u017eius. Tai padeda \u012fmon\u0117ms greitai nustatyti, ar darbuotojas atitinka reikalingus saugos ir kokyb\u0117s standartus.<\/p>\n<h3>Sertifikatai ir individualus pritaikymas vienoje platformoje<\/h3>\n<p>Nors daugelis imigrant\u0173 darbuotoj\u0173 jau turi sertifikatus, j\u0173 vert\u0117 gali skirtis priklausomai nuo \u0161alies. M\u016bs\u0173 platforma leid\u017eia greitai ir efektyviai patikrinti tarptautinius sertifikatus, kad visada atitiktum\u0117te auk\u0161\u010diausius saugos standartus. Be to, jei reikia, \u012f m\u016bs\u0173 \u012fvadin\u012f proces\u0105 galime integruoti konkre\u010dias \u012fmon\u0117s ar objekto taisykles, kad darbuotojai i\u0161kart b\u016bt\u0173 informuoti apie j\u016bs\u0173 lokacijoje galiojan\u010dius nurodymus.<\/p>\n<h3>Efektyvu ir pritaikyta j\u016bs\u0173 \u012fmon\u0117s poreikiams<\/h3>\n<p>Naudodamiesi ELCONY, sutaupote laiko ir l\u0117\u0161\u0173 d\u0117l optimizuoto \u012fvado proceso, neprarasdami saugos ar profesinio kompetentingumo lygio. M\u016bs\u0173 platforma suteikia visapusi\u0161k\u0105 j\u016bs\u0173 darbuotoj\u0173 kompetencij\u0173 ap\u017evalg\u0105. Greitai galite matyti, kas atitinka reikalavimus ir kam reikia papildom\u0173 mokym\u0173. Taip galite efektyviai paskirstyti personal\u0105 be nereikalingo mokym\u0173 kartojimo.<\/p>\n<h3>Kvalifikuoti darbuotojai, visada naujausios b\u016bkl\u0117s<\/h3>\n<p>ELCONY si\u016blo daugiau nei vien bazinius sprendimus. M\u016bs\u0173 platforma leid\u017eia jums atid\u017eiai sekti darbuotoj\u0173 tobul\u0117jim\u0105. Pradedant bazin\u0117mis \u017einiomis ir baigiant pa\u017eangiais profesiniais \u012fg\u016bd\u017eiais, m\u016bs\u0173 sistema registruoja, kokie mokymai ir testai s\u0117kmingai \u012fveikti. Tai rei\u0161kia, kad darbuotojas, kuris jau anks\u010diau pra\u0117jo \u012fvado proces\u0105, neturi jo be reikalo kartoti. Taip optimizuojame proces\u0105 ir u\u017etikriname, kad visi gal\u0117t\u0173 efektyviai prad\u0117ti darb\u0105.<\/p>\n<h3>Pasireng\u0119 optimizuoti savo \u012fvado proces\u0105?<\/h3>\n<p>Kartu su ELCONY gaunate patyrus\u012f partner\u012f, kuris efektyviai ir veiksmingai paruo\u0161ia j\u016bs\u0173 darbuotojus j\u0173 u\u017eduotims. Susisiekite su mumis jau \u0161iandien, kad su\u017einotum\u0117te, kaip galime pad\u0117ti j\u016bs\u0173 \u012fmonei.<\/p>\n<p>D\u0117l daugiau informacijos arba nor\u0117dami u\u017esiregistruoti, skambinkite <strong>+31(0)88-2200100<\/strong> arba ra\u0161ykite el. pa\u0161tu <a href=\"&#x6d;&#x61;&#105;l&#x74;&#x6f;&#58;&#105;n&#x66;&#x6f;&#64;&#101;l&#x63;&#x6f;&#110;y&#46;&#x63;&#x6f;&#109;\"><strong>i&#110;&#x66;&#x6f;&#64;&#101;&#108;&#x63;&#x6f;n&#121;&#46;&#x63;&#x6f;m<\/strong><\/a>.<\/p>\n<\/div><\/div><\/div><div class=\"fusion-layout-column fusion_builder_column fusion-builder-column-2 fusion_builder_column_1_5 1_5 fusion-flex-column\" style=\"--awb-bg-size:cover;--awb-width-large:20%;--awb-margin-top-large:5px;--awb-spacing-right-large:2.475%;--awb-margin-bottom-large:5px;--awb-spacing-left-large:2.475%;--awb-width-medium:100%;--awb-order-medium:0;--awb-spacing-right-medium:0.495%;--awb-spacing-left-medium:0.495%;--awb-width-small:100%;--awb-order-small:0;--awb-spacing-right-small:0.495%;--awb-spacing-left-small:0.495%;\"><div class=\"fusion-column-wrapper fusion-column-has-shadow fusion-flex-justify-content-flex-start fusion-content-layout-column\"><\/div><\/div><\/div><\/div>\n","protected":false},"excerpt":{"rendered":"","protected":false},"author":1,"featured_media":0,"parent":0,"menu_order":0,"comment_status":"closed","ping_status":"closed","template":"","meta":{"footnotes":""},"class_list":["post-337813","page","type-page","status-publish","hentry"],"yoast_head":"<!-- This site is optimized with the Yoast SEO plugin v27.4 - https:\/\/yoast.com\/product\/yoast-seo-wordpress\/ -->\n<title>Onboarding &#8226; ELCONY<\/title>\n<meta name=\"robots\" content=\"index, follow, max-snippet:-1, max-image-preview:large, max-video-preview:-1\" \/>\n<link rel=\"canonical\" href=\"https:\/\/www.elcony.com\/lt\/onboarding\/\" \/>\n<script type=\"application\/ld+json\" class=\"yoast-schema-graph\">{\"@context\":\"https:\\\/\\\/schema.org\",\"@graph\":[{\"@type\":\"WebPage\",\"@id\":\"https:\\\/\\\/www.elcony.com\\\/lt\\\/onboarding\\\/\",\"url\":\"https:\\\/\\\/www.elcony.com\\\/lt\\\/onboarding\\\/\",\"name\":\"Onboarding &#8226; ELCONY\",\"isPartOf\":{\"@id\":\"https:\\\/\\\/www.elcony.com\\\/it\\\/#website\"},\"datePublished\":\"2025-01-14T22:02:18+00:00\",\"dateModified\":\"2025-12-11T18:54:44+00:00\",\"breadcrumb\":{\"@id\":\"https:\\\/\\\/www.elcony.com\\\/lt\\\/onboarding\\\/#breadcrumb\"},\"inLanguage\":\"lt-LT\",\"potentialAction\":[{\"@type\":\"ReadAction\",\"target\":[\"https:\\\/\\\/www.elcony.com\\\/lt\\\/onboarding\\\/\"]}]},{\"@type\":\"BreadcrumbList\",\"@id\":\"https:\\\/\\\/www.elcony.com\\\/lt\\\/onboarding\\\/#breadcrumb\",\"itemListElement\":[{\"@type\":\"ListItem\",\"position\":1,\"name\":\"Home\",\"item\":\"https:\\\/\\\/www.elcony.com\\\/lt\\\/\"},{\"@type\":\"ListItem\",\"position\":2,\"name\":\"Onboarding\"}]},{\"@type\":\"WebSite\",\"@id\":\"https:\\\/\\\/www.elcony.com\\\/it\\\/#website\",\"url\":\"https:\\\/\\\/www.elcony.com\\\/it\\\/\",\"name\":\"ELCONY\",\"description\":\"ARBO, VCA en SOG Opleidingen\",\"potentialAction\":[{\"@type\":\"SearchAction\",\"target\":{\"@type\":\"EntryPoint\",\"urlTemplate\":\"https:\\\/\\\/www.elcony.com\\\/it\\\/?s={search_term_string}\"},\"query-input\":{\"@type\":\"PropertyValueSpecification\",\"valueRequired\":true,\"valueName\":\"search_term_string\"}}],\"inLanguage\":\"lt-LT\"}]}<\/script>\n<!-- \/ Yoast SEO plugin. -->","yoast_head_json":{"title":"Onboarding &#8226; ELCONY","robots":{"index":"index","follow":"follow","max-snippet":"max-snippet:-1","max-image-preview":"max-image-preview:large","max-video-preview":"max-video-preview:-1"},"canonical":"https:\/\/www.elcony.com\/lt\/onboarding\/","schema":{"@context":"https:\/\/schema.org","@graph":[{"@type":"WebPage","@id":"https:\/\/www.elcony.com\/lt\/onboarding\/","url":"https:\/\/www.elcony.com\/lt\/onboarding\/","name":"Onboarding &#8226; ELCONY","isPartOf":{"@id":"https:\/\/www.elcony.com\/it\/#website"},"datePublished":"2025-01-14T22:02:18+00:00","dateModified":"2025-12-11T18:54:44+00:00","breadcrumb":{"@id":"https:\/\/www.elcony.com\/lt\/onboarding\/#breadcrumb"},"inLanguage":"lt-LT","potentialAction":[{"@type":"ReadAction","target":["https:\/\/www.elcony.com\/lt\/onboarding\/"]}]},{"@type":"BreadcrumbList","@id":"https:\/\/www.elcony.com\/lt\/onboarding\/#breadcrumb","itemListElement":[{"@type":"ListItem","position":1,"name":"Home","item":"https:\/\/www.elcony.com\/lt\/"},{"@type":"ListItem","position":2,"name":"Onboarding"}]},{"@type":"WebSite","@id":"https:\/\/www.elcony.com\/it\/#website","url":"https:\/\/www.elcony.com\/it\/","name":"ELCONY","description":"ARBO, VCA en SOG Opleidingen","potentialAction":[{"@type":"SearchAction","target":{"@type":"EntryPoint","urlTemplate":"https:\/\/www.elcony.com\/it\/?s={search_term_string}"},"query-input":{"@type":"PropertyValueSpecification","valueRequired":true,"valueName":"search_term_string"}}],"inLanguage":"lt-LT"}]}},"_links":{"self":[{"href":"https:\/\/www.elcony.com\/lt\/wp-json\/wp\/v2\/pages\/337813","targetHints":{"allow":["GET"]}}],"collection":[{"href":"https:\/\/www.elcony.com\/lt\/wp-json\/wp\/v2\/pages"}],"about":[{"href":"https:\/\/www.elcony.com\/lt\/wp-json\/wp\/v2\/types\/page"}],"author":[{"embeddable":true,"href":"https:\/\/www.elcony.com\/lt\/wp-json\/wp\/v2\/users\/1"}],"replies":[{"embeddable":true,"href":"https:\/\/www.elcony.com\/lt\/wp-json\/wp\/v2\/comments?post=337813"}],"version-history":[{"count":3,"href":"https:\/\/www.elcony.com\/lt\/wp-json\/wp\/v2\/pages\/337813\/revisions"}],"predecessor-version":[{"id":388974,"href":"https:\/\/www.elcony.com\/lt\/wp-json\/wp\/v2\/pages\/337813\/revisions\/388974"}],"wp:attachment":[{"href":"https:\/\/www.elcony.com\/lt\/wp-json\/wp\/v2\/media?parent=337813"}],"curies":[{"name":"wp","href":"https:\/\/api.w.org\/{rel}","templated":true}]}}