{"id":306695,"date":"2024-03-22T15:45:45","date_gmt":"2024-06-28T11:52:46","guid":{"rendered":"https:\/\/www.elcony.com\/product\/pakankamai-apmokytas-asmuo-vop-pagal-nen-3140-internetinis-kursas-internetinis-egzaminas\/"},"modified":"2025-11-10T17:49:31","modified_gmt":"2025-11-10T16:49:31","slug":"306695","status":"publish","type":"product","link":"https:\/\/www.elcony.com\/lt\/produktas\/306695\/","title":{"rendered":"Pakankamai Apmokytas Asmuo (VOP) NEN 3140 &#8211; internetinis kursas + internetinis egzaminas"},"content":{"rendered":"<div class=\"fusion-fullwidth fullwidth-box fusion-builder-row-1 fusion-flex-container has-pattern-background has-mask-background nonhundred-percent-fullwidth non-hundred-percent-height-scrolling\" style=\"--awb-border-radius-top-left:0px;--awb-border-radius-top-right:0px;--awb-border-radius-bottom-right:0px;--awb-border-radius-bottom-left:0px;--awb-flex-wrap:wrap;\" ><div class=\"fusion-builder-row fusion-row fusion-flex-align-items-flex-start fusion-flex-content-wrap\" style=\"max-width:101%;margin-left: calc(-1% \/ 2 );margin-right: calc(-1% \/ 2 );\"><div class=\"fusion-layout-column fusion_builder_column fusion-builder-column-0 fusion_builder_column_1_1 1_1 fusion-flex-column\" style=\"--awb-bg-size:cover;--awb-width-large:100%;--awb-margin-top-large:5px;--awb-spacing-right-large:0.495%;--awb-margin-bottom-large:5px;--awb-spacing-left-large:0.495%;--awb-width-medium:100%;--awb-order-medium:0;--awb-spacing-right-medium:0.495%;--awb-spacing-left-medium:0.495%;--awb-width-small:100%;--awb-order-small:0;--awb-spacing-right-small:0.495%;--awb-spacing-left-small:0.495%;\"><div class=\"fusion-column-wrapper fusion-column-has-shadow fusion-flex-justify-content-flex-start fusion-content-layout-column\"><div class=\"fusion-text fusion-text-1\"><p>Po kurs\u0173 pabaigos \u017einosite visus pavojus, dirbant su ir netoliese esan\u010diomis elektros \u012frenginiais. Taip pat gal\u0117site \u012fgyvendinti reikalingas priemones, kad darbai b\u016bt\u0173 atliekami saugiai.<\/p>\n<p>Kursas susideda i\u0161 pamok\u0173, kurias galite studijuoti savo telefone, plan\u0161et\u0117je ar kompiuteryje. Galite per\u017ei\u016br\u0117ti mokom\u0105 med\u017eiag\u0105 tiek kart\u0173, kiek norite. Taip b\u016bsite maksimaliai pasiruo\u0161\u0119 egzaminui, kuris u\u017ebaigia kurs\u0105. Pakankamai geram rezultatui pasiekti i\u0161si\u0173sime jums pa\u017eym\u0117jim\u0105.<\/p>\n<\/div><ul style=\"--awb-line-height:30.6px;--awb-icon-width:30.6px;--awb-icon-height:30.6px;--awb-icon-margin:12.6px;--awb-content-margin:43.2px;--awb-circlecolor:#5894e8;--awb-circle-yes-font-size:15.84px;\" class=\"fusion-checklist fusion-checklist-1 fusion-checklist-default type-icons\"><li class=\"fusion-li-item\" style=\"\"><span class=\"icon-wrapper circle-yes\"><i class=\"fusion-li-icon awb-icon-check\" aria-hidden=\"true\"><\/i><\/span><div class=\"fusion-li-item-content\">\n<p>Pasirinkite i\u0161 20 kalb\u0173.<\/p>\n<\/div><\/li><li class=\"fusion-li-item\" style=\"\"><span class=\"icon-wrapper circle-yes\"><i class=\"fusion-li-icon awb-icon-check\" aria-hidden=\"true\"><\/i><\/span><div class=\"fusion-li-item-content\">\n<p>Kurs\u0105 galima lankyti 60 dien\u0173.<\/p>\n<\/div><\/li><\/ul><\/div><\/div><\/div><\/div>\n","protected":false},"excerpt":{"rendered":"","protected":false},"featured_media":285838,"template":"","meta":[],"product_brand":[],"product_cat":[9335],"product_tag":[],"class_list":{"0":"post-306695","1":"product","2":"type-product","3":"status-publish","4":"has-post-thumbnail","6":"product_cat-elcony-lt","8":"first","9":"instock","10":"taxable","11":"shipping-taxable","12":"purchasable","13":"product-type-variable"},"yoast_head":"<!-- This site is optimized with the Yoast SEO plugin v27.5 - https:\/\/yoast.com\/product\/yoast-seo-wordpress\/ -->\n<title>Pakankamai Apmokytas Asmuo (VOP) NEN 3140 - internetinis kursas + internetinis egzaminas &#8226; ELCONY<\/title>\n<meta name=\"robots\" content=\"noindex, follow\" \/>\n<script type=\"application\/ld+json\" class=\"yoast-schema-graph\">{\"@context\":\"https:\\\/\\\/schema.org\",\"@graph\":[{\"@type\":\"WebPage\",\"@id\":\"https:\\\/\\\/www.elcony.com\\\/lt\\\/produktas\\\/306695\\\/\",\"url\":\"https:\\\/\\\/www.elcony.com\\\/lt\\\/produktas\\\/306695\\\/\",\"name\":\"Pakankamai Apmokytas Asmuo (VOP) NEN 3140 - internetinis kursas + internetinis egzaminas &#8226; ELCONY\",\"isPartOf\":{\"@id\":\"https:\\\/\\\/www.elcony.com\\\/it\\\/#website\"},\"primaryImageOfPage\":{\"@id\":\"https:\\\/\\\/www.elcony.com\\\/lt\\\/produktas\\\/306695\\\/#primaryimage\"},\"image\":{\"@id\":\"https:\\\/\\\/www.elcony.com\\\/lt\\\/produktas\\\/306695\\\/#primaryimage\"},\"thumbnailUrl\":\"https:\\\/\\\/www.elcony.com\\\/wp-content\\\/uploads\\\/2024\\\/06\\\/Aardlekschakelaars-675267964-800x533-1.png\",\"datePublished\":\"2024-06-28T11:52:46+00:00\",\"dateModified\":\"2025-11-10T16:49:31+00:00\",\"breadcrumb\":{\"@id\":\"https:\\\/\\\/www.elcony.com\\\/lt\\\/produktas\\\/306695\\\/#breadcrumb\"},\"inLanguage\":\"lt-LT\",\"potentialAction\":[{\"@type\":\"ReadAction\",\"target\":[\"https:\\\/\\\/www.elcony.com\\\/lt\\\/produktas\\\/306695\\\/\"]}]},{\"@type\":\"ImageObject\",\"inLanguage\":\"lt-LT\",\"@id\":\"https:\\\/\\\/www.elcony.com\\\/lt\\\/produktas\\\/306695\\\/#primaryimage\",\"url\":\"https:\\\/\\\/www.elcony.com\\\/wp-content\\\/uploads\\\/2024\\\/06\\\/Aardlekschakelaars-675267964-800x533-1.png\",\"contentUrl\":\"https:\\\/\\\/www.elcony.com\\\/wp-content\\\/uploads\\\/2024\\\/06\\\/Aardlekschakelaars-675267964-800x533-1.png\",\"width\":800,\"height\":533},{\"@type\":\"BreadcrumbList\",\"@id\":\"https:\\\/\\\/www.elcony.com\\\/lt\\\/produktas\\\/306695\\\/#breadcrumb\",\"itemListElement\":[{\"@type\":\"ListItem\",\"position\":1,\"name\":\"Home\",\"item\":\"https:\\\/\\\/www.elcony.com\\\/lt\\\/\"},{\"@type\":\"ListItem\",\"position\":2,\"name\":\"Prodotti\",\"item\":\"https:\\\/\\\/www.elcony.com\\\/it\\\/shop\\\/\"},{\"@type\":\"ListItem\",\"position\":3,\"name\":\"Pakankamai Apmokytas Asmuo (VOP) NEN 3140 &#8211; internetinis kursas + internetinis egzaminas\"}]},{\"@type\":\"WebSite\",\"@id\":\"https:\\\/\\\/www.elcony.com\\\/it\\\/#website\",\"url\":\"https:\\\/\\\/www.elcony.com\\\/it\\\/\",\"name\":\"ELCONY\",\"description\":\"ARBO, VCA en SOG Opleidingen\",\"potentialAction\":[{\"@type\":\"SearchAction\",\"target\":{\"@type\":\"EntryPoint\",\"urlTemplate\":\"https:\\\/\\\/www.elcony.com\\\/it\\\/?s={search_term_string}\"},\"query-input\":{\"@type\":\"PropertyValueSpecification\",\"valueRequired\":true,\"valueName\":\"search_term_string\"}}],\"inLanguage\":\"lt-LT\"}]}<\/script>\n<!-- \/ Yoast SEO plugin. -->","yoast_head_json":{"title":"Pakankamai Apmokytas Asmuo (VOP) NEN 3140 - internetinis kursas + internetinis egzaminas &#8226; ELCONY","robots":{"index":"noindex","follow":"follow"},"schema":{"@context":"https:\/\/schema.org","@graph":[{"@type":"WebPage","@id":"https:\/\/www.elcony.com\/lt\/produktas\/306695\/","url":"https:\/\/www.elcony.com\/lt\/produktas\/306695\/","name":"Pakankamai Apmokytas Asmuo (VOP) NEN 3140 - internetinis kursas + internetinis egzaminas &#8226; ELCONY","isPartOf":{"@id":"https:\/\/www.elcony.com\/it\/#website"},"primaryImageOfPage":{"@id":"https:\/\/www.elcony.com\/lt\/produktas\/306695\/#primaryimage"},"image":{"@id":"https:\/\/www.elcony.com\/lt\/produktas\/306695\/#primaryimage"},"thumbnailUrl":"https:\/\/www.elcony.com\/wp-content\/uploads\/2024\/06\/Aardlekschakelaars-675267964-800x533-1.png","datePublished":"2024-06-28T11:52:46+00:00","dateModified":"2025-11-10T16:49:31+00:00","breadcrumb":{"@id":"https:\/\/www.elcony.com\/lt\/produktas\/306695\/#breadcrumb"},"inLanguage":"lt-LT","potentialAction":[{"@type":"ReadAction","target":["https:\/\/www.elcony.com\/lt\/produktas\/306695\/"]}]},{"@type":"ImageObject","inLanguage":"lt-LT","@id":"https:\/\/www.elcony.com\/lt\/produktas\/306695\/#primaryimage","url":"https:\/\/www.elcony.com\/wp-content\/uploads\/2024\/06\/Aardlekschakelaars-675267964-800x533-1.png","contentUrl":"https:\/\/www.elcony.com\/wp-content\/uploads\/2024\/06\/Aardlekschakelaars-675267964-800x533-1.png","width":800,"height":533},{"@type":"BreadcrumbList","@id":"https:\/\/www.elcony.com\/lt\/produktas\/306695\/#breadcrumb","itemListElement":[{"@type":"ListItem","position":1,"name":"Home","item":"https:\/\/www.elcony.com\/lt\/"},{"@type":"ListItem","position":2,"name":"Prodotti","item":"https:\/\/www.elcony.com\/it\/shop\/"},{"@type":"ListItem","position":3,"name":"Pakankamai Apmokytas Asmuo (VOP) NEN 3140 &#8211; internetinis kursas + internetinis egzaminas"}]},{"@type":"WebSite","@id":"https:\/\/www.elcony.com\/it\/#website","url":"https:\/\/www.elcony.com\/it\/","name":"ELCONY","description":"ARBO, VCA en SOG Opleidingen","potentialAction":[{"@type":"SearchAction","target":{"@type":"EntryPoint","urlTemplate":"https:\/\/www.elcony.com\/it\/?s={search_term_string}"},"query-input":{"@type":"PropertyValueSpecification","valueRequired":true,"valueName":"search_term_string"}}],"inLanguage":"lt-LT"}]}},"_links":{"self":[{"href":"https:\/\/www.elcony.com\/lt\/wp-json\/wp\/v2\/product\/306695","targetHints":{"allow":["GET"]}}],"collection":[{"href":"https:\/\/www.elcony.com\/lt\/wp-json\/wp\/v2\/product"}],"about":[{"href":"https:\/\/www.elcony.com\/lt\/wp-json\/wp\/v2\/types\/product"}],"wp:featuredmedia":[{"embeddable":true,"href":"https:\/\/www.elcony.com\/lt\/wp-json\/wp\/v2\/media\/285838"}],"wp:attachment":[{"href":"https:\/\/www.elcony.com\/lt\/wp-json\/wp\/v2\/media?parent=306695"}],"wp:term":[{"taxonomy":"product_brand","embeddable":true,"href":"https:\/\/www.elcony.com\/lt\/wp-json\/wp\/v2\/product_brand?post=306695"},{"taxonomy":"product_cat","embeddable":true,"href":"https:\/\/www.elcony.com\/lt\/wp-json\/wp\/v2\/product_cat?post=306695"},{"taxonomy":"product_tag","embeddable":true,"href":"https:\/\/www.elcony.com\/lt\/wp-json\/wp\/v2\/product_tag?post=306695"}],"curies":[{"name":"wp","href":"https:\/\/api.w.org\/{rel}","templated":true}]}}