{"id":307723,"date":"2024-03-01T10:47:30","date_gmt":"2024-07-04T16:44:15","guid":{"rendered":"https:\/\/www.elcony.com\/product\/atex-samoningumas-atex-awareness-internetinis-kursas-internetinis-egzaminas\/"},"modified":"2025-11-10T15:33:10","modified_gmt":"2025-11-10T14:33:10","slug":"307723","status":"publish","type":"product","link":"https:\/\/www.elcony.com\/lt\/produktas\/307723\/","title":{"rendered":"ATEX Awareness (S\u0105moningumas) Internetinis kursas + Internetinis egzaminas"},"content":{"rendered":"<div class=\"fusion-fullwidth fullwidth-box fusion-builder-row-1 fusion-flex-container has-pattern-background has-mask-background nonhundred-percent-fullwidth non-hundred-percent-height-scrolling\" style=\"--awb-border-radius-top-left:0px;--awb-border-radius-top-right:0px;--awb-border-radius-bottom-right:0px;--awb-border-radius-bottom-left:0px;--awb-flex-wrap:wrap;\" ><div class=\"fusion-builder-row fusion-row fusion-flex-align-items-flex-start fusion-flex-content-wrap\" style=\"max-width:101%;margin-left: calc(-1% \/ 2 );margin-right: calc(-1% \/ 2 );\"><div class=\"fusion-layout-column fusion_builder_column fusion-builder-column-0 fusion_builder_column_1_1 1_1 fusion-flex-column\" style=\"--awb-bg-size:cover;--awb-width-large:100%;--awb-margin-top-large:5px;--awb-spacing-right-large:0.495%;--awb-margin-bottom-large:5px;--awb-spacing-left-large:0.495%;--awb-width-medium:100%;--awb-order-medium:0;--awb-spacing-right-medium:0.495%;--awb-spacing-left-medium:0.495%;--awb-width-small:100%;--awb-order-small:0;--awb-spacing-right-small:0.495%;--awb-spacing-left-small:0.495%;\"><div class=\"fusion-column-wrapper fusion-column-has-shadow fusion-flex-justify-content-flex-start fusion-content-layout-column\"><div class=\"fusion-text fusion-text-1\"><p>Baig\u0119 \u0161\u012f internetin\u012f kurs\u0105, su\u017einosite apie vis\u0105 darb\u0173 zonuotose vietose rizik\u0105. Taip pat gal\u0117site imtis reikiam\u0173 priemoni\u0173, kad darbus atliktum\u0117te saugiai.<\/p>\n<p>Kurs\u0105 sudaro pamokos, kurias galite mokytis savo telefone, plan\u0161etiniame kompiuteryje ar kompiuteryje. Mokom\u0105j\u0105 med\u017eiag\u0105 galite per\u017ei\u016br\u0117ti tiek kart\u0173, kiek norite. Tokiu b\u016bdu b\u016bsite maksimaliai pasiruo\u0161\u0119 egzaminui, kuris baigia kurs\u0105. Jei i\u0161laikysite egzamin\u0105, atsi\u0173sime jums sertifikat\u0105.<\/p>\n<\/div><ul style=\"--awb-line-height:30.6px;--awb-icon-width:30.6px;--awb-icon-height:30.6px;--awb-icon-margin:12.6px;--awb-content-margin:43.2px;--awb-circlecolor:#5894e8;--awb-circle-yes-font-size:15.84px;\" class=\"fusion-checklist fusion-checklist-1 fusion-checklist-default type-icons\"><li class=\"fusion-li-item\" style=\"\"><span class=\"icon-wrapper circle-yes\"><i class=\"fusion-li-icon awb-icon-check\" aria-hidden=\"true\"><\/i><\/span><div class=\"fusion-li-item-content\">\n<p>Pasirinkite i\u0161 20 kalb\u0173.<\/p>\n<\/div><\/li><li class=\"fusion-li-item\" style=\"\"><span class=\"icon-wrapper circle-yes\"><i class=\"fusion-li-icon awb-icon-check\" aria-hidden=\"true\"><\/i><\/span><div class=\"fusion-li-item-content\">\n<p>Kurs\u0105 galima lankyti 60 dien\u0173.<\/p>\n<\/div><\/li><\/ul><\/div><\/div><\/div><\/div>\n","protected":false},"excerpt":{"rendered":"","protected":false},"featured_media":178585,"template":"","meta":[],"product_brand":[],"product_cat":[9335],"product_tag":[],"class_list":{"0":"post-307723","1":"product","2":"type-product","3":"status-publish","4":"has-post-thumbnail","6":"product_cat-elcony-lt","8":"first","9":"instock","10":"taxable","11":"shipping-taxable","12":"purchasable","13":"product-type-variable"},"yoast_head":"<!-- This site is optimized with the Yoast SEO plugin v27.5 - https:\/\/yoast.com\/product\/yoast-seo-wordpress\/ -->\n<title>ATEX Awareness (S\u0105moningumas) Internetinis kursas + Internetinis egzaminas &#8226; ELCONY<\/title>\n<meta name=\"robots\" content=\"noindex, follow\" \/>\n<script type=\"application\/ld+json\" class=\"yoast-schema-graph\">{\"@context\":\"https:\\\/\\\/schema.org\",\"@graph\":[{\"@type\":\"WebPage\",\"@id\":\"https:\\\/\\\/www.elcony.com\\\/lt\\\/produktas\\\/307723\\\/\",\"url\":\"https:\\\/\\\/www.elcony.com\\\/lt\\\/produktas\\\/307723\\\/\",\"name\":\"ATEX Awareness (S\u0105moningumas) Internetinis kursas + Internetinis egzaminas &#8226; ELCONY\",\"isPartOf\":{\"@id\":\"https:\\\/\\\/www.elcony.com\\\/it\\\/#website\"},\"primaryImageOfPage\":{\"@id\":\"https:\\\/\\\/www.elcony.com\\\/lt\\\/produktas\\\/307723\\\/#primaryimage\"},\"image\":{\"@id\":\"https:\\\/\\\/www.elcony.com\\\/lt\\\/produktas\\\/307723\\\/#primaryimage\"},\"thumbnailUrl\":\"https:\\\/\\\/www.elcony.com\\\/wp-content\\\/uploads\\\/2023\\\/07\\\/ATEX-200x172-1.png\",\"datePublished\":\"2024-07-04T16:44:15+00:00\",\"dateModified\":\"2025-11-10T14:33:10+00:00\",\"breadcrumb\":{\"@id\":\"https:\\\/\\\/www.elcony.com\\\/lt\\\/produktas\\\/307723\\\/#breadcrumb\"},\"inLanguage\":\"lt-LT\",\"potentialAction\":[{\"@type\":\"ReadAction\",\"target\":[\"https:\\\/\\\/www.elcony.com\\\/lt\\\/produktas\\\/307723\\\/\"]}]},{\"@type\":\"ImageObject\",\"inLanguage\":\"lt-LT\",\"@id\":\"https:\\\/\\\/www.elcony.com\\\/lt\\\/produktas\\\/307723\\\/#primaryimage\",\"url\":\"https:\\\/\\\/www.elcony.com\\\/wp-content\\\/uploads\\\/2023\\\/07\\\/ATEX-200x172-1.png\",\"contentUrl\":\"https:\\\/\\\/www.elcony.com\\\/wp-content\\\/uploads\\\/2023\\\/07\\\/ATEX-200x172-1.png\",\"width\":200,\"height\":172},{\"@type\":\"BreadcrumbList\",\"@id\":\"https:\\\/\\\/www.elcony.com\\\/lt\\\/produktas\\\/307723\\\/#breadcrumb\",\"itemListElement\":[{\"@type\":\"ListItem\",\"position\":1,\"name\":\"Home\",\"item\":\"https:\\\/\\\/www.elcony.com\\\/lt\\\/\"},{\"@type\":\"ListItem\",\"position\":2,\"name\":\"Prodotti\",\"item\":\"https:\\\/\\\/www.elcony.com\\\/it\\\/shop\\\/\"},{\"@type\":\"ListItem\",\"position\":3,\"name\":\"ATEX Awareness (S\u0105moningumas) Internetinis kursas + Internetinis egzaminas\"}]},{\"@type\":\"WebSite\",\"@id\":\"https:\\\/\\\/www.elcony.com\\\/it\\\/#website\",\"url\":\"https:\\\/\\\/www.elcony.com\\\/it\\\/\",\"name\":\"ELCONY\",\"description\":\"ARBO, VCA en SOG Opleidingen\",\"potentialAction\":[{\"@type\":\"SearchAction\",\"target\":{\"@type\":\"EntryPoint\",\"urlTemplate\":\"https:\\\/\\\/www.elcony.com\\\/it\\\/?s={search_term_string}\"},\"query-input\":{\"@type\":\"PropertyValueSpecification\",\"valueRequired\":true,\"valueName\":\"search_term_string\"}}],\"inLanguage\":\"lt-LT\"}]}<\/script>\n<!-- \/ Yoast SEO plugin. -->","yoast_head_json":{"title":"ATEX Awareness (S\u0105moningumas) Internetinis kursas + Internetinis egzaminas &#8226; ELCONY","robots":{"index":"noindex","follow":"follow"},"schema":{"@context":"https:\/\/schema.org","@graph":[{"@type":"WebPage","@id":"https:\/\/www.elcony.com\/lt\/produktas\/307723\/","url":"https:\/\/www.elcony.com\/lt\/produktas\/307723\/","name":"ATEX Awareness (S\u0105moningumas) Internetinis kursas + Internetinis egzaminas &#8226; ELCONY","isPartOf":{"@id":"https:\/\/www.elcony.com\/it\/#website"},"primaryImageOfPage":{"@id":"https:\/\/www.elcony.com\/lt\/produktas\/307723\/#primaryimage"},"image":{"@id":"https:\/\/www.elcony.com\/lt\/produktas\/307723\/#primaryimage"},"thumbnailUrl":"https:\/\/www.elcony.com\/wp-content\/uploads\/2023\/07\/ATEX-200x172-1.png","datePublished":"2024-07-04T16:44:15+00:00","dateModified":"2025-11-10T14:33:10+00:00","breadcrumb":{"@id":"https:\/\/www.elcony.com\/lt\/produktas\/307723\/#breadcrumb"},"inLanguage":"lt-LT","potentialAction":[{"@type":"ReadAction","target":["https:\/\/www.elcony.com\/lt\/produktas\/307723\/"]}]},{"@type":"ImageObject","inLanguage":"lt-LT","@id":"https:\/\/www.elcony.com\/lt\/produktas\/307723\/#primaryimage","url":"https:\/\/www.elcony.com\/wp-content\/uploads\/2023\/07\/ATEX-200x172-1.png","contentUrl":"https:\/\/www.elcony.com\/wp-content\/uploads\/2023\/07\/ATEX-200x172-1.png","width":200,"height":172},{"@type":"BreadcrumbList","@id":"https:\/\/www.elcony.com\/lt\/produktas\/307723\/#breadcrumb","itemListElement":[{"@type":"ListItem","position":1,"name":"Home","item":"https:\/\/www.elcony.com\/lt\/"},{"@type":"ListItem","position":2,"name":"Prodotti","item":"https:\/\/www.elcony.com\/it\/shop\/"},{"@type":"ListItem","position":3,"name":"ATEX Awareness (S\u0105moningumas) Internetinis kursas + Internetinis egzaminas"}]},{"@type":"WebSite","@id":"https:\/\/www.elcony.com\/it\/#website","url":"https:\/\/www.elcony.com\/it\/","name":"ELCONY","description":"ARBO, VCA en SOG Opleidingen","potentialAction":[{"@type":"SearchAction","target":{"@type":"EntryPoint","urlTemplate":"https:\/\/www.elcony.com\/it\/?s={search_term_string}"},"query-input":{"@type":"PropertyValueSpecification","valueRequired":true,"valueName":"search_term_string"}}],"inLanguage":"lt-LT"}]}},"_links":{"self":[{"href":"https:\/\/www.elcony.com\/lt\/wp-json\/wp\/v2\/product\/307723","targetHints":{"allow":["GET"]}}],"collection":[{"href":"https:\/\/www.elcony.com\/lt\/wp-json\/wp\/v2\/product"}],"about":[{"href":"https:\/\/www.elcony.com\/lt\/wp-json\/wp\/v2\/types\/product"}],"wp:featuredmedia":[{"embeddable":true,"href":"https:\/\/www.elcony.com\/lt\/wp-json\/wp\/v2\/media\/178585"}],"wp:attachment":[{"href":"https:\/\/www.elcony.com\/lt\/wp-json\/wp\/v2\/media?parent=307723"}],"wp:term":[{"taxonomy":"product_brand","embeddable":true,"href":"https:\/\/www.elcony.com\/lt\/wp-json\/wp\/v2\/product_brand?post=307723"},{"taxonomy":"product_cat","embeddable":true,"href":"https:\/\/www.elcony.com\/lt\/wp-json\/wp\/v2\/product_cat?post=307723"},{"taxonomy":"product_tag","embeddable":true,"href":"https:\/\/www.elcony.com\/lt\/wp-json\/wp\/v2\/product_tag?post=307723"}],"curies":[{"name":"wp","href":"https:\/\/api.w.org\/{rel}","templated":true}]}}