{"id":185384,"date":"2023-09-26T14:02:58","date_gmt":"2023-09-26T12:02:58","guid":{"rendered":"https:\/\/www.elcony.com\/adembescherming\/"},"modified":"2026-02-06T13:40:49","modified_gmt":"2026-02-06T12:40:49","slug":"ochrona-drog-oddechowych","status":"publish","type":"page","link":"https:\/\/www.elcony.com\/pl\/ochrona-drog-oddechowych\/","title":{"rendered":"Niezale\u017cna ochrona dr\u00f3g oddechowych"},"content":{"rendered":"<div class=\"fusion-fullwidth fullwidth-box fusion-builder-row-1 has-pattern-background has-mask-background nonhundred-percent-fullwidth non-hundred-percent-height-scrolling\" style=\"--awb-border-radius-top-left:0px;--awb-border-radius-top-right:0px;--awb-border-radius-bottom-right:0px;--awb-border-radius-bottom-left:0px;--awb-flex-wrap:wrap;\" ><div class=\"fusion-builder-row fusion-row\"><div class=\"fusion-layout-column fusion_builder_column fusion-builder-column-0 fusion_builder_column_1_5 1_5 fusion-one-fifth fusion-column-first\" style=\"--awb-bg-blend:overlay;--awb-bg-size:cover;width:20%;width:calc(20% - ( ( 4% + 4% ) * 0.2 ) );margin-right: 4%;\"><div class=\"fusion-column-wrapper fusion-flex-column-wrapper-legacy\"><div class=\"fusion-clearfix\"><\/div><\/div><\/div><div class=\"fusion-layout-column fusion_builder_column fusion-builder-column-1 fusion_builder_column_3_5 3_5 fusion-three-fifth\" style=\"--awb-bg-blend:overlay;--awb-bg-size:cover;width:60%;width:calc(60% - ( ( 4% + 4% ) * 0.6 ) );margin-right: 4%;\"><div class=\"fusion-column-wrapper fusion-flex-column-wrapper-legacy\"><div class=\"fusion-text fusion-text-1\"><h1>Praca z niezale\u017cn\u0105 ochron\u0105 dr\u00f3g oddechowych<\/h1>\n<p> Praca z niezale\u017cn\u0105 ochron\u0105 dr\u00f3g oddechowych jest konieczna podczas wykonywania zada\u0144 w \u015brodowiskach, w kt\u00f3rych jako\u015b\u0107 powietrza nie jest wystarczaj\u0105co bezpieczna. Podczas kursu \u201ePraca z niezale\u017cn\u0105 ochron\u0105 dr\u00f3g oddechowych\u201d nauczysz si\u0119 bezpiecznie, odpowiedzialnie i zgodnie z obowi\u0105zuj\u0105cymi procedurami korzysta\u0107 ze sprz\u0119tu ochrony dr\u00f3g oddechowych. <\/p>\n<h2>Czym jest niezale\u017cna ochrona dr\u00f3g oddechowych?<\/h2>\n<p> Niezale\u017cna ochrona dr\u00f3g oddechowych jest stosowana, gdy powietrze otoczenia nie nadaje si\u0119 do oddychania, na przyk\u0142ad z powodu niedoboru tlenu lub obecno\u015bci substancji niebezpiecznych. W takim przypadku u\u017cytkownik oddycha powietrzem z niezale\u017cnego \u017ar\u00f3d\u0142a, takiego jak aparat powietrzny lub system zasilania powietrzem liniowym. <\/p>\n<h2>Dla kogo przeznaczony jest kurs \u201ePraca z niezale\u017cn\u0105 ochron\u0105 dr\u00f3g oddechowych\u201d?<\/h2>\n<ul>\n<li>Pracownik\u00f3w przemys\u0142u (petro)chemicznego.<\/li>\n<li>Monter\u00f3w utrzymania ruchu i technik\u00f3w.<\/li>\n<li>Wykonawc\u00f3w i os\u00f3b samozatrudnionych na obiektach przemys\u0142owych.<\/li>\n<li>Pracownik\u00f3w pracuj\u0105cych w przestrzeniach zamkni\u0119tych lub \u015brodowiskach podwy\u017cszonego ryzyka.<\/li>\n<\/ul>\n<h2>Praca z niezale\u017cn\u0105 ochron\u0105 dr\u00f3g oddechowych bez SOG<\/h2>\n<h3>Grupa docelowa<\/h3>\n<p> Szkolenie to jest odpowiednie dla pracownik\u00f3w, kt\u00f3rzy pracuj\u0105 z niezale\u017cn\u0105 ochron\u0105 dr\u00f3g oddechowych u zleceniodawc\u00f3w, dla kt\u00f3rych nie obowi\u0105zuje wym\u00f3g SOG. <\/p>\n<h3>Kiedy wybra\u0107 ochron\u0119 dr\u00f3g oddechowych bez SOG?<\/h3>\n<ul>\n<li>Tw\u00f3j zleceniodawca nie wymaga dyplomu SOG.<\/li>\n<li>Pracujesz zgodnie z wewn\u0119trznymi procedurami bezpiecze\u0144stwa.<\/li>\n<li>Szukasz szkolenia praktycznego bez zewn\u0119trznego egzaminu SOG.<\/li>\n<\/ul>\n<p> Po uko\u0144czeniu kursu otrzymasz dyplom zarejestrowany w <strong>Rejestrze Dyplom\u00f3w ELCONY<\/strong>, kt\u00f3ry jest <strong>wa\u017cny przez 5 lat<\/strong>. <\/p>\n<h3>Czas trwania kursu i cena<\/h3>\n<ul>\n<li>1 dzie\u0144 z posiadan\u0105 wiedz\u0105 wst\u0119pn\u0105 poprzez nasze przygotowanie online lub kurs od\u015bwie\u017caj\u0105cy: <strong>\u20ac 255,00<\/strong> bez VAT<\/li>\n<li>2 dni bez wcze\u015bniejszego do\u015bwiadczenia: <strong>\u20ac 455,00<\/strong> bez VAT<\/li>\n<\/ul>\n<h2>Praca z niezale\u017cn\u0105 ochron\u0105 dr\u00f3g oddechowych z SOG<\/h2>\n<h3>Grupa docelowa<\/h3>\n<p> Kurs \u201ePraca z niezale\u017cn\u0105 ochron\u0105 dr\u00f3g oddechowych\u201d uznany przez SOG jest przeznaczony dla pracownik\u00f3w zatrudnionych u zleceniodawc\u00f3w, u kt\u00f3rych wymagany jest oficjalnie uznany dyplom. <\/p>\n<h3>Kiedy ochrona dr\u00f3g oddechowych (SOG) jest obowi\u0105zkowa?<\/h3>\n<ul>\n<li>Podczas pracy w \u015brodowiskach z niedoborem tlenu.<\/li>\n<li>W przypadku nara\u017cenia na substancje niebezpieczne.<\/li>\n<li>W przemy\u015ble (petro)chemicznym.<\/li>\n<li>U zleceniodawc\u00f3w pracuj\u0105cych zgodnie z wymaganiami SSVV.<\/li>\n<\/ul>\n<p> Po zdaniu egzaminu dyplom jest rejestrowany w <strong>Rejestrze Dyplom\u00f3w SSVV<\/strong> i jest <strong>wa\u017cny przez 3 lata<\/strong>. <\/p>\n<h3>Czas trwania kursu i cena<\/h3>\n<ul>\n<li>1 dzie\u0144 z posiadan\u0105 wiedz\u0105 wst\u0119pn\u0105 poprzez nasze przygotowanie online lub kurs od\u015bwie\u017caj\u0105cy: <strong>\u20ac 329,00<\/strong> bez VAT<\/li>\n<li>2 dni bez wcze\u015bniejszego do\u015bwiadczenia: <strong>\u20ac 529,00<\/strong> bez VAT<\/li>\n<\/ul>\n<h2>Zdolno\u015b\u0107 medyczna<\/h2>\n<p> Do pracy z niezale\u017cn\u0105 ochron\u0105 dr\u00f3g oddechowych wymagane jest wa\u017cne orzeczenie lekarskie o zdolno\u015bci do pracy. Orzeczenie to musi by\u0107 dostarczone przez pracodawc\u0119 i jest wymagane zar\u00f3wno podczas szkolenia, jak i egzaminu. <\/p>\n<h2><strong>Lokalizacja<\/strong><\/h2>\n<p> Kurs \u201ePraca z niezale\u017cn\u0105 ochron\u0105 dr\u00f3g oddechowych\u201d odbywa si\u0119 w kilku lokalizacjach w Holandii i mo\u017ce by\u0107 r\u00f3wnie\u017c zorganizowany w Twojej w\u0142asnej lokalizacji. <\/p>\n<h2><strong>Kontakt<\/strong><\/h2>\n<p> Aby uzyska\u0107 wi\u0119cej informacji lub zapisa\u0107 si\u0119 na kurs, zadzwo\u0144 pod numer <strong>+31(0)88-2200100<\/strong> lub wy\u015blij e-mail na adres <strong><a href=\"&#x6d;&#x61;&#x69;&#x6c;&#116;&#111;:in&#x66;&#x6f;&#x40;&#x65;&#108;&#99;ony&#x2e;&#x63;&#x6f;&#x6d;\">&#105;&#x6e;&#102;&#x6f;&#64;&#x65;l&#99;&#x6f;&#110;&#x79;&#46;&#x63;o&#x6d;<\/a><\/strong>.<\/p>\n<\/div><div class=\"fusion-clearfix\"><\/div><\/div><\/div><div class=\"fusion-layout-column fusion_builder_column fusion-builder-column-2 fusion_builder_column_1_5 1_5 fusion-one-fifth fusion-column-last\" style=\"--awb-bg-blend:overlay;--awb-bg-size:cover;width:20%;width:calc(20% - ( ( 4% + 4% ) * 0.2 ) );\"><div class=\"fusion-column-wrapper fusion-flex-column-wrapper-legacy\"><div class=\"fusion-clearfix\"><\/div><\/div><\/div><\/div><\/div>\n","protected":false},"excerpt":{"rendered":"","protected":false},"author":1,"featured_media":0,"parent":0,"menu_order":4,"comment_status":"closed","ping_status":"closed","template":"","meta":{"footnotes":""},"class_list":["post-185384","page","type-page","status-publish","hentry"],"yoast_head":"<!-- This site is optimized with the Yoast SEO plugin v27.5 - https:\/\/yoast.com\/product\/yoast-seo-wordpress\/ -->\n<title>Kurs \u201ePraca z niezale\u017cn\u0105 ochron\u0105 dr\u00f3g oddechowych\u201d (SOG)<\/title>\n<meta name=\"description\" content=\"Naucz si\u0119 bezpiecznie pracowa\u0107 z niezale\u017cn\u0105 ochron\u0105 dr\u00f3g oddechowych. Kurs dla przemys\u0142u, utrzymania ruchu i przestrzeni zamkni\u0119tych. Z SOG lub bez SOG.\" \/>\n<meta name=\"robots\" content=\"index, follow, max-snippet:-1, max-image-preview:large, max-video-preview:-1\" \/>\n<link rel=\"canonical\" href=\"https:\/\/www.elcony.com\/pl\/ochrona-drog-oddechowych\/\" \/>\n<script type=\"application\/ld+json\" class=\"yoast-schema-graph\">{\"@context\":\"https:\\\/\\\/schema.org\",\"@graph\":[{\"@type\":\"WebPage\",\"@id\":\"https:\\\/\\\/www.elcony.com\\\/pl\\\/ochrona-drog-oddechowych\\\/\",\"url\":\"https:\\\/\\\/www.elcony.com\\\/pl\\\/ochrona-drog-oddechowych\\\/\",\"name\":\"Kurs \u201ePraca z niezale\u017cn\u0105 ochron\u0105 dr\u00f3g oddechowych\u201d (SOG)\",\"isPartOf\":{\"@id\":\"https:\\\/\\\/www.elcony.com\\\/it\\\/#website\"},\"datePublished\":\"2023-09-26T12:02:58+00:00\",\"dateModified\":\"2026-02-06T12:40:49+00:00\",\"description\":\"Naucz si\u0119 bezpiecznie pracowa\u0107 z niezale\u017cn\u0105 ochron\u0105 dr\u00f3g oddechowych. Kurs dla przemys\u0142u, utrzymania ruchu i przestrzeni zamkni\u0119tych. Z SOG lub bez SOG.\",\"breadcrumb\":{\"@id\":\"https:\\\/\\\/www.elcony.com\\\/pl\\\/ochrona-drog-oddechowych\\\/#breadcrumb\"},\"inLanguage\":\"pl-PL\",\"potentialAction\":[{\"@type\":\"ReadAction\",\"target\":[\"https:\\\/\\\/www.elcony.com\\\/pl\\\/ochrona-drog-oddechowych\\\/\"]}]},{\"@type\":\"BreadcrumbList\",\"@id\":\"https:\\\/\\\/www.elcony.com\\\/pl\\\/ochrona-drog-oddechowych\\\/#breadcrumb\",\"itemListElement\":[{\"@type\":\"ListItem\",\"position\":1,\"name\":\"Home\",\"item\":\"https:\\\/\\\/www.elcony.com\\\/pl\\\/\"},{\"@type\":\"ListItem\",\"position\":2,\"name\":\"Niezale\u017cna ochrona dr\u00f3g oddechowych\"}]},{\"@type\":\"WebSite\",\"@id\":\"https:\\\/\\\/www.elcony.com\\\/it\\\/#website\",\"url\":\"https:\\\/\\\/www.elcony.com\\\/it\\\/\",\"name\":\"ELCONY\",\"description\":\"ARBO, VCA en SOG Opleidingen\",\"potentialAction\":[{\"@type\":\"SearchAction\",\"target\":{\"@type\":\"EntryPoint\",\"urlTemplate\":\"https:\\\/\\\/www.elcony.com\\\/it\\\/?s={search_term_string}\"},\"query-input\":{\"@type\":\"PropertyValueSpecification\",\"valueRequired\":true,\"valueName\":\"search_term_string\"}}],\"inLanguage\":\"pl-PL\"}]}<\/script>\n<!-- \/ Yoast SEO plugin. -->","yoast_head_json":{"title":"Kurs \u201ePraca z niezale\u017cn\u0105 ochron\u0105 dr\u00f3g oddechowych\u201d (SOG)","description":"Naucz si\u0119 bezpiecznie pracowa\u0107 z niezale\u017cn\u0105 ochron\u0105 dr\u00f3g oddechowych. Kurs dla przemys\u0142u, utrzymania ruchu i przestrzeni zamkni\u0119tych. Z SOG lub bez SOG.","robots":{"index":"index","follow":"follow","max-snippet":"max-snippet:-1","max-image-preview":"max-image-preview:large","max-video-preview":"max-video-preview:-1"},"canonical":"https:\/\/www.elcony.com\/pl\/ochrona-drog-oddechowych\/","schema":{"@context":"https:\/\/schema.org","@graph":[{"@type":"WebPage","@id":"https:\/\/www.elcony.com\/pl\/ochrona-drog-oddechowych\/","url":"https:\/\/www.elcony.com\/pl\/ochrona-drog-oddechowych\/","name":"Kurs \u201ePraca z niezale\u017cn\u0105 ochron\u0105 dr\u00f3g oddechowych\u201d (SOG)","isPartOf":{"@id":"https:\/\/www.elcony.com\/it\/#website"},"datePublished":"2023-09-26T12:02:58+00:00","dateModified":"2026-02-06T12:40:49+00:00","description":"Naucz si\u0119 bezpiecznie pracowa\u0107 z niezale\u017cn\u0105 ochron\u0105 dr\u00f3g oddechowych. Kurs dla przemys\u0142u, utrzymania ruchu i przestrzeni zamkni\u0119tych. Z SOG lub bez SOG.","breadcrumb":{"@id":"https:\/\/www.elcony.com\/pl\/ochrona-drog-oddechowych\/#breadcrumb"},"inLanguage":"pl-PL","potentialAction":[{"@type":"ReadAction","target":["https:\/\/www.elcony.com\/pl\/ochrona-drog-oddechowych\/"]}]},{"@type":"BreadcrumbList","@id":"https:\/\/www.elcony.com\/pl\/ochrona-drog-oddechowych\/#breadcrumb","itemListElement":[{"@type":"ListItem","position":1,"name":"Home","item":"https:\/\/www.elcony.com\/pl\/"},{"@type":"ListItem","position":2,"name":"Niezale\u017cna ochrona dr\u00f3g oddechowych"}]},{"@type":"WebSite","@id":"https:\/\/www.elcony.com\/it\/#website","url":"https:\/\/www.elcony.com\/it\/","name":"ELCONY","description":"ARBO, VCA en SOG Opleidingen","potentialAction":[{"@type":"SearchAction","target":{"@type":"EntryPoint","urlTemplate":"https:\/\/www.elcony.com\/it\/?s={search_term_string}"},"query-input":{"@type":"PropertyValueSpecification","valueRequired":true,"valueName":"search_term_string"}}],"inLanguage":"pl-PL"}]}},"_links":{"self":[{"href":"https:\/\/www.elcony.com\/pl\/wp-json\/wp\/v2\/pages\/185384","targetHints":{"allow":["GET"]}}],"collection":[{"href":"https:\/\/www.elcony.com\/pl\/wp-json\/wp\/v2\/pages"}],"about":[{"href":"https:\/\/www.elcony.com\/pl\/wp-json\/wp\/v2\/types\/page"}],"author":[{"embeddable":true,"href":"https:\/\/www.elcony.com\/pl\/wp-json\/wp\/v2\/users\/1"}],"replies":[{"embeddable":true,"href":"https:\/\/www.elcony.com\/pl\/wp-json\/wp\/v2\/comments?post=185384"}],"version-history":[{"count":3,"href":"https:\/\/www.elcony.com\/pl\/wp-json\/wp\/v2\/pages\/185384\/revisions"}],"predecessor-version":[{"id":391279,"href":"https:\/\/www.elcony.com\/pl\/wp-json\/wp\/v2\/pages\/185384\/revisions\/391279"}],"wp:attachment":[{"href":"https:\/\/www.elcony.com\/pl\/wp-json\/wp\/v2\/media?parent=185384"}],"curies":[{"name":"wp","href":"https:\/\/api.w.org\/{rel}","templated":true}]}}