{"id":185766,"date":"2023-10-06T10:02:23","date_gmt":"2023-10-06T08:02:23","guid":{"rendered":"https:\/\/www.elcony.com\/moment-obrotowy-i-naprezenie\/"},"modified":"2026-02-06T14:00:55","modified_gmt":"2026-02-06T13:00:55","slug":"moment-obrotowy-i-naprezenie","status":"publish","type":"page","link":"https:\/\/www.elcony.com\/pl\/moment-obrotowy-i-naprezenie\/","title":{"rendered":"Moment obrotowy i napinanie"},"content":{"rendered":"<div class=\"fusion-fullwidth fullwidth-box fusion-builder-row-1 fusion-flex-container has-pattern-background has-mask-background nonhundred-percent-fullwidth non-hundred-percent-height-scrolling\" style=\"--awb-border-radius-top-left:0px;--awb-border-radius-top-right:0px;--awb-border-radius-bottom-right:0px;--awb-border-radius-bottom-left:0px;--awb-flex-wrap:wrap;\" ><div class=\"fusion-builder-row fusion-row fusion-flex-align-items-flex-start fusion-flex-content-wrap\" style=\"max-width:101%;margin-left: calc(-1% \/ 2 );margin-right: calc(-1% \/ 2 );\"><div class=\"fusion-layout-column fusion_builder_column fusion-builder-column-0 fusion_builder_column_1_5 1_5 fusion-flex-column\" style=\"--awb-bg-size:cover;--awb-width-large:20%;--awb-margin-top-large:5px;--awb-spacing-right-large:2.475%;--awb-margin-bottom-large:5px;--awb-spacing-left-large:2.475%;--awb-width-medium:100%;--awb-order-medium:0;--awb-spacing-right-medium:0.495%;--awb-spacing-left-medium:0.495%;--awb-width-small:100%;--awb-order-small:0;--awb-spacing-right-small:0.495%;--awb-spacing-left-small:0.495%;\"><div class=\"fusion-column-wrapper fusion-column-has-shadow fusion-flex-justify-content-flex-start fusion-content-layout-column\"><\/div><\/div><div class=\"fusion-layout-column fusion_builder_column fusion-builder-column-1 fusion_builder_column_3_5 3_5 fusion-flex-column\" style=\"--awb-bg-size:cover;--awb-width-large:60%;--awb-margin-top-large:5px;--awb-spacing-right-large:0.825%;--awb-margin-bottom-large:5px;--awb-spacing-left-large:0.825%;--awb-width-medium:100%;--awb-order-medium:0;--awb-spacing-right-medium:0.495%;--awb-spacing-left-medium:0.495%;--awb-width-small:100%;--awb-order-small:0;--awb-spacing-right-small:0.495%;--awb-spacing-left-small:0.495%;\"><div class=\"fusion-column-wrapper fusion-column-has-shadow fusion-flex-justify-content-flex-start fusion-content-layout-column\"><div class=\"fusion-text fusion-text-1\"><h1>Kurs momentu obrotowego i napinania<\/h1>\n<p> Praca z urz\u0105dzeniami do momentu obrotowego i napinania wymaga specjalistycznej wiedzy technicznej, precyzji oraz \u015bcis\u0142ego przestrzegania ustalonych procedur. Podczas kursu momentu obrotowego i napinania nauczysz si\u0119 bezpiecznej, kontrolowanej pracy zgodnie z obowi\u0105zuj\u0105cymi normami przy po\u0142\u0105czeniach \u015brubowych w \u015brodowiskach przemys\u0142owych. <\/p>\n<h2>Czym s\u0105 moment obrotowy i napinanie?<\/h2>\n<p> Moment obrotowy i napinanie to kontrolowane metody dokr\u0119cania i luzowania po\u0142\u0105cze\u0144 \u015brubowych. Moment obrotowy wykorzystuje wcze\u015bniej ustawion\u0105 warto\u015b\u0107 momentu, natomiast napinanie polega na wyd\u0142u\u017ceniu \u015bruby za pomoc\u0105 napi\u0119cia hydraulicznego. Obie techniki s\u0105 niezb\u0119dne dla bezpiecznych i niezawodnych po\u0142\u0105cze\u0144 ko\u0142nierzowych i \u015brubowych. <\/p>\n<h2>Dla kogo przeznaczony jest kurs momentu obrotowego i napinania?<\/h2>\n<ul>\n<li>Monter\u00f3w i technik\u00f3w utrzymania ruchu.<\/li>\n<li>Pracownik\u00f3w przemys\u0142u (petro)chemicznego.<\/li>\n<li>Personelu technicznego pracuj\u0105cego przy po\u0142\u0105czeniach \u015brubowych i ko\u0142nierzowych.<\/li>\n<li>Os\u00f3b samozatrudnionych i podwykonawc\u00f3w.<\/li>\n<\/ul>\n<h2>Moment obrotowy i napinanie bez SOG<\/h2>\n<h3>Grupa docelowa<\/h3>\n<p> Szkolenie to jest odpowiednie dla monter\u00f3w pracuj\u0105cych z hydraulicznymi urz\u0105dzeniami do momentu obrotowego i napinania u zleceniodawc\u00f3w, dla kt\u00f3rych nie obowi\u0105zuje wym\u00f3g SOG. <\/p>\n<h3>Kiedy wybra\u0107 moment obrotowy i napinanie bez SOG?<\/h3>\n<ul>\n<li>Tw\u00f3j zleceniodawca nie wymaga certyfikatu SOG.<\/li>\n<li>Pracujesz zgodnie z wewn\u0119trznymi procedurami bezpiecze\u0144stwa.<\/li>\n<li>Chcesz uczy\u0107 si\u0119 w spos\u00f3b praktyczny bez zewn\u0119trznego egzaminu SOG.<\/li>\n<\/ul>\n<p> Po uko\u0144czeniu kursu otrzymasz certyfikat zarejestrowany w <strong>Rejestrze Dyplom\u00f3w ELCONY<\/strong>, kt\u00f3ry jest <strong>wa\u017cny przez 5 lat<\/strong>. <\/p>\n<h3>Czas trwania kursu i <strong>cena<\/strong><\/h3>\n<ul>\n<li>1 dzie\u0144 z posiadan\u0105 wiedz\u0105 wst\u0119pn\u0105 poprzez nasze przygotowanie online lub kurs od\u015bwie\u017caj\u0105cy: <strong>\u20ac 285,00<\/strong> bez VAT<\/li>\n<li>2 dni bez wcze\u015bniejszego do\u015bwiadczenia: <strong>\u20ac 485,00<\/strong> bez VAT<\/li>\n<\/ul>\n<h2>Moment obrotowy i napinanie z SOG<\/h2>\n<h3>Grupa docelowa<\/h3>\n<p> Kurs momentu obrotowego i napinania uznany przez SOG jest przeznaczony dla monter\u00f3w pracuj\u0105cych u zleceniodawc\u00f3w, u kt\u00f3rych wymagany jest oficjalnie uznany certyfikat. <\/p>\n<h3>Kiedy moment obrotowy i napinanie (SOG) s\u0105 obowi\u0105zkowe?<\/h3>\n<ul>\n<li>Podczas prac w przemy\u015ble (petro)chemicznym.<\/li>\n<li>W trakcie postoj\u00f3w remontowych i du\u017cych przegl\u0105d\u00f3w (turnarounds).<\/li>\n<li>U zleceniodawc\u00f3w pracuj\u0105cych zgodnie z wymaganiami SSVV.<\/li>\n<li>W miejscach z rygorystycznie regulowanymi procedurami bezpiecze\u0144stwa.<\/li>\n<\/ul>\n<p> Po zdaniu egzaminu certyfikat zostaje zarejestrowany w <strong>Rejestrze Dyplom\u00f3w SSVV<\/strong> i jest <strong>wa\u017cny przez 5 lat<\/strong>. <\/p>\n<h3>Czas trwania kursu i cena<\/h3>\n<ul>\n<li>1 dzie\u0144 z posiadan\u0105 wiedz\u0105 wst\u0119pn\u0105 poprzez nasze przygotowanie online lub kurs od\u015bwie\u017caj\u0105cy: <strong>\u20ac 359,00<\/strong> bez VAT<\/li>\n<li>2 dni bez wcze\u015bniejszego do\u015bwiadczenia: <strong>\u20ac 559,00<\/strong> bez VAT<\/li>\n<\/ul>\n<h2>Lokalizacja<\/h2>\n<p> Kursy odbywaj\u0105 si\u0119 w kilku lokalizacjach w Holandii i mog\u0105 by\u0107 r\u00f3wnie\u017c organizowane w Twojej w\u0142asnej lokalizacji. <\/p>\n<h2>Kontakt<\/h2>\n<p> Aby uzyska\u0107 wi\u0119cej informacji lub zapisa\u0107 si\u0119 na kurs, zadzwo\u0144 pod numer <strong>+31(0)88-2200100<\/strong> lub wy\u015blij e-mail na adres <strong><a href=\"&#x6d;a&#x69;l&#x74;&#111;&#x3a;&#105;n&#x66;o&#x40;&#101;&#x6c;&#99;&#x6f;&#110;y&#x2e;c&#x6f;&#109;\">&#105;&#x6e;&#102;&#x6f;&#64;&#x65;&#108;&#x63;&#111;&#x6e;&#121;&#x2e;c&#x6f;m<\/a><\/strong>.<\/p>\n<\/div><\/div><\/div><div class=\"fusion-layout-column fusion_builder_column fusion-builder-column-2 fusion_builder_column_1_5 1_5 fusion-flex-column\" style=\"--awb-bg-size:cover;--awb-width-large:20%;--awb-margin-top-large:5px;--awb-spacing-right-large:2.475%;--awb-margin-bottom-large:5px;--awb-spacing-left-large:2.475%;--awb-width-medium:100%;--awb-order-medium:0;--awb-spacing-right-medium:0.495%;--awb-spacing-left-medium:0.495%;--awb-width-small:100%;--awb-order-small:0;--awb-spacing-right-small:0.495%;--awb-spacing-left-small:0.495%;\"><div class=\"fusion-column-wrapper fusion-column-has-shadow fusion-flex-justify-content-flex-start fusion-content-layout-column\"><\/div><\/div><\/div><\/div>\n","protected":false},"excerpt":{"rendered":"","protected":false},"author":1,"featured_media":0,"parent":0,"menu_order":2,"comment_status":"closed","ping_status":"closed","template":"","meta":{"footnotes":""},"class_list":["post-185766","page","type-page","status-publish","hentry"],"yoast_head":"<!-- This site is optimized with the Yoast SEO plugin v27.6 - https:\/\/yoast.com\/product\/yoast-seo-wordpress\/ -->\n<title>Kurs Momentu obrotowego i napinania (SOG) | R\u00f3wnie\u017c Incompany<\/title>\n<meta name=\"description\" content=\"Kurs Torque &amp; Tensioning SOG lub ELCONY. Spe\u0142nia holenderskie normy, dla kt\u00f3rych wymagany jest wa\u017cny certyfikat SOG.\" \/>\n<meta name=\"robots\" content=\"index, follow, max-snippet:-1, max-image-preview:large, max-video-preview:-1\" \/>\n<link rel=\"canonical\" href=\"https:\/\/www.elcony.com\/pl\/moment-obrotowy-i-naprezenie\/\" \/>\n<script type=\"application\/ld+json\" class=\"yoast-schema-graph\">{\"@context\":\"https:\\\/\\\/schema.org\",\"@graph\":[{\"@type\":\"WebPage\",\"@id\":\"https:\\\/\\\/www.elcony.com\\\/pl\\\/moment-obrotowy-i-naprezenie\\\/\",\"url\":\"https:\\\/\\\/www.elcony.com\\\/pl\\\/moment-obrotowy-i-naprezenie\\\/\",\"name\":\"Kurs Momentu obrotowego i napinania (SOG) | R\u00f3wnie\u017c Incompany\",\"isPartOf\":{\"@id\":\"https:\\\/\\\/www.elcony.com\\\/it\\\/#website\"},\"datePublished\":\"2023-10-06T08:02:23+00:00\",\"dateModified\":\"2026-02-06T13:00:55+00:00\",\"description\":\"Kurs Torque & Tensioning SOG lub ELCONY. Spe\u0142nia holenderskie normy, dla kt\u00f3rych wymagany jest wa\u017cny certyfikat SOG.\",\"breadcrumb\":{\"@id\":\"https:\\\/\\\/www.elcony.com\\\/pl\\\/moment-obrotowy-i-naprezenie\\\/#breadcrumb\"},\"inLanguage\":\"pl-PL\",\"potentialAction\":[{\"@type\":\"ReadAction\",\"target\":[\"https:\\\/\\\/www.elcony.com\\\/pl\\\/moment-obrotowy-i-naprezenie\\\/\"]}]},{\"@type\":\"BreadcrumbList\",\"@id\":\"https:\\\/\\\/www.elcony.com\\\/pl\\\/moment-obrotowy-i-naprezenie\\\/#breadcrumb\",\"itemListElement\":[{\"@type\":\"ListItem\",\"position\":1,\"name\":\"Home\",\"item\":\"https:\\\/\\\/www.elcony.com\\\/pl\\\/\"},{\"@type\":\"ListItem\",\"position\":2,\"name\":\"Moment obrotowy i napinanie\"}]},{\"@type\":\"WebSite\",\"@id\":\"https:\\\/\\\/www.elcony.com\\\/it\\\/#website\",\"url\":\"https:\\\/\\\/www.elcony.com\\\/it\\\/\",\"name\":\"ELCONY\",\"description\":\"ARBO, VCA en SOG Opleidingen\",\"potentialAction\":[{\"@type\":\"SearchAction\",\"target\":{\"@type\":\"EntryPoint\",\"urlTemplate\":\"https:\\\/\\\/www.elcony.com\\\/it\\\/?s={search_term_string}\"},\"query-input\":{\"@type\":\"PropertyValueSpecification\",\"valueRequired\":true,\"valueName\":\"search_term_string\"}}],\"inLanguage\":\"pl-PL\"}]}<\/script>\n<!-- \/ Yoast SEO plugin. -->","yoast_head_json":{"title":"Kurs Momentu obrotowego i napinania (SOG) | R\u00f3wnie\u017c Incompany","description":"Kurs Torque & Tensioning SOG lub ELCONY. Spe\u0142nia holenderskie normy, dla kt\u00f3rych wymagany jest wa\u017cny certyfikat SOG.","robots":{"index":"index","follow":"follow","max-snippet":"max-snippet:-1","max-image-preview":"max-image-preview:large","max-video-preview":"max-video-preview:-1"},"canonical":"https:\/\/www.elcony.com\/pl\/moment-obrotowy-i-naprezenie\/","schema":{"@context":"https:\/\/schema.org","@graph":[{"@type":"WebPage","@id":"https:\/\/www.elcony.com\/pl\/moment-obrotowy-i-naprezenie\/","url":"https:\/\/www.elcony.com\/pl\/moment-obrotowy-i-naprezenie\/","name":"Kurs Momentu obrotowego i napinania (SOG) | R\u00f3wnie\u017c Incompany","isPartOf":{"@id":"https:\/\/www.elcony.com\/it\/#website"},"datePublished":"2023-10-06T08:02:23+00:00","dateModified":"2026-02-06T13:00:55+00:00","description":"Kurs Torque & Tensioning SOG lub ELCONY. Spe\u0142nia holenderskie normy, dla kt\u00f3rych wymagany jest wa\u017cny certyfikat SOG.","breadcrumb":{"@id":"https:\/\/www.elcony.com\/pl\/moment-obrotowy-i-naprezenie\/#breadcrumb"},"inLanguage":"pl-PL","potentialAction":[{"@type":"ReadAction","target":["https:\/\/www.elcony.com\/pl\/moment-obrotowy-i-naprezenie\/"]}]},{"@type":"BreadcrumbList","@id":"https:\/\/www.elcony.com\/pl\/moment-obrotowy-i-naprezenie\/#breadcrumb","itemListElement":[{"@type":"ListItem","position":1,"name":"Home","item":"https:\/\/www.elcony.com\/pl\/"},{"@type":"ListItem","position":2,"name":"Moment obrotowy i napinanie"}]},{"@type":"WebSite","@id":"https:\/\/www.elcony.com\/it\/#website","url":"https:\/\/www.elcony.com\/it\/","name":"ELCONY","description":"ARBO, VCA en SOG Opleidingen","potentialAction":[{"@type":"SearchAction","target":{"@type":"EntryPoint","urlTemplate":"https:\/\/www.elcony.com\/it\/?s={search_term_string}"},"query-input":{"@type":"PropertyValueSpecification","valueRequired":true,"valueName":"search_term_string"}}],"inLanguage":"pl-PL"}]}},"_links":{"self":[{"href":"https:\/\/www.elcony.com\/pl\/wp-json\/wp\/v2\/pages\/185766","targetHints":{"allow":["GET"]}}],"collection":[{"href":"https:\/\/www.elcony.com\/pl\/wp-json\/wp\/v2\/pages"}],"about":[{"href":"https:\/\/www.elcony.com\/pl\/wp-json\/wp\/v2\/types\/page"}],"author":[{"embeddable":true,"href":"https:\/\/www.elcony.com\/pl\/wp-json\/wp\/v2\/users\/1"}],"replies":[{"embeddable":true,"href":"https:\/\/www.elcony.com\/pl\/wp-json\/wp\/v2\/comments?post=185766"}],"version-history":[{"count":3,"href":"https:\/\/www.elcony.com\/pl\/wp-json\/wp\/v2\/pages\/185766\/revisions"}],"predecessor-version":[{"id":391338,"href":"https:\/\/www.elcony.com\/pl\/wp-json\/wp\/v2\/pages\/185766\/revisions\/391338"}],"wp:attachment":[{"href":"https:\/\/www.elcony.com\/pl\/wp-json\/wp\/v2\/media?parent=185766"}],"curies":[{"name":"wp","href":"https:\/\/api.w.org\/{rel}","templated":true}]}}