{"id":186529,"date":"2023-10-08T11:30:46","date_gmt":"2023-10-08T09:30:46","guid":{"rendered":"https:\/\/www.elcony.com\/twin-ferrule\/"},"modified":"2026-02-06T20:23:39","modified_gmt":"2026-02-06T19:23:39","slug":"twin-ferrule","status":"publish","type":"page","link":"https:\/\/www.elcony.com\/pl\/twin-ferrule\/","title":{"rendered":"Twin Ferrule"},"content":{"rendered":"<div class=\"fusion-fullwidth fullwidth-box fusion-builder-row-1 has-pattern-background has-mask-background nonhundred-percent-fullwidth non-hundred-percent-height-scrolling\" style=\"--awb-border-radius-top-left:0px;--awb-border-radius-top-right:0px;--awb-border-radius-bottom-right:0px;--awb-border-radius-bottom-left:0px;--awb-flex-wrap:wrap;\" ><div class=\"fusion-builder-row fusion-row\"><div class=\"fusion-layout-column fusion_builder_column fusion-builder-column-0 fusion_builder_column_1_5 1_5 fusion-one-fifth fusion-column-first\" style=\"--awb-bg-blend:overlay;--awb-bg-size:cover;width:20%;width:calc(20% - ( ( 4% + 4% ) * 0.2 ) );margin-right: 4%;\"><div class=\"fusion-column-wrapper fusion-flex-column-wrapper-legacy\"><div class=\"fusion-clearfix\"><\/div><\/div><\/div><div class=\"fusion-layout-column fusion_builder_column fusion-builder-column-1 fusion_builder_column_3_5 3_5 fusion-three-fifth\" style=\"--awb-bg-blend:overlay;--awb-bg-size:cover;width:60%;width:calc(60% - ( ( 4% + 4% ) * 0.6 ) );margin-right: 4%;\"><div class=\"fusion-column-wrapper fusion-flex-column-wrapper-legacy\"><div class=\"fusion-text fusion-text-1\"><h1>Praca ze z\u0142\u0105czkami Twin Ferrule<\/h1>\n<p> Z\u0142\u0105czki twin ferrule s\u0105 szeroko stosowane w przemy\u015ble (petro)chemicznym, instrumentacji oraz instalacjach procesowych. Prawid\u0142owy monta\u017c jest niezb\u0119dny, aby zapobiec wyciekom, uszkodzeniom materia\u0142\u00f3w i kosztom awarii. Dzi\u0119ki kursowi Praca ze z\u0142\u0105czkami Twin Ferrule nauczysz si\u0119 montowa\u0107 te z\u0142\u0105czki w spos\u00f3b bezpieczny, prawid\u0142owy i zgodny z obowi\u0105zuj\u0105cymi wytycznymi. <\/p>\n<h2>Czym s\u0105 z\u0142\u0105czki twin ferrule?<\/h2>\n<p> Z\u0142\u0105czki twin ferrule sk\u0142adaj\u0105 si\u0119 z pier\u015bcienia przedniego i tylnego, kt\u00f3re razem zapewniaj\u0105 niezawodne i odporne na ci\u015bnienie po\u0142\u0105czenie pomi\u0119dzy rur\u0105 a z\u0142\u0105czk\u0105. S\u0105 one cz\u0119sto stosowane w instalacjach instrumentacyjnych, gdzie obowi\u0105zuj\u0105 wysokie wymagania dotycz\u0105ce bezpiecze\u0144stwa i precyzji. <\/p>\n<h2>Dla kogo przeznaczony jest kurs Praca ze z\u0142\u0105czkami Twin Ferrule?<\/h2>\n<ul>\n<li>Monter\u00f3w i technik\u00f3w utrzymania ruchu.<\/li>\n<li>Monter\u00f3w instrumentacji.<\/li>\n<li>Pracownik\u00f3w przemys\u0142u (petro)chemicznego.<\/li>\n<li>Os\u00f3b samozatrudnionych i kontraktor\u00f3w.<\/li>\n<li>Personelu technicznego pracuj\u0105cego ze z\u0142\u0105czkami rurowymi i instrumentacyjnymi.<\/li>\n<\/ul>\n<h2>Praca ze z\u0142\u0105czkami Twin Ferrule bez SOG<\/h2>\n<h3>Grupa docelowa<\/h3>\n<p> Szkolenie to jest przeznaczone dla pracownik\u00f3w montuj\u0105cych z\u0142\u0105czki twin ferrule u zleceniodawc\u00f3w, u kt\u00f3rych nie obowi\u0105zuje wym\u00f3g SOG. <\/p>\n<h3>Kiedy wybra\u0107 z\u0142\u0105czki Twin Ferrule bez SOG?<\/h3>\n<ul>\n<li>Tw\u00f3j zleceniodawca nie wymaga dyplomu SOG.<\/li>\n<li>Pracujesz zgodnie z wewn\u0119trznymi procedurami bezpiecze\u0144stwa i monta\u017cu.<\/li>\n<li>Szukasz praktycznego szkolenia bez zewn\u0119trznego egzaminu SOG.<\/li>\n<\/ul>\n<p> Po uko\u0144czeniu szkolenia otrzymasz dyplom z rejestracj\u0105 w <strong>Rejestrze Dyplom\u00f3w ELCONY<\/strong>, kt\u00f3ry jest <strong>wa\u017cny przez 5 lat<\/strong>. <\/p>\n<h3><strong>Czas trwania kursu i cena<\/strong><\/h3>\n<ul>\n<li>1 dzie\u0144 z posiadan\u0105 wiedz\u0105 wst\u0119pn\u0105 dzi\u0119ki naszemu przygotowaniu online lub kursowi od\u015bwie\u017caj\u0105cemu: <strong>\u20ac 255,00<\/strong> bez VAT<\/li>\n<li>2 dni bez wcze\u015bniejszego do\u015bwiadczenia: <strong>\u20ac 455,00<\/strong> bez VAT<\/li>\n<\/ul>\n<h2 id=\"sog\">Praca ze z\u0142\u0105czkami Twin Ferrule z SOG<\/h2>\n<h3>Grupa docelowa<\/h3>\n<p> Kurs Praca ze z\u0142\u0105czkami Twin Ferrule uznany przez SOG jest przeznaczony dla pracownik\u00f3w, kt\u00f3rzy pracuj\u0105 u zleceniodawc\u00f3w wymagaj\u0105cych oficjalnie uznanego dyplomu SOG. <\/p>\n<h3>Kiedy z\u0142\u0105czki Twin Ferrule (SOG) s\u0105 obowi\u0105zkowe?<\/h3>\n<ul>\n<li>Podczas prac na terenach zak\u0142ad\u00f3w (petro)chemicznych.<\/li>\n<li>U zleceniodawc\u00f3w pracuj\u0105cych zgodnie z wymaganiami SSVV.<\/li>\n<li>Podczas postoj\u00f3w remontowych i turnarounds.<\/li>\n<li>W lokalizacjach z rygorystycznie regulowanymi procedurami bezpiecze\u0144stwa.<\/li>\n<\/ul>\n<p> Po zdaniu egzaminu dyplom zostaje zarejestrowany w <strong>Rejestrze Dyplom\u00f3w SSVV<\/strong> i jest wa\u017cny przez 5 lat. <\/p>\n<h3><strong>Czas trwania kursu i cena<\/strong><\/h3>\n<ul>\n<li>1 dzie\u0144 z posiadan\u0105 wiedz\u0105 wst\u0119pn\u0105 dzi\u0119ki naszemu przygotowaniu online lub kursowi od\u015bwie\u017caj\u0105cemu: <strong>\u20ac 369,00<\/strong> bez VAT<\/li>\n<li>2 dni bez wcze\u015bniejszego do\u015bwiadczenia: <strong>\u20ac 569,00<\/strong> bez VAT<\/li>\n<\/ul>\n<h2>Lokalizacje<\/h2>\n<p> Kurs Praca ze z\u0142\u0105czkami twin ferrule odbywa si\u0119 w kilku lokalizacjach w Holandii i mo\u017ce by\u0107 r\u00f3wnie\u017c realizowany w Pa\u0144stwa w\u0142asnej lokalizacji. <\/p>\n<h2><strong>Kontakt<\/strong><\/h2>\n<p> Aby uzyska\u0107 wi\u0119cej informacji lub si\u0119 zapisa\u0107, prosimy dzwoni\u0107 pod numer <strong>+31(0)88-2200100<\/strong> lub wys\u0142a\u0107 e-mail na adres <strong><a href=\"&#109;&#x61;i&#x6c;t&#111;&#x3a;&#105;&#x6e;f&#111;&#x40;&#101;&#x6c;c&#x6f;&#x6e;&#121;&#x2e;c&#x6f;m\">&#x69;&#x6e;&#x66;&#x6f;&#x40;&#x65;&#x6c;&#x63;&#x6f;&#x6e;&#x79;&#46;&#99;&#111;&#109;<\/a><\/strong>.<\/p>\n<\/div><div class=\"fusion-clearfix\"><\/div><\/div><\/div><div class=\"fusion-layout-column fusion_builder_column fusion-builder-column-2 fusion_builder_column_1_5 1_5 fusion-one-fifth fusion-column-last\" style=\"--awb-bg-blend:overlay;--awb-bg-size:cover;width:20%;width:calc(20% - ( ( 4% + 4% ) * 0.2 ) );\"><div class=\"fusion-column-wrapper fusion-flex-column-wrapper-legacy\"><div class=\"fusion-clearfix\"><\/div><\/div><\/div><\/div><\/div>\n","protected":false},"excerpt":{"rendered":"","protected":false},"author":1,"featured_media":0,"parent":0,"menu_order":6,"comment_status":"closed","ping_status":"closed","template":"","meta":{"footnotes":""},"class_list":["post-186529","page","type-page","status-publish","hentry"],"yoast_head":"<!-- This site is optimized with the Yoast SEO plugin v27.6 - https:\/\/yoast.com\/product\/yoast-seo-wordpress\/ -->\n<title>Praca z z\u0142\u0105czkami Twin Ferrule (SOG) \u2013 og\u00f3lnokrajowo i incompany<\/title>\n<meta name=\"description\" content=\"Naucz si\u0119 bezpiecznie i prawid\u0142owo pracowa\u0107 ze z\u0142\u0105czkami twin ferrule. Praktycznie ukierunkowany kurs dla monter\u00f3w i pracownik\u00f3w instrumentacji.\" \/>\n<meta name=\"robots\" content=\"index, follow, max-snippet:-1, max-image-preview:large, max-video-preview:-1\" \/>\n<link rel=\"canonical\" href=\"https:\/\/www.elcony.com\/werken-met-twin-ferrule-fittingen\/\" \/>\n<script type=\"application\/ld+json\" class=\"yoast-schema-graph\">{\"@context\":\"https:\\\/\\\/schema.org\",\"@graph\":[{\"@type\":\"WebPage\",\"@id\":\"https:\\\/\\\/www.elcony.com\\\/werken-met-twin-ferrule-fittingen\\\/\",\"url\":\"https:\\\/\\\/www.elcony.com\\\/werken-met-twin-ferrule-fittingen\\\/\",\"name\":\"Praca z z\u0142\u0105czkami Twin Ferrule (SOG) \u2013 og\u00f3lnokrajowo i incompany\",\"isPartOf\":{\"@id\":\"https:\\\/\\\/www.elcony.com\\\/it\\\/#website\"},\"datePublished\":\"2023-10-08T09:30:46+00:00\",\"dateModified\":\"2026-02-06T19:23:39+00:00\",\"description\":\"Naucz si\u0119 bezpiecznie i prawid\u0142owo pracowa\u0107 ze z\u0142\u0105czkami twin ferrule. Praktycznie ukierunkowany kurs dla monter\u00f3w i pracownik\u00f3w instrumentacji.\",\"breadcrumb\":{\"@id\":\"https:\\\/\\\/www.elcony.com\\\/werken-met-twin-ferrule-fittingen\\\/#breadcrumb\"},\"inLanguage\":\"pl-PL\",\"potentialAction\":[{\"@type\":\"ReadAction\",\"target\":[\"https:\\\/\\\/www.elcony.com\\\/werken-met-twin-ferrule-fittingen\\\/\"]}]},{\"@type\":\"BreadcrumbList\",\"@id\":\"https:\\\/\\\/www.elcony.com\\\/werken-met-twin-ferrule-fittingen\\\/#breadcrumb\",\"itemListElement\":[{\"@type\":\"ListItem\",\"position\":1,\"name\":\"Home\",\"item\":\"https:\\\/\\\/www.elcony.com\\\/pl\\\/\"},{\"@type\":\"ListItem\",\"position\":2,\"name\":\"Twin Ferrule\"}]},{\"@type\":\"WebSite\",\"@id\":\"https:\\\/\\\/www.elcony.com\\\/it\\\/#website\",\"url\":\"https:\\\/\\\/www.elcony.com\\\/it\\\/\",\"name\":\"ELCONY\",\"description\":\"ARBO, VCA en SOG Opleidingen\",\"potentialAction\":[{\"@type\":\"SearchAction\",\"target\":{\"@type\":\"EntryPoint\",\"urlTemplate\":\"https:\\\/\\\/www.elcony.com\\\/it\\\/?s={search_term_string}\"},\"query-input\":{\"@type\":\"PropertyValueSpecification\",\"valueRequired\":true,\"valueName\":\"search_term_string\"}}],\"inLanguage\":\"pl-PL\"}]}<\/script>\n<!-- \/ Yoast SEO plugin. -->","yoast_head_json":{"title":"Praca z z\u0142\u0105czkami Twin Ferrule (SOG) \u2013 og\u00f3lnokrajowo i incompany","description":"Naucz si\u0119 bezpiecznie i prawid\u0142owo pracowa\u0107 ze z\u0142\u0105czkami twin ferrule. Praktycznie ukierunkowany kurs dla monter\u00f3w i pracownik\u00f3w instrumentacji.","robots":{"index":"index","follow":"follow","max-snippet":"max-snippet:-1","max-image-preview":"max-image-preview:large","max-video-preview":"max-video-preview:-1"},"canonical":"https:\/\/www.elcony.com\/werken-met-twin-ferrule-fittingen\/","schema":{"@context":"https:\/\/schema.org","@graph":[{"@type":"WebPage","@id":"https:\/\/www.elcony.com\/werken-met-twin-ferrule-fittingen\/","url":"https:\/\/www.elcony.com\/werken-met-twin-ferrule-fittingen\/","name":"Praca z z\u0142\u0105czkami Twin Ferrule (SOG) \u2013 og\u00f3lnokrajowo i incompany","isPartOf":{"@id":"https:\/\/www.elcony.com\/it\/#website"},"datePublished":"2023-10-08T09:30:46+00:00","dateModified":"2026-02-06T19:23:39+00:00","description":"Naucz si\u0119 bezpiecznie i prawid\u0142owo pracowa\u0107 ze z\u0142\u0105czkami twin ferrule. Praktycznie ukierunkowany kurs dla monter\u00f3w i pracownik\u00f3w instrumentacji.","breadcrumb":{"@id":"https:\/\/www.elcony.com\/werken-met-twin-ferrule-fittingen\/#breadcrumb"},"inLanguage":"pl-PL","potentialAction":[{"@type":"ReadAction","target":["https:\/\/www.elcony.com\/werken-met-twin-ferrule-fittingen\/"]}]},{"@type":"BreadcrumbList","@id":"https:\/\/www.elcony.com\/werken-met-twin-ferrule-fittingen\/#breadcrumb","itemListElement":[{"@type":"ListItem","position":1,"name":"Home","item":"https:\/\/www.elcony.com\/pl\/"},{"@type":"ListItem","position":2,"name":"Twin Ferrule"}]},{"@type":"WebSite","@id":"https:\/\/www.elcony.com\/it\/#website","url":"https:\/\/www.elcony.com\/it\/","name":"ELCONY","description":"ARBO, VCA en SOG Opleidingen","potentialAction":[{"@type":"SearchAction","target":{"@type":"EntryPoint","urlTemplate":"https:\/\/www.elcony.com\/it\/?s={search_term_string}"},"query-input":{"@type":"PropertyValueSpecification","valueRequired":true,"valueName":"search_term_string"}}],"inLanguage":"pl-PL"}]}},"_links":{"self":[{"href":"https:\/\/www.elcony.com\/pl\/wp-json\/wp\/v2\/pages\/186529","targetHints":{"allow":["GET"]}}],"collection":[{"href":"https:\/\/www.elcony.com\/pl\/wp-json\/wp\/v2\/pages"}],"about":[{"href":"https:\/\/www.elcony.com\/pl\/wp-json\/wp\/v2\/types\/page"}],"author":[{"embeddable":true,"href":"https:\/\/www.elcony.com\/pl\/wp-json\/wp\/v2\/users\/1"}],"replies":[{"embeddable":true,"href":"https:\/\/www.elcony.com\/pl\/wp-json\/wp\/v2\/comments?post=186529"}],"version-history":[{"count":3,"href":"https:\/\/www.elcony.com\/pl\/wp-json\/wp\/v2\/pages\/186529\/revisions"}],"predecessor-version":[{"id":391467,"href":"https:\/\/www.elcony.com\/pl\/wp-json\/wp\/v2\/pages\/186529\/revisions\/391467"}],"wp:attachment":[{"href":"https:\/\/www.elcony.com\/pl\/wp-json\/wp\/v2\/media?parent=186529"}],"curies":[{"name":"wp","href":"https:\/\/api.w.org\/{rel}","templated":true}]}}