{"id":234431,"date":"2023-11-26T14:30:21","date_gmt":"2023-11-26T13:30:21","guid":{"rendered":"https:\/\/www.elcony.com\/przemieszczanie-ladunkow\/"},"modified":"2023-11-26T14:30:24","modified_gmt":"2023-11-26T13:30:24","slug":"przemieszczanie-ladunkow","status":"publish","type":"page","link":"https:\/\/www.elcony.com\/pl\/przemieszczanie-ladunkow\/","title":{"rendered":"Przemieszczanie \u0142adunk\u00f3w"},"content":{"rendered":"<p><div class=\"fusion-fullwidth fullwidth-box fusion-builder-row-1 nonhundred-percent-fullwidth non-hundred-percent-height-scrolling\" style=\"--awb-border-radius-top-left:0px;--awb-border-radius-top-right:0px;--awb-border-radius-bottom-right:0px;--awb-border-radius-bottom-left:0px;--awb-flex-wrap:wrap;\" ><div class=\"fusion-builder-row fusion-row\"><div class=\"fusion-layout-column fusion_builder_column fusion-builder-column-0 fusion_builder_column_1_6 1_6 fusion-one-sixth fusion-column-first\" style=\"--awb-bg-size:cover;width:16.666666666667%;width:calc(16.666666666667% - ( ( 4% + 4% ) * 0.16666666666667 ) );margin-right: 4%;\"><div class=\"fusion-column-wrapper fusion-flex-column-wrapper-legacy\"><div class=\"fusion-sep-clear\"><\/div><div class=\"fusion-separator fusion-full-width-sep\" style=\"margin-left: auto;margin-right: auto;margin-top:20px;width:100%;\"><\/div><div class=\"fusion-sep-clear\"><\/div><div class=\"fusion-clearfix\"><\/div><\/div><\/div><div class=\"fusion-layout-column fusion_builder_column fusion-builder-column-1 fusion_builder_column_2_3 2_3 fusion-two-third\" style=\"--awb-padding-bottom:20px;--awb-bg-size:cover;--awb-margin-top:0px;--awb-margin-bottom:0px;width:66.666666666667%;width:calc(66.666666666667% - ( ( 4% + 4% ) * 0.66666666666667 ) );margin-right: 4%;\"><div class=\"fusion-column-wrapper fusion-flex-column-wrapper-legacy\"><div class=\"fusion-content-boxes content-boxes columns row fusion-columns-2 fusion-columns-total-2 fusion-content-boxes-1 content-boxes-clean-vertical content-left content-boxes-icon-on-top\" style=\"--awb-hover-accent-color:#555555;--awb-circle-hover-accent-color:#555555;\" data-animationOffset=\"top-into-view\"><div style=\"--awb-backgroundcolor:rgba(255,255,255,0);border-color:rgba(255,255,255,0);\" class=\"fusion-column content-box-column content-box-column content-box-column-1 col-lg-6 col-md-6 col-sm-6 fusion-content-box-hover content-box-column-first-in-row\"><div class=\"col content-box-wrapper content-wrapper link-area-box link-type-text icon-hover-animation-fade\" data-link=\"#vvl-elcony\" data-link-target=\"_self\" data-animationOffset=\"top-into-view\"><div class=\"heading heading-with-icon icon-left\"><a class=\"heading-link\" href=\"#vvl-elcony\" target=\"_self\"><div aria-hidden=\"true\" class=\"image\"><img decoding=\"async\" src=\"https:\/\/www.elcony.com\/wp-content\/uploads\/2023\/09\/Logo-ELCONY-160x100-1.png\" width=\"160\" height=\"100\" alt=\"\" \/><\/div><h2 class=\"content-box-heading\" style=\"--h2_typography-font-size:26px;line-height:31px;\">Przemieszczanie \u0142adunk\u00f3w (VVL)<\/h2><\/a><\/div><div class=\"fusion-clearfix\"><\/div><a class=\" fusion-read-more\" href=\"#vvl-elcony\" target=\"_self\">Wi\u0119cej informacji<\/a><div class=\"fusion-clearfix\"><\/div><\/div><\/div><div style=\"--awb-backgroundcolor:rgba(255,255,255,0);border-color:rgba(255,255,255,0);\" class=\"fusion-column content-box-column content-box-column content-box-column-2 col-lg-6 col-md-6 col-sm-6 fusion-content-box-hover content-box-column-last content-box-column-last-in-row\"><div class=\"col content-box-wrapper content-wrapper link-area-box link-type-text icon-hover-animation-fade\" data-link=\"#hp-elcony\" data-link-target=\"_self\" data-animationOffset=\"top-into-view\"><div class=\"heading heading-with-icon icon-left\"><a class=\"heading-link\" href=\"#hp-elcony\" target=\"_self\"><div aria-hidden=\"true\" class=\"image\"><img decoding=\"async\" src=\"https:\/\/www.elcony.com\/wp-content\/uploads\/2023\/09\/Logo-ELCONY-160x100-1.png\" width=\"160\" height=\"100\" alt=\"\" \/><\/div><h2 class=\"content-box-heading\" style=\"--h2_typography-font-size:26px;line-height:31px;\">Praca z hal\u0105 i suwnic\u0105 bramow\u0105<\/h2><\/a><\/div><div class=\"fusion-clearfix\"><\/div><a class=\" fusion-read-more\" href=\"#hp-elcony\" target=\"_self\">Wi\u0119cej informacji<\/a><div class=\"fusion-clearfix\"><\/div><\/div><\/div><div class=\"fusion-clearfix\"><\/div><\/div><div class=\"fusion-clearfix\"><\/div><\/div><\/div><div class=\"fusion-layout-column fusion_builder_column fusion-builder-column-2 fusion_builder_column_1_6 1_6 fusion-one-sixth fusion-column-last\" style=\"--awb-bg-size:cover;width:16.666666666667%;width:calc(16.666666666667% - ( ( 4% + 4% ) * 0.16666666666667 ) );\"><div class=\"fusion-column-wrapper fusion-flex-column-wrapper-legacy\"><div class=\"fusion-clearfix\"><\/div><\/div><\/div><\/div><\/div><div id=\"vvl-elcony\" class=\"fusion-container-anchor\"><div class=\"fusion-fullwidth fullwidth-box fusion-builder-row-2 has-pattern-background has-mask-background nonhundred-percent-fullwidth non-hundred-percent-height-scrolling\" style=\"--awb-border-radius-top-left:0px;--awb-border-radius-top-right:0px;--awb-border-radius-bottom-right:0px;--awb-border-radius-bottom-left:0px;--awb-background-color:#f7f7f7;--awb-flex-wrap:wrap;\" ><div class=\"fusion-builder-row fusion-row\"><div class=\"fusion-layout-column fusion_builder_column fusion-builder-column-3 fusion_builder_column_1_6 1_6 fusion-one-sixth fusion-column-first\" style=\"--awb-bg-size:cover;width:16.666666666667%;width:calc(16.666666666667% - ( ( 4% + 4% ) * 0.16666666666667 ) );margin-right: 4%;\"><div class=\"fusion-column-wrapper fusion-flex-column-wrapper-legacy\"><div class=\"fusion-image-element fusion-image-align-center in-legacy-container\" style=\"text-align:center;--awb-caption-title-font-family:var(--h2_typography-font-family);--awb-caption-title-font-weight:var(--h2_typography-font-weight);--awb-caption-title-font-style:var(--h2_typography-font-style);--awb-caption-title-size:var(--h2_typography-font-size);--awb-caption-title-transform:var(--h2_typography-text-transform);--awb-caption-title-line-height:var(--h2_typography-line-height);--awb-caption-title-letter-spacing:var(--h2_typography-letter-spacing);\"><div class=\"imageframe-align-center\"><span class=\" fusion-imageframe imageframe-none imageframe-1 hover-type-none\"><img decoding=\"async\" width=\"160\" height=\"100\" title=\"Logo ELCONY 160&#215;100\" src=\"https:\/\/www.elcony.com\/wp-content\/uploads\/2023\/09\/Logo-ELCONY-160x100-1.png\" alt class=\"img-responsive wp-image-185473\"\/><\/span><\/div><\/div><div class=\"fusion-sep-clear\"><\/div><div class=\"fusion-separator fusion-full-width-sep\" style=\"margin-left: auto;margin-right: auto;margin-top:20px;width:100%;\"><\/div><div class=\"fusion-sep-clear\"><\/div><div class=\"fusion-clearfix\"><\/div><\/div><\/div><div class=\"fusion-layout-column fusion_builder_column fusion-builder-column-4 fusion_builder_column_2_3 2_3 fusion-two-third\" style=\"--awb-padding-bottom:20px;--awb-bg-size:cover;--awb-margin-top:0px;--awb-margin-bottom:0px;width:66.666666666667%;width:calc(66.666666666667% - ( ( 4% + 4% ) * 0.66666666666667 ) );margin-right: 4%;\"><div class=\"fusion-column-wrapper fusion-flex-column-wrapper-legacy\"><div class=\"fusion-text fusion-text-1\"><h2>Przemieszczanie \u0142adunk\u00f3w (VVL)<\/h2>\n<\/div><div class=\"fusion-text fusion-text-2\"><h3>Grupa docelowa<\/h3>\n<p>Pracownicy obs\u0142uguj\u0105cy i przemieszczaj\u0105cy \u0142adunki na terenie zak\u0142ad\u00f3w (petro)chemicznych w instalacjach, warsztatach.<\/p>\n<h3>Cel szkolenia<\/h3>\n<p>Umiej\u0119tno\u015b\u0107 bezpiecznego podnoszenia i przenoszenia \u0142adunk\u00f3w za pomoc\u0105 urz\u0105dze\u0144 d\u017awigowych i narz\u0119dzi do podnoszenia.<\/p>\n<h3>Teoria<\/h3>\n<p>Poj\u0119cia, przepisy prawne i regulacje.<br \/>\nPasy podnosz\u0105ce.<br \/>\nLiny stalowe.<br \/>\n\u0141a\u0144cuch i konstrukcja \u0142a\u0144cuchowa.<br \/>\nSpecjalny sprz\u0119t do podnoszenia.<br \/>\nWci\u0105gniki, belki podnosz\u0105ce i w\u00f3zki.<br \/>\nKontrola i certyfikacja.<br \/>\nBezpieczne podnoszenie \u0142adunk\u00f3w.<br \/>\nSygna\u0142y ramienia.<\/p>\n<h3>Praktyka<\/h3>\n<p>\u0106wiczenia w bezpiecznym zaczepianiu i przenoszeniu zasuwy, zaworu bezpiecze\u0144stwa, zakrzywionej rury na stojaku symulacyjnym i palecie przedmiot\u00f3w, silnika elektrycznego, desek rusztowania i stalowej kratownicy.<\/p>\n<h3>Wymagania<\/h3>\n<p>Kandydat powinien mie\u0107 uko\u0144czone 18 lat. Wyj\u0105tek stanowi\u0105 studenci, kt\u00f3rzy bior\u0105 udzia\u0142 w szkoleniu w ramach zdobywania kwalifikacji na poziomie podstawowym. W ich przypadku obowi\u0105zuje minimalny wiek 16 lat.<\/p>\n<h3>Czas trwania kursu<\/h3>\n<p>1 dzie\u0144 (2 sesje p\u00f3\u0142dniowe).<\/p>\n<h3>Dyplom<\/h3>\n<p>W przypadku kursu &#8220;Przenoszenie \u0142adunk\u00f3w (VVL)&#8221; ELCONY wykorzystuje matryce testowe SSVV. Jedyna r\u00f3\u017cnica mi\u0119dzy egzaminem SOG a egzaminem ELCONY polega na sposobie przeprowadzania egzaminu. Po egzaminie ELCONY uczestnicy nie otrzymuj\u0105 dyplomu SOG i nie s\u0105 rejestrowani w Centralnym Rejestrze Dyplom\u00f3w VCA. Zamiast tego otrzymuj\u0105 dyplom ELCONY. Dyplom ten jest zgodny z art. 8 ustawy o warunkach pracy, kt\u00f3ry odnosi si\u0119 do informacji i instrukcji. Firmy, kt\u00f3re nie uwa\u017caj\u0105 dyplomu SSVV za konieczny, mog\u0105 odwo\u0142a\u0107 si\u0119 do ustawy o bezpiecze\u0144stwie i higienie pracy. Dla tych firm ELCONY oferuje alternatyw\u0119.<br \/>\nDyplom jest wa\u017cny przez pi\u0119\u0107 lat.<\/p>\n<\/div><div class=\"fusion-text fusion-text-3\"><h3>Cena<\/h3>\n<p>229,00 \u20ac za osob\u0119. W przypadku uczestnictwa w firmie obowi\u0105zuje minimalna liczba 6 uczestnik\u00f3w.<\/p>\n<\/div><div class=\"fusion-text fusion-text-4\"><p>Zadzwo\u0144 do nas pod numer <strong>+31(0)88-2200100<\/strong> lub wy\u015blij e-mail na adres <a href=\"&#x6d;&#x61;&#x69;&#108;&#116;o:&#x69;&#x6e;&#x66;&#x6f;&#64;&#101;lc&#x6f;&#x6e;&#x79;&#46;&#99;&#111;m\"><strong>&#x69;&#110;f&#x6f;&#x40;&#101;l&#x63;&#x6f;&#110;y&#x2e;&#x63;&#111;m<\/strong><\/a>.<\/p>\n<\/div><div class=\"fusion-clearfix\"><\/div><\/div><\/div><div class=\"fusion-layout-column fusion_builder_column fusion-builder-column-5 fusion_builder_column_1_6 1_6 fusion-one-sixth fusion-column-last\" style=\"--awb-bg-size:cover;width:16.666666666667%;width:calc(16.666666666667% - ( ( 4% + 4% ) * 0.16666666666667 ) );\"><div class=\"fusion-column-wrapper fusion-flex-column-wrapper-legacy\"><div class=\"fusion-clearfix\"><\/div><\/div><\/div><\/div><\/div><\/div><div id=\"hp-elcony\" class=\"fusion-container-anchor\"><div class=\"fusion-fullwidth fullwidth-box fusion-builder-row-3 has-pattern-background has-mask-background nonhundred-percent-fullwidth non-hundred-percent-height-scrolling\" style=\"--awb-border-radius-top-left:0px;--awb-border-radius-top-right:0px;--awb-border-radius-bottom-right:0px;--awb-border-radius-bottom-left:0px;--awb-flex-wrap:wrap;\" ><div class=\"fusion-builder-row fusion-row\"><div class=\"fusion-layout-column fusion_builder_column fusion-builder-column-6 fusion_builder_column_1_6 1_6 fusion-one-sixth fusion-column-first\" style=\"--awb-bg-size:cover;width:16.666666666667%;width:calc(16.666666666667% - ( ( 4% + 4% ) * 0.16666666666667 ) );margin-right: 4%;\"><div class=\"fusion-column-wrapper fusion-flex-column-wrapper-legacy\"><div class=\"fusion-image-element fusion-image-align-center in-legacy-container\" style=\"text-align:center;--awb-caption-title-font-family:var(--h2_typography-font-family);--awb-caption-title-font-weight:var(--h2_typography-font-weight);--awb-caption-title-font-style:var(--h2_typography-font-style);--awb-caption-title-size:var(--h2_typography-font-size);--awb-caption-title-transform:var(--h2_typography-text-transform);--awb-caption-title-line-height:var(--h2_typography-line-height);--awb-caption-title-letter-spacing:var(--h2_typography-letter-spacing);\"><div class=\"imageframe-align-center\"><span class=\" fusion-imageframe imageframe-none imageframe-2 hover-type-none\"><img decoding=\"async\" width=\"160\" height=\"100\" title=\"Logo ELCONY 160&#215;100\" src=\"https:\/\/www.elcony.com\/wp-content\/uploads\/2023\/09\/Logo-ELCONY-160x100-1.png\" alt class=\"img-responsive wp-image-185473\"\/><\/span><\/div><\/div><div class=\"fusion-sep-clear\"><\/div><div class=\"fusion-separator fusion-full-width-sep\" style=\"margin-left: auto;margin-right: auto;margin-top:20px;width:100%;\"><\/div><div class=\"fusion-sep-clear\"><\/div><div class=\"fusion-clearfix\"><\/div><\/div><\/div><div class=\"fusion-layout-column fusion_builder_column fusion-builder-column-7 fusion_builder_column_2_3 2_3 fusion-two-third\" style=\"--awb-padding-bottom:20px;--awb-bg-size:cover;--awb-margin-top:0px;--awb-margin-bottom:0px;width:66.666666666667%;width:calc(66.666666666667% - ( ( 4% + 4% ) * 0.66666666666667 ) );margin-right: 4%;\"><div class=\"fusion-column-wrapper fusion-flex-column-wrapper-legacy\"><div class=\"fusion-text fusion-text-5\"><h1>Praca z hal\u0105 i suwnic\u0105 bramow\u0105<\/h1>\n<\/div><div class=\"fusion-text fusion-text-6\"><h3>Grupa docelowa<\/h3>\n<p>Pracownicy korzystaj\u0105cy z suwnic bramowych lub halowych.<\/p>\n<h3>Cel szkolenia<\/h3>\n<p>Do\u015bwiadczenie i nauka bezpiecznej pracy z suwnic\u0105 halow\u0105 lub bramow\u0105 oraz obs\u0142ugi \u0142adunk\u00f3w.<\/p>\n<h3>Teoria<\/h3>\n<p>Poj\u0119cia, przepisy prawne i regulacje.<br \/>\nPasy no\u015bne.<br \/>\nLiny stalowe.<br \/>\n\u0141a\u0144cuch i konstrukcja \u0142a\u0144cuchowa.<br \/>\nSpecjalny sprz\u0119t do podnoszenia.<br \/>\nWci\u0105gniki, belki podnosz\u0105ce i w\u00f3zki.<br \/>\nKontrola i certyfikacja.<br \/>\nBezpieczne podnoszenie \u0142adunk\u00f3w.<br \/>\nSygna\u0142y ramienia.<\/p>\n<h3>Praktyka<\/h3>\n<p>\u0106wiczenia w bezpiecznym zaczepianiu i przenoszeniu zasuwy, zaworu bezpiecze\u0144stwa, zakrzywionej rury na stojaku symulacyjnym i palecie przedmiot\u00f3w, silnika elektrycznego, desek rusztowania i stalowej kratownicy.<\/p>\n<h3>Wymagania<\/h3>\n<p>Kandydat powinien mie\u0107 uko\u0144czone 18 lat. Wyj\u0105tek stanowi\u0105 studenci, kt\u00f3rzy bior\u0105 udzia\u0142 w szkoleniu w ramach zdobywania kwalifikacji na poziomie podstawowym. W ich przypadku obowi\u0105zuje minimalny wiek 16 lat.<\/p>\n<h3>Czas trwania kursu<\/h3>\n<p>1 dzie\u0144 (2 sesje p\u00f3\u0142dniowe).<\/p>\n<h3>Dyplom<\/h3>\n<p>Zgodnie z artyku\u0142em 8 ustawy o warunkach pracy &#8211; informacje i instrukcje.<br \/>\nWa\u017cny przez 5 lat.<\/p>\n<\/div><div class=\"fusion-text fusion-text-7\"><h3>Cena<\/h3>\n<p>229,00 \u20ac za osob\u0119. W przypadku uczestnictwa w firmie obowi\u0105zuje minimalna liczba 6 uczestnik\u00f3w.<\/p>\n<\/div><div class=\"fusion-text fusion-text-8\"><p>Zadzwo\u0144 do nas pod numer <strong>+31(0)88-2200100<\/strong> lub wy\u015blij e-mail na adres <a href=\"&#x6d;&#x61;&#x69;&#x6c;&#x74;&#111;&#58;&#105;&#110;fo&#64;&#x65;&#x6c;&#x63;&#x6f;&#x6e;&#x79;&#46;&#99;&#111;m\"><strong>&#105;&#x6e;&#x66;o&#64;&#x65;l&#99;&#x6f;&#x6e;y&#46;&#x63;o&#109;<\/strong><\/a>.<\/p>\n<\/div><div class=\"fusion-clearfix\"><\/div><\/div><\/div><div class=\"fusion-layout-column fusion_builder_column fusion-builder-column-8 fusion_builder_column_1_6 1_6 fusion-one-sixth fusion-column-last\" style=\"--awb-bg-size:cover;width:16.666666666667%;width:calc(16.666666666667% - ( ( 4% + 4% ) * 0.16666666666667 ) );\"><div class=\"fusion-column-wrapper fusion-flex-column-wrapper-legacy\"><div class=\"fusion-clearfix\"><\/div><\/div><\/div><\/div><\/div><\/div><\/p>\n","protected":false},"excerpt":{"rendered":"","protected":false},"author":1,"featured_media":0,"parent":0,"menu_order":7,"comment_status":"closed","ping_status":"closed","template":"","meta":{"footnotes":""},"class_list":["post-234431","page","type-page","status-publish","hentry"],"yoast_head":"<!-- This site is optimized with the Yoast SEO plugin v27.5 - https:\/\/yoast.com\/product\/yoast-seo-wordpress\/ -->\n<title>Kurs Przemieszczanie \u0142adunk\u00f3w (VVL) | Dla przemys\u0142u holenderskiego<\/title>\n<meta name=\"description\" content=\"Kurs Przemieszczanie \u0142adunk\u00f3w (VVL). Zgodno\u015b\u0107 z holenderskimi standardami, wymagaj\u0105cymi wa\u017cnego dyplomu ARBO.\" \/>\n<meta name=\"robots\" content=\"index, follow, max-snippet:-1, max-image-preview:large, max-video-preview:-1\" \/>\n<link rel=\"canonical\" href=\"https:\/\/www.elcony.com\/pl\/przemieszczanie-ladunkow\/\" \/>\n<script type=\"application\/ld+json\" class=\"yoast-schema-graph\">{\"@context\":\"https:\\\/\\\/schema.org\",\"@graph\":[{\"@type\":\"WebPage\",\"@id\":\"https:\\\/\\\/www.elcony.com\\\/pl\\\/przemieszczanie-ladunkow\\\/\",\"url\":\"https:\\\/\\\/www.elcony.com\\\/pl\\\/przemieszczanie-ladunkow\\\/\",\"name\":\"Kurs Przemieszczanie \u0142adunk\u00f3w (VVL) | Dla przemys\u0142u holenderskiego\",\"isPartOf\":{\"@id\":\"https:\\\/\\\/www.elcony.com\\\/it\\\/#website\"},\"datePublished\":\"2023-11-26T13:30:21+00:00\",\"dateModified\":\"2023-11-26T13:30:24+00:00\",\"description\":\"Kurs Przemieszczanie \u0142adunk\u00f3w (VVL). Zgodno\u015b\u0107 z holenderskimi standardami, wymagaj\u0105cymi wa\u017cnego dyplomu ARBO.\",\"breadcrumb\":{\"@id\":\"https:\\\/\\\/www.elcony.com\\\/pl\\\/przemieszczanie-ladunkow\\\/#breadcrumb\"},\"inLanguage\":\"pl-PL\",\"potentialAction\":[{\"@type\":\"ReadAction\",\"target\":[\"https:\\\/\\\/www.elcony.com\\\/pl\\\/przemieszczanie-ladunkow\\\/\"]}]},{\"@type\":\"BreadcrumbList\",\"@id\":\"https:\\\/\\\/www.elcony.com\\\/pl\\\/przemieszczanie-ladunkow\\\/#breadcrumb\",\"itemListElement\":[{\"@type\":\"ListItem\",\"position\":1,\"name\":\"Home\",\"item\":\"https:\\\/\\\/www.elcony.com\\\/pl\\\/\"},{\"@type\":\"ListItem\",\"position\":2,\"name\":\"Przemieszczanie \u0142adunk\u00f3w\"}]},{\"@type\":\"WebSite\",\"@id\":\"https:\\\/\\\/www.elcony.com\\\/it\\\/#website\",\"url\":\"https:\\\/\\\/www.elcony.com\\\/it\\\/\",\"name\":\"ELCONY\",\"description\":\"ARBO, VCA en SOG Opleidingen\",\"potentialAction\":[{\"@type\":\"SearchAction\",\"target\":{\"@type\":\"EntryPoint\",\"urlTemplate\":\"https:\\\/\\\/www.elcony.com\\\/it\\\/?s={search_term_string}\"},\"query-input\":{\"@type\":\"PropertyValueSpecification\",\"valueRequired\":true,\"valueName\":\"search_term_string\"}}],\"inLanguage\":\"pl-PL\"}]}<\/script>\n<!-- \/ Yoast SEO plugin. -->","yoast_head_json":{"title":"Kurs Przemieszczanie \u0142adunk\u00f3w (VVL) | Dla przemys\u0142u holenderskiego","description":"Kurs Przemieszczanie \u0142adunk\u00f3w (VVL). Zgodno\u015b\u0107 z holenderskimi standardami, wymagaj\u0105cymi wa\u017cnego dyplomu ARBO.","robots":{"index":"index","follow":"follow","max-snippet":"max-snippet:-1","max-image-preview":"max-image-preview:large","max-video-preview":"max-video-preview:-1"},"canonical":"https:\/\/www.elcony.com\/pl\/przemieszczanie-ladunkow\/","schema":{"@context":"https:\/\/schema.org","@graph":[{"@type":"WebPage","@id":"https:\/\/www.elcony.com\/pl\/przemieszczanie-ladunkow\/","url":"https:\/\/www.elcony.com\/pl\/przemieszczanie-ladunkow\/","name":"Kurs Przemieszczanie \u0142adunk\u00f3w (VVL) | Dla przemys\u0142u holenderskiego","isPartOf":{"@id":"https:\/\/www.elcony.com\/it\/#website"},"datePublished":"2023-11-26T13:30:21+00:00","dateModified":"2023-11-26T13:30:24+00:00","description":"Kurs Przemieszczanie \u0142adunk\u00f3w (VVL). Zgodno\u015b\u0107 z holenderskimi standardami, wymagaj\u0105cymi wa\u017cnego dyplomu ARBO.","breadcrumb":{"@id":"https:\/\/www.elcony.com\/pl\/przemieszczanie-ladunkow\/#breadcrumb"},"inLanguage":"pl-PL","potentialAction":[{"@type":"ReadAction","target":["https:\/\/www.elcony.com\/pl\/przemieszczanie-ladunkow\/"]}]},{"@type":"BreadcrumbList","@id":"https:\/\/www.elcony.com\/pl\/przemieszczanie-ladunkow\/#breadcrumb","itemListElement":[{"@type":"ListItem","position":1,"name":"Home","item":"https:\/\/www.elcony.com\/pl\/"},{"@type":"ListItem","position":2,"name":"Przemieszczanie \u0142adunk\u00f3w"}]},{"@type":"WebSite","@id":"https:\/\/www.elcony.com\/it\/#website","url":"https:\/\/www.elcony.com\/it\/","name":"ELCONY","description":"ARBO, VCA en SOG Opleidingen","potentialAction":[{"@type":"SearchAction","target":{"@type":"EntryPoint","urlTemplate":"https:\/\/www.elcony.com\/it\/?s={search_term_string}"},"query-input":{"@type":"PropertyValueSpecification","valueRequired":true,"valueName":"search_term_string"}}],"inLanguage":"pl-PL"}]}},"_links":{"self":[{"href":"https:\/\/www.elcony.com\/pl\/wp-json\/wp\/v2\/pages\/234431","targetHints":{"allow":["GET"]}}],"collection":[{"href":"https:\/\/www.elcony.com\/pl\/wp-json\/wp\/v2\/pages"}],"about":[{"href":"https:\/\/www.elcony.com\/pl\/wp-json\/wp\/v2\/types\/page"}],"author":[{"embeddable":true,"href":"https:\/\/www.elcony.com\/pl\/wp-json\/wp\/v2\/users\/1"}],"replies":[{"embeddable":true,"href":"https:\/\/www.elcony.com\/pl\/wp-json\/wp\/v2\/comments?post=234431"}],"version-history":[{"count":0,"href":"https:\/\/www.elcony.com\/pl\/wp-json\/wp\/v2\/pages\/234431\/revisions"}],"wp:attachment":[{"href":"https:\/\/www.elcony.com\/pl\/wp-json\/wp\/v2\/media?parent=234431"}],"curies":[{"name":"wp","href":"https:\/\/api.w.org\/{rel}","templated":true}]}}