{"id":307347,"date":"2024-07-04T09:46:38","date_gmt":"2024-07-04T07:46:38","guid":{"rendered":"https:\/\/www.elcony.com\/atex\/"},"modified":"2025-03-20T23:53:02","modified_gmt":"2025-03-20T22:53:02","slug":"atex","status":"publish","type":"page","link":"https:\/\/www.elcony.com\/pl\/atex\/","title":{"rendered":"ATEX"},"content":{"rendered":"<div class=\"fusion-fullwidth fullwidth-box fusion-builder-row-1 nonhundred-percent-fullwidth non-hundred-percent-height-scrolling\" style=\"--awb-border-radius-top-left:0px;--awb-border-radius-top-right:0px;--awb-border-radius-bottom-right:0px;--awb-border-radius-bottom-left:0px;--awb-flex-wrap:wrap;\" ><div class=\"fusion-builder-row fusion-row\"><div class=\"fusion-layout-column fusion_builder_column fusion-builder-column-0 fusion_builder_column_1_5 1_5 fusion-one-fifth fusion-column-first\" style=\"--awb-bg-size:cover;width:20%;width:calc(20% - ( ( 4% + 4% ) * 0.2 ) );margin-right: 4%;\"><div class=\"fusion-column-wrapper fusion-flex-column-wrapper-legacy\"><div class=\"fusion-clearfix\"><\/div><\/div><\/div><div class=\"fusion-layout-column fusion_builder_column fusion-builder-column-1 fusion_builder_column_3_5 3_5 fusion-three-fifth\" style=\"--awb-padding-bottom:20x;--awb-bg-size:cover;--awb-margin-top:0px;--awb-margin-bottom:0px;width:60%;width:calc(60% - ( ( 4% + 4% ) * 0.6 ) );margin-right: 4%;\"><div class=\"fusion-column-wrapper fusion-flex-column-wrapper-legacy\"><div class=\"fusion-text fusion-text-1\"><h1>\u015awiadomo\u015b\u0107 ATEX (ATEX Awareness)<\/h1>\n<\/div><div class=\"fusion-text fusion-text-2\"><h3>Kurs online z egzaminem<\/h3>\n<\/div><div class=\"fusion-sep-clear\"><\/div><div class=\"fusion-separator fusion-full-width-sep\" style=\"margin-left: auto;margin-right: auto;margin-top:10px;width:100%;\"><\/div><div class=\"fusion-sep-clear\"><\/div><ul style=\"--awb-line-height:30.6px;--awb-icon-width:30.6px;--awb-icon-height:30.6px;--awb-icon-margin:12.6px;--awb-content-margin:43.2px;--awb-circlecolor:#5894e8;--awb-circle-yes-font-size:15.84px;\" class=\"fusion-checklist fusion-checklist-1 fusion-checklist-default type-icons\"><li class=\"fusion-li-item\" style=\"\"><span class=\"icon-wrapper circle-yes\"><i class=\"fusion-li-icon awb-icon-check\" aria-hidden=\"true\"><\/i><\/span><div class=\"fusion-li-item-content\">\n<p>Wyb\u00f3r spo\u015br\u00f3d wielu j\u0119zyk\u00f3w.<\/p>\n<\/div><\/li><li class=\"fusion-li-item\" style=\"\"><span class=\"icon-wrapper circle-yes\"><i class=\"fusion-li-icon awb-icon-check\" aria-hidden=\"true\"><\/i><\/span><div class=\"fusion-li-item-content\">\n<p>Przeprowad\u017a egzamin, kiedy ci odpowiada.<\/p>\n<\/div><\/li><\/ul><div class=\"fusion-sep-clear\"><\/div><div class=\"fusion-separator fusion-full-width-sep\" style=\"margin-left: auto;margin-right: auto;margin-top:20px;width:100%;\"><\/div><div class=\"fusion-sep-clear\"><\/div><div class=\"fusion-button-wrapper\"><a class=\"fusion-button button-3d fusion-button-default-size button-default fusion-button-default button-1 fusion-button-default-span fusion-button-default-type fusion-animated\" data-animationType=\"fadeInUp\" data-animationDuration=\"1.0\" data-animationOffset=\"top-into-view\" target=\"_self\" href=\"https:\/\/www.elcony.com\/pl\/produkt\/307724\/\"><span class=\"fusion-button-text awb-button__text awb-button__text--default\">Zam\u00f3wienie 99,00 EUR netto<\/span><\/a><\/div><div class=\"fusion-sep-clear\"><\/div><div class=\"fusion-separator fusion-full-width-sep\" style=\"margin-left: auto;margin-right: auto;margin-top:20px;width:100%;\"><\/div><div class=\"fusion-sep-clear\"><\/div><div class=\"fusion-text fusion-text-3\"><h3>Grupa docelowa<\/h3>\n<p>Dla bezpiecznej pracy w \u015brodowiskach zagro\u017conych wybuchem obowi\u0105zuj\u0105 normy okre\u015blone w dyrektywach ATEX. Osoby kompetentne w zakresie \u015bwiadomo\u015bci ATEX posiadaj\u0105 specjalistyczn\u0105 wiedz\u0119 w tym zakresie i s\u0105 odpowiedzialne za przestrzeganie wytycznych bezpiecze\u0144stwa w ramach swojego zakresu obowi\u0105zk\u00f3w. Ponadto posiadaj\u0105 wystarczaj\u0105c\u0105 wiedz\u0119 na temat przepis\u00f3w i regulacji dotycz\u0105cych \u015brodowisk zagro\u017conych wybuchem.<\/p>\n<h3>Cel szkolenia<\/h3>\n<p>Szkolenie z zakresu \u015bwiadomo\u015bci ATEX jest niezb\u0119dne dla wszystkich pracownik\u00f3w, kt\u00f3rzy zgodnie ze swoj\u0105 funkcj\u0105 musz\u0105 rozumie\u0107 i dzia\u0142a\u0107 zgodnie z przepisami dotycz\u0105cymi \u015brodowisk zagro\u017conych wybuchem. Szkolenie obejmuje og\u00f3lne aspekty istotne dla bezpiecznego zarz\u0105dzania pracami w takich \u015brodowiskach.<\/p>\n<h3>Teoria<\/h3>\n<p>Prawo pracy i przepisy.<br \/>\nDefinicje i poj\u0119cia.<br \/>\nZagro\u017cenie po\u017carowe i wybuchowe.<br \/>\nDyrektywy ATEX.<br \/>\nPraca z materia\u0142ami \u0142atwopalnymi.<\/p>\n<h3>Kurs online<\/h3>\n<p>Kurs sk\u0142ada si\u0119 z lekcji, kt\u00f3re mo\u017cna studiowa\u0107 na telefonie, tablecie lub komputerze. Materia\u0142 dydaktyczny mo\u017cna przegl\u0105da\u0107 tak cz\u0119sto, jak sobie \u017cyczysz. W ten spos\u00f3b maksymalnie przygotowujesz si\u0119 do egzaminu, kt\u00f3ry zamyka modu\u0142 e-learningowy. Po uzyskaniu wystarczaj\u0105cego wyniku otrzymasz \u015bwiadectwo.<\/p>\n<h3>\u015awiadectwo<\/h3>\n<p>Certyfikat jest wa\u017cny przez trzy lata. Oznacza to, \u017ce po tym okresie nale\u017cy go odnowi\u0107, aby wykaza\u0107 wiedz\u0119 i umiej\u0119tno\u015bci dotycz\u0105ce atmosfer wybuchowych. Uko\u0144czenie tego kursu sprawia, \u017ce zar\u00f3wno pracodawca, jak i pracownik spe\u0142niaj\u0105 wymagania okre\u015blone w ustawie o warunkach pracy (Arbowet) w zakresie wystarczaj\u0105cego przeszkolenia oraz potwierdzonej kompetencji.<\/p>\n<\/div><div class=\"fusion-clearfix\"><\/div><\/div><\/div><div class=\"fusion-layout-column fusion_builder_column fusion-builder-column-2 fusion_builder_column_1_5 1_5 fusion-one-fifth fusion-column-last\" style=\"--awb-bg-size:cover;width:20%;width:calc(20% - ( ( 4% + 4% ) * 0.2 ) );\"><div class=\"fusion-column-wrapper fusion-flex-column-wrapper-legacy\"><div class=\"fusion-clearfix\"><\/div><\/div><\/div><\/div><\/div>\n","protected":false},"excerpt":{"rendered":"","protected":false},"author":1,"featured_media":0,"parent":0,"menu_order":3,"comment_status":"closed","ping_status":"closed","template":"","meta":{"footnotes":""},"class_list":["post-307347","page","type-page","status-publish","hentry"],"yoast_head":"<!-- This site is optimized with the Yoast SEO plugin v27.5 - https:\/\/yoast.com\/product\/yoast-seo-wordpress\/ -->\n<title>Kurs online \u015awiadomo\u015b\u0107 ATEX (ATEX Awareness) | ELCONY<\/title>\n<meta name=\"description\" content=\"Spe\u0142nij holenderskie normy, wymagane jest wa\u017cne \u015bwiadectwo.\" \/>\n<meta name=\"robots\" content=\"index, follow, max-snippet:-1, max-image-preview:large, max-video-preview:-1\" \/>\n<link rel=\"canonical\" href=\"https:\/\/www.elcony.com\/pl\/atex\/\" \/>\n<script type=\"application\/ld+json\" class=\"yoast-schema-graph\">{\"@context\":\"https:\\\/\\\/schema.org\",\"@graph\":[{\"@type\":\"WebPage\",\"@id\":\"https:\\\/\\\/www.elcony.com\\\/pl\\\/atex\\\/\",\"url\":\"https:\\\/\\\/www.elcony.com\\\/pl\\\/atex\\\/\",\"name\":\"Kurs online \u015awiadomo\u015b\u0107 ATEX (ATEX Awareness) | ELCONY\",\"isPartOf\":{\"@id\":\"https:\\\/\\\/www.elcony.com\\\/it\\\/#website\"},\"datePublished\":\"2024-07-04T07:46:38+00:00\",\"dateModified\":\"2025-03-20T22:53:02+00:00\",\"description\":\"Spe\u0142nij holenderskie normy, wymagane jest wa\u017cne \u015bwiadectwo.\",\"breadcrumb\":{\"@id\":\"https:\\\/\\\/www.elcony.com\\\/pl\\\/atex\\\/#breadcrumb\"},\"inLanguage\":\"pl-PL\",\"potentialAction\":[{\"@type\":\"ReadAction\",\"target\":[\"https:\\\/\\\/www.elcony.com\\\/pl\\\/atex\\\/\"]}]},{\"@type\":\"BreadcrumbList\",\"@id\":\"https:\\\/\\\/www.elcony.com\\\/pl\\\/atex\\\/#breadcrumb\",\"itemListElement\":[{\"@type\":\"ListItem\",\"position\":1,\"name\":\"Home\",\"item\":\"https:\\\/\\\/www.elcony.com\\\/pl\\\/\"},{\"@type\":\"ListItem\",\"position\":2,\"name\":\"ATEX\"}]},{\"@type\":\"WebSite\",\"@id\":\"https:\\\/\\\/www.elcony.com\\\/it\\\/#website\",\"url\":\"https:\\\/\\\/www.elcony.com\\\/it\\\/\",\"name\":\"ELCONY\",\"description\":\"ARBO, VCA en SOG Opleidingen\",\"potentialAction\":[{\"@type\":\"SearchAction\",\"target\":{\"@type\":\"EntryPoint\",\"urlTemplate\":\"https:\\\/\\\/www.elcony.com\\\/it\\\/?s={search_term_string}\"},\"query-input\":{\"@type\":\"PropertyValueSpecification\",\"valueRequired\":true,\"valueName\":\"search_term_string\"}}],\"inLanguage\":\"pl-PL\"}]}<\/script>\n<!-- \/ Yoast SEO plugin. -->","yoast_head_json":{"title":"Kurs online \u015awiadomo\u015b\u0107 ATEX (ATEX Awareness) | ELCONY","description":"Spe\u0142nij holenderskie normy, wymagane jest wa\u017cne \u015bwiadectwo.","robots":{"index":"index","follow":"follow","max-snippet":"max-snippet:-1","max-image-preview":"max-image-preview:large","max-video-preview":"max-video-preview:-1"},"canonical":"https:\/\/www.elcony.com\/pl\/atex\/","schema":{"@context":"https:\/\/schema.org","@graph":[{"@type":"WebPage","@id":"https:\/\/www.elcony.com\/pl\/atex\/","url":"https:\/\/www.elcony.com\/pl\/atex\/","name":"Kurs online \u015awiadomo\u015b\u0107 ATEX (ATEX Awareness) | ELCONY","isPartOf":{"@id":"https:\/\/www.elcony.com\/it\/#website"},"datePublished":"2024-07-04T07:46:38+00:00","dateModified":"2025-03-20T22:53:02+00:00","description":"Spe\u0142nij holenderskie normy, wymagane jest wa\u017cne \u015bwiadectwo.","breadcrumb":{"@id":"https:\/\/www.elcony.com\/pl\/atex\/#breadcrumb"},"inLanguage":"pl-PL","potentialAction":[{"@type":"ReadAction","target":["https:\/\/www.elcony.com\/pl\/atex\/"]}]},{"@type":"BreadcrumbList","@id":"https:\/\/www.elcony.com\/pl\/atex\/#breadcrumb","itemListElement":[{"@type":"ListItem","position":1,"name":"Home","item":"https:\/\/www.elcony.com\/pl\/"},{"@type":"ListItem","position":2,"name":"ATEX"}]},{"@type":"WebSite","@id":"https:\/\/www.elcony.com\/it\/#website","url":"https:\/\/www.elcony.com\/it\/","name":"ELCONY","description":"ARBO, VCA en SOG Opleidingen","potentialAction":[{"@type":"SearchAction","target":{"@type":"EntryPoint","urlTemplate":"https:\/\/www.elcony.com\/it\/?s={search_term_string}"},"query-input":{"@type":"PropertyValueSpecification","valueRequired":true,"valueName":"search_term_string"}}],"inLanguage":"pl-PL"}]}},"_links":{"self":[{"href":"https:\/\/www.elcony.com\/pl\/wp-json\/wp\/v2\/pages\/307347","targetHints":{"allow":["GET"]}}],"collection":[{"href":"https:\/\/www.elcony.com\/pl\/wp-json\/wp\/v2\/pages"}],"about":[{"href":"https:\/\/www.elcony.com\/pl\/wp-json\/wp\/v2\/types\/page"}],"author":[{"embeddable":true,"href":"https:\/\/www.elcony.com\/pl\/wp-json\/wp\/v2\/users\/1"}],"replies":[{"embeddable":true,"href":"https:\/\/www.elcony.com\/pl\/wp-json\/wp\/v2\/comments?post=307347"}],"version-history":[{"count":0,"href":"https:\/\/www.elcony.com\/pl\/wp-json\/wp\/v2\/pages\/307347\/revisions"}],"wp:attachment":[{"href":"https:\/\/www.elcony.com\/pl\/wp-json\/wp\/v2\/media?parent=307347"}],"curies":[{"name":"wp","href":"https:\/\/api.w.org\/{rel}","templated":true}]}}