{"id":326916,"date":"2024-08-13T14:26:40","date_gmt":"2024-08-13T12:26:40","guid":{"rendered":"https:\/\/www.elcony.com\/pomiar-gazu\/"},"modified":"2026-02-06T13:23:18","modified_gmt":"2026-02-06T12:23:18","slug":"pomiar-gazu","status":"publish","type":"page","link":"https:\/\/www.elcony.com\/pl\/pomiar-gazu\/","title":{"rendered":"Pomiary gaz\u00f3w"},"content":{"rendered":"<div class=\"fusion-fullwidth fullwidth-box fusion-builder-row-1 has-pattern-background has-mask-background nonhundred-percent-fullwidth non-hundred-percent-height-scrolling\" style=\"--awb-border-radius-top-left:0px;--awb-border-radius-top-right:0px;--awb-border-radius-bottom-right:0px;--awb-border-radius-bottom-left:0px;--awb-flex-wrap:wrap;\" ><div class=\"fusion-builder-row fusion-row\"><div class=\"fusion-layout-column fusion_builder_column fusion-builder-column-0 fusion_builder_column_1_5 1_5 fusion-one-fifth fusion-column-first\" style=\"--awb-bg-blend:overlay;--awb-bg-size:cover;width:20%;width:calc(20% - ( ( 4% + 4% ) * 0.2 ) );margin-right: 4%;\"><div class=\"fusion-column-wrapper fusion-flex-column-wrapper-legacy\"><div class=\"fusion-clearfix\"><\/div><\/div><\/div><div class=\"fusion-layout-column fusion_builder_column fusion-builder-column-1 fusion_builder_column_3_5 3_5 fusion-three-fifth\" style=\"--awb-padding-bottom:20px;--awb-bg-blend:overlay;--awb-bg-size:cover;--awb-margin-top:0px;--awb-margin-bottom:0px;width:60%;width:calc(60% - ( ( 4% + 4% ) * 0.6 ) );margin-right: 4%;\"><div class=\"fusion-column-wrapper fusion-flex-column-wrapper-legacy\"><div class=\"fusion-text fusion-text-1\"><h1>Kurs pomiar\u00f3w gaz\u00f3w<\/h1>\n<p> Pomiary gaz\u00f3w s\u0105 kluczow\u0105 dzia\u0142alno\u015bci\u0105 z zakresu bezpiecze\u0144stwa w \u015brodowiskach przemys\u0142owych, w kt\u00f3rych pracuje si\u0119 z substancjami niebezpiecznymi, w przestrzeniach zamkni\u0119tych lub w atmosferach zagro\u017conych wybuchem. Podczas kursu pomiar\u00f3w gaz\u00f3w nauczysz si\u0119 prawid\u0142owo wykonywa\u0107 pomiary, interpretowa\u0107 wyniki oraz odpowiednio wcze\u015bnie rozpoznawa\u0107 zagro\u017cenia. <\/p>\n<h2>Czym s\u0105 pomiary gaz\u00f3w?<\/h2>\n<p> Pomiary gaz\u00f3w polegaj\u0105 na sprawdzaniu obecno\u015bci i st\u0119\u017cenia niebezpiecznych gaz\u00f3w, par oraz tlenu w \u015brodowisku pracy. Celem jest zapobieganie zagro\u017ceniom takim jak wybuch, zatrucie czy uduszenie. Pomiary gaz\u00f3w s\u0105 wykonywane przed rozpocz\u0119ciem prac oraz w ich trakcie, na przyk\u0142ad w zbiornikach, ruroci\u0105gach, przestrzeniach zamkni\u0119tych i instalacjach procesowych. <\/p>\n<h2>Dla kogo przeznaczony jest kurs pomiar\u00f3w gaz\u00f3w?<\/h2>\n<p> Kurs pomiar\u00f3w gaz\u00f3w jest przeznaczony dla pracownik\u00f3w odpowiedzialnych za wykonywanie i ocen\u0119 pomiar\u00f3w gaz\u00f3w, takich jak: <\/p>\n<ul>\n<li>Monterzy i technicy utrzymania ruchu.<\/li>\n<li>Operatorzy i osoby nadzoruj\u0105ce.<\/li>\n<li>Pracownicy przemys\u0142u (petro)chemicznego i przemys\u0142owego.<\/li>\n<li>Osoby samozatrudnione i podwykonawcy.<\/li>\n<li>Pracownicy wykonuj\u0105cy prace w przestrzeniach zamkni\u0119tych.<\/li>\n<\/ul>\n<h2>Pomiary gaz\u00f3w bez SOG lub NOGEPA<\/h2>\n<h3>Grupa docelowa<\/h3>\n<p> Szkolenie to jest odpowiednie dla pracownik\u00f3w wykonuj\u0105cych pomiary gaz\u00f3w w organizacjach lub u zleceniodawc\u00f3w, gdzie nie obowi\u0105zuje wym\u00f3g posiadania certyfikatu SOG lub NOGEPA. <\/p>\n<h3>Kiedy wybra\u0107 pomiary gaz\u00f3w bez SOG lub NOGEPA?<\/h3>\n<p> Wybierasz Pomiary gaz\u00f3w (ELCONY), gdy: <\/p>\n<ul>\n<li>Tw\u00f3j zleceniodawca nie wymaga dyplomu SOG ani NOGEPA<\/li>\n<li>Pracujesz zgodnie z wewn\u0119trznymi procedurami bezpiecze\u0144stwa<\/li>\n<li>Szukasz praktycznego i przyst\u0119pnego szkolenia<\/li>\n<\/ul>\n<p> Po uko\u0144czeniu szkolenia otrzymasz dyplom zarejestrowany w <strong>Rejestrze Dyplom\u00f3w ELCONY<\/strong>, kt\u00f3ry jest <strong>wa\u017cny przez 5 lat<\/strong>. <\/p>\n<h3>Czas trwania kursu i cena<\/h3>\n<ul>\n<li>1 dzie\u0144 z posiadan\u0105 wiedz\u0105 wst\u0119pn\u0105 poprzez nasze przygotowanie online lub kurs od\u015bwie\u017caj\u0105cy: <strong>\u20ac 255,00<\/strong> bez VAT<\/li>\n<li>2 dni bez wcze\u015bniejszego do\u015bwiadczenia: <strong>\u20ac 455,00<\/strong> bez VAT<\/li>\n<\/ul>\n<h2>Pomiary gaz\u00f3w z SOG<\/h2>\n<h3>Grupa docelowa<\/h3>\n<p> Kurs pomiar\u00f3w gaz\u00f3w uznany przez SOG jest przeznaczony dla pracownik\u00f3w zatrudnionych u zleceniodawc\u00f3w, u kt\u00f3rych wymagany jest oficjalnie uznany dyplom. <\/p>\n<h3>Kiedy pomiary gaz\u00f3w (SOG) s\u0105 obowi\u0105zkowe?<\/h3>\n<p> Pomiary gaz\u00f3w z SOG s\u0105 wymagane, gdy pracujesz: <\/p>\n<ul>\n<li>W przemy\u015ble (petro)chemicznym.<\/li>\n<li>Podczas przemys\u0142owych postoj\u00f3w remontowych.<\/li>\n<li>Dla zleceniodawc\u00f3w pracuj\u0105cych zgodnie z wymaganiami SSVV lub NOGEPA.<\/li>\n<li>W miejscach, gdzie bezpiecze\u0144stwo jest \u015bci\u015ble regulowane.<\/li>\n<\/ul>\n<p> Po zdaniu egzaminu dyplom zostaje zarejestrowany w <strong>Rejestrze Dyplom\u00f3w SSVV<\/strong> i jest <strong>wa\u017cny przez 3 lata<\/strong>. <\/p>\n<h3>Czas trwania kursu i cena<\/h3>\n<ul>\n<li>1 dzie\u0144 z posiadan\u0105 wiedz\u0105 wst\u0119pn\u0105 poprzez nasze przygotowanie online lub kurs od\u015bwie\u017caj\u0105cy: <strong>\u20ac 369,00<\/strong> bez VAT<\/li>\n<li>2 dni bez wcze\u015bniejszego do\u015bwiadczenia: <strong>\u20ac 569,00<\/strong> bez VAT<\/li>\n<\/ul>\n<h2>Lokalizacje<\/h2>\n<p> Kurs pomiar\u00f3w gaz\u00f3w odbywa si\u0119 w kilku lokalizacjach w Holandii i mo\u017ce by\u0107 r\u00f3wnie\u017c zorganizowany w Twojej w\u0142asnej lokalizacji. <\/p>\n<h2>Kontakt<\/h2>\n<p> Aby uzyska\u0107 wi\u0119cej informacji lub zapisa\u0107 si\u0119 na kurs, zadzwo\u0144 pod numer <strong>+31(0)88-2200100<\/strong> lub wy\u015blij e-mail na adres <strong><a href=\"ma&#105;&#108;&#116;&#x6f;&#x3a;&#x69;&#x6e;&#x66;o&#64;&#101;&#108;&#99;&#x6f;&#x6e;&#x79;&#x2e;&#x63;om\">i&#110;&#102;&#x6f;&#x40;el&#99;&#111;&#x6e;&#x79;&#46;c&#111;&#109;<\/a><\/strong>.<\/p>\n<\/div><div class=\"fusion-clearfix\"><\/div><\/div><\/div><div class=\"fusion-layout-column fusion_builder_column fusion-builder-column-2 fusion_builder_column_1_5 1_5 fusion-one-fifth fusion-column-last\" style=\"--awb-bg-blend:overlay;--awb-bg-size:cover;width:20%;width:calc(20% - ( ( 4% + 4% ) * 0.2 ) );\"><div class=\"fusion-column-wrapper fusion-flex-column-wrapper-legacy\"><div class=\"fusion-clearfix\"><\/div><\/div><\/div><\/div><\/div>\n","protected":false},"excerpt":{"rendered":"","protected":false},"author":1,"featured_media":0,"parent":0,"menu_order":5,"comment_status":"closed","ping_status":"closed","template":"","meta":{"footnotes":""},"class_list":["post-326916","page","type-page","status-publish","hentry"],"yoast_head":"<!-- This site is optimized with the Yoast SEO plugin v27.4 - https:\/\/yoast.com\/product\/yoast-seo-wordpress\/ -->\n<title>Kurs pomiar\u00f3w gaz\u00f3w (SOG) | Og\u00f3lnokrajowy &amp; Incompany<\/title>\n<meta name=\"description\" content=\"We\u017a udzia\u0142 w kursie pomiar\u00f3w gaz\u00f3w z certyfikatem SOG lub bez niego. Naucz si\u0119 bezpiecznie wykonywa\u0107 i interpretowa\u0107 pomiary gaz\u00f3w. Uznany przez SSVV, mo\u017cliwy r\u00f3wnie\u017c w Twojej lokalizacji.\" \/>\n<meta name=\"robots\" content=\"index, follow, max-snippet:-1, max-image-preview:large, max-video-preview:-1\" \/>\n<link rel=\"canonical\" href=\"https:\/\/www.elcony.com\/pl\/pomiar-gazu\/\" \/>\n<script type=\"application\/ld+json\" class=\"yoast-schema-graph\">{\"@context\":\"https:\\\/\\\/schema.org\",\"@graph\":[{\"@type\":\"WebPage\",\"@id\":\"https:\\\/\\\/www.elcony.com\\\/pl\\\/pomiar-gazu\\\/\",\"url\":\"https:\\\/\\\/www.elcony.com\\\/pl\\\/pomiar-gazu\\\/\",\"name\":\"Kurs pomiar\u00f3w gaz\u00f3w (SOG) | Og\u00f3lnokrajowy & Incompany\",\"isPartOf\":{\"@id\":\"https:\\\/\\\/www.elcony.com\\\/it\\\/#website\"},\"datePublished\":\"2024-08-13T12:26:40+00:00\",\"dateModified\":\"2026-02-06T12:23:18+00:00\",\"description\":\"We\u017a udzia\u0142 w kursie pomiar\u00f3w gaz\u00f3w z certyfikatem SOG lub bez niego. Naucz si\u0119 bezpiecznie wykonywa\u0107 i interpretowa\u0107 pomiary gaz\u00f3w. Uznany przez SSVV, mo\u017cliwy r\u00f3wnie\u017c w Twojej lokalizacji.\",\"breadcrumb\":{\"@id\":\"https:\\\/\\\/www.elcony.com\\\/pl\\\/pomiar-gazu\\\/#breadcrumb\"},\"inLanguage\":\"pl-PL\",\"potentialAction\":[{\"@type\":\"ReadAction\",\"target\":[\"https:\\\/\\\/www.elcony.com\\\/pl\\\/pomiar-gazu\\\/\"]}]},{\"@type\":\"BreadcrumbList\",\"@id\":\"https:\\\/\\\/www.elcony.com\\\/pl\\\/pomiar-gazu\\\/#breadcrumb\",\"itemListElement\":[{\"@type\":\"ListItem\",\"position\":1,\"name\":\"Home\",\"item\":\"https:\\\/\\\/www.elcony.com\\\/pl\\\/\"},{\"@type\":\"ListItem\",\"position\":2,\"name\":\"Pomiary gaz\u00f3w\"}]},{\"@type\":\"WebSite\",\"@id\":\"https:\\\/\\\/www.elcony.com\\\/it\\\/#website\",\"url\":\"https:\\\/\\\/www.elcony.com\\\/it\\\/\",\"name\":\"ELCONY\",\"description\":\"ARBO, VCA en SOG Opleidingen\",\"potentialAction\":[{\"@type\":\"SearchAction\",\"target\":{\"@type\":\"EntryPoint\",\"urlTemplate\":\"https:\\\/\\\/www.elcony.com\\\/it\\\/?s={search_term_string}\"},\"query-input\":{\"@type\":\"PropertyValueSpecification\",\"valueRequired\":true,\"valueName\":\"search_term_string\"}}],\"inLanguage\":\"pl-PL\"}]}<\/script>\n<!-- \/ Yoast SEO plugin. -->","yoast_head_json":{"title":"Kurs pomiar\u00f3w gaz\u00f3w (SOG) | Og\u00f3lnokrajowy & Incompany","description":"We\u017a udzia\u0142 w kursie pomiar\u00f3w gaz\u00f3w z certyfikatem SOG lub bez niego. Naucz si\u0119 bezpiecznie wykonywa\u0107 i interpretowa\u0107 pomiary gaz\u00f3w. Uznany przez SSVV, mo\u017cliwy r\u00f3wnie\u017c w Twojej lokalizacji.","robots":{"index":"index","follow":"follow","max-snippet":"max-snippet:-1","max-image-preview":"max-image-preview:large","max-video-preview":"max-video-preview:-1"},"canonical":"https:\/\/www.elcony.com\/pl\/pomiar-gazu\/","schema":{"@context":"https:\/\/schema.org","@graph":[{"@type":"WebPage","@id":"https:\/\/www.elcony.com\/pl\/pomiar-gazu\/","url":"https:\/\/www.elcony.com\/pl\/pomiar-gazu\/","name":"Kurs pomiar\u00f3w gaz\u00f3w (SOG) | Og\u00f3lnokrajowy & Incompany","isPartOf":{"@id":"https:\/\/www.elcony.com\/it\/#website"},"datePublished":"2024-08-13T12:26:40+00:00","dateModified":"2026-02-06T12:23:18+00:00","description":"We\u017a udzia\u0142 w kursie pomiar\u00f3w gaz\u00f3w z certyfikatem SOG lub bez niego. Naucz si\u0119 bezpiecznie wykonywa\u0107 i interpretowa\u0107 pomiary gaz\u00f3w. Uznany przez SSVV, mo\u017cliwy r\u00f3wnie\u017c w Twojej lokalizacji.","breadcrumb":{"@id":"https:\/\/www.elcony.com\/pl\/pomiar-gazu\/#breadcrumb"},"inLanguage":"pl-PL","potentialAction":[{"@type":"ReadAction","target":["https:\/\/www.elcony.com\/pl\/pomiar-gazu\/"]}]},{"@type":"BreadcrumbList","@id":"https:\/\/www.elcony.com\/pl\/pomiar-gazu\/#breadcrumb","itemListElement":[{"@type":"ListItem","position":1,"name":"Home","item":"https:\/\/www.elcony.com\/pl\/"},{"@type":"ListItem","position":2,"name":"Pomiary gaz\u00f3w"}]},{"@type":"WebSite","@id":"https:\/\/www.elcony.com\/it\/#website","url":"https:\/\/www.elcony.com\/it\/","name":"ELCONY","description":"ARBO, VCA en SOG Opleidingen","potentialAction":[{"@type":"SearchAction","target":{"@type":"EntryPoint","urlTemplate":"https:\/\/www.elcony.com\/it\/?s={search_term_string}"},"query-input":{"@type":"PropertyValueSpecification","valueRequired":true,"valueName":"search_term_string"}}],"inLanguage":"pl-PL"}]}},"_links":{"self":[{"href":"https:\/\/www.elcony.com\/pl\/wp-json\/wp\/v2\/pages\/326916","targetHints":{"allow":["GET"]}}],"collection":[{"href":"https:\/\/www.elcony.com\/pl\/wp-json\/wp\/v2\/pages"}],"about":[{"href":"https:\/\/www.elcony.com\/pl\/wp-json\/wp\/v2\/types\/page"}],"author":[{"embeddable":true,"href":"https:\/\/www.elcony.com\/pl\/wp-json\/wp\/v2\/users\/1"}],"replies":[{"embeddable":true,"href":"https:\/\/www.elcony.com\/pl\/wp-json\/wp\/v2\/comments?post=326916"}],"version-history":[{"count":4,"href":"https:\/\/www.elcony.com\/pl\/wp-json\/wp\/v2\/pages\/326916\/revisions"}],"predecessor-version":[{"id":391221,"href":"https:\/\/www.elcony.com\/pl\/wp-json\/wp\/v2\/pages\/326916\/revisions\/391221"}],"wp:attachment":[{"href":"https:\/\/www.elcony.com\/pl\/wp-json\/wp\/v2\/media?parent=326916"}],"curies":[{"name":"wp","href":"https:\/\/api.w.org\/{rel}","templated":true}]}}