{"id":337783,"date":"2025-01-14T22:51:31","date_gmt":"2025-01-14T21:51:31","guid":{"rendered":"https:\/\/www.elcony.com\/wprowadzenie\/"},"modified":"2025-12-11T19:54:48","modified_gmt":"2025-12-11T18:54:48","slug":"onboarding","status":"publish","type":"page","link":"https:\/\/www.elcony.com\/pl\/onboarding\/","title":{"rendered":"Onboarding"},"content":{"rendered":"<div class=\"fusion-fullwidth fullwidth-box fusion-builder-row-1 fusion-flex-container has-pattern-background has-mask-background nonhundred-percent-fullwidth non-hundred-percent-height-scrolling\" style=\"--awb-border-radius-top-left:0px;--awb-border-radius-top-right:0px;--awb-border-radius-bottom-right:0px;--awb-border-radius-bottom-left:0px;--awb-flex-wrap:wrap;\" ><div class=\"fusion-builder-row fusion-row fusion-flex-align-items-flex-start fusion-flex-content-wrap\" style=\"max-width:101%;margin-left: calc(-1% \/ 2 );margin-right: calc(-1% \/ 2 );\"><div class=\"fusion-layout-column fusion_builder_column fusion-builder-column-0 fusion_builder_column_1_5 1_5 fusion-flex-column\" style=\"--awb-bg-size:cover;--awb-width-large:20%;--awb-margin-top-large:5px;--awb-spacing-right-large:2.475%;--awb-margin-bottom-large:5px;--awb-spacing-left-large:2.475%;--awb-width-medium:100%;--awb-order-medium:0;--awb-spacing-right-medium:0.495%;--awb-spacing-left-medium:0.495%;--awb-width-small:100%;--awb-order-small:0;--awb-spacing-right-small:0.495%;--awb-spacing-left-small:0.495%;\"><div class=\"fusion-column-wrapper fusion-column-has-shadow fusion-flex-justify-content-flex-start fusion-content-layout-column\"><\/div><\/div><div class=\"fusion-layout-column fusion_builder_column fusion-builder-column-1 fusion_builder_column_3_5 3_5 fusion-flex-column\" style=\"--awb-bg-size:cover;--awb-width-large:60%;--awb-margin-top-large:5px;--awb-spacing-right-large:0.825%;--awb-margin-bottom-large:5px;--awb-spacing-left-large:0.825%;--awb-width-medium:100%;--awb-order-medium:0;--awb-spacing-right-medium:0.495%;--awb-spacing-left-medium:0.495%;--awb-width-small:100%;--awb-order-small:0;--awb-spacing-right-small:0.495%;--awb-spacing-left-small:0.495%;\"><div class=\"fusion-column-wrapper fusion-column-has-shadow fusion-flex-justify-content-flex-start fusion-content-layout-column\"><div class=\"fusion-text fusion-text-1\"><h3>Wprowadzenie online<\/h3>\n<p>\u015awiat pracy projektowej, takiej jak okresy przestoj\u00f3w (turnarounds) i projekty utrzymania ruchu, szybko si\u0119 zmienia. Znalezienie odpowiedniego personelu z niezb\u0119dn\u0105 wiedz\u0105 i do\u015bwiadczeniem stanowi dzi\u015b wyzwanie. ELCONY rozumie to i oferuje firmom efektywne oraz niezawodne rozwi\u0105zanie: spersonalizowane wprowadzenie online. W ten spos\u00f3b zapewniamy, \u017ce ka\u017cdy pracownik, niezale\u017cnie od miejsca na \u015bwiecie, jest w pe\u0142ni przygotowany, zanim rozpocznie swoje obowi\u0105zki.<\/p>\n<h3>Prze\u0142amywanie barier j\u0119zykowych i gwarancja kompetencji<\/h3>\n<p>Jedn\u0105 z najwi\u0119kszych przeszk\u00f3d dla wielu firm jest bariera j\u0119zykowa. W ELCONY rozwi\u0105zujemy ten problem, oferuj\u0105c nasze programy wprowadzenia w a\u017c 20 j\u0119zykach. Oznacza to, \u017ce mo\u017cesz mie\u0107 pewno\u015b\u0107, i\u017c wszyscy Twoi pracownicy, bez wzgl\u0119du na ich pochodzenie j\u0119zykowe, w pe\u0142ni rozumiej\u0105 i potrafi\u0105 stosowa\u0107 zasady bezpiecze\u0144stwa oraz wytyczne firmowe.<\/p>\n<h3>Bezpo\u015brednia weryfikacja bezpiecze\u0144stwa i jako\u015bci<\/h3>\n<p>Kompetencje zawodowe maj\u0105 kluczowe znaczenie, zw\u0142aszcza gdy pracownicy s\u0105 kierowani na obszary wysokiego ryzyka. Nasze wprowadzenie online obejmuje testy, kt\u00f3re umo\u017cliwiaj\u0105 nam wgl\u0105d w wiedz\u0119 i umiej\u0119tno\u015bci ka\u017cdego pracownika. Pomaga to firmom szybko oceni\u0107, czy dany pracownik spe\u0142nia wymagane standardy bezpiecze\u0144stwa i jako\u015bci.<\/p>\n<h3>Certyfikacje i dostosowanie w jednej platformie<\/h3>\n<p>Cho\u0107 wielu pracownik\u00f3w migruj\u0105cych posiada ju\u017c certyfikaty, ich warto\u015b\u0107 r\u00f3\u017cni si\u0119 w zale\u017cno\u015bci od kraju. Nasza platforma umo\u017cliwia szybkie i skuteczne sprawdzanie mi\u0119dzynarodowych certyfikat\u00f3w, aby mie\u0107 pewno\u015b\u0107, \u017ce zawsze spe\u0142niasz najwy\u017csze standardy bezpiecze\u0144stwa. Dodatkowo, w razie potrzeby mo\u017cemy zintegrowa\u0107 specyficzne zasady firmowe lub zak\u0142adowe z procesem wprowadzenia, tak aby pracownicy od razu byli zaznajomieni z wytycznymi obowi\u0105zuj\u0105cymi w Twojej lokalizacji.<\/p>\n<h3>Efektywno\u015b\u0107 i dostosowanie do potrzeb Twojej firmy<\/h3>\n<p>Dzi\u0119ki ELCONY oszcz\u0119dzasz czas i pieni\u0105dze dzi\u0119ki zoptymalizowanemu procesowi wprowadzenia, nie rezygnuj\u0105c z bezpiecze\u0144stwa ani kompetencji zawodowych. Nasza platforma zapewnia pe\u0142ny przegl\u0105d kompetencji wszystkich Twoich pracownik\u00f3w. Mo\u017cesz szybko sprawdzi\u0107, kto spe\u0142nia wymagania, a kto potrzebuje dodatkowego szkolenia. Umo\u017cliwia to efektywne przydzielanie personelu bez zb\u0119dnego powtarzania szkole\u0144.<\/p>\n<h3>Wykwalifikowani pracownicy, zawsze na bie\u017c\u0105co<\/h3>\n<p>ELCONY oferuje wi\u0119cej ni\u017c podstawy. Nasza platforma pozwala Ci na bie\u017c\u0105co \u015bledzi\u0107 rozw\u00f3j Twoich pracownik\u00f3w. Od podstawowej wiedzy po zaawansowane kompetencje zawodowe: nasz system rejestruje, kt\u00f3re szkolenia i testy zosta\u0142y pomy\u015blnie uko\u0144czone. Oznacza to, \u017ce pracownik, kt\u00f3ry ju\u017c wcze\u015bniej uko\u0144czy\u0142 wprowadzenie, nie musi niepotrzebnie go powtarza\u0107. W ten spos\u00f3b optymalizujemy proces i dbamy, by ka\u017cdy m\u00f3g\u0142 efektywnie rozpocz\u0105\u0107 prac\u0119.<\/p>\n<h3>Gotowy na optymalizacj\u0119 swojego procesu wprowadzania?<\/h3>\n<p>Z ELCONY zyskujesz do\u015bwiadczonego partnera, kt\u00f3ry w spos\u00f3b efektywny i skuteczny przygotowuje Twoich pracownik\u00f3w do pracy. Skontaktuj si\u0119 z nami ju\u017c dzi\u015b, aby dowiedzie\u0107 si\u0119, jak mo\u017cemy wesprze\u0107 Twoj\u0105 firm\u0119.<\/p>\n<p>Aby uzyska\u0107 wi\u0119cej informacji lub dokona\u0107 zg\u0142oszenia, zadzwo\u0144 pod numer <strong>+31(0)88-2200100<\/strong> lub wy\u015blij wiadomo\u015b\u0107 na adres <a href=\"&#x6d;&#x61;&#x69;&#108;&#116;o:&#x69;&#x6e;&#x66;&#x6f;&#64;&#101;lc&#x6f;&#x6e;&#x79;&#46;&#99;&#111;m\"><strong>&#x69;&#x6e;&#x66;&#x6f;&#x40;&#x65;&#x6c;&#x63;&#x6f;&#x6e;&#x79;&#x2e;&#x63;&#x6f;&#109;<\/strong><\/a>.<\/p>\n<\/div><\/div><\/div><div class=\"fusion-layout-column fusion_builder_column fusion-builder-column-2 fusion_builder_column_1_5 1_5 fusion-flex-column\" style=\"--awb-bg-size:cover;--awb-width-large:20%;--awb-margin-top-large:5px;--awb-spacing-right-large:2.475%;--awb-margin-bottom-large:5px;--awb-spacing-left-large:2.475%;--awb-width-medium:100%;--awb-order-medium:0;--awb-spacing-right-medium:0.495%;--awb-spacing-left-medium:0.495%;--awb-width-small:100%;--awb-order-small:0;--awb-spacing-right-small:0.495%;--awb-spacing-left-small:0.495%;\"><div class=\"fusion-column-wrapper fusion-column-has-shadow fusion-flex-justify-content-flex-start fusion-content-layout-column\"><\/div><\/div><\/div><\/div>\n","protected":false},"excerpt":{"rendered":"","protected":false},"author":1,"featured_media":0,"parent":0,"menu_order":0,"comment_status":"closed","ping_status":"closed","template":"","meta":{"footnotes":""},"class_list":["post-337783","page","type-page","status-publish","hentry"],"yoast_head":"<!-- This site is optimized with the Yoast SEO plugin v27.5 - https:\/\/yoast.com\/product\/yoast-seo-wordpress\/ -->\n<title>Onboarding &#8226; ELCONY<\/title>\n<meta name=\"robots\" content=\"index, follow, max-snippet:-1, max-image-preview:large, max-video-preview:-1\" \/>\n<link rel=\"canonical\" href=\"https:\/\/www.elcony.com\/pl\/onboarding\/\" \/>\n<script type=\"application\/ld+json\" class=\"yoast-schema-graph\">{\"@context\":\"https:\\\/\\\/schema.org\",\"@graph\":[{\"@type\":\"WebPage\",\"@id\":\"https:\\\/\\\/www.elcony.com\\\/pl\\\/onboarding\\\/\",\"url\":\"https:\\\/\\\/www.elcony.com\\\/pl\\\/onboarding\\\/\",\"name\":\"Onboarding &#8226; ELCONY\",\"isPartOf\":{\"@id\":\"https:\\\/\\\/www.elcony.com\\\/it\\\/#website\"},\"datePublished\":\"2025-01-14T21:51:31+00:00\",\"dateModified\":\"2025-12-11T18:54:48+00:00\",\"breadcrumb\":{\"@id\":\"https:\\\/\\\/www.elcony.com\\\/pl\\\/onboarding\\\/#breadcrumb\"},\"inLanguage\":\"pl-PL\",\"potentialAction\":[{\"@type\":\"ReadAction\",\"target\":[\"https:\\\/\\\/www.elcony.com\\\/pl\\\/onboarding\\\/\"]}]},{\"@type\":\"BreadcrumbList\",\"@id\":\"https:\\\/\\\/www.elcony.com\\\/pl\\\/onboarding\\\/#breadcrumb\",\"itemListElement\":[{\"@type\":\"ListItem\",\"position\":1,\"name\":\"Home\",\"item\":\"https:\\\/\\\/www.elcony.com\\\/pl\\\/\"},{\"@type\":\"ListItem\",\"position\":2,\"name\":\"Onboarding\"}]},{\"@type\":\"WebSite\",\"@id\":\"https:\\\/\\\/www.elcony.com\\\/it\\\/#website\",\"url\":\"https:\\\/\\\/www.elcony.com\\\/it\\\/\",\"name\":\"ELCONY\",\"description\":\"ARBO, VCA en SOG Opleidingen\",\"potentialAction\":[{\"@type\":\"SearchAction\",\"target\":{\"@type\":\"EntryPoint\",\"urlTemplate\":\"https:\\\/\\\/www.elcony.com\\\/it\\\/?s={search_term_string}\"},\"query-input\":{\"@type\":\"PropertyValueSpecification\",\"valueRequired\":true,\"valueName\":\"search_term_string\"}}],\"inLanguage\":\"pl-PL\"}]}<\/script>\n<!-- \/ Yoast SEO plugin. -->","yoast_head_json":{"title":"Onboarding &#8226; ELCONY","robots":{"index":"index","follow":"follow","max-snippet":"max-snippet:-1","max-image-preview":"max-image-preview:large","max-video-preview":"max-video-preview:-1"},"canonical":"https:\/\/www.elcony.com\/pl\/onboarding\/","schema":{"@context":"https:\/\/schema.org","@graph":[{"@type":"WebPage","@id":"https:\/\/www.elcony.com\/pl\/onboarding\/","url":"https:\/\/www.elcony.com\/pl\/onboarding\/","name":"Onboarding &#8226; ELCONY","isPartOf":{"@id":"https:\/\/www.elcony.com\/it\/#website"},"datePublished":"2025-01-14T21:51:31+00:00","dateModified":"2025-12-11T18:54:48+00:00","breadcrumb":{"@id":"https:\/\/www.elcony.com\/pl\/onboarding\/#breadcrumb"},"inLanguage":"pl-PL","potentialAction":[{"@type":"ReadAction","target":["https:\/\/www.elcony.com\/pl\/onboarding\/"]}]},{"@type":"BreadcrumbList","@id":"https:\/\/www.elcony.com\/pl\/onboarding\/#breadcrumb","itemListElement":[{"@type":"ListItem","position":1,"name":"Home","item":"https:\/\/www.elcony.com\/pl\/"},{"@type":"ListItem","position":2,"name":"Onboarding"}]},{"@type":"WebSite","@id":"https:\/\/www.elcony.com\/it\/#website","url":"https:\/\/www.elcony.com\/it\/","name":"ELCONY","description":"ARBO, VCA en SOG Opleidingen","potentialAction":[{"@type":"SearchAction","target":{"@type":"EntryPoint","urlTemplate":"https:\/\/www.elcony.com\/it\/?s={search_term_string}"},"query-input":{"@type":"PropertyValueSpecification","valueRequired":true,"valueName":"search_term_string"}}],"inLanguage":"pl-PL"}]}},"_links":{"self":[{"href":"https:\/\/www.elcony.com\/pl\/wp-json\/wp\/v2\/pages\/337783","targetHints":{"allow":["GET"]}}],"collection":[{"href":"https:\/\/www.elcony.com\/pl\/wp-json\/wp\/v2\/pages"}],"about":[{"href":"https:\/\/www.elcony.com\/pl\/wp-json\/wp\/v2\/types\/page"}],"author":[{"embeddable":true,"href":"https:\/\/www.elcony.com\/pl\/wp-json\/wp\/v2\/users\/1"}],"replies":[{"embeddable":true,"href":"https:\/\/www.elcony.com\/pl\/wp-json\/wp\/v2\/comments?post=337783"}],"version-history":[{"count":3,"href":"https:\/\/www.elcony.com\/pl\/wp-json\/wp\/v2\/pages\/337783\/revisions"}],"predecessor-version":[{"id":388977,"href":"https:\/\/www.elcony.com\/pl\/wp-json\/wp\/v2\/pages\/337783\/revisions\/388977"}],"wp:attachment":[{"href":"https:\/\/www.elcony.com\/pl\/wp-json\/wp\/v2\/media?parent=337783"}],"curies":[{"name":"wp","href":"https:\/\/api.w.org\/{rel}","templated":true}]}}