{"id":185752,"date":"2023-10-06T09:20:42","date_gmt":"2023-10-06T07:20:42","guid":{"rendered":"https:\/\/www.elcony.com\/binario-e-tensao\/"},"modified":"2026-02-06T14:01:42","modified_gmt":"2026-02-06T13:01:42","slug":"binario-e-tensao","status":"publish","type":"page","link":"https:\/\/www.elcony.com\/pt-pt\/binario-e-tensao\/","title":{"rendered":"Torque e Tensionamento"},"content":{"rendered":"<div class=\"fusion-fullwidth fullwidth-box fusion-builder-row-1 fusion-flex-container has-pattern-background has-mask-background nonhundred-percent-fullwidth non-hundred-percent-height-scrolling\" style=\"--awb-border-radius-top-left:0px;--awb-border-radius-top-right:0px;--awb-border-radius-bottom-right:0px;--awb-border-radius-bottom-left:0px;--awb-flex-wrap:wrap;\" ><div class=\"fusion-builder-row fusion-row fusion-flex-align-items-flex-start fusion-flex-content-wrap\" style=\"max-width:101%;margin-left: calc(-1% \/ 2 );margin-right: calc(-1% \/ 2 );\"><div class=\"fusion-layout-column fusion_builder_column fusion-builder-column-0 fusion_builder_column_1_5 1_5 fusion-flex-column\" style=\"--awb-bg-size:cover;--awb-width-large:20%;--awb-margin-top-large:5px;--awb-spacing-right-large:2.475%;--awb-margin-bottom-large:5px;--awb-spacing-left-large:2.475%;--awb-width-medium:100%;--awb-order-medium:0;--awb-spacing-right-medium:0.495%;--awb-spacing-left-medium:0.495%;--awb-width-small:100%;--awb-order-small:0;--awb-spacing-right-small:0.495%;--awb-spacing-left-small:0.495%;\"><div class=\"fusion-column-wrapper fusion-column-has-shadow fusion-flex-justify-content-flex-start fusion-content-layout-column\"><\/div><\/div><div class=\"fusion-layout-column fusion_builder_column fusion-builder-column-1 fusion_builder_column_3_5 3_5 fusion-flex-column\" style=\"--awb-bg-size:cover;--awb-width-large:60%;--awb-margin-top-large:5px;--awb-spacing-right-large:0.825%;--awb-margin-bottom-large:5px;--awb-spacing-left-large:0.825%;--awb-width-medium:100%;--awb-order-medium:0;--awb-spacing-right-medium:0.495%;--awb-spacing-left-medium:0.495%;--awb-width-small:100%;--awb-order-small:0;--awb-spacing-right-small:0.495%;--awb-spacing-left-small:0.495%;\"><div class=\"fusion-column-wrapper fusion-column-has-shadow fusion-flex-justify-content-flex-start fusion-content-layout-column\"><div class=\"fusion-text fusion-text-1\"><h1>Curso de Torque e Tensionamento<\/h1>\n<p> Trabalhar com equipamentos de torque e tensionamento requer conhecimentos t\u00e9cnicos especializados, precis\u00e3o e o cumprimento rigoroso dos procedimentos estabelecidos. Com o curso de Torque e Tensionamento, voc\u00ea aprender\u00e1 a trabalhar de forma segura, controlada e de acordo com as normas vigentes em liga\u00e7\u00f5es aparafusadas em ambientes industriais. <\/p>\n<h2>O que \u00e9 torque e tensionamento?<\/h2>\n<p> Torque e tensionamento s\u00e3o m\u00e9todos controlados para apertar e soltar liga\u00e7\u00f5es aparafusadas. O torque utiliza um valor de aperto pr\u00e9-definido, enquanto o tensionamento atua por meio do alongamento do parafuso com tens\u00e3o hidr\u00e1ulica. Ambas as t\u00e9cnicas s\u00e3o essenciais para liga\u00e7\u00f5es flangeadas e aparafusadas seguras e fi\u00e1veis. <\/p>\n<h2>Para quem \u00e9 destinado o curso de torque e tensionamento?<\/h2>\n<ul>\n<li>Montadores e t\u00e9cnicos de manuten\u00e7\u00e3o.<\/li>\n<li>Colaboradores da ind\u00fastria (petro)qu\u00edmica.<\/li>\n<li>Pessoal t\u00e9cnico que trabalha com liga\u00e7\u00f5es aparafusadas e flangeadas.<\/li>\n<li>Trabalhadores independentes e contratados.<\/li>\n<\/ul>\n<h2>Torque e Tensionamento sem SOG<\/h2>\n<h3>P\u00fablico-alvo<\/h3>\n<p> Esta forma\u00e7\u00e3o \u00e9 adequada para montadores que trabalham com equipamentos hidr\u00e1ulicos de torque e tensionamento em clientes onde n\u00e3o se aplica a obrigatoriedade de SOG. <\/p>\n<h3>Quando escolher Torque e Tensionamento sem SOG?<\/h3>\n<ul>\n<li>O seu cliente n\u00e3o exige um certificado SOG.<\/li>\n<li>Voc\u00ea trabalha de acordo com procedimentos internos de seguran\u00e7a.<\/li>\n<li>Deseja aprender de forma pr\u00e1tica sem exame externo SOG.<\/li>\n<\/ul>\n<p> Ap\u00f3s a conclus\u00e3o, voc\u00ea receber\u00e1 um certificado registado no <strong>Registo de Diplomas ELCONY<\/strong>, que \u00e9 <strong>v\u00e1lido por 5 anos<\/strong>. <\/p>\n<h3>Dura\u00e7\u00e3o do curso e <strong>pre\u00e7o<\/strong><\/h3>\n<ul>\n<li>1 dia com conhecimentos pr\u00e9vios por meio da nossa prepara\u00e7\u00e3o online ou curso de reciclagem: <strong>\u20ac 285,00<\/strong> sem IVA<\/li>\n<li>2 dias sem experi\u00eancia anterior: <strong>\u20ac 485,00<\/strong> sem IVA<\/li>\n<\/ul>\n<h2>Torque e Tensionamento com SOG<\/h2>\n<h3>P\u00fablico-alvo<\/h3>\n<p> O curso de Torque e Tensionamento reconhecido pelo SOG \u00e9 destinado a montadores que trabalham para clientes onde um certificado oficialmente reconhecido \u00e9 obrigat\u00f3rio. <\/p>\n<h3>Quando o Torque e Tensionamento (SOG) \u00e9 obrigat\u00f3rio?<\/h3>\n<ul>\n<li>Ao trabalhar na ind\u00fastria (petro)qu\u00edmica.<\/li>\n<li>Durante paradas de manuten\u00e7\u00e3o e turnarounds.<\/li>\n<li>Para clientes que operam de acordo com os requisitos da SSVV.<\/li>\n<li>Em locais com procedimentos de seguran\u00e7a rigorosamente regulamentados.<\/li>\n<\/ul>\n<p> Ap\u00f3s a aprova\u00e7\u00e3o no exame, o certificado \u00e9 registado no <strong>Registo de Diplomas SSVV<\/strong> e \u00e9 <strong>v\u00e1lido por 5 anos<\/strong>. <\/p>\n<h3>Dura\u00e7\u00e3o do curso e pre\u00e7o<\/h3>\n<ul>\n<li>1 dia com conhecimentos pr\u00e9vios por meio da nossa prepara\u00e7\u00e3o online ou curso de reciclagem: <strong>\u20ac 359,00<\/strong> sem IVA<\/li>\n<li>2 dias sem experi\u00eancia anterior: <strong>\u20ac 559,00<\/strong> sem IVA<\/li>\n<\/ul>\n<h2>Localiza\u00e7\u00e3o<\/h2>\n<p> Os cursos s\u00e3o ministrados em v\u00e1rios locais nos Pa\u00edses Baixos e tamb\u00e9m podem ser realizados na sua pr\u00f3pria localiza\u00e7\u00e3o. <\/p>\n<h2>Contacto<\/h2>\n<p> Para mais informa\u00e7\u00f5es ou para se inscrever, ligue para <strong>+31(0)88-2200100<\/strong> ou envie um e-mail para <strong><a href=\"&#109;&#x61;&#x69;l&#116;&#x6f;:&#105;&#x6e;&#x66;o&#64;&#x65;l&#99;&#x6f;&#x6e;y&#46;&#x63;o&#109;\">&#105;&#110;&#x66;o&#64;&#x65;&#x6c;c&#111;&#x6e;&#x79;&#46;&#99;&#x6f;m<\/a><\/strong>.<\/p>\n<\/div><\/div><\/div><div class=\"fusion-layout-column fusion_builder_column fusion-builder-column-2 fusion_builder_column_1_5 1_5 fusion-flex-column\" style=\"--awb-bg-size:cover;--awb-width-large:20%;--awb-margin-top-large:5px;--awb-spacing-right-large:2.475%;--awb-margin-bottom-large:5px;--awb-spacing-left-large:2.475%;--awb-width-medium:100%;--awb-order-medium:0;--awb-spacing-right-medium:0.495%;--awb-spacing-left-medium:0.495%;--awb-width-small:100%;--awb-order-small:0;--awb-spacing-right-small:0.495%;--awb-spacing-left-small:0.495%;\"><div class=\"fusion-column-wrapper fusion-column-has-shadow fusion-flex-justify-content-flex-start fusion-content-layout-column\"><\/div><\/div><\/div><\/div>\n","protected":false},"excerpt":{"rendered":"","protected":false},"author":1,"featured_media":0,"parent":0,"menu_order":2,"comment_status":"closed","ping_status":"closed","template":"","meta":{"footnotes":""},"class_list":["post-185752","page","type-page","status-publish","hentry"],"yoast_head":"<!-- This site is optimized with the Yoast SEO plugin v27.5 - https:\/\/yoast.com\/product\/yoast-seo-wordpress\/ -->\n<title>Curso de Torque e Tensionamento (SOG) | Tamb\u00e9m Incompany<\/title>\n<meta name=\"description\" content=\"Curso de Torque &amp; Tensioning SOG ou ELCONY. Em conformidade com as normas neerlandesas, para as quais \u00e9 exigido um certificado SOG v\u00e1lido.\" \/>\n<meta name=\"robots\" content=\"index, follow, max-snippet:-1, max-image-preview:large, max-video-preview:-1\" \/>\n<link rel=\"canonical\" href=\"https:\/\/www.elcony.com\/pt-pt\/binario-e-tensao\/\" \/>\n<script type=\"application\/ld+json\" class=\"yoast-schema-graph\">{\"@context\":\"https:\\\/\\\/schema.org\",\"@graph\":[{\"@type\":\"WebPage\",\"@id\":\"https:\\\/\\\/www.elcony.com\\\/pt-pt\\\/binario-e-tensao\\\/\",\"url\":\"https:\\\/\\\/www.elcony.com\\\/pt-pt\\\/binario-e-tensao\\\/\",\"name\":\"Curso de Torque e Tensionamento (SOG) | Tamb\u00e9m Incompany\",\"isPartOf\":{\"@id\":\"https:\\\/\\\/www.elcony.com\\\/it\\\/#website\"},\"datePublished\":\"2023-10-06T07:20:42+00:00\",\"dateModified\":\"2026-02-06T13:01:42+00:00\",\"description\":\"Curso de Torque & Tensioning SOG ou ELCONY. Em conformidade com as normas neerlandesas, para as quais \u00e9 exigido um certificado SOG v\u00e1lido.\",\"breadcrumb\":{\"@id\":\"https:\\\/\\\/www.elcony.com\\\/pt-pt\\\/binario-e-tensao\\\/#breadcrumb\"},\"inLanguage\":\"pt-PT\",\"potentialAction\":[{\"@type\":\"ReadAction\",\"target\":[\"https:\\\/\\\/www.elcony.com\\\/pt-pt\\\/binario-e-tensao\\\/\"]}]},{\"@type\":\"BreadcrumbList\",\"@id\":\"https:\\\/\\\/www.elcony.com\\\/pt-pt\\\/binario-e-tensao\\\/#breadcrumb\",\"itemListElement\":[{\"@type\":\"ListItem\",\"position\":1,\"name\":\"Home\",\"item\":\"https:\\\/\\\/www.elcony.com\\\/pt-pt\\\/\"},{\"@type\":\"ListItem\",\"position\":2,\"name\":\"Torque e Tensionamento\"}]},{\"@type\":\"WebSite\",\"@id\":\"https:\\\/\\\/www.elcony.com\\\/it\\\/#website\",\"url\":\"https:\\\/\\\/www.elcony.com\\\/it\\\/\",\"name\":\"ELCONY\",\"description\":\"ARBO, VCA en SOG Opleidingen\",\"potentialAction\":[{\"@type\":\"SearchAction\",\"target\":{\"@type\":\"EntryPoint\",\"urlTemplate\":\"https:\\\/\\\/www.elcony.com\\\/it\\\/?s={search_term_string}\"},\"query-input\":{\"@type\":\"PropertyValueSpecification\",\"valueRequired\":true,\"valueName\":\"search_term_string\"}}],\"inLanguage\":\"pt-PT\"}]}<\/script>\n<!-- \/ Yoast SEO plugin. -->","yoast_head_json":{"title":"Curso de Torque e Tensionamento (SOG) | Tamb\u00e9m Incompany","description":"Curso de Torque & Tensioning SOG ou ELCONY. Em conformidade com as normas neerlandesas, para as quais \u00e9 exigido um certificado SOG v\u00e1lido.","robots":{"index":"index","follow":"follow","max-snippet":"max-snippet:-1","max-image-preview":"max-image-preview:large","max-video-preview":"max-video-preview:-1"},"canonical":"https:\/\/www.elcony.com\/pt-pt\/binario-e-tensao\/","schema":{"@context":"https:\/\/schema.org","@graph":[{"@type":"WebPage","@id":"https:\/\/www.elcony.com\/pt-pt\/binario-e-tensao\/","url":"https:\/\/www.elcony.com\/pt-pt\/binario-e-tensao\/","name":"Curso de Torque e Tensionamento (SOG) | Tamb\u00e9m Incompany","isPartOf":{"@id":"https:\/\/www.elcony.com\/it\/#website"},"datePublished":"2023-10-06T07:20:42+00:00","dateModified":"2026-02-06T13:01:42+00:00","description":"Curso de Torque & Tensioning SOG ou ELCONY. Em conformidade com as normas neerlandesas, para as quais \u00e9 exigido um certificado SOG v\u00e1lido.","breadcrumb":{"@id":"https:\/\/www.elcony.com\/pt-pt\/binario-e-tensao\/#breadcrumb"},"inLanguage":"pt-PT","potentialAction":[{"@type":"ReadAction","target":["https:\/\/www.elcony.com\/pt-pt\/binario-e-tensao\/"]}]},{"@type":"BreadcrumbList","@id":"https:\/\/www.elcony.com\/pt-pt\/binario-e-tensao\/#breadcrumb","itemListElement":[{"@type":"ListItem","position":1,"name":"Home","item":"https:\/\/www.elcony.com\/pt-pt\/"},{"@type":"ListItem","position":2,"name":"Torque e Tensionamento"}]},{"@type":"WebSite","@id":"https:\/\/www.elcony.com\/it\/#website","url":"https:\/\/www.elcony.com\/it\/","name":"ELCONY","description":"ARBO, VCA en SOG Opleidingen","potentialAction":[{"@type":"SearchAction","target":{"@type":"EntryPoint","urlTemplate":"https:\/\/www.elcony.com\/it\/?s={search_term_string}"},"query-input":{"@type":"PropertyValueSpecification","valueRequired":true,"valueName":"search_term_string"}}],"inLanguage":"pt-PT"}]}},"_links":{"self":[{"href":"https:\/\/www.elcony.com\/pt-pt\/wp-json\/wp\/v2\/pages\/185752","targetHints":{"allow":["GET"]}}],"collection":[{"href":"https:\/\/www.elcony.com\/pt-pt\/wp-json\/wp\/v2\/pages"}],"about":[{"href":"https:\/\/www.elcony.com\/pt-pt\/wp-json\/wp\/v2\/types\/page"}],"author":[{"embeddable":true,"href":"https:\/\/www.elcony.com\/pt-pt\/wp-json\/wp\/v2\/users\/1"}],"replies":[{"embeddable":true,"href":"https:\/\/www.elcony.com\/pt-pt\/wp-json\/wp\/v2\/comments?post=185752"}],"version-history":[{"count":3,"href":"https:\/\/www.elcony.com\/pt-pt\/wp-json\/wp\/v2\/pages\/185752\/revisions"}],"predecessor-version":[{"id":391341,"href":"https:\/\/www.elcony.com\/pt-pt\/wp-json\/wp\/v2\/pages\/185752\/revisions\/391341"}],"wp:attachment":[{"href":"https:\/\/www.elcony.com\/pt-pt\/wp-json\/wp\/v2\/media?parent=185752"}],"curies":[{"name":"wp","href":"https:\/\/api.w.org\/{rel}","templated":true}]}}