{"id":186532,"date":"2023-10-08T11:32:38","date_gmt":"2023-10-08T09:32:38","guid":{"rendered":"https:\/\/www.elcony.com\/twin-ferrule\/"},"modified":"2026-02-06T20:24:13","modified_gmt":"2026-02-06T19:24:13","slug":"twin-ferrule","status":"publish","type":"page","link":"https:\/\/www.elcony.com\/pt-pt\/twin-ferrule\/","title":{"rendered":"Twin Ferrule"},"content":{"rendered":"<div class=\"fusion-fullwidth fullwidth-box fusion-builder-row-1 has-pattern-background has-mask-background nonhundred-percent-fullwidth non-hundred-percent-height-scrolling\" style=\"--awb-border-radius-top-left:0px;--awb-border-radius-top-right:0px;--awb-border-radius-bottom-right:0px;--awb-border-radius-bottom-left:0px;--awb-flex-wrap:wrap;\" ><div class=\"fusion-builder-row fusion-row\"><div class=\"fusion-layout-column fusion_builder_column fusion-builder-column-0 fusion_builder_column_1_5 1_5 fusion-one-fifth fusion-column-first\" style=\"--awb-bg-blend:overlay;--awb-bg-size:cover;width:20%;width:calc(20% - ( ( 4% + 4% ) * 0.2 ) );margin-right: 4%;\"><div class=\"fusion-column-wrapper fusion-flex-column-wrapper-legacy\"><div class=\"fusion-clearfix\"><\/div><\/div><\/div><div class=\"fusion-layout-column fusion_builder_column fusion-builder-column-1 fusion_builder_column_3_5 3_5 fusion-three-fifth\" style=\"--awb-bg-blend:overlay;--awb-bg-size:cover;width:60%;width:calc(60% - ( ( 4% + 4% ) * 0.6 ) );margin-right: 4%;\"><div class=\"fusion-column-wrapper fusion-flex-column-wrapper-legacy\"><div class=\"fusion-text fusion-text-1\"><h1>Trabalhar com conex\u00f5es Twin Ferrule<\/h1>\n<p> As conex\u00f5es twin ferrule s\u00e3o amplamente utilizadas na ind\u00fastria (petro)qu\u00edmica, na instrumenta\u00e7\u00e3o e em instala\u00e7\u00f5es de processo. A montagem correta \u00e9 essencial para evitar vazamentos, danos aos materiais e custos de falhas. Com o curso Trabalhar com conex\u00f5es Twin Ferrule, voc\u00ea aprender\u00e1 a montar essas conex\u00f5es de forma segura, correta e de acordo com as diretrizes vigentes. <\/p>\n<h2>O que s\u00e3o conex\u00f5es twin ferrule?<\/h2>\n<p> As conex\u00f5es twin ferrule consistem em um anel dianteiro e um anel traseiro que, juntos, garantem uma liga\u00e7\u00e3o confi\u00e1vel e resistente \u00e0 press\u00e3o entre o tubo e a conex\u00e3o. Elas s\u00e3o amplamente utilizadas em linhas de instrumenta\u00e7\u00e3o, onde existem altos requisitos de seguran\u00e7a e precis\u00e3o. <\/p>\n<h2>Para quem \u00e9 destinado o curso Trabalhar com conex\u00f5es Twin Ferrule?<\/h2>\n<ul>\n<li>Montadores e t\u00e9cnicos de manuten\u00e7\u00e3o.<\/li>\n<li>Montadores de instrumenta\u00e7\u00e3o.<\/li>\n<li>Funcion\u00e1rios da ind\u00fastria (petro)qu\u00edmica.<\/li>\n<li>Trabalhadores aut\u00f4nomos e contratados.<\/li>\n<li>Pessoal t\u00e9cnico que trabalha com conex\u00f5es de tubula\u00e7\u00e3o e instrumenta\u00e7\u00e3o.<\/li>\n<\/ul>\n<h2>Trabalhar com conex\u00f5es Twin Ferrule sem SOG<\/h2>\n<h3>P\u00fablico-alvo<\/h3>\n<p> Este treinamento \u00e9 adequado para colaboradores que montam conex\u00f5es twin ferrule em clientes onde n\u00e3o h\u00e1 exig\u00eancia de SOG. <\/p>\n<h3>Quando escolher conex\u00f5es Twin Ferrule sem SOG?<\/h3>\n<ul>\n<li>Seu cliente n\u00e3o exige um diploma SOG.<\/li>\n<li>Voc\u00ea trabalha de acordo com procedimentos internos de seguran\u00e7a e montagem.<\/li>\n<li>Voc\u00ea procura um treinamento pr\u00e1tico sem exame SOG externo.<\/li>\n<\/ul>\n<p> Ap\u00f3s a conclus\u00e3o, voc\u00ea receber\u00e1 um diploma com registro no <strong>Registro de Diplomas ELCONY<\/strong> e ele \u00e9 <strong>v\u00e1lido por 5 anos<\/strong>. <\/p>\n<h3><strong>Dura\u00e7\u00e3o do curso e pre\u00e7o<\/strong><\/h3>\n<ul>\n<li>1 dia com conhecimentos pr\u00e9vios por meio da nossa prepara\u00e7\u00e3o online ou curso de reciclagem: <strong>\u20ac 255,00<\/strong> excl. IVA<\/li>\n<li>2 dias sem experi\u00eancia pr\u00e9via: <strong>\u20ac 455,00<\/strong> excl. IVA<\/li>\n<\/ul>\n<h2 id=\"sog\">Trabalhar com conex\u00f5es Twin Ferrule com SOG<\/h2>\n<h3>P\u00fablico-alvo<\/h3>\n<p> O curso Trabalhar com conex\u00f5es Twin Ferrule reconhecido pelo SOG \u00e9 destinado a colaboradores que trabalham em clientes onde \u00e9 obrigat\u00f3rio um diploma SOG oficialmente reconhecido. <\/p>\n<h3>Quando as conex\u00f5es Twin Ferrule (SOG) s\u00e3o obrigat\u00f3rias?<\/h3>\n<ul>\n<li>Durante trabalhos em \u00e1reas industriais (petro)qu\u00edmicas.<\/li>\n<li>Em clientes que trabalham de acordo com os requisitos da SSVV.<\/li>\n<li>Durante paradas de manuten\u00e7\u00e3o e turnarounds.<\/li>\n<li>Em locais com procedimentos de seguran\u00e7a rigorosamente regulamentados.<\/li>\n<\/ul>\n<p> Ap\u00f3s a aprova\u00e7\u00e3o no exame, o diploma \u00e9 registrado no <strong>Registro de Diplomas SSVV<\/strong> e \u00e9 v\u00e1lido por 5 anos. <\/p>\n<h3><strong>Dura\u00e7\u00e3o do curso e pre\u00e7o<\/strong><\/h3>\n<ul>\n<li>1 dia com conhecimentos pr\u00e9vios por meio da nossa prepara\u00e7\u00e3o online ou curso de reciclagem: <strong>\u20ac 369,00<\/strong> excl. IVA<\/li>\n<li>2 dias sem experi\u00eancia pr\u00e9via: <strong>\u20ac 569,00<\/strong> excl. IVA<\/li>\n<\/ul>\n<h2>Locais<\/h2>\n<p> O curso Trabalhar com conex\u00f5es twin ferrule \u00e9 oferecido em v\u00e1rios locais nos Pa\u00edses Baixos e tamb\u00e9m pode ser realizado em sua pr\u00f3pria localiza\u00e7\u00e3o. <\/p>\n<h2><strong>Contato<\/strong><\/h2>\n<p> Para mais informa\u00e7\u00f5es ou para se inscrever, voc\u00ea pode ligar para <strong>+31(0)88-2200100<\/strong> ou enviar um e-mail para <strong><a href=\"&#x6d;&#x61;&#105;l&#x74;&#x6f;&#x3a;&#105;n&#x66;&#x6f;&#x40;&#101;l&#x63;&#x6f;&#x6e;&#121;&#46;&#x63;&#x6f;&#x6d;\">&#x69;&#x6e;&#x66;&#x6f;&#x40;&#x65;&#x6c;&#99;&#111;&#110;&#121;&#46;com<\/a><\/strong>.<\/p>\n<\/div><div class=\"fusion-clearfix\"><\/div><\/div><\/div><div class=\"fusion-layout-column fusion_builder_column fusion-builder-column-2 fusion_builder_column_1_5 1_5 fusion-one-fifth fusion-column-last\" style=\"--awb-bg-blend:overlay;--awb-bg-size:cover;width:20%;width:calc(20% - ( ( 4% + 4% ) * 0.2 ) );\"><div class=\"fusion-column-wrapper fusion-flex-column-wrapper-legacy\"><div class=\"fusion-clearfix\"><\/div><\/div><\/div><\/div><\/div>\n","protected":false},"excerpt":{"rendered":"","protected":false},"author":1,"featured_media":0,"parent":0,"menu_order":6,"comment_status":"closed","ping_status":"closed","template":"","meta":{"footnotes":""},"class_list":["post-186532","page","type-page","status-publish","hentry"],"yoast_head":"<!-- This site is optimized with the Yoast SEO plugin v27.5 - https:\/\/yoast.com\/product\/yoast-seo-wordpress\/ -->\n<title>Trabalhar com conex\u00f5es Twin Ferrule (SOG) \u2013 a n\u00edvel nacional e incompany<\/title>\n<meta name=\"description\" content=\"Aprenda a trabalhar de forma segura e correta com conex\u00f5es twin ferrule. Curso pr\u00e1tico para montadores e profissionais de instrumenta\u00e7\u00e3o.\" \/>\n<meta name=\"robots\" content=\"index, follow, max-snippet:-1, max-image-preview:large, max-video-preview:-1\" \/>\n<link rel=\"canonical\" href=\"https:\/\/www.elcony.com\/werken-met-twin-ferrule-fittingen\/\" \/>\n<script type=\"application\/ld+json\" class=\"yoast-schema-graph\">{\"@context\":\"https:\\\/\\\/schema.org\",\"@graph\":[{\"@type\":\"WebPage\",\"@id\":\"https:\\\/\\\/www.elcony.com\\\/werken-met-twin-ferrule-fittingen\\\/\",\"url\":\"https:\\\/\\\/www.elcony.com\\\/werken-met-twin-ferrule-fittingen\\\/\",\"name\":\"Trabalhar com conex\u00f5es Twin Ferrule (SOG) \u2013 a n\u00edvel nacional e incompany\",\"isPartOf\":{\"@id\":\"https:\\\/\\\/www.elcony.com\\\/it\\\/#website\"},\"datePublished\":\"2023-10-08T09:32:38+00:00\",\"dateModified\":\"2026-02-06T19:24:13+00:00\",\"description\":\"Aprenda a trabalhar de forma segura e correta com conex\u00f5es twin ferrule. Curso pr\u00e1tico para montadores e profissionais de instrumenta\u00e7\u00e3o.\",\"breadcrumb\":{\"@id\":\"https:\\\/\\\/www.elcony.com\\\/werken-met-twin-ferrule-fittingen\\\/#breadcrumb\"},\"inLanguage\":\"pt-PT\",\"potentialAction\":[{\"@type\":\"ReadAction\",\"target\":[\"https:\\\/\\\/www.elcony.com\\\/werken-met-twin-ferrule-fittingen\\\/\"]}]},{\"@type\":\"BreadcrumbList\",\"@id\":\"https:\\\/\\\/www.elcony.com\\\/werken-met-twin-ferrule-fittingen\\\/#breadcrumb\",\"itemListElement\":[{\"@type\":\"ListItem\",\"position\":1,\"name\":\"Home\",\"item\":\"https:\\\/\\\/www.elcony.com\\\/pt-pt\\\/\"},{\"@type\":\"ListItem\",\"position\":2,\"name\":\"Twin Ferrule\"}]},{\"@type\":\"WebSite\",\"@id\":\"https:\\\/\\\/www.elcony.com\\\/it\\\/#website\",\"url\":\"https:\\\/\\\/www.elcony.com\\\/it\\\/\",\"name\":\"ELCONY\",\"description\":\"ARBO, VCA en SOG Opleidingen\",\"potentialAction\":[{\"@type\":\"SearchAction\",\"target\":{\"@type\":\"EntryPoint\",\"urlTemplate\":\"https:\\\/\\\/www.elcony.com\\\/it\\\/?s={search_term_string}\"},\"query-input\":{\"@type\":\"PropertyValueSpecification\",\"valueRequired\":true,\"valueName\":\"search_term_string\"}}],\"inLanguage\":\"pt-PT\"}]}<\/script>\n<!-- \/ Yoast SEO plugin. -->","yoast_head_json":{"title":"Trabalhar com conex\u00f5es Twin Ferrule (SOG) \u2013 a n\u00edvel nacional e incompany","description":"Aprenda a trabalhar de forma segura e correta com conex\u00f5es twin ferrule. Curso pr\u00e1tico para montadores e profissionais de instrumenta\u00e7\u00e3o.","robots":{"index":"index","follow":"follow","max-snippet":"max-snippet:-1","max-image-preview":"max-image-preview:large","max-video-preview":"max-video-preview:-1"},"canonical":"https:\/\/www.elcony.com\/werken-met-twin-ferrule-fittingen\/","schema":{"@context":"https:\/\/schema.org","@graph":[{"@type":"WebPage","@id":"https:\/\/www.elcony.com\/werken-met-twin-ferrule-fittingen\/","url":"https:\/\/www.elcony.com\/werken-met-twin-ferrule-fittingen\/","name":"Trabalhar com conex\u00f5es Twin Ferrule (SOG) \u2013 a n\u00edvel nacional e incompany","isPartOf":{"@id":"https:\/\/www.elcony.com\/it\/#website"},"datePublished":"2023-10-08T09:32:38+00:00","dateModified":"2026-02-06T19:24:13+00:00","description":"Aprenda a trabalhar de forma segura e correta com conex\u00f5es twin ferrule. Curso pr\u00e1tico para montadores e profissionais de instrumenta\u00e7\u00e3o.","breadcrumb":{"@id":"https:\/\/www.elcony.com\/werken-met-twin-ferrule-fittingen\/#breadcrumb"},"inLanguage":"pt-PT","potentialAction":[{"@type":"ReadAction","target":["https:\/\/www.elcony.com\/werken-met-twin-ferrule-fittingen\/"]}]},{"@type":"BreadcrumbList","@id":"https:\/\/www.elcony.com\/werken-met-twin-ferrule-fittingen\/#breadcrumb","itemListElement":[{"@type":"ListItem","position":1,"name":"Home","item":"https:\/\/www.elcony.com\/pt-pt\/"},{"@type":"ListItem","position":2,"name":"Twin Ferrule"}]},{"@type":"WebSite","@id":"https:\/\/www.elcony.com\/it\/#website","url":"https:\/\/www.elcony.com\/it\/","name":"ELCONY","description":"ARBO, VCA en SOG Opleidingen","potentialAction":[{"@type":"SearchAction","target":{"@type":"EntryPoint","urlTemplate":"https:\/\/www.elcony.com\/it\/?s={search_term_string}"},"query-input":{"@type":"PropertyValueSpecification","valueRequired":true,"valueName":"search_term_string"}}],"inLanguage":"pt-PT"}]}},"_links":{"self":[{"href":"https:\/\/www.elcony.com\/pt-pt\/wp-json\/wp\/v2\/pages\/186532","targetHints":{"allow":["GET"]}}],"collection":[{"href":"https:\/\/www.elcony.com\/pt-pt\/wp-json\/wp\/v2\/pages"}],"about":[{"href":"https:\/\/www.elcony.com\/pt-pt\/wp-json\/wp\/v2\/types\/page"}],"author":[{"embeddable":true,"href":"https:\/\/www.elcony.com\/pt-pt\/wp-json\/wp\/v2\/users\/1"}],"replies":[{"embeddable":true,"href":"https:\/\/www.elcony.com\/pt-pt\/wp-json\/wp\/v2\/comments?post=186532"}],"version-history":[{"count":3,"href":"https:\/\/www.elcony.com\/pt-pt\/wp-json\/wp\/v2\/pages\/186532\/revisions"}],"predecessor-version":[{"id":391469,"href":"https:\/\/www.elcony.com\/pt-pt\/wp-json\/wp\/v2\/pages\/186532\/revisions\/391469"}],"wp:attachment":[{"href":"https:\/\/www.elcony.com\/pt-pt\/wp-json\/wp\/v2\/media?parent=186532"}],"curies":[{"name":"wp","href":"https:\/\/api.w.org\/{rel}","templated":true}]}}