{"id":191466,"date":"2023-10-24T23:41:57","date_gmt":"2023-10-24T21:41:57","guid":{"rendered":"https:\/\/www.elcony.com\/protecao-respiratoria\/"},"modified":"2026-02-06T13:41:23","modified_gmt":"2026-02-06T12:41:23","slug":"protecao-respiratoria","status":"publish","type":"page","link":"https:\/\/www.elcony.com\/pt-pt\/protecao-respiratoria\/","title":{"rendered":"Prote\u00e7\u00e3o respirat\u00f3ria independente"},"content":{"rendered":"<div class=\"fusion-fullwidth fullwidth-box fusion-builder-row-1 has-pattern-background has-mask-background nonhundred-percent-fullwidth non-hundred-percent-height-scrolling\" style=\"--awb-border-radius-top-left:0px;--awb-border-radius-top-right:0px;--awb-border-radius-bottom-right:0px;--awb-border-radius-bottom-left:0px;--awb-flex-wrap:wrap;\" ><div class=\"fusion-builder-row fusion-row\"><div class=\"fusion-layout-column fusion_builder_column fusion-builder-column-0 fusion_builder_column_1_5 1_5 fusion-one-fifth fusion-column-first\" style=\"--awb-bg-blend:overlay;--awb-bg-size:cover;width:20%;width:calc(20% - ( ( 4% + 4% ) * 0.2 ) );margin-right: 4%;\"><div class=\"fusion-column-wrapper fusion-flex-column-wrapper-legacy\"><div class=\"fusion-clearfix\"><\/div><\/div><\/div><div class=\"fusion-layout-column fusion_builder_column fusion-builder-column-1 fusion_builder_column_3_5 3_5 fusion-three-fifth\" style=\"--awb-bg-blend:overlay;--awb-bg-size:cover;width:60%;width:calc(60% - ( ( 4% + 4% ) * 0.6 ) );margin-right: 4%;\"><div class=\"fusion-column-wrapper fusion-flex-column-wrapper-legacy\"><div class=\"fusion-text fusion-text-1\"><h1>Trabalhar com prote\u00e7\u00e3o respirat\u00f3ria independente<\/h1>\n<p> Trabalhar com prote\u00e7\u00e3o respirat\u00f3ria independente \u00e9 necess\u00e1rio ao realizar atividades em ambientes onde a qualidade do ar n\u00e3o \u00e9 suficientemente segura. Com o curso Trabalhar com prote\u00e7\u00e3o respirat\u00f3ria independente, voc\u00ea aprender\u00e1 a utilizar equipamentos de ar respir\u00e1vel de forma segura, respons\u00e1vel e de acordo com os procedimentos vigentes. <\/p>\n<h2>O que \u00e9 prote\u00e7\u00e3o respirat\u00f3ria independente?<\/h2>\n<p> A prote\u00e7\u00e3o respirat\u00f3ria independente \u00e9 utilizada quando o ar ambiente n\u00e3o \u00e9 adequado para respira\u00e7\u00e3o, por exemplo, devido \u00e0 defici\u00eancia de oxig\u00eanio ou \u00e0 presen\u00e7a de subst\u00e2ncias perigosas. Nesse caso, o usu\u00e1rio respira ar proveniente de uma fonte independente, como um aparelho de respira\u00e7\u00e3o aut\u00f4nomo ou um sistema de linha de ar respir\u00e1vel. <\/p>\n<h2>Para quem \u00e9 destinado o curso \u201cTrabalhar com prote\u00e7\u00e3o respirat\u00f3ria independente\u201d?<\/h2>\n<ul>\n<li>Trabalhadores da ind\u00fastria (petro)qu\u00edmica.<\/li>\n<li>T\u00e9cnicos e profissionais de manuten\u00e7\u00e3o.<\/li>\n<li>Contratados e trabalhadores aut\u00f4nomos em locais industriais.<\/li>\n<li>Funcion\u00e1rios que trabalham em ambientes confinados ou de risco.<\/li>\n<\/ul>\n<h2>Trabalhar com prote\u00e7\u00e3o respirat\u00f3ria independente sem SOG<\/h2>\n<h3>P\u00fablico-alvo<\/h3>\n<p> Este treinamento \u00e9 adequado para colaboradores que trabalham com prote\u00e7\u00e3o respirat\u00f3ria independente junto a clientes para os quais n\u00e3o se aplica a exig\u00eancia de SOG. <\/p>\n<h3>Quando escolher prote\u00e7\u00e3o respirat\u00f3ria sem SOG?<\/h3>\n<ul>\n<li>Seu cliente n\u00e3o exige um diploma SOG.<\/li>\n<li>Voc\u00ea trabalha de acordo com procedimentos internos de seguran\u00e7a.<\/li>\n<li>Voc\u00ea procura um treinamento pr\u00e1tico sem exame externo SOG.<\/li>\n<\/ul>\n<p> Ap\u00f3s a conclus\u00e3o, voc\u00ea receber\u00e1 um certificado registrado no <strong>Registro de Diplomas ELCONY<\/strong>, com <strong>validade de 5 anos<\/strong>. <\/p>\n<h3>Dura\u00e7\u00e3o do curso e pre\u00e7o<\/h3>\n<ul>\n<li>1 dia com conhecimentos pr\u00e9vios por meio da nossa prepara\u00e7\u00e3o online ou curso de reciclagem: <strong>\u20ac 255,00<\/strong> sem IVA<\/li>\n<li>2 dias sem experi\u00eancia anterior: <strong>\u20ac 455,00<\/strong> sem IVA<\/li>\n<\/ul>\n<h2>Trabalhar com prote\u00e7\u00e3o respirat\u00f3ria independente com SOG<\/h2>\n<h3>P\u00fablico-alvo<\/h3>\n<p> O curso \u201cTrabalhar com prote\u00e7\u00e3o respirat\u00f3ria independente\u201d reconhecido pelo SOG \u00e9 destinado a colaboradores que trabalham para clientes onde um certificado oficialmente reconhecido \u00e9 obrigat\u00f3rio. <\/p>\n<h3>Quando a prote\u00e7\u00e3o respirat\u00f3ria (SOG) \u00e9 obrigat\u00f3ria?<\/h3>\n<ul>\n<li>Ao trabalhar em ambientes com oxig\u00eanio insuficiente.<\/li>\n<li>Em caso de exposi\u00e7\u00e3o a subst\u00e2ncias perigosas.<\/li>\n<li>Na ind\u00fastria (petro)qu\u00edmica.<\/li>\n<li>Para clientes que operam de acordo com os requisitos da SSVV.<\/li>\n<\/ul>\n<p> Ap\u00f3s a aprova\u00e7\u00e3o no exame, o certificado \u00e9 registrado no <strong>Registro de Diplomas SSVV<\/strong> e \u00e9 <strong>v\u00e1lido por 3 anos<\/strong>. <\/p>\n<h3>Dura\u00e7\u00e3o do curso e pre\u00e7o<\/h3>\n<ul>\n<li>1 dia com conhecimentos pr\u00e9vios por meio da nossa prepara\u00e7\u00e3o online ou curso de reciclagem: <strong>\u20ac 329,00<\/strong> sem IVA<\/li>\n<li>2 dias sem experi\u00eancia anterior: <strong>\u20ac 529,00<\/strong> sem IVA<\/li>\n<\/ul>\n<h2>Aptid\u00e3o m\u00e9dica<\/h2>\n<p> Para trabalhar com prote\u00e7\u00e3o respirat\u00f3ria independente, \u00e9 obrigat\u00f3rio possuir um certificado m\u00e9dico de aptid\u00e3o v\u00e1lido. Este certificado deve ser fornecido pelo empregador e \u00e9 exigido tanto durante o treinamento quanto no exame. <\/p>\n<h2><strong>Localiza\u00e7\u00e3o<\/strong><\/h2>\n<p> O curso Trabalhar com prote\u00e7\u00e3o respirat\u00f3ria independente \u00e9 oferecido em v\u00e1rios locais nos Pa\u00edses Baixos e tamb\u00e9m pode ser realizado no seu pr\u00f3prio local. <\/p>\n<h2><strong>Contato<\/strong><\/h2>\n<p> Para mais informa\u00e7\u00f5es ou para se inscrever, ligue para <strong>+31(0)88-2200100<\/strong> ou envie um e-mail para <strong><a href=\"&#109;&#x61;&#x69;l&#116;&#x6f;:&#105;&#x6e;&#x66;&#111;&#x40;&#x65;l&#99;&#x6f;n&#121;&#x2e;&#x63;&#111;&#x6d;\">&#x69;&#110;f&#x6f;&#64;e&#x6c;&#99;o&#x6e;&#x79;&#46;&#x63;&#x6f;&#109;<\/a><\/strong>.<\/p>\n<\/div><div class=\"fusion-clearfix\"><\/div><\/div><\/div><div class=\"fusion-layout-column fusion_builder_column fusion-builder-column-2 fusion_builder_column_1_5 1_5 fusion-one-fifth fusion-column-last\" style=\"--awb-bg-blend:overlay;--awb-bg-size:cover;width:20%;width:calc(20% - ( ( 4% + 4% ) * 0.2 ) );\"><div class=\"fusion-column-wrapper fusion-flex-column-wrapper-legacy\"><div class=\"fusion-clearfix\"><\/div><\/div><\/div><\/div><\/div>\n","protected":false},"excerpt":{"rendered":"","protected":false},"author":1,"featured_media":0,"parent":0,"menu_order":4,"comment_status":"closed","ping_status":"closed","template":"","meta":{"footnotes":""},"class_list":["post-191466","page","type-page","status-publish","hentry"],"yoast_head":"<!-- This site is optimized with the Yoast SEO plugin v27.5 - https:\/\/yoast.com\/product\/yoast-seo-wordpress\/ -->\n<title>Curso \u201cTrabalhar com prote\u00e7\u00e3o respirat\u00f3ria independente\u201d (SOG)<\/title>\n<meta name=\"description\" content=\"Aprenda a trabalhar com seguran\u00e7a utilizando prote\u00e7\u00e3o respirat\u00f3ria independente. Curso para a ind\u00fastria, manuten\u00e7\u00e3o e espa\u00e7os confinados. Com ou sem SOG.\" \/>\n<meta name=\"robots\" content=\"index, follow, max-snippet:-1, max-image-preview:large, max-video-preview:-1\" \/>\n<link rel=\"canonical\" href=\"https:\/\/www.elcony.com\/pt-pt\/protecao-respiratoria\/\" \/>\n<script type=\"application\/ld+json\" class=\"yoast-schema-graph\">{\"@context\":\"https:\\\/\\\/schema.org\",\"@graph\":[{\"@type\":\"WebPage\",\"@id\":\"https:\\\/\\\/www.elcony.com\\\/pt-pt\\\/protecao-respiratoria\\\/\",\"url\":\"https:\\\/\\\/www.elcony.com\\\/pt-pt\\\/protecao-respiratoria\\\/\",\"name\":\"Curso \u201cTrabalhar com prote\u00e7\u00e3o respirat\u00f3ria independente\u201d (SOG)\",\"isPartOf\":{\"@id\":\"https:\\\/\\\/www.elcony.com\\\/it\\\/#website\"},\"datePublished\":\"2023-10-24T21:41:57+00:00\",\"dateModified\":\"2026-02-06T12:41:23+00:00\",\"description\":\"Aprenda a trabalhar com seguran\u00e7a utilizando prote\u00e7\u00e3o respirat\u00f3ria independente. Curso para a ind\u00fastria, manuten\u00e7\u00e3o e espa\u00e7os confinados. Com ou sem SOG.\",\"breadcrumb\":{\"@id\":\"https:\\\/\\\/www.elcony.com\\\/pt-pt\\\/protecao-respiratoria\\\/#breadcrumb\"},\"inLanguage\":\"pt-PT\",\"potentialAction\":[{\"@type\":\"ReadAction\",\"target\":[\"https:\\\/\\\/www.elcony.com\\\/pt-pt\\\/protecao-respiratoria\\\/\"]}]},{\"@type\":\"BreadcrumbList\",\"@id\":\"https:\\\/\\\/www.elcony.com\\\/pt-pt\\\/protecao-respiratoria\\\/#breadcrumb\",\"itemListElement\":[{\"@type\":\"ListItem\",\"position\":1,\"name\":\"Home\",\"item\":\"https:\\\/\\\/www.elcony.com\\\/pt-pt\\\/\"},{\"@type\":\"ListItem\",\"position\":2,\"name\":\"Prote\u00e7\u00e3o respirat\u00f3ria independente\"}]},{\"@type\":\"WebSite\",\"@id\":\"https:\\\/\\\/www.elcony.com\\\/it\\\/#website\",\"url\":\"https:\\\/\\\/www.elcony.com\\\/it\\\/\",\"name\":\"ELCONY\",\"description\":\"ARBO, VCA en SOG Opleidingen\",\"potentialAction\":[{\"@type\":\"SearchAction\",\"target\":{\"@type\":\"EntryPoint\",\"urlTemplate\":\"https:\\\/\\\/www.elcony.com\\\/it\\\/?s={search_term_string}\"},\"query-input\":{\"@type\":\"PropertyValueSpecification\",\"valueRequired\":true,\"valueName\":\"search_term_string\"}}],\"inLanguage\":\"pt-PT\"}]}<\/script>\n<!-- \/ Yoast SEO plugin. -->","yoast_head_json":{"title":"Curso \u201cTrabalhar com prote\u00e7\u00e3o respirat\u00f3ria independente\u201d (SOG)","description":"Aprenda a trabalhar com seguran\u00e7a utilizando prote\u00e7\u00e3o respirat\u00f3ria independente. Curso para a ind\u00fastria, manuten\u00e7\u00e3o e espa\u00e7os confinados. Com ou sem SOG.","robots":{"index":"index","follow":"follow","max-snippet":"max-snippet:-1","max-image-preview":"max-image-preview:large","max-video-preview":"max-video-preview:-1"},"canonical":"https:\/\/www.elcony.com\/pt-pt\/protecao-respiratoria\/","schema":{"@context":"https:\/\/schema.org","@graph":[{"@type":"WebPage","@id":"https:\/\/www.elcony.com\/pt-pt\/protecao-respiratoria\/","url":"https:\/\/www.elcony.com\/pt-pt\/protecao-respiratoria\/","name":"Curso \u201cTrabalhar com prote\u00e7\u00e3o respirat\u00f3ria independente\u201d (SOG)","isPartOf":{"@id":"https:\/\/www.elcony.com\/it\/#website"},"datePublished":"2023-10-24T21:41:57+00:00","dateModified":"2026-02-06T12:41:23+00:00","description":"Aprenda a trabalhar com seguran\u00e7a utilizando prote\u00e7\u00e3o respirat\u00f3ria independente. Curso para a ind\u00fastria, manuten\u00e7\u00e3o e espa\u00e7os confinados. Com ou sem SOG.","breadcrumb":{"@id":"https:\/\/www.elcony.com\/pt-pt\/protecao-respiratoria\/#breadcrumb"},"inLanguage":"pt-PT","potentialAction":[{"@type":"ReadAction","target":["https:\/\/www.elcony.com\/pt-pt\/protecao-respiratoria\/"]}]},{"@type":"BreadcrumbList","@id":"https:\/\/www.elcony.com\/pt-pt\/protecao-respiratoria\/#breadcrumb","itemListElement":[{"@type":"ListItem","position":1,"name":"Home","item":"https:\/\/www.elcony.com\/pt-pt\/"},{"@type":"ListItem","position":2,"name":"Prote\u00e7\u00e3o respirat\u00f3ria independente"}]},{"@type":"WebSite","@id":"https:\/\/www.elcony.com\/it\/#website","url":"https:\/\/www.elcony.com\/it\/","name":"ELCONY","description":"ARBO, VCA en SOG Opleidingen","potentialAction":[{"@type":"SearchAction","target":{"@type":"EntryPoint","urlTemplate":"https:\/\/www.elcony.com\/it\/?s={search_term_string}"},"query-input":{"@type":"PropertyValueSpecification","valueRequired":true,"valueName":"search_term_string"}}],"inLanguage":"pt-PT"}]}},"_links":{"self":[{"href":"https:\/\/www.elcony.com\/pt-pt\/wp-json\/wp\/v2\/pages\/191466","targetHints":{"allow":["GET"]}}],"collection":[{"href":"https:\/\/www.elcony.com\/pt-pt\/wp-json\/wp\/v2\/pages"}],"about":[{"href":"https:\/\/www.elcony.com\/pt-pt\/wp-json\/wp\/v2\/types\/page"}],"author":[{"embeddable":true,"href":"https:\/\/www.elcony.com\/pt-pt\/wp-json\/wp\/v2\/users\/1"}],"replies":[{"embeddable":true,"href":"https:\/\/www.elcony.com\/pt-pt\/wp-json\/wp\/v2\/comments?post=191466"}],"version-history":[{"count":3,"href":"https:\/\/www.elcony.com\/pt-pt\/wp-json\/wp\/v2\/pages\/191466\/revisions"}],"predecessor-version":[{"id":391282,"href":"https:\/\/www.elcony.com\/pt-pt\/wp-json\/wp\/v2\/pages\/191466\/revisions\/391282"}],"wp:attachment":[{"href":"https:\/\/www.elcony.com\/pt-pt\/wp-json\/wp\/v2\/media?parent=191466"}],"curies":[{"name":"wp","href":"https:\/\/api.w.org\/{rel}","templated":true}]}}