{"id":234359,"date":"2023-11-26T13:14:54","date_gmt":"2023-11-26T12:14:54","guid":{"rendered":"https:\/\/www.elcony.com\/protecao-exterior-protecao-de-caixas-de-visita\/"},"modified":"2026-02-06T14:38:50","modified_gmt":"2026-02-06T13:38:50","slug":"protecao-exterior-protecao-de-caixas-de-visita","status":"publish","type":"page","link":"https:\/\/www.elcony.com\/pt-pt\/protecao-exterior-protecao-de-caixas-de-visita\/","title":{"rendered":"Vigia externo (vigia de boca de visita)"},"content":{"rendered":"<div class=\"fusion-fullwidth fullwidth-box fusion-builder-row-1 has-pattern-background has-mask-background nonhundred-percent-fullwidth non-hundred-percent-height-scrolling\" style=\"--awb-border-radius-top-left:0px;--awb-border-radius-top-right:0px;--awb-border-radius-bottom-right:0px;--awb-border-radius-bottom-left:0px;--awb-flex-wrap:wrap;\" ><div class=\"fusion-builder-row fusion-row\"><div class=\"fusion-layout-column fusion_builder_column fusion-builder-column-0 fusion_builder_column_1_5 1_5 fusion-one-fifth fusion-column-first\" style=\"--awb-bg-blend:overlay;--awb-bg-size:cover;width:20%;width:calc(20% - ( ( 4% + 4% ) * 0.2 ) );margin-right: 4%;\"><div class=\"fusion-column-wrapper fusion-flex-column-wrapper-legacy\"><div class=\"fusion-clearfix\"><\/div><\/div><\/div><div class=\"fusion-layout-column fusion_builder_column fusion-builder-column-1 fusion_builder_column_3_5 3_5 fusion-three-fifth\" style=\"--awb-padding-bottom:20px;--awb-bg-blend:overlay;--awb-bg-size:cover;--awb-margin-top:0px;--awb-margin-bottom:0px;width:60%;width:calc(60% - ( ( 4% + 4% ) * 0.6 ) );margin-right: 4%;\"><div class=\"fusion-column-wrapper fusion-flex-column-wrapper-legacy\"><div class=\"fusion-text fusion-text-1\"><h1>Trabalhar como Vigia Externo (vigia de boca de visita)<\/h1>\n<p> Trabalhar como vigia externo (vigia de boca de visita) \u00e9 uma fun\u00e7\u00e3o de seguran\u00e7a crucial durante a execu\u00e7\u00e3o de trabalhos em espa\u00e7os confinados. Como vigia externo, voc\u00ea supervisiona os trabalhos, garante a seguran\u00e7a e interv\u00e9m imediatamente em situa\u00e7\u00f5es de emerg\u00eancia. Com o curso Trabalhar como Vigia Externo, voc\u00ea aprender\u00e1 a desempenhar essa fun\u00e7\u00e3o de forma segura, respons\u00e1vel e de acordo com os procedimentos vigentes. <\/p>\n<h2>O que faz um vigia externo?<\/h2>\n<p> O vigia externo supervisiona trabalhos em espa\u00e7os confinados, como tanques, tubula\u00e7\u00f5es, po\u00e7os e reatores. Ele monitora a seguran\u00e7a, mant\u00e9m a comunica\u00e7\u00e3o com os trabalhadores no interior do espa\u00e7o e aciona ajuda em caso de incidentes. <\/p>\n<h2>Para quem \u00e9 destinado o curso Trabalhar como Vigia Externo?<\/h2>\n<ul>\n<li>Trabalhadores da ind\u00fastria (petro)qu\u00edmica.<\/li>\n<li>T\u00e9cnicos de manuten\u00e7\u00e3o e contratados.<\/li>\n<li>Supervisores de trabalhos em espa\u00e7os confinados.<\/li>\n<li>Trabalhadores aut\u00f4nomos (ZZP) atuando em locais industriais.<\/li>\n<li>Qualquer pessoa que atue como vigia de boca de visita.<\/li>\n<\/ul>\n<h2>Trabalhar como Vigia Externo sem SOG<\/h2>\n<h3>P\u00fablico-alvo<\/h3>\n<p> Este treinamento \u00e9 adequado para colaboradores que atuam como vigias externos em organiza\u00e7\u00f5es ou para clientes onde n\u00e3o se aplica a exig\u00eancia de SOG. <\/p>\n<h3>Quando escolher Vigia Externo sem SOG?<\/h3>\n<ul>\n<li>Seu cliente n\u00e3o exige um certificado SOG<\/li>\n<li>Voc\u00ea trabalha de acordo com procedimentos internos de seguran\u00e7a<\/li>\n<li>Procura um curso pr\u00e1tico sem exame externo<\/li>\n<\/ul>\n<p> Ap\u00f3s a conclus\u00e3o, voc\u00ea receber\u00e1 um certificado registrado no <strong>Registro de Diplomas ELCONY<\/strong>, que \u00e9 <strong>v\u00e1lido por 5 anos<\/strong>. <\/p>\n<h3>Dura\u00e7\u00e3o do curso e pre\u00e7o<\/h3>\n<ul>\n<li>1 dia com conhecimentos pr\u00e9vios por meio da nossa prepara\u00e7\u00e3o online ou curso de reciclagem: <strong>\u20ac 255,00<\/strong> sem IVA<\/li>\n<li>2 dias sem experi\u00eancia anterior: <strong>\u20ac 455,00<\/strong> sem IVA<\/li>\n<\/ul>\n<h2>Trabalhar como Vigia Externo com SOG<\/h2>\n<h3>P\u00fablico-alvo<\/h3>\n<p> O curso Trabalhar como Vigia Externo reconhecido pelo SOG \u00e9 destinado a colaboradores que trabalham para clientes onde \u00e9 obrigat\u00f3rio um certificado oficialmente reconhecido. <\/p>\n<h3>Quando o Vigia Externo (SOG) \u00e9 obrigat\u00f3rio?<\/h3>\n<ul>\n<li>Durante trabalhos em espa\u00e7os confinados na ind\u00fastria (petro)qu\u00edmica<\/li>\n<li>Durante paradas de manuten\u00e7\u00e3o e turnarounds<\/li>\n<li>Para clientes que trabalham de acordo com os requisitos da SSVV<\/li>\n<li>Em locais com procedimentos de seguran\u00e7a rigorosamente regulamentados<\/li>\n<\/ul>\n<p> Ap\u00f3s a aprova\u00e7\u00e3o no exame, o certificado \u00e9 registrado no <strong>Registro de Diplomas SSVV<\/strong> e \u00e9 <strong>v\u00e1lido por 3 anos<\/strong>. <\/p>\n<h3>Dura\u00e7\u00e3o do curso e pre\u00e7o<\/h3>\n<ul>\n<li>1 dia com conhecimentos pr\u00e9vios por meio da nossa prepara\u00e7\u00e3o online ou curso de reciclagem: <strong>\u20ac 369,00<\/strong> sem IVA<\/li>\n<li>2 dias sem experi\u00eancia anterior: <strong>\u20ac 569,00<\/strong> sem IVA<\/li>\n<\/ul>\n<h3>Idiomas do exame<\/h3>\n<p> O exame SOG est\u00e1 dispon\u00edvel em neerland\u00eas e ingl\u00eas. <\/p>\n<h2>Locais<\/h2>\n<p> O curso Trabalhar como Vigia Externo \u00e9 ministrado em v\u00e1rios locais nos Pa\u00edses Baixos e tamb\u00e9m pode ser realizado na sua pr\u00f3pria localiza\u00e7\u00e3o. <\/p>\n<h2>Contacto<\/h2>\n<p> Para mais informa\u00e7\u00f5es ou para se inscrever, ligue para <strong>+31(0)88-2200100<\/strong> ou envie um e-mail para <strong><a href=\"mailto:info&#64;elcony&#46;com\">&#x69;&#110;f&#x6f;&#64;e&#x6c;&#99;o&#x6e;&#121;&#46;&#x63;&#111;m<\/a><\/strong>.<\/p>\n<\/div><div class=\"fusion-clearfix\"><\/div><\/div><\/div><div class=\"fusion-layout-column fusion_builder_column fusion-builder-column-2 fusion_builder_column_1_5 1_5 fusion-one-fifth fusion-column-last\" style=\"--awb-bg-blend:overlay;--awb-bg-size:cover;width:20%;width:calc(20% - ( ( 4% + 4% ) * 0.2 ) );\"><div class=\"fusion-column-wrapper fusion-flex-column-wrapper-legacy\"><div class=\"fusion-clearfix\"><\/div><\/div><\/div><\/div><\/div>\n","protected":false},"excerpt":{"rendered":"","protected":false},"author":1,"featured_media":0,"parent":0,"menu_order":3,"comment_status":"closed","ping_status":"closed","template":"","meta":{"footnotes":""},"class_list":["post-234359","page","type-page","status-publish","hentry"],"yoast_head":"<!-- This site is optimized with the Yoast SEO plugin v27.5 - https:\/\/yoast.com\/product\/yoast-seo-wordpress\/ -->\n<title>Curso Trabalhar como Vigia Externo (SOG) | Tamb\u00e9m Incompany<\/title>\n<meta name=\"description\" content=\"Fa\u00e7a o curso Trabalhar como Vigia Externo (vigia de boca de visita). Aprenda a supervisionar com seguran\u00e7a trabalhos em espa\u00e7os confinados. Com ou sem SOG, orientado para a pr\u00e1tica.\" \/>\n<meta name=\"robots\" content=\"index, follow, max-snippet:-1, max-image-preview:large, max-video-preview:-1\" \/>\n<link rel=\"canonical\" href=\"https:\/\/www.elcony.com\/pt-pt\/protecao-exterior-protecao-de-caixas-de-visita\/\" \/>\n<script type=\"application\/ld+json\" class=\"yoast-schema-graph\">{\"@context\":\"https:\\\/\\\/schema.org\",\"@graph\":[{\"@type\":\"WebPage\",\"@id\":\"https:\\\/\\\/www.elcony.com\\\/pt-pt\\\/protecao-exterior-protecao-de-caixas-de-visita\\\/\",\"url\":\"https:\\\/\\\/www.elcony.com\\\/pt-pt\\\/protecao-exterior-protecao-de-caixas-de-visita\\\/\",\"name\":\"Curso Trabalhar como Vigia Externo (SOG) | Tamb\u00e9m Incompany\",\"isPartOf\":{\"@id\":\"https:\\\/\\\/www.elcony.com\\\/it\\\/#website\"},\"datePublished\":\"2023-11-26T12:14:54+00:00\",\"dateModified\":\"2026-02-06T13:38:50+00:00\",\"description\":\"Fa\u00e7a o curso Trabalhar como Vigia Externo (vigia de boca de visita). Aprenda a supervisionar com seguran\u00e7a trabalhos em espa\u00e7os confinados. Com ou sem SOG, orientado para a pr\u00e1tica.\",\"breadcrumb\":{\"@id\":\"https:\\\/\\\/www.elcony.com\\\/pt-pt\\\/protecao-exterior-protecao-de-caixas-de-visita\\\/#breadcrumb\"},\"inLanguage\":\"pt-PT\",\"potentialAction\":[{\"@type\":\"ReadAction\",\"target\":[\"https:\\\/\\\/www.elcony.com\\\/pt-pt\\\/protecao-exterior-protecao-de-caixas-de-visita\\\/\"]}]},{\"@type\":\"BreadcrumbList\",\"@id\":\"https:\\\/\\\/www.elcony.com\\\/pt-pt\\\/protecao-exterior-protecao-de-caixas-de-visita\\\/#breadcrumb\",\"itemListElement\":[{\"@type\":\"ListItem\",\"position\":1,\"name\":\"Home\",\"item\":\"https:\\\/\\\/www.elcony.com\\\/pt-pt\\\/\"},{\"@type\":\"ListItem\",\"position\":2,\"name\":\"Vigia externo (vigia de boca de visita)\"}]},{\"@type\":\"WebSite\",\"@id\":\"https:\\\/\\\/www.elcony.com\\\/it\\\/#website\",\"url\":\"https:\\\/\\\/www.elcony.com\\\/it\\\/\",\"name\":\"ELCONY\",\"description\":\"ARBO, VCA en SOG Opleidingen\",\"potentialAction\":[{\"@type\":\"SearchAction\",\"target\":{\"@type\":\"EntryPoint\",\"urlTemplate\":\"https:\\\/\\\/www.elcony.com\\\/it\\\/?s={search_term_string}\"},\"query-input\":{\"@type\":\"PropertyValueSpecification\",\"valueRequired\":true,\"valueName\":\"search_term_string\"}}],\"inLanguage\":\"pt-PT\"}]}<\/script>\n<!-- \/ Yoast SEO plugin. -->","yoast_head_json":{"title":"Curso Trabalhar como Vigia Externo (SOG) | Tamb\u00e9m Incompany","description":"Fa\u00e7a o curso Trabalhar como Vigia Externo (vigia de boca de visita). Aprenda a supervisionar com seguran\u00e7a trabalhos em espa\u00e7os confinados. Com ou sem SOG, orientado para a pr\u00e1tica.","robots":{"index":"index","follow":"follow","max-snippet":"max-snippet:-1","max-image-preview":"max-image-preview:large","max-video-preview":"max-video-preview:-1"},"canonical":"https:\/\/www.elcony.com\/pt-pt\/protecao-exterior-protecao-de-caixas-de-visita\/","schema":{"@context":"https:\/\/schema.org","@graph":[{"@type":"WebPage","@id":"https:\/\/www.elcony.com\/pt-pt\/protecao-exterior-protecao-de-caixas-de-visita\/","url":"https:\/\/www.elcony.com\/pt-pt\/protecao-exterior-protecao-de-caixas-de-visita\/","name":"Curso Trabalhar como Vigia Externo (SOG) | Tamb\u00e9m Incompany","isPartOf":{"@id":"https:\/\/www.elcony.com\/it\/#website"},"datePublished":"2023-11-26T12:14:54+00:00","dateModified":"2026-02-06T13:38:50+00:00","description":"Fa\u00e7a o curso Trabalhar como Vigia Externo (vigia de boca de visita). Aprenda a supervisionar com seguran\u00e7a trabalhos em espa\u00e7os confinados. Com ou sem SOG, orientado para a pr\u00e1tica.","breadcrumb":{"@id":"https:\/\/www.elcony.com\/pt-pt\/protecao-exterior-protecao-de-caixas-de-visita\/#breadcrumb"},"inLanguage":"pt-PT","potentialAction":[{"@type":"ReadAction","target":["https:\/\/www.elcony.com\/pt-pt\/protecao-exterior-protecao-de-caixas-de-visita\/"]}]},{"@type":"BreadcrumbList","@id":"https:\/\/www.elcony.com\/pt-pt\/protecao-exterior-protecao-de-caixas-de-visita\/#breadcrumb","itemListElement":[{"@type":"ListItem","position":1,"name":"Home","item":"https:\/\/www.elcony.com\/pt-pt\/"},{"@type":"ListItem","position":2,"name":"Vigia externo (vigia de boca de visita)"}]},{"@type":"WebSite","@id":"https:\/\/www.elcony.com\/it\/#website","url":"https:\/\/www.elcony.com\/it\/","name":"ELCONY","description":"ARBO, VCA en SOG Opleidingen","potentialAction":[{"@type":"SearchAction","target":{"@type":"EntryPoint","urlTemplate":"https:\/\/www.elcony.com\/it\/?s={search_term_string}"},"query-input":{"@type":"PropertyValueSpecification","valueRequired":true,"valueName":"search_term_string"}}],"inLanguage":"pt-PT"}]}},"_links":{"self":[{"href":"https:\/\/www.elcony.com\/pt-pt\/wp-json\/wp\/v2\/pages\/234359","targetHints":{"allow":["GET"]}}],"collection":[{"href":"https:\/\/www.elcony.com\/pt-pt\/wp-json\/wp\/v2\/pages"}],"about":[{"href":"https:\/\/www.elcony.com\/pt-pt\/wp-json\/wp\/v2\/types\/page"}],"author":[{"embeddable":true,"href":"https:\/\/www.elcony.com\/pt-pt\/wp-json\/wp\/v2\/users\/1"}],"replies":[{"embeddable":true,"href":"https:\/\/www.elcony.com\/pt-pt\/wp-json\/wp\/v2\/comments?post=234359"}],"version-history":[{"count":4,"href":"https:\/\/www.elcony.com\/pt-pt\/wp-json\/wp\/v2\/pages\/234359\/revisions"}],"predecessor-version":[{"id":391412,"href":"https:\/\/www.elcony.com\/pt-pt\/wp-json\/wp\/v2\/pages\/234359\/revisions\/391412"}],"wp:attachment":[{"href":"https:\/\/www.elcony.com\/pt-pt\/wp-json\/wp\/v2\/media?parent=234359"}],"curies":[{"name":"wp","href":"https:\/\/api.w.org\/{rel}","templated":true}]}}