{"id":234434,"date":"2023-11-26T14:33:11","date_gmt":"2023-11-26T13:33:11","guid":{"rendered":"https:\/\/www.elcony.com\/deslocacao-de-cargas\/"},"modified":"2023-11-26T14:33:14","modified_gmt":"2023-11-26T13:33:14","slug":"deslocacao-de-cargas","status":"publish","type":"page","link":"https:\/\/www.elcony.com\/pt-pt\/deslocacao-de-cargas\/","title":{"rendered":"Desloca\u00e7\u00e3o de cargas"},"content":{"rendered":"<p><div class=\"fusion-fullwidth fullwidth-box fusion-builder-row-1 nonhundred-percent-fullwidth non-hundred-percent-height-scrolling\" style=\"--awb-border-radius-top-left:0px;--awb-border-radius-top-right:0px;--awb-border-radius-bottom-right:0px;--awb-border-radius-bottom-left:0px;--awb-flex-wrap:wrap;\" ><div class=\"fusion-builder-row fusion-row\"><div class=\"fusion-layout-column fusion_builder_column fusion-builder-column-0 fusion_builder_column_1_6 1_6 fusion-one-sixth fusion-column-first\" style=\"--awb-bg-size:cover;width:16.666666666667%;width:calc(16.666666666667% - ( ( 4% + 4% ) * 0.16666666666667 ) );margin-right: 4%;\"><div class=\"fusion-column-wrapper fusion-flex-column-wrapper-legacy\"><div class=\"fusion-sep-clear\"><\/div><div class=\"fusion-separator fusion-full-width-sep\" style=\"margin-left: auto;margin-right: auto;margin-top:20px;width:100%;\"><\/div><div class=\"fusion-sep-clear\"><\/div><div class=\"fusion-clearfix\"><\/div><\/div><\/div><div class=\"fusion-layout-column fusion_builder_column fusion-builder-column-1 fusion_builder_column_2_3 2_3 fusion-two-third\" style=\"--awb-padding-bottom:20px;--awb-bg-size:cover;--awb-margin-top:0px;--awb-margin-bottom:0px;width:66.666666666667%;width:calc(66.666666666667% - ( ( 4% + 4% ) * 0.66666666666667 ) );margin-right: 4%;\"><div class=\"fusion-column-wrapper fusion-flex-column-wrapper-legacy\"><div class=\"fusion-content-boxes content-boxes columns row fusion-columns-2 fusion-columns-total-2 fusion-content-boxes-1 content-boxes-clean-vertical content-left content-boxes-icon-on-top\" style=\"--awb-hover-accent-color:#555555;--awb-circle-hover-accent-color:#555555;\" data-animationOffset=\"top-into-view\"><div style=\"--awb-backgroundcolor:rgba(255,255,255,0);border-color:rgba(255,255,255,0);\" class=\"fusion-column content-box-column content-box-column content-box-column-1 col-lg-6 col-md-6 col-sm-6 fusion-content-box-hover content-box-column-first-in-row\"><div class=\"col content-box-wrapper content-wrapper link-area-box link-type-text icon-hover-animation-fade\" data-link=\"#vvl-elcony\" data-link-target=\"_self\" data-animationOffset=\"top-into-view\"><div class=\"heading heading-with-icon icon-left\"><a class=\"heading-link\" href=\"#vvl-elcony\" target=\"_self\"><div aria-hidden=\"true\" class=\"image\"><img decoding=\"async\" src=\"https:\/\/www.elcony.com\/wp-content\/uploads\/2023\/09\/Logo-ELCONY-160x100-1.png\" width=\"160\" height=\"100\" alt=\"\" \/><\/div><h2 class=\"content-box-heading\" style=\"--h2_typography-font-size:26px;line-height:31px;\">Desloca\u00e7\u00e3o de cargas (VVL)<\/h2><\/a><\/div><div class=\"fusion-clearfix\"><\/div><a class=\" fusion-read-more\" href=\"#vvl-elcony\" target=\"_self\">Mais informa\u00e7\u00f5es<\/a><div class=\"fusion-clearfix\"><\/div><\/div><\/div><div style=\"--awb-backgroundcolor:rgba(255,255,255,0);border-color:rgba(255,255,255,0);\" class=\"fusion-column content-box-column content-box-column content-box-column-2 col-lg-6 col-md-6 col-sm-6 fusion-content-box-hover content-box-column-last content-box-column-last-in-row\"><div class=\"col content-box-wrapper content-wrapper link-area-box link-type-text icon-hover-animation-fade\" data-link=\"#hp-elcony\" data-link-target=\"_self\" data-animationOffset=\"top-into-view\"><div class=\"heading heading-with-icon icon-left\"><a class=\"heading-link\" href=\"#hp-elcony\" target=\"_self\"><div aria-hidden=\"true\" class=\"image\"><img decoding=\"async\" src=\"https:\/\/www.elcony.com\/wp-content\/uploads\/2023\/09\/Logo-ELCONY-160x100-1.png\" width=\"160\" height=\"100\" alt=\"\" \/><\/div><h2 class=\"content-box-heading\" style=\"--h2_typography-font-size:26px;line-height:31px;\">Trabalho com o p\u00f3rtico e a grua<\/h2><\/a><\/div><div class=\"fusion-clearfix\"><\/div><a class=\" fusion-read-more\" href=\"#hp-elcony\" target=\"_self\">Mais informa\u00e7\u00f5es<\/a><div class=\"fusion-clearfix\"><\/div><\/div><\/div><div class=\"fusion-clearfix\"><\/div><\/div><div class=\"fusion-clearfix\"><\/div><\/div><\/div><div class=\"fusion-layout-column fusion_builder_column fusion-builder-column-2 fusion_builder_column_1_6 1_6 fusion-one-sixth fusion-column-last\" style=\"--awb-bg-size:cover;width:16.666666666667%;width:calc(16.666666666667% - ( ( 4% + 4% ) * 0.16666666666667 ) );\"><div class=\"fusion-column-wrapper fusion-flex-column-wrapper-legacy\"><div class=\"fusion-clearfix\"><\/div><\/div><\/div><\/div><\/div><div id=\"vvl-elcony\" class=\"fusion-container-anchor\"><div class=\"fusion-fullwidth fullwidth-box fusion-builder-row-2 has-pattern-background has-mask-background nonhundred-percent-fullwidth non-hundred-percent-height-scrolling\" style=\"--awb-border-radius-top-left:0px;--awb-border-radius-top-right:0px;--awb-border-radius-bottom-right:0px;--awb-border-radius-bottom-left:0px;--awb-background-color:#f7f7f7;--awb-flex-wrap:wrap;\" ><div class=\"fusion-builder-row fusion-row\"><div class=\"fusion-layout-column fusion_builder_column fusion-builder-column-3 fusion_builder_column_1_6 1_6 fusion-one-sixth fusion-column-first\" style=\"--awb-bg-size:cover;width:16.666666666667%;width:calc(16.666666666667% - ( ( 4% + 4% ) * 0.16666666666667 ) );margin-right: 4%;\"><div class=\"fusion-column-wrapper fusion-flex-column-wrapper-legacy\"><div class=\"fusion-image-element fusion-image-align-center in-legacy-container\" style=\"text-align:center;--awb-caption-title-font-family:var(--h2_typography-font-family);--awb-caption-title-font-weight:var(--h2_typography-font-weight);--awb-caption-title-font-style:var(--h2_typography-font-style);--awb-caption-title-size:var(--h2_typography-font-size);--awb-caption-title-transform:var(--h2_typography-text-transform);--awb-caption-title-line-height:var(--h2_typography-line-height);--awb-caption-title-letter-spacing:var(--h2_typography-letter-spacing);\"><div class=\"imageframe-align-center\"><span class=\" fusion-imageframe imageframe-none imageframe-1 hover-type-none\"><img decoding=\"async\" width=\"160\" height=\"100\" title=\"Logo ELCONY 160&#215;100\" src=\"https:\/\/www.elcony.com\/wp-content\/uploads\/2023\/09\/Logo-ELCONY-160x100-1.png\" alt class=\"img-responsive wp-image-185474\"\/><\/span><\/div><\/div><div class=\"fusion-sep-clear\"><\/div><div class=\"fusion-separator fusion-full-width-sep\" style=\"margin-left: auto;margin-right: auto;margin-top:20px;width:100%;\"><\/div><div class=\"fusion-sep-clear\"><\/div><div class=\"fusion-clearfix\"><\/div><\/div><\/div><div class=\"fusion-layout-column fusion_builder_column fusion-builder-column-4 fusion_builder_column_2_3 2_3 fusion-two-third\" style=\"--awb-padding-bottom:20px;--awb-bg-size:cover;--awb-margin-top:0px;--awb-margin-bottom:0px;width:66.666666666667%;width:calc(66.666666666667% - ( ( 4% + 4% ) * 0.66666666666667 ) );margin-right: 4%;\"><div class=\"fusion-column-wrapper fusion-flex-column-wrapper-legacy\"><div class=\"fusion-text fusion-text-1\"><h2>Desloca\u00e7\u00e3o de cargas (VVL)<\/h2>\n<\/div><div class=\"fusion-text fusion-text-2\"><h3>Grupo-alvo<\/h3>\n<p>Empregados que manipulam e movimentam cargas num local (petro)qu\u00edmico em instala\u00e7\u00f5es, oficinas.<\/p>\n<h3>Objetivo de aprendizagem<\/h3>\n<p>Ser capaz de levantar e mover cargas com seguran\u00e7a com equipamentos de eleva\u00e7\u00e3o e ferramentas de eleva\u00e7\u00e3o.<\/p>\n<h3>Teoria<\/h3>\n<p>Conceitos, disposi\u00e7\u00f5es legais e regulamentares.<br \/>\nCintas de eleva\u00e7\u00e3o.<br \/>\nCabos de a\u00e7o.<br \/>\nCorrentes e cadeias.<br \/>\nEquipamentos especiais de eleva\u00e7\u00e3o.<br \/>\nTalhas, vigas de eleva\u00e7\u00e3o e carrinhos.<br \/>\nInspe\u00e7\u00e3o e certifica\u00e7\u00e3o.<br \/>\nSeguran\u00e7a no i\u00e7amento de cargas.<br \/>\nSinais de bra\u00e7o.<\/p>\n<h3>Pr\u00e1tica<\/h3>\n<p>Pr\u00e1tica de engate e movimenta\u00e7\u00e3o segura de uma v\u00e1lvula de gaveta, v\u00e1lvula de seguran\u00e7a, tubo curvo em suporte de simula\u00e7\u00e3o e uma palete de objectos, um motor el\u00e9trico, pranchas de andaime e uma treli\u00e7a de a\u00e7o.<\/p>\n<h3>Requisitos de admiss\u00e3o<\/h3>\n<p>O candidato deve ter pelo menos 18 anos de idade. \u00c9 feita uma exce\u00e7\u00e3o para os estudantes que fazem a forma\u00e7\u00e3o como parte da obten\u00e7\u00e3o de uma qualifica\u00e7\u00e3o de n\u00edvel de entrada. Para estes, aplica-se uma idade m\u00ednima de 16 anos.<\/p>\n<h3>Dura\u00e7\u00e3o do curso<\/h3>\n<p>1 dia (2 sess\u00f5es de meio dia).<\/p>\n<h3>Diploma<\/h3>\n<p>Para o curso &#8220;Movimenta\u00e7\u00e3o de Cargas (VVL)&#8221;, a ELCONY utiliza as Matrizes de Teste da SSVV. A \u00fanica diferen\u00e7a entre um exame SOG e um exame ELCONY reside na forma como o exame \u00e9 administrado. Ap\u00f3s um exame ELCONY, os participantes n\u00e3o recebem um diploma SOG e n\u00e3o s\u00e3o registados no Registo Central de Diplomas da VCA. Em vez disso, recebem um diploma ELCONY. Este diploma est\u00e1 em conformidade com o artigo 8.\u00ba da lei relativa \u00e0s condi\u00e7\u00f5es de trabalho, que diz respeito \u00e0 informa\u00e7\u00e3o e instru\u00e7\u00e3o. As empresas que n\u00e3o considerem necess\u00e1rio o diploma SSVV podem recorrer \u00e0 lei sobre a seguran\u00e7a e a sa\u00fade no trabalho. Para estas empresas, ELCONY oferece uma alternativa.<br \/>\nO diploma \u00e9 v\u00e1lido por cinco anos.<\/p>\n<\/div><div class=\"fusion-text fusion-text-3\"><h3>Pre\u00e7o<\/h3>\n<p>229,00 \u20ac por pessoa. Para in-company, aplica-se um m\u00ednimo de 6 participantes.<\/p>\n<\/div><div class=\"fusion-text fusion-text-4\"><p>N\u00e3o hesite em telefonar-nos para <strong>+31(0)88-2200100<\/strong> ou enviar um e-mail para <a href=\"&#109;&#x61;i&#108;&#x74;o&#x3a;&#x69;&#110;&#x66;o&#64;&#x65;l&#99;&#x6f;&#110;&#x79;&#46;&#99;&#x6f;m\"><strong>&#105;&#x6e;&#102;&#x6f;&#64;&#x65;&#108;&#x63;&#111;&#x6e;&#121;&#x2e;&#99;&#x6f;&#109;<\/strong><\/a>.<\/p>\n<\/div><div class=\"fusion-clearfix\"><\/div><\/div><\/div><div class=\"fusion-layout-column fusion_builder_column fusion-builder-column-5 fusion_builder_column_1_6 1_6 fusion-one-sixth fusion-column-last\" style=\"--awb-bg-size:cover;width:16.666666666667%;width:calc(16.666666666667% - ( ( 4% + 4% ) * 0.16666666666667 ) );\"><div class=\"fusion-column-wrapper fusion-flex-column-wrapper-legacy\"><div class=\"fusion-clearfix\"><\/div><\/div><\/div><\/div><\/div><\/div><div id=\"hp-elcony\" class=\"fusion-container-anchor\"><div class=\"fusion-fullwidth fullwidth-box fusion-builder-row-3 has-pattern-background has-mask-background nonhundred-percent-fullwidth non-hundred-percent-height-scrolling\" style=\"--awb-border-radius-top-left:0px;--awb-border-radius-top-right:0px;--awb-border-radius-bottom-right:0px;--awb-border-radius-bottom-left:0px;--awb-flex-wrap:wrap;\" ><div class=\"fusion-builder-row fusion-row\"><div class=\"fusion-layout-column fusion_builder_column fusion-builder-column-6 fusion_builder_column_1_6 1_6 fusion-one-sixth fusion-column-first\" style=\"--awb-bg-size:cover;width:16.666666666667%;width:calc(16.666666666667% - ( ( 4% + 4% ) * 0.16666666666667 ) );margin-right: 4%;\"><div class=\"fusion-column-wrapper fusion-flex-column-wrapper-legacy\"><div class=\"fusion-image-element fusion-image-align-center in-legacy-container\" style=\"text-align:center;--awb-caption-title-font-family:var(--h2_typography-font-family);--awb-caption-title-font-weight:var(--h2_typography-font-weight);--awb-caption-title-font-style:var(--h2_typography-font-style);--awb-caption-title-size:var(--h2_typography-font-size);--awb-caption-title-transform:var(--h2_typography-text-transform);--awb-caption-title-line-height:var(--h2_typography-line-height);--awb-caption-title-letter-spacing:var(--h2_typography-letter-spacing);\"><div class=\"imageframe-align-center\"><span class=\" fusion-imageframe imageframe-none imageframe-2 hover-type-none\"><img decoding=\"async\" width=\"160\" height=\"100\" title=\"Logo ELCONY 160&#215;100\" src=\"https:\/\/www.elcony.com\/wp-content\/uploads\/2023\/09\/Logo-ELCONY-160x100-1.png\" alt class=\"img-responsive wp-image-185474\"\/><\/span><\/div><\/div><div class=\"fusion-sep-clear\"><\/div><div class=\"fusion-separator fusion-full-width-sep\" style=\"margin-left: auto;margin-right: auto;margin-top:20px;width:100%;\"><\/div><div class=\"fusion-sep-clear\"><\/div><div class=\"fusion-clearfix\"><\/div><\/div><\/div><div class=\"fusion-layout-column fusion_builder_column fusion-builder-column-7 fusion_builder_column_2_3 2_3 fusion-two-third\" style=\"--awb-padding-bottom:20px;--awb-bg-size:cover;--awb-margin-top:0px;--awb-margin-bottom:0px;width:66.666666666667%;width:calc(66.666666666667% - ( ( 4% + 4% ) * 0.66666666666667 ) );margin-right: 4%;\"><div class=\"fusion-column-wrapper fusion-flex-column-wrapper-legacy\"><div class=\"fusion-text fusion-text-5\"><h1>Trabalho com o p\u00f3rtico e a grua<\/h1>\n<\/div><div class=\"fusion-text fusion-text-6\"><h3>Grupo-alvo<\/h3>\n<p>Empregados que utilizam uma grua de pavilh\u00e3o ou p\u00f3rtico.<\/p>\n<h3>Objetivo de aprendizagem<\/h3>\n<p>Experimentar e aprender a trabalhar em seguran\u00e7a com a grua de pavilh\u00e3o ou p\u00f3rtico e a manipular cargas.<\/p>\n<h3>Teoria<\/h3>\n<p>Conceitos, disposi\u00e7\u00f5es legais e regulamentares.<br \/>\nCorreias de eleva\u00e7\u00e3o.<br \/>\nCabos de a\u00e7o.<br \/>\nCorrentes e cadeias.<br \/>\nEquipamentos especiais de eleva\u00e7\u00e3o.<br \/>\nTalhas, vigas de eleva\u00e7\u00e3o e carrinhos.<br \/>\nInspe\u00e7\u00e3o e certifica\u00e7\u00e3o.<br \/>\nSeguran\u00e7a no i\u00e7amento de cargas.<br \/>\nSinais de bra\u00e7o.<\/p>\n<h3>Pr\u00e1tica<\/h3>\n<p>Pr\u00e1tica de engate e movimenta\u00e7\u00e3o segura de uma v\u00e1lvula de gaveta, v\u00e1lvula de seguran\u00e7a, tubo curvo em suporte de simula\u00e7\u00e3o e uma palete de objectos, um motor el\u00e9trico, pranchas de andaime e uma treli\u00e7a de a\u00e7o.<\/p>\n<h3>Requisitos de admiss\u00e3o<\/h3>\n<p>O candidato deve ter pelo menos 18 anos de idade. \u00c9 feita uma exce\u00e7\u00e3o para os estudantes que fazem a forma\u00e7\u00e3o como parte da obten\u00e7\u00e3o de uma qualifica\u00e7\u00e3o de n\u00edvel de entrada. Para estes, aplica-se uma idade m\u00ednima de 16 anos.<\/p>\n<h3>Dura\u00e7\u00e3o do curso<\/h3>\n<p>1 dia (2 sess\u00f5es de meio dia).<\/p>\n<h3>Diploma<\/h3>\n<p>De acordo com o artigo 8.\u00ba da Lei sobre as Condi\u00e7\u00f5es de Trabalho &#8211; Informa\u00e7\u00e3o e instru\u00e7\u00e3o.<br \/>\nV\u00e1lido por 5 anos.<\/p>\n<\/div><div class=\"fusion-text fusion-text-7\"><h3>Pre\u00e7o<\/h3>\n<p>229,00 \u20ac por pessoa. Para in-company, aplica-se um m\u00ednimo de 6 participantes.<\/p>\n<\/div><div class=\"fusion-text fusion-text-8\"><p>N\u00e3o hesite em telefonar-nos para <strong>+31(0)88-2200100<\/strong> ou enviar um e-mail para <a href=\"&#109;&#x61;&#105;&#x6c;t&#x6f;:&#105;&#x6e;&#102;&#x6f;&#64;&#x65;l&#99;&#x6f;&#110;&#x79;&#46;&#x63;o&#109;\"><strong>&#x69;&#x6e;&#102;o&#x40;&#x65;&#108;co&#x6e;&#x79;&#46;c&#x6f;&#x6d;<\/strong><\/a>.<\/p>\n<\/div><div class=\"fusion-clearfix\"><\/div><\/div><\/div><div class=\"fusion-layout-column fusion_builder_column fusion-builder-column-8 fusion_builder_column_1_6 1_6 fusion-one-sixth fusion-column-last\" style=\"--awb-bg-size:cover;width:16.666666666667%;width:calc(16.666666666667% - ( ( 4% + 4% ) * 0.16666666666667 ) );\"><div class=\"fusion-column-wrapper fusion-flex-column-wrapper-legacy\"><div class=\"fusion-clearfix\"><\/div><\/div><\/div><\/div><\/div><\/div><\/p>\n","protected":false},"excerpt":{"rendered":"","protected":false},"author":1,"featured_media":0,"parent":0,"menu_order":7,"comment_status":"closed","ping_status":"closed","template":"","meta":{"footnotes":""},"class_list":["post-234434","page","type-page","status-publish","hentry"],"yoast_head":"<!-- This site is optimized with the Yoast SEO plugin v27.5 - https:\/\/yoast.com\/product\/yoast-seo-wordpress\/ -->\n<title>Curso Desloca\u00e7\u00e3o de cargas (VVL) | Para a ind\u00fastria neerlandesa<\/title>\n<meta name=\"description\" content=\"Cursus Desloca\u00e7\u00e3o de cargas (VVL). Cumprir as normas neerlandesas, o que exige um diploma ARBO v\u00e1lido.\" \/>\n<meta name=\"robots\" content=\"index, follow, max-snippet:-1, max-image-preview:large, max-video-preview:-1\" \/>\n<link rel=\"canonical\" href=\"https:\/\/www.elcony.com\/pt-pt\/deslocacao-de-cargas\/\" \/>\n<script type=\"application\/ld+json\" class=\"yoast-schema-graph\">{\"@context\":\"https:\\\/\\\/schema.org\",\"@graph\":[{\"@type\":\"WebPage\",\"@id\":\"https:\\\/\\\/www.elcony.com\\\/pt-pt\\\/deslocacao-de-cargas\\\/\",\"url\":\"https:\\\/\\\/www.elcony.com\\\/pt-pt\\\/deslocacao-de-cargas\\\/\",\"name\":\"Curso Desloca\u00e7\u00e3o de cargas (VVL) | Para a ind\u00fastria neerlandesa\",\"isPartOf\":{\"@id\":\"https:\\\/\\\/www.elcony.com\\\/it\\\/#website\"},\"datePublished\":\"2023-11-26T13:33:11+00:00\",\"dateModified\":\"2023-11-26T13:33:14+00:00\",\"description\":\"Cursus Desloca\u00e7\u00e3o de cargas (VVL). Cumprir as normas neerlandesas, o que exige um diploma ARBO v\u00e1lido.\",\"breadcrumb\":{\"@id\":\"https:\\\/\\\/www.elcony.com\\\/pt-pt\\\/deslocacao-de-cargas\\\/#breadcrumb\"},\"inLanguage\":\"pt-PT\",\"potentialAction\":[{\"@type\":\"ReadAction\",\"target\":[\"https:\\\/\\\/www.elcony.com\\\/pt-pt\\\/deslocacao-de-cargas\\\/\"]}]},{\"@type\":\"BreadcrumbList\",\"@id\":\"https:\\\/\\\/www.elcony.com\\\/pt-pt\\\/deslocacao-de-cargas\\\/#breadcrumb\",\"itemListElement\":[{\"@type\":\"ListItem\",\"position\":1,\"name\":\"Home\",\"item\":\"https:\\\/\\\/www.elcony.com\\\/pt-pt\\\/\"},{\"@type\":\"ListItem\",\"position\":2,\"name\":\"Desloca\u00e7\u00e3o de cargas\"}]},{\"@type\":\"WebSite\",\"@id\":\"https:\\\/\\\/www.elcony.com\\\/it\\\/#website\",\"url\":\"https:\\\/\\\/www.elcony.com\\\/it\\\/\",\"name\":\"ELCONY\",\"description\":\"ARBO, VCA en SOG Opleidingen\",\"potentialAction\":[{\"@type\":\"SearchAction\",\"target\":{\"@type\":\"EntryPoint\",\"urlTemplate\":\"https:\\\/\\\/www.elcony.com\\\/it\\\/?s={search_term_string}\"},\"query-input\":{\"@type\":\"PropertyValueSpecification\",\"valueRequired\":true,\"valueName\":\"search_term_string\"}}],\"inLanguage\":\"pt-PT\"}]}<\/script>\n<!-- \/ Yoast SEO plugin. -->","yoast_head_json":{"title":"Curso Desloca\u00e7\u00e3o de cargas (VVL) | Para a ind\u00fastria neerlandesa","description":"Cursus Desloca\u00e7\u00e3o de cargas (VVL). Cumprir as normas neerlandesas, o que exige um diploma ARBO v\u00e1lido.","robots":{"index":"index","follow":"follow","max-snippet":"max-snippet:-1","max-image-preview":"max-image-preview:large","max-video-preview":"max-video-preview:-1"},"canonical":"https:\/\/www.elcony.com\/pt-pt\/deslocacao-de-cargas\/","schema":{"@context":"https:\/\/schema.org","@graph":[{"@type":"WebPage","@id":"https:\/\/www.elcony.com\/pt-pt\/deslocacao-de-cargas\/","url":"https:\/\/www.elcony.com\/pt-pt\/deslocacao-de-cargas\/","name":"Curso Desloca\u00e7\u00e3o de cargas (VVL) | Para a ind\u00fastria neerlandesa","isPartOf":{"@id":"https:\/\/www.elcony.com\/it\/#website"},"datePublished":"2023-11-26T13:33:11+00:00","dateModified":"2023-11-26T13:33:14+00:00","description":"Cursus Desloca\u00e7\u00e3o de cargas (VVL). Cumprir as normas neerlandesas, o que exige um diploma ARBO v\u00e1lido.","breadcrumb":{"@id":"https:\/\/www.elcony.com\/pt-pt\/deslocacao-de-cargas\/#breadcrumb"},"inLanguage":"pt-PT","potentialAction":[{"@type":"ReadAction","target":["https:\/\/www.elcony.com\/pt-pt\/deslocacao-de-cargas\/"]}]},{"@type":"BreadcrumbList","@id":"https:\/\/www.elcony.com\/pt-pt\/deslocacao-de-cargas\/#breadcrumb","itemListElement":[{"@type":"ListItem","position":1,"name":"Home","item":"https:\/\/www.elcony.com\/pt-pt\/"},{"@type":"ListItem","position":2,"name":"Desloca\u00e7\u00e3o de cargas"}]},{"@type":"WebSite","@id":"https:\/\/www.elcony.com\/it\/#website","url":"https:\/\/www.elcony.com\/it\/","name":"ELCONY","description":"ARBO, VCA en SOG Opleidingen","potentialAction":[{"@type":"SearchAction","target":{"@type":"EntryPoint","urlTemplate":"https:\/\/www.elcony.com\/it\/?s={search_term_string}"},"query-input":{"@type":"PropertyValueSpecification","valueRequired":true,"valueName":"search_term_string"}}],"inLanguage":"pt-PT"}]}},"_links":{"self":[{"href":"https:\/\/www.elcony.com\/pt-pt\/wp-json\/wp\/v2\/pages\/234434","targetHints":{"allow":["GET"]}}],"collection":[{"href":"https:\/\/www.elcony.com\/pt-pt\/wp-json\/wp\/v2\/pages"}],"about":[{"href":"https:\/\/www.elcony.com\/pt-pt\/wp-json\/wp\/v2\/types\/page"}],"author":[{"embeddable":true,"href":"https:\/\/www.elcony.com\/pt-pt\/wp-json\/wp\/v2\/users\/1"}],"replies":[{"embeddable":true,"href":"https:\/\/www.elcony.com\/pt-pt\/wp-json\/wp\/v2\/comments?post=234434"}],"version-history":[{"count":0,"href":"https:\/\/www.elcony.com\/pt-pt\/wp-json\/wp\/v2\/pages\/234434\/revisions"}],"wp:attachment":[{"href":"https:\/\/www.elcony.com\/pt-pt\/wp-json\/wp\/v2\/media?parent=234434"}],"curies":[{"name":"wp","href":"https:\/\/api.w.org\/{rel}","templated":true}]}}