{"id":326921,"date":"2024-08-13T19:35:35","date_gmt":"2024-08-13T17:35:35","guid":{"rendered":"https:\/\/www.elcony.com\/medicao-de-gas\/"},"modified":"2026-02-06T13:23:57","modified_gmt":"2026-02-06T12:23:57","slug":"medicao-de-gas","status":"publish","type":"page","link":"https:\/\/www.elcony.com\/pt-pt\/medicao-de-gas\/","title":{"rendered":"Medi\u00e7\u00e3o de gases"},"content":{"rendered":"<div class=\"fusion-fullwidth fullwidth-box fusion-builder-row-1 has-pattern-background has-mask-background nonhundred-percent-fullwidth non-hundred-percent-height-scrolling\" style=\"--awb-border-radius-top-left:0px;--awb-border-radius-top-right:0px;--awb-border-radius-bottom-right:0px;--awb-border-radius-bottom-left:0px;--awb-flex-wrap:wrap;\" ><div class=\"fusion-builder-row fusion-row\"><div class=\"fusion-layout-column fusion_builder_column fusion-builder-column-0 fusion_builder_column_1_5 1_5 fusion-one-fifth fusion-column-first\" style=\"--awb-bg-blend:overlay;--awb-bg-size:cover;width:20%;width:calc(20% - ( ( 4% + 4% ) * 0.2 ) );margin-right: 4%;\"><div class=\"fusion-column-wrapper fusion-flex-column-wrapper-legacy\"><div class=\"fusion-clearfix\"><\/div><\/div><\/div><div class=\"fusion-layout-column fusion_builder_column fusion-builder-column-1 fusion_builder_column_3_5 3_5 fusion-three-fifth\" style=\"--awb-padding-bottom:20px;--awb-bg-blend:overlay;--awb-bg-size:cover;--awb-margin-top:0px;--awb-margin-bottom:0px;width:60%;width:calc(60% - ( ( 4% + 4% ) * 0.6 ) );margin-right: 4%;\"><div class=\"fusion-column-wrapper fusion-flex-column-wrapper-legacy\"><div class=\"fusion-text fusion-text-1\"><h1>Curso de Medi\u00e7\u00e3o de Gases<\/h1>\n<p> A medi\u00e7\u00e3o de gases \u00e9 uma atividade de seguran\u00e7a essencial em ambientes industriais onde se trabalha com subst\u00e2ncias perigosas, espa\u00e7os confinados ou atmosferas potencialmente explosivas. Com um curso de medi\u00e7\u00e3o de gases, voc\u00ea aprende a realizar medi\u00e7\u00f5es corretamente, interpretar os resultados e reconhecer riscos em tempo h\u00e1bil. <\/p>\n<h2>O que \u00e9 medi\u00e7\u00e3o de gases?<\/h2>\n<p> A medi\u00e7\u00e3o de gases consiste em verificar a presen\u00e7a e a concentra\u00e7\u00e3o de gases perigosos, vapores e oxig\u00eanio no ambiente de trabalho. Isso \u00e9 feito para prevenir riscos como explos\u00f5es, intoxica\u00e7\u00e3o e asfixia. As medi\u00e7\u00f5es de gases s\u00e3o realizadas antes e durante os trabalhos, por exemplo, em tanques, tubula\u00e7\u00f5es, espa\u00e7os confinados e instala\u00e7\u00f5es de processo. <\/p>\n<h2>Para quem \u00e9 o curso de medi\u00e7\u00e3o de gases?<\/h2>\n<p> O curso de medi\u00e7\u00e3o de gases destina-se a funcion\u00e1rios respons\u00e1veis pela realiza\u00e7\u00e3o e avalia\u00e7\u00e3o de medi\u00e7\u00f5es de gases, tais como: <\/p>\n<ul>\n<li>Montadores e t\u00e9cnicos de manuten\u00e7\u00e3o.<\/li>\n<li>Operadores e supervisores.<\/li>\n<li>Funcion\u00e1rios da ind\u00fastria (petro)qu\u00edmica e industrial.<\/li>\n<li>Trabalhadores aut\u00f4nomos e contratados.<\/li>\n<li>Trabalhadores que atuam em espa\u00e7os confinados.<\/li>\n<\/ul>\n<h2>Medi\u00e7\u00e3o de gases sem SOG ou NOGEPA<\/h2>\n<h3>P\u00fablico-alvo<\/h3>\n<p> Este treinamento \u00e9 adequado para funcion\u00e1rios que realizam medi\u00e7\u00f5es de gases em organiza\u00e7\u00f5es ou para clientes onde n\u00e3o h\u00e1 obriga\u00e7\u00e3o de SOG ou NOGEPA. <\/p>\n<h3>Quando escolher medi\u00e7\u00e3o de gases sem SOG ou NOGEPA?<\/h3>\n<p> Voc\u00ea escolhe Medi\u00e7\u00e3o de Gases (ELCONY) quando: <\/p>\n<ul>\n<li>Seu cliente n\u00e3o exige diploma SOG ou NOGEPA<\/li>\n<li>Voc\u00ea trabalha de acordo com procedimentos internos de seguran\u00e7a<\/li>\n<li>Procura um treinamento pr\u00e1tico e acess\u00edvel<\/li>\n<\/ul>\n<p> Ap\u00f3s a conclus\u00e3o, voc\u00ea recebe um diploma com registro no <strong>Registro de Diplomas ELCONY<\/strong>, v\u00e1lido por <strong>5 anos<\/strong>. <\/p>\n<h3>Dura\u00e7\u00e3o do curso e pre\u00e7o<\/h3>\n<ul>\n<li>1 dia com conhecimentos pr\u00e9vios por meio da nossa prepara\u00e7\u00e3o online ou curso de reciclagem: <strong>\u20ac 255,00<\/strong> sem IVA<\/li>\n<li>2 dias sem experi\u00eancia pr\u00e9via: <strong>\u20ac 455,00<\/strong> sem IVA<\/li>\n<\/ul>\n<h2>Medi\u00e7\u00e3o de gases com SOG<\/h2>\n<h3>P\u00fablico-alvo<\/h3>\n<p> O curso de medi\u00e7\u00e3o de gases reconhecido pela SOG destina-se a funcion\u00e1rios que trabalham para clientes onde um diploma oficialmente reconhecido \u00e9 obrigat\u00f3rio. <\/p>\n<h3>Quando a medi\u00e7\u00e3o de gases (SOG) \u00e9 obrigat\u00f3ria?<\/h3>\n<p> A medi\u00e7\u00e3o de gases com SOG \u00e9 exigida quando voc\u00ea trabalha: <\/p>\n<ul>\n<li>Na ind\u00fastria (petro)qu\u00edmica.<\/li>\n<li>Durante paradas industriais de manuten\u00e7\u00e3o.<\/li>\n<li>Para clientes que operam de acordo com os requisitos da SSVV ou NOGEPA.<\/li>\n<li>Em locais onde a seguran\u00e7a \u00e9 rigorosamente regulamentada.<\/li>\n<\/ul>\n<p> Ap\u00f3s a aprova\u00e7\u00e3o no exame, o diploma \u00e9 registrado no <strong>Registro de Diplomas SSVV<\/strong> e \u00e9 <strong>v\u00e1lido por 3 anos<\/strong>. <\/p>\n<h3>Dura\u00e7\u00e3o do curso e pre\u00e7o<\/h3>\n<ul>\n<li>1 dia com conhecimentos pr\u00e9vios por meio da nossa prepara\u00e7\u00e3o online ou curso de reciclagem: <strong>\u20ac 369,00<\/strong> sem IVA<\/li>\n<li>2 dias sem experi\u00eancia pr\u00e9via: <strong>\u20ac 569,00<\/strong> sem IVA<\/li>\n<\/ul>\n<h2>Locais<\/h2>\n<p> O curso de Medi\u00e7\u00e3o de Gases \u00e9 oferecido em v\u00e1rios locais nos Pa\u00edses Baixos e tamb\u00e9m pode ser realizado no seu pr\u00f3prio local. <\/p>\n<h2>Contato<\/h2>\n<p> Para mais informa\u00e7\u00f5es ou para se inscrever, ligue para <strong>+31(0)88-2200100<\/strong> ou envie um e-mail para <strong><a href=\"&#109;&#x61;&#105;&#x6c;t&#x6f;:&#105;&#x6e;&#102;&#x6f;&#64;&#x65;l&#99;&#x6f;&#110;&#x79;&#46;&#x63;o&#109;\">&#105;n&#x66;o&#x40;e&#x6c;c&#x6f;&#110;&#x79;&#46;&#x63;&#111;&#x6d;<\/a><\/strong>.<\/p>\n<\/div><div class=\"fusion-clearfix\"><\/div><\/div><\/div><div class=\"fusion-layout-column fusion_builder_column fusion-builder-column-2 fusion_builder_column_1_5 1_5 fusion-one-fifth fusion-column-last\" style=\"--awb-bg-blend:overlay;--awb-bg-size:cover;width:20%;width:calc(20% - ( ( 4% + 4% ) * 0.2 ) );\"><div class=\"fusion-column-wrapper fusion-flex-column-wrapper-legacy\"><div class=\"fusion-clearfix\"><\/div><\/div><\/div><\/div><\/div>\n","protected":false},"excerpt":{"rendered":"","protected":false},"author":1,"featured_media":0,"parent":0,"menu_order":5,"comment_status":"closed","ping_status":"closed","template":"","meta":{"footnotes":""},"class_list":["post-326921","page","type-page","status-publish","hentry"],"yoast_head":"<!-- This site is optimized with the Yoast SEO plugin v27.5 - https:\/\/yoast.com\/product\/yoast-seo-wordpress\/ -->\n<title>Curso de Medi\u00e7\u00e3o de Gases (SOG) | Nacional &amp; Incompany<\/title>\n<meta name=\"description\" content=\"Participe de um curso de medi\u00e7\u00e3o de gases com ou sem SOG. Aprenda a realizar e interpretar medi\u00e7\u00f5es de gases com seguran\u00e7a. Reconhecido pela SSVV, tamb\u00e9m dispon\u00edvel no seu local.\" \/>\n<meta name=\"robots\" content=\"index, follow, max-snippet:-1, max-image-preview:large, max-video-preview:-1\" \/>\n<link rel=\"canonical\" href=\"https:\/\/www.elcony.com\/pt-pt\/medicao-de-gas\/\" \/>\n<script type=\"application\/ld+json\" class=\"yoast-schema-graph\">{\"@context\":\"https:\\\/\\\/schema.org\",\"@graph\":[{\"@type\":\"WebPage\",\"@id\":\"https:\\\/\\\/www.elcony.com\\\/pt-pt\\\/medicao-de-gas\\\/\",\"url\":\"https:\\\/\\\/www.elcony.com\\\/pt-pt\\\/medicao-de-gas\\\/\",\"name\":\"Curso de Medi\u00e7\u00e3o de Gases (SOG) | Nacional & Incompany\",\"isPartOf\":{\"@id\":\"https:\\\/\\\/www.elcony.com\\\/it\\\/#website\"},\"datePublished\":\"2024-08-13T17:35:35+00:00\",\"dateModified\":\"2026-02-06T12:23:57+00:00\",\"description\":\"Participe de um curso de medi\u00e7\u00e3o de gases com ou sem SOG. Aprenda a realizar e interpretar medi\u00e7\u00f5es de gases com seguran\u00e7a. Reconhecido pela SSVV, tamb\u00e9m dispon\u00edvel no seu local.\",\"breadcrumb\":{\"@id\":\"https:\\\/\\\/www.elcony.com\\\/pt-pt\\\/medicao-de-gas\\\/#breadcrumb\"},\"inLanguage\":\"pt-PT\",\"potentialAction\":[{\"@type\":\"ReadAction\",\"target\":[\"https:\\\/\\\/www.elcony.com\\\/pt-pt\\\/medicao-de-gas\\\/\"]}]},{\"@type\":\"BreadcrumbList\",\"@id\":\"https:\\\/\\\/www.elcony.com\\\/pt-pt\\\/medicao-de-gas\\\/#breadcrumb\",\"itemListElement\":[{\"@type\":\"ListItem\",\"position\":1,\"name\":\"Home\",\"item\":\"https:\\\/\\\/www.elcony.com\\\/pt-pt\\\/\"},{\"@type\":\"ListItem\",\"position\":2,\"name\":\"Medi\u00e7\u00e3o de gases\"}]},{\"@type\":\"WebSite\",\"@id\":\"https:\\\/\\\/www.elcony.com\\\/it\\\/#website\",\"url\":\"https:\\\/\\\/www.elcony.com\\\/it\\\/\",\"name\":\"ELCONY\",\"description\":\"ARBO, VCA en SOG Opleidingen\",\"potentialAction\":[{\"@type\":\"SearchAction\",\"target\":{\"@type\":\"EntryPoint\",\"urlTemplate\":\"https:\\\/\\\/www.elcony.com\\\/it\\\/?s={search_term_string}\"},\"query-input\":{\"@type\":\"PropertyValueSpecification\",\"valueRequired\":true,\"valueName\":\"search_term_string\"}}],\"inLanguage\":\"pt-PT\"}]}<\/script>\n<!-- \/ Yoast SEO plugin. -->","yoast_head_json":{"title":"Curso de Medi\u00e7\u00e3o de Gases (SOG) | Nacional & Incompany","description":"Participe de um curso de medi\u00e7\u00e3o de gases com ou sem SOG. Aprenda a realizar e interpretar medi\u00e7\u00f5es de gases com seguran\u00e7a. Reconhecido pela SSVV, tamb\u00e9m dispon\u00edvel no seu local.","robots":{"index":"index","follow":"follow","max-snippet":"max-snippet:-1","max-image-preview":"max-image-preview:large","max-video-preview":"max-video-preview:-1"},"canonical":"https:\/\/www.elcony.com\/pt-pt\/medicao-de-gas\/","schema":{"@context":"https:\/\/schema.org","@graph":[{"@type":"WebPage","@id":"https:\/\/www.elcony.com\/pt-pt\/medicao-de-gas\/","url":"https:\/\/www.elcony.com\/pt-pt\/medicao-de-gas\/","name":"Curso de Medi\u00e7\u00e3o de Gases (SOG) | Nacional & Incompany","isPartOf":{"@id":"https:\/\/www.elcony.com\/it\/#website"},"datePublished":"2024-08-13T17:35:35+00:00","dateModified":"2026-02-06T12:23:57+00:00","description":"Participe de um curso de medi\u00e7\u00e3o de gases com ou sem SOG. Aprenda a realizar e interpretar medi\u00e7\u00f5es de gases com seguran\u00e7a. Reconhecido pela SSVV, tamb\u00e9m dispon\u00edvel no seu local.","breadcrumb":{"@id":"https:\/\/www.elcony.com\/pt-pt\/medicao-de-gas\/#breadcrumb"},"inLanguage":"pt-PT","potentialAction":[{"@type":"ReadAction","target":["https:\/\/www.elcony.com\/pt-pt\/medicao-de-gas\/"]}]},{"@type":"BreadcrumbList","@id":"https:\/\/www.elcony.com\/pt-pt\/medicao-de-gas\/#breadcrumb","itemListElement":[{"@type":"ListItem","position":1,"name":"Home","item":"https:\/\/www.elcony.com\/pt-pt\/"},{"@type":"ListItem","position":2,"name":"Medi\u00e7\u00e3o de gases"}]},{"@type":"WebSite","@id":"https:\/\/www.elcony.com\/it\/#website","url":"https:\/\/www.elcony.com\/it\/","name":"ELCONY","description":"ARBO, VCA en SOG Opleidingen","potentialAction":[{"@type":"SearchAction","target":{"@type":"EntryPoint","urlTemplate":"https:\/\/www.elcony.com\/it\/?s={search_term_string}"},"query-input":{"@type":"PropertyValueSpecification","valueRequired":true,"valueName":"search_term_string"}}],"inLanguage":"pt-PT"}]}},"_links":{"self":[{"href":"https:\/\/www.elcony.com\/pt-pt\/wp-json\/wp\/v2\/pages\/326921","targetHints":{"allow":["GET"]}}],"collection":[{"href":"https:\/\/www.elcony.com\/pt-pt\/wp-json\/wp\/v2\/pages"}],"about":[{"href":"https:\/\/www.elcony.com\/pt-pt\/wp-json\/wp\/v2\/types\/page"}],"author":[{"embeddable":true,"href":"https:\/\/www.elcony.com\/pt-pt\/wp-json\/wp\/v2\/users\/1"}],"replies":[{"embeddable":true,"href":"https:\/\/www.elcony.com\/pt-pt\/wp-json\/wp\/v2\/comments?post=326921"}],"version-history":[{"count":4,"href":"https:\/\/www.elcony.com\/pt-pt\/wp-json\/wp\/v2\/pages\/326921\/revisions"}],"predecessor-version":[{"id":391224,"href":"https:\/\/www.elcony.com\/pt-pt\/wp-json\/wp\/v2\/pages\/326921\/revisions\/391224"}],"wp:attachment":[{"href":"https:\/\/www.elcony.com\/pt-pt\/wp-json\/wp\/v2\/media?parent=326921"}],"curies":[{"name":"wp","href":"https:\/\/api.w.org\/{rel}","templated":true}]}}