{"id":337826,"date":"2025-01-14T23:07:49","date_gmt":"2025-01-14T22:07:49","guid":{"rendered":"https:\/\/www.elcony.com\/introducao\/"},"modified":"2025-12-11T19:54:50","modified_gmt":"2025-12-11T18:54:50","slug":"onboarding","status":"publish","type":"page","link":"https:\/\/www.elcony.com\/pt-pt\/onboarding\/","title":{"rendered":"Onboarding"},"content":{"rendered":"<div class=\"fusion-fullwidth fullwidth-box fusion-builder-row-1 fusion-flex-container has-pattern-background has-mask-background nonhundred-percent-fullwidth non-hundred-percent-height-scrolling\" style=\"--awb-border-radius-top-left:0px;--awb-border-radius-top-right:0px;--awb-border-radius-bottom-right:0px;--awb-border-radius-bottom-left:0px;--awb-flex-wrap:wrap;\" ><div class=\"fusion-builder-row fusion-row fusion-flex-align-items-flex-start fusion-flex-content-wrap\" style=\"max-width:101%;margin-left: calc(-1% \/ 2 );margin-right: calc(-1% \/ 2 );\"><div class=\"fusion-layout-column fusion_builder_column fusion-builder-column-0 fusion_builder_column_1_5 1_5 fusion-flex-column\" style=\"--awb-bg-size:cover;--awb-width-large:20%;--awb-margin-top-large:5px;--awb-spacing-right-large:2.475%;--awb-margin-bottom-large:5px;--awb-spacing-left-large:2.475%;--awb-width-medium:100%;--awb-order-medium:0;--awb-spacing-right-medium:0.495%;--awb-spacing-left-medium:0.495%;--awb-width-small:100%;--awb-order-small:0;--awb-spacing-right-small:0.495%;--awb-spacing-left-small:0.495%;\"><div class=\"fusion-column-wrapper fusion-column-has-shadow fusion-flex-justify-content-flex-start fusion-content-layout-column\"><\/div><\/div><div class=\"fusion-layout-column fusion_builder_column fusion-builder-column-1 fusion_builder_column_3_5 3_5 fusion-flex-column\" style=\"--awb-bg-size:cover;--awb-width-large:60%;--awb-margin-top-large:5px;--awb-spacing-right-large:0.825%;--awb-margin-bottom-large:5px;--awb-spacing-left-large:0.825%;--awb-width-medium:100%;--awb-order-medium:0;--awb-spacing-right-medium:0.495%;--awb-spacing-left-medium:0.495%;--awb-width-small:100%;--awb-order-small:0;--awb-spacing-right-small:0.495%;--awb-spacing-left-small:0.495%;\"><div class=\"fusion-column-wrapper fusion-column-has-shadow fusion-flex-justify-content-flex-start fusion-content-layout-column\"><div class=\"fusion-text fusion-text-1\"><h3>Introdu\u00e7\u00e3o online<\/h3>\n<p>O mundo do trabalho baseado em projetos, como per\u00edodos de parada (turnarounds) e projetos de manuten\u00e7\u00e3o, est\u00e1 mudando rapidamente. Atualmente, encontrar pessoal adequado com os conhecimentos e a experi\u00eancia necess\u00e1rios \u00e9 um grande desafio. A ELCONY entende isso e oferece \u00e0s empresas uma solu\u00e7\u00e3o eficiente e confi\u00e1vel: uma introdu\u00e7\u00e3o online personalizada. Assim, garantimos que cada funcion\u00e1rio, independentemente de onde estiver no mundo, esteja totalmente preparado antes de come\u00e7ar suas atividades.<\/p>\n<h3>Superando barreiras lingu\u00edsticas e garantindo compet\u00eancia<\/h3>\n<p>Uma das maiores dificuldades para muitas empresas \u00e9 a barreira lingu\u00edstica. Na ELCONY, eliminamos esse problema oferecendo nossos programas de introdu\u00e7\u00e3o em nada menos que 20 idiomas. Isso significa que voc\u00ea pode ter a certeza de que todos os seus colaboradores, independentemente de sua forma\u00e7\u00e3o lingu\u00edstica, compreendem plenamente e s\u00e3o capazes de aplicar as normas de seguran\u00e7a e as diretrizes da empresa.<\/p>\n<h3>Verifica\u00e7\u00e3o imediata de seguran\u00e7a e qualidade<\/h3>\n<p>A compet\u00eancia profissional \u00e9 essencial, especialmente quando os funcion\u00e1rios s\u00e3o enviados a locais de alto risco. Nossa introdu\u00e7\u00e3o online inclui testes que nos permitem avaliar os conhecimentos e as habilidades de cada funcion\u00e1rio. Isso ajuda as empresas a determinarem rapidamente se um trabalhador atende aos padr\u00f5es de seguran\u00e7a e qualidade exigidos.<\/p>\n<h3>Certifica\u00e7\u00f5es e personaliza\u00e7\u00e3o em uma \u00fanica plataforma<\/h3>\n<p>Embora muitos trabalhadores migrantes j\u00e1 possuam certificados, o valor desses certificados varia de pa\u00eds para pa\u00eds. Nossa plataforma possibilita a verifica\u00e7\u00e3o r\u00e1pida e eficaz de certifica\u00e7\u00f5es internacionais, garantindo sempre o cumprimento dos mais altos padr\u00f5es de seguran\u00e7a. Al\u00e9m disso, caso seja necess\u00e1rio, podemos integrar regras espec\u00edficas da empresa ou da planta ao processo de introdu\u00e7\u00e3o, para que os colaboradores sejam imediatamente informados sobre as diretrizes vigentes em sua localidade.<\/p>\n<h3>Eficiente e adaptado \u00e0s necessidades da sua empresa<\/h3>\n<p>Com a ELCONY, voc\u00ea economiza tempo e dinheiro por meio de um processo de introdu\u00e7\u00e3o otimizado, sem abrir m\u00e3o da seguran\u00e7a ou da compet\u00eancia profissional. Nossa plataforma fornece uma vis\u00e3o completa das compet\u00eancias de todos os seus colaboradores. Voc\u00ea pode rapidamente identificar quem atende aos requisitos e quem precisa de treinamento adicional. Assim, \u00e9 poss\u00edvel alocar a equipe de forma eficiente, sem repetir treinamentos desnecess\u00e1rios.<\/p>\n<h3>Colaboradores qualificados, sempre atualizados<\/h3>\n<p>A ELCONY vai al\u00e9m do b\u00e1sico. Nossa plataforma permite que voc\u00ea acompanhe de perto o desenvolvimento de seus colaboradores. Desde conhecimentos b\u00e1sicos at\u00e9 compet\u00eancias profissionais avan\u00e7adas, nosso sistema registra quais cursos e testes foram conclu\u00eddos com sucesso. Isso significa que um colaborador que j\u00e1 realizou a introdu\u00e7\u00e3o n\u00e3o precisa repeti-la sem motivo. Dessa forma, otimizamos o processo e garantimos que todos possam iniciar suas atividades com efici\u00eancia.<\/p>\n<h3>Pronto para otimizar o seu processo de introdu\u00e7\u00e3o?<\/h3>\n<p>Com a ELCONY, voc\u00ea conta com um parceiro experiente que prepara seus colaboradores de maneira eficaz e eficiente para o trabalho. Entre em contato conosco hoje mesmo para descobrir como podemos apoiar a sua empresa.<\/p>\n<p>Para mais informa\u00e7\u00f5es ou para se inscrever, ligue para <strong>+31(0)88-2200100<\/strong> ou envie um e-mail para <a href=\"&#x6d;&#97;i&#x6c;&#116;&#111;&#x3a;&#x69;&#110;f&#x6f;&#64;e&#x6c;&#x63;&#111;n&#x79;&#46;c&#x6f;&#x6d;\"><strong>&#105;n&#102;o&#64;e&#x6c;c&#x6f;n&#x79;&#46;&#x63;o&#x6d;<\/strong><\/a>.<\/p>\n<\/div><\/div><\/div><div class=\"fusion-layout-column fusion_builder_column fusion-builder-column-2 fusion_builder_column_1_5 1_5 fusion-flex-column\" style=\"--awb-bg-size:cover;--awb-width-large:20%;--awb-margin-top-large:5px;--awb-spacing-right-large:2.475%;--awb-margin-bottom-large:5px;--awb-spacing-left-large:2.475%;--awb-width-medium:100%;--awb-order-medium:0;--awb-spacing-right-medium:0.495%;--awb-spacing-left-medium:0.495%;--awb-width-small:100%;--awb-order-small:0;--awb-spacing-right-small:0.495%;--awb-spacing-left-small:0.495%;\"><div class=\"fusion-column-wrapper fusion-column-has-shadow fusion-flex-justify-content-flex-start fusion-content-layout-column\"><\/div><\/div><\/div><\/div>\n","protected":false},"excerpt":{"rendered":"","protected":false},"author":1,"featured_media":0,"parent":0,"menu_order":0,"comment_status":"closed","ping_status":"closed","template":"","meta":{"footnotes":""},"class_list":["post-337826","page","type-page","status-publish","hentry"],"yoast_head":"<!-- This site is optimized with the Yoast SEO plugin v27.5 - https:\/\/yoast.com\/product\/yoast-seo-wordpress\/ -->\n<title>Onboarding &#8226; ELCONY<\/title>\n<meta name=\"robots\" content=\"index, follow, max-snippet:-1, max-image-preview:large, max-video-preview:-1\" \/>\n<link rel=\"canonical\" href=\"https:\/\/www.elcony.com\/pt-pt\/onboarding\/\" \/>\n<script type=\"application\/ld+json\" class=\"yoast-schema-graph\">{\"@context\":\"https:\\\/\\\/schema.org\",\"@graph\":[{\"@type\":\"WebPage\",\"@id\":\"https:\\\/\\\/www.elcony.com\\\/pt-pt\\\/onboarding\\\/\",\"url\":\"https:\\\/\\\/www.elcony.com\\\/pt-pt\\\/onboarding\\\/\",\"name\":\"Onboarding &#8226; ELCONY\",\"isPartOf\":{\"@id\":\"https:\\\/\\\/www.elcony.com\\\/it\\\/#website\"},\"datePublished\":\"2025-01-14T22:07:49+00:00\",\"dateModified\":\"2025-12-11T18:54:50+00:00\",\"breadcrumb\":{\"@id\":\"https:\\\/\\\/www.elcony.com\\\/pt-pt\\\/onboarding\\\/#breadcrumb\"},\"inLanguage\":\"pt-PT\",\"potentialAction\":[{\"@type\":\"ReadAction\",\"target\":[\"https:\\\/\\\/www.elcony.com\\\/pt-pt\\\/onboarding\\\/\"]}]},{\"@type\":\"BreadcrumbList\",\"@id\":\"https:\\\/\\\/www.elcony.com\\\/pt-pt\\\/onboarding\\\/#breadcrumb\",\"itemListElement\":[{\"@type\":\"ListItem\",\"position\":1,\"name\":\"Home\",\"item\":\"https:\\\/\\\/www.elcony.com\\\/pt-pt\\\/\"},{\"@type\":\"ListItem\",\"position\":2,\"name\":\"Onboarding\"}]},{\"@type\":\"WebSite\",\"@id\":\"https:\\\/\\\/www.elcony.com\\\/it\\\/#website\",\"url\":\"https:\\\/\\\/www.elcony.com\\\/it\\\/\",\"name\":\"ELCONY\",\"description\":\"ARBO, VCA en SOG Opleidingen\",\"potentialAction\":[{\"@type\":\"SearchAction\",\"target\":{\"@type\":\"EntryPoint\",\"urlTemplate\":\"https:\\\/\\\/www.elcony.com\\\/it\\\/?s={search_term_string}\"},\"query-input\":{\"@type\":\"PropertyValueSpecification\",\"valueRequired\":true,\"valueName\":\"search_term_string\"}}],\"inLanguage\":\"pt-PT\"}]}<\/script>\n<!-- \/ Yoast SEO plugin. -->","yoast_head_json":{"title":"Onboarding &#8226; ELCONY","robots":{"index":"index","follow":"follow","max-snippet":"max-snippet:-1","max-image-preview":"max-image-preview:large","max-video-preview":"max-video-preview:-1"},"canonical":"https:\/\/www.elcony.com\/pt-pt\/onboarding\/","schema":{"@context":"https:\/\/schema.org","@graph":[{"@type":"WebPage","@id":"https:\/\/www.elcony.com\/pt-pt\/onboarding\/","url":"https:\/\/www.elcony.com\/pt-pt\/onboarding\/","name":"Onboarding &#8226; ELCONY","isPartOf":{"@id":"https:\/\/www.elcony.com\/it\/#website"},"datePublished":"2025-01-14T22:07:49+00:00","dateModified":"2025-12-11T18:54:50+00:00","breadcrumb":{"@id":"https:\/\/www.elcony.com\/pt-pt\/onboarding\/#breadcrumb"},"inLanguage":"pt-PT","potentialAction":[{"@type":"ReadAction","target":["https:\/\/www.elcony.com\/pt-pt\/onboarding\/"]}]},{"@type":"BreadcrumbList","@id":"https:\/\/www.elcony.com\/pt-pt\/onboarding\/#breadcrumb","itemListElement":[{"@type":"ListItem","position":1,"name":"Home","item":"https:\/\/www.elcony.com\/pt-pt\/"},{"@type":"ListItem","position":2,"name":"Onboarding"}]},{"@type":"WebSite","@id":"https:\/\/www.elcony.com\/it\/#website","url":"https:\/\/www.elcony.com\/it\/","name":"ELCONY","description":"ARBO, VCA en SOG Opleidingen","potentialAction":[{"@type":"SearchAction","target":{"@type":"EntryPoint","urlTemplate":"https:\/\/www.elcony.com\/it\/?s={search_term_string}"},"query-input":{"@type":"PropertyValueSpecification","valueRequired":true,"valueName":"search_term_string"}}],"inLanguage":"pt-PT"}]}},"_links":{"self":[{"href":"https:\/\/www.elcony.com\/pt-pt\/wp-json\/wp\/v2\/pages\/337826","targetHints":{"allow":["GET"]}}],"collection":[{"href":"https:\/\/www.elcony.com\/pt-pt\/wp-json\/wp\/v2\/pages"}],"about":[{"href":"https:\/\/www.elcony.com\/pt-pt\/wp-json\/wp\/v2\/types\/page"}],"author":[{"embeddable":true,"href":"https:\/\/www.elcony.com\/pt-pt\/wp-json\/wp\/v2\/users\/1"}],"replies":[{"embeddable":true,"href":"https:\/\/www.elcony.com\/pt-pt\/wp-json\/wp\/v2\/comments?post=337826"}],"version-history":[{"count":3,"href":"https:\/\/www.elcony.com\/pt-pt\/wp-json\/wp\/v2\/pages\/337826\/revisions"}],"predecessor-version":[{"id":388980,"href":"https:\/\/www.elcony.com\/pt-pt\/wp-json\/wp\/v2\/pages\/337826\/revisions\/388980"}],"wp:attachment":[{"href":"https:\/\/www.elcony.com\/pt-pt\/wp-json\/wp\/v2\/media?parent=337826"}],"curies":[{"name":"wp","href":"https:\/\/api.w.org\/{rel}","templated":true}]}}