{"id":303427,"date":"2024-04-07T10:40:54","date_gmt":"2024-06-26T12:24:54","guid":{"rendered":"https:\/\/www.elcony.com\/product\/individuo-adequadamente-instruido-iai-nen-3840-curso-online-exame-online\/"},"modified":"2025-11-10T17:37:06","modified_gmt":"2025-11-10T16:37:06","slug":"303427","status":"publish","type":"product","link":"https:\/\/www.elcony.com\/pt-pt\/produto\/303427\/","title":{"rendered":"Pessoa Suficientemente Instru\u00edda (VOP) NEN 3840 &#8211; Curso Online + Exame Online"},"content":{"rendered":"<div class=\"fusion-fullwidth fullwidth-box fusion-builder-row-1 fusion-flex-container has-pattern-background has-mask-background nonhundred-percent-fullwidth non-hundred-percent-height-scrolling\" style=\"--awb-border-radius-top-left:0px;--awb-border-radius-top-right:0px;--awb-border-radius-bottom-right:0px;--awb-border-radius-bottom-left:0px;--awb-flex-wrap:wrap;\" ><div class=\"fusion-builder-row fusion-row fusion-flex-align-items-flex-start fusion-flex-content-wrap\" style=\"max-width:101%;margin-left: calc(-1% \/ 2 );margin-right: calc(-1% \/ 2 );\"><div class=\"fusion-layout-column fusion_builder_column fusion-builder-column-0 fusion_builder_column_1_1 1_1 fusion-flex-column\" style=\"--awb-bg-size:cover;--awb-width-large:100%;--awb-margin-top-large:5px;--awb-spacing-right-large:0.495%;--awb-margin-bottom-large:5px;--awb-spacing-left-large:0.495%;--awb-width-medium:100%;--awb-order-medium:0;--awb-spacing-right-medium:0.495%;--awb-spacing-left-medium:0.495%;--awb-width-small:100%;--awb-order-small:0;--awb-spacing-right-small:0.495%;--awb-spacing-left-small:0.495%;\"><div class=\"fusion-column-wrapper fusion-column-has-shadow fusion-flex-justify-content-flex-start fusion-content-layout-column\"><div class=\"fusion-text fusion-text-1\"><p>Ap\u00f3s a conclus\u00e3o do curso, voc\u00ea estar\u00e1 ciente de todos os riscos de trabalhar em instala\u00e7\u00f5es el\u00e9tricas e nas suas proximidades. Al\u00e9m disso, voc\u00ea poder\u00e1 tomar as medidas necess\u00e1rias para realizar o trabalho com seguran\u00e7a.<\/p>\n<p>O curso consiste em aulas que voc\u00ea pode estudar no seu telefone, tablet ou computador. Voc\u00ea pode revisar o material de estudo quantas vezes quiser. Desta forma, voc\u00ea estar\u00e1 maximamente preparado para o exame que conclui o curso. Se alcan\u00e7ar um resultado satisfat\u00f3rio, enviaremos o certificado para voc\u00ea.<\/p>\n<p>De cursus bestaat uit lessen die op je telefoon, tablet of computer kan bestuderen. Je kunt de leerstof zo vaak bekijken als je wilt. Zo ben je maximaal voorbereid op het examen waarmee de cursus wordt afgesloten. Bij voldoende resultaat sturen we je het certificaat.<\/p>\n<\/div><ul style=\"--awb-line-height:30.6px;--awb-icon-width:30.6px;--awb-icon-height:30.6px;--awb-icon-margin:12.6px;--awb-content-margin:43.2px;--awb-circlecolor:#5894e8;--awb-circle-yes-font-size:15.84px;\" class=\"fusion-checklist fusion-checklist-1 fusion-checklist-default type-icons\"><li class=\"fusion-li-item\" style=\"\"><span class=\"icon-wrapper circle-yes\"><i class=\"fusion-li-icon awb-icon-check\" aria-hidden=\"true\"><\/i><\/span><div class=\"fusion-li-item-content\">\n<p>Escolha entre 20 idiomas<\/p>\n<\/div><\/li><li class=\"fusion-li-item\" style=\"\"><span class=\"icon-wrapper circle-yes\"><i class=\"fusion-li-icon awb-icon-check\" aria-hidden=\"true\"><\/i><\/span><div class=\"fusion-li-item-content\">\n<p>O curso est\u00e1 dispon\u00edvel durante 60 dias.<\/p>\n<\/div><\/li><\/ul><\/div><\/div><\/div><\/div>\n","protected":false},"excerpt":{"rendered":"","protected":false},"featured_media":285840,"template":"","meta":[],"product_brand":[],"product_cat":[9337],"product_tag":[],"class_list":{"0":"post-303427","1":"product","2":"type-product","3":"status-publish","4":"has-post-thumbnail","6":"product_cat-elcony-pt","8":"first","9":"instock","10":"taxable","11":"shipping-taxable","12":"purchasable","13":"product-type-variable"},"yoast_head":"<!-- This site is optimized with the Yoast SEO plugin v27.5 - https:\/\/yoast.com\/product\/yoast-seo-wordpress\/ -->\n<title>Pessoa Suficientemente Instru\u00edda (VOP) NEN 3840 - Curso Online + Exame Online &#8226; ELCONY<\/title>\n<meta name=\"robots\" content=\"noindex, follow\" \/>\n<script type=\"application\/ld+json\" class=\"yoast-schema-graph\">{\"@context\":\"https:\\\/\\\/schema.org\",\"@graph\":[{\"@type\":\"WebPage\",\"@id\":\"https:\\\/\\\/www.elcony.com\\\/pt-pt\\\/produto\\\/303427\\\/\",\"url\":\"https:\\\/\\\/www.elcony.com\\\/pt-pt\\\/produto\\\/303427\\\/\",\"name\":\"Pessoa Suficientemente Instru\u00edda (VOP) NEN 3840 - Curso Online + Exame Online &#8226; ELCONY\",\"isPartOf\":{\"@id\":\"https:\\\/\\\/www.elcony.com\\\/it\\\/#website\"},\"primaryImageOfPage\":{\"@id\":\"https:\\\/\\\/www.elcony.com\\\/pt-pt\\\/produto\\\/303427\\\/#primaryimage\"},\"image\":{\"@id\":\"https:\\\/\\\/www.elcony.com\\\/pt-pt\\\/produto\\\/303427\\\/#primaryimage\"},\"thumbnailUrl\":\"https:\\\/\\\/www.elcony.com\\\/wp-content\\\/uploads\\\/2024\\\/06\\\/Aardlekschakelaars-675267964-800x533-1.png\",\"datePublished\":\"2024-06-26T12:24:54+00:00\",\"dateModified\":\"2025-11-10T16:37:06+00:00\",\"breadcrumb\":{\"@id\":\"https:\\\/\\\/www.elcony.com\\\/pt-pt\\\/produto\\\/303427\\\/#breadcrumb\"},\"inLanguage\":\"pt-PT\",\"potentialAction\":[{\"@type\":\"ReadAction\",\"target\":[\"https:\\\/\\\/www.elcony.com\\\/pt-pt\\\/produto\\\/303427\\\/\"]}]},{\"@type\":\"ImageObject\",\"inLanguage\":\"pt-PT\",\"@id\":\"https:\\\/\\\/www.elcony.com\\\/pt-pt\\\/produto\\\/303427\\\/#primaryimage\",\"url\":\"https:\\\/\\\/www.elcony.com\\\/wp-content\\\/uploads\\\/2024\\\/06\\\/Aardlekschakelaars-675267964-800x533-1.png\",\"contentUrl\":\"https:\\\/\\\/www.elcony.com\\\/wp-content\\\/uploads\\\/2024\\\/06\\\/Aardlekschakelaars-675267964-800x533-1.png\",\"width\":800,\"height\":533},{\"@type\":\"BreadcrumbList\",\"@id\":\"https:\\\/\\\/www.elcony.com\\\/pt-pt\\\/produto\\\/303427\\\/#breadcrumb\",\"itemListElement\":[{\"@type\":\"ListItem\",\"position\":1,\"name\":\"Home\",\"item\":\"https:\\\/\\\/www.elcony.com\\\/pt-pt\\\/\"},{\"@type\":\"ListItem\",\"position\":2,\"name\":\"Prodotti\",\"item\":\"https:\\\/\\\/www.elcony.com\\\/it\\\/shop\\\/\"},{\"@type\":\"ListItem\",\"position\":3,\"name\":\"Pessoa Suficientemente Instru\u00edda (VOP) NEN 3840 &#8211; Curso Online + Exame Online\"}]},{\"@type\":\"WebSite\",\"@id\":\"https:\\\/\\\/www.elcony.com\\\/it\\\/#website\",\"url\":\"https:\\\/\\\/www.elcony.com\\\/it\\\/\",\"name\":\"ELCONY\",\"description\":\"ARBO, VCA en SOG Opleidingen\",\"potentialAction\":[{\"@type\":\"SearchAction\",\"target\":{\"@type\":\"EntryPoint\",\"urlTemplate\":\"https:\\\/\\\/www.elcony.com\\\/it\\\/?s={search_term_string}\"},\"query-input\":{\"@type\":\"PropertyValueSpecification\",\"valueRequired\":true,\"valueName\":\"search_term_string\"}}],\"inLanguage\":\"pt-PT\"}]}<\/script>\n<!-- \/ Yoast SEO plugin. -->","yoast_head_json":{"title":"Pessoa Suficientemente Instru\u00edda (VOP) NEN 3840 - Curso Online + Exame Online &#8226; ELCONY","robots":{"index":"noindex","follow":"follow"},"schema":{"@context":"https:\/\/schema.org","@graph":[{"@type":"WebPage","@id":"https:\/\/www.elcony.com\/pt-pt\/produto\/303427\/","url":"https:\/\/www.elcony.com\/pt-pt\/produto\/303427\/","name":"Pessoa Suficientemente Instru\u00edda (VOP) NEN 3840 - Curso Online + Exame Online &#8226; ELCONY","isPartOf":{"@id":"https:\/\/www.elcony.com\/it\/#website"},"primaryImageOfPage":{"@id":"https:\/\/www.elcony.com\/pt-pt\/produto\/303427\/#primaryimage"},"image":{"@id":"https:\/\/www.elcony.com\/pt-pt\/produto\/303427\/#primaryimage"},"thumbnailUrl":"https:\/\/www.elcony.com\/wp-content\/uploads\/2024\/06\/Aardlekschakelaars-675267964-800x533-1.png","datePublished":"2024-06-26T12:24:54+00:00","dateModified":"2025-11-10T16:37:06+00:00","breadcrumb":{"@id":"https:\/\/www.elcony.com\/pt-pt\/produto\/303427\/#breadcrumb"},"inLanguage":"pt-PT","potentialAction":[{"@type":"ReadAction","target":["https:\/\/www.elcony.com\/pt-pt\/produto\/303427\/"]}]},{"@type":"ImageObject","inLanguage":"pt-PT","@id":"https:\/\/www.elcony.com\/pt-pt\/produto\/303427\/#primaryimage","url":"https:\/\/www.elcony.com\/wp-content\/uploads\/2024\/06\/Aardlekschakelaars-675267964-800x533-1.png","contentUrl":"https:\/\/www.elcony.com\/wp-content\/uploads\/2024\/06\/Aardlekschakelaars-675267964-800x533-1.png","width":800,"height":533},{"@type":"BreadcrumbList","@id":"https:\/\/www.elcony.com\/pt-pt\/produto\/303427\/#breadcrumb","itemListElement":[{"@type":"ListItem","position":1,"name":"Home","item":"https:\/\/www.elcony.com\/pt-pt\/"},{"@type":"ListItem","position":2,"name":"Prodotti","item":"https:\/\/www.elcony.com\/it\/shop\/"},{"@type":"ListItem","position":3,"name":"Pessoa Suficientemente Instru\u00edda (VOP) NEN 3840 &#8211; Curso Online + Exame Online"}]},{"@type":"WebSite","@id":"https:\/\/www.elcony.com\/it\/#website","url":"https:\/\/www.elcony.com\/it\/","name":"ELCONY","description":"ARBO, VCA en SOG Opleidingen","potentialAction":[{"@type":"SearchAction","target":{"@type":"EntryPoint","urlTemplate":"https:\/\/www.elcony.com\/it\/?s={search_term_string}"},"query-input":{"@type":"PropertyValueSpecification","valueRequired":true,"valueName":"search_term_string"}}],"inLanguage":"pt-PT"}]}},"_links":{"self":[{"href":"https:\/\/www.elcony.com\/pt-pt\/wp-json\/wp\/v2\/product\/303427","targetHints":{"allow":["GET"]}}],"collection":[{"href":"https:\/\/www.elcony.com\/pt-pt\/wp-json\/wp\/v2\/product"}],"about":[{"href":"https:\/\/www.elcony.com\/pt-pt\/wp-json\/wp\/v2\/types\/product"}],"wp:featuredmedia":[{"embeddable":true,"href":"https:\/\/www.elcony.com\/pt-pt\/wp-json\/wp\/v2\/media\/285840"}],"wp:attachment":[{"href":"https:\/\/www.elcony.com\/pt-pt\/wp-json\/wp\/v2\/media?parent=303427"}],"wp:term":[{"taxonomy":"product_brand","embeddable":true,"href":"https:\/\/www.elcony.com\/pt-pt\/wp-json\/wp\/v2\/product_brand?post=303427"},{"taxonomy":"product_cat","embeddable":true,"href":"https:\/\/www.elcony.com\/pt-pt\/wp-json\/wp\/v2\/product_cat?post=303427"},{"taxonomy":"product_tag","embeddable":true,"href":"https:\/\/www.elcony.com\/pt-pt\/wp-json\/wp\/v2\/product_tag?post=303427"}],"curies":[{"name":"wp","href":"https:\/\/api.w.org\/{rel}","templated":true}]}}