{"id":185755,"date":"2023-10-06T09:22:07","date_gmt":"2023-10-06T07:22:07","guid":{"rendered":"https:\/\/www.elcony.com\/torque-en-tensioning\/"},"modified":"2026-02-06T14:02:26","modified_gmt":"2026-02-06T13:02:26","slug":"torque-en-tensioning","status":"publish","type":"page","link":"https:\/\/www.elcony.com\/ro\/torque-en-tensioning\/","title":{"rendered":"Cuplu de str\u00e2ngere \u0219i tensionare"},"content":{"rendered":"<div class=\"fusion-fullwidth fullwidth-box fusion-builder-row-1 fusion-flex-container has-pattern-background has-mask-background nonhundred-percent-fullwidth non-hundred-percent-height-scrolling\" style=\"--awb-border-radius-top-left:0px;--awb-border-radius-top-right:0px;--awb-border-radius-bottom-right:0px;--awb-border-radius-bottom-left:0px;--awb-flex-wrap:wrap;\" ><div class=\"fusion-builder-row fusion-row fusion-flex-align-items-flex-start fusion-flex-content-wrap\" style=\"max-width:104%;margin-left: calc(-4% \/ 2 );margin-right: calc(-4% \/ 2 );\"><div class=\"fusion-layout-column fusion_builder_column fusion-builder-column-0 fusion_builder_column_1_5 1_5 fusion-flex-column\" style=\"--awb-bg-size:cover;--awb-width-large:20%;--awb-margin-top-large:0px;--awb-spacing-right-large:9.6%;--awb-margin-bottom-large:0px;--awb-spacing-left-large:9.6%;--awb-width-medium:100%;--awb-order-medium:0;--awb-spacing-right-medium:1.92%;--awb-spacing-left-medium:1.92%;--awb-width-small:100%;--awb-order-small:0;--awb-spacing-right-small:1.92%;--awb-spacing-left-small:1.92%;\"><div class=\"fusion-column-wrapper fusion-column-has-shadow fusion-flex-justify-content-flex-start fusion-content-layout-column\"><\/div><\/div><div class=\"fusion-layout-column fusion_builder_column fusion-builder-column-1 fusion_builder_column_3_5 3_5 fusion-flex-column\" style=\"--awb-bg-size:cover;--awb-width-large:60%;--awb-margin-top-large:0px;--awb-spacing-right-large:3.2%;--awb-margin-bottom-large:0px;--awb-spacing-left-large:3.2%;--awb-width-medium:100%;--awb-order-medium:0;--awb-spacing-right-medium:1.92%;--awb-spacing-left-medium:1.92%;--awb-width-small:100%;--awb-order-small:0;--awb-spacing-right-small:1.92%;--awb-spacing-left-small:1.92%;\"><div class=\"fusion-column-wrapper fusion-column-has-shadow fusion-flex-justify-content-flex-start fusion-content-layout-column\"><div class=\"fusion-text fusion-text-1\"><h1>Curs de Cuplu de str\u00e2ngere \u0219i tensionare<\/h1>\n<p> Lucrul cu echipamente de cuplu de str\u00e2ngere \u0219i tensionare necesit\u0103 cuno\u0219tin\u021be tehnice specializate, precizie \u0219i respectarea strict\u0103 a procedurilor stabilite. Prin cursul de Cuplu de str\u00e2ngere \u0219i tensionare ve\u021bi \u00eenv\u0103\u021ba s\u0103 lucra\u021bi \u00een siguran\u021b\u0103, controlat \u0219i conform standardelor \u00een vigoare la \u00eembin\u0103rile cu \u0219uruburi din mediile industriale. <\/p>\n<h2>Ce sunt cuplul de str\u00e2ngere \u0219i tensionarea?<\/h2>\n<p> Cuplul de str\u00e2ngere \u0219i tensionarea sunt metode controlate pentru str\u00e2ngerea \u0219i sl\u0103birea \u00eembin\u0103rilor cu \u0219uruburi. Cuplul de str\u00e2ngere utilizeaz\u0103 o valoare de cuplu prestabilit\u0103, \u00een timp ce tensionarea se bazeaz\u0103 pe alungirea \u0219urubului prin tensiune hidraulic\u0103. Ambele tehnici sunt esen\u021biale pentru \u00eembin\u0103ri cu flan\u0219e \u0219i \u0219uruburi sigure \u0219i fiabile. <\/p>\n<h2>Cui se adreseaz\u0103 cursul de cuplu de str\u00e2ngere \u0219i tensionare?<\/h2>\n<ul>\n<li>Montatorilor \u0219i tehnicienilor de \u00eentre\u021binere.<\/li>\n<li>Angaja\u021bilor din industria (petro)chimic\u0103.<\/li>\n<li>Personalului tehnic care lucreaz\u0103 la \u00eembin\u0103ri cu \u0219uruburi \u0219i flan\u0219e.<\/li>\n<li>Lucr\u0103torilor independen\u021bi \u0219i contractorilor.<\/li>\n<\/ul>\n<h2>Cuplu de str\u00e2ngere \u0219i tensionare f\u0103r\u0103 SOG<\/h2>\n<h3>Grup \u021bint\u0103<\/h3>\n<p> Aceast\u0103 formare este potrivit\u0103 pentru montatorii care lucreaz\u0103 cu echipamente hidraulice de cuplu de str\u00e2ngere \u0219i tensionare la clien\u021bi pentru care nu se aplic\u0103 obliga\u021bia SOG. <\/p>\n<h3>C\u00e2nd alege\u021bi cuplul de str\u00e2ngere \u0219i tensionarea f\u0103r\u0103 SOG?<\/h3>\n<ul>\n<li>Clientul dumneavoastr\u0103 nu solicit\u0103 un certificat SOG.<\/li>\n<li>Lucra\u021bi conform procedurilor interne de siguran\u021b\u0103.<\/li>\n<li>Dori\u021bi s\u0103 \u00eenv\u0103\u021ba\u021bi practic f\u0103r\u0103 un examen SOG extern.<\/li>\n<\/ul>\n<p> Dup\u0103 finalizare, ve\u021bi primi un certificat \u00eenregistrat \u00een <strong>Registrul de diplome ELCONY<\/strong>, care este <strong>valabil 5 ani<\/strong>. <\/p>\n<h3>Durata cursului \u0219i <strong>pre\u021bul<\/strong><\/h3>\n<ul>\n<li>1 zi cu cuno\u0219tin\u021be preexistente prin preg\u0103tirea noastr\u0103 online sau curs de re\u00eemprosp\u0103tare: <strong>\u20ac 285,00<\/strong> f\u0103r\u0103 TVA<\/li>\n<li>2 zile f\u0103r\u0103 experien\u021b\u0103 anterioar\u0103: <strong>\u20ac 485,00<\/strong> f\u0103r\u0103 TVA<\/li>\n<\/ul>\n<h2>Cuplu de str\u00e2ngere \u0219i tensionare cu SOG<\/h2>\n<h3>Grup \u021bint\u0103<\/h3>\n<p> Cursul de Cuplu de str\u00e2ngere \u0219i tensionare recunoscut SOG este destinat montatorilor care lucreaz\u0103 pentru clien\u021bi unde este obligatoriu un certificat recunoscut oficial. <\/p>\n<h3>C\u00e2nd este obligatoriu cuplul de str\u00e2ngere \u0219i tensionarea (SOG)?<\/h3>\n<ul>\n<li>La lucr\u0103ri \u00een industria (petro)chimic\u0103.<\/li>\n<li>\u00cen timpul opririlor de \u00eentre\u021binere \u0219i al turnarounds.<\/li>\n<li>La clien\u021bi care lucreaz\u0103 conform cerin\u021belor SSVV.<\/li>\n<li>\u00cen loca\u021bii cu proceduri de siguran\u021b\u0103 strict reglementate.<\/li>\n<\/ul>\n<p> Dup\u0103 promovarea examenului, certificatul este \u00eenregistrat \u00een <strong>Registrul de diplome SSVV<\/strong> \u0219i este <strong>valabil 5 ani<\/strong>. <\/p>\n<h3>Durata cursului \u0219i pre\u021bul<\/h3>\n<ul>\n<li>1 zi cu cuno\u0219tin\u021be preexistente prin preg\u0103tirea noastr\u0103 online sau curs de re\u00eemprosp\u0103tare: <strong>\u20ac 359,00<\/strong> f\u0103r\u0103 TVA<\/li>\n<li>2 zile f\u0103r\u0103 experien\u021b\u0103 anterioar\u0103: <strong>\u20ac 559,00<\/strong> f\u0103r\u0103 TVA<\/li>\n<\/ul>\n<h2>Loca\u021bie<\/h2>\n<p> Cursurile se desf\u0103\u0219oar\u0103 \u00een mai multe loca\u021bii din \u021a\u0103rile de Jos \u0219i pot avea loc \u0219i la loca\u021bia dumneavoastr\u0103. <\/p>\n<h2>Contact<\/h2>\n<p> Pentru mai multe informa\u021bii sau pentru \u00eenscriere, pute\u021bi suna la <strong>+31(0)88-2200100<\/strong> sau pute\u021bi trimite un e-mail la <strong><a href=\"&#x6d;&#97;i&#x6c;&#x74;&#111;:&#x69;&#x6e;&#102;o&#x40;&#x65;&#108;c&#x6f;&#x6e;&#121;&#46;&#x63;&#111;&#109;\">info&#64;e&#108;&#99;&#111;&#110;&#121;&#46;&#99;&#x6f;&#x6d;<\/a><\/strong>.<\/p>\n<\/div><\/div><\/div><div class=\"fusion-layout-column fusion_builder_column fusion-builder-column-2 fusion_builder_column_1_5 1_5 fusion-flex-column\" style=\"--awb-bg-size:cover;--awb-width-large:20%;--awb-margin-top-large:0px;--awb-spacing-right-large:9.6%;--awb-margin-bottom-large:0px;--awb-spacing-left-large:9.6%;--awb-width-medium:100%;--awb-order-medium:0;--awb-spacing-right-medium:1.92%;--awb-spacing-left-medium:1.92%;--awb-width-small:100%;--awb-order-small:0;--awb-spacing-right-small:1.92%;--awb-spacing-left-small:1.92%;\"><div class=\"fusion-column-wrapper fusion-column-has-shadow fusion-flex-justify-content-flex-start fusion-content-layout-column\"><\/div><\/div><\/div><\/div>\n","protected":false},"excerpt":{"rendered":"","protected":false},"author":1,"featured_media":0,"parent":0,"menu_order":2,"comment_status":"closed","ping_status":"closed","template":"","meta":{"footnotes":""},"class_list":["post-185755","page","type-page","status-publish","hentry"],"yoast_head":"<!-- This site is optimized with the Yoast SEO plugin v27.5 - https:\/\/yoast.com\/product\/yoast-seo-wordpress\/ -->\n<title>Curs de Cuplu de str\u00e2ngere \u0219i tensionare (SOG) | Disponibil \u0219i Incompany<\/title>\n<meta name=\"description\" content=\"Curs Torque &amp; Tensioning SOG sau ELCONY. Conform standardelor olandeze, pentru care este necesar un certificat SOG valabil.\" \/>\n<meta name=\"robots\" content=\"index, follow, max-snippet:-1, max-image-preview:large, max-video-preview:-1\" \/>\n<link rel=\"canonical\" href=\"https:\/\/www.elcony.com\/ro\/torque-en-tensioning\/\" \/>\n<script type=\"application\/ld+json\" class=\"yoast-schema-graph\">{\"@context\":\"https:\\\/\\\/schema.org\",\"@graph\":[{\"@type\":\"WebPage\",\"@id\":\"https:\\\/\\\/www.elcony.com\\\/ro\\\/torque-en-tensioning\\\/\",\"url\":\"https:\\\/\\\/www.elcony.com\\\/ro\\\/torque-en-tensioning\\\/\",\"name\":\"Curs de Cuplu de str\u00e2ngere \u0219i tensionare (SOG) | Disponibil \u0219i Incompany\",\"isPartOf\":{\"@id\":\"https:\\\/\\\/www.elcony.com\\\/it\\\/#website\"},\"datePublished\":\"2023-10-06T07:22:07+00:00\",\"dateModified\":\"2026-02-06T13:02:26+00:00\",\"description\":\"Curs Torque & Tensioning SOG sau ELCONY. Conform standardelor olandeze, pentru care este necesar un certificat SOG valabil.\",\"breadcrumb\":{\"@id\":\"https:\\\/\\\/www.elcony.com\\\/ro\\\/torque-en-tensioning\\\/#breadcrumb\"},\"inLanguage\":\"ro-RO\",\"potentialAction\":[{\"@type\":\"ReadAction\",\"target\":[\"https:\\\/\\\/www.elcony.com\\\/ro\\\/torque-en-tensioning\\\/\"]}]},{\"@type\":\"BreadcrumbList\",\"@id\":\"https:\\\/\\\/www.elcony.com\\\/ro\\\/torque-en-tensioning\\\/#breadcrumb\",\"itemListElement\":[{\"@type\":\"ListItem\",\"position\":1,\"name\":\"Home\",\"item\":\"https:\\\/\\\/www.elcony.com\\\/ro\\\/\"},{\"@type\":\"ListItem\",\"position\":2,\"name\":\"Cuplu de str\u00e2ngere \u0219i tensionare\"}]},{\"@type\":\"WebSite\",\"@id\":\"https:\\\/\\\/www.elcony.com\\\/it\\\/#website\",\"url\":\"https:\\\/\\\/www.elcony.com\\\/it\\\/\",\"name\":\"ELCONY\",\"description\":\"ARBO, VCA en SOG Opleidingen\",\"potentialAction\":[{\"@type\":\"SearchAction\",\"target\":{\"@type\":\"EntryPoint\",\"urlTemplate\":\"https:\\\/\\\/www.elcony.com\\\/it\\\/?s={search_term_string}\"},\"query-input\":{\"@type\":\"PropertyValueSpecification\",\"valueRequired\":true,\"valueName\":\"search_term_string\"}}],\"inLanguage\":\"ro-RO\"}]}<\/script>\n<!-- \/ Yoast SEO plugin. -->","yoast_head_json":{"title":"Curs de Cuplu de str\u00e2ngere \u0219i tensionare (SOG) | Disponibil \u0219i Incompany","description":"Curs Torque & Tensioning SOG sau ELCONY. Conform standardelor olandeze, pentru care este necesar un certificat SOG valabil.","robots":{"index":"index","follow":"follow","max-snippet":"max-snippet:-1","max-image-preview":"max-image-preview:large","max-video-preview":"max-video-preview:-1"},"canonical":"https:\/\/www.elcony.com\/ro\/torque-en-tensioning\/","schema":{"@context":"https:\/\/schema.org","@graph":[{"@type":"WebPage","@id":"https:\/\/www.elcony.com\/ro\/torque-en-tensioning\/","url":"https:\/\/www.elcony.com\/ro\/torque-en-tensioning\/","name":"Curs de Cuplu de str\u00e2ngere \u0219i tensionare (SOG) | Disponibil \u0219i Incompany","isPartOf":{"@id":"https:\/\/www.elcony.com\/it\/#website"},"datePublished":"2023-10-06T07:22:07+00:00","dateModified":"2026-02-06T13:02:26+00:00","description":"Curs Torque & Tensioning SOG sau ELCONY. Conform standardelor olandeze, pentru care este necesar un certificat SOG valabil.","breadcrumb":{"@id":"https:\/\/www.elcony.com\/ro\/torque-en-tensioning\/#breadcrumb"},"inLanguage":"ro-RO","potentialAction":[{"@type":"ReadAction","target":["https:\/\/www.elcony.com\/ro\/torque-en-tensioning\/"]}]},{"@type":"BreadcrumbList","@id":"https:\/\/www.elcony.com\/ro\/torque-en-tensioning\/#breadcrumb","itemListElement":[{"@type":"ListItem","position":1,"name":"Home","item":"https:\/\/www.elcony.com\/ro\/"},{"@type":"ListItem","position":2,"name":"Cuplu de str\u00e2ngere \u0219i tensionare"}]},{"@type":"WebSite","@id":"https:\/\/www.elcony.com\/it\/#website","url":"https:\/\/www.elcony.com\/it\/","name":"ELCONY","description":"ARBO, VCA en SOG Opleidingen","potentialAction":[{"@type":"SearchAction","target":{"@type":"EntryPoint","urlTemplate":"https:\/\/www.elcony.com\/it\/?s={search_term_string}"},"query-input":{"@type":"PropertyValueSpecification","valueRequired":true,"valueName":"search_term_string"}}],"inLanguage":"ro-RO"}]}},"_links":{"self":[{"href":"https:\/\/www.elcony.com\/ro\/wp-json\/wp\/v2\/pages\/185755","targetHints":{"allow":["GET"]}}],"collection":[{"href":"https:\/\/www.elcony.com\/ro\/wp-json\/wp\/v2\/pages"}],"about":[{"href":"https:\/\/www.elcony.com\/ro\/wp-json\/wp\/v2\/types\/page"}],"author":[{"embeddable":true,"href":"https:\/\/www.elcony.com\/ro\/wp-json\/wp\/v2\/users\/1"}],"replies":[{"embeddable":true,"href":"https:\/\/www.elcony.com\/ro\/wp-json\/wp\/v2\/comments?post=185755"}],"version-history":[{"count":3,"href":"https:\/\/www.elcony.com\/ro\/wp-json\/wp\/v2\/pages\/185755\/revisions"}],"predecessor-version":[{"id":391345,"href":"https:\/\/www.elcony.com\/ro\/wp-json\/wp\/v2\/pages\/185755\/revisions\/391345"}],"wp:attachment":[{"href":"https:\/\/www.elcony.com\/ro\/wp-json\/wp\/v2\/media?parent=185755"}],"curies":[{"name":"wp","href":"https:\/\/api.w.org\/{rel}","templated":true}]}}