{"id":186535,"date":"2023-10-08T11:34:21","date_gmt":"2023-10-08T09:34:21","guid":{"rendered":"https:\/\/www.elcony.com\/twin-ferrule\/"},"modified":"2026-02-06T20:25:36","modified_gmt":"2026-02-06T19:25:36","slug":"twin-ferrule","status":"publish","type":"page","link":"https:\/\/www.elcony.com\/ro\/twin-ferrule\/","title":{"rendered":"Twin Ferrule"},"content":{"rendered":"<div class=\"fusion-fullwidth fullwidth-box fusion-builder-row-1 has-pattern-background has-mask-background nonhundred-percent-fullwidth non-hundred-percent-height-scrolling\" style=\"--awb-border-radius-top-left:0px;--awb-border-radius-top-right:0px;--awb-border-radius-bottom-right:0px;--awb-border-radius-bottom-left:0px;--awb-flex-wrap:wrap;\" ><div class=\"fusion-builder-row fusion-row\"><div class=\"fusion-layout-column fusion_builder_column fusion-builder-column-0 fusion_builder_column_1_5 1_5 fusion-one-fifth fusion-column-first\" style=\"--awb-bg-blend:overlay;--awb-bg-size:cover;width:20%;width:calc(20% - ( ( 4% + 4% ) * 0.2 ) );margin-right: 4%;\"><div class=\"fusion-column-wrapper fusion-flex-column-wrapper-legacy\"><div class=\"fusion-clearfix\"><\/div><\/div><\/div><div class=\"fusion-layout-column fusion_builder_column fusion-builder-column-1 fusion_builder_column_3_5 3_5 fusion-three-fifth\" style=\"--awb-bg-blend:overlay;--awb-bg-size:cover;width:60%;width:calc(60% - ( ( 4% + 4% ) * 0.6 ) );margin-right: 4%;\"><div class=\"fusion-column-wrapper fusion-flex-column-wrapper-legacy\"><div class=\"fusion-text fusion-text-1\"><h1>Lucrul cu fitinguri Twin Ferrule<\/h1>\n<p> Fitingurile twin ferrule sunt utilizate pe scar\u0103 larg\u0103 \u00een industria (petro)chimic\u0103, instrumenta\u021bie \u0219i instala\u021bii de proces. Montajul corect este esen\u021bial pentru a preveni scurgerile, deteriorarea materialelor \u0219i costurile de defec\u021biune. Prin cursul Lucrul cu fitinguri Twin Ferrule ve\u021bi \u00eenv\u0103\u021ba s\u0103 monta\u021bi aceste fitinguri \u00een siguran\u021b\u0103, corect \u0219i conform ghidurilor \u00een vigoare. <\/p>\n<h2>Ce sunt fitingurile twin ferrule?<\/h2>\n<p> Fitingurile twin ferrule sunt alc\u0103tuite dintr-un inel frontal \u0219i un inel posterior care, \u00eempreun\u0103, asigur\u0103 o conexiune fiabil\u0103 \u0219i rezistent\u0103 la presiune \u00eentre \u021beav\u0103 \u0219i fiting. Acestea sunt utilizate frecvent \u00een conductele de instrumenta\u021bie, unde se aplic\u0103 cerin\u021be ridicate de siguran\u021b\u0103 \u0219i precizie. <\/p>\n<h2>Pentru cine este destinat cursul Lucrul cu fitinguri Twin Ferrule?<\/h2>\n<ul>\n<li>Montatori \u0219i tehnicieni de \u00eentre\u021binere.<\/li>\n<li>Montatori de instrumenta\u021bie.<\/li>\n<li>Angaja\u021bi din industria (petro)chimic\u0103.<\/li>\n<li>Persoane independente \u0219i contractori.<\/li>\n<li>Personal tehnic care lucreaz\u0103 cu fitinguri pentru \u021bevi \u0219i instrumenta\u021bie.<\/li>\n<\/ul>\n<h2>Lucrul cu fitinguri Twin Ferrule f\u0103r\u0103 SOG<\/h2>\n<h3>Grup \u021bint\u0103<\/h3>\n<p> Aceast\u0103 instruire este potrivit\u0103 pentru angaja\u021bii care monteaz\u0103 fitinguri twin ferrule la clien\u021bi unde nu exist\u0103 obliga\u021bia SOG. <\/p>\n<h3>C\u00e2nd alege\u021bi fitinguri Twin Ferrule f\u0103r\u0103 SOG?<\/h3>\n<ul>\n<li>Clientul dumneavoastr\u0103 nu impune un diplom\u0103 SOG.<\/li>\n<li>Lucra\u021bi conform procedurilor interne de siguran\u021b\u0103 \u0219i montaj.<\/li>\n<li>C\u0103uta\u021bi o formare orientat\u0103 spre practic\u0103 f\u0103r\u0103 examen SOG extern.<\/li>\n<\/ul>\n<p> Dup\u0103 finalizare, ve\u021bi primi o diplom\u0103 cu \u00eenregistrare \u00een <strong>Registrul de Diplome ELCONY<\/strong>, care este <strong>valabil\u0103 5 ani<\/strong>. <\/p>\n<h3><strong>Durata cursului \u0219i pre\u021bul<\/strong><\/h3>\n<ul>\n<li>1 zi cu cuno\u0219tin\u021be preexistente prin preg\u0103tirea noastr\u0103 online sau curs de re\u00eemprosp\u0103tare: <strong>\u20ac 255,00<\/strong> f\u0103r\u0103 TVA<\/li>\n<li>2 zile f\u0103r\u0103 experien\u021b\u0103 anterioar\u0103: <strong>\u20ac 455,00<\/strong> f\u0103r\u0103 TVA<\/li>\n<\/ul>\n<h2 id=\"sog\">Lucrul cu fitinguri Twin Ferrule cu SOG<\/h2>\n<h3>Grup \u021bint\u0103<\/h3>\n<p> Cursul Lucrul cu fitinguri Twin Ferrule recunoscut de SOG este destinat angaja\u021bilor care lucreaz\u0103 la clien\u021bi unde este obligatorie o diplom\u0103 SOG recunoscut\u0103 oficial. <\/p>\n<h3>C\u00e2nd sunt obligatorii fitingurile Twin Ferrule (SOG)?<\/h3>\n<ul>\n<li>La desf\u0103\u0219urarea lucr\u0103rilor pe amplasamente industriale (petro)chimice.<\/li>\n<li>La clien\u021bi care lucreaz\u0103 conform cerin\u021belor SSVV.<\/li>\n<li>\u00cen timpul opririlor pentru \u00eentre\u021binere \u0219i al turnarounds.<\/li>\n<li>\u00cen loca\u021bii cu proceduri de siguran\u021b\u0103 strict reglementate.<\/li>\n<\/ul>\n<p> Dup\u0103 promovarea examenului, diploma este \u00eenregistrat\u0103 \u00een <strong>Registrul de Diplome SSVV<\/strong> \u0219i este valabil\u0103 5 ani. <\/p>\n<h3><strong>Durata cursului \u0219i pre\u021bul<\/strong><\/h3>\n<ul>\n<li>1 zi cu cuno\u0219tin\u021be preexistente prin preg\u0103tirea noastr\u0103 online sau curs de re\u00eemprosp\u0103tare: <strong>\u20ac 369,00<\/strong> f\u0103r\u0103 TVA<\/li>\n<li>2 zile f\u0103r\u0103 experien\u021b\u0103 anterioar\u0103: <strong>\u20ac 569,00<\/strong> f\u0103r\u0103 TVA<\/li>\n<\/ul>\n<h2>Loca\u021bii<\/h2>\n<p> Cursul Lucrul cu fitinguri twin ferrule este organizat \u00een mai multe loca\u021bii din \u021a\u0103rile de Jos \u0219i poate avea loc \u0219i la loca\u021bia dumneavoastr\u0103. <\/p>\n<h2><strong>Contact<\/strong><\/h2>\n<p> Pentru mai multe informa\u021bii sau pentru \u00eenscriere, pute\u021bi suna la <strong>+31(0)88-2200100<\/strong> sau pute\u021bi trimite un e-mail la <strong><a href=\"&#x6d;&#97;&#105;l&#x74;&#x6f;&#58;i&#x6e;&#x66;&#111;&#64;e&#x6c;&#99;&#111;n&#x79;&#x2e;&#99;o&#x6d;\">&#x69;&#x6e;&#102;&#111;&#64;e&#x6c;&#x63;&#x6f;&#110;y&#46;&#x63;&#x6f;&#x6d;<\/a><\/strong>.<\/p>\n<\/div><div class=\"fusion-clearfix\"><\/div><\/div><\/div><div class=\"fusion-layout-column fusion_builder_column fusion-builder-column-2 fusion_builder_column_1_5 1_5 fusion-one-fifth fusion-column-last\" style=\"--awb-bg-blend:overlay;--awb-bg-size:cover;width:20%;width:calc(20% - ( ( 4% + 4% ) * 0.2 ) );\"><div class=\"fusion-column-wrapper fusion-flex-column-wrapper-legacy\"><div class=\"fusion-clearfix\"><\/div><\/div><\/div><\/div><\/div>\n","protected":false},"excerpt":{"rendered":"","protected":false},"author":1,"featured_media":0,"parent":0,"menu_order":6,"comment_status":"closed","ping_status":"closed","template":"","meta":{"footnotes":""},"class_list":["post-186535","page","type-page","status-publish","hentry"],"yoast_head":"<!-- This site is optimized with the Yoast SEO plugin v27.5 - https:\/\/yoast.com\/product\/yoast-seo-wordpress\/ -->\n<title>Lucrul cu fitinguri Twin Ferrule (SOG) \u2013 la nivel na\u021bional \u0219i incompany<\/title>\n<meta name=\"description\" content=\"\u00cenv\u0103\u021ba\u021bi s\u0103 lucra\u021bi \u00een siguran\u021b\u0103 \u0219i corect cu fitinguri twin ferrule. Curs orientat spre practic\u0103 pentru montatori \u0219i personal de instrumenta\u021bie.\" \/>\n<meta name=\"robots\" content=\"index, follow, max-snippet:-1, max-image-preview:large, max-video-preview:-1\" \/>\n<link rel=\"canonical\" href=\"https:\/\/www.elcony.com\/werken-met-twin-ferrule-fittingen\/\" \/>\n<script type=\"application\/ld+json\" class=\"yoast-schema-graph\">{\"@context\":\"https:\\\/\\\/schema.org\",\"@graph\":[{\"@type\":\"WebPage\",\"@id\":\"https:\\\/\\\/www.elcony.com\\\/werken-met-twin-ferrule-fittingen\\\/\",\"url\":\"https:\\\/\\\/www.elcony.com\\\/werken-met-twin-ferrule-fittingen\\\/\",\"name\":\"Lucrul cu fitinguri Twin Ferrule (SOG) \u2013 la nivel na\u021bional \u0219i incompany\",\"isPartOf\":{\"@id\":\"https:\\\/\\\/www.elcony.com\\\/it\\\/#website\"},\"datePublished\":\"2023-10-08T09:34:21+00:00\",\"dateModified\":\"2026-02-06T19:25:36+00:00\",\"description\":\"\u00cenv\u0103\u021ba\u021bi s\u0103 lucra\u021bi \u00een siguran\u021b\u0103 \u0219i corect cu fitinguri twin ferrule. Curs orientat spre practic\u0103 pentru montatori \u0219i personal de instrumenta\u021bie.\",\"breadcrumb\":{\"@id\":\"https:\\\/\\\/www.elcony.com\\\/werken-met-twin-ferrule-fittingen\\\/#breadcrumb\"},\"inLanguage\":\"ro-RO\",\"potentialAction\":[{\"@type\":\"ReadAction\",\"target\":[\"https:\\\/\\\/www.elcony.com\\\/werken-met-twin-ferrule-fittingen\\\/\"]}]},{\"@type\":\"BreadcrumbList\",\"@id\":\"https:\\\/\\\/www.elcony.com\\\/werken-met-twin-ferrule-fittingen\\\/#breadcrumb\",\"itemListElement\":[{\"@type\":\"ListItem\",\"position\":1,\"name\":\"Home\",\"item\":\"https:\\\/\\\/www.elcony.com\\\/ro\\\/\"},{\"@type\":\"ListItem\",\"position\":2,\"name\":\"Twin Ferrule\"}]},{\"@type\":\"WebSite\",\"@id\":\"https:\\\/\\\/www.elcony.com\\\/it\\\/#website\",\"url\":\"https:\\\/\\\/www.elcony.com\\\/it\\\/\",\"name\":\"ELCONY\",\"description\":\"ARBO, VCA en SOG Opleidingen\",\"potentialAction\":[{\"@type\":\"SearchAction\",\"target\":{\"@type\":\"EntryPoint\",\"urlTemplate\":\"https:\\\/\\\/www.elcony.com\\\/it\\\/?s={search_term_string}\"},\"query-input\":{\"@type\":\"PropertyValueSpecification\",\"valueRequired\":true,\"valueName\":\"search_term_string\"}}],\"inLanguage\":\"ro-RO\"}]}<\/script>\n<!-- \/ Yoast SEO plugin. -->","yoast_head_json":{"title":"Lucrul cu fitinguri Twin Ferrule (SOG) \u2013 la nivel na\u021bional \u0219i incompany","description":"\u00cenv\u0103\u021ba\u021bi s\u0103 lucra\u021bi \u00een siguran\u021b\u0103 \u0219i corect cu fitinguri twin ferrule. Curs orientat spre practic\u0103 pentru montatori \u0219i personal de instrumenta\u021bie.","robots":{"index":"index","follow":"follow","max-snippet":"max-snippet:-1","max-image-preview":"max-image-preview:large","max-video-preview":"max-video-preview:-1"},"canonical":"https:\/\/www.elcony.com\/werken-met-twin-ferrule-fittingen\/","schema":{"@context":"https:\/\/schema.org","@graph":[{"@type":"WebPage","@id":"https:\/\/www.elcony.com\/werken-met-twin-ferrule-fittingen\/","url":"https:\/\/www.elcony.com\/werken-met-twin-ferrule-fittingen\/","name":"Lucrul cu fitinguri Twin Ferrule (SOG) \u2013 la nivel na\u021bional \u0219i incompany","isPartOf":{"@id":"https:\/\/www.elcony.com\/it\/#website"},"datePublished":"2023-10-08T09:34:21+00:00","dateModified":"2026-02-06T19:25:36+00:00","description":"\u00cenv\u0103\u021ba\u021bi s\u0103 lucra\u021bi \u00een siguran\u021b\u0103 \u0219i corect cu fitinguri twin ferrule. Curs orientat spre practic\u0103 pentru montatori \u0219i personal de instrumenta\u021bie.","breadcrumb":{"@id":"https:\/\/www.elcony.com\/werken-met-twin-ferrule-fittingen\/#breadcrumb"},"inLanguage":"ro-RO","potentialAction":[{"@type":"ReadAction","target":["https:\/\/www.elcony.com\/werken-met-twin-ferrule-fittingen\/"]}]},{"@type":"BreadcrumbList","@id":"https:\/\/www.elcony.com\/werken-met-twin-ferrule-fittingen\/#breadcrumb","itemListElement":[{"@type":"ListItem","position":1,"name":"Home","item":"https:\/\/www.elcony.com\/ro\/"},{"@type":"ListItem","position":2,"name":"Twin Ferrule"}]},{"@type":"WebSite","@id":"https:\/\/www.elcony.com\/it\/#website","url":"https:\/\/www.elcony.com\/it\/","name":"ELCONY","description":"ARBO, VCA en SOG Opleidingen","potentialAction":[{"@type":"SearchAction","target":{"@type":"EntryPoint","urlTemplate":"https:\/\/www.elcony.com\/it\/?s={search_term_string}"},"query-input":{"@type":"PropertyValueSpecification","valueRequired":true,"valueName":"search_term_string"}}],"inLanguage":"ro-RO"}]}},"_links":{"self":[{"href":"https:\/\/www.elcony.com\/ro\/wp-json\/wp\/v2\/pages\/186535","targetHints":{"allow":["GET"]}}],"collection":[{"href":"https:\/\/www.elcony.com\/ro\/wp-json\/wp\/v2\/pages"}],"about":[{"href":"https:\/\/www.elcony.com\/ro\/wp-json\/wp\/v2\/types\/page"}],"author":[{"embeddable":true,"href":"https:\/\/www.elcony.com\/ro\/wp-json\/wp\/v2\/users\/1"}],"replies":[{"embeddable":true,"href":"https:\/\/www.elcony.com\/ro\/wp-json\/wp\/v2\/comments?post=186535"}],"version-history":[{"count":3,"href":"https:\/\/www.elcony.com\/ro\/wp-json\/wp\/v2\/pages\/186535\/revisions"}],"predecessor-version":[{"id":391471,"href":"https:\/\/www.elcony.com\/ro\/wp-json\/wp\/v2\/pages\/186535\/revisions\/391471"}],"wp:attachment":[{"href":"https:\/\/www.elcony.com\/ro\/wp-json\/wp\/v2\/media?parent=186535"}],"curies":[{"name":"wp","href":"https:\/\/api.w.org\/{rel}","templated":true}]}}