{"id":234362,"date":"2023-11-26T13:18:32","date_gmt":"2023-11-26T12:18:32","guid":{"rendered":"https:\/\/www.elcony.com\/protectie-exterioara-protectie-pentru-guri-de-vizitare\/"},"modified":"2026-02-06T14:37:23","modified_gmt":"2026-02-06T13:37:23","slug":"protectie-exterioara-protectie-pentru-guri-de-vizitare","status":"publish","type":"page","link":"https:\/\/www.elcony.com\/ro\/protectie-exterioara-protectie-pentru-guri-de-vizitare\/","title":{"rendered":"Supraveghetor exterior (paznic de gur\u0103 de vizitare)"},"content":{"rendered":"<div class=\"fusion-fullwidth fullwidth-box fusion-builder-row-1 has-pattern-background has-mask-background nonhundred-percent-fullwidth non-hundred-percent-height-scrolling\" style=\"--awb-border-radius-top-left:0px;--awb-border-radius-top-right:0px;--awb-border-radius-bottom-right:0px;--awb-border-radius-bottom-left:0px;--awb-flex-wrap:wrap;\" ><div class=\"fusion-builder-row fusion-row\"><div class=\"fusion-layout-column fusion_builder_column fusion-builder-column-0 fusion_builder_column_1_5 1_5 fusion-one-fifth fusion-column-first\" style=\"--awb-bg-blend:overlay;--awb-bg-size:cover;width:20%;width:calc(20% - ( ( 4% + 4% ) * 0.2 ) );margin-right: 4%;\"><div class=\"fusion-column-wrapper fusion-flex-column-wrapper-legacy\"><div class=\"fusion-clearfix\"><\/div><\/div><\/div><div class=\"fusion-layout-column fusion_builder_column fusion-builder-column-1 fusion_builder_column_3_5 3_5 fusion-three-fifth\" style=\"--awb-padding-bottom:20px;--awb-bg-blend:overlay;--awb-bg-size:cover;width:60%;width:calc(60% - ( ( 4% + 4% ) * 0.6 ) );margin-right: 4%;\"><div class=\"fusion-column-wrapper fusion-flex-column-wrapper-legacy\"><div class=\"fusion-text fusion-text-1\"><h1>Lucrul ca supraveghetor exterior (paznic de gur\u0103 de vizitare)<\/h1>\n<p> Lucrul ca supraveghetor exterior (paznic de gur\u0103 de vizitare) reprezint\u0103 o func\u021bie esen\u021bial\u0103 de siguran\u021b\u0103 \u00een timpul desf\u0103\u0219ur\u0103rii lucr\u0103rilor \u00een spa\u021bii \u00eenchise. \u00cen calitate de supraveghetor exterior, asigura\u021bi supravegherea, monitoriza\u021bi siguran\u021ba \u0219i interveni\u021bi imediat \u00een situa\u021bii de urgen\u021b\u0103. Prin cursul Lucrul ca supraveghetor exterior ve\u021bi \u00eenv\u0103\u021ba s\u0103 \u00eendeplini\u021bi acest rol \u00een mod sigur, responsabil \u0219i conform procedurilor \u00een vigoare. <\/p>\n<h2>Ce face un supraveghetor exterior?<\/h2>\n<p> Un supraveghetor exterior supravegheaz\u0103 lucr\u0103rile \u00een spa\u021bii \u00eenchise, cum ar fi rezervoare, conducte, pu\u021buri \u0219i reactoare. Acesta monitorizeaz\u0103 siguran\u021ba, men\u021bine comunicarea cu lucr\u0103torii din interiorul spa\u021biului \u0219i solicit\u0103 ajutor \u00een cazul incidentelor. <\/p>\n<h2>Cui se adreseaz\u0103 cursul Lucrul ca supraveghetor exterior?<\/h2>\n<ul>\n<li>Angaja\u021bilor din industria (petro)chimic\u0103.<\/li>\n<li>Tehnicienilor de \u00eentre\u021binere \u0219i contractorilor.<\/li>\n<li>Supraveghetorilor pentru lucr\u0103ri \u00een spa\u021bii \u00eenchise.<\/li>\n<li>Lucr\u0103torilor independen\u021bi (ZZP) activi pe amplasamente industriale.<\/li>\n<li>Oric\u0103rei persoane care \u00eendepline\u0219te rolul de paznic de gur\u0103 de vizitare.<\/li>\n<\/ul>\n<h2>Lucrul ca supraveghetor exterior f\u0103r\u0103 SOG<\/h2>\n<h3>Grup \u021bint\u0103<\/h3>\n<p> Acest curs este potrivit pentru angaja\u021bii care lucreaz\u0103 ca supraveghetori exteriori \u00een organiza\u021bii sau la clien\u021bi pentru care nu se aplic\u0103 obliga\u021bia SOG. <\/p>\n<h3>C\u00e2nd alege\u021bi supraveghetorul exterior f\u0103r\u0103 SOG?<\/h3>\n<ul>\n<li>Clientul dumneavoastr\u0103 nu solicit\u0103 un certificat SOG<\/li>\n<li>Lucra\u021bi conform procedurilor interne de siguran\u021b\u0103<\/li>\n<li>C\u0103uta\u021bi o formare practic\u0103 f\u0103r\u0103 examen extern<\/li>\n<\/ul>\n<p> Dup\u0103 finalizarea cursului, ve\u021bi primi un certificat \u00eenregistrat \u00een <strong>Registrul de diplome ELCONY<\/strong>, care este <strong>valabil 5 ani<\/strong>. <\/p>\n<h3>Durata cursului \u0219i pre\u021bul<\/h3>\n<ul>\n<li>1 zi cu cuno\u0219tin\u021be preexistente prin preg\u0103tirea noastr\u0103 online sau curs de re\u00eemprosp\u0103tare: <strong>\u20ac 255,00<\/strong> f\u0103r\u0103 TVA<\/li>\n<li>2 zile f\u0103r\u0103 experien\u021b\u0103 anterioar\u0103: <strong>\u20ac 455,00<\/strong> f\u0103r\u0103 TVA<\/li>\n<\/ul>\n<h2>Lucrul ca supraveghetor exterior cu SOG<\/h2>\n<h3>Grup \u021bint\u0103<\/h3>\n<p> Cursul Lucrul ca supraveghetor exterior recunoscut SOG este destinat angaja\u021bilor care lucreaz\u0103 la clien\u021bi unde este obligatoriu un certificat recunoscut oficial. <\/p>\n<h3>C\u00e2nd este obligatoriu supraveghetorul exterior (SOG)?<\/h3>\n<ul>\n<li>\u00cen timpul lucr\u0103rilor \u00een spa\u021bii \u00eenchise din industria (petro)chimic\u0103<\/li>\n<li>\u00cen timpul opririlor de \u00eentre\u021binere \u0219i al turnarounds<\/li>\n<li>La clien\u021bi care lucreaz\u0103 conform cerin\u021belor SSVV<\/li>\n<li>\u00cen loca\u021bii cu proceduri de siguran\u021b\u0103 strict reglementate<\/li>\n<\/ul>\n<p> Dup\u0103 promovarea examenului, certificatul este \u00eenregistrat \u00een <strong>Registrul de diplome SSVV<\/strong> \u0219i este <strong>valabil 3 ani<\/strong>. <\/p>\n<h3>Durata cursului \u0219i pre\u021bul<\/h3>\n<ul>\n<li>1 zi cu cuno\u0219tin\u021be preexistente prin preg\u0103tirea noastr\u0103 online sau curs de re\u00eemprosp\u0103tare: <strong>\u20ac 369,00<\/strong> f\u0103r\u0103 TVA<\/li>\n<li>2 zile f\u0103r\u0103 experien\u021b\u0103 anterioar\u0103: <strong>\u20ac 569,00<\/strong> f\u0103r\u0103 TVA<\/li>\n<\/ul>\n<h3>Limbi de examinare<\/h3>\n<p> Examenul SOG este disponibil \u00een limbile olandez\u0103 \u0219i englez\u0103. <\/p>\n<h2>Loca\u021bii<\/h2>\n<p> Cursul Lucrul ca supraveghetor exterior se desf\u0103\u0219oar\u0103 \u00een mai multe loca\u021bii din \u021a\u0103rile de Jos \u0219i poate avea loc \u0219i la loca\u021bia dumneavoastr\u0103. <\/p>\n<h2>Contact<\/h2>\n<p> Pentru mai multe informa\u021bii sau pentru \u00eenscriere, pute\u021bi suna la <strong>+31(0)88-2200100<\/strong> sau pute\u021bi trimite un e-mail la <strong><a href=\"&#x6d;&#x61;&#105;l&#x74;&#x6f;&#58;in&#x66;&#x6f;&#64;e&#x6c;&#x63;&#111;&#110;y&#x2e;&#x63;&#111;m\">&#x69;&#110;&#102;o&#x40;&#x65;&#108;c&#x6f;&#x6e;&#121;&#46;&#x63;&#x6f;&#109;<\/a><\/strong>.<\/p>\n<\/div><div class=\"fusion-clearfix\"><\/div><\/div><\/div><div class=\"fusion-layout-column fusion_builder_column fusion-builder-column-2 fusion_builder_column_1_5 1_5 fusion-one-fifth fusion-column-last\" style=\"--awb-bg-blend:overlay;--awb-bg-size:cover;width:20%;width:calc(20% - ( ( 4% + 4% ) * 0.2 ) );\"><div class=\"fusion-column-wrapper fusion-flex-column-wrapper-legacy\"><div class=\"fusion-clearfix\"><\/div><\/div><\/div><\/div><\/div>\n","protected":false},"excerpt":{"rendered":"","protected":false},"author":1,"featured_media":0,"parent":0,"menu_order":3,"comment_status":"closed","ping_status":"closed","template":"","meta":{"footnotes":""},"class_list":["post-234362","page","type-page","status-publish","hentry"],"yoast_head":"<!-- This site is optimized with the Yoast SEO plugin v27.5 - https:\/\/yoast.com\/product\/yoast-seo-wordpress\/ -->\n<title>Curs \u201eLucrul ca supraveghetor exterior\u201d (SOG) | Disponibil \u0219i Incompany<\/title>\n<meta name=\"description\" content=\"Urma\u021bi cursul Lucrul ca supraveghetor exterior (paznic de gur\u0103 de vizitare). \u00cenv\u0103\u021ba\u021bi s\u0103 supraveghea\u021bi \u00een siguran\u021b\u0103 lucr\u0103rile \u00een spa\u021bii \u00eenchise. Cu sau f\u0103r\u0103 SOG, orientat spre practic\u0103.\" \/>\n<meta name=\"robots\" content=\"index, follow, max-snippet:-1, max-image-preview:large, max-video-preview:-1\" \/>\n<link rel=\"canonical\" href=\"https:\/\/www.elcony.com\/ro\/protectie-exterioara-protectie-pentru-guri-de-vizitare\/\" \/>\n<script type=\"application\/ld+json\" class=\"yoast-schema-graph\">{\"@context\":\"https:\\\/\\\/schema.org\",\"@graph\":[{\"@type\":\"WebPage\",\"@id\":\"https:\\\/\\\/www.elcony.com\\\/ro\\\/protectie-exterioara-protectie-pentru-guri-de-vizitare\\\/\",\"url\":\"https:\\\/\\\/www.elcony.com\\\/ro\\\/protectie-exterioara-protectie-pentru-guri-de-vizitare\\\/\",\"name\":\"Curs \u201eLucrul ca supraveghetor exterior\u201d (SOG) | Disponibil \u0219i Incompany\",\"isPartOf\":{\"@id\":\"https:\\\/\\\/www.elcony.com\\\/it\\\/#website\"},\"datePublished\":\"2023-11-26T12:18:32+00:00\",\"dateModified\":\"2026-02-06T13:37:23+00:00\",\"description\":\"Urma\u021bi cursul Lucrul ca supraveghetor exterior (paznic de gur\u0103 de vizitare). \u00cenv\u0103\u021ba\u021bi s\u0103 supraveghea\u021bi \u00een siguran\u021b\u0103 lucr\u0103rile \u00een spa\u021bii \u00eenchise. Cu sau f\u0103r\u0103 SOG, orientat spre practic\u0103.\",\"breadcrumb\":{\"@id\":\"https:\\\/\\\/www.elcony.com\\\/ro\\\/protectie-exterioara-protectie-pentru-guri-de-vizitare\\\/#breadcrumb\"},\"inLanguage\":\"ro-RO\",\"potentialAction\":[{\"@type\":\"ReadAction\",\"target\":[\"https:\\\/\\\/www.elcony.com\\\/ro\\\/protectie-exterioara-protectie-pentru-guri-de-vizitare\\\/\"]}]},{\"@type\":\"BreadcrumbList\",\"@id\":\"https:\\\/\\\/www.elcony.com\\\/ro\\\/protectie-exterioara-protectie-pentru-guri-de-vizitare\\\/#breadcrumb\",\"itemListElement\":[{\"@type\":\"ListItem\",\"position\":1,\"name\":\"Home\",\"item\":\"https:\\\/\\\/www.elcony.com\\\/ro\\\/\"},{\"@type\":\"ListItem\",\"position\":2,\"name\":\"Supraveghetor exterior (paznic de gur\u0103 de vizitare)\"}]},{\"@type\":\"WebSite\",\"@id\":\"https:\\\/\\\/www.elcony.com\\\/it\\\/#website\",\"url\":\"https:\\\/\\\/www.elcony.com\\\/it\\\/\",\"name\":\"ELCONY\",\"description\":\"ARBO, VCA en SOG Opleidingen\",\"potentialAction\":[{\"@type\":\"SearchAction\",\"target\":{\"@type\":\"EntryPoint\",\"urlTemplate\":\"https:\\\/\\\/www.elcony.com\\\/it\\\/?s={search_term_string}\"},\"query-input\":{\"@type\":\"PropertyValueSpecification\",\"valueRequired\":true,\"valueName\":\"search_term_string\"}}],\"inLanguage\":\"ro-RO\"}]}<\/script>\n<!-- \/ Yoast SEO plugin. -->","yoast_head_json":{"title":"Curs \u201eLucrul ca supraveghetor exterior\u201d (SOG) | Disponibil \u0219i Incompany","description":"Urma\u021bi cursul Lucrul ca supraveghetor exterior (paznic de gur\u0103 de vizitare). \u00cenv\u0103\u021ba\u021bi s\u0103 supraveghea\u021bi \u00een siguran\u021b\u0103 lucr\u0103rile \u00een spa\u021bii \u00eenchise. Cu sau f\u0103r\u0103 SOG, orientat spre practic\u0103.","robots":{"index":"index","follow":"follow","max-snippet":"max-snippet:-1","max-image-preview":"max-image-preview:large","max-video-preview":"max-video-preview:-1"},"canonical":"https:\/\/www.elcony.com\/ro\/protectie-exterioara-protectie-pentru-guri-de-vizitare\/","schema":{"@context":"https:\/\/schema.org","@graph":[{"@type":"WebPage","@id":"https:\/\/www.elcony.com\/ro\/protectie-exterioara-protectie-pentru-guri-de-vizitare\/","url":"https:\/\/www.elcony.com\/ro\/protectie-exterioara-protectie-pentru-guri-de-vizitare\/","name":"Curs \u201eLucrul ca supraveghetor exterior\u201d (SOG) | Disponibil \u0219i Incompany","isPartOf":{"@id":"https:\/\/www.elcony.com\/it\/#website"},"datePublished":"2023-11-26T12:18:32+00:00","dateModified":"2026-02-06T13:37:23+00:00","description":"Urma\u021bi cursul Lucrul ca supraveghetor exterior (paznic de gur\u0103 de vizitare). \u00cenv\u0103\u021ba\u021bi s\u0103 supraveghea\u021bi \u00een siguran\u021b\u0103 lucr\u0103rile \u00een spa\u021bii \u00eenchise. Cu sau f\u0103r\u0103 SOG, orientat spre practic\u0103.","breadcrumb":{"@id":"https:\/\/www.elcony.com\/ro\/protectie-exterioara-protectie-pentru-guri-de-vizitare\/#breadcrumb"},"inLanguage":"ro-RO","potentialAction":[{"@type":"ReadAction","target":["https:\/\/www.elcony.com\/ro\/protectie-exterioara-protectie-pentru-guri-de-vizitare\/"]}]},{"@type":"BreadcrumbList","@id":"https:\/\/www.elcony.com\/ro\/protectie-exterioara-protectie-pentru-guri-de-vizitare\/#breadcrumb","itemListElement":[{"@type":"ListItem","position":1,"name":"Home","item":"https:\/\/www.elcony.com\/ro\/"},{"@type":"ListItem","position":2,"name":"Supraveghetor exterior (paznic de gur\u0103 de vizitare)"}]},{"@type":"WebSite","@id":"https:\/\/www.elcony.com\/it\/#website","url":"https:\/\/www.elcony.com\/it\/","name":"ELCONY","description":"ARBO, VCA en SOG Opleidingen","potentialAction":[{"@type":"SearchAction","target":{"@type":"EntryPoint","urlTemplate":"https:\/\/www.elcony.com\/it\/?s={search_term_string}"},"query-input":{"@type":"PropertyValueSpecification","valueRequired":true,"valueName":"search_term_string"}}],"inLanguage":"ro-RO"}]}},"_links":{"self":[{"href":"https:\/\/www.elcony.com\/ro\/wp-json\/wp\/v2\/pages\/234362","targetHints":{"allow":["GET"]}}],"collection":[{"href":"https:\/\/www.elcony.com\/ro\/wp-json\/wp\/v2\/pages"}],"about":[{"href":"https:\/\/www.elcony.com\/ro\/wp-json\/wp\/v2\/types\/page"}],"author":[{"embeddable":true,"href":"https:\/\/www.elcony.com\/ro\/wp-json\/wp\/v2\/users\/1"}],"replies":[{"embeddable":true,"href":"https:\/\/www.elcony.com\/ro\/wp-json\/wp\/v2\/comments?post=234362"}],"version-history":[{"count":4,"href":"https:\/\/www.elcony.com\/ro\/wp-json\/wp\/v2\/pages\/234362\/revisions"}],"predecessor-version":[{"id":391408,"href":"https:\/\/www.elcony.com\/ro\/wp-json\/wp\/v2\/pages\/234362\/revisions\/391408"}],"wp:attachment":[{"href":"https:\/\/www.elcony.com\/ro\/wp-json\/wp\/v2\/media?parent=234362"}],"curies":[{"name":"wp","href":"https:\/\/api.w.org\/{rel}","templated":true}]}}