{"id":234437,"date":"2023-11-26T14:35:43","date_gmt":"2023-11-26T13:35:43","guid":{"rendered":"https:\/\/www.elcony.com\/schimbarea-incarcaturilor\/"},"modified":"2023-11-26T14:35:46","modified_gmt":"2023-11-26T13:35:46","slug":"schimbarea-incarcaturilor","status":"publish","type":"page","link":"https:\/\/www.elcony.com\/ro\/schimbarea-incarcaturilor\/","title":{"rendered":"Schimbarea \u00eenc\u0103rc\u0103turilor"},"content":{"rendered":"<p><div class=\"fusion-fullwidth fullwidth-box fusion-builder-row-1 nonhundred-percent-fullwidth non-hundred-percent-height-scrolling\" style=\"--awb-border-radius-top-left:0px;--awb-border-radius-top-right:0px;--awb-border-radius-bottom-right:0px;--awb-border-radius-bottom-left:0px;--awb-flex-wrap:wrap;\" ><div class=\"fusion-builder-row fusion-row\"><div class=\"fusion-layout-column fusion_builder_column fusion-builder-column-0 fusion_builder_column_1_6 1_6 fusion-one-sixth fusion-column-first\" style=\"--awb-bg-size:cover;width:16.666666666667%;width:calc(16.666666666667% - ( ( 4% + 4% ) * 0.16666666666667 ) );margin-right: 4%;\"><div class=\"fusion-column-wrapper fusion-flex-column-wrapper-legacy\"><div class=\"fusion-sep-clear\"><\/div><div class=\"fusion-separator fusion-full-width-sep\" style=\"margin-left: auto;margin-right: auto;margin-top:20px;width:100%;\"><\/div><div class=\"fusion-sep-clear\"><\/div><div class=\"fusion-clearfix\"><\/div><\/div><\/div><div class=\"fusion-layout-column fusion_builder_column fusion-builder-column-1 fusion_builder_column_2_3 2_3 fusion-two-third\" style=\"--awb-padding-bottom:20px;--awb-bg-size:cover;width:66.666666666667%;width:calc(66.666666666667% - ( ( 4% + 4% ) * 0.66666666666667 ) );margin-right: 4%;\"><div class=\"fusion-column-wrapper fusion-flex-column-wrapper-legacy\"><div class=\"fusion-content-boxes content-boxes columns row fusion-columns-2 fusion-columns-total-2 fusion-content-boxes-1 content-boxes-clean-vertical content-left content-boxes-icon-on-top\" style=\"--awb-hover-accent-color:#555555;--awb-circle-hover-accent-color:#555555;\" data-animationOffset=\"top-into-view\"><div style=\"--awb-backgroundcolor:rgba(255,255,255,0);border-color:rgba(255,255,255,0);\" class=\"fusion-column content-box-column content-box-column content-box-column-1 col-lg-6 col-md-6 col-sm-6 fusion-content-box-hover content-box-column-first-in-row\"><div class=\"col content-box-wrapper content-wrapper link-area-box link-type-text icon-hover-animation-fade\" data-link=\"#vvl-elcony\" data-link-target=\"_self\" data-animationOffset=\"top-into-view\"><div class=\"heading heading-with-icon icon-left\"><a class=\"heading-link\" href=\"#vvl-elcony\" target=\"_self\"><div aria-hidden=\"true\" class=\"image\"><img decoding=\"async\" src=\"https:\/\/www.elcony.com\/wp-content\/uploads\/2023\/09\/Logo-ELCONY-160x100-1.png\" width=\"160\" height=\"100\" alt=\"\" \/><\/div><h2 class=\"content-box-heading\" style=\"--h2_typography-font-size:26px;line-height:31px;\">Schimbarea \u00eenc\u0103rc\u0103turilor (VVL)<\/h2><\/a><\/div><div class=\"fusion-clearfix\"><\/div><a class=\" fusion-read-more\" href=\"#vvl-elcony\" target=\"_self\">Mai multe informa\u021bii<\/a><div class=\"fusion-clearfix\"><\/div><\/div><\/div><div style=\"--awb-backgroundcolor:rgba(255,255,255,0);border-color:rgba(255,255,255,0);\" class=\"fusion-column content-box-column content-box-column content-box-column-2 col-lg-6 col-md-6 col-sm-6 fusion-content-box-hover content-box-column-last content-box-column-last-in-row\"><div class=\"col content-box-wrapper content-wrapper link-area-box link-type-text icon-hover-animation-fade\" data-link=\"#hp-elcony\" data-link-target=\"_self\" data-animationOffset=\"top-into-view\"><div class=\"heading heading-with-icon icon-left\"><a class=\"heading-link\" href=\"#hp-elcony\" target=\"_self\"><div aria-hidden=\"true\" class=\"image\"><img decoding=\"async\" src=\"https:\/\/www.elcony.com\/wp-content\/uploads\/2023\/09\/Logo-ELCONY-160x100-1.png\" width=\"160\" height=\"100\" alt=\"\" \/><\/div><h2 class=\"content-box-heading\" style=\"--h2_typography-font-size:26px;line-height:31px;\">Lucrul cu hala \u0219i cu macaraua-portret<\/h2><\/a><\/div><div class=\"fusion-clearfix\"><\/div><a class=\" fusion-read-more\" href=\"#hp-elcony\" target=\"_self\">Mai multe informa\u021bii<\/a><div class=\"fusion-clearfix\"><\/div><\/div><\/div><div class=\"fusion-clearfix\"><\/div><\/div><div class=\"fusion-clearfix\"><\/div><\/div><\/div><div class=\"fusion-layout-column fusion_builder_column fusion-builder-column-2 fusion_builder_column_1_6 1_6 fusion-one-sixth fusion-column-last\" style=\"--awb-bg-size:cover;width:16.666666666667%;width:calc(16.666666666667% - ( ( 4% + 4% ) * 0.16666666666667 ) );\"><div class=\"fusion-column-wrapper fusion-flex-column-wrapper-legacy\"><div class=\"fusion-clearfix\"><\/div><\/div><\/div><\/div><\/div><div id=\"vvl-elcony\" class=\"fusion-container-anchor\"><div class=\"fusion-fullwidth fullwidth-box fusion-builder-row-2 has-pattern-background has-mask-background nonhundred-percent-fullwidth non-hundred-percent-height-scrolling\" style=\"--awb-border-radius-top-left:0px;--awb-border-radius-top-right:0px;--awb-border-radius-bottom-right:0px;--awb-border-radius-bottom-left:0px;--awb-background-color:#f7f7f7;--awb-flex-wrap:wrap;\" ><div class=\"fusion-builder-row fusion-row\"><div class=\"fusion-layout-column fusion_builder_column fusion-builder-column-3 fusion_builder_column_1_6 1_6 fusion-one-sixth fusion-column-first\" style=\"--awb-bg-size:cover;width:16.666666666667%;width:calc(16.666666666667% - ( ( 4% + 4% ) * 0.16666666666667 ) );margin-right: 4%;\"><div class=\"fusion-column-wrapper fusion-flex-column-wrapper-legacy\"><div class=\"fusion-image-element fusion-image-align-center in-legacy-container\" style=\"text-align:center;--awb-caption-title-font-family:var(--h2_typography-font-family);--awb-caption-title-font-weight:var(--h2_typography-font-weight);--awb-caption-title-font-style:var(--h2_typography-font-style);--awb-caption-title-size:var(--h2_typography-font-size);--awb-caption-title-transform:var(--h2_typography-text-transform);--awb-caption-title-line-height:var(--h2_typography-line-height);--awb-caption-title-letter-spacing:var(--h2_typography-letter-spacing);\"><div class=\"imageframe-align-center\"><span class=\" fusion-imageframe imageframe-none imageframe-1 hover-type-none\"><img decoding=\"async\" width=\"160\" height=\"100\" title=\"Logo ELCONY 160&#215;100\" src=\"https:\/\/www.elcony.com\/wp-content\/uploads\/2023\/09\/Logo-ELCONY-160x100-1.png\" alt class=\"img-responsive wp-image-185475\"\/><\/span><\/div><\/div><div class=\"fusion-sep-clear\"><\/div><div class=\"fusion-separator fusion-full-width-sep\" style=\"margin-left: auto;margin-right: auto;margin-top:20px;width:100%;\"><\/div><div class=\"fusion-sep-clear\"><\/div><div class=\"fusion-clearfix\"><\/div><\/div><\/div><div class=\"fusion-layout-column fusion_builder_column fusion-builder-column-4 fusion_builder_column_2_3 2_3 fusion-two-third\" style=\"--awb-padding-bottom:20px;--awb-bg-size:cover;width:66.666666666667%;width:calc(66.666666666667% - ( ( 4% + 4% ) * 0.66666666666667 ) );margin-right: 4%;\"><div class=\"fusion-column-wrapper fusion-flex-column-wrapper-legacy\"><div class=\"fusion-text fusion-text-1\"><h2>Schimbarea \u00eenc\u0103rc\u0103turilor (VVL)<\/h2>\n<\/div><div class=\"fusion-text fusion-text-2\"><h3>Grupa de scopuri<\/h3>\n<p>Angaja\u021bi care manipuleaz\u0103 \u0219i deplaseaz\u0103 \u00eenc\u0103rc\u0103turi pe un sit (petro)chimic \u00een instala\u021bii, ateliere.<\/p>\n<h3>Obiectiv de \u00eenv\u0103\u021bare<\/h3>\n<p>A fi capabil s\u0103 ridice \u0219i s\u0103 deplaseze \u00een siguran\u021b\u0103 \u00eenc\u0103rc\u0103turi cu ajutorul echipamentelor de ridicare \u0219i a instrumentelor de ridicare.<\/p>\n<h3>Teorie<\/h3>\n<p>Concepte, prevederi legale \u0219i reglement\u0103ri.<br \/>\nCenturi de ridicare.<br \/>\nCabluri de o\u021bel.<br \/>\nLan\u021buri \u0219i lan\u021buri.<br \/>\nEchipamente speciale de ridicare.<br \/>\nPalane, grinzi de ridicare \u0219i c\u0103rucioare.<br \/>\nInspec\u021bie \u0219i certificare.<br \/>\nRidicarea \u00een siguran\u021b\u0103 a \u00eenc\u0103rc\u0103turilor.<br \/>\nSemnale de bra\u021b.<\/p>\n<h3>Practic\u0103<\/h3>\n<p>Exerci\u021bii practice de ag\u0103\u021bare \u0219i deplasare \u00een siguran\u021b\u0103 a unei supape de poart\u0103, a unei supape de siguran\u021b\u0103, a unei \u021bevi curbe pe suport de simulare \u0219i a unui palet de obiecte, a unui motor electric, a unor sc\u00e2nduri de schel\u0103 \u0219i a unei grinzi de o\u021bel.<\/p>\n<h3>Exigen\u021be de \u00eenclinare<\/h3>\n<p>Candidatul trebuie s\u0103 aib\u0103 cel pu\u021bin 18 ani. Se face o excep\u021bie pentru studen\u021bii care urmeaz\u0103 cursurile de formare ca parte a ob\u021binerii unei calific\u0103ri de baz\u0103. Pentru ace\u0219tia, se aplic\u0103 o v\u00e2rst\u0103 minim\u0103 de 16 ani.<\/p>\n<h3>Durata cursului<\/h3>\n<p>1 zi (2 sesiuni de o jum\u0103tate de zi).<\/p>\n<h3>Diploma<\/h3>\n<p>Pentru cursul &#8220;Deplasarea \u00eenc\u0103rc\u0103turilor (VVL)&#8221;, ELCONY utilizeaz\u0103 matricile de testare ale SSVV. Singura diferen\u021b\u0103 \u00eentre un examen SOG \u0219i un examen ELCONY const\u0103 \u00een modul \u00een care este administrat examenul. Dup\u0103 un examen ELCONY, participan\u021bii nu primesc o diplom\u0103 SOG \u0219i nu sunt \u00eenregistra\u021bi \u00een Registrul central de diplome VCA. \u00cen schimb, ei primesc o diplom\u0103 ELCONY. Aceast\u0103 diplom\u0103 este conform\u0103 cu articolul 8 din Legea privind condi\u021biile de munc\u0103, care se refer\u0103 la informare \u0219i instruire. Companiile care nu consider\u0103 c\u0103 diploma SSVV este necesar\u0103 pot apela la Legea privind s\u0103n\u0103tatea \u0219i securitatea la locul de munc\u0103. Pentru aceste companii, ELCONY ofer\u0103 o alternativ\u0103.<br \/>\nDiploma este valabil\u0103 timp de cinci ani.<\/p>\n<\/div><div class=\"fusion-text fusion-text-3\"><h3>Pre\u021b<\/h3>\n<p>229,00 \u20ac de persoan\u0103. Pentru in-company, se aplic\u0103 un minim de 6 participan\u021bi.<\/p>\n<\/div><div class=\"fusion-text fusion-text-4\"><p>Nu ezita\u021bi s\u0103 ne suna\u021bi la <strong>+31(0)88-2200100<\/strong> sau s\u0103 ne trimite\u021bi un e-mail la <a href=\"&#109;&#x61;&#105;&#x6c;&#116;&#x6f;&#58;&#x69;n&#x66;o&#x40;e&#x6c;c&#111;&#x6e;&#121;&#x2e;&#99;&#x6f;&#109;\"><strong>&#x69;&#x6e;&#102;o&#x40;&#x65;&#x6c;&#99;o&#x6e;&#x79;&#x2e;&#99;o&#x6d;<\/strong><\/a>.<\/p>\n<\/div><div class=\"fusion-clearfix\"><\/div><\/div><\/div><div class=\"fusion-layout-column fusion_builder_column fusion-builder-column-5 fusion_builder_column_1_6 1_6 fusion-one-sixth fusion-column-last\" style=\"--awb-bg-size:cover;width:16.666666666667%;width:calc(16.666666666667% - ( ( 4% + 4% ) * 0.16666666666667 ) );\"><div class=\"fusion-column-wrapper fusion-flex-column-wrapper-legacy\"><div class=\"fusion-clearfix\"><\/div><\/div><\/div><\/div><\/div><\/div><div id=\"hp-elcony\" class=\"fusion-container-anchor\"><div class=\"fusion-fullwidth fullwidth-box fusion-builder-row-3 has-pattern-background has-mask-background nonhundred-percent-fullwidth non-hundred-percent-height-scrolling\" style=\"--awb-border-radius-top-left:0px;--awb-border-radius-top-right:0px;--awb-border-radius-bottom-right:0px;--awb-border-radius-bottom-left:0px;--awb-flex-wrap:wrap;\" ><div class=\"fusion-builder-row fusion-row\"><div class=\"fusion-layout-column fusion_builder_column fusion-builder-column-6 fusion_builder_column_1_6 1_6 fusion-one-sixth fusion-column-first\" style=\"--awb-bg-size:cover;width:16.666666666667%;width:calc(16.666666666667% - ( ( 4% + 4% ) * 0.16666666666667 ) );margin-right: 4%;\"><div class=\"fusion-column-wrapper fusion-flex-column-wrapper-legacy\"><div class=\"fusion-image-element fusion-image-align-center in-legacy-container\" style=\"text-align:center;--awb-caption-title-font-family:var(--h2_typography-font-family);--awb-caption-title-font-weight:var(--h2_typography-font-weight);--awb-caption-title-font-style:var(--h2_typography-font-style);--awb-caption-title-size:var(--h2_typography-font-size);--awb-caption-title-transform:var(--h2_typography-text-transform);--awb-caption-title-line-height:var(--h2_typography-line-height);--awb-caption-title-letter-spacing:var(--h2_typography-letter-spacing);\"><div class=\"imageframe-align-center\"><span class=\" fusion-imageframe imageframe-none imageframe-2 hover-type-none\"><img decoding=\"async\" width=\"160\" height=\"100\" title=\"Logo ELCONY 160&#215;100\" src=\"https:\/\/www.elcony.com\/wp-content\/uploads\/2023\/09\/Logo-ELCONY-160x100-1.png\" alt class=\"img-responsive wp-image-185475\"\/><\/span><\/div><\/div><div class=\"fusion-sep-clear\"><\/div><div class=\"fusion-separator fusion-full-width-sep\" style=\"margin-left: auto;margin-right: auto;margin-top:20px;width:100%;\"><\/div><div class=\"fusion-sep-clear\"><\/div><div class=\"fusion-clearfix\"><\/div><\/div><\/div><div class=\"fusion-layout-column fusion_builder_column fusion-builder-column-7 fusion_builder_column_2_3 2_3 fusion-two-third\" style=\"--awb-padding-bottom:20px;--awb-bg-size:cover;width:66.666666666667%;width:calc(66.666666666667% - ( ( 4% + 4% ) * 0.66666666666667 ) );margin-right: 4%;\"><div class=\"fusion-column-wrapper fusion-flex-column-wrapper-legacy\"><div class=\"fusion-text fusion-text-5\"><h1>Lucrul cu hala \u0219i cu macaraua-portret<\/h1>\n<\/div><div class=\"fusion-text fusion-text-6\"><h3>Grupul \u021bint\u0103<\/h3>\n<p>Angaja\u021bii care utilizeaz\u0103 o macara de hal\u0103 sau un portal.<\/p>\n<h3>Obiectiv de \u00eenv\u0103\u021bare<\/h3>\n<p>S\u0103 experimenteze \u0219i s\u0103 \u00eenve\u021be cum s\u0103 lucreze \u00een siguran\u021b\u0103 cu macaraua de hal\u0103 sau cu macaraua-portret \u0219i cum s\u0103 manipuleze sarcinile.<\/p>\n<h3>Teorie<\/h3>\n<p>Concepte, prevederi legale \u0219i reglement\u0103ri.<br \/>\nCenturi de ridicare.<br \/>\nCabluri de o\u021bel.<br \/>\nLan\u021buri \u0219i lan\u021buri.<br \/>\nEchipamente speciale de ridicare.<br \/>\nPalane, grinzi de ridicare \u0219i c\u0103rucioare.<br \/>\nInspec\u021bie \u0219i certificare.<br \/>\nRidicarea \u00een siguran\u021b\u0103 a \u00eenc\u0103rc\u0103turilor.<br \/>\nSemnale de bra\u021b.<\/p>\n<h3>Practic\u0103<\/h3>\n<p>Exerci\u021bii practice de ag\u0103\u021bare \u0219i deplasare \u00een siguran\u021b\u0103 a unei supape de poart\u0103, a unei supape de siguran\u021b\u0103, a unei \u021bevi curbe pe suport de simulare \u0219i a unui palet de obiecte, a unui motor electric, a unor sc\u00e2nduri de schel\u0103 \u0219i a unei grinzi de o\u021bel.<\/p>\n<h3>Exigen\u021be de \u00eenclinare<\/h3>\n<p>Candidatul trebuie s\u0103 aib\u0103 cel pu\u021bin 18 ani. Se face o excep\u021bie pentru studen\u021bii care urmeaz\u0103 cursurile de formare ca parte a ob\u021binerii unei calific\u0103ri de baz\u0103. Pentru ace\u0219tia, se aplic\u0103 o v\u00e2rst\u0103 minim\u0103 de 16 ani.<\/p>\n<h3>Durata cursului<\/h3>\n<p>1 zi (2 sesiuni de o jum\u0103tate de zi).<\/p>\n<h3>Diploma<\/h3>\n<p>\u00cen conformitate cu Legea privind condi\u021biile de munc\u0103, articolul 8 &#8211; Informare \u0219i instruire.<br \/>\nValabil\u0103 timp de 5 ani.<\/p>\n<\/div><div class=\"fusion-text fusion-text-7\"><h3>Pre\u021b<\/h3>\n<p>229,00 \u20ac de persoan\u0103. Pentru in-company, se aplic\u0103 un minim de 6 participan\u021bi.<\/p>\n<\/div><div class=\"fusion-text fusion-text-8\"><p>Nu ezita\u021bi s\u0103 ne suna\u021bi la <strong>+31(0)88-2200100<\/strong> sau s\u0103 ne trimite\u021bi un e-mail la <a href=\"&#x6d;&#x61;&#x69;&#x6c;&#x74;&#x6f;&#x3a;&#x69;&#x6e;&#x66;&#x6f;&#x40;&#x65;&#x6c;&#99;&#111;&#110;&#121;&#46;&#99;&#111;&#109;\"><strong>i&#110;&#102;&#x6f;&#x40;&#x65;l&#99;&#111;&#x6e;&#x79;&#x2e;co&#109;<\/strong><\/a>.<\/p>\n<\/div><div class=\"fusion-clearfix\"><\/div><\/div><\/div><div class=\"fusion-layout-column fusion_builder_column fusion-builder-column-8 fusion_builder_column_1_6 1_6 fusion-one-sixth fusion-column-last\" style=\"--awb-bg-size:cover;width:16.666666666667%;width:calc(16.666666666667% - ( ( 4% + 4% ) * 0.16666666666667 ) );\"><div class=\"fusion-column-wrapper fusion-flex-column-wrapper-legacy\"><div class=\"fusion-clearfix\"><\/div><\/div><\/div><\/div><\/div><\/div><\/p>\n","protected":false},"excerpt":{"rendered":"","protected":false},"author":1,"featured_media":0,"parent":0,"menu_order":7,"comment_status":"closed","ping_status":"closed","template":"","meta":{"footnotes":""},"class_list":["post-234437","page","type-page","status-publish","hentry"],"yoast_head":"<!-- This site is optimized with the Yoast SEO plugin v27.6 - https:\/\/yoast.com\/product\/yoast-seo-wordpress\/ -->\n<title>Curso Schimbarea \u00eenc\u0103rc\u0103turilor (VVL) | Pentru industria olandez\u0103<\/title>\n<meta name=\"description\" content=\"Curs Schimbarea \u00eenc\u0103rc\u0103turilor (VVL). Respectarea standardelor olandeze, care necesit\u0103 o diplom\u0103 ARBO valabil\u0103.\" \/>\n<meta name=\"robots\" content=\"index, follow, max-snippet:-1, max-image-preview:large, max-video-preview:-1\" \/>\n<link rel=\"canonical\" href=\"https:\/\/www.elcony.com\/ro\/schimbarea-incarcaturilor\/\" \/>\n<script type=\"application\/ld+json\" class=\"yoast-schema-graph\">{\"@context\":\"https:\\\/\\\/schema.org\",\"@graph\":[{\"@type\":\"WebPage\",\"@id\":\"https:\\\/\\\/www.elcony.com\\\/ro\\\/schimbarea-incarcaturilor\\\/\",\"url\":\"https:\\\/\\\/www.elcony.com\\\/ro\\\/schimbarea-incarcaturilor\\\/\",\"name\":\"Curso Schimbarea \u00eenc\u0103rc\u0103turilor (VVL) | Pentru industria olandez\u0103\",\"isPartOf\":{\"@id\":\"https:\\\/\\\/www.elcony.com\\\/it\\\/#website\"},\"datePublished\":\"2023-11-26T13:35:43+00:00\",\"dateModified\":\"2023-11-26T13:35:46+00:00\",\"description\":\"Curs Schimbarea \u00eenc\u0103rc\u0103turilor (VVL). Respectarea standardelor olandeze, care necesit\u0103 o diplom\u0103 ARBO valabil\u0103.\",\"breadcrumb\":{\"@id\":\"https:\\\/\\\/www.elcony.com\\\/ro\\\/schimbarea-incarcaturilor\\\/#breadcrumb\"},\"inLanguage\":\"ro-RO\",\"potentialAction\":[{\"@type\":\"ReadAction\",\"target\":[\"https:\\\/\\\/www.elcony.com\\\/ro\\\/schimbarea-incarcaturilor\\\/\"]}]},{\"@type\":\"BreadcrumbList\",\"@id\":\"https:\\\/\\\/www.elcony.com\\\/ro\\\/schimbarea-incarcaturilor\\\/#breadcrumb\",\"itemListElement\":[{\"@type\":\"ListItem\",\"position\":1,\"name\":\"Home\",\"item\":\"https:\\\/\\\/www.elcony.com\\\/ro\\\/\"},{\"@type\":\"ListItem\",\"position\":2,\"name\":\"Schimbarea \u00eenc\u0103rc\u0103turilor\"}]},{\"@type\":\"WebSite\",\"@id\":\"https:\\\/\\\/www.elcony.com\\\/it\\\/#website\",\"url\":\"https:\\\/\\\/www.elcony.com\\\/it\\\/\",\"name\":\"ELCONY\",\"description\":\"ARBO, VCA en SOG Opleidingen\",\"potentialAction\":[{\"@type\":\"SearchAction\",\"target\":{\"@type\":\"EntryPoint\",\"urlTemplate\":\"https:\\\/\\\/www.elcony.com\\\/it\\\/?s={search_term_string}\"},\"query-input\":{\"@type\":\"PropertyValueSpecification\",\"valueRequired\":true,\"valueName\":\"search_term_string\"}}],\"inLanguage\":\"ro-RO\"}]}<\/script>\n<!-- \/ Yoast SEO plugin. -->","yoast_head_json":{"title":"Curso Schimbarea \u00eenc\u0103rc\u0103turilor (VVL) | Pentru industria olandez\u0103","description":"Curs Schimbarea \u00eenc\u0103rc\u0103turilor (VVL). Respectarea standardelor olandeze, care necesit\u0103 o diplom\u0103 ARBO valabil\u0103.","robots":{"index":"index","follow":"follow","max-snippet":"max-snippet:-1","max-image-preview":"max-image-preview:large","max-video-preview":"max-video-preview:-1"},"canonical":"https:\/\/www.elcony.com\/ro\/schimbarea-incarcaturilor\/","schema":{"@context":"https:\/\/schema.org","@graph":[{"@type":"WebPage","@id":"https:\/\/www.elcony.com\/ro\/schimbarea-incarcaturilor\/","url":"https:\/\/www.elcony.com\/ro\/schimbarea-incarcaturilor\/","name":"Curso Schimbarea \u00eenc\u0103rc\u0103turilor (VVL) | Pentru industria olandez\u0103","isPartOf":{"@id":"https:\/\/www.elcony.com\/it\/#website"},"datePublished":"2023-11-26T13:35:43+00:00","dateModified":"2023-11-26T13:35:46+00:00","description":"Curs Schimbarea \u00eenc\u0103rc\u0103turilor (VVL). Respectarea standardelor olandeze, care necesit\u0103 o diplom\u0103 ARBO valabil\u0103.","breadcrumb":{"@id":"https:\/\/www.elcony.com\/ro\/schimbarea-incarcaturilor\/#breadcrumb"},"inLanguage":"ro-RO","potentialAction":[{"@type":"ReadAction","target":["https:\/\/www.elcony.com\/ro\/schimbarea-incarcaturilor\/"]}]},{"@type":"BreadcrumbList","@id":"https:\/\/www.elcony.com\/ro\/schimbarea-incarcaturilor\/#breadcrumb","itemListElement":[{"@type":"ListItem","position":1,"name":"Home","item":"https:\/\/www.elcony.com\/ro\/"},{"@type":"ListItem","position":2,"name":"Schimbarea \u00eenc\u0103rc\u0103turilor"}]},{"@type":"WebSite","@id":"https:\/\/www.elcony.com\/it\/#website","url":"https:\/\/www.elcony.com\/it\/","name":"ELCONY","description":"ARBO, VCA en SOG Opleidingen","potentialAction":[{"@type":"SearchAction","target":{"@type":"EntryPoint","urlTemplate":"https:\/\/www.elcony.com\/it\/?s={search_term_string}"},"query-input":{"@type":"PropertyValueSpecification","valueRequired":true,"valueName":"search_term_string"}}],"inLanguage":"ro-RO"}]}},"_links":{"self":[{"href":"https:\/\/www.elcony.com\/ro\/wp-json\/wp\/v2\/pages\/234437","targetHints":{"allow":["GET"]}}],"collection":[{"href":"https:\/\/www.elcony.com\/ro\/wp-json\/wp\/v2\/pages"}],"about":[{"href":"https:\/\/www.elcony.com\/ro\/wp-json\/wp\/v2\/types\/page"}],"author":[{"embeddable":true,"href":"https:\/\/www.elcony.com\/ro\/wp-json\/wp\/v2\/users\/1"}],"replies":[{"embeddable":true,"href":"https:\/\/www.elcony.com\/ro\/wp-json\/wp\/v2\/comments?post=234437"}],"version-history":[{"count":0,"href":"https:\/\/www.elcony.com\/ro\/wp-json\/wp\/v2\/pages\/234437\/revisions"}],"wp:attachment":[{"href":"https:\/\/www.elcony.com\/ro\/wp-json\/wp\/v2\/media?parent=234437"}],"curies":[{"name":"wp","href":"https:\/\/api.w.org\/{rel}","templated":true}]}}