{"id":299787,"date":"2024-06-22T15:57:42","date_gmt":"2024-06-22T13:57:42","guid":{"rendered":"https:\/\/www.elcony.com\/mea-elcony\/notificare-certificat\/"},"modified":"2026-02-08T14:50:19","modified_gmt":"2026-02-08T13:50:19","slug":"notificare-certificat","status":"publish","type":"page","link":"https:\/\/www.elcony.com\/ro\/mea-elcony\/notificare-certificat\/","title":{"rendered":"Notificare certificat"},"content":{"rendered":"<div class=\"fusion-fullwidth fullwidth-box fusion-builder-row-1 fusion-flex-container has-pattern-background has-mask-background nonhundred-percent-fullwidth non-hundred-percent-height-scrolling\" style=\"--awb-border-radius-top-left:0px;--awb-border-radius-top-right:0px;--awb-border-radius-bottom-right:0px;--awb-border-radius-bottom-left:0px;--awb-flex-wrap:wrap;\" ><div class=\"fusion-builder-row fusion-row fusion-flex-align-items-flex-start fusion-flex-content-wrap\" style=\"max-width:104%;margin-left: calc(-4% \/ 2 );margin-right: calc(-4% \/ 2 );\"><div class=\"fusion-layout-column fusion_builder_column fusion-builder-column-0 fusion_builder_column_1_6 1_6 fusion-flex-column\" style=\"--awb-bg-size:cover;--awb-width-large:16.666666666667%;--awb-margin-top-large:0px;--awb-spacing-right-large:11.52%;--awb-margin-bottom-large:0px;--awb-spacing-left-large:11.52%;--awb-width-medium:100%;--awb-order-medium:0;--awb-spacing-right-medium:1.92%;--awb-spacing-left-medium:1.92%;--awb-width-small:100%;--awb-order-small:0;--awb-spacing-right-small:1.92%;--awb-spacing-left-small:1.92%;\"><div class=\"fusion-column-wrapper fusion-column-has-shadow fusion-flex-justify-content-flex-start fusion-content-layout-column\"><\/div><\/div><div class=\"fusion-layout-column fusion_builder_column fusion-builder-column-1 fusion_builder_column_2_3 2_3 fusion-flex-column\" style=\"--awb-bg-size:cover;--awb-width-large:66.666666666667%;--awb-margin-top-large:0px;--awb-spacing-right-large:2.88%;--awb-margin-bottom-large:0px;--awb-spacing-left-large:2.88%;--awb-width-medium:100%;--awb-order-medium:0;--awb-spacing-right-medium:1.92%;--awb-spacing-left-medium:1.92%;--awb-width-small:100%;--awb-order-small:0;--awb-spacing-right-small:1.92%;--awb-spacing-left-small:1.92%;\"><div class=\"fusion-column-wrapper fusion-column-has-shadow fusion-flex-justify-content-flex-start fusion-content-layout-column\"><div class=\"fusion-text fusion-text-1\"><h2>Notificare certificat<\/h2>\n<\/div><div class=\"fusion-text fusion-text-2\"><p>Felicit\u0103ri pentru finalizarea cu succes a cursului! Suntem \u00eenc\u00e2nta\u021bi s\u0103 v\u0103 inform\u0103m c\u0103 certificatul dumneavoastr\u0103 este \u00een prezent \u00een curs de creare. Certificatul dumneavoastr\u0103 va fi trimis prin e-mail cel t\u00e2rziu \u00een urm\u0103toarea zi lucr\u0103toare.<\/p>\n<p>Dac\u0103 acest curs a fost solicitat de angajatorul dumneavoastr\u0103, vom trimite certificatul angajatorului dumneavoastr\u0103.<\/p>\n<\/div><div ><a class=\"fusion-button button-3d fusion-button-default-size button-default fusion-button-default button-1 fusion-button-default-span fusion-button-default-type\" target=\"_self\" href=\"https:\/\/www.elcony.com\/ro\/mea-elcony\/\"><span class=\"fusion-button-text awb-button__text awb-button__text--default\">\u00cenapoi la ELCONY-ul meu<\/span><\/a><\/div><div class=\"fusion-separator fusion-full-width-sep\" style=\"align-self: center;margin-left: auto;margin-right: auto;margin-bottom:40px;width:100%;\"><\/div><\/div><\/div><div class=\"fusion-layout-column fusion_builder_column fusion-builder-column-2 fusion_builder_column_1_6 1_6 fusion-flex-column\" style=\"--awb-bg-size:cover;--awb-width-large:16.666666666667%;--awb-margin-top-large:0px;--awb-spacing-right-large:11.52%;--awb-margin-bottom-large:0px;--awb-spacing-left-large:11.52%;--awb-width-medium:100%;--awb-order-medium:0;--awb-spacing-right-medium:1.92%;--awb-spacing-left-medium:1.92%;--awb-width-small:100%;--awb-order-small:0;--awb-spacing-right-small:1.92%;--awb-spacing-left-small:1.92%;\"><div class=\"fusion-column-wrapper fusion-column-has-shadow fusion-flex-justify-content-flex-start fusion-content-layout-column\"><\/div><\/div><\/div><\/div>\n","protected":false},"excerpt":{"rendered":"","protected":false},"author":1,"featured_media":0,"parent":26138,"menu_order":0,"comment_status":"closed","ping_status":"closed","template":"","meta":{"footnotes":""},"class_list":["post-299787","page","type-page","status-publish","hentry"],"yoast_head":"<!-- This site is optimized with the Yoast SEO plugin v27.5 - https:\/\/yoast.com\/product\/yoast-seo-wordpress\/ -->\n<title>Notificare certificat &#8226; ELCONY<\/title>\n<meta name=\"description\" content=\"A trecut! Felicit\u0103ri pentru ob\u021binerea certificatului. Acesta va fi trimis prin e-mail \u00een scurt timp.\" \/>\n<meta name=\"robots\" content=\"index, follow, max-snippet:-1, max-image-preview:large, max-video-preview:-1\" \/>\n<link rel=\"canonical\" href=\"https:\/\/www.elcony.com\/mijn-elcony\/certificaat-mededeling\/\" \/>\n<script type=\"application\/ld+json\" class=\"yoast-schema-graph\">{\"@context\":\"https:\\\/\\\/schema.org\",\"@graph\":[{\"@type\":\"WebPage\",\"@id\":\"https:\\\/\\\/www.elcony.com\\\/mijn-elcony\\\/certificaat-mededeling\\\/\",\"url\":\"https:\\\/\\\/www.elcony.com\\\/mijn-elcony\\\/certificaat-mededeling\\\/\",\"name\":\"Notificare certificat &#8226; ELCONY\",\"isPartOf\":{\"@id\":\"https:\\\/\\\/www.elcony.com\\\/it\\\/#website\"},\"datePublished\":\"2024-06-22T13:57:42+00:00\",\"dateModified\":\"2026-02-08T13:50:19+00:00\",\"description\":\"A trecut! Felicit\u0103ri pentru ob\u021binerea certificatului. Acesta va fi trimis prin e-mail \u00een scurt timp.\",\"breadcrumb\":{\"@id\":\"https:\\\/\\\/www.elcony.com\\\/mijn-elcony\\\/certificaat-mededeling\\\/#breadcrumb\"},\"inLanguage\":\"ro-RO\",\"potentialAction\":[{\"@type\":\"ReadAction\",\"target\":[\"https:\\\/\\\/www.elcony.com\\\/mijn-elcony\\\/certificaat-mededeling\\\/\"]}]},{\"@type\":\"BreadcrumbList\",\"@id\":\"https:\\\/\\\/www.elcony.com\\\/mijn-elcony\\\/certificaat-mededeling\\\/#breadcrumb\",\"itemListElement\":[{\"@type\":\"ListItem\",\"position\":1,\"name\":\"Home\",\"item\":\"https:\\\/\\\/www.elcony.com\\\/ro\\\/\"},{\"@type\":\"ListItem\",\"position\":2,\"name\":\"Mea ELCONY\",\"item\":\"https:\\\/\\\/www.elcony.com\\\/ro\\\/mea-elcony\\\/\"},{\"@type\":\"ListItem\",\"position\":3,\"name\":\"Notificare certificat\"}]},{\"@type\":\"WebSite\",\"@id\":\"https:\\\/\\\/www.elcony.com\\\/it\\\/#website\",\"url\":\"https:\\\/\\\/www.elcony.com\\\/it\\\/\",\"name\":\"ELCONY\",\"description\":\"ARBO, VCA en SOG Opleidingen\",\"potentialAction\":[{\"@type\":\"SearchAction\",\"target\":{\"@type\":\"EntryPoint\",\"urlTemplate\":\"https:\\\/\\\/www.elcony.com\\\/it\\\/?s={search_term_string}\"},\"query-input\":{\"@type\":\"PropertyValueSpecification\",\"valueRequired\":true,\"valueName\":\"search_term_string\"}}],\"inLanguage\":\"ro-RO\"}]}<\/script>\n<!-- \/ Yoast SEO plugin. -->","yoast_head_json":{"title":"Notificare certificat &#8226; ELCONY","description":"A trecut! Felicit\u0103ri pentru ob\u021binerea certificatului. Acesta va fi trimis prin e-mail \u00een scurt timp.","robots":{"index":"index","follow":"follow","max-snippet":"max-snippet:-1","max-image-preview":"max-image-preview:large","max-video-preview":"max-video-preview:-1"},"canonical":"https:\/\/www.elcony.com\/mijn-elcony\/certificaat-mededeling\/","schema":{"@context":"https:\/\/schema.org","@graph":[{"@type":"WebPage","@id":"https:\/\/www.elcony.com\/mijn-elcony\/certificaat-mededeling\/","url":"https:\/\/www.elcony.com\/mijn-elcony\/certificaat-mededeling\/","name":"Notificare certificat &#8226; ELCONY","isPartOf":{"@id":"https:\/\/www.elcony.com\/it\/#website"},"datePublished":"2024-06-22T13:57:42+00:00","dateModified":"2026-02-08T13:50:19+00:00","description":"A trecut! Felicit\u0103ri pentru ob\u021binerea certificatului. Acesta va fi trimis prin e-mail \u00een scurt timp.","breadcrumb":{"@id":"https:\/\/www.elcony.com\/mijn-elcony\/certificaat-mededeling\/#breadcrumb"},"inLanguage":"ro-RO","potentialAction":[{"@type":"ReadAction","target":["https:\/\/www.elcony.com\/mijn-elcony\/certificaat-mededeling\/"]}]},{"@type":"BreadcrumbList","@id":"https:\/\/www.elcony.com\/mijn-elcony\/certificaat-mededeling\/#breadcrumb","itemListElement":[{"@type":"ListItem","position":1,"name":"Home","item":"https:\/\/www.elcony.com\/ro\/"},{"@type":"ListItem","position":2,"name":"Mea ELCONY","item":"https:\/\/www.elcony.com\/ro\/mea-elcony\/"},{"@type":"ListItem","position":3,"name":"Notificare certificat"}]},{"@type":"WebSite","@id":"https:\/\/www.elcony.com\/it\/#website","url":"https:\/\/www.elcony.com\/it\/","name":"ELCONY","description":"ARBO, VCA en SOG Opleidingen","potentialAction":[{"@type":"SearchAction","target":{"@type":"EntryPoint","urlTemplate":"https:\/\/www.elcony.com\/it\/?s={search_term_string}"},"query-input":{"@type":"PropertyValueSpecification","valueRequired":true,"valueName":"search_term_string"}}],"inLanguage":"ro-RO"}]}},"_links":{"self":[{"href":"https:\/\/www.elcony.com\/ro\/wp-json\/wp\/v2\/pages\/299787","targetHints":{"allow":["GET"]}}],"collection":[{"href":"https:\/\/www.elcony.com\/ro\/wp-json\/wp\/v2\/pages"}],"about":[{"href":"https:\/\/www.elcony.com\/ro\/wp-json\/wp\/v2\/types\/page"}],"author":[{"embeddable":true,"href":"https:\/\/www.elcony.com\/ro\/wp-json\/wp\/v2\/users\/1"}],"replies":[{"embeddable":true,"href":"https:\/\/www.elcony.com\/ro\/wp-json\/wp\/v2\/comments?post=299787"}],"version-history":[{"count":3,"href":"https:\/\/www.elcony.com\/ro\/wp-json\/wp\/v2\/pages\/299787\/revisions"}],"predecessor-version":[{"id":391548,"href":"https:\/\/www.elcony.com\/ro\/wp-json\/wp\/v2\/pages\/299787\/revisions\/391548"}],"up":[{"embeddable":true,"href":"https:\/\/www.elcony.com\/ro\/wp-json\/wp\/v2\/pages\/26138"}],"wp:attachment":[{"href":"https:\/\/www.elcony.com\/ro\/wp-json\/wp\/v2\/media?parent=299787"}],"curies":[{"name":"wp","href":"https:\/\/api.w.org\/{rel}","templated":true}]}}