{"id":307362,"date":"2024-07-04T10:07:29","date_gmt":"2024-07-04T08:07:29","guid":{"rendered":"https:\/\/www.elcony.com\/atex\/"},"modified":"2025-03-20T23:52:50","modified_gmt":"2025-03-20T22:52:50","slug":"atex","status":"publish","type":"page","link":"https:\/\/www.elcony.com\/ro\/atex\/","title":{"rendered":"ATEX"},"content":{"rendered":"<div class=\"fusion-fullwidth fullwidth-box fusion-builder-row-1 nonhundred-percent-fullwidth non-hundred-percent-height-scrolling\" style=\"--awb-border-radius-top-left:0px;--awb-border-radius-top-right:0px;--awb-border-radius-bottom-right:0px;--awb-border-radius-bottom-left:0px;--awb-flex-wrap:wrap;\" ><div class=\"fusion-builder-row fusion-row\"><div class=\"fusion-layout-column fusion_builder_column fusion-builder-column-0 fusion_builder_column_1_5 1_5 fusion-one-fifth fusion-column-first\" style=\"--awb-bg-size:cover;width:20%;width:calc(20% - ( ( 4% + 4% ) * 0.2 ) );margin-right: 4%;\"><div class=\"fusion-column-wrapper fusion-flex-column-wrapper-legacy\"><div class=\"fusion-clearfix\"><\/div><\/div><\/div><div class=\"fusion-layout-column fusion_builder_column fusion-builder-column-1 fusion_builder_column_3_5 3_5 fusion-three-fifth\" style=\"--awb-padding-bottom:20x;--awb-bg-size:cover;width:60%;width:calc(60% - ( ( 4% + 4% ) * 0.6 ) );margin-right: 4%;\"><div class=\"fusion-column-wrapper fusion-flex-column-wrapper-legacy\"><div class=\"fusion-text fusion-text-1\"><h1>Con\u0219tientizare ATEX (ATEX Awareness)<\/h1>\n<\/div><div class=\"fusion-text fusion-text-2\"><h3>Curs online cu examen<\/h3>\n<\/div><div class=\"fusion-sep-clear\"><\/div><div class=\"fusion-separator fusion-full-width-sep\" style=\"margin-left: auto;margin-right: auto;margin-top:10px;width:100%;\"><\/div><div class=\"fusion-sep-clear\"><\/div><ul style=\"--awb-line-height:30.6px;--awb-icon-width:30.6px;--awb-icon-height:30.6px;--awb-icon-margin:12.6px;--awb-content-margin:43.2px;--awb-circlecolor:#5894e8;--awb-circle-yes-font-size:15.84px;\" class=\"fusion-checklist fusion-checklist-1 fusion-checklist-default type-icons\"><li class=\"fusion-li-item\" style=\"\"><span class=\"icon-wrapper circle-yes\"><i class=\"fusion-li-icon awb-icon-check\" aria-hidden=\"true\"><\/i><\/span><div class=\"fusion-li-item-content\">\n<p>Curs online cu examen.<\/p>\n<\/div><\/li><li class=\"fusion-li-item\" style=\"\"><span class=\"icon-wrapper circle-yes\"><i class=\"fusion-li-icon awb-icon-check\" aria-hidden=\"true\"><\/i><\/span><div class=\"fusion-li-item-content\">\n<p>Suscit\u0103 examenul c\u00e2nd \u00ee\u021bi convine.<\/p>\n<\/div><\/li><\/ul><div class=\"fusion-sep-clear\"><\/div><div class=\"fusion-separator fusion-full-width-sep\" style=\"margin-left: auto;margin-right: auto;margin-top:20px;width:100%;\"><\/div><div class=\"fusion-sep-clear\"><\/div><div class=\"fusion-button-wrapper\"><a class=\"fusion-button button-3d fusion-button-default-size button-default fusion-button-default button-1 fusion-button-default-span fusion-button-default-type fusion-animated\" data-animationType=\"fadeInUp\" data-animationDuration=\"1.0\" data-animationOffset=\"top-into-view\" target=\"_self\" href=\"https:\/\/www.elcony.com\/ro\/produs\/307726\/\"><span class=\"fusion-button-text awb-button__text awb-button__text--default\">Comand\u0103 99,00 EUR f\u0103r\u0103 TVA<\/span><\/a><\/div><div class=\"fusion-sep-clear\"><\/div><div class=\"fusion-separator fusion-full-width-sep\" style=\"margin-left: auto;margin-right: auto;margin-top:20px;width:100%;\"><\/div><div class=\"fusion-sep-clear\"><\/div><div class=\"fusion-text fusion-text-3\"><h3>Grup \u021bint\u0103<\/h3>\n<p>Pentru lucrul \u00een siguran\u021b\u0103 \u00een medii cu pericol de explozie se aplic\u0103 normele stabilite \u00een directivele ATEX. Persoanele competente \u00een con\u0219tientizarea ATEX de\u021bin expertiz\u0103 \u00een acest domeniu \u0219i sunt responsabile de respectarea ghidurilor de siguran\u021b\u0103 \u00een cadrul responsabilit\u0103\u021bilor lor. De asemenea, acestea au cuno\u0219tin\u021be suficiente despre reglement\u0103rile \u0219i normele referitoare la medii cu pericol de explozie.<\/p>\n<h3>Obiectivul cursului<\/h3>\n<p>Cursul de con\u0219tientizare ATEX este esen\u021bial pentru to\u021bi angaja\u021bii care, \u00een func\u021bia lor, trebuie s\u0103 \u00een\u021beleag\u0103 \u0219i s\u0103 ac\u021bioneze conform reglement\u0103rilor referitoare la medii cu pericol de explozie. Cursul acoper\u0103 aspecte generale cruciale pentru gestionarea \u00een siguran\u021b\u0103 a activit\u0103\u021bilor \u00een astfel de medii.<\/p>\n<h3>Teorie<\/h3>\n<p>Legisla\u021bia \u0219i reglement\u0103rile privind s\u0103n\u0103tatea \u0219i securitatea \u00een munc\u0103.<br \/>\nDefini\u021bii \u0219i concepte.<br \/>\nPericole de incendiu \u0219i explozie.<br \/>\nDirectivele ATEX.<br \/>\nLucrul cu substan\u021be inflamabile.<\/p>\n<h3>Curs online<\/h3>\n<p>Cursul const\u0103 \u00een lec\u021bii pe care le pute\u021bi studia pe telefonul, tableta sau computerul dumneavoastr\u0103. Pute\u021bi consulta materialele de \u00eenv\u0103\u021bare de c\u00e2te ori dori\u021bi. Astfel, ve\u021bi fi preg\u0103tit la maxim pentru examenul care \u00eencheie modulul de \u00eenv\u0103\u021bare electronic\u0103. \u00cen cazul unui rezultat suficient, v\u0103 vom trimite un certificat.<\/p>\n<h3>Certificat<\/h3>\n<p>Certificatul este valabil timp de trei ani. Acest lucru \u00eenseamn\u0103 c\u0103, dup\u0103 aceast\u0103 perioad\u0103, trebuie re\u00eennoit pentru a demonstra cuno\u0219tin\u021bele \u0219i abilit\u0103\u021bile legate de mediile cu poten\u021bial exploziv. Urm\u00e2nd acest curs, at\u00e2t angajatorul, c\u00e2t \u0219i angajatul \u00eendeplinesc cerin\u021bele prev\u0103zute de legisla\u021bia privind condi\u021biile de munc\u0103 (Arbowet), referitoare la instruirea adecvat\u0103 \u0219i competen\u021ba demonstrabil\u0103.<\/p>\n<\/div><div class=\"fusion-clearfix\"><\/div><\/div><\/div><div class=\"fusion-layout-column fusion_builder_column fusion-builder-column-2 fusion_builder_column_1_5 1_5 fusion-one-fifth fusion-column-last\" style=\"--awb-bg-size:cover;width:20%;width:calc(20% - ( ( 4% + 4% ) * 0.2 ) );\"><div class=\"fusion-column-wrapper fusion-flex-column-wrapper-legacy\"><div class=\"fusion-clearfix\"><\/div><\/div><\/div><\/div><\/div>\n","protected":false},"excerpt":{"rendered":"","protected":false},"author":1,"featured_media":0,"parent":0,"menu_order":3,"comment_status":"closed","ping_status":"closed","template":"","meta":{"footnotes":""},"class_list":["post-307362","page","type-page","status-publish","hentry"],"yoast_head":"<!-- This site is optimized with the Yoast SEO plugin v27.4 - https:\/\/yoast.com\/product\/yoast-seo-wordpress\/ -->\n<title>Curs online de con\u0219tientizare ATEX (ATEX Awareness) | ELCONY<\/title>\n<meta name=\"description\" content=\"\u00cendeplini\u021bi normele olandeze, care impun necesitatea unui certificat valabil.\" \/>\n<meta name=\"robots\" content=\"index, follow, max-snippet:-1, max-image-preview:large, max-video-preview:-1\" \/>\n<link rel=\"canonical\" href=\"https:\/\/www.elcony.com\/ro\/atex\/\" \/>\n<script type=\"application\/ld+json\" class=\"yoast-schema-graph\">{\"@context\":\"https:\\\/\\\/schema.org\",\"@graph\":[{\"@type\":\"WebPage\",\"@id\":\"https:\\\/\\\/www.elcony.com\\\/ro\\\/atex\\\/\",\"url\":\"https:\\\/\\\/www.elcony.com\\\/ro\\\/atex\\\/\",\"name\":\"Curs online de con\u0219tientizare ATEX (ATEX Awareness) | ELCONY\",\"isPartOf\":{\"@id\":\"https:\\\/\\\/www.elcony.com\\\/it\\\/#website\"},\"datePublished\":\"2024-07-04T08:07:29+00:00\",\"dateModified\":\"2025-03-20T22:52:50+00:00\",\"description\":\"\u00cendeplini\u021bi normele olandeze, care impun necesitatea unui certificat valabil.\",\"breadcrumb\":{\"@id\":\"https:\\\/\\\/www.elcony.com\\\/ro\\\/atex\\\/#breadcrumb\"},\"inLanguage\":\"ro-RO\",\"potentialAction\":[{\"@type\":\"ReadAction\",\"target\":[\"https:\\\/\\\/www.elcony.com\\\/ro\\\/atex\\\/\"]}]},{\"@type\":\"BreadcrumbList\",\"@id\":\"https:\\\/\\\/www.elcony.com\\\/ro\\\/atex\\\/#breadcrumb\",\"itemListElement\":[{\"@type\":\"ListItem\",\"position\":1,\"name\":\"Home\",\"item\":\"https:\\\/\\\/www.elcony.com\\\/ro\\\/\"},{\"@type\":\"ListItem\",\"position\":2,\"name\":\"ATEX\"}]},{\"@type\":\"WebSite\",\"@id\":\"https:\\\/\\\/www.elcony.com\\\/it\\\/#website\",\"url\":\"https:\\\/\\\/www.elcony.com\\\/it\\\/\",\"name\":\"ELCONY\",\"description\":\"ARBO, VCA en SOG Opleidingen\",\"potentialAction\":[{\"@type\":\"SearchAction\",\"target\":{\"@type\":\"EntryPoint\",\"urlTemplate\":\"https:\\\/\\\/www.elcony.com\\\/it\\\/?s={search_term_string}\"},\"query-input\":{\"@type\":\"PropertyValueSpecification\",\"valueRequired\":true,\"valueName\":\"search_term_string\"}}],\"inLanguage\":\"ro-RO\"}]}<\/script>\n<!-- \/ Yoast SEO plugin. -->","yoast_head_json":{"title":"Curs online de con\u0219tientizare ATEX (ATEX Awareness) | ELCONY","description":"\u00cendeplini\u021bi normele olandeze, care impun necesitatea unui certificat valabil.","robots":{"index":"index","follow":"follow","max-snippet":"max-snippet:-1","max-image-preview":"max-image-preview:large","max-video-preview":"max-video-preview:-1"},"canonical":"https:\/\/www.elcony.com\/ro\/atex\/","schema":{"@context":"https:\/\/schema.org","@graph":[{"@type":"WebPage","@id":"https:\/\/www.elcony.com\/ro\/atex\/","url":"https:\/\/www.elcony.com\/ro\/atex\/","name":"Curs online de con\u0219tientizare ATEX (ATEX Awareness) | ELCONY","isPartOf":{"@id":"https:\/\/www.elcony.com\/it\/#website"},"datePublished":"2024-07-04T08:07:29+00:00","dateModified":"2025-03-20T22:52:50+00:00","description":"\u00cendeplini\u021bi normele olandeze, care impun necesitatea unui certificat valabil.","breadcrumb":{"@id":"https:\/\/www.elcony.com\/ro\/atex\/#breadcrumb"},"inLanguage":"ro-RO","potentialAction":[{"@type":"ReadAction","target":["https:\/\/www.elcony.com\/ro\/atex\/"]}]},{"@type":"BreadcrumbList","@id":"https:\/\/www.elcony.com\/ro\/atex\/#breadcrumb","itemListElement":[{"@type":"ListItem","position":1,"name":"Home","item":"https:\/\/www.elcony.com\/ro\/"},{"@type":"ListItem","position":2,"name":"ATEX"}]},{"@type":"WebSite","@id":"https:\/\/www.elcony.com\/it\/#website","url":"https:\/\/www.elcony.com\/it\/","name":"ELCONY","description":"ARBO, VCA en SOG Opleidingen","potentialAction":[{"@type":"SearchAction","target":{"@type":"EntryPoint","urlTemplate":"https:\/\/www.elcony.com\/it\/?s={search_term_string}"},"query-input":{"@type":"PropertyValueSpecification","valueRequired":true,"valueName":"search_term_string"}}],"inLanguage":"ro-RO"}]}},"_links":{"self":[{"href":"https:\/\/www.elcony.com\/ro\/wp-json\/wp\/v2\/pages\/307362","targetHints":{"allow":["GET"]}}],"collection":[{"href":"https:\/\/www.elcony.com\/ro\/wp-json\/wp\/v2\/pages"}],"about":[{"href":"https:\/\/www.elcony.com\/ro\/wp-json\/wp\/v2\/types\/page"}],"author":[{"embeddable":true,"href":"https:\/\/www.elcony.com\/ro\/wp-json\/wp\/v2\/users\/1"}],"replies":[{"embeddable":true,"href":"https:\/\/www.elcony.com\/ro\/wp-json\/wp\/v2\/comments?post=307362"}],"version-history":[{"count":0,"href":"https:\/\/www.elcony.com\/ro\/wp-json\/wp\/v2\/pages\/307362\/revisions"}],"wp:attachment":[{"href":"https:\/\/www.elcony.com\/ro\/wp-json\/wp\/v2\/media?parent=307362"}],"curies":[{"name":"wp","href":"https:\/\/api.w.org\/{rel}","templated":true}]}}