{"id":337786,"date":"2025-01-14T22:52:50","date_gmt":"2025-01-14T21:52:50","guid":{"rendered":"https:\/\/www.elcony.com\/introducere\/"},"modified":"2025-12-11T19:55:02","modified_gmt":"2025-12-11T18:55:02","slug":"onboarding","status":"publish","type":"page","link":"https:\/\/www.elcony.com\/ro\/onboarding\/","title":{"rendered":"Onboarding"},"content":{"rendered":"<div class=\"fusion-fullwidth fullwidth-box fusion-builder-row-1 fusion-flex-container has-pattern-background has-mask-background nonhundred-percent-fullwidth non-hundred-percent-height-scrolling\" style=\"--awb-border-radius-top-left:0px;--awb-border-radius-top-right:0px;--awb-border-radius-bottom-right:0px;--awb-border-radius-bottom-left:0px;--awb-flex-wrap:wrap;\" ><div class=\"fusion-builder-row fusion-row fusion-flex-align-items-flex-start fusion-flex-content-wrap\" style=\"max-width:104%;margin-left: calc(-4% \/ 2 );margin-right: calc(-4% \/ 2 );\"><div class=\"fusion-layout-column fusion_builder_column fusion-builder-column-0 fusion_builder_column_1_5 1_5 fusion-flex-column\" style=\"--awb-bg-size:cover;--awb-width-large:20%;--awb-margin-top-large:0px;--awb-spacing-right-large:9.6%;--awb-margin-bottom-large:0px;--awb-spacing-left-large:9.6%;--awb-width-medium:100%;--awb-order-medium:0;--awb-spacing-right-medium:1.92%;--awb-spacing-left-medium:1.92%;--awb-width-small:100%;--awb-order-small:0;--awb-spacing-right-small:1.92%;--awb-spacing-left-small:1.92%;\"><div class=\"fusion-column-wrapper fusion-column-has-shadow fusion-flex-justify-content-flex-start fusion-content-layout-column\"><\/div><\/div><div class=\"fusion-layout-column fusion_builder_column fusion-builder-column-1 fusion_builder_column_3_5 3_5 fusion-flex-column\" style=\"--awb-bg-size:cover;--awb-width-large:60%;--awb-margin-top-large:0px;--awb-spacing-right-large:3.2%;--awb-margin-bottom-large:0px;--awb-spacing-left-large:3.2%;--awb-width-medium:100%;--awb-order-medium:0;--awb-spacing-right-medium:1.92%;--awb-spacing-left-medium:1.92%;--awb-width-small:100%;--awb-order-small:0;--awb-spacing-right-small:1.92%;--awb-spacing-left-small:1.92%;\"><div class=\"fusion-column-wrapper fusion-column-has-shadow fusion-flex-justify-content-flex-start fusion-content-layout-column\"><div class=\"fusion-text fusion-text-1\"><h3>Introducere online<\/h3>\n<p>Lumea muncii bazate pe proiecte, cum ar fi perioadele de oprire (turnarounds) \u0219i proiectele de mentenan\u021b\u0103, se schimb\u0103 rapid. G\u0103sirea personalului potrivit, care s\u0103 de\u021bin\u0103 cuno\u0219tin\u021bele \u0219i experien\u021ba necesare, reprezint\u0103 ast\u0103zi o provocare. ELCONY \u00een\u021belege acest lucru \u0219i ofer\u0103 companiilor o solu\u021bie eficient\u0103 \u0219i de \u00eencredere: un proces de Introducere online personalizat. \u00cen acest fel, ne asigur\u0103m c\u0103 fiecare angajat, indiferent unde se afl\u0103 \u00een lume, este pe deplin preg\u0103tit \u00eenainte de a-\u0219i \u00eencepe activitatea.<\/p>\n<h3>Dep\u0103\u0219irea barierelor lingvistice \u0219i garantarea competen\u021bei<\/h3>\n<p>Una dintre cele mai mari obstacole pentru multe companii o reprezint\u0103 bariera lingvistic\u0103. La ELCONY, elimin\u0103m aceast\u0103 problem\u0103, oferind programele noastre de introducere \u00een nu mai pu\u021bin de 20 de limbi. Acest lucru \u00eenseamn\u0103 c\u0103 po\u021bi fi sigur c\u0103 to\u021bi angaja\u021bii t\u0103i, indiferent de backgroundul lor lingvistic, \u00een\u021beleg pe deplin \u0219i pot aplica regulile de siguran\u021b\u0103 \u0219i liniile directoare ale companiei.<\/p>\n<h3>Testare imediat\u0103 pentru siguran\u021b\u0103 \u0219i calitate<\/h3>\n<p>Competen\u021ba profesional\u0103 este esen\u021bial\u0103, \u00een special atunci c\u00e2nd angaja\u021bii sunt direc\u021biona\u021bi c\u0103tre loca\u021bii cu risc ridicat. Procesul nostru de introducere online include teste care ne permit s\u0103 evalu\u0103m cuno\u0219tin\u021bele \u0219i abilit\u0103\u021bile fiec\u0103rui angajat. Acest lucru ajut\u0103 companiile s\u0103 stabileasc\u0103 rapid dac\u0103 un angajat \u00eendepline\u0219te standardele de siguran\u021b\u0103 \u0219i calitate impuse.<\/p>\n<h3>Certific\u0103ri \u0219i personalizare \u00eentr-o singur\u0103 platform\u0103<\/h3>\n<p>De\u0219i mul\u021bi muncitori migran\u021bi de\u021bin deja certificate, valoarea acestora variaz\u0103 de la o \u021bar\u0103 la alta. Platforma noastr\u0103 permite verificarea rapid\u0103 \u0219i eficient\u0103 a certific\u0103rilor interna\u021bionale, astfel \u00eenc\u00e2t s\u0103 po\u021bi fi \u00eentotdeauna sigur c\u0103 \u00eendepline\u0219ti cele mai \u00eenalte standarde de siguran\u021b\u0103. \u00cen plus, dac\u0103 este necesar, putem integra regulile specifice companiei sau ale instala\u021biei tale \u00een procesul de introducere, astfel \u00eenc\u00e2t angaja\u021bii s\u0103 fie imediat informa\u021bi cu privire la liniile directoare aplicabile \u00een loca\u021bia ta.<\/p>\n<h3>Eficient \u0219i adaptat nevoilor companiei tale<\/h3>\n<p>Cu ELCONY, economise\u0219ti timp \u0219i bani printr-un proces de introducere optimizat, f\u0103r\u0103 a face compromisuri \u00een privin\u021ba siguran\u021bei sau competen\u021bei profesionale. Platforma noastr\u0103 ofer\u0103 o imagine de ansamblu complet\u0103 asupra competen\u021belor tuturor angaja\u021bilor t\u0103i. Po\u021bi verifica rapid cine \u00eendepline\u0219te cerin\u021bele \u0219i cine mai are nevoie de instruire suplimentar\u0103. Astfel, po\u021bi aloca personalul \u00eentr-un mod eficient, f\u0103r\u0103 repetarea inutil\u0103 a cursurilor de formare.<\/p>\n<h3>Angaja\u021bi competen\u021bi, mereu la zi<\/h3>\n<p>ELCONY ofer\u0103 mai mult dec\u00e2t elemente de baz\u0103. Platforma noastr\u0103 \u00ee\u021bi permite s\u0103 urm\u0103re\u0219ti \u00eendeaproape evolu\u021bia angaja\u021bilor. De la cuno\u0219tin\u021be de baz\u0103 p\u00e2n\u0103 la competen\u021be profesionale avansate, sistemul nostru \u00eenregistreaz\u0103 care cursuri \u0219i teste au fost finalizate cu succes. Asta \u00eenseamn\u0103 c\u0103 un angajat care a trecut deja printr-un proces de introducere nu trebuie s\u0103-l repete inutil. \u00cen acest fel, optimiz\u0103m procesul \u0219i ne asigur\u0103m c\u0103 toat\u0103 lumea poate \u00eencepe munca \u00een mod eficient.<\/p>\n<h3>E\u0219ti gata s\u0103 \u00ee\u021bi optimizezi procesul de introducere?<\/h3>\n<p>Cu ELCONY, beneficiezi de un partener experimentat care \u00ee\u021bi preg\u0103te\u0219te angaja\u021bii \u00eentr-un mod eficient \u0219i eficace pentru sarcinile lor. Contacteaz\u0103-ne chiar ast\u0103zi pentru a descoperi cum putem sprijini compania ta.<\/p>\n<p>Pentru mai multe informa\u021bii sau pentru \u00eenscriere, sun\u0103 la <strong>+31(0)88-2200100<\/strong> sau trimite un email la <a href=\"&#x6d;&#x61;&#x69;&#108;&#116;&#111;:i&#x6e;&#x66;&#x6f;&#x40;&#101;&#108;co&#x6e;&#x79;&#x2e;&#x63;&#111;&#109;\"><strong>&#x69;n&#x66;o&#x40;&#101;&#x6c;&#99;o&#x6e;y&#x2e;&#99;&#x6f;&#109;<\/strong><\/a>.<\/p>\n<\/div><\/div><\/div><div class=\"fusion-layout-column fusion_builder_column fusion-builder-column-2 fusion_builder_column_1_5 1_5 fusion-flex-column\" style=\"--awb-bg-size:cover;--awb-width-large:20%;--awb-margin-top-large:0px;--awb-spacing-right-large:9.6%;--awb-margin-bottom-large:0px;--awb-spacing-left-large:9.6%;--awb-width-medium:100%;--awb-order-medium:0;--awb-spacing-right-medium:1.92%;--awb-spacing-left-medium:1.92%;--awb-width-small:100%;--awb-order-small:0;--awb-spacing-right-small:1.92%;--awb-spacing-left-small:1.92%;\"><div class=\"fusion-column-wrapper fusion-column-has-shadow fusion-flex-justify-content-flex-start fusion-content-layout-column\"><\/div><\/div><\/div><\/div>\n","protected":false},"excerpt":{"rendered":"","protected":false},"author":1,"featured_media":0,"parent":0,"menu_order":0,"comment_status":"closed","ping_status":"closed","template":"","meta":{"footnotes":""},"class_list":["post-337786","page","type-page","status-publish","hentry"],"yoast_head":"<!-- This site is optimized with the Yoast SEO plugin v27.5 - https:\/\/yoast.com\/product\/yoast-seo-wordpress\/ -->\n<title>Onboarding &#8226; ELCONY<\/title>\n<meta name=\"robots\" content=\"index, follow, max-snippet:-1, max-image-preview:large, max-video-preview:-1\" \/>\n<link rel=\"canonical\" href=\"https:\/\/www.elcony.com\/ro\/onboarding\/\" \/>\n<script type=\"application\/ld+json\" class=\"yoast-schema-graph\">{\"@context\":\"https:\\\/\\\/schema.org\",\"@graph\":[{\"@type\":\"WebPage\",\"@id\":\"https:\\\/\\\/www.elcony.com\\\/ro\\\/onboarding\\\/\",\"url\":\"https:\\\/\\\/www.elcony.com\\\/ro\\\/onboarding\\\/\",\"name\":\"Onboarding &#8226; ELCONY\",\"isPartOf\":{\"@id\":\"https:\\\/\\\/www.elcony.com\\\/it\\\/#website\"},\"datePublished\":\"2025-01-14T21:52:50+00:00\",\"dateModified\":\"2025-12-11T18:55:02+00:00\",\"breadcrumb\":{\"@id\":\"https:\\\/\\\/www.elcony.com\\\/ro\\\/onboarding\\\/#breadcrumb\"},\"inLanguage\":\"ro-RO\",\"potentialAction\":[{\"@type\":\"ReadAction\",\"target\":[\"https:\\\/\\\/www.elcony.com\\\/ro\\\/onboarding\\\/\"]}]},{\"@type\":\"BreadcrumbList\",\"@id\":\"https:\\\/\\\/www.elcony.com\\\/ro\\\/onboarding\\\/#breadcrumb\",\"itemListElement\":[{\"@type\":\"ListItem\",\"position\":1,\"name\":\"Home\",\"item\":\"https:\\\/\\\/www.elcony.com\\\/ro\\\/\"},{\"@type\":\"ListItem\",\"position\":2,\"name\":\"Onboarding\"}]},{\"@type\":\"WebSite\",\"@id\":\"https:\\\/\\\/www.elcony.com\\\/it\\\/#website\",\"url\":\"https:\\\/\\\/www.elcony.com\\\/it\\\/\",\"name\":\"ELCONY\",\"description\":\"ARBO, VCA en SOG Opleidingen\",\"potentialAction\":[{\"@type\":\"SearchAction\",\"target\":{\"@type\":\"EntryPoint\",\"urlTemplate\":\"https:\\\/\\\/www.elcony.com\\\/it\\\/?s={search_term_string}\"},\"query-input\":{\"@type\":\"PropertyValueSpecification\",\"valueRequired\":true,\"valueName\":\"search_term_string\"}}],\"inLanguage\":\"ro-RO\"}]}<\/script>\n<!-- \/ Yoast SEO plugin. -->","yoast_head_json":{"title":"Onboarding &#8226; ELCONY","robots":{"index":"index","follow":"follow","max-snippet":"max-snippet:-1","max-image-preview":"max-image-preview:large","max-video-preview":"max-video-preview:-1"},"canonical":"https:\/\/www.elcony.com\/ro\/onboarding\/","schema":{"@context":"https:\/\/schema.org","@graph":[{"@type":"WebPage","@id":"https:\/\/www.elcony.com\/ro\/onboarding\/","url":"https:\/\/www.elcony.com\/ro\/onboarding\/","name":"Onboarding &#8226; ELCONY","isPartOf":{"@id":"https:\/\/www.elcony.com\/it\/#website"},"datePublished":"2025-01-14T21:52:50+00:00","dateModified":"2025-12-11T18:55:02+00:00","breadcrumb":{"@id":"https:\/\/www.elcony.com\/ro\/onboarding\/#breadcrumb"},"inLanguage":"ro-RO","potentialAction":[{"@type":"ReadAction","target":["https:\/\/www.elcony.com\/ro\/onboarding\/"]}]},{"@type":"BreadcrumbList","@id":"https:\/\/www.elcony.com\/ro\/onboarding\/#breadcrumb","itemListElement":[{"@type":"ListItem","position":1,"name":"Home","item":"https:\/\/www.elcony.com\/ro\/"},{"@type":"ListItem","position":2,"name":"Onboarding"}]},{"@type":"WebSite","@id":"https:\/\/www.elcony.com\/it\/#website","url":"https:\/\/www.elcony.com\/it\/","name":"ELCONY","description":"ARBO, VCA en SOG Opleidingen","potentialAction":[{"@type":"SearchAction","target":{"@type":"EntryPoint","urlTemplate":"https:\/\/www.elcony.com\/it\/?s={search_term_string}"},"query-input":{"@type":"PropertyValueSpecification","valueRequired":true,"valueName":"search_term_string"}}],"inLanguage":"ro-RO"}]}},"_links":{"self":[{"href":"https:\/\/www.elcony.com\/ro\/wp-json\/wp\/v2\/pages\/337786","targetHints":{"allow":["GET"]}}],"collection":[{"href":"https:\/\/www.elcony.com\/ro\/wp-json\/wp\/v2\/pages"}],"about":[{"href":"https:\/\/www.elcony.com\/ro\/wp-json\/wp\/v2\/types\/page"}],"author":[{"embeddable":true,"href":"https:\/\/www.elcony.com\/ro\/wp-json\/wp\/v2\/users\/1"}],"replies":[{"embeddable":true,"href":"https:\/\/www.elcony.com\/ro\/wp-json\/wp\/v2\/comments?post=337786"}],"version-history":[{"count":3,"href":"https:\/\/www.elcony.com\/ro\/wp-json\/wp\/v2\/pages\/337786\/revisions"}],"predecessor-version":[{"id":388986,"href":"https:\/\/www.elcony.com\/ro\/wp-json\/wp\/v2\/pages\/337786\/revisions\/388986"}],"wp:attachment":[{"href":"https:\/\/www.elcony.com\/ro\/wp-json\/wp\/v2\/media?parent=337786"}],"curies":[{"name":"wp","href":"https:\/\/api.w.org\/{rel}","templated":true}]}}