{"id":237976,"date":"2024-01-20T13:40:31","date_gmt":"2024-01-20T19:15:05","guid":{"rendered":"https:\/\/www.elcony.com\/product\/siguranta-de-baza-vca-b-vca-curs-online-2000-intrebari-examen\/"},"modified":"2026-01-11T17:24:53","modified_gmt":"2026-01-11T16:24:53","slug":"237976","status":"publish","type":"product","link":"https:\/\/www.elcony.com\/ro\/produs\/237976\/","title":{"rendered":"Siguran\u021b\u0103 de Baz\u0103 VCA (B-VCA) Curs online + 2000 \u00centreb\u0103ri + Examen"},"content":{"rendered":"<div class=\"fusion-fullwidth fullwidth-box fusion-builder-row-1 fusion-flex-container has-pattern-background has-mask-background nonhundred-percent-fullwidth non-hundred-percent-height-scrolling\" style=\"--awb-border-radius-top-left:0px;--awb-border-radius-top-right:0px;--awb-border-radius-bottom-right:0px;--awb-border-radius-bottom-left:0px;--awb-flex-wrap:wrap;\" ><div class=\"fusion-builder-row fusion-row fusion-flex-align-items-flex-start fusion-flex-content-wrap\" style=\"max-width:104%;margin-left: calc(-4% \/ 2 );margin-right: calc(-4% \/ 2 );\"><div class=\"fusion-layout-column fusion_builder_column fusion-builder-column-0 fusion_builder_column_1_1 1_1 fusion-flex-column\" style=\"--awb-bg-size:cover;--awb-width-large:100%;--awb-margin-top-large:0px;--awb-spacing-right-large:1.92%;--awb-margin-bottom-large:0px;--awb-spacing-left-large:1.92%;--awb-width-medium:100%;--awb-order-medium:0;--awb-spacing-right-medium:1.92%;--awb-spacing-left-medium:1.92%;--awb-width-small:100%;--awb-order-small:0;--awb-spacing-right-small:1.92%;--awb-spacing-left-small:1.92%;\"><div class=\"fusion-column-wrapper fusion-column-has-shadow fusion-flex-justify-content-flex-start fusion-content-layout-column\"><div class=\"fusion-text fusion-text-1\"><p>Curs online de preg\u0103tire pentru examene, cu lec\u021bii pentru telefon, tablet\u0103 sau calculator. Include <strong>2000<\/strong> de \u00eentreb\u0103ri practice.<\/p>\n<\/div><ul style=\"--awb-line-height:30.6px;--awb-icon-width:30.6px;--awb-icon-height:30.6px;--awb-icon-margin:12.6px;--awb-content-margin:43.2px;--awb-circlecolor:#5894e8;--awb-circle-yes-font-size:15.84px;\" class=\"fusion-checklist fusion-checklist-1 fusion-checklist-default type-icons\"><li class=\"fusion-li-item\" style=\"\"><span class=\"icon-wrapper circle-yes\"><i class=\"fusion-li-icon awb-icon-check\" aria-hidden=\"true\"><\/i><\/span><div class=\"fusion-li-item-content\">\n<p>Alege\u021bi din 19 limbi.<\/p>\n<\/div><\/li><li class=\"fusion-li-item\" style=\"\"><span class=\"icon-wrapper circle-yes\"><i class=\"fusion-li-icon awb-icon-check\" aria-hidden=\"true\"><\/i><\/span><div class=\"fusion-li-item-content\">\n<p>Cursul este disponibil timp de 60 de zile.<\/p>\n<\/div><\/li><li class=\"fusion-li-item\" style=\"\"><span class=\"icon-wrapper circle-yes\"><i class=\"fusion-li-icon awb-icon-check\" aria-hidden=\"true\"><\/i><\/span><div class=\"fusion-li-item-content\">\n<p>60 de loca\u021bii de examinare \u00een \u021a\u0103rile de Jos.<\/p>\n<\/div><\/li><\/ul><div class=\"fusion-separator fusion-full-width-sep\" style=\"align-self: center;margin-left: auto;margin-right: auto;margin-top:20px;width:100%;\"><\/div><div class=\"fusion-text fusion-text-2\"><div style=\"width:100%;max-width:100%;height:800px;\">\n        <iframe\n            src=\"https:\/\/www.google.com\/maps\/d\/embed?mid=1NZMH6WJgk7SVp1m2P4g0caBGLfxJres&ehbc=2E312F\"\n            style=\"width:100%;height:100%;border:0;\"\n            loading=\"lazy\"\n            referrerpolicy=\"no-referrer-when-downgrade\"\n            allowfullscreen>\n        <\/iframe>\n    <\/div>\n<\/div><\/div><\/div><\/div><\/div>\n","protected":false},"excerpt":{"rendered":"","protected":false},"featured_media":34668,"template":"","meta":[],"product_brand":[],"product_cat":[9357],"product_tag":[9669],"class_list":{"0":"post-237976","1":"product","2":"type-product","3":"status-publish","4":"has-post-thumbnail","6":"product_cat-vca-ro","7":"product_tag-e-learning-ro","9":"first","10":"instock","11":"taxable","12":"shipping-taxable","13":"purchasable","14":"product-type-variable"},"yoast_head":"<!-- This site is optimized with the Yoast SEO plugin v27.3 - https:\/\/yoast.com\/product\/yoast-seo-wordpress\/ -->\n<title>Siguran\u021b\u0103 de Baz\u0103 VCA (B-VCA) Curs online + 2000 \u00centreb\u0103ri + Examen &#8226; ELCONY<\/title>\n<meta name=\"robots\" content=\"noindex, follow\" \/>\n<script type=\"application\/ld+json\" class=\"yoast-schema-graph\">{\"@context\":\"https:\\\/\\\/schema.org\",\"@graph\":[{\"@type\":\"WebPage\",\"@id\":\"https:\\\/\\\/www.elcony.com\\\/ro\\\/produs\\\/237976\\\/\",\"url\":\"https:\\\/\\\/www.elcony.com\\\/ro\\\/produs\\\/237976\\\/\",\"name\":\"Siguran\u021b\u0103 de Baz\u0103 VCA (B-VCA) Curs online + 2000 \u00centreb\u0103ri + Examen &#8226; ELCONY\",\"isPartOf\":{\"@id\":\"https:\\\/\\\/www.elcony.com\\\/it\\\/#website\"},\"primaryImageOfPage\":{\"@id\":\"https:\\\/\\\/www.elcony.com\\\/ro\\\/produs\\\/237976\\\/#primaryimage\"},\"image\":{\"@id\":\"https:\\\/\\\/www.elcony.com\\\/ro\\\/produs\\\/237976\\\/#primaryimage\"},\"thumbnailUrl\":\"https:\\\/\\\/www.elcony.com\\\/wp-content\\\/uploads\\\/2021\\\/05\\\/VCA-2-800x533-1.jpg\",\"datePublished\":\"2024-01-20T19:15:05+00:00\",\"dateModified\":\"2026-01-11T16:24:53+00:00\",\"breadcrumb\":{\"@id\":\"https:\\\/\\\/www.elcony.com\\\/ro\\\/produs\\\/237976\\\/#breadcrumb\"},\"inLanguage\":\"ro-RO\",\"potentialAction\":[{\"@type\":\"ReadAction\",\"target\":[\"https:\\\/\\\/www.elcony.com\\\/ro\\\/produs\\\/237976\\\/\"]}]},{\"@type\":\"ImageObject\",\"inLanguage\":\"ro-RO\",\"@id\":\"https:\\\/\\\/www.elcony.com\\\/ro\\\/produs\\\/237976\\\/#primaryimage\",\"url\":\"https:\\\/\\\/www.elcony.com\\\/wp-content\\\/uploads\\\/2021\\\/05\\\/VCA-2-800x533-1.jpg\",\"contentUrl\":\"https:\\\/\\\/www.elcony.com\\\/wp-content\\\/uploads\\\/2021\\\/05\\\/VCA-2-800x533-1.jpg\",\"width\":800,\"height\":533},{\"@type\":\"BreadcrumbList\",\"@id\":\"https:\\\/\\\/www.elcony.com\\\/ro\\\/produs\\\/237976\\\/#breadcrumb\",\"itemListElement\":[{\"@type\":\"ListItem\",\"position\":1,\"name\":\"Home\",\"item\":\"https:\\\/\\\/www.elcony.com\\\/ro\\\/\"},{\"@type\":\"ListItem\",\"position\":2,\"name\":\"Prodotti\",\"item\":\"https:\\\/\\\/www.elcony.com\\\/it\\\/shop\\\/\"},{\"@type\":\"ListItem\",\"position\":3,\"name\":\"Siguran\u021b\u0103 de Baz\u0103 VCA (B-VCA) Curs online + 2000 \u00centreb\u0103ri + Examen\"}]},{\"@type\":\"WebSite\",\"@id\":\"https:\\\/\\\/www.elcony.com\\\/it\\\/#website\",\"url\":\"https:\\\/\\\/www.elcony.com\\\/it\\\/\",\"name\":\"ELCONY\",\"description\":\"ARBO, VCA en SOG Opleidingen\",\"potentialAction\":[{\"@type\":\"SearchAction\",\"target\":{\"@type\":\"EntryPoint\",\"urlTemplate\":\"https:\\\/\\\/www.elcony.com\\\/it\\\/?s={search_term_string}\"},\"query-input\":{\"@type\":\"PropertyValueSpecification\",\"valueRequired\":true,\"valueName\":\"search_term_string\"}}],\"inLanguage\":\"ro-RO\"}]}<\/script>\n<!-- \/ Yoast SEO plugin. -->","yoast_head_json":{"title":"Siguran\u021b\u0103 de Baz\u0103 VCA (B-VCA) Curs online + 2000 \u00centreb\u0103ri + Examen &#8226; ELCONY","robots":{"index":"noindex","follow":"follow"},"schema":{"@context":"https:\/\/schema.org","@graph":[{"@type":"WebPage","@id":"https:\/\/www.elcony.com\/ro\/produs\/237976\/","url":"https:\/\/www.elcony.com\/ro\/produs\/237976\/","name":"Siguran\u021b\u0103 de Baz\u0103 VCA (B-VCA) Curs online + 2000 \u00centreb\u0103ri + Examen &#8226; ELCONY","isPartOf":{"@id":"https:\/\/www.elcony.com\/it\/#website"},"primaryImageOfPage":{"@id":"https:\/\/www.elcony.com\/ro\/produs\/237976\/#primaryimage"},"image":{"@id":"https:\/\/www.elcony.com\/ro\/produs\/237976\/#primaryimage"},"thumbnailUrl":"https:\/\/www.elcony.com\/wp-content\/uploads\/2021\/05\/VCA-2-800x533-1.jpg","datePublished":"2024-01-20T19:15:05+00:00","dateModified":"2026-01-11T16:24:53+00:00","breadcrumb":{"@id":"https:\/\/www.elcony.com\/ro\/produs\/237976\/#breadcrumb"},"inLanguage":"ro-RO","potentialAction":[{"@type":"ReadAction","target":["https:\/\/www.elcony.com\/ro\/produs\/237976\/"]}]},{"@type":"ImageObject","inLanguage":"ro-RO","@id":"https:\/\/www.elcony.com\/ro\/produs\/237976\/#primaryimage","url":"https:\/\/www.elcony.com\/wp-content\/uploads\/2021\/05\/VCA-2-800x533-1.jpg","contentUrl":"https:\/\/www.elcony.com\/wp-content\/uploads\/2021\/05\/VCA-2-800x533-1.jpg","width":800,"height":533},{"@type":"BreadcrumbList","@id":"https:\/\/www.elcony.com\/ro\/produs\/237976\/#breadcrumb","itemListElement":[{"@type":"ListItem","position":1,"name":"Home","item":"https:\/\/www.elcony.com\/ro\/"},{"@type":"ListItem","position":2,"name":"Prodotti","item":"https:\/\/www.elcony.com\/it\/shop\/"},{"@type":"ListItem","position":3,"name":"Siguran\u021b\u0103 de Baz\u0103 VCA (B-VCA) Curs online + 2000 \u00centreb\u0103ri + Examen"}]},{"@type":"WebSite","@id":"https:\/\/www.elcony.com\/it\/#website","url":"https:\/\/www.elcony.com\/it\/","name":"ELCONY","description":"ARBO, VCA en SOG Opleidingen","potentialAction":[{"@type":"SearchAction","target":{"@type":"EntryPoint","urlTemplate":"https:\/\/www.elcony.com\/it\/?s={search_term_string}"},"query-input":{"@type":"PropertyValueSpecification","valueRequired":true,"valueName":"search_term_string"}}],"inLanguage":"ro-RO"}]}},"_links":{"self":[{"href":"https:\/\/www.elcony.com\/ro\/wp-json\/wp\/v2\/product\/237976","targetHints":{"allow":["GET"]}}],"collection":[{"href":"https:\/\/www.elcony.com\/ro\/wp-json\/wp\/v2\/product"}],"about":[{"href":"https:\/\/www.elcony.com\/ro\/wp-json\/wp\/v2\/types\/product"}],"wp:featuredmedia":[{"embeddable":true,"href":"https:\/\/www.elcony.com\/ro\/wp-json\/wp\/v2\/media\/34668"}],"wp:attachment":[{"href":"https:\/\/www.elcony.com\/ro\/wp-json\/wp\/v2\/media?parent=237976"}],"wp:term":[{"taxonomy":"product_brand","embeddable":true,"href":"https:\/\/www.elcony.com\/ro\/wp-json\/wp\/v2\/product_brand?post=237976"},{"taxonomy":"product_cat","embeddable":true,"href":"https:\/\/www.elcony.com\/ro\/wp-json\/wp\/v2\/product_cat?post=237976"},{"taxonomy":"product_tag","embeddable":true,"href":"https:\/\/www.elcony.com\/ro\/wp-json\/wp\/v2\/product_tag?post=237976"}],"curies":[{"name":"wp","href":"https:\/\/api.w.org\/{rel}","templated":true}]}}