{"id":306696,"date":"2024-03-22T15:45:45","date_gmt":"2024-06-28T11:53:31","guid":{"rendered":"https:\/\/www.elcony.com\/product\/persoana-suficient-instruita-vop-conform-nen-3140-curs-online-examen-online\/"},"modified":"2025-11-10T17:50:25","modified_gmt":"2025-11-10T16:50:25","slug":"306696","status":"publish","type":"product","link":"https:\/\/www.elcony.com\/ro\/produs\/306696\/","title":{"rendered":"Persoan\u0103 Suficient de Instruit\u0103 (VOP) NEN 3140 &#8211; Curs Online + Examen Online"},"content":{"rendered":"<div class=\"fusion-fullwidth fullwidth-box fusion-builder-row-1 fusion-flex-container has-pattern-background has-mask-background nonhundred-percent-fullwidth non-hundred-percent-height-scrolling\" style=\"--awb-border-radius-top-left:0px;--awb-border-radius-top-right:0px;--awb-border-radius-bottom-right:0px;--awb-border-radius-bottom-left:0px;--awb-flex-wrap:wrap;\" ><div class=\"fusion-builder-row fusion-row fusion-flex-align-items-flex-start fusion-flex-content-wrap\" style=\"max-width:104%;margin-left: calc(-4% \/ 2 );margin-right: calc(-4% \/ 2 );\"><div class=\"fusion-layout-column fusion_builder_column fusion-builder-column-0 fusion_builder_column_1_1 1_1 fusion-flex-column\" style=\"--awb-bg-size:cover;--awb-width-large:100%;--awb-margin-top-large:0px;--awb-spacing-right-large:1.92%;--awb-margin-bottom-large:0px;--awb-spacing-left-large:1.92%;--awb-width-medium:100%;--awb-order-medium:0;--awb-spacing-right-medium:1.92%;--awb-spacing-left-medium:1.92%;--awb-width-small:100%;--awb-order-small:0;--awb-spacing-right-small:1.92%;--awb-spacing-left-small:1.92%;\"><div class=\"fusion-column-wrapper fusion-column-has-shadow fusion-flex-justify-content-flex-start fusion-content-layout-column\"><div class=\"fusion-text fusion-text-1\"><p>Dup\u0103 finalizarea cursului ve\u021bi fi con\u0219tient de toate riscurile lucrului la \u0219i \u00een proximitatea instala\u021biilor electrice. De asemenea, ve\u021bi putea lua m\u0103surile necesare pentru a efectua \u00een condi\u021bii de siguran\u021b\u0103 activit\u0103\u021bile.<\/p>\n<p>Cursul const\u0103 \u00een lec\u021bii pe care le pute\u021bi studia pe telefonul, tableta sau computerul dumneavoastr\u0103. Pute\u021bi consulta materialul de \u00eenv\u0103\u021bare de c\u00e2te ori dori\u021bi. Astfel, ve\u021bi fi preg\u0103ti\u021bi la maxim pentru examenul care \u00eencheie cursul. \u00cen cazul unui rezultat satisf\u0103c\u0103tor, v\u0103 vom trimite certificatul.<\/p>\n<\/div><ul style=\"--awb-line-height:30.6px;--awb-icon-width:30.6px;--awb-icon-height:30.6px;--awb-icon-margin:12.6px;--awb-content-margin:43.2px;--awb-circlecolor:#5894e8;--awb-circle-yes-font-size:15.84px;\" class=\"fusion-checklist fusion-checklist-1 fusion-checklist-default type-icons\"><li class=\"fusion-li-item\" style=\"\"><span class=\"icon-wrapper circle-yes\"><i class=\"fusion-li-icon awb-icon-check\" aria-hidden=\"true\"><\/i><\/span><div class=\"fusion-li-item-content\">\n<p>Alege\u021bi dintre 20 de limbi<\/p>\n<\/div><\/li><li class=\"fusion-li-item\" style=\"\"><span class=\"icon-wrapper circle-yes\"><i class=\"fusion-li-icon awb-icon-check\" aria-hidden=\"true\"><\/i><\/span><div class=\"fusion-li-item-content\">\n<p>Cursul este disponibil timp de 60 de zile.<\/p>\n<\/div><\/li><\/ul><\/div><\/div><\/div><\/div>\n","protected":false},"excerpt":{"rendered":"","protected":false},"featured_media":285841,"template":"","meta":[],"product_brand":[],"product_cat":[9338],"product_tag":[],"class_list":{"0":"post-306696","1":"product","2":"type-product","3":"status-publish","4":"has-post-thumbnail","6":"product_cat-elcony-ro","8":"first","9":"instock","10":"taxable","11":"shipping-taxable","12":"purchasable","13":"product-type-variable"},"yoast_head":"<!-- This site is optimized with the Yoast SEO plugin v27.5 - https:\/\/yoast.com\/product\/yoast-seo-wordpress\/ -->\n<title>Persoan\u0103 Suficient de Instruit\u0103 (VOP) NEN 3140 - Curs Online + Examen Online &#8226; ELCONY<\/title>\n<meta name=\"robots\" content=\"noindex, follow\" \/>\n<script type=\"application\/ld+json\" class=\"yoast-schema-graph\">{\"@context\":\"https:\\\/\\\/schema.org\",\"@graph\":[{\"@type\":\"WebPage\",\"@id\":\"https:\\\/\\\/www.elcony.com\\\/ro\\\/produs\\\/306696\\\/\",\"url\":\"https:\\\/\\\/www.elcony.com\\\/ro\\\/produs\\\/306696\\\/\",\"name\":\"Persoan\u0103 Suficient de Instruit\u0103 (VOP) NEN 3140 - Curs Online + Examen Online &#8226; ELCONY\",\"isPartOf\":{\"@id\":\"https:\\\/\\\/www.elcony.com\\\/it\\\/#website\"},\"primaryImageOfPage\":{\"@id\":\"https:\\\/\\\/www.elcony.com\\\/ro\\\/produs\\\/306696\\\/#primaryimage\"},\"image\":{\"@id\":\"https:\\\/\\\/www.elcony.com\\\/ro\\\/produs\\\/306696\\\/#primaryimage\"},\"thumbnailUrl\":\"https:\\\/\\\/www.elcony.com\\\/wp-content\\\/uploads\\\/2024\\\/06\\\/Aardlekschakelaars-675267964-800x533-1.png\",\"datePublished\":\"2024-06-28T11:53:31+00:00\",\"dateModified\":\"2025-11-10T16:50:25+00:00\",\"breadcrumb\":{\"@id\":\"https:\\\/\\\/www.elcony.com\\\/ro\\\/produs\\\/306696\\\/#breadcrumb\"},\"inLanguage\":\"ro-RO\",\"potentialAction\":[{\"@type\":\"ReadAction\",\"target\":[\"https:\\\/\\\/www.elcony.com\\\/ro\\\/produs\\\/306696\\\/\"]}]},{\"@type\":\"ImageObject\",\"inLanguage\":\"ro-RO\",\"@id\":\"https:\\\/\\\/www.elcony.com\\\/ro\\\/produs\\\/306696\\\/#primaryimage\",\"url\":\"https:\\\/\\\/www.elcony.com\\\/wp-content\\\/uploads\\\/2024\\\/06\\\/Aardlekschakelaars-675267964-800x533-1.png\",\"contentUrl\":\"https:\\\/\\\/www.elcony.com\\\/wp-content\\\/uploads\\\/2024\\\/06\\\/Aardlekschakelaars-675267964-800x533-1.png\",\"width\":800,\"height\":533},{\"@type\":\"BreadcrumbList\",\"@id\":\"https:\\\/\\\/www.elcony.com\\\/ro\\\/produs\\\/306696\\\/#breadcrumb\",\"itemListElement\":[{\"@type\":\"ListItem\",\"position\":1,\"name\":\"Home\",\"item\":\"https:\\\/\\\/www.elcony.com\\\/ro\\\/\"},{\"@type\":\"ListItem\",\"position\":2,\"name\":\"Prodotti\",\"item\":\"https:\\\/\\\/www.elcony.com\\\/it\\\/shop\\\/\"},{\"@type\":\"ListItem\",\"position\":3,\"name\":\"Persoan\u0103 Suficient de Instruit\u0103 (VOP) NEN 3140 &#8211; Curs Online + Examen Online\"}]},{\"@type\":\"WebSite\",\"@id\":\"https:\\\/\\\/www.elcony.com\\\/it\\\/#website\",\"url\":\"https:\\\/\\\/www.elcony.com\\\/it\\\/\",\"name\":\"ELCONY\",\"description\":\"ARBO, VCA en SOG Opleidingen\",\"potentialAction\":[{\"@type\":\"SearchAction\",\"target\":{\"@type\":\"EntryPoint\",\"urlTemplate\":\"https:\\\/\\\/www.elcony.com\\\/it\\\/?s={search_term_string}\"},\"query-input\":{\"@type\":\"PropertyValueSpecification\",\"valueRequired\":true,\"valueName\":\"search_term_string\"}}],\"inLanguage\":\"ro-RO\"}]}<\/script>\n<!-- \/ Yoast SEO plugin. -->","yoast_head_json":{"title":"Persoan\u0103 Suficient de Instruit\u0103 (VOP) NEN 3140 - Curs Online + Examen Online &#8226; ELCONY","robots":{"index":"noindex","follow":"follow"},"schema":{"@context":"https:\/\/schema.org","@graph":[{"@type":"WebPage","@id":"https:\/\/www.elcony.com\/ro\/produs\/306696\/","url":"https:\/\/www.elcony.com\/ro\/produs\/306696\/","name":"Persoan\u0103 Suficient de Instruit\u0103 (VOP) NEN 3140 - Curs Online + Examen Online &#8226; ELCONY","isPartOf":{"@id":"https:\/\/www.elcony.com\/it\/#website"},"primaryImageOfPage":{"@id":"https:\/\/www.elcony.com\/ro\/produs\/306696\/#primaryimage"},"image":{"@id":"https:\/\/www.elcony.com\/ro\/produs\/306696\/#primaryimage"},"thumbnailUrl":"https:\/\/www.elcony.com\/wp-content\/uploads\/2024\/06\/Aardlekschakelaars-675267964-800x533-1.png","datePublished":"2024-06-28T11:53:31+00:00","dateModified":"2025-11-10T16:50:25+00:00","breadcrumb":{"@id":"https:\/\/www.elcony.com\/ro\/produs\/306696\/#breadcrumb"},"inLanguage":"ro-RO","potentialAction":[{"@type":"ReadAction","target":["https:\/\/www.elcony.com\/ro\/produs\/306696\/"]}]},{"@type":"ImageObject","inLanguage":"ro-RO","@id":"https:\/\/www.elcony.com\/ro\/produs\/306696\/#primaryimage","url":"https:\/\/www.elcony.com\/wp-content\/uploads\/2024\/06\/Aardlekschakelaars-675267964-800x533-1.png","contentUrl":"https:\/\/www.elcony.com\/wp-content\/uploads\/2024\/06\/Aardlekschakelaars-675267964-800x533-1.png","width":800,"height":533},{"@type":"BreadcrumbList","@id":"https:\/\/www.elcony.com\/ro\/produs\/306696\/#breadcrumb","itemListElement":[{"@type":"ListItem","position":1,"name":"Home","item":"https:\/\/www.elcony.com\/ro\/"},{"@type":"ListItem","position":2,"name":"Prodotti","item":"https:\/\/www.elcony.com\/it\/shop\/"},{"@type":"ListItem","position":3,"name":"Persoan\u0103 Suficient de Instruit\u0103 (VOP) NEN 3140 &#8211; Curs Online + Examen Online"}]},{"@type":"WebSite","@id":"https:\/\/www.elcony.com\/it\/#website","url":"https:\/\/www.elcony.com\/it\/","name":"ELCONY","description":"ARBO, VCA en SOG Opleidingen","potentialAction":[{"@type":"SearchAction","target":{"@type":"EntryPoint","urlTemplate":"https:\/\/www.elcony.com\/it\/?s={search_term_string}"},"query-input":{"@type":"PropertyValueSpecification","valueRequired":true,"valueName":"search_term_string"}}],"inLanguage":"ro-RO"}]}},"_links":{"self":[{"href":"https:\/\/www.elcony.com\/ro\/wp-json\/wp\/v2\/product\/306696","targetHints":{"allow":["GET"]}}],"collection":[{"href":"https:\/\/www.elcony.com\/ro\/wp-json\/wp\/v2\/product"}],"about":[{"href":"https:\/\/www.elcony.com\/ro\/wp-json\/wp\/v2\/types\/product"}],"wp:featuredmedia":[{"embeddable":true,"href":"https:\/\/www.elcony.com\/ro\/wp-json\/wp\/v2\/media\/285841"}],"wp:attachment":[{"href":"https:\/\/www.elcony.com\/ro\/wp-json\/wp\/v2\/media?parent=306696"}],"wp:term":[{"taxonomy":"product_brand","embeddable":true,"href":"https:\/\/www.elcony.com\/ro\/wp-json\/wp\/v2\/product_brand?post=306696"},{"taxonomy":"product_cat","embeddable":true,"href":"https:\/\/www.elcony.com\/ro\/wp-json\/wp\/v2\/product_cat?post=306696"},{"taxonomy":"product_tag","embeddable":true,"href":"https:\/\/www.elcony.com\/ro\/wp-json\/wp\/v2\/product_tag?post=306696"}],"curies":[{"name":"wp","href":"https:\/\/api.w.org\/{rel}","templated":true}]}}