{"id":307726,"date":"2024-03-01T10:47:30","date_gmt":"2024-07-04T16:45:30","guid":{"rendered":"https:\/\/www.elcony.com\/product\/constientizare-atex-atex-awareness-curs-online-examen-online\/"},"modified":"2025-11-10T15:35:51","modified_gmt":"2025-11-10T14:35:51","slug":"307726","status":"publish","type":"product","link":"https:\/\/www.elcony.com\/ro\/produs\/307726\/","title":{"rendered":"ATEX Awareness (Con\u0219tientizare) Curs Online + Examen Online"},"content":{"rendered":"<div class=\"fusion-fullwidth fullwidth-box fusion-builder-row-1 fusion-flex-container has-pattern-background has-mask-background nonhundred-percent-fullwidth non-hundred-percent-height-scrolling\" style=\"--awb-border-radius-top-left:0px;--awb-border-radius-top-right:0px;--awb-border-radius-bottom-right:0px;--awb-border-radius-bottom-left:0px;--awb-flex-wrap:wrap;\" ><div class=\"fusion-builder-row fusion-row fusion-flex-align-items-flex-start fusion-flex-content-wrap\" style=\"max-width:104%;margin-left: calc(-4% \/ 2 );margin-right: calc(-4% \/ 2 );\"><div class=\"fusion-layout-column fusion_builder_column fusion-builder-column-0 fusion_builder_column_1_1 1_1 fusion-flex-column\" style=\"--awb-bg-size:cover;--awb-width-large:100%;--awb-margin-top-large:0px;--awb-spacing-right-large:1.92%;--awb-margin-bottom-large:0px;--awb-spacing-left-large:1.92%;--awb-width-medium:100%;--awb-order-medium:0;--awb-spacing-right-medium:1.92%;--awb-spacing-left-medium:1.92%;--awb-width-small:100%;--awb-order-small:0;--awb-spacing-right-small:1.92%;--awb-spacing-left-small:1.92%;\"><div class=\"fusion-column-wrapper fusion-column-has-shadow fusion-flex-justify-content-flex-start fusion-content-layout-column\"><div class=\"fusion-text fusion-text-1\"><p>La finalizarea acestui curs online, ve\u021bi fi con\u0219tient de toate riscurile lucrului \u00een zone desemnate. De asemenea, ve\u021bi putea lua m\u0103surile necesare pentru a efectua lucr\u0103rile \u00een siguran\u021b\u0103.<\/p>\n<p>Cursul const\u0103 \u00een lec\u021bii pe care le pute\u021bi studia pe telefon, tablet\u0103 sau computer. Pute\u021bi vizualiza materialul de \u00eenv\u0103\u021bare de c\u00e2te ori dori\u021bi. \u00cen acest fel, ve\u021bi fi maxim preg\u0103tit pentru examenul care \u00eencheie cursul. Dac\u0103 trece\u021bi examenul, v\u0103 vom trimite certificatul.<\/p>\n<\/div><ul style=\"--awb-line-height:30.6px;--awb-icon-width:30.6px;--awb-icon-height:30.6px;--awb-icon-margin:12.6px;--awb-content-margin:43.2px;--awb-circlecolor:#5894e8;--awb-circle-yes-font-size:15.84px;\" class=\"fusion-checklist fusion-checklist-1 fusion-checklist-default type-icons\"><li class=\"fusion-li-item\" style=\"\"><span class=\"icon-wrapper circle-yes\"><i class=\"fusion-li-icon awb-icon-check\" aria-hidden=\"true\"><\/i><\/span><div class=\"fusion-li-item-content\">\n<p>Alege dintre 20 de limbi.<\/p>\n<\/div><\/li><li class=\"fusion-li-item\" style=\"\"><span class=\"icon-wrapper circle-yes\"><i class=\"fusion-li-icon awb-icon-check\" aria-hidden=\"true\"><\/i><\/span><div class=\"fusion-li-item-content\">\n<p>Cursul este disponibil timp de 60 de zile.<\/p>\n<\/div><\/li><\/ul><\/div><\/div><\/div><\/div>\n","protected":false},"excerpt":{"rendered":"","protected":false},"featured_media":178588,"template":"","meta":[],"product_brand":[],"product_cat":[9338],"product_tag":[],"class_list":{"0":"post-307726","1":"product","2":"type-product","3":"status-publish","4":"has-post-thumbnail","6":"product_cat-elcony-ro","8":"first","9":"instock","10":"taxable","11":"shipping-taxable","12":"purchasable","13":"product-type-variable"},"yoast_head":"<!-- This site is optimized with the Yoast SEO plugin v27.5 - https:\/\/yoast.com\/product\/yoast-seo-wordpress\/ -->\n<title>ATEX Awareness (Con\u0219tientizare) Curs Online + Examen Online &#8226; ELCONY<\/title>\n<meta name=\"robots\" content=\"noindex, follow\" \/>\n<script type=\"application\/ld+json\" class=\"yoast-schema-graph\">{\"@context\":\"https:\\\/\\\/schema.org\",\"@graph\":[{\"@type\":\"WebPage\",\"@id\":\"https:\\\/\\\/www.elcony.com\\\/ro\\\/produs\\\/307726\\\/\",\"url\":\"https:\\\/\\\/www.elcony.com\\\/ro\\\/produs\\\/307726\\\/\",\"name\":\"ATEX Awareness (Con\u0219tientizare) Curs Online + Examen Online &#8226; ELCONY\",\"isPartOf\":{\"@id\":\"https:\\\/\\\/www.elcony.com\\\/it\\\/#website\"},\"primaryImageOfPage\":{\"@id\":\"https:\\\/\\\/www.elcony.com\\\/ro\\\/produs\\\/307726\\\/#primaryimage\"},\"image\":{\"@id\":\"https:\\\/\\\/www.elcony.com\\\/ro\\\/produs\\\/307726\\\/#primaryimage\"},\"thumbnailUrl\":\"https:\\\/\\\/www.elcony.com\\\/wp-content\\\/uploads\\\/2023\\\/07\\\/ATEX-200x172-1.png\",\"datePublished\":\"2024-07-04T16:45:30+00:00\",\"dateModified\":\"2025-11-10T14:35:51+00:00\",\"breadcrumb\":{\"@id\":\"https:\\\/\\\/www.elcony.com\\\/ro\\\/produs\\\/307726\\\/#breadcrumb\"},\"inLanguage\":\"ro-RO\",\"potentialAction\":[{\"@type\":\"ReadAction\",\"target\":[\"https:\\\/\\\/www.elcony.com\\\/ro\\\/produs\\\/307726\\\/\"]}]},{\"@type\":\"ImageObject\",\"inLanguage\":\"ro-RO\",\"@id\":\"https:\\\/\\\/www.elcony.com\\\/ro\\\/produs\\\/307726\\\/#primaryimage\",\"url\":\"https:\\\/\\\/www.elcony.com\\\/wp-content\\\/uploads\\\/2023\\\/07\\\/ATEX-200x172-1.png\",\"contentUrl\":\"https:\\\/\\\/www.elcony.com\\\/wp-content\\\/uploads\\\/2023\\\/07\\\/ATEX-200x172-1.png\",\"width\":200,\"height\":172},{\"@type\":\"BreadcrumbList\",\"@id\":\"https:\\\/\\\/www.elcony.com\\\/ro\\\/produs\\\/307726\\\/#breadcrumb\",\"itemListElement\":[{\"@type\":\"ListItem\",\"position\":1,\"name\":\"Home\",\"item\":\"https:\\\/\\\/www.elcony.com\\\/ro\\\/\"},{\"@type\":\"ListItem\",\"position\":2,\"name\":\"Prodotti\",\"item\":\"https:\\\/\\\/www.elcony.com\\\/it\\\/shop\\\/\"},{\"@type\":\"ListItem\",\"position\":3,\"name\":\"ATEX Awareness (Con\u0219tientizare) Curs Online + Examen Online\"}]},{\"@type\":\"WebSite\",\"@id\":\"https:\\\/\\\/www.elcony.com\\\/it\\\/#website\",\"url\":\"https:\\\/\\\/www.elcony.com\\\/it\\\/\",\"name\":\"ELCONY\",\"description\":\"ARBO, VCA en SOG Opleidingen\",\"potentialAction\":[{\"@type\":\"SearchAction\",\"target\":{\"@type\":\"EntryPoint\",\"urlTemplate\":\"https:\\\/\\\/www.elcony.com\\\/it\\\/?s={search_term_string}\"},\"query-input\":{\"@type\":\"PropertyValueSpecification\",\"valueRequired\":true,\"valueName\":\"search_term_string\"}}],\"inLanguage\":\"ro-RO\"}]}<\/script>\n<!-- \/ Yoast SEO plugin. -->","yoast_head_json":{"title":"ATEX Awareness (Con\u0219tientizare) Curs Online + Examen Online &#8226; ELCONY","robots":{"index":"noindex","follow":"follow"},"schema":{"@context":"https:\/\/schema.org","@graph":[{"@type":"WebPage","@id":"https:\/\/www.elcony.com\/ro\/produs\/307726\/","url":"https:\/\/www.elcony.com\/ro\/produs\/307726\/","name":"ATEX Awareness (Con\u0219tientizare) Curs Online + Examen Online &#8226; ELCONY","isPartOf":{"@id":"https:\/\/www.elcony.com\/it\/#website"},"primaryImageOfPage":{"@id":"https:\/\/www.elcony.com\/ro\/produs\/307726\/#primaryimage"},"image":{"@id":"https:\/\/www.elcony.com\/ro\/produs\/307726\/#primaryimage"},"thumbnailUrl":"https:\/\/www.elcony.com\/wp-content\/uploads\/2023\/07\/ATEX-200x172-1.png","datePublished":"2024-07-04T16:45:30+00:00","dateModified":"2025-11-10T14:35:51+00:00","breadcrumb":{"@id":"https:\/\/www.elcony.com\/ro\/produs\/307726\/#breadcrumb"},"inLanguage":"ro-RO","potentialAction":[{"@type":"ReadAction","target":["https:\/\/www.elcony.com\/ro\/produs\/307726\/"]}]},{"@type":"ImageObject","inLanguage":"ro-RO","@id":"https:\/\/www.elcony.com\/ro\/produs\/307726\/#primaryimage","url":"https:\/\/www.elcony.com\/wp-content\/uploads\/2023\/07\/ATEX-200x172-1.png","contentUrl":"https:\/\/www.elcony.com\/wp-content\/uploads\/2023\/07\/ATEX-200x172-1.png","width":200,"height":172},{"@type":"BreadcrumbList","@id":"https:\/\/www.elcony.com\/ro\/produs\/307726\/#breadcrumb","itemListElement":[{"@type":"ListItem","position":1,"name":"Home","item":"https:\/\/www.elcony.com\/ro\/"},{"@type":"ListItem","position":2,"name":"Prodotti","item":"https:\/\/www.elcony.com\/it\/shop\/"},{"@type":"ListItem","position":3,"name":"ATEX Awareness (Con\u0219tientizare) Curs Online + Examen Online"}]},{"@type":"WebSite","@id":"https:\/\/www.elcony.com\/it\/#website","url":"https:\/\/www.elcony.com\/it\/","name":"ELCONY","description":"ARBO, VCA en SOG Opleidingen","potentialAction":[{"@type":"SearchAction","target":{"@type":"EntryPoint","urlTemplate":"https:\/\/www.elcony.com\/it\/?s={search_term_string}"},"query-input":{"@type":"PropertyValueSpecification","valueRequired":true,"valueName":"search_term_string"}}],"inLanguage":"ro-RO"}]}},"_links":{"self":[{"href":"https:\/\/www.elcony.com\/ro\/wp-json\/wp\/v2\/product\/307726","targetHints":{"allow":["GET"]}}],"collection":[{"href":"https:\/\/www.elcony.com\/ro\/wp-json\/wp\/v2\/product"}],"about":[{"href":"https:\/\/www.elcony.com\/ro\/wp-json\/wp\/v2\/types\/product"}],"wp:featuredmedia":[{"embeddable":true,"href":"https:\/\/www.elcony.com\/ro\/wp-json\/wp\/v2\/media\/178588"}],"wp:attachment":[{"href":"https:\/\/www.elcony.com\/ro\/wp-json\/wp\/v2\/media?parent=307726"}],"wp:term":[{"taxonomy":"product_brand","embeddable":true,"href":"https:\/\/www.elcony.com\/ro\/wp-json\/wp\/v2\/product_brand?post=307726"},{"taxonomy":"product_cat","embeddable":true,"href":"https:\/\/www.elcony.com\/ro\/wp-json\/wp\/v2\/product_cat?post=307726"},{"taxonomy":"product_tag","embeddable":true,"href":"https:\/\/www.elcony.com\/ro\/wp-json\/wp\/v2\/product_tag?post=307726"}],"curies":[{"name":"wp","href":"https:\/\/api.w.org\/{rel}","templated":true}]}}