{"id":186541,"date":"2023-10-08T11:38:34","date_gmt":"2023-10-08T09:38:34","guid":{"rendered":"https:\/\/www.elcony.com\/twin-ferrule\/"},"modified":"2026-02-06T20:26:48","modified_gmt":"2026-02-06T19:26:48","slug":"twin-ferrule","status":"publish","type":"page","link":"https:\/\/www.elcony.com\/sk\/twin-ferrule\/","title":{"rendered":"Twin Ferrule"},"content":{"rendered":"<div class=\"fusion-fullwidth fullwidth-box fusion-builder-row-1 has-pattern-background has-mask-background nonhundred-percent-fullwidth non-hundred-percent-height-scrolling\" style=\"--awb-border-radius-top-left:0px;--awb-border-radius-top-right:0px;--awb-border-radius-bottom-right:0px;--awb-border-radius-bottom-left:0px;--awb-flex-wrap:wrap;\" ><div class=\"fusion-builder-row fusion-row\"><div class=\"fusion-layout-column fusion_builder_column fusion-builder-column-0 fusion_builder_column_1_5 1_5 fusion-one-fifth fusion-column-first\" style=\"--awb-bg-blend:overlay;--awb-bg-size:cover;width:20%;width:calc(20% - ( ( 4% + 4% ) * 0.2 ) );margin-right: 4%;\"><div class=\"fusion-column-wrapper fusion-flex-column-wrapper-legacy\"><div class=\"fusion-clearfix\"><\/div><\/div><\/div><div class=\"fusion-layout-column fusion_builder_column fusion-builder-column-1 fusion_builder_column_3_5 3_5 fusion-three-fifth\" style=\"--awb-bg-blend:overlay;--awb-bg-size:cover;width:60%;width:calc(60% - ( ( 4% + 4% ) * 0.6 ) );margin-right: 4%;\"><div class=\"fusion-column-wrapper fusion-flex-column-wrapper-legacy\"><div class=\"fusion-text fusion-text-1\"><h1>Pr\u00e1ca s fitingami Twin Ferrule<\/h1>\n<p> Fitingy twin ferrule sa \u0161iroko pou\u017e\u00edvaj\u00fa v (petro)chemickom priemysle, in\u0161trument\u00e1cii a procesn\u00fdch in\u0161tal\u00e1ci\u00e1ch. Spr\u00e1vna mont\u00e1\u017e je nevyhnutn\u00e1 na zabr\u00e1nenie \u00fanikov, po\u0161kodeniu materi\u00e1lu a n\u00e1kladom na poruchy. V r\u00e1mci kurzu Pr\u00e1ca s fitingami Twin Ferrule sa nau\u010d\u00edte montova\u0165 tieto fitingy bezpe\u010dne, spr\u00e1vne a v s\u00falade s platn\u00fdmi smernicami. <\/p>\n<h2>\u010co s\u00fa fitingy twin ferrule?<\/h2>\n<p> Fitingy twin ferrule pozost\u00e1vaj\u00fa z predn\u00e9ho a zadn\u00e9ho kr\u00fa\u017eku, ktor\u00e9 spolu zabezpe\u010duj\u00fa spo\u013eahliv\u00e9 a tlaku odoln\u00e9 spojenie medzi r\u00farkou a fitingom. \u010casto sa pou\u017e\u00edvaj\u00fa v in\u0161trumenta\u010dn\u00fdch potrubiach, kde platia vysok\u00e9 po\u017eiadavky na bezpe\u010dnos\u0165 a presnos\u0165. <\/p>\n<h2>Pre koho je kurz Pr\u00e1ca s fitingami Twin Ferrule ur\u010den\u00fd?<\/h2>\n<ul>\n<li>Mont\u00e9rov a technikov \u00fadr\u017eby.<\/li>\n<li>In\u0161trumenta\u010dn\u00fdch mont\u00e9rov.<\/li>\n<li>Pracovn\u00edkov v (petro)chemickom priemysle.<\/li>\n<li>Samostatne z\u00e1robkovo \u010dinn\u00e9 osoby a kontraktorov.<\/li>\n<li>Technick\u00fd person\u00e1l pracuj\u00faci s potrubn\u00fdmi a in\u0161trumenta\u010dn\u00fdmi fitingami.<\/li>\n<\/ul>\n<h2>Pr\u00e1ca s fitingami Twin Ferrule bez SOG<\/h2>\n<h3>Cie\u013eov\u00e1 skupina<\/h3>\n<p> Toto \u0161kolenie je vhodn\u00e9 pre zamestnancov, ktor\u00ed montuj\u00fa fitingy twin ferrule u objedn\u00e1vate\u013eov, kde neplat\u00ed povinnos\u0165 SOG. <\/p>\n<h3>Kedy si zvoli\u0165 fitingy Twin Ferrule bez SOG?<\/h3>\n<ul>\n<li>V\u00e1\u0161 objedn\u00e1vate\u013e nevy\u017eaduje diplom SOG.<\/li>\n<li>Pracujete pod\u013ea intern\u00fdch bezpe\u010dnostn\u00fdch a mont\u00e1\u017enych postupov.<\/li>\n<li>H\u013ead\u00e1te prakticky zameran\u00e9 \u0161kolenie bez extern\u00e9ho SOG sk\u00fa\u0161ania.<\/li>\n<\/ul>\n<p> Po ukon\u010den\u00ed z\u00edskate diplom s registr\u00e1ciou v <strong>registri diplomov ELCONY<\/strong>, ktor\u00fd je <strong>platn\u00fd 5 rokov<\/strong>. <\/p>\n<h3><strong>Trvanie kurzu a cena<\/strong><\/h3>\n<ul>\n<li>1 de\u0148 s existuj\u00facimi znalos\u0165ami prostredn\u00edctvom na\u0161ej online pr\u00edpravy alebo opakovacieho kurzu: <strong>\u20ac 255,00<\/strong> bez DPH<\/li>\n<li>2 dni bez predch\u00e1dzaj\u00facich sk\u00fasenost\u00ed: <strong>\u20ac 455,00<\/strong> bez DPH<\/li>\n<\/ul>\n<h2 id=\"sog\">Pr\u00e1ca s fitingami Twin Ferrule so SOG<\/h2>\n<h3>Cie\u013eov\u00e1 skupina<\/h3>\n<p> Kurz Pr\u00e1ca s fitingami Twin Ferrule uznan\u00fd SOG je ur\u010den\u00fd pre zamestnancov pracuj\u00facich u objedn\u00e1vate\u013eov, kde je povinn\u00fd ofici\u00e1lne uznan\u00fd diplom SOG. <\/p>\n<h3>Kedy je Twin Ferrule (SOG) povinn\u00fd?<\/h3>\n<ul>\n<li>Pri pr\u00e1cach na (petro)chemick\u00fdch priemyseln\u00fdch are\u00e1loch.<\/li>\n<li>U objedn\u00e1vate\u013eov pracuj\u00facich pod\u013ea po\u017eiadaviek SSVV.<\/li>\n<li>Po\u010das odst\u00e1vok \u00fadr\u017eby a turnarounds.<\/li>\n<li>Na miestach s pr\u00edsne regulovan\u00fdmi bezpe\u010dnostn\u00fdmi postupmi.<\/li>\n<\/ul>\n<p> Po \u00faspe\u0161nom absolvovan\u00ed sk\u00fa\u0161ky je diplom zaregistrovan\u00fd v <strong>registri diplomov SSVV<\/strong> a je platn\u00fd 5 rokov. <\/p>\n<h3><strong>Trvanie kurzu a cena<\/strong><\/h3>\n<ul>\n<li>1 de\u0148 s existuj\u00facimi znalos\u0165ami prostredn\u00edctvom na\u0161ej online pr\u00edpravy alebo opakovacieho kurzu: <strong>\u20ac 369,00<\/strong> bez DPH<\/li>\n<li>2 dni bez predch\u00e1dzaj\u00facich sk\u00fasenost\u00ed: <strong>\u20ac 569,00<\/strong> bez DPH<\/li>\n<\/ul>\n<h2>Lokality<\/h2>\n<p> Kurz Pr\u00e1ca s fitingami twin ferrule sa kon\u00e1 na viacer\u00fdch miestach v Holandsku a m\u00f4\u017ee sa uskuto\u010dni\u0165 aj na va\u0161ej vlastnej lokalite. <\/p>\n<h2><strong>Kontakt<\/strong><\/h2>\n<p> Pre viac inform\u00e1ci\u00ed alebo registr\u00e1ciu m\u00f4\u017eete zavola\u0165 na \u010d\u00edslo <strong>+31(0)88-2200100<\/strong> alebo posla\u0165 e-mail na <strong><a href=\"&#109;&#x61;i&#108;&#x74;o&#58;&#x69;n&#102;&#x6f;&#64;&#101;&#x6c;&#99;&#x6f;&#x6e;&#121;&#x2e;&#x63;&#111;&#x6d;\">i&#110;&#102;&#x6f;&#x40;el&#99;&#111;&#x6e;&#x79;&#46;c&#111;&#109;<\/a><\/strong>.<\/p>\n<\/div><div class=\"fusion-clearfix\"><\/div><\/div><\/div><div class=\"fusion-layout-column fusion_builder_column fusion-builder-column-2 fusion_builder_column_1_5 1_5 fusion-one-fifth fusion-column-last\" style=\"--awb-bg-blend:overlay;--awb-bg-size:cover;width:20%;width:calc(20% - ( ( 4% + 4% ) * 0.2 ) );\"><div class=\"fusion-column-wrapper fusion-flex-column-wrapper-legacy\"><div class=\"fusion-clearfix\"><\/div><\/div><\/div><\/div><\/div>\n","protected":false},"excerpt":{"rendered":"","protected":false},"author":1,"featured_media":0,"parent":0,"menu_order":6,"comment_status":"closed","ping_status":"closed","template":"","meta":{"footnotes":""},"class_list":["post-186541","page","type-page","status-publish","hentry"],"yoast_head":"<!-- This site is optimized with the Yoast SEO plugin v27.5 - https:\/\/yoast.com\/product\/yoast-seo-wordpress\/ -->\n<title>Pr\u00e1ca s fitingami Twin Ferrule (SOG) \u2013 celon\u00e1rodne a in-company<\/title>\n<meta name=\"description\" content=\"Nau\u010dte sa bezpe\u010dne a spr\u00e1vne pracova\u0165 s fitingami twin ferrule. Prakticky zameran\u00fd kurz pre mont\u00e9rov a pracovn\u00edkov v oblasti in\u0161trument\u00e1cie.\" \/>\n<meta name=\"robots\" content=\"index, follow, max-snippet:-1, max-image-preview:large, max-video-preview:-1\" \/>\n<link rel=\"canonical\" href=\"https:\/\/www.elcony.com\/werken-met-twin-ferrule-fittingen\/\" \/>\n<script type=\"application\/ld+json\" class=\"yoast-schema-graph\">{\"@context\":\"https:\\\/\\\/schema.org\",\"@graph\":[{\"@type\":\"WebPage\",\"@id\":\"https:\\\/\\\/www.elcony.com\\\/werken-met-twin-ferrule-fittingen\\\/\",\"url\":\"https:\\\/\\\/www.elcony.com\\\/werken-met-twin-ferrule-fittingen\\\/\",\"name\":\"Pr\u00e1ca s fitingami Twin Ferrule (SOG) \u2013 celon\u00e1rodne a in-company\",\"isPartOf\":{\"@id\":\"https:\\\/\\\/www.elcony.com\\\/it\\\/#website\"},\"datePublished\":\"2023-10-08T09:38:34+00:00\",\"dateModified\":\"2026-02-06T19:26:48+00:00\",\"description\":\"Nau\u010dte sa bezpe\u010dne a spr\u00e1vne pracova\u0165 s fitingami twin ferrule. Prakticky zameran\u00fd kurz pre mont\u00e9rov a pracovn\u00edkov v oblasti in\u0161trument\u00e1cie.\",\"breadcrumb\":{\"@id\":\"https:\\\/\\\/www.elcony.com\\\/werken-met-twin-ferrule-fittingen\\\/#breadcrumb\"},\"inLanguage\":\"sk-SK\",\"potentialAction\":[{\"@type\":\"ReadAction\",\"target\":[\"https:\\\/\\\/www.elcony.com\\\/werken-met-twin-ferrule-fittingen\\\/\"]}]},{\"@type\":\"BreadcrumbList\",\"@id\":\"https:\\\/\\\/www.elcony.com\\\/werken-met-twin-ferrule-fittingen\\\/#breadcrumb\",\"itemListElement\":[{\"@type\":\"ListItem\",\"position\":1,\"name\":\"Home\",\"item\":\"https:\\\/\\\/www.elcony.com\\\/sk\\\/\"},{\"@type\":\"ListItem\",\"position\":2,\"name\":\"Twin Ferrule\"}]},{\"@type\":\"WebSite\",\"@id\":\"https:\\\/\\\/www.elcony.com\\\/it\\\/#website\",\"url\":\"https:\\\/\\\/www.elcony.com\\\/it\\\/\",\"name\":\"ELCONY\",\"description\":\"ARBO, VCA en SOG Opleidingen\",\"potentialAction\":[{\"@type\":\"SearchAction\",\"target\":{\"@type\":\"EntryPoint\",\"urlTemplate\":\"https:\\\/\\\/www.elcony.com\\\/it\\\/?s={search_term_string}\"},\"query-input\":{\"@type\":\"PropertyValueSpecification\",\"valueRequired\":true,\"valueName\":\"search_term_string\"}}],\"inLanguage\":\"sk-SK\"}]}<\/script>\n<!-- \/ Yoast SEO plugin. -->","yoast_head_json":{"title":"Pr\u00e1ca s fitingami Twin Ferrule (SOG) \u2013 celon\u00e1rodne a in-company","description":"Nau\u010dte sa bezpe\u010dne a spr\u00e1vne pracova\u0165 s fitingami twin ferrule. Prakticky zameran\u00fd kurz pre mont\u00e9rov a pracovn\u00edkov v oblasti in\u0161trument\u00e1cie.","robots":{"index":"index","follow":"follow","max-snippet":"max-snippet:-1","max-image-preview":"max-image-preview:large","max-video-preview":"max-video-preview:-1"},"canonical":"https:\/\/www.elcony.com\/werken-met-twin-ferrule-fittingen\/","schema":{"@context":"https:\/\/schema.org","@graph":[{"@type":"WebPage","@id":"https:\/\/www.elcony.com\/werken-met-twin-ferrule-fittingen\/","url":"https:\/\/www.elcony.com\/werken-met-twin-ferrule-fittingen\/","name":"Pr\u00e1ca s fitingami Twin Ferrule (SOG) \u2013 celon\u00e1rodne a in-company","isPartOf":{"@id":"https:\/\/www.elcony.com\/it\/#website"},"datePublished":"2023-10-08T09:38:34+00:00","dateModified":"2026-02-06T19:26:48+00:00","description":"Nau\u010dte sa bezpe\u010dne a spr\u00e1vne pracova\u0165 s fitingami twin ferrule. Prakticky zameran\u00fd kurz pre mont\u00e9rov a pracovn\u00edkov v oblasti in\u0161trument\u00e1cie.","breadcrumb":{"@id":"https:\/\/www.elcony.com\/werken-met-twin-ferrule-fittingen\/#breadcrumb"},"inLanguage":"sk-SK","potentialAction":[{"@type":"ReadAction","target":["https:\/\/www.elcony.com\/werken-met-twin-ferrule-fittingen\/"]}]},{"@type":"BreadcrumbList","@id":"https:\/\/www.elcony.com\/werken-met-twin-ferrule-fittingen\/#breadcrumb","itemListElement":[{"@type":"ListItem","position":1,"name":"Home","item":"https:\/\/www.elcony.com\/sk\/"},{"@type":"ListItem","position":2,"name":"Twin Ferrule"}]},{"@type":"WebSite","@id":"https:\/\/www.elcony.com\/it\/#website","url":"https:\/\/www.elcony.com\/it\/","name":"ELCONY","description":"ARBO, VCA en SOG Opleidingen","potentialAction":[{"@type":"SearchAction","target":{"@type":"EntryPoint","urlTemplate":"https:\/\/www.elcony.com\/it\/?s={search_term_string}"},"query-input":{"@type":"PropertyValueSpecification","valueRequired":true,"valueName":"search_term_string"}}],"inLanguage":"sk-SK"}]}},"_links":{"self":[{"href":"https:\/\/www.elcony.com\/sk\/wp-json\/wp\/v2\/pages\/186541","targetHints":{"allow":["GET"]}}],"collection":[{"href":"https:\/\/www.elcony.com\/sk\/wp-json\/wp\/v2\/pages"}],"about":[{"href":"https:\/\/www.elcony.com\/sk\/wp-json\/wp\/v2\/types\/page"}],"author":[{"embeddable":true,"href":"https:\/\/www.elcony.com\/sk\/wp-json\/wp\/v2\/users\/1"}],"replies":[{"embeddable":true,"href":"https:\/\/www.elcony.com\/sk\/wp-json\/wp\/v2\/comments?post=186541"}],"version-history":[{"count":3,"href":"https:\/\/www.elcony.com\/sk\/wp-json\/wp\/v2\/pages\/186541\/revisions"}],"predecessor-version":[{"id":391475,"href":"https:\/\/www.elcony.com\/sk\/wp-json\/wp\/v2\/pages\/186541\/revisions\/391475"}],"wp:attachment":[{"href":"https:\/\/www.elcony.com\/sk\/wp-json\/wp\/v2\/media?parent=186541"}],"curies":[{"name":"wp","href":"https:\/\/api.w.org\/{rel}","templated":true}]}}