{"id":233962,"date":"2023-11-25T08:56:33","date_gmt":"2023-11-25T07:56:33","guid":{"rendered":"https:\/\/www.elcony.com\/krutiaci-moment-a-napinanie\/"},"modified":"2026-02-06T14:04:12","modified_gmt":"2026-02-06T13:04:12","slug":"krutiaci-moment-a-napinanie","status":"publish","type":"page","link":"https:\/\/www.elcony.com\/sk\/krutiaci-moment-a-napinanie\/","title":{"rendered":"U\u0165ahovac\u00ed moment a nap\u00ednanie"},"content":{"rendered":"<div class=\"fusion-fullwidth fullwidth-box fusion-builder-row-1 fusion-flex-container has-pattern-background has-mask-background nonhundred-percent-fullwidth non-hundred-percent-height-scrolling\" style=\"--awb-border-radius-top-left:0px;--awb-border-radius-top-right:0px;--awb-border-radius-bottom-right:0px;--awb-border-radius-bottom-left:0px;--awb-flex-wrap:wrap;\" ><div class=\"fusion-builder-row fusion-row fusion-flex-align-items-flex-start fusion-flex-content-wrap\" style=\"max-width:101%;margin-left: calc(-1% \/ 2 );margin-right: calc(-1% \/ 2 );\"><div class=\"fusion-layout-column fusion_builder_column fusion-builder-column-0 fusion_builder_column_1_5 1_5 fusion-flex-column\" style=\"--awb-bg-size:cover;--awb-width-large:20%;--awb-margin-top-large:5px;--awb-spacing-right-large:2.475%;--awb-margin-bottom-large:5px;--awb-spacing-left-large:2.475%;--awb-width-medium:100%;--awb-order-medium:0;--awb-spacing-right-medium:0.495%;--awb-spacing-left-medium:0.495%;--awb-width-small:100%;--awb-order-small:0;--awb-spacing-right-small:0.495%;--awb-spacing-left-small:0.495%;\"><div class=\"fusion-column-wrapper fusion-column-has-shadow fusion-flex-justify-content-flex-start fusion-content-layout-column\"><\/div><\/div><div class=\"fusion-layout-column fusion_builder_column fusion-builder-column-1 fusion_builder_column_3_5 3_5 fusion-flex-column\" style=\"--awb-bg-size:cover;--awb-width-large:60%;--awb-margin-top-large:5px;--awb-spacing-right-large:0.825%;--awb-margin-bottom-large:5px;--awb-spacing-left-large:0.825%;--awb-width-medium:100%;--awb-order-medium:0;--awb-spacing-right-medium:0.495%;--awb-spacing-left-medium:0.495%;--awb-width-small:100%;--awb-order-small:0;--awb-spacing-right-small:0.495%;--awb-spacing-left-small:0.495%;\"><div class=\"fusion-column-wrapper fusion-column-has-shadow fusion-flex-justify-content-flex-start fusion-content-layout-column\"><div class=\"fusion-text fusion-text-1\"><h1>Kurz u\u0165ahovacieho momentu a nap\u00ednania<\/h1>\n<p> Pr\u00e1ca so zariadeniami na u\u0165ahovac\u00ed moment a nap\u00ednanie si vy\u017eaduje \u0161pecializovan\u00e9 odborn\u00e9 znalosti, presnos\u0165 a d\u00f4sledn\u00e9 dodr\u017eiavanie stanoven\u00fdch postupov. V kurze u\u0165ahovacieho momentu a nap\u00ednania sa nau\u010d\u00edte bezpe\u010dne, kontrolovane a v s\u00falade s platn\u00fdmi normami pracova\u0165 so skrutkov\u00fdmi spojmi v priemyselnom prostred\u00ed. <\/p>\n<h2>\u010co je u\u0165ahovac\u00ed moment a nap\u00ednanie?<\/h2>\n<p> U\u0165ahovac\u00ed moment a nap\u00ednanie s\u00fa kontrolovan\u00e9 met\u00f3dy na u\u0165ahovanie a povo\u013eovanie skrutkov\u00fdch spojov. U\u0165ahovac\u00ed moment vyu\u017e\u00edva vopred nastaven\u00fa hodnotu momentu, zatia\u013e \u010do nap\u00ednanie pracuje s pred\u013a\u017een\u00edm skrutky pomocou hydraulick\u00e9ho nap\u00e4tia. Obe techniky s\u00fa nevyhnutn\u00e9 pre bezpe\u010dn\u00e9 a spo\u013eahliv\u00e9 pr\u00edrubov\u00e9 a skrutkov\u00e9 spoje. <\/p>\n<h2>Pre koho je kurz u\u0165ahovacieho momentu a nap\u00ednania ur\u010den\u00fd?<\/h2>\n<ul>\n<li>Mont\u00e9rov a technikov \u00fadr\u017eby.<\/li>\n<li>Zamestnancov v (petro)chemickom priemysle.<\/li>\n<li>Technick\u00fd person\u00e1l pracuj\u00faci so skrutkov\u00fdmi a pr\u00edrubov\u00fdmi spojmi.<\/li>\n<li>SZ\u010cO a extern\u00fdch dod\u00e1vate\u013eov.<\/li>\n<\/ul>\n<h2>U\u0165ahovac\u00ed moment a nap\u00ednanie bez SOG<\/h2>\n<h3>Cie\u013eov\u00e1 skupina<\/h3>\n<p> Toto \u0161kolenie je vhodn\u00e9 pre mont\u00e9rov, ktor\u00ed pracuj\u00fa s hydraulick\u00fdmi zariadeniami na u\u0165ahovac\u00ed moment a nap\u00ednanie u objedn\u00e1vate\u013eov, kde neplat\u00ed povinnos\u0165 SOG. <\/p>\n<h3>Kedy si zvoli\u0165 u\u0165ahovac\u00ed moment a nap\u00ednanie bez SOG?<\/h3>\n<ul>\n<li>V\u00e1\u0161 objedn\u00e1vate\u013e nevy\u017eaduje diplom SOG.<\/li>\n<li>Pracujete pod\u013ea intern\u00fdch bezpe\u010dnostn\u00fdch postupov.<\/li>\n<li>Chcete sa prakticky u\u010di\u0165 bez extern\u00e9ho SOG sk\u00fa\u0161ania.<\/li>\n<\/ul>\n<p> Po absolvovan\u00ed z\u00edskate diplom s registr\u00e1ciou v <strong>Registri diplomov ELCONY<\/strong>, ktor\u00fd je <strong>platn\u00fd 5 rokov<\/strong>. <\/p>\n<h3>Trvanie kurzu a <strong>cena<\/strong><\/h3>\n<ul>\n<li>1 de\u0148 s existuj\u00facimi znalos\u0165ami prostredn\u00edctvom na\u0161ej online pr\u00edpravy alebo opakovacieho kurzu: <strong>\u20ac 285,00<\/strong> bez DPH<\/li>\n<li>2 dni bez predch\u00e1dzaj\u00facich sk\u00fasenost\u00ed: <strong>\u20ac 485,00<\/strong> bez DPH<\/li>\n<\/ul>\n<h2>U\u0165ahovac\u00ed moment a nap\u00ednanie so SOG<\/h2>\n<h3>Cie\u013eov\u00e1 skupina<\/h3>\n<p> Kurz u\u0165ahovacieho momentu a nap\u00ednania uzn\u00e1van\u00fd SOG je ur\u010den\u00fd pre mont\u00e9rov pracuj\u00facich u objedn\u00e1vate\u013eov, kde je povinn\u00fd ofici\u00e1lne uzn\u00e1van\u00fd diplom. <\/p>\n<h3>Kedy je u\u0165ahovac\u00ed moment a nap\u00ednanie (SOG) povinn\u00e9?<\/h3>\n<ul>\n<li>Pri pr\u00e1cach v (petro)chemickom priemysle.<\/li>\n<li>Po\u010das odst\u00e1vok \u00fadr\u017eby a gener\u00e1lnych opr\u00e1v (turnarounds).<\/li>\n<li>U objedn\u00e1vate\u013eov pracuj\u00facich pod\u013ea po\u017eiadaviek SSVV.<\/li>\n<li>Na pracovisk\u00e1ch s pr\u00edsne regulovan\u00fdmi bezpe\u010dnostn\u00fdmi postupmi.<\/li>\n<\/ul>\n<p> Po \u00faspe\u0161nom zlo\u017een\u00ed sk\u00fa\u0161ky je diplom registrovan\u00fd v <strong>Registri diplomov SSVV<\/strong> a je <strong>platn\u00fd 5 rokov<\/strong>. <\/p>\n<h3>Trvanie kurzu a cena<\/h3>\n<ul>\n<li>1 de\u0148 s existuj\u00facimi znalos\u0165ami prostredn\u00edctvom na\u0161ej online pr\u00edpravy alebo opakovacieho kurzu: <strong>\u20ac 359,00<\/strong> bez DPH<\/li>\n<li>2 dni bez predch\u00e1dzaj\u00facich sk\u00fasenost\u00ed: <strong>\u20ac 559,00<\/strong> bez DPH<\/li>\n<\/ul>\n<h2>Miesto konania<\/h2>\n<p> Kurzy sa konaj\u00fa na viacer\u00fdch miestach v Holandsku a m\u00f4\u017eu sa uskuto\u010dni\u0165 aj na va\u0161om vlastnom pracovisku. <\/p>\n<h2>Kontakt<\/h2>\n<p> Pre viac inform\u00e1ci\u00ed alebo prihl\u00e1senie m\u00f4\u017eete vola\u0165 na <strong>+31(0)88-2200100<\/strong> alebo posla\u0165 e-mail na <strong><a href=\"&#x6d;a&#x69;&#108;&#x74;&#x6f;:&#x69;&#110;&#x66;&#x6f;&#64;&#x65;&#108;&#x63;&#x6f;n&#x79;&#46;&#x63;&#x6f;m\">inf&#111;&#64;&#101;&#108;&#x63;&#x6f;&#x6e;&#x79;&#x2e;&#x63;&#x6f;m<\/a><\/strong>.<\/p>\n<\/div><\/div><\/div><div class=\"fusion-layout-column fusion_builder_column fusion-builder-column-2 fusion_builder_column_1_5 1_5 fusion-flex-column\" style=\"--awb-bg-size:cover;--awb-width-large:20%;--awb-margin-top-large:5px;--awb-spacing-right-large:2.475%;--awb-margin-bottom-large:5px;--awb-spacing-left-large:2.475%;--awb-width-medium:100%;--awb-order-medium:0;--awb-spacing-right-medium:0.495%;--awb-spacing-left-medium:0.495%;--awb-width-small:100%;--awb-order-small:0;--awb-spacing-right-small:0.495%;--awb-spacing-left-small:0.495%;\"><div class=\"fusion-column-wrapper fusion-column-has-shadow fusion-flex-justify-content-flex-start fusion-content-layout-column\"><\/div><\/div><\/div><\/div>\n","protected":false},"excerpt":{"rendered":"","protected":false},"author":1,"featured_media":0,"parent":0,"menu_order":2,"comment_status":"closed","ping_status":"closed","template":"","meta":{"footnotes":""},"class_list":["post-233962","page","type-page","status-publish","hentry"],"yoast_head":"<!-- This site is optimized with the Yoast SEO plugin v27.5 - https:\/\/yoast.com\/product\/yoast-seo-wordpress\/ -->\n<title>Kurz u\u0165ahovacieho momentu a nap\u00ednania (SOG) | Tie\u017e Incompan<\/title>\n<meta name=\"description\" content=\"Kurz Torque &amp; Tensioning SOG alebo ELCONY. Sp\u013a\u0148a holandsk\u00e9 normy, pri ktor\u00fdch je vy\u017eadovan\u00fd platn\u00fd diplom SOG.\" \/>\n<meta name=\"robots\" content=\"index, follow, max-snippet:-1, max-image-preview:large, max-video-preview:-1\" \/>\n<link rel=\"canonical\" href=\"https:\/\/www.elcony.com\/sk\/krutiaci-moment-a-napinanie\/\" \/>\n<script type=\"application\/ld+json\" class=\"yoast-schema-graph\">{\"@context\":\"https:\\\/\\\/schema.org\",\"@graph\":[{\"@type\":\"WebPage\",\"@id\":\"https:\\\/\\\/www.elcony.com\\\/sk\\\/krutiaci-moment-a-napinanie\\\/\",\"url\":\"https:\\\/\\\/www.elcony.com\\\/sk\\\/krutiaci-moment-a-napinanie\\\/\",\"name\":\"Kurz u\u0165ahovacieho momentu a nap\u00ednania (SOG) | Tie\u017e Incompan\",\"isPartOf\":{\"@id\":\"https:\\\/\\\/www.elcony.com\\\/it\\\/#website\"},\"datePublished\":\"2023-11-25T07:56:33+00:00\",\"dateModified\":\"2026-02-06T13:04:12+00:00\",\"description\":\"Kurz Torque & Tensioning SOG alebo ELCONY. Sp\u013a\u0148a holandsk\u00e9 normy, pri ktor\u00fdch je vy\u017eadovan\u00fd platn\u00fd diplom SOG.\",\"breadcrumb\":{\"@id\":\"https:\\\/\\\/www.elcony.com\\\/sk\\\/krutiaci-moment-a-napinanie\\\/#breadcrumb\"},\"inLanguage\":\"sk-SK\",\"potentialAction\":[{\"@type\":\"ReadAction\",\"target\":[\"https:\\\/\\\/www.elcony.com\\\/sk\\\/krutiaci-moment-a-napinanie\\\/\"]}]},{\"@type\":\"BreadcrumbList\",\"@id\":\"https:\\\/\\\/www.elcony.com\\\/sk\\\/krutiaci-moment-a-napinanie\\\/#breadcrumb\",\"itemListElement\":[{\"@type\":\"ListItem\",\"position\":1,\"name\":\"Home\",\"item\":\"https:\\\/\\\/www.elcony.com\\\/sk\\\/\"},{\"@type\":\"ListItem\",\"position\":2,\"name\":\"U\u0165ahovac\u00ed moment a nap\u00ednanie\"}]},{\"@type\":\"WebSite\",\"@id\":\"https:\\\/\\\/www.elcony.com\\\/it\\\/#website\",\"url\":\"https:\\\/\\\/www.elcony.com\\\/it\\\/\",\"name\":\"ELCONY\",\"description\":\"ARBO, VCA en SOG Opleidingen\",\"potentialAction\":[{\"@type\":\"SearchAction\",\"target\":{\"@type\":\"EntryPoint\",\"urlTemplate\":\"https:\\\/\\\/www.elcony.com\\\/it\\\/?s={search_term_string}\"},\"query-input\":{\"@type\":\"PropertyValueSpecification\",\"valueRequired\":true,\"valueName\":\"search_term_string\"}}],\"inLanguage\":\"sk-SK\"}]}<\/script>\n<!-- \/ Yoast SEO plugin. -->","yoast_head_json":{"title":"Kurz u\u0165ahovacieho momentu a nap\u00ednania (SOG) | Tie\u017e Incompan","description":"Kurz Torque & Tensioning SOG alebo ELCONY. Sp\u013a\u0148a holandsk\u00e9 normy, pri ktor\u00fdch je vy\u017eadovan\u00fd platn\u00fd diplom SOG.","robots":{"index":"index","follow":"follow","max-snippet":"max-snippet:-1","max-image-preview":"max-image-preview:large","max-video-preview":"max-video-preview:-1"},"canonical":"https:\/\/www.elcony.com\/sk\/krutiaci-moment-a-napinanie\/","schema":{"@context":"https:\/\/schema.org","@graph":[{"@type":"WebPage","@id":"https:\/\/www.elcony.com\/sk\/krutiaci-moment-a-napinanie\/","url":"https:\/\/www.elcony.com\/sk\/krutiaci-moment-a-napinanie\/","name":"Kurz u\u0165ahovacieho momentu a nap\u00ednania (SOG) | Tie\u017e Incompan","isPartOf":{"@id":"https:\/\/www.elcony.com\/it\/#website"},"datePublished":"2023-11-25T07:56:33+00:00","dateModified":"2026-02-06T13:04:12+00:00","description":"Kurz Torque & Tensioning SOG alebo ELCONY. Sp\u013a\u0148a holandsk\u00e9 normy, pri ktor\u00fdch je vy\u017eadovan\u00fd platn\u00fd diplom SOG.","breadcrumb":{"@id":"https:\/\/www.elcony.com\/sk\/krutiaci-moment-a-napinanie\/#breadcrumb"},"inLanguage":"sk-SK","potentialAction":[{"@type":"ReadAction","target":["https:\/\/www.elcony.com\/sk\/krutiaci-moment-a-napinanie\/"]}]},{"@type":"BreadcrumbList","@id":"https:\/\/www.elcony.com\/sk\/krutiaci-moment-a-napinanie\/#breadcrumb","itemListElement":[{"@type":"ListItem","position":1,"name":"Home","item":"https:\/\/www.elcony.com\/sk\/"},{"@type":"ListItem","position":2,"name":"U\u0165ahovac\u00ed moment a nap\u00ednanie"}]},{"@type":"WebSite","@id":"https:\/\/www.elcony.com\/it\/#website","url":"https:\/\/www.elcony.com\/it\/","name":"ELCONY","description":"ARBO, VCA en SOG Opleidingen","potentialAction":[{"@type":"SearchAction","target":{"@type":"EntryPoint","urlTemplate":"https:\/\/www.elcony.com\/it\/?s={search_term_string}"},"query-input":{"@type":"PropertyValueSpecification","valueRequired":true,"valueName":"search_term_string"}}],"inLanguage":"sk-SK"}]}},"_links":{"self":[{"href":"https:\/\/www.elcony.com\/sk\/wp-json\/wp\/v2\/pages\/233962","targetHints":{"allow":["GET"]}}],"collection":[{"href":"https:\/\/www.elcony.com\/sk\/wp-json\/wp\/v2\/pages"}],"about":[{"href":"https:\/\/www.elcony.com\/sk\/wp-json\/wp\/v2\/types\/page"}],"author":[{"embeddable":true,"href":"https:\/\/www.elcony.com\/sk\/wp-json\/wp\/v2\/users\/1"}],"replies":[{"embeddable":true,"href":"https:\/\/www.elcony.com\/sk\/wp-json\/wp\/v2\/comments?post=233962"}],"version-history":[{"count":3,"href":"https:\/\/www.elcony.com\/sk\/wp-json\/wp\/v2\/pages\/233962\/revisions"}],"predecessor-version":[{"id":391351,"href":"https:\/\/www.elcony.com\/sk\/wp-json\/wp\/v2\/pages\/233962\/revisions\/391351"}],"wp:attachment":[{"href":"https:\/\/www.elcony.com\/sk\/wp-json\/wp\/v2\/media?parent=233962"}],"curies":[{"name":"wp","href":"https:\/\/api.w.org\/{rel}","templated":true}]}}