{"id":234377,"date":"2023-11-26T13:38:28","date_gmt":"2023-11-26T12:38:28","guid":{"rendered":"https:\/\/www.elcony.com\/vonkajsia-ochrana-ochrana-sachty\/"},"modified":"2026-02-06T14:40:32","modified_gmt":"2026-02-06T13:40:32","slug":"vonkajsia-ochrana-ochrana-sachty","status":"publish","type":"page","link":"https:\/\/www.elcony.com\/sk\/vonkajsia-ochrana-ochrana-sachty\/","title":{"rendered":"Vonkaj\u0161\u00ed dozorca (str\u00e1\u017eca vstupn\u00e9ho otvoru)"},"content":{"rendered":"<div class=\"fusion-fullwidth fullwidth-box fusion-builder-row-1 has-pattern-background has-mask-background nonhundred-percent-fullwidth non-hundred-percent-height-scrolling\" style=\"--awb-border-radius-top-left:0px;--awb-border-radius-top-right:0px;--awb-border-radius-bottom-right:0px;--awb-border-radius-bottom-left:0px;--awb-flex-wrap:wrap;\" ><div class=\"fusion-builder-row fusion-row\"><div class=\"fusion-layout-column fusion_builder_column fusion-builder-column-0 fusion_builder_column_1_5 1_5 fusion-one-fifth fusion-column-first\" style=\"--awb-bg-blend:overlay;--awb-bg-size:cover;width:20%;width:calc(20% - ( ( 4% + 4% ) * 0.2 ) );margin-right: 4%;\"><div class=\"fusion-column-wrapper fusion-flex-column-wrapper-legacy\"><div class=\"fusion-clearfix\"><\/div><\/div><\/div><div class=\"fusion-layout-column fusion_builder_column fusion-builder-column-1 fusion_builder_column_3_5 3_5 fusion-three-fifth\" style=\"--awb-padding-bottom:20px;--awb-bg-blend:overlay;--awb-bg-size:cover;--awb-margin-top:0px;--awb-margin-bottom:0px;width:60%;width:calc(60% - ( ( 4% + 4% ) * 0.6 ) );margin-right: 4%;\"><div class=\"fusion-column-wrapper fusion-flex-column-wrapper-legacy\"><div class=\"fusion-text fusion-text-1\"><h1>Pr\u00e1ca ako vonkaj\u0161\u00ed dozorca (str\u00e1\u017eca vstupn\u00e9ho otvoru)<\/h1>\n<p> Pr\u00e1ca ako vonkaj\u0161\u00ed dozorca (str\u00e1\u017eca vstupn\u00e9ho otvoru) je k\u013e\u00fa\u010dovou bezpe\u010dnostnou funkciou pri vykon\u00e1van\u00ed pr\u00e1c v uzavret\u00fdch priestoroch. Ako vonkaj\u0161\u00ed dozorca vykon\u00e1vate doh\u013ead, zabezpe\u010dujete bezpe\u010dnos\u0165 a v pr\u00edpade n\u00fadze okam\u017eite zasahujete. V kurze Pr\u00e1ca ako vonkaj\u0161\u00ed dozorca sa nau\u010d\u00edte t\u00fato \u00falohu vykon\u00e1va\u0165 bezpe\u010dne, zodpovedne a v s\u00falade s platn\u00fdmi postupmi. <\/p>\n<h2>\u010co rob\u00ed vonkaj\u0161\u00ed dozorca?<\/h2>\n<p> Vonkaj\u0161\u00ed dozorca dohliada na pr\u00e1ce v uzavret\u00fdch priestoroch, ako s\u00fa n\u00e1dr\u017ee, potrubia, \u0161achty a reaktory. Sleduje bezpe\u010dnos\u0165, udr\u017eiava komunik\u00e1ciu s pracovn\u00edkmi vo vn\u00fatri priestoru a v pr\u00edpade incidentov privol\u00e1va pomoc. <\/p>\n<h2>Pre koho je kurz Pr\u00e1ca ako vonkaj\u0161\u00ed dozorca ur\u010den\u00fd?<\/h2>\n<ul>\n<li>Zamestnancov v (petro)chemickom priemysle.<\/li>\n<li>\u00dadr\u017eb\u00e1rov a dod\u00e1vate\u013eov.<\/li>\n<li>Osoby vykon\u00e1vaj\u00face doh\u013ead nad pr\u00e1cami v uzavret\u00fdch priestoroch.<\/li>\n<li>SZ\u010cO pracuj\u00facich na priemyseln\u00fdch pracovisk\u00e1ch.<\/li>\n<li>V\u0161etk\u00fdch, ktor\u00ed vykon\u00e1vaj\u00fa \u00falohu str\u00e1\u017ecu vstupn\u00e9ho otvoru.<\/li>\n<\/ul>\n<h2>Pr\u00e1ca ako vonkaj\u0161\u00ed dozorca bez SOG<\/h2>\n<h3>Cie\u013eov\u00e1 skupina<\/h3>\n<p> Toto \u0161kolenie je vhodn\u00e9 pre zamestnancov, ktor\u00ed pracuj\u00fa ako vonkaj\u0161\u00ed dozorca v organiz\u00e1ci\u00e1ch alebo u objedn\u00e1vate\u013eov, kde neplat\u00ed povinnos\u0165 SOG. <\/p>\n<h3>Kedy si zvoli\u0165 vonkaj\u0161ieho dozorcU bez SOG?<\/h3>\n<ul>\n<li>V\u00e1\u0161 objedn\u00e1vate\u013e nevy\u017eaduje diplom SOG<\/li>\n<li>Pracujete v r\u00e1mci intern\u00fdch bezpe\u010dnostn\u00fdch postupov<\/li>\n<li>H\u013ead\u00e1te prakticky zameran\u00e9 \u0161kolenie bez extern\u00e9ho sk\u00fa\u0161ania<\/li>\n<\/ul>\n<p> Po absolvovan\u00ed z\u00edskate diplom s registr\u00e1ciou v <strong>Registri diplomov ELCONY<\/strong>, ktor\u00fd je <strong>platn\u00fd 5 rokov<\/strong>. <\/p>\n<h3>Trvanie kurzu a cena<\/h3>\n<ul>\n<li>1 de\u0148 s existuj\u00facimi znalos\u0165ami prostredn\u00edctvom na\u0161ej online pr\u00edpravy alebo opakovacieho kurzu: <strong>\u20ac 255,00<\/strong> bez DPH<\/li>\n<li>2 dni bez predch\u00e1dzaj\u00facich sk\u00fasenost\u00ed: <strong>\u20ac 455,00<\/strong> bez DPH<\/li>\n<\/ul>\n<h2>Pr\u00e1ca ako vonkaj\u0161\u00ed dozorca so SOG<\/h2>\n<h3>Cie\u013eov\u00e1 skupina<\/h3>\n<p> Kurz Pr\u00e1ca ako vonkaj\u0161\u00ed dozorca uzn\u00e1van\u00fd SOG je ur\u010den\u00fd pre zamestnancov pracuj\u00facich u objedn\u00e1vate\u013eov, kde je povinn\u00fd ofici\u00e1lne uzn\u00e1van\u00fd diplom. <\/p>\n<h3>Kedy je vonkaj\u0161\u00ed dozorca (SOG) povinn\u00fd?<\/h3>\n<ul>\n<li>Pri pr\u00e1cach v uzavret\u00fdch priestoroch v (petro)chemickom priemysle<\/li>\n<li>Po\u010das odst\u00e1vok \u00fadr\u017eby a turnarounds<\/li>\n<li>U objedn\u00e1vate\u013eov pracuj\u00facich pod\u013ea po\u017eiadaviek SSVV<\/li>\n<li>Na pracovisk\u00e1ch s pr\u00edsne regulovan\u00fdmi bezpe\u010dnostn\u00fdmi postupmi<\/li>\n<\/ul>\n<p> Po \u00faspe\u0161nom zlo\u017een\u00ed sk\u00fa\u0161ky je diplom registrovan\u00fd v <strong>Registri diplomov SSVV<\/strong> a je <strong>platn\u00fd 3 roky<\/strong>. <\/p>\n<h3>Trvanie kurzu a cena<\/h3>\n<ul>\n<li>1 de\u0148 s existuj\u00facimi znalos\u0165ami prostredn\u00edctvom na\u0161ej online pr\u00edpravy alebo opakovacieho kurzu: <strong>\u20ac 369,00<\/strong> bez DPH<\/li>\n<li>2 dni bez predch\u00e1dzaj\u00facich sk\u00fasenost\u00ed: <strong>\u20ac 569,00<\/strong> bez DPH<\/li>\n<\/ul>\n<h3>Jazyky sk\u00fa\u0161ky<\/h3>\n<p> Sk\u00fa\u0161ka SOG je dostupn\u00e1 v holand\u010dine a angli\u010dtine. <\/p>\n<h2>Miesta konania<\/h2>\n<p> Kurz Pr\u00e1ca ako vonkaj\u0161\u00ed dozorca sa kon\u00e1 na viacer\u00fdch miestach v Holandsku a m\u00f4\u017ee sa uskuto\u010dni\u0165 aj na va\u0161om vlastnom pracovisku. <\/p>\n<h2>Kontakt<\/h2>\n<p> Pre viac inform\u00e1ci\u00ed alebo prihl\u00e1senie m\u00f4\u017eete vola\u0165 na <strong>+31(0)88-2200100<\/strong> alebo posla\u0165 e-mail na <strong><a href=\"mai&#108;&#116;&#111;&#x3a;&#x69;&#x6e;&#x66;&#x6f;&#x40;elc&#111;&#110;&#121;&#46;&#x63;&#x6f;&#x6d;\">&#x69;&#x6e;&#x66;&#x6f;&#x40;&#x65;&#108;&#99;&#111;&#110;y&#46;co&#x6d;<\/a><\/strong>.<\/p>\n<\/div><div class=\"fusion-clearfix\"><\/div><\/div><\/div><div class=\"fusion-layout-column fusion_builder_column fusion-builder-column-2 fusion_builder_column_1_5 1_5 fusion-one-fifth fusion-column-last\" style=\"--awb-bg-blend:overlay;--awb-bg-size:cover;width:20%;width:calc(20% - ( ( 4% + 4% ) * 0.2 ) );\"><div class=\"fusion-column-wrapper fusion-flex-column-wrapper-legacy\"><div class=\"fusion-clearfix\"><\/div><\/div><\/div><\/div><\/div>\n","protected":false},"excerpt":{"rendered":"","protected":false},"author":1,"featured_media":0,"parent":0,"menu_order":3,"comment_status":"closed","ping_status":"closed","template":"","meta":{"footnotes":""},"class_list":["post-234377","page","type-page","status-publish","hentry"],"yoast_head":"<!-- This site is optimized with the Yoast SEO plugin v27.5 - https:\/\/yoast.com\/product\/yoast-seo-wordpress\/ -->\n<title>Kurz \u201ePr\u00e1ca ako vonkaj\u0161\u00ed dozorca\u201c (SOG) | Tie\u017e Incompany<\/title>\n<meta name=\"description\" content=\"Absolvujte kurz Pr\u00e1ca ako vonkaj\u0161\u00ed dozorca (str\u00e1\u017eca vstupn\u00e9ho otvoru). Nau\u010dte sa bezpe\u010dne vykon\u00e1va\u0165 doh\u013ead pri pr\u00e1ci v uzavret\u00fdch priestoroch. So SOG alebo bez SOG, prakticky zameran\u00fd.\" \/>\n<meta name=\"robots\" content=\"index, follow, max-snippet:-1, max-image-preview:large, max-video-preview:-1\" \/>\n<link rel=\"canonical\" href=\"https:\/\/www.elcony.com\/sk\/vonkajsia-ochrana-ochrana-sachty\/\" \/>\n<script type=\"application\/ld+json\" class=\"yoast-schema-graph\">{\"@context\":\"https:\\\/\\\/schema.org\",\"@graph\":[{\"@type\":\"WebPage\",\"@id\":\"https:\\\/\\\/www.elcony.com\\\/sk\\\/vonkajsia-ochrana-ochrana-sachty\\\/\",\"url\":\"https:\\\/\\\/www.elcony.com\\\/sk\\\/vonkajsia-ochrana-ochrana-sachty\\\/\",\"name\":\"Kurz \u201ePr\u00e1ca ako vonkaj\u0161\u00ed dozorca\u201c (SOG) | Tie\u017e Incompany\",\"isPartOf\":{\"@id\":\"https:\\\/\\\/www.elcony.com\\\/it\\\/#website\"},\"datePublished\":\"2023-11-26T12:38:28+00:00\",\"dateModified\":\"2026-02-06T13:40:32+00:00\",\"description\":\"Absolvujte kurz Pr\u00e1ca ako vonkaj\u0161\u00ed dozorca (str\u00e1\u017eca vstupn\u00e9ho otvoru). Nau\u010dte sa bezpe\u010dne vykon\u00e1va\u0165 doh\u013ead pri pr\u00e1ci v uzavret\u00fdch priestoroch. So SOG alebo bez SOG, prakticky zameran\u00fd.\",\"breadcrumb\":{\"@id\":\"https:\\\/\\\/www.elcony.com\\\/sk\\\/vonkajsia-ochrana-ochrana-sachty\\\/#breadcrumb\"},\"inLanguage\":\"sk-SK\",\"potentialAction\":[{\"@type\":\"ReadAction\",\"target\":[\"https:\\\/\\\/www.elcony.com\\\/sk\\\/vonkajsia-ochrana-ochrana-sachty\\\/\"]}]},{\"@type\":\"BreadcrumbList\",\"@id\":\"https:\\\/\\\/www.elcony.com\\\/sk\\\/vonkajsia-ochrana-ochrana-sachty\\\/#breadcrumb\",\"itemListElement\":[{\"@type\":\"ListItem\",\"position\":1,\"name\":\"Home\",\"item\":\"https:\\\/\\\/www.elcony.com\\\/sk\\\/\"},{\"@type\":\"ListItem\",\"position\":2,\"name\":\"Vonkaj\u0161\u00ed dozorca (str\u00e1\u017eca vstupn\u00e9ho otvoru)\"}]},{\"@type\":\"WebSite\",\"@id\":\"https:\\\/\\\/www.elcony.com\\\/it\\\/#website\",\"url\":\"https:\\\/\\\/www.elcony.com\\\/it\\\/\",\"name\":\"ELCONY\",\"description\":\"ARBO, VCA en SOG Opleidingen\",\"potentialAction\":[{\"@type\":\"SearchAction\",\"target\":{\"@type\":\"EntryPoint\",\"urlTemplate\":\"https:\\\/\\\/www.elcony.com\\\/it\\\/?s={search_term_string}\"},\"query-input\":{\"@type\":\"PropertyValueSpecification\",\"valueRequired\":true,\"valueName\":\"search_term_string\"}}],\"inLanguage\":\"sk-SK\"}]}<\/script>\n<!-- \/ Yoast SEO plugin. -->","yoast_head_json":{"title":"Kurz \u201ePr\u00e1ca ako vonkaj\u0161\u00ed dozorca\u201c (SOG) | Tie\u017e Incompany","description":"Absolvujte kurz Pr\u00e1ca ako vonkaj\u0161\u00ed dozorca (str\u00e1\u017eca vstupn\u00e9ho otvoru). Nau\u010dte sa bezpe\u010dne vykon\u00e1va\u0165 doh\u013ead pri pr\u00e1ci v uzavret\u00fdch priestoroch. So SOG alebo bez SOG, prakticky zameran\u00fd.","robots":{"index":"index","follow":"follow","max-snippet":"max-snippet:-1","max-image-preview":"max-image-preview:large","max-video-preview":"max-video-preview:-1"},"canonical":"https:\/\/www.elcony.com\/sk\/vonkajsia-ochrana-ochrana-sachty\/","schema":{"@context":"https:\/\/schema.org","@graph":[{"@type":"WebPage","@id":"https:\/\/www.elcony.com\/sk\/vonkajsia-ochrana-ochrana-sachty\/","url":"https:\/\/www.elcony.com\/sk\/vonkajsia-ochrana-ochrana-sachty\/","name":"Kurz \u201ePr\u00e1ca ako vonkaj\u0161\u00ed dozorca\u201c (SOG) | Tie\u017e Incompany","isPartOf":{"@id":"https:\/\/www.elcony.com\/it\/#website"},"datePublished":"2023-11-26T12:38:28+00:00","dateModified":"2026-02-06T13:40:32+00:00","description":"Absolvujte kurz Pr\u00e1ca ako vonkaj\u0161\u00ed dozorca (str\u00e1\u017eca vstupn\u00e9ho otvoru). Nau\u010dte sa bezpe\u010dne vykon\u00e1va\u0165 doh\u013ead pri pr\u00e1ci v uzavret\u00fdch priestoroch. So SOG alebo bez SOG, prakticky zameran\u00fd.","breadcrumb":{"@id":"https:\/\/www.elcony.com\/sk\/vonkajsia-ochrana-ochrana-sachty\/#breadcrumb"},"inLanguage":"sk-SK","potentialAction":[{"@type":"ReadAction","target":["https:\/\/www.elcony.com\/sk\/vonkajsia-ochrana-ochrana-sachty\/"]}]},{"@type":"BreadcrumbList","@id":"https:\/\/www.elcony.com\/sk\/vonkajsia-ochrana-ochrana-sachty\/#breadcrumb","itemListElement":[{"@type":"ListItem","position":1,"name":"Home","item":"https:\/\/www.elcony.com\/sk\/"},{"@type":"ListItem","position":2,"name":"Vonkaj\u0161\u00ed dozorca (str\u00e1\u017eca vstupn\u00e9ho otvoru)"}]},{"@type":"WebSite","@id":"https:\/\/www.elcony.com\/it\/#website","url":"https:\/\/www.elcony.com\/it\/","name":"ELCONY","description":"ARBO, VCA en SOG Opleidingen","potentialAction":[{"@type":"SearchAction","target":{"@type":"EntryPoint","urlTemplate":"https:\/\/www.elcony.com\/it\/?s={search_term_string}"},"query-input":{"@type":"PropertyValueSpecification","valueRequired":true,"valueName":"search_term_string"}}],"inLanguage":"sk-SK"}]}},"_links":{"self":[{"href":"https:\/\/www.elcony.com\/sk\/wp-json\/wp\/v2\/pages\/234377","targetHints":{"allow":["GET"]}}],"collection":[{"href":"https:\/\/www.elcony.com\/sk\/wp-json\/wp\/v2\/pages"}],"about":[{"href":"https:\/\/www.elcony.com\/sk\/wp-json\/wp\/v2\/types\/page"}],"author":[{"embeddable":true,"href":"https:\/\/www.elcony.com\/sk\/wp-json\/wp\/v2\/users\/1"}],"replies":[{"embeddable":true,"href":"https:\/\/www.elcony.com\/sk\/wp-json\/wp\/v2\/comments?post=234377"}],"version-history":[{"count":4,"href":"https:\/\/www.elcony.com\/sk\/wp-json\/wp\/v2\/pages\/234377\/revisions"}],"predecessor-version":[{"id":391418,"href":"https:\/\/www.elcony.com\/sk\/wp-json\/wp\/v2\/pages\/234377\/revisions\/391418"}],"wp:attachment":[{"href":"https:\/\/www.elcony.com\/sk\/wp-json\/wp\/v2\/media?parent=234377"}],"curies":[{"name":"wp","href":"https:\/\/api.w.org\/{rel}","templated":true}]}}