{"id":307344,"date":"2024-07-04T09:43:21","date_gmt":"2024-07-04T07:43:21","guid":{"rendered":"https:\/\/www.elcony.com\/atex\/"},"modified":"2025-03-20T23:56:16","modified_gmt":"2025-03-20T22:56:16","slug":"atex","status":"publish","type":"page","link":"https:\/\/www.elcony.com\/sk\/atex\/","title":{"rendered":"ATEX"},"content":{"rendered":"<div class=\"fusion-fullwidth fullwidth-box fusion-builder-row-1 nonhundred-percent-fullwidth non-hundred-percent-height-scrolling\" style=\"--awb-border-radius-top-left:0px;--awb-border-radius-top-right:0px;--awb-border-radius-bottom-right:0px;--awb-border-radius-bottom-left:0px;--awb-flex-wrap:wrap;\" ><div class=\"fusion-builder-row fusion-row\"><div class=\"fusion-layout-column fusion_builder_column fusion-builder-column-0 fusion_builder_column_1_5 1_5 fusion-one-fifth fusion-column-first\" style=\"--awb-bg-size:cover;width:20%;width:calc(20% - ( ( 4% + 4% ) * 0.2 ) );margin-right: 4%;\"><div class=\"fusion-column-wrapper fusion-flex-column-wrapper-legacy\"><div class=\"fusion-clearfix\"><\/div><\/div><\/div><div class=\"fusion-layout-column fusion_builder_column fusion-builder-column-1 fusion_builder_column_3_5 3_5 fusion-three-fifth\" style=\"--awb-padding-bottom:20x;--awb-bg-size:cover;--awb-margin-top:0px;--awb-margin-bottom:0px;width:60%;width:calc(60% - ( ( 4% + 4% ) * 0.6 ) );margin-right: 4%;\"><div class=\"fusion-column-wrapper fusion-flex-column-wrapper-legacy\"><div class=\"fusion-text fusion-text-1\"><p>ATEX Osvietenie (ATEX Awareness)<\/p>\n<\/div><div class=\"fusion-text fusion-text-2\"><h3>Online kurzus s sk\u00fa\u0161kou<\/h3>\n<\/div><div class=\"fusion-sep-clear\"><\/div><div class=\"fusion-separator fusion-full-width-sep\" style=\"margin-left: auto;margin-right: auto;margin-top:10px;width:100%;\"><\/div><div class=\"fusion-sep-clear\"><\/div><ul style=\"--awb-line-height:30.6px;--awb-icon-width:30.6px;--awb-icon-height:30.6px;--awb-icon-margin:12.6px;--awb-content-margin:43.2px;--awb-circlecolor:#5894e8;--awb-circle-yes-font-size:15.84px;\" class=\"fusion-checklist fusion-checklist-1 fusion-checklist-default type-icons\"><li class=\"fusion-li-item\" style=\"\"><span class=\"icon-wrapper circle-yes\"><i class=\"fusion-li-icon awb-icon-check\" aria-hidden=\"true\"><\/i><\/span><div class=\"fusion-li-item-content\">\n<p>Vyberte si z viacer\u00fdch jazykov.<\/p>\n<\/div><\/li><li class=\"fusion-li-item\" style=\"\"><span class=\"icon-wrapper circle-yes\"><i class=\"fusion-li-icon awb-icon-check\" aria-hidden=\"true\"><\/i><\/span><div class=\"fusion-li-item-content\">\n<p>Sk\u00fa\u0161ku m\u00f4\u017eete absolvova\u0165 kedyko\u013evek v\u00e1m to vyhovuje.<\/p>\n<\/div><\/li><\/ul><div class=\"fusion-sep-clear\"><\/div><div class=\"fusion-separator fusion-full-width-sep\" style=\"margin-left: auto;margin-right: auto;margin-top:20px;width:100%;\"><\/div><div class=\"fusion-sep-clear\"><\/div><div class=\"fusion-button-wrapper\"><a class=\"fusion-button button-3d fusion-button-default-size button-default fusion-button-default button-1 fusion-button-default-span fusion-button-default-type fusion-animated\" data-animationType=\"fadeInUp\" data-animationDuration=\"1.0\" data-animationOffset=\"top-into-view\" target=\"_self\" href=\"https:\/\/www.elcony.com\/sk\/produkt\/307728\/\"><span class=\"fusion-button-text awb-button__text awb-button__text--default\">Objedna\u0165 99,00 EUR bez DPH<\/span><\/a><\/div><div class=\"fusion-sep-clear\"><\/div><div class=\"fusion-separator fusion-full-width-sep\" style=\"margin-left: auto;margin-right: auto;margin-top:20px;width:100%;\"><\/div><div class=\"fusion-sep-clear\"><\/div><div class=\"fusion-text fusion-text-3\"><h3>Cie\u013eov\u00e1 skupina<\/h3>\n<p>Pre bezpe\u010dn\u00fa pr\u00e1cu v prostrediach ohrozen\u00fdch v\u00fdbuchom platia normy stanoven\u00e9 v smerniciach ATEX. Osoby zru\u010dn\u00e9 v oblasti ATEX osvietenia disponuj\u00fa odbornos\u0165ou v tejto oblasti a s\u00fa zodpovedn\u00e9 za dodr\u017eiavanie bezpe\u010dnostn\u00fdch smern\u00edc vo svojej pracovnej oblasti. Okrem toho maj\u00fa dostato\u010dn\u00e9 znalosti predpisov a regul\u00e1ci\u00ed t\u00fdkaj\u00facich sa prostred\u00ed ohrozen\u00fdch v\u00fdbuchom.<\/p>\n<h3>Cie\u013e vzdel\u00e1vania<\/h3>\n<p>\u0160kolenie ATEX Awareness je nevyhnutn\u00e9 pre v\u0161etk\u00fdch zamestnancov, ktor\u00ed musia z ich funkcie rozumie\u0165 a kona\u0165 pod\u013ea smern\u00edc t\u00fdkaj\u00facich sa prostred\u00ed ohrozen\u00fdch v\u00fdbuchom. \u0160kolenie pokr\u00fdva v\u0161eobecn\u00e9 aspekty, ktor\u00e9 s\u00fa k\u013e\u00fa\u010dov\u00e9 pre bezpe\u010dn\u00e9 riadenie pr\u00e1c v tak\u00fdchto prostrediach.<\/p>\n<h3>Te\u00f3ria<\/h3>\n<p>Z\u00e1kony a predpisy o bezpe\u010dnosti a ochrane zdravia pri pr\u00e1ci.<br \/>\nDefin\u00edcie a pojmy.<br \/>\nRizik\u00e1 po\u017eiaru a v\u00fdbuchu.<br \/>\nSmernice ATEX.<br \/>\nPr\u00e1ca s hor\u013eav\u00fdmi l\u00e1tkami.<\/p>\n<h3>Online kurzus<\/h3>\n<p>Kurz pozost\u00e1va z lekci\u00ed, ktor\u00e9 m\u00f4\u017eete \u0161tudova\u0165 na svojom telef\u00f3ne, tablete alebo po\u010d\u00edta\u010di. M\u00f4\u017eete si \u0161tudijn\u00fd materi\u00e1l pozera\u0165 tak \u010dasto, ako potrebujete. Takto budete maxim\u00e1lne pripraven\u00ed na sk\u00fa\u0161ku, ktor\u00e1 uzatv\u00e1ra e-learningov\u00fd modul. Pri dosiahnut\u00ed dostato\u010dn\u00e9ho v\u00fdsledku v\u00e1m po\u0161leme certifik\u00e1t.<\/p>\n<h3>Certifik\u00e1t<\/h3>\n<p>Certifik\u00e1t je platn\u00fd tri roky. To znamen\u00e1, \u017ee po uplynut\u00ed tohto obdobia je potrebn\u00e9 ho obnovi\u0165, aby bolo mo\u017en\u00e9 preuk\u00e1za\u0165 znalosti a zru\u010dnosti t\u00fdkaj\u00face sa v\u00fdbu\u0161n\u00e9ho prostredia. Absolvovan\u00edm tohto kurzu sp\u013a\u0148aj\u00fa tak zamestn\u00e1vate\u013e, ako aj zamestnanec po\u017eiadavky stanoven\u00e9 v z\u00e1kone o pracovn\u00fdch podmienkach (Arbowet) na dostato\u010dn\u00e9 pou\u010denie a preuk\u00e1zan\u00fa odborn\u00fa sp\u00f4sobilos\u0165.<\/p>\n<\/div><div class=\"fusion-clearfix\"><\/div><\/div><\/div><div class=\"fusion-layout-column fusion_builder_column fusion-builder-column-2 fusion_builder_column_1_5 1_5 fusion-one-fifth fusion-column-last\" style=\"--awb-bg-size:cover;width:20%;width:calc(20% - ( ( 4% + 4% ) * 0.2 ) );\"><div class=\"fusion-column-wrapper fusion-flex-column-wrapper-legacy\"><div class=\"fusion-clearfix\"><\/div><\/div><\/div><\/div><\/div>\n","protected":false},"excerpt":{"rendered":"","protected":false},"author":1,"featured_media":0,"parent":0,"menu_order":3,"comment_status":"closed","ping_status":"closed","template":"","meta":{"footnotes":""},"class_list":["post-307344","page","type-page","status-publish","hentry"],"yoast_head":"<!-- This site is optimized with the Yoast SEO plugin v27.4 - https:\/\/yoast.com\/product\/yoast-seo-wordpress\/ -->\n<title>Online kurzus ATEX osvietenia (ATEX Awareness) | ELCONY<\/title>\n<meta name=\"description\" content=\"Spl\u0148te holandsk\u00e9 normy, pri\u010dom je vy\u017eadovan\u00fd platn\u00fd certifik\u00e1t.\" \/>\n<meta name=\"robots\" content=\"index, follow, max-snippet:-1, max-image-preview:large, max-video-preview:-1\" \/>\n<link rel=\"canonical\" href=\"https:\/\/www.elcony.com\/sk\/atex\/\" \/>\n<script type=\"application\/ld+json\" class=\"yoast-schema-graph\">{\"@context\":\"https:\\\/\\\/schema.org\",\"@graph\":[{\"@type\":\"WebPage\",\"@id\":\"https:\\\/\\\/www.elcony.com\\\/sk\\\/atex\\\/\",\"url\":\"https:\\\/\\\/www.elcony.com\\\/sk\\\/atex\\\/\",\"name\":\"Online kurzus ATEX osvietenia (ATEX Awareness) | ELCONY\",\"isPartOf\":{\"@id\":\"https:\\\/\\\/www.elcony.com\\\/it\\\/#website\"},\"datePublished\":\"2024-07-04T07:43:21+00:00\",\"dateModified\":\"2025-03-20T22:56:16+00:00\",\"description\":\"Spl\u0148te holandsk\u00e9 normy, pri\u010dom je vy\u017eadovan\u00fd platn\u00fd certifik\u00e1t.\",\"breadcrumb\":{\"@id\":\"https:\\\/\\\/www.elcony.com\\\/sk\\\/atex\\\/#breadcrumb\"},\"inLanguage\":\"sk-SK\",\"potentialAction\":[{\"@type\":\"ReadAction\",\"target\":[\"https:\\\/\\\/www.elcony.com\\\/sk\\\/atex\\\/\"]}]},{\"@type\":\"BreadcrumbList\",\"@id\":\"https:\\\/\\\/www.elcony.com\\\/sk\\\/atex\\\/#breadcrumb\",\"itemListElement\":[{\"@type\":\"ListItem\",\"position\":1,\"name\":\"Home\",\"item\":\"https:\\\/\\\/www.elcony.com\\\/sk\\\/\"},{\"@type\":\"ListItem\",\"position\":2,\"name\":\"ATEX\"}]},{\"@type\":\"WebSite\",\"@id\":\"https:\\\/\\\/www.elcony.com\\\/it\\\/#website\",\"url\":\"https:\\\/\\\/www.elcony.com\\\/it\\\/\",\"name\":\"ELCONY\",\"description\":\"ARBO, VCA en SOG Opleidingen\",\"potentialAction\":[{\"@type\":\"SearchAction\",\"target\":{\"@type\":\"EntryPoint\",\"urlTemplate\":\"https:\\\/\\\/www.elcony.com\\\/it\\\/?s={search_term_string}\"},\"query-input\":{\"@type\":\"PropertyValueSpecification\",\"valueRequired\":true,\"valueName\":\"search_term_string\"}}],\"inLanguage\":\"sk-SK\"}]}<\/script>\n<!-- \/ Yoast SEO plugin. -->","yoast_head_json":{"title":"Online kurzus ATEX osvietenia (ATEX Awareness) | ELCONY","description":"Spl\u0148te holandsk\u00e9 normy, pri\u010dom je vy\u017eadovan\u00fd platn\u00fd certifik\u00e1t.","robots":{"index":"index","follow":"follow","max-snippet":"max-snippet:-1","max-image-preview":"max-image-preview:large","max-video-preview":"max-video-preview:-1"},"canonical":"https:\/\/www.elcony.com\/sk\/atex\/","schema":{"@context":"https:\/\/schema.org","@graph":[{"@type":"WebPage","@id":"https:\/\/www.elcony.com\/sk\/atex\/","url":"https:\/\/www.elcony.com\/sk\/atex\/","name":"Online kurzus ATEX osvietenia (ATEX Awareness) | ELCONY","isPartOf":{"@id":"https:\/\/www.elcony.com\/it\/#website"},"datePublished":"2024-07-04T07:43:21+00:00","dateModified":"2025-03-20T22:56:16+00:00","description":"Spl\u0148te holandsk\u00e9 normy, pri\u010dom je vy\u017eadovan\u00fd platn\u00fd certifik\u00e1t.","breadcrumb":{"@id":"https:\/\/www.elcony.com\/sk\/atex\/#breadcrumb"},"inLanguage":"sk-SK","potentialAction":[{"@type":"ReadAction","target":["https:\/\/www.elcony.com\/sk\/atex\/"]}]},{"@type":"BreadcrumbList","@id":"https:\/\/www.elcony.com\/sk\/atex\/#breadcrumb","itemListElement":[{"@type":"ListItem","position":1,"name":"Home","item":"https:\/\/www.elcony.com\/sk\/"},{"@type":"ListItem","position":2,"name":"ATEX"}]},{"@type":"WebSite","@id":"https:\/\/www.elcony.com\/it\/#website","url":"https:\/\/www.elcony.com\/it\/","name":"ELCONY","description":"ARBO, VCA en SOG Opleidingen","potentialAction":[{"@type":"SearchAction","target":{"@type":"EntryPoint","urlTemplate":"https:\/\/www.elcony.com\/it\/?s={search_term_string}"},"query-input":{"@type":"PropertyValueSpecification","valueRequired":true,"valueName":"search_term_string"}}],"inLanguage":"sk-SK"}]}},"_links":{"self":[{"href":"https:\/\/www.elcony.com\/sk\/wp-json\/wp\/v2\/pages\/307344","targetHints":{"allow":["GET"]}}],"collection":[{"href":"https:\/\/www.elcony.com\/sk\/wp-json\/wp\/v2\/pages"}],"about":[{"href":"https:\/\/www.elcony.com\/sk\/wp-json\/wp\/v2\/types\/page"}],"author":[{"embeddable":true,"href":"https:\/\/www.elcony.com\/sk\/wp-json\/wp\/v2\/users\/1"}],"replies":[{"embeddable":true,"href":"https:\/\/www.elcony.com\/sk\/wp-json\/wp\/v2\/comments?post=307344"}],"version-history":[{"count":0,"href":"https:\/\/www.elcony.com\/sk\/wp-json\/wp\/v2\/pages\/307344\/revisions"}],"wp:attachment":[{"href":"https:\/\/www.elcony.com\/sk\/wp-json\/wp\/v2\/media?parent=307344"}],"curies":[{"name":"wp","href":"https:\/\/api.w.org\/{rel}","templated":true}]}}