{"id":326930,"date":"2024-08-13T19:49:06","date_gmt":"2024-08-13T17:49:06","guid":{"rendered":"https:\/\/www.elcony.com\/meranie-plynu\/"},"modified":"2026-02-06T13:25:55","modified_gmt":"2026-02-06T12:25:55","slug":"meranie-plynu","status":"publish","type":"page","link":"https:\/\/www.elcony.com\/sk\/meranie-plynu\/","title":{"rendered":"Meranie plynov"},"content":{"rendered":"<div class=\"fusion-fullwidth fullwidth-box fusion-builder-row-1 has-pattern-background has-mask-background nonhundred-percent-fullwidth non-hundred-percent-height-scrolling\" style=\"--awb-border-radius-top-left:0px;--awb-border-radius-top-right:0px;--awb-border-radius-bottom-right:0px;--awb-border-radius-bottom-left:0px;--awb-flex-wrap:wrap;\" ><div class=\"fusion-builder-row fusion-row\"><div class=\"fusion-layout-column fusion_builder_column fusion-builder-column-0 fusion_builder_column_1_5 1_5 fusion-one-fifth fusion-column-first\" style=\"--awb-bg-blend:overlay;--awb-bg-size:cover;width:20%;width:calc(20% - ( ( 4% + 4% ) * 0.2 ) );margin-right: 4%;\"><div class=\"fusion-column-wrapper fusion-flex-column-wrapper-legacy\"><div class=\"fusion-clearfix\"><\/div><\/div><\/div><div class=\"fusion-layout-column fusion_builder_column fusion-builder-column-1 fusion_builder_column_3_5 3_5 fusion-three-fifth\" style=\"--awb-padding-bottom:20px;--awb-bg-blend:overlay;--awb-bg-size:cover;--awb-margin-top:0px;--awb-margin-bottom:0px;width:60%;width:calc(60% - ( ( 4% + 4% ) * 0.6 ) );margin-right: 4%;\"><div class=\"fusion-column-wrapper fusion-flex-column-wrapper-legacy\"><div class=\"fusion-text fusion-text-1\"><h1>Kurz merania plynov<\/h1>\n<p> Meranie plynov je k\u013e\u00fa\u010dov\u00e1 bezpe\u010dnostn\u00e1 \u010dinnos\u0165 v priemyseln\u00fdch prostrediach, kde sa pracuje s nebezpe\u010dn\u00fdmi l\u00e1tkami, v uzavret\u00fdch priestoroch alebo vo v\u00fdbu\u0161n\u00fdch atmosf\u00e9rach. V kurze merania plynov sa nau\u010d\u00edte spr\u00e1vne vykon\u00e1va\u0165 merania, interpretova\u0165 v\u00fdsledky a v\u010das rozpozna\u0165 rizik\u00e1. <\/p>\n<h2>\u010co je meranie plynov?<\/h2>\n<p> Meranie plynov znamen\u00e1 kontrolu pr\u00edtomnosti a koncentr\u00e1cie nebezpe\u010dn\u00fdch plynov, p\u00e1r a kysl\u00edka v pracovnom prostred\u00ed. Vykon\u00e1va sa s cie\u013eom predch\u00e1dza\u0165 rizik\u00e1m, ako s\u00fa v\u00fdbuch, otrava a udusenie. Merania plynov sa vykon\u00e1vaj\u00fa pred za\u010dat\u00edm pr\u00e1c aj po\u010das nich, napr\u00edklad v n\u00e1dr\u017eiach, potrubiach, uzavret\u00fdch priestoroch a technologick\u00fdch zariadeniach. <\/p>\n<h2>Pre koho je kurz merania plynov ur\u010den\u00fd?<\/h2>\n<p> Kurz merania plynov je ur\u010den\u00fd zamestnancom zodpovedn\u00fdm za vykon\u00e1vanie a vyhodnocovanie meran\u00ed plynov, ako s\u00fa: <\/p>\n<ul>\n<li>Mont\u00e9ri a technici \u00fadr\u017eby.<\/li>\n<li>Oper\u00e1tori a dozor.<\/li>\n<li>Zamestnanci v (petro)chemickom priemysle a priemysle.<\/li>\n<li>SZ\u010cO a extern\u00ed dod\u00e1vatelia.<\/li>\n<li>Pracovn\u00edci pracuj\u00faci v uzavret\u00fdch priestoroch.<\/li>\n<\/ul>\n<h2>Meranie plynov bez SOG alebo NOGEPA<\/h2>\n<h3>Cie\u013eov\u00e1 skupina<\/h3>\n<p> Toto \u0161kolenie je vhodn\u00e9 pre zamestnancov, ktor\u00ed vykon\u00e1vaj\u00fa merania plynov v organiz\u00e1ci\u00e1ch alebo u objedn\u00e1vate\u013eov, kde neplat\u00ed povinnos\u0165 certifik\u00e1cie SOG alebo NOGEPA. <\/p>\n<h3>Kedy si zvoli\u0165 meranie plynov bez SOG alebo NOGEPA?<\/h3>\n<p> Meranie plynov (ELCONY) si vyberiete, ak: <\/p>\n<ul>\n<li>V\u00e1\u0161 objedn\u00e1vate\u013e nevy\u017eaduje diplom SOG ani NOGEPA<\/li>\n<li>Pracujete pod\u013ea intern\u00fdch bezpe\u010dnostn\u00fdch postupov<\/li>\n<li>H\u013ead\u00e1te praktick\u00e9 a dostupn\u00e9 \u0161kolenie<\/li>\n<\/ul>\n<p> Po absolvovan\u00ed z\u00edskate diplom registrovan\u00fd v <strong>Registri diplomov ELCONY<\/strong>, ktor\u00fd je <strong>platn\u00fd 5 rokov<\/strong>. <\/p>\n<h3>Trvanie kurzu a cena<\/h3>\n<ul>\n<li>1 de\u0148 s existuj\u00facimi znalos\u0165ami prostredn\u00edctvom na\u0161ej online pr\u00edpravy alebo opakovacieho kurzu: <strong>\u20ac 255,00<\/strong> bez DPH<\/li>\n<li>2 dni bez predch\u00e1dzaj\u00facich sk\u00fasenost\u00ed: <strong>\u20ac 455,00<\/strong> bez DPH<\/li>\n<\/ul>\n<h2>Meranie plynov so SOG<\/h2>\n<h3>Cie\u013eov\u00e1 skupina<\/h3>\n<p> Kurz merania plynov uznan\u00fd pod\u013ea SOG je ur\u010den\u00fd zamestnancom pracuj\u00facim u objedn\u00e1vate\u013eov, kde je povinn\u00fd ofici\u00e1lne uzn\u00e1van\u00fd diplom. <\/p>\n<h3>Kedy je meranie plynov (SOG) povinn\u00e9?<\/h3>\n<p> Meranie plynov so SOG je vy\u017eadovan\u00e9, ak pracujete: <\/p>\n<ul>\n<li>V (petro)chemickom priemysle.<\/li>\n<li>Po\u010das priemyseln\u00fdch odst\u00e1vok \u00fadr\u017eby.<\/li>\n<li>Pre objedn\u00e1vate\u013eov pracuj\u00facich pod\u013ea po\u017eiadaviek SSVV alebo NOGEPA.<\/li>\n<li>Na pracovisk\u00e1ch s pr\u00edsne regulovan\u00fdmi bezpe\u010dnostn\u00fdmi predpismi.<\/li>\n<\/ul>\n<p> Po \u00faspe\u0161nom zlo\u017een\u00ed sk\u00fa\u0161ky je diplom registrovan\u00fd v <strong>Registri diplomov SSVV<\/strong> a je <strong>platn\u00fd 3 roky<\/strong>. <\/p>\n<h3>Trvanie kurzu a cena<\/h3>\n<ul>\n<li>1 de\u0148 s existuj\u00facimi znalos\u0165ami prostredn\u00edctvom na\u0161ej online pr\u00edpravy alebo opakovacieho kurzu: <strong>\u20ac 369,00<\/strong> bez DPH<\/li>\n<li>2 dni bez predch\u00e1dzaj\u00facich sk\u00fasenost\u00ed: <strong>\u20ac 569,00<\/strong> bez DPH<\/li>\n<\/ul>\n<h2>Miesta konania<\/h2>\n<p> Kurz merania plynov sa kon\u00e1 na viacer\u00fdch miestach v Holandsku a m\u00f4\u017ee sa uskuto\u010dni\u0165 aj na va\u0161om vlastnom pracovisku. <\/p>\n<h2>Kontakt<\/h2>\n<p> Pre viac inform\u00e1ci\u00ed alebo prihl\u00e1senie m\u00f4\u017eete vola\u0165 na <strong>+31(0)88-2200100<\/strong> alebo posla\u0165 e-mail na <strong><a href=\"&#109;&#x61;&#105;&#x6c;t&#111;&#x3a;&#105;&#x6e;f&#x6f;&#64;&#101;&#x6c;&#99;&#x6f;n&#x79;&#x2e;&#99;&#x6f;m\">&#105;&#x6e;&#x66;&#111;&#x40;&#x65;&#108;&#x63;&#x6f;&#110;&#x79;&#x2e;&#99;&#x6f;&#x6d;<\/a><\/strong>.<\/p>\n<\/div><div class=\"fusion-clearfix\"><\/div><\/div><\/div><div class=\"fusion-layout-column fusion_builder_column fusion-builder-column-2 fusion_builder_column_1_5 1_5 fusion-one-fifth fusion-column-last\" style=\"--awb-bg-blend:overlay;--awb-bg-size:cover;width:20%;width:calc(20% - ( ( 4% + 4% ) * 0.2 ) );\"><div class=\"fusion-column-wrapper fusion-flex-column-wrapper-legacy\"><div class=\"fusion-clearfix\"><\/div><\/div><\/div><\/div><\/div>\n","protected":false},"excerpt":{"rendered":"","protected":false},"author":1,"featured_media":0,"parent":0,"menu_order":5,"comment_status":"closed","ping_status":"closed","template":"","meta":{"footnotes":""},"class_list":["post-326930","page","type-page","status-publish","hentry"],"yoast_head":"<!-- This site is optimized with the Yoast SEO plugin v27.6 - https:\/\/yoast.com\/product\/yoast-seo-wordpress\/ -->\n<title>Kurz merania plynov (SOG) | Celon\u00e1rodne &amp; Incompany<\/title>\n<meta name=\"description\" content=\"Absolvujte kurz merania plynov s certifik\u00e1ciou SOG alebo bez nej. Nau\u010dte sa bezpe\u010dne vykon\u00e1va\u0165 a interpretova\u0165 merania plynov. Uznan\u00e9 organiz\u00e1ciou SSVV, mo\u017en\u00e9 aj na va\u0161om pracovisku.\" \/>\n<meta name=\"robots\" content=\"index, follow, max-snippet:-1, max-image-preview:large, max-video-preview:-1\" \/>\n<link rel=\"canonical\" href=\"https:\/\/www.elcony.com\/sk\/meranie-plynu\/\" \/>\n<script type=\"application\/ld+json\" class=\"yoast-schema-graph\">{\"@context\":\"https:\\\/\\\/schema.org\",\"@graph\":[{\"@type\":\"WebPage\",\"@id\":\"https:\\\/\\\/www.elcony.com\\\/sk\\\/meranie-plynu\\\/\",\"url\":\"https:\\\/\\\/www.elcony.com\\\/sk\\\/meranie-plynu\\\/\",\"name\":\"Kurz merania plynov (SOG) | Celon\u00e1rodne & Incompany\",\"isPartOf\":{\"@id\":\"https:\\\/\\\/www.elcony.com\\\/it\\\/#website\"},\"datePublished\":\"2024-08-13T17:49:06+00:00\",\"dateModified\":\"2026-02-06T12:25:55+00:00\",\"description\":\"Absolvujte kurz merania plynov s certifik\u00e1ciou SOG alebo bez nej. Nau\u010dte sa bezpe\u010dne vykon\u00e1va\u0165 a interpretova\u0165 merania plynov. Uznan\u00e9 organiz\u00e1ciou SSVV, mo\u017en\u00e9 aj na va\u0161om pracovisku.\",\"breadcrumb\":{\"@id\":\"https:\\\/\\\/www.elcony.com\\\/sk\\\/meranie-plynu\\\/#breadcrumb\"},\"inLanguage\":\"sk-SK\",\"potentialAction\":[{\"@type\":\"ReadAction\",\"target\":[\"https:\\\/\\\/www.elcony.com\\\/sk\\\/meranie-plynu\\\/\"]}]},{\"@type\":\"BreadcrumbList\",\"@id\":\"https:\\\/\\\/www.elcony.com\\\/sk\\\/meranie-plynu\\\/#breadcrumb\",\"itemListElement\":[{\"@type\":\"ListItem\",\"position\":1,\"name\":\"Home\",\"item\":\"https:\\\/\\\/www.elcony.com\\\/sk\\\/\"},{\"@type\":\"ListItem\",\"position\":2,\"name\":\"Meranie plynov\"}]},{\"@type\":\"WebSite\",\"@id\":\"https:\\\/\\\/www.elcony.com\\\/it\\\/#website\",\"url\":\"https:\\\/\\\/www.elcony.com\\\/it\\\/\",\"name\":\"ELCONY\",\"description\":\"ARBO, VCA en SOG Opleidingen\",\"potentialAction\":[{\"@type\":\"SearchAction\",\"target\":{\"@type\":\"EntryPoint\",\"urlTemplate\":\"https:\\\/\\\/www.elcony.com\\\/it\\\/?s={search_term_string}\"},\"query-input\":{\"@type\":\"PropertyValueSpecification\",\"valueRequired\":true,\"valueName\":\"search_term_string\"}}],\"inLanguage\":\"sk-SK\"}]}<\/script>\n<!-- \/ Yoast SEO plugin. -->","yoast_head_json":{"title":"Kurz merania plynov (SOG) | Celon\u00e1rodne & Incompany","description":"Absolvujte kurz merania plynov s certifik\u00e1ciou SOG alebo bez nej. Nau\u010dte sa bezpe\u010dne vykon\u00e1va\u0165 a interpretova\u0165 merania plynov. Uznan\u00e9 organiz\u00e1ciou SSVV, mo\u017en\u00e9 aj na va\u0161om pracovisku.","robots":{"index":"index","follow":"follow","max-snippet":"max-snippet:-1","max-image-preview":"max-image-preview:large","max-video-preview":"max-video-preview:-1"},"canonical":"https:\/\/www.elcony.com\/sk\/meranie-plynu\/","schema":{"@context":"https:\/\/schema.org","@graph":[{"@type":"WebPage","@id":"https:\/\/www.elcony.com\/sk\/meranie-plynu\/","url":"https:\/\/www.elcony.com\/sk\/meranie-plynu\/","name":"Kurz merania plynov (SOG) | Celon\u00e1rodne & Incompany","isPartOf":{"@id":"https:\/\/www.elcony.com\/it\/#website"},"datePublished":"2024-08-13T17:49:06+00:00","dateModified":"2026-02-06T12:25:55+00:00","description":"Absolvujte kurz merania plynov s certifik\u00e1ciou SOG alebo bez nej. Nau\u010dte sa bezpe\u010dne vykon\u00e1va\u0165 a interpretova\u0165 merania plynov. Uznan\u00e9 organiz\u00e1ciou SSVV, mo\u017en\u00e9 aj na va\u0161om pracovisku.","breadcrumb":{"@id":"https:\/\/www.elcony.com\/sk\/meranie-plynu\/#breadcrumb"},"inLanguage":"sk-SK","potentialAction":[{"@type":"ReadAction","target":["https:\/\/www.elcony.com\/sk\/meranie-plynu\/"]}]},{"@type":"BreadcrumbList","@id":"https:\/\/www.elcony.com\/sk\/meranie-plynu\/#breadcrumb","itemListElement":[{"@type":"ListItem","position":1,"name":"Home","item":"https:\/\/www.elcony.com\/sk\/"},{"@type":"ListItem","position":2,"name":"Meranie plynov"}]},{"@type":"WebSite","@id":"https:\/\/www.elcony.com\/it\/#website","url":"https:\/\/www.elcony.com\/it\/","name":"ELCONY","description":"ARBO, VCA en SOG Opleidingen","potentialAction":[{"@type":"SearchAction","target":{"@type":"EntryPoint","urlTemplate":"https:\/\/www.elcony.com\/it\/?s={search_term_string}"},"query-input":{"@type":"PropertyValueSpecification","valueRequired":true,"valueName":"search_term_string"}}],"inLanguage":"sk-SK"}]}},"_links":{"self":[{"href":"https:\/\/www.elcony.com\/sk\/wp-json\/wp\/v2\/pages\/326930","targetHints":{"allow":["GET"]}}],"collection":[{"href":"https:\/\/www.elcony.com\/sk\/wp-json\/wp\/v2\/pages"}],"about":[{"href":"https:\/\/www.elcony.com\/sk\/wp-json\/wp\/v2\/types\/page"}],"author":[{"embeddable":true,"href":"https:\/\/www.elcony.com\/sk\/wp-json\/wp\/v2\/users\/1"}],"replies":[{"embeddable":true,"href":"https:\/\/www.elcony.com\/sk\/wp-json\/wp\/v2\/comments?post=326930"}],"version-history":[{"count":4,"href":"https:\/\/www.elcony.com\/sk\/wp-json\/wp\/v2\/pages\/326930\/revisions"}],"predecessor-version":[{"id":391232,"href":"https:\/\/www.elcony.com\/sk\/wp-json\/wp\/v2\/pages\/326930\/revisions\/391232"}],"wp:attachment":[{"href":"https:\/\/www.elcony.com\/sk\/wp-json\/wp\/v2\/media?parent=326930"}],"curies":[{"name":"wp","href":"https:\/\/api.w.org\/{rel}","templated":true}]}}