{"id":337796,"date":"2025-01-14T22:56:02","date_gmt":"2025-01-14T21:56:02","guid":{"rendered":"https:\/\/www.elcony.com\/uvod\/"},"modified":"2025-12-11T19:55:04","modified_gmt":"2025-12-11T18:55:04","slug":"onboarding","status":"publish","type":"page","link":"https:\/\/www.elcony.com\/sk\/onboarding\/","title":{"rendered":"Onboarding"},"content":{"rendered":"<div class=\"fusion-fullwidth fullwidth-box fusion-builder-row-1 fusion-flex-container has-pattern-background has-mask-background nonhundred-percent-fullwidth non-hundred-percent-height-scrolling\" style=\"--awb-border-radius-top-left:0px;--awb-border-radius-top-right:0px;--awb-border-radius-bottom-right:0px;--awb-border-radius-bottom-left:0px;--awb-flex-wrap:wrap;\" ><div class=\"fusion-builder-row fusion-row fusion-flex-align-items-flex-start fusion-flex-content-wrap\" style=\"max-width:101%;margin-left: calc(-1% \/ 2 );margin-right: calc(-1% \/ 2 );\"><div class=\"fusion-layout-column fusion_builder_column fusion-builder-column-0 fusion_builder_column_1_5 1_5 fusion-flex-column\" style=\"--awb-bg-size:cover;--awb-width-large:20%;--awb-margin-top-large:5px;--awb-spacing-right-large:2.475%;--awb-margin-bottom-large:5px;--awb-spacing-left-large:2.475%;--awb-width-medium:100%;--awb-order-medium:0;--awb-spacing-right-medium:0.495%;--awb-spacing-left-medium:0.495%;--awb-width-small:100%;--awb-order-small:0;--awb-spacing-right-small:0.495%;--awb-spacing-left-small:0.495%;\"><div class=\"fusion-column-wrapper fusion-column-has-shadow fusion-flex-justify-content-flex-start fusion-content-layout-column\"><\/div><\/div><div class=\"fusion-layout-column fusion_builder_column fusion-builder-column-1 fusion_builder_column_3_5 3_5 fusion-flex-column\" style=\"--awb-bg-size:cover;--awb-width-large:60%;--awb-margin-top-large:5px;--awb-spacing-right-large:0.825%;--awb-margin-bottom-large:5px;--awb-spacing-left-large:0.825%;--awb-width-medium:100%;--awb-order-medium:0;--awb-spacing-right-medium:0.495%;--awb-spacing-left-medium:0.495%;--awb-width-small:100%;--awb-order-small:0;--awb-spacing-right-small:0.495%;--awb-spacing-left-small:0.495%;\"><div class=\"fusion-column-wrapper fusion-column-has-shadow fusion-flex-justify-content-flex-start fusion-content-layout-column\"><div class=\"fusion-text fusion-text-1\"><h3>Online \u00favod<\/h3>\n<p>Svet projektovo orientovanej pr\u00e1ce, ako s\u00fa obdobia odst\u00e1vok (turnarounds) a projekty \u00fadr\u017eby, sa r\u00fdchlo men\u00ed. Dnes je v\u00fdzvou n\u00e1js\u0165 vhodn\u00fd person\u00e1l, ktor\u00fd m\u00e1 potrebn\u00e9 znalosti a sk\u00fasenosti. Spolo\u010dnos\u0165 ELCONY to ch\u00e1pe a pon\u00faka firm\u00e1m efekt\u00edvne a spo\u013eahliv\u00e9 rie\u0161enie: personalizovan\u00fd online \u00favod. Takto zabezpe\u010dujeme, \u017ee ka\u017ed\u00fd zamestnanec, kdeko\u013evek na svete, bude \u00faplne pripraven\u00fd sk\u00f4r, ne\u017e za\u010dne svoju pr\u00e1cu.<\/p>\n<h3>Prekonanie jazykov\u00fdch bari\u00e9r a zaru\u010denie kompetencie<\/h3>\n<p>Jednou z najv\u00e4\u010d\u0161\u00edch prek\u00e1\u017eok pre mnoh\u00e9 firmy je jazykov\u00e1 bari\u00e9ra. V ELCONY tento probl\u00e9m odstra\u0148ujeme t\u00fdm, \u017ee na\u0161e programy \u00favodu pon\u00fakame a\u017e v 20 jazykoch. To znamen\u00e1, \u017ee m\u00f4\u017eete ma\u0165 istotu, \u017ee v\u0161etci va\u0161i zamestnanci, bez oh\u013eadu na ich jazykov\u00e9 pozadie, plne rozumej\u00fa a dok\u00e1\u017eu uplat\u0148ova\u0165 bezpe\u010dnostn\u00e9 predpisy a firemn\u00e9 smernice.<\/p>\n<h3>Okam\u017eit\u00e1 kontrola bezpe\u010dnosti a kvality<\/h3>\n<p>Odborn\u00e1 sp\u00f4sobilos\u0165 je nevyhnutn\u00e1, najm\u00e4 ke\u010f sa zamestnanci posielaj\u00fa na pracovisk\u00e1 s vysok\u00fdm rizikom. N\u00e1\u0161 online \u00favod zah\u0155\u0148a testy, ktor\u00e9 n\u00e1m umo\u017e\u0148uj\u00fa pos\u00fadi\u0165 znalosti a zru\u010dnosti ka\u017ed\u00e9ho zamestnanca. To firm\u00e1m pom\u00e1ha r\u00fdchlo ur\u010di\u0165, \u010di dan\u00fd pracovn\u00edk sp\u013a\u0148a po\u017eadovan\u00e9 bezpe\u010dnostn\u00e9 a kvalitat\u00edvne \u0161tandardy.<\/p>\n<h3>Certifik\u00e1cie a personaliz\u00e1cia na jednej platforme<\/h3>\n<p>Hoci mnoh\u00ed migruj\u00faci pracovn\u00edci u\u017e maj\u00fa certifik\u00e1ty, ich hodnota sa v jednotliv\u00fdch krajin\u00e1ch l\u00ed\u0161i. Na\u0161a platforma umo\u017e\u0148uje r\u00fdchle a efekt\u00edvne overenie medzin\u00e1rodn\u00fdch certifik\u00e1tov, aby ste si boli v\u017edy ist\u00ed, \u017ee sp\u013a\u0148ate najvy\u0161\u0161ie bezpe\u010dnostn\u00e9 \u0161tandardy. Navy\u0161e, ak je to potrebn\u00e9, m\u00f4\u017eeme do procesu \u00favodu integrova\u0165 \u0161pecifick\u00e9 firemn\u00e9 alebo prev\u00e1dzkov\u00e9 pravidl\u00e1, aby zamestnanci okam\u017eite vedeli o smerniciach platn\u00fdch na va\u0161om pracovisku.<\/p>\n<h3>Efekt\u00edvne a prisp\u00f4soben\u00e9 potreb\u00e1m va\u0161ej spolo\u010dnosti<\/h3>\n<p>S ELCONY \u0161etr\u00edte \u010das a peniaze v\u010faka optimalizovan\u00e9mu procesu \u00favodu, bez toho, aby ste zn\u00ed\u017eili \u00farove\u0148 bezpe\u010dnosti alebo odbornej sp\u00f4sobilosti. Na\u0161a platforma poskytuje \u00fapln\u00fd preh\u013ead o kompetenci\u00e1ch v\u0161etk\u00fdch va\u0161ich zamestnancov. M\u00f4\u017eete r\u00fdchlo zisti\u0165, kto sp\u013a\u0148a po\u017eiadavky a kto potrebuje dodato\u010dn\u00e9 \u0161kolenie. V\u010faka tomu m\u00f4\u017eete efekt\u00edvne pride\u013eova\u0165 person\u00e1l bez zbyto\u010dn\u00e9ho opakovania \u0161kolen\u00ed.<\/p>\n<h3>Kvalifikovan\u00ed zamestnanci, v\u017edy v obraze<\/h3>\n<p>ELCONY ide \u010falej ako len k z\u00e1kladom. Na\u0161a platforma v\u00e1m umo\u017e\u0148uje d\u00f4kladne sledova\u0165 rozvoj va\u0161ich zamestnancov. Od z\u00e1kladn\u00fdch znalost\u00ed a\u017e po pokro\u010dil\u00fa odborn\u00fa sp\u00f4sobilos\u0165: n\u00e1\u0161 syst\u00e9m zaznamen\u00e1va, ktor\u00e9 \u0161kolenia a testy boli \u00faspe\u0161ne dokon\u010den\u00e9. To znamen\u00e1, \u017ee zamestnanec, ktor\u00fd u\u017e proces \u00favodu absolvoval, ho nemus\u00ed zbyto\u010dne opakova\u0165. Takto optimalizujeme proces a zabezpe\u010dujeme, aby ka\u017ed\u00fd mohol za\u010da\u0165 pracova\u0165 efekt\u00edvne.<\/p>\n<h3>Ste pripraven\u00ed optimalizova\u0165 svoj proces \u00favodu?<\/h3>\n<p>S ELCONY z\u00edskate sk\u00fasen\u00e9ho partnera, ktor\u00fd efekt\u00edvne a \u00fa\u010dinne priprav\u00ed va\u0161ich zamestnancov na ich pr\u00e1cu. Kontaktujte n\u00e1s e\u0161te dnes a zistite, ako m\u00f4\u017eeme podpori\u0165 va\u0161u spolo\u010dnos\u0165.<\/p>\n<p>Ak potrebujete \u010fal\u0161ie inform\u00e1cie alebo sa chcete prihl\u00e1si\u0165, zavolajte na <strong>+31(0)88-2200100<\/strong> alebo po\u0161lite e-mail na adresu <a href=\"&#x6d;&#97;&#x69;&#x6c;t&#x6f;&#58;i&#x6e;&#102;o&#x40;&#101;&#x6c;&#x63;o&#x6e;&#121;&#46;&#x63;&#111;m\"><strong>info&#64;elcony&#46;com<\/strong><\/a>.<\/p>\n<\/div><\/div><\/div><div class=\"fusion-layout-column fusion_builder_column fusion-builder-column-2 fusion_builder_column_1_5 1_5 fusion-flex-column\" style=\"--awb-bg-size:cover;--awb-width-large:20%;--awb-margin-top-large:5px;--awb-spacing-right-large:2.475%;--awb-margin-bottom-large:5px;--awb-spacing-left-large:2.475%;--awb-width-medium:100%;--awb-order-medium:0;--awb-spacing-right-medium:0.495%;--awb-spacing-left-medium:0.495%;--awb-width-small:100%;--awb-order-small:0;--awb-spacing-right-small:0.495%;--awb-spacing-left-small:0.495%;\"><div class=\"fusion-column-wrapper fusion-column-has-shadow fusion-flex-justify-content-flex-start fusion-content-layout-column\"><\/div><\/div><\/div><\/div>\n","protected":false},"excerpt":{"rendered":"","protected":false},"author":1,"featured_media":0,"parent":0,"menu_order":0,"comment_status":"closed","ping_status":"closed","template":"","meta":{"footnotes":""},"class_list":["post-337796","page","type-page","status-publish","hentry"],"yoast_head":"<!-- This site is optimized with the Yoast SEO plugin v27.5 - https:\/\/yoast.com\/product\/yoast-seo-wordpress\/ -->\n<title>Onboarding &#8226; ELCONY<\/title>\n<meta name=\"robots\" content=\"index, follow, max-snippet:-1, max-image-preview:large, max-video-preview:-1\" \/>\n<link rel=\"canonical\" href=\"https:\/\/www.elcony.com\/sk\/onboarding\/\" \/>\n<script type=\"application\/ld+json\" class=\"yoast-schema-graph\">{\"@context\":\"https:\\\/\\\/schema.org\",\"@graph\":[{\"@type\":\"WebPage\",\"@id\":\"https:\\\/\\\/www.elcony.com\\\/sk\\\/onboarding\\\/\",\"url\":\"https:\\\/\\\/www.elcony.com\\\/sk\\\/onboarding\\\/\",\"name\":\"Onboarding &#8226; ELCONY\",\"isPartOf\":{\"@id\":\"https:\\\/\\\/www.elcony.com\\\/it\\\/#website\"},\"datePublished\":\"2025-01-14T21:56:02+00:00\",\"dateModified\":\"2025-12-11T18:55:04+00:00\",\"breadcrumb\":{\"@id\":\"https:\\\/\\\/www.elcony.com\\\/sk\\\/onboarding\\\/#breadcrumb\"},\"inLanguage\":\"sk-SK\",\"potentialAction\":[{\"@type\":\"ReadAction\",\"target\":[\"https:\\\/\\\/www.elcony.com\\\/sk\\\/onboarding\\\/\"]}]},{\"@type\":\"BreadcrumbList\",\"@id\":\"https:\\\/\\\/www.elcony.com\\\/sk\\\/onboarding\\\/#breadcrumb\",\"itemListElement\":[{\"@type\":\"ListItem\",\"position\":1,\"name\":\"Home\",\"item\":\"https:\\\/\\\/www.elcony.com\\\/sk\\\/\"},{\"@type\":\"ListItem\",\"position\":2,\"name\":\"Onboarding\"}]},{\"@type\":\"WebSite\",\"@id\":\"https:\\\/\\\/www.elcony.com\\\/it\\\/#website\",\"url\":\"https:\\\/\\\/www.elcony.com\\\/it\\\/\",\"name\":\"ELCONY\",\"description\":\"ARBO, VCA en SOG Opleidingen\",\"potentialAction\":[{\"@type\":\"SearchAction\",\"target\":{\"@type\":\"EntryPoint\",\"urlTemplate\":\"https:\\\/\\\/www.elcony.com\\\/it\\\/?s={search_term_string}\"},\"query-input\":{\"@type\":\"PropertyValueSpecification\",\"valueRequired\":true,\"valueName\":\"search_term_string\"}}],\"inLanguage\":\"sk-SK\"}]}<\/script>\n<!-- \/ Yoast SEO plugin. -->","yoast_head_json":{"title":"Onboarding &#8226; ELCONY","robots":{"index":"index","follow":"follow","max-snippet":"max-snippet:-1","max-image-preview":"max-image-preview:large","max-video-preview":"max-video-preview:-1"},"canonical":"https:\/\/www.elcony.com\/sk\/onboarding\/","schema":{"@context":"https:\/\/schema.org","@graph":[{"@type":"WebPage","@id":"https:\/\/www.elcony.com\/sk\/onboarding\/","url":"https:\/\/www.elcony.com\/sk\/onboarding\/","name":"Onboarding &#8226; ELCONY","isPartOf":{"@id":"https:\/\/www.elcony.com\/it\/#website"},"datePublished":"2025-01-14T21:56:02+00:00","dateModified":"2025-12-11T18:55:04+00:00","breadcrumb":{"@id":"https:\/\/www.elcony.com\/sk\/onboarding\/#breadcrumb"},"inLanguage":"sk-SK","potentialAction":[{"@type":"ReadAction","target":["https:\/\/www.elcony.com\/sk\/onboarding\/"]}]},{"@type":"BreadcrumbList","@id":"https:\/\/www.elcony.com\/sk\/onboarding\/#breadcrumb","itemListElement":[{"@type":"ListItem","position":1,"name":"Home","item":"https:\/\/www.elcony.com\/sk\/"},{"@type":"ListItem","position":2,"name":"Onboarding"}]},{"@type":"WebSite","@id":"https:\/\/www.elcony.com\/it\/#website","url":"https:\/\/www.elcony.com\/it\/","name":"ELCONY","description":"ARBO, VCA en SOG Opleidingen","potentialAction":[{"@type":"SearchAction","target":{"@type":"EntryPoint","urlTemplate":"https:\/\/www.elcony.com\/it\/?s={search_term_string}"},"query-input":{"@type":"PropertyValueSpecification","valueRequired":true,"valueName":"search_term_string"}}],"inLanguage":"sk-SK"}]}},"_links":{"self":[{"href":"https:\/\/www.elcony.com\/sk\/wp-json\/wp\/v2\/pages\/337796","targetHints":{"allow":["GET"]}}],"collection":[{"href":"https:\/\/www.elcony.com\/sk\/wp-json\/wp\/v2\/pages"}],"about":[{"href":"https:\/\/www.elcony.com\/sk\/wp-json\/wp\/v2\/types\/page"}],"author":[{"embeddable":true,"href":"https:\/\/www.elcony.com\/sk\/wp-json\/wp\/v2\/users\/1"}],"replies":[{"embeddable":true,"href":"https:\/\/www.elcony.com\/sk\/wp-json\/wp\/v2\/comments?post=337796"}],"version-history":[{"count":3,"href":"https:\/\/www.elcony.com\/sk\/wp-json\/wp\/v2\/pages\/337796\/revisions"}],"predecessor-version":[{"id":388989,"href":"https:\/\/www.elcony.com\/sk\/wp-json\/wp\/v2\/pages\/337796\/revisions\/388989"}],"wp:attachment":[{"href":"https:\/\/www.elcony.com\/sk\/wp-json\/wp\/v2\/media?parent=337796"}],"curies":[{"name":"wp","href":"https:\/\/api.w.org\/{rel}","templated":true}]}}