{"id":306711,"date":"2024-04-07T10:40:54","date_gmt":"2024-06-28T12:06:42","guid":{"rendered":"https:\/\/www.elcony.com\/product\/osoba-dostatocne-skolena-vop-podla-normy-nen-3840-online-kurz-online-skuska\/"},"modified":"2025-11-10T17:30:18","modified_gmt":"2025-11-10T16:30:18","slug":"306711","status":"publish","type":"product","link":"https:\/\/www.elcony.com\/sk\/produkt\/306711\/","title":{"rendered":"Dostato\u010dne Pou\u010den\u00e1 Osoba (VOP) NEN 3840 &#8211; Online kurz + Online sk\u00fa\u0161ka"},"content":{"rendered":"<div class=\"fusion-fullwidth fullwidth-box fusion-builder-row-1 fusion-flex-container has-pattern-background has-mask-background nonhundred-percent-fullwidth non-hundred-percent-height-scrolling\" style=\"--awb-border-radius-top-left:0px;--awb-border-radius-top-right:0px;--awb-border-radius-bottom-right:0px;--awb-border-radius-bottom-left:0px;--awb-flex-wrap:wrap;\" ><div class=\"fusion-builder-row fusion-row fusion-flex-align-items-flex-start fusion-flex-content-wrap\" style=\"max-width:101%;margin-left: calc(-1% \/ 2 );margin-right: calc(-1% \/ 2 );\"><div class=\"fusion-layout-column fusion_builder_column fusion-builder-column-0 fusion_builder_column_1_1 1_1 fusion-flex-column\" style=\"--awb-bg-size:cover;--awb-width-large:100%;--awb-margin-top-large:5px;--awb-spacing-right-large:0.495%;--awb-margin-bottom-large:5px;--awb-spacing-left-large:0.495%;--awb-width-medium:100%;--awb-order-medium:0;--awb-spacing-right-medium:0.495%;--awb-spacing-left-medium:0.495%;--awb-width-small:100%;--awb-order-small:0;--awb-spacing-right-small:0.495%;--awb-spacing-left-small:0.495%;\"><div class=\"fusion-column-wrapper fusion-column-has-shadow fusion-flex-justify-content-flex-start fusion-content-layout-column\"><div class=\"fusion-text fusion-text-1\"><p>Po ukon\u010den\u00ed kurzu budete informovan\u00ed o v\u0161etk\u00fdch rizik\u00e1ch pr\u00e1ce na a v bl\u00edzkosti elektrick\u00fdch in\u0161tal\u00e1ci\u00ed. Okrem toho budete schopn\u00ed prija\u0165 nevyhnutn\u00e9 opatrenia na bezpe\u010dn\u00e9 vykon\u00e1vanie pr\u00e1c.<\/p>\n<p>Kurz pozost\u00e1va z lekci\u00ed, ktor\u00e9 m\u00f4\u017eete \u0161tudova\u0165 na svojom telef\u00f3ne, tablete alebo po\u010d\u00edta\u010di. U\u010divo si m\u00f4\u017eete pre\u0161tudova\u0165 tak \u010dasto, ako budete chcie\u0165. T\u00fdmto sp\u00f4sobom budete maxim\u00e1lne pripraven\u00ed na sk\u00fa\u0161ku, ktor\u00e1 uzatv\u00e1ra kurz. Pri dosiahnut\u00ed dostato\u010dn\u00e9ho v\u00fdsledku v\u00e1m za\u0161leme certifik\u00e1t.<\/p>\n<\/div><ul style=\"--awb-line-height:30.6px;--awb-icon-width:30.6px;--awb-icon-height:30.6px;--awb-icon-margin:12.6px;--awb-content-margin:43.2px;--awb-circlecolor:#5894e8;--awb-circle-yes-font-size:15.84px;\" class=\"fusion-checklist fusion-checklist-1 fusion-checklist-default type-icons\"><li class=\"fusion-li-item\" style=\"\"><span class=\"icon-wrapper circle-yes\"><i class=\"fusion-li-icon awb-icon-check\" aria-hidden=\"true\"><\/i><\/span><div class=\"fusion-li-item-content\">\n<p>Vyberte si z 20 jazykov.<\/p>\n<\/div><\/li><li class=\"fusion-li-item\" style=\"\"><span class=\"icon-wrapper circle-yes\"><i class=\"fusion-li-icon awb-icon-check\" aria-hidden=\"true\"><\/i><\/span><div class=\"fusion-li-item-content\">\n<p>Kurz je k dispoz\u00edcii 60 dn\u00ed.<\/p>\n<\/div><\/li><\/ul><\/div><\/div><\/div><\/div>\n","protected":false},"excerpt":{"rendered":"","protected":false},"featured_media":285843,"template":"","meta":[],"product_brand":[],"product_cat":[9340],"product_tag":[],"class_list":{"0":"post-306711","1":"product","2":"type-product","3":"status-publish","4":"has-post-thumbnail","6":"product_cat-elcony-sk","8":"first","9":"instock","10":"taxable","11":"shipping-taxable","12":"purchasable","13":"product-type-variable"},"yoast_head":"<!-- This site is optimized with the Yoast SEO plugin v27.5 - https:\/\/yoast.com\/product\/yoast-seo-wordpress\/ -->\n<title>Dostato\u010dne Pou\u010den\u00e1 Osoba (VOP) NEN 3840 - Online kurz + Online sk\u00fa\u0161ka &#8226; ELCONY<\/title>\n<meta name=\"robots\" content=\"noindex, follow\" \/>\n<script type=\"application\/ld+json\" class=\"yoast-schema-graph\">{\"@context\":\"https:\\\/\\\/schema.org\",\"@graph\":[{\"@type\":\"WebPage\",\"@id\":\"https:\\\/\\\/www.elcony.com\\\/sk\\\/produkt\\\/306711\\\/\",\"url\":\"https:\\\/\\\/www.elcony.com\\\/sk\\\/produkt\\\/306711\\\/\",\"name\":\"Dostato\u010dne Pou\u010den\u00e1 Osoba (VOP) NEN 3840 - Online kurz + Online sk\u00fa\u0161ka &#8226; ELCONY\",\"isPartOf\":{\"@id\":\"https:\\\/\\\/www.elcony.com\\\/it\\\/#website\"},\"primaryImageOfPage\":{\"@id\":\"https:\\\/\\\/www.elcony.com\\\/sk\\\/produkt\\\/306711\\\/#primaryimage\"},\"image\":{\"@id\":\"https:\\\/\\\/www.elcony.com\\\/sk\\\/produkt\\\/306711\\\/#primaryimage\"},\"thumbnailUrl\":\"https:\\\/\\\/www.elcony.com\\\/wp-content\\\/uploads\\\/2024\\\/06\\\/Aardlekschakelaars-675267964-800x533-1.png\",\"datePublished\":\"2024-06-28T12:06:42+00:00\",\"dateModified\":\"2025-11-10T16:30:18+00:00\",\"breadcrumb\":{\"@id\":\"https:\\\/\\\/www.elcony.com\\\/sk\\\/produkt\\\/306711\\\/#breadcrumb\"},\"inLanguage\":\"sk-SK\",\"potentialAction\":[{\"@type\":\"ReadAction\",\"target\":[\"https:\\\/\\\/www.elcony.com\\\/sk\\\/produkt\\\/306711\\\/\"]}]},{\"@type\":\"ImageObject\",\"inLanguage\":\"sk-SK\",\"@id\":\"https:\\\/\\\/www.elcony.com\\\/sk\\\/produkt\\\/306711\\\/#primaryimage\",\"url\":\"https:\\\/\\\/www.elcony.com\\\/wp-content\\\/uploads\\\/2024\\\/06\\\/Aardlekschakelaars-675267964-800x533-1.png\",\"contentUrl\":\"https:\\\/\\\/www.elcony.com\\\/wp-content\\\/uploads\\\/2024\\\/06\\\/Aardlekschakelaars-675267964-800x533-1.png\",\"width\":800,\"height\":533},{\"@type\":\"BreadcrumbList\",\"@id\":\"https:\\\/\\\/www.elcony.com\\\/sk\\\/produkt\\\/306711\\\/#breadcrumb\",\"itemListElement\":[{\"@type\":\"ListItem\",\"position\":1,\"name\":\"Home\",\"item\":\"https:\\\/\\\/www.elcony.com\\\/sk\\\/\"},{\"@type\":\"ListItem\",\"position\":2,\"name\":\"Prodotti\",\"item\":\"https:\\\/\\\/www.elcony.com\\\/it\\\/shop\\\/\"},{\"@type\":\"ListItem\",\"position\":3,\"name\":\"Dostato\u010dne Pou\u010den\u00e1 Osoba (VOP) NEN 3840 &#8211; Online kurz + Online sk\u00fa\u0161ka\"}]},{\"@type\":\"WebSite\",\"@id\":\"https:\\\/\\\/www.elcony.com\\\/it\\\/#website\",\"url\":\"https:\\\/\\\/www.elcony.com\\\/it\\\/\",\"name\":\"ELCONY\",\"description\":\"ARBO, VCA en SOG Opleidingen\",\"potentialAction\":[{\"@type\":\"SearchAction\",\"target\":{\"@type\":\"EntryPoint\",\"urlTemplate\":\"https:\\\/\\\/www.elcony.com\\\/it\\\/?s={search_term_string}\"},\"query-input\":{\"@type\":\"PropertyValueSpecification\",\"valueRequired\":true,\"valueName\":\"search_term_string\"}}],\"inLanguage\":\"sk-SK\"}]}<\/script>\n<!-- \/ Yoast SEO plugin. -->","yoast_head_json":{"title":"Dostato\u010dne Pou\u010den\u00e1 Osoba (VOP) NEN 3840 - Online kurz + Online sk\u00fa\u0161ka &#8226; ELCONY","robots":{"index":"noindex","follow":"follow"},"schema":{"@context":"https:\/\/schema.org","@graph":[{"@type":"WebPage","@id":"https:\/\/www.elcony.com\/sk\/produkt\/306711\/","url":"https:\/\/www.elcony.com\/sk\/produkt\/306711\/","name":"Dostato\u010dne Pou\u010den\u00e1 Osoba (VOP) NEN 3840 - Online kurz + Online sk\u00fa\u0161ka &#8226; ELCONY","isPartOf":{"@id":"https:\/\/www.elcony.com\/it\/#website"},"primaryImageOfPage":{"@id":"https:\/\/www.elcony.com\/sk\/produkt\/306711\/#primaryimage"},"image":{"@id":"https:\/\/www.elcony.com\/sk\/produkt\/306711\/#primaryimage"},"thumbnailUrl":"https:\/\/www.elcony.com\/wp-content\/uploads\/2024\/06\/Aardlekschakelaars-675267964-800x533-1.png","datePublished":"2024-06-28T12:06:42+00:00","dateModified":"2025-11-10T16:30:18+00:00","breadcrumb":{"@id":"https:\/\/www.elcony.com\/sk\/produkt\/306711\/#breadcrumb"},"inLanguage":"sk-SK","potentialAction":[{"@type":"ReadAction","target":["https:\/\/www.elcony.com\/sk\/produkt\/306711\/"]}]},{"@type":"ImageObject","inLanguage":"sk-SK","@id":"https:\/\/www.elcony.com\/sk\/produkt\/306711\/#primaryimage","url":"https:\/\/www.elcony.com\/wp-content\/uploads\/2024\/06\/Aardlekschakelaars-675267964-800x533-1.png","contentUrl":"https:\/\/www.elcony.com\/wp-content\/uploads\/2024\/06\/Aardlekschakelaars-675267964-800x533-1.png","width":800,"height":533},{"@type":"BreadcrumbList","@id":"https:\/\/www.elcony.com\/sk\/produkt\/306711\/#breadcrumb","itemListElement":[{"@type":"ListItem","position":1,"name":"Home","item":"https:\/\/www.elcony.com\/sk\/"},{"@type":"ListItem","position":2,"name":"Prodotti","item":"https:\/\/www.elcony.com\/it\/shop\/"},{"@type":"ListItem","position":3,"name":"Dostato\u010dne Pou\u010den\u00e1 Osoba (VOP) NEN 3840 &#8211; Online kurz + Online sk\u00fa\u0161ka"}]},{"@type":"WebSite","@id":"https:\/\/www.elcony.com\/it\/#website","url":"https:\/\/www.elcony.com\/it\/","name":"ELCONY","description":"ARBO, VCA en SOG Opleidingen","potentialAction":[{"@type":"SearchAction","target":{"@type":"EntryPoint","urlTemplate":"https:\/\/www.elcony.com\/it\/?s={search_term_string}"},"query-input":{"@type":"PropertyValueSpecification","valueRequired":true,"valueName":"search_term_string"}}],"inLanguage":"sk-SK"}]}},"_links":{"self":[{"href":"https:\/\/www.elcony.com\/sk\/wp-json\/wp\/v2\/product\/306711","targetHints":{"allow":["GET"]}}],"collection":[{"href":"https:\/\/www.elcony.com\/sk\/wp-json\/wp\/v2\/product"}],"about":[{"href":"https:\/\/www.elcony.com\/sk\/wp-json\/wp\/v2\/types\/product"}],"wp:featuredmedia":[{"embeddable":true,"href":"https:\/\/www.elcony.com\/sk\/wp-json\/wp\/v2\/media\/285843"}],"wp:attachment":[{"href":"https:\/\/www.elcony.com\/sk\/wp-json\/wp\/v2\/media?parent=306711"}],"wp:term":[{"taxonomy":"product_brand","embeddable":true,"href":"https:\/\/www.elcony.com\/sk\/wp-json\/wp\/v2\/product_brand?post=306711"},{"taxonomy":"product_cat","embeddable":true,"href":"https:\/\/www.elcony.com\/sk\/wp-json\/wp\/v2\/product_cat?post=306711"},{"taxonomy":"product_tag","embeddable":true,"href":"https:\/\/www.elcony.com\/sk\/wp-json\/wp\/v2\/product_tag?post=306711"}],"curies":[{"name":"wp","href":"https:\/\/api.w.org\/{rel}","templated":true}]}}