{"id":186547,"date":"2023-10-08T11:41:57","date_gmt":"2023-10-08T09:41:57","guid":{"rendered":"https:\/\/www.elcony.com\/twin-ferrule\/"},"modified":"2026-02-06T20:27:59","modified_gmt":"2026-02-06T19:27:59","slug":"twin-ferrule","status":"publish","type":"page","link":"https:\/\/www.elcony.com\/tr\/twin-ferrule\/","title":{"rendered":"Twin Ferrule"},"content":{"rendered":"<div class=\"fusion-fullwidth fullwidth-box fusion-builder-row-1 has-pattern-background has-mask-background nonhundred-percent-fullwidth non-hundred-percent-height-scrolling\" style=\"--awb-border-radius-top-left:0px;--awb-border-radius-top-right:0px;--awb-border-radius-bottom-right:0px;--awb-border-radius-bottom-left:0px;--awb-flex-wrap:wrap;\" ><div class=\"fusion-builder-row fusion-row\"><div class=\"fusion-layout-column fusion_builder_column fusion-builder-column-0 fusion_builder_column_1_5 1_5 fusion-one-fifth fusion-column-first\" style=\"--awb-bg-blend:overlay;--awb-bg-size:cover;width:20%;width:calc(20% - ( ( 4% + 4% ) * 0.2 ) );margin-right: 4%;\"><div class=\"fusion-column-wrapper fusion-flex-column-wrapper-legacy\"><div class=\"fusion-clearfix\"><\/div><\/div><\/div><div class=\"fusion-layout-column fusion_builder_column fusion-builder-column-1 fusion_builder_column_3_5 3_5 fusion-three-fifth\" style=\"--awb-bg-blend:overlay;--awb-bg-size:cover;width:60%;width:calc(60% - ( ( 4% + 4% ) * 0.6 ) );margin-right: 4%;\"><div class=\"fusion-column-wrapper fusion-flex-column-wrapper-legacy\"><div class=\"fusion-text fusion-text-1\"><h1>Twin Ferrule ba\u011flant\u0131 elemanlar\u0131 ile \u00e7al\u0131\u015fma<\/h1>\n<p> Twin ferrule ba\u011flant\u0131 elemanlar\u0131, (petro)kimya end\u00fcstrisinde, enstr\u00fcmantasyonda ve proses tesislerinde yayg\u0131n olarak kullan\u0131lmaktad\u0131r. Do\u011fru montaj, s\u0131z\u0131nt\u0131lar\u0131n, malzeme hasarlar\u0131n\u0131n ve ar\u0131za maliyetlerinin \u00f6nlenmesi a\u00e7\u0131s\u0131ndan hayati \u00f6nem ta\u015f\u0131r. Twin Ferrule ba\u011flant\u0131 elemanlar\u0131 ile \u00e7al\u0131\u015fma e\u011fitimi sayesinde bu ba\u011flant\u0131 elemanlar\u0131n\u0131 g\u00fcvenli, do\u011fru ve ge\u00e7erli y\u00f6nergelere uygun \u015fekilde monte etmeyi \u00f6\u011frenirsiniz. <\/p>\n<h2>Twin ferrule ba\u011flant\u0131 elemanlar\u0131 nedir?<\/h2>\n<p> Twin ferrule ba\u011flant\u0131 elemanlar\u0131, boru ile ba\u011flant\u0131 eleman\u0131 aras\u0131nda g\u00fcvenilir ve bas\u0131nca dayan\u0131kl\u0131 bir ba\u011flant\u0131 sa\u011flayan bir \u00f6n halka ve bir arka halkadan olu\u015fur. G\u00fcvenlik ve hassasiyetin y\u00fcksek d\u00fczeyde gerekli oldu\u011fu enstr\u00fcmantasyon hatlar\u0131nda s\u0131k\u00e7a kullan\u0131l\u0131rlar. <\/p>\n<h2>Twin Ferrule ba\u011flant\u0131 elemanlar\u0131 ile \u00e7al\u0131\u015fma e\u011fitimi kimler i\u00e7indir?<\/h2>\n<ul>\n<li>Montajc\u0131lar ve bak\u0131m teknisyenleri.<\/li>\n<li>Enstr\u00fcmantasyon montajc\u0131lar\u0131.<\/li>\n<li>(Petro)kimya end\u00fcstrisinde \u00e7al\u0131\u015fan personel.<\/li>\n<li>Serbest \u00e7al\u0131\u015fanlar ve ta\u015feronlar.<\/li>\n<li>Boru ve enstr\u00fcmantasyon ba\u011flant\u0131 elemanlar\u0131yla \u00e7al\u0131\u015fan teknik personel.<\/li>\n<\/ul>\n<h2>SOG olmadan Twin Ferrule ba\u011flant\u0131 elemanlar\u0131 ile \u00e7al\u0131\u015fma<\/h2>\n<h3>Hedef grup<\/h3>\n<p> Bu e\u011fitim, SOG zorunlulu\u011fu bulunmayan m\u00fc\u015fterilerde twin ferrule ba\u011flant\u0131 elemanlar\u0131 monte eden \u00e7al\u0131\u015fanlar i\u00e7in uygundur. <\/p>\n<h3>Ne zaman SOG\u2019suz Twin Ferrule ba\u011flant\u0131 elemanlar\u0131n\u0131 se\u00e7ersiniz?<\/h3>\n<ul>\n<li>M\u00fc\u015fteriniz SOG diplomas\u0131n\u0131 zorunlu k\u0131lm\u0131yorsa.<\/li>\n<li>Dahili g\u00fcvenlik ve montaj prosed\u00fcrlerine g\u00f6re \u00e7al\u0131\u015f\u0131yorsan\u0131z.<\/li>\n<li>Harici bir SOG s\u0131nav\u0131 olmadan uygulamaya y\u00f6nelik bir e\u011fitim ar\u0131yorsan\u0131z.<\/li>\n<\/ul>\n<p> E\u011fitimin tamamlanmas\u0131n\u0131n ard\u0131ndan <strong>ELCONY Diploma Kayd\u0131<\/strong>na kay\u0131tl\u0131 bir diploma al\u0131rs\u0131n\u0131z ve bu diploma <strong>5 y\u0131l ge\u00e7erlidir<\/strong>. <\/p>\n<h3><strong>E\u011fitim s\u00fcresi ve fiyat<\/strong><\/h3>\n<ul>\n<li>Mevcut \u00f6n bilgiye sahip kat\u0131l\u0131mc\u0131lar i\u00e7in \u00e7evrim i\u00e7i haz\u0131rl\u0131k veya tazeleme e\u011fitimi ile 1 g\u00fcn: <strong>\u20ac 255,00<\/strong> KDV hari\u00e7<\/li>\n<li>\u00d6nceki deneyimi olmayanlar i\u00e7in 2 g\u00fcn: <strong>\u20ac 455,00<\/strong> KDV hari\u00e7<\/li>\n<\/ul>\n<h2 id=\"sog\">SOG ile Twin Ferrule ba\u011flant\u0131 elemanlar\u0131 ile \u00e7al\u0131\u015fma<\/h2>\n<h3>Hedef grup<\/h3>\n<p> SOG taraf\u0131ndan tan\u0131nan Twin Ferrule ba\u011flant\u0131 elemanlar\u0131 ile \u00e7al\u0131\u015fma e\u011fitimi, resmi olarak tan\u0131nm\u0131\u015f bir SOG diplomas\u0131n\u0131n zorunlu oldu\u011fu m\u00fc\u015fterilerde \u00e7al\u0131\u015fan personel i\u00e7in haz\u0131rlanm\u0131\u015ft\u0131r. <\/p>\n<h3>Twin Ferrule ba\u011flant\u0131 elemanlar\u0131 (SOG) ne zaman zorunludur?<\/h3>\n<ul>\n<li>(Petro)kimyasal tesis sahalar\u0131nda yap\u0131lan \u00e7al\u0131\u015fmalarda.<\/li>\n<li>SSVV gerekliliklerine g\u00f6re \u00e7al\u0131\u015fan m\u00fc\u015fterilerde.<\/li>\n<li>Bak\u0131m duru\u015flar\u0131 ve turnarounds s\u0131ras\u0131nda.<\/li>\n<li>S\u0131k\u0131 \u015fekilde d\u00fczenlenmi\u015f g\u00fcvenlik prosed\u00fcrlerine sahip lokasyonlarda.<\/li>\n<\/ul>\n<p> S\u0131nav\u0131n ba\u015far\u0131yla tamamlanmas\u0131n\u0131n ard\u0131ndan diploma <strong>SSVV Diploma Kayd\u0131<\/strong>na i\u015flenir ve 5 y\u0131l ge\u00e7erlidir. <\/p>\n<h3><strong>E\u011fitim s\u00fcresi ve fiyat<\/strong><\/h3>\n<ul>\n<li>Mevcut \u00f6n bilgiye sahip kat\u0131l\u0131mc\u0131lar i\u00e7in \u00e7evrim i\u00e7i haz\u0131rl\u0131k veya tazeleme e\u011fitimi ile 1 g\u00fcn: <strong>\u20ac 369,00<\/strong> KDV hari\u00e7<\/li>\n<li>\u00d6nceki deneyimi olmayanlar i\u00e7in 2 g\u00fcn: <strong>\u20ac 569,00<\/strong> KDV hari\u00e7<\/li>\n<\/ul>\n<h2>Lokasyonlar<\/h2>\n<p> Twin ferrule ba\u011flant\u0131 elemanlar\u0131 ile \u00e7al\u0131\u015fma e\u011fitimi Hollanda\u2019n\u0131n bir\u00e7ok farkl\u0131 noktas\u0131nda verilmektedir ve talep \u00fczerine kendi tesisinizde de ger\u00e7ekle\u015ftirilebilir. <\/p>\n<h2><strong>\u0130leti\u015fim<\/strong><\/h2>\n<p> Daha fazla bilgi almak veya kay\u0131t yapt\u0131rmak i\u00e7in <strong>+31(0)88-2200100<\/strong> numaras\u0131n\u0131 arayabilir ya da <strong><a href=\"&#x6d;&#97;&#105;l&#x74;&#x6f;&#58;i&#x6e;&#x66;&#111;&#64;&#x65;&#x6c;&#99;o&#x6e;&#x79;&#46;c&#x6f;&#x6d;\">&#105;n&#x66;o&#x40;e&#x6c;&#99;&#x6f;&#110;&#x79;&#46;c&#x6f;m<\/a><\/strong> adresine e-posta g\u00f6nderebilirsiniz.<\/p>\n<\/div><div class=\"fusion-clearfix\"><\/div><\/div><\/div><div class=\"fusion-layout-column fusion_builder_column fusion-builder-column-2 fusion_builder_column_1_5 1_5 fusion-one-fifth fusion-column-last\" style=\"--awb-bg-blend:overlay;--awb-bg-size:cover;width:20%;width:calc(20% - ( ( 4% + 4% ) * 0.2 ) );\"><div class=\"fusion-column-wrapper fusion-flex-column-wrapper-legacy\"><div class=\"fusion-clearfix\"><\/div><\/div><\/div><\/div><\/div>\n","protected":false},"excerpt":{"rendered":"","protected":false},"author":1,"featured_media":0,"parent":0,"menu_order":6,"comment_status":"closed","ping_status":"closed","template":"","meta":{"footnotes":""},"class_list":["post-186547","page","type-page","status-publish","hentry"],"yoast_head":"<!-- This site is optimized with the Yoast SEO plugin v27.6 - https:\/\/yoast.com\/product\/yoast-seo-wordpress\/ -->\n<title>Twin Ferrule ba\u011flant\u0131 elemanlar\u0131 ile \u00e7al\u0131\u015fma (SOG) \u2013 \u00fclke genelinde ve \u015firket i\u00e7i<\/title>\n<meta name=\"description\" content=\"Twin ferrule ba\u011flant\u0131 elemanlar\u0131yla g\u00fcvenli ve do\u011fru \u015fekilde \u00e7al\u0131\u015fmay\u0131 \u00f6\u011frenin. Montajc\u0131lar ve enstr\u00fcmantasyon personeli i\u00e7in uygulamaya y\u00f6nelik e\u011fitim.\" \/>\n<meta name=\"robots\" content=\"index, follow, max-snippet:-1, max-image-preview:large, max-video-preview:-1\" \/>\n<link rel=\"canonical\" href=\"https:\/\/www.elcony.com\/werken-met-twin-ferrule-fittingen\/\" \/>\n<script type=\"application\/ld+json\" class=\"yoast-schema-graph\">{\"@context\":\"https:\\\/\\\/schema.org\",\"@graph\":[{\"@type\":\"WebPage\",\"@id\":\"https:\\\/\\\/www.elcony.com\\\/werken-met-twin-ferrule-fittingen\\\/\",\"url\":\"https:\\\/\\\/www.elcony.com\\\/werken-met-twin-ferrule-fittingen\\\/\",\"name\":\"Twin Ferrule ba\u011flant\u0131 elemanlar\u0131 ile \u00e7al\u0131\u015fma (SOG) \u2013 \u00fclke genelinde ve \u015firket i\u00e7i\",\"isPartOf\":{\"@id\":\"https:\\\/\\\/www.elcony.com\\\/it\\\/#website\"},\"datePublished\":\"2023-10-08T09:41:57+00:00\",\"dateModified\":\"2026-02-06T19:27:59+00:00\",\"description\":\"Twin ferrule ba\u011flant\u0131 elemanlar\u0131yla g\u00fcvenli ve do\u011fru \u015fekilde \u00e7al\u0131\u015fmay\u0131 \u00f6\u011frenin. Montajc\u0131lar ve enstr\u00fcmantasyon personeli i\u00e7in uygulamaya y\u00f6nelik e\u011fitim.\",\"breadcrumb\":{\"@id\":\"https:\\\/\\\/www.elcony.com\\\/werken-met-twin-ferrule-fittingen\\\/#breadcrumb\"},\"inLanguage\":\"tr\",\"potentialAction\":[{\"@type\":\"ReadAction\",\"target\":[\"https:\\\/\\\/www.elcony.com\\\/werken-met-twin-ferrule-fittingen\\\/\"]}]},{\"@type\":\"BreadcrumbList\",\"@id\":\"https:\\\/\\\/www.elcony.com\\\/werken-met-twin-ferrule-fittingen\\\/#breadcrumb\",\"itemListElement\":[{\"@type\":\"ListItem\",\"position\":1,\"name\":\"Home\",\"item\":\"https:\\\/\\\/www.elcony.com\\\/tr\\\/\"},{\"@type\":\"ListItem\",\"position\":2,\"name\":\"Twin Ferrule\"}]},{\"@type\":\"WebSite\",\"@id\":\"https:\\\/\\\/www.elcony.com\\\/it\\\/#website\",\"url\":\"https:\\\/\\\/www.elcony.com\\\/it\\\/\",\"name\":\"ELCONY\",\"description\":\"ARBO, VCA en SOG Opleidingen\",\"potentialAction\":[{\"@type\":\"SearchAction\",\"target\":{\"@type\":\"EntryPoint\",\"urlTemplate\":\"https:\\\/\\\/www.elcony.com\\\/it\\\/?s={search_term_string}\"},\"query-input\":{\"@type\":\"PropertyValueSpecification\",\"valueRequired\":true,\"valueName\":\"search_term_string\"}}],\"inLanguage\":\"tr\"}]}<\/script>\n<!-- \/ Yoast SEO plugin. -->","yoast_head_json":{"title":"Twin Ferrule ba\u011flant\u0131 elemanlar\u0131 ile \u00e7al\u0131\u015fma (SOG) \u2013 \u00fclke genelinde ve \u015firket i\u00e7i","description":"Twin ferrule ba\u011flant\u0131 elemanlar\u0131yla g\u00fcvenli ve do\u011fru \u015fekilde \u00e7al\u0131\u015fmay\u0131 \u00f6\u011frenin. Montajc\u0131lar ve enstr\u00fcmantasyon personeli i\u00e7in uygulamaya y\u00f6nelik e\u011fitim.","robots":{"index":"index","follow":"follow","max-snippet":"max-snippet:-1","max-image-preview":"max-image-preview:large","max-video-preview":"max-video-preview:-1"},"canonical":"https:\/\/www.elcony.com\/werken-met-twin-ferrule-fittingen\/","schema":{"@context":"https:\/\/schema.org","@graph":[{"@type":"WebPage","@id":"https:\/\/www.elcony.com\/werken-met-twin-ferrule-fittingen\/","url":"https:\/\/www.elcony.com\/werken-met-twin-ferrule-fittingen\/","name":"Twin Ferrule ba\u011flant\u0131 elemanlar\u0131 ile \u00e7al\u0131\u015fma (SOG) \u2013 \u00fclke genelinde ve \u015firket i\u00e7i","isPartOf":{"@id":"https:\/\/www.elcony.com\/it\/#website"},"datePublished":"2023-10-08T09:41:57+00:00","dateModified":"2026-02-06T19:27:59+00:00","description":"Twin ferrule ba\u011flant\u0131 elemanlar\u0131yla g\u00fcvenli ve do\u011fru \u015fekilde \u00e7al\u0131\u015fmay\u0131 \u00f6\u011frenin. Montajc\u0131lar ve enstr\u00fcmantasyon personeli i\u00e7in uygulamaya y\u00f6nelik e\u011fitim.","breadcrumb":{"@id":"https:\/\/www.elcony.com\/werken-met-twin-ferrule-fittingen\/#breadcrumb"},"inLanguage":"tr","potentialAction":[{"@type":"ReadAction","target":["https:\/\/www.elcony.com\/werken-met-twin-ferrule-fittingen\/"]}]},{"@type":"BreadcrumbList","@id":"https:\/\/www.elcony.com\/werken-met-twin-ferrule-fittingen\/#breadcrumb","itemListElement":[{"@type":"ListItem","position":1,"name":"Home","item":"https:\/\/www.elcony.com\/tr\/"},{"@type":"ListItem","position":2,"name":"Twin Ferrule"}]},{"@type":"WebSite","@id":"https:\/\/www.elcony.com\/it\/#website","url":"https:\/\/www.elcony.com\/it\/","name":"ELCONY","description":"ARBO, VCA en SOG Opleidingen","potentialAction":[{"@type":"SearchAction","target":{"@type":"EntryPoint","urlTemplate":"https:\/\/www.elcony.com\/it\/?s={search_term_string}"},"query-input":{"@type":"PropertyValueSpecification","valueRequired":true,"valueName":"search_term_string"}}],"inLanguage":"tr"}]}},"_links":{"self":[{"href":"https:\/\/www.elcony.com\/tr\/wp-json\/wp\/v2\/pages\/186547","targetHints":{"allow":["GET"]}}],"collection":[{"href":"https:\/\/www.elcony.com\/tr\/wp-json\/wp\/v2\/pages"}],"about":[{"href":"https:\/\/www.elcony.com\/tr\/wp-json\/wp\/v2\/types\/page"}],"author":[{"embeddable":true,"href":"https:\/\/www.elcony.com\/tr\/wp-json\/wp\/v2\/users\/1"}],"replies":[{"embeddable":true,"href":"https:\/\/www.elcony.com\/tr\/wp-json\/wp\/v2\/comments?post=186547"}],"version-history":[{"count":3,"href":"https:\/\/www.elcony.com\/tr\/wp-json\/wp\/v2\/pages\/186547\/revisions"}],"predecessor-version":[{"id":391480,"href":"https:\/\/www.elcony.com\/tr\/wp-json\/wp\/v2\/pages\/186547\/revisions\/391480"}],"wp:attachment":[{"href":"https:\/\/www.elcony.com\/tr\/wp-json\/wp\/v2\/media?parent=186547"}],"curies":[{"name":"wp","href":"https:\/\/api.w.org\/{rel}","templated":true}]}}