{"id":191523,"date":"2023-10-25T10:22:46","date_gmt":"2023-10-25T08:22:46","guid":{"rendered":"https:\/\/www.elcony.com\/solunum-korumasi\/"},"modified":"2026-02-06T13:44:35","modified_gmt":"2026-02-06T12:44:35","slug":"solunum-korumasi","status":"publish","type":"page","link":"https:\/\/www.elcony.com\/tr\/solunum-korumasi\/","title":{"rendered":"Ba\u011f\u0131ms\u0131z solunum korumas\u0131"},"content":{"rendered":"<div class=\"fusion-fullwidth fullwidth-box fusion-builder-row-1 has-pattern-background has-mask-background nonhundred-percent-fullwidth non-hundred-percent-height-scrolling\" style=\"--awb-border-radius-top-left:0px;--awb-border-radius-top-right:0px;--awb-border-radius-bottom-right:0px;--awb-border-radius-bottom-left:0px;--awb-flex-wrap:wrap;\" ><div class=\"fusion-builder-row fusion-row\"><div class=\"fusion-layout-column fusion_builder_column fusion-builder-column-0 fusion_builder_column_1_5 1_5 fusion-one-fifth fusion-column-first\" style=\"--awb-bg-blend:overlay;--awb-bg-size:cover;width:20%;width:calc(20% - ( ( 4% + 4% ) * 0.2 ) );margin-right: 4%;\"><div class=\"fusion-column-wrapper fusion-flex-column-wrapper-legacy\"><div class=\"fusion-clearfix\"><\/div><\/div><\/div><div class=\"fusion-layout-column fusion_builder_column fusion-builder-column-1 fusion_builder_column_3_5 3_5 fusion-three-fifth\" style=\"--awb-bg-blend:overlay;--awb-bg-size:cover;width:60%;width:calc(60% - ( ( 4% + 4% ) * 0.6 ) );margin-right: 4%;\"><div class=\"fusion-column-wrapper fusion-flex-column-wrapper-legacy\"><div class=\"fusion-text fusion-text-1\"><h1>Ba\u011f\u0131ms\u0131z solunum korumas\u0131 ile \u00e7al\u0131\u015fma<\/h1>\n<p> Ba\u011f\u0131ms\u0131z solunum korumas\u0131 ile \u00e7al\u0131\u015fma, hava kalitesinin yeterince g\u00fcvenli olmad\u0131\u011f\u0131 ortamlarda yap\u0131lan \u00e7al\u0131\u015fmalar i\u00e7in gereklidir. \u201cBa\u011f\u0131ms\u0131z solunum korumas\u0131 ile \u00e7al\u0131\u015fma\u201d kursu ile solunum ekipmanlar\u0131n\u0131 g\u00fcvenli, sorumlu ve ge\u00e7erli prosed\u00fcrlere uygun \u015fekilde kullanmay\u0131 \u00f6\u011frenirsiniz. <\/p>\n<h2>Ba\u011f\u0131ms\u0131z solunum korumas\u0131 nedir?<\/h2>\n<p> Ba\u011f\u0131ms\u0131z solunum korumas\u0131, ortam havas\u0131n\u0131n solunmaya uygun olmad\u0131\u011f\u0131 durumlarda kullan\u0131l\u0131r; \u00f6rne\u011fin oksijen yetersizli\u011fi veya tehlikeli maddelerin varl\u0131\u011f\u0131 halinde. Bu durumda kullan\u0131c\u0131, solunabilir havay\u0131 ba\u011f\u0131ms\u0131z bir kaynaktan al\u0131r; \u00f6rne\u011fin bir solunum cihaz\u0131 veya hava besleme hatl\u0131 bir sistem arac\u0131l\u0131\u011f\u0131yla. <\/p>\n<h2>\u201cBa\u011f\u0131ms\u0131z solunum korumas\u0131 ile \u00e7al\u0131\u015fma\u201d kursu kimler i\u00e7indir?<\/h2>\n<ul>\n<li>(Petro)kimya end\u00fcstrisinde \u00e7al\u0131\u015fanlar.<\/li>\n<li>Bak\u0131m teknisyenleri ve teknikerler.<\/li>\n<li>End\u00fcstriyel sahalarda \u00e7al\u0131\u015fan ta\u015feronlar ve serbest \u00e7al\u0131\u015fanlar.<\/li>\n<li>Kapal\u0131 veya y\u00fcksek riskli ortamlarda \u00e7al\u0131\u015fan personel.<\/li>\n<\/ul>\n<h2>SOG olmadan ba\u011f\u0131ms\u0131z solunum korumas\u0131 ile \u00e7al\u0131\u015fma<\/h2>\n<h3>Hedef kitle<\/h3>\n<p> Bu e\u011fitim, SOG zorunlulu\u011fu olmayan i\u015fverenler i\u00e7in ba\u011f\u0131ms\u0131z solunum korumas\u0131 ile \u00e7al\u0131\u015fan personel i\u00e7in uygundur. <\/p>\n<h3>Ne zaman SOG\u2019suz solunum korumas\u0131n\u0131 tercih edersiniz?<\/h3>\n<ul>\n<li>\u0130\u015fvereniniz SOG diplomas\u0131 talep etmiyorsa.<\/li>\n<li>Dahili g\u00fcvenlik prosed\u00fcrleri kapsam\u0131nda \u00e7al\u0131\u015f\u0131yorsan\u0131z.<\/li>\n<li>Harici bir SOG s\u0131nav\u0131 olmadan uygulamaya y\u00f6nelik bir e\u011fitim ar\u0131yorsan\u0131z.<\/li>\n<\/ul>\n<p> E\u011fitimin tamamlanmas\u0131n\u0131n ard\u0131ndan <strong>ELCONY Diploma Sicili<\/strong>\u2019ne kay\u0131tl\u0131 bir diploma al\u0131rs\u0131n\u0131z ve bu diploma <strong>5 y\u0131l ge\u00e7erlidir<\/strong>. <\/p>\n<h3>Kurs s\u00fcresi ve \u00fccret<\/h3>\n<ul>\n<li>Mevcut \u00f6n bilgiye sahip olanlar i\u00e7in online haz\u0131rl\u0131k veya tazeleme kursu ile 1 g\u00fcn: <strong>\u20ac 255,00<\/strong> KDV hari\u00e7<\/li>\n<li>\u00d6nceki deneyimi olmayanlar i\u00e7in 2 g\u00fcn: <strong>\u20ac 455,00<\/strong> KDV hari\u00e7<\/li>\n<\/ul>\n<h2>SOG ile ba\u011f\u0131ms\u0131z solunum korumas\u0131 ile \u00e7al\u0131\u015fma<\/h2>\n<h3>Hedef kitle<\/h3>\n<p> SOG taraf\u0131ndan tan\u0131nan \u201cBa\u011f\u0131ms\u0131z solunum korumas\u0131 ile \u00e7al\u0131\u015fma\u201d kursu, resmi olarak tan\u0131nm\u0131\u015f bir diploman\u0131n zorunlu oldu\u011fu i\u015fverenlerde \u00e7al\u0131\u015fan personel i\u00e7in tasarlanm\u0131\u015ft\u0131r. <\/p>\n<h3>Solunum korumas\u0131 (SOG) ne zaman zorunludur?<\/h3>\n<ul>\n<li>Oksijen seviyesinin yetersiz oldu\u011fu ortamlarda \u00e7al\u0131\u015f\u0131rken.<\/li>\n<li>Tehlikeli maddelere maruz kal\u0131nd\u0131\u011f\u0131nda.<\/li>\n<li>(Petro)kimya end\u00fcstrisinde.<\/li>\n<li>SSVV gerekliliklerine g\u00f6re \u00e7al\u0131\u015fan i\u015fverenler i\u00e7in.<\/li>\n<\/ul>\n<p> S\u0131nav\u0131n ba\u015far\u0131yla tamamlanmas\u0131n\u0131n ard\u0131ndan diploma <strong>SSVV Diploma Sicili<\/strong>\u2019ne kaydedilir ve <strong>3 y\u0131l ge\u00e7erlidir<\/strong>. <\/p>\n<h3>Kurs s\u00fcresi ve \u00fccret<\/h3>\n<ul>\n<li>Mevcut \u00f6n bilgiye sahip olanlar i\u00e7in online haz\u0131rl\u0131k veya tazeleme kursu ile 1 g\u00fcn: <strong>\u20ac 329,00<\/strong> KDV hari\u00e7<\/li>\n<li>\u00d6nceki deneyimi olmayanlar i\u00e7in 2 g\u00fcn: <strong>\u20ac 529,00<\/strong> KDV hari\u00e7<\/li>\n<\/ul>\n<h2>T\u0131bbi uygunluk<\/h2>\n<p> Ba\u011f\u0131ms\u0131z solunum korumas\u0131 ile \u00e7al\u0131\u015fmak i\u00e7in ge\u00e7erli bir t\u0131bbi uygunluk belgesi zorunludur. Bu belge i\u015fveren taraf\u0131ndan sa\u011flanmal\u0131 ve hem e\u011fitim hem de s\u0131nav s\u0131ras\u0131nda ibraz edilmelidir. <\/p>\n<h2><strong>Lokasyon<\/strong><\/h2>\n<p> \u201cBa\u011f\u0131ms\u0131z solunum korumas\u0131 ile \u00e7al\u0131\u015fma\u201d kursu Hollanda\u2019n\u0131n \u00e7e\u015fitli b\u00f6lgelerinde verilmektedir ve talep edilmesi halinde kendi tesisinizde de ger\u00e7ekle\u015ftirilebilir. <\/p>\n<h2><strong>\u0130leti\u015fim<\/strong><\/h2>\n<p> Daha fazla bilgi almak veya kay\u0131t olmak i\u00e7in <strong>+31(0)88-2200100<\/strong> numaral\u0131 telefonu arayabilir ya da <strong><a href=\"&#109;&#x61;&#x69;l&#116;&#x6f;:&#105;&#x6e;&#x66;&#111;&#x40;&#x65;l&#99;&#x6f;n&#121;&#x2e;&#x63;&#111;&#x6d;\">&#105;&#x6e;&#102;&#x6f;&#64;&#x65;&#108;&#x63;&#111;&#x6e;&#121;&#x2e;c&#x6f;m<\/a><\/strong> adresine e-posta g\u00f6nderebilirsiniz.<\/p>\n<\/div><div class=\"fusion-clearfix\"><\/div><\/div><\/div><div class=\"fusion-layout-column fusion_builder_column fusion-builder-column-2 fusion_builder_column_1_5 1_5 fusion-one-fifth fusion-column-last\" style=\"--awb-bg-blend:overlay;--awb-bg-size:cover;width:20%;width:calc(20% - ( ( 4% + 4% ) * 0.2 ) );\"><div class=\"fusion-column-wrapper fusion-flex-column-wrapper-legacy\"><div class=\"fusion-clearfix\"><\/div><\/div><\/div><\/div><\/div>\n","protected":false},"excerpt":{"rendered":"","protected":false},"author":1,"featured_media":0,"parent":0,"menu_order":4,"comment_status":"closed","ping_status":"closed","template":"","meta":{"footnotes":""},"class_list":["post-191523","page","type-page","status-publish","hentry"],"yoast_head":"<!-- This site is optimized with the Yoast SEO plugin v27.5 - https:\/\/yoast.com\/product\/yoast-seo-wordpress\/ -->\n<title>\u201cBa\u011f\u0131ms\u0131z solunum korumas\u0131 ile \u00e7al\u0131\u015fma\u201d Kursu (SOG)<\/title>\n<meta name=\"description\" content=\"Ba\u011f\u0131ms\u0131z solunum korumas\u0131 ile g\u00fcvenli \u015fekilde \u00e7al\u0131\u015fmay\u0131 \u00f6\u011frenin. End\u00fcstri, bak\u0131m ve kapal\u0131 alanlar i\u00e7in kurs. SOG\u2019lu veya SOG\u2019suz.\" \/>\n<meta name=\"robots\" content=\"index, follow, max-snippet:-1, max-image-preview:large, max-video-preview:-1\" \/>\n<link rel=\"canonical\" href=\"https:\/\/www.elcony.com\/tr\/solunum-korumasi\/\" \/>\n<script type=\"application\/ld+json\" class=\"yoast-schema-graph\">{\"@context\":\"https:\\\/\\\/schema.org\",\"@graph\":[{\"@type\":\"WebPage\",\"@id\":\"https:\\\/\\\/www.elcony.com\\\/tr\\\/solunum-korumasi\\\/\",\"url\":\"https:\\\/\\\/www.elcony.com\\\/tr\\\/solunum-korumasi\\\/\",\"name\":\"\u201cBa\u011f\u0131ms\u0131z solunum korumas\u0131 ile \u00e7al\u0131\u015fma\u201d Kursu (SOG)\",\"isPartOf\":{\"@id\":\"https:\\\/\\\/www.elcony.com\\\/it\\\/#website\"},\"datePublished\":\"2023-10-25T08:22:46+00:00\",\"dateModified\":\"2026-02-06T12:44:35+00:00\",\"description\":\"Ba\u011f\u0131ms\u0131z solunum korumas\u0131 ile g\u00fcvenli \u015fekilde \u00e7al\u0131\u015fmay\u0131 \u00f6\u011frenin. End\u00fcstri, bak\u0131m ve kapal\u0131 alanlar i\u00e7in kurs. SOG\u2019lu veya SOG\u2019suz.\",\"breadcrumb\":{\"@id\":\"https:\\\/\\\/www.elcony.com\\\/tr\\\/solunum-korumasi\\\/#breadcrumb\"},\"inLanguage\":\"tr\",\"potentialAction\":[{\"@type\":\"ReadAction\",\"target\":[\"https:\\\/\\\/www.elcony.com\\\/tr\\\/solunum-korumasi\\\/\"]}]},{\"@type\":\"BreadcrumbList\",\"@id\":\"https:\\\/\\\/www.elcony.com\\\/tr\\\/solunum-korumasi\\\/#breadcrumb\",\"itemListElement\":[{\"@type\":\"ListItem\",\"position\":1,\"name\":\"Home\",\"item\":\"https:\\\/\\\/www.elcony.com\\\/tr\\\/\"},{\"@type\":\"ListItem\",\"position\":2,\"name\":\"Ba\u011f\u0131ms\u0131z solunum korumas\u0131\"}]},{\"@type\":\"WebSite\",\"@id\":\"https:\\\/\\\/www.elcony.com\\\/it\\\/#website\",\"url\":\"https:\\\/\\\/www.elcony.com\\\/it\\\/\",\"name\":\"ELCONY\",\"description\":\"ARBO, VCA en SOG Opleidingen\",\"potentialAction\":[{\"@type\":\"SearchAction\",\"target\":{\"@type\":\"EntryPoint\",\"urlTemplate\":\"https:\\\/\\\/www.elcony.com\\\/it\\\/?s={search_term_string}\"},\"query-input\":{\"@type\":\"PropertyValueSpecification\",\"valueRequired\":true,\"valueName\":\"search_term_string\"}}],\"inLanguage\":\"tr\"}]}<\/script>\n<!-- \/ Yoast SEO plugin. -->","yoast_head_json":{"title":"\u201cBa\u011f\u0131ms\u0131z solunum korumas\u0131 ile \u00e7al\u0131\u015fma\u201d Kursu (SOG)","description":"Ba\u011f\u0131ms\u0131z solunum korumas\u0131 ile g\u00fcvenli \u015fekilde \u00e7al\u0131\u015fmay\u0131 \u00f6\u011frenin. End\u00fcstri, bak\u0131m ve kapal\u0131 alanlar i\u00e7in kurs. SOG\u2019lu veya SOG\u2019suz.","robots":{"index":"index","follow":"follow","max-snippet":"max-snippet:-1","max-image-preview":"max-image-preview:large","max-video-preview":"max-video-preview:-1"},"canonical":"https:\/\/www.elcony.com\/tr\/solunum-korumasi\/","schema":{"@context":"https:\/\/schema.org","@graph":[{"@type":"WebPage","@id":"https:\/\/www.elcony.com\/tr\/solunum-korumasi\/","url":"https:\/\/www.elcony.com\/tr\/solunum-korumasi\/","name":"\u201cBa\u011f\u0131ms\u0131z solunum korumas\u0131 ile \u00e7al\u0131\u015fma\u201d Kursu (SOG)","isPartOf":{"@id":"https:\/\/www.elcony.com\/it\/#website"},"datePublished":"2023-10-25T08:22:46+00:00","dateModified":"2026-02-06T12:44:35+00:00","description":"Ba\u011f\u0131ms\u0131z solunum korumas\u0131 ile g\u00fcvenli \u015fekilde \u00e7al\u0131\u015fmay\u0131 \u00f6\u011frenin. End\u00fcstri, bak\u0131m ve kapal\u0131 alanlar i\u00e7in kurs. SOG\u2019lu veya SOG\u2019suz.","breadcrumb":{"@id":"https:\/\/www.elcony.com\/tr\/solunum-korumasi\/#breadcrumb"},"inLanguage":"tr","potentialAction":[{"@type":"ReadAction","target":["https:\/\/www.elcony.com\/tr\/solunum-korumasi\/"]}]},{"@type":"BreadcrumbList","@id":"https:\/\/www.elcony.com\/tr\/solunum-korumasi\/#breadcrumb","itemListElement":[{"@type":"ListItem","position":1,"name":"Home","item":"https:\/\/www.elcony.com\/tr\/"},{"@type":"ListItem","position":2,"name":"Ba\u011f\u0131ms\u0131z solunum korumas\u0131"}]},{"@type":"WebSite","@id":"https:\/\/www.elcony.com\/it\/#website","url":"https:\/\/www.elcony.com\/it\/","name":"ELCONY","description":"ARBO, VCA en SOG Opleidingen","potentialAction":[{"@type":"SearchAction","target":{"@type":"EntryPoint","urlTemplate":"https:\/\/www.elcony.com\/it\/?s={search_term_string}"},"query-input":{"@type":"PropertyValueSpecification","valueRequired":true,"valueName":"search_term_string"}}],"inLanguage":"tr"}]}},"_links":{"self":[{"href":"https:\/\/www.elcony.com\/tr\/wp-json\/wp\/v2\/pages\/191523","targetHints":{"allow":["GET"]}}],"collection":[{"href":"https:\/\/www.elcony.com\/tr\/wp-json\/wp\/v2\/pages"}],"about":[{"href":"https:\/\/www.elcony.com\/tr\/wp-json\/wp\/v2\/types\/page"}],"author":[{"embeddable":true,"href":"https:\/\/www.elcony.com\/tr\/wp-json\/wp\/v2\/users\/1"}],"replies":[{"embeddable":true,"href":"https:\/\/www.elcony.com\/tr\/wp-json\/wp\/v2\/comments?post=191523"}],"version-history":[{"count":3,"href":"https:\/\/www.elcony.com\/tr\/wp-json\/wp\/v2\/pages\/191523\/revisions"}],"predecessor-version":[{"id":391299,"href":"https:\/\/www.elcony.com\/tr\/wp-json\/wp\/v2\/pages\/191523\/revisions\/391299"}],"wp:attachment":[{"href":"https:\/\/www.elcony.com\/tr\/wp-json\/wp\/v2\/media?parent=191523"}],"curies":[{"name":"wp","href":"https:\/\/api.w.org\/{rel}","templated":true}]}}