{"id":233968,"date":"2023-11-25T09:01:35","date_gmt":"2023-11-25T08:01:35","guid":{"rendered":"https:\/\/www.elcony.com\/gerdirmede-tork\/"},"modified":"2026-02-06T14:05:40","modified_gmt":"2026-02-06T13:05:40","slug":"gerdirmede-tork","status":"publish","type":"page","link":"https:\/\/www.elcony.com\/tr\/gerdirmede-tork\/","title":{"rendered":"Tork ve Gerdirme"},"content":{"rendered":"<div class=\"fusion-fullwidth fullwidth-box fusion-builder-row-1 fusion-flex-container has-pattern-background has-mask-background nonhundred-percent-fullwidth non-hundred-percent-height-scrolling\" style=\"--awb-border-radius-top-left:0px;--awb-border-radius-top-right:0px;--awb-border-radius-bottom-right:0px;--awb-border-radius-bottom-left:0px;--awb-flex-wrap:wrap;\" ><div class=\"fusion-builder-row fusion-row fusion-flex-align-items-flex-start fusion-flex-content-wrap\" style=\"max-width:101%;margin-left: calc(-1% \/ 2 );margin-right: calc(-1% \/ 2 );\"><div class=\"fusion-layout-column fusion_builder_column fusion-builder-column-0 fusion_builder_column_1_5 1_5 fusion-flex-column\" style=\"--awb-bg-size:cover;--awb-width-large:20%;--awb-margin-top-large:5px;--awb-spacing-right-large:2.475%;--awb-margin-bottom-large:5px;--awb-spacing-left-large:2.475%;--awb-width-medium:100%;--awb-order-medium:0;--awb-spacing-right-medium:0.495%;--awb-spacing-left-medium:0.495%;--awb-width-small:100%;--awb-order-small:0;--awb-spacing-right-small:0.495%;--awb-spacing-left-small:0.495%;\"><div class=\"fusion-column-wrapper fusion-column-has-shadow fusion-flex-justify-content-flex-start fusion-content-layout-column\"><\/div><\/div><div class=\"fusion-layout-column fusion_builder_column fusion-builder-column-1 fusion_builder_column_3_5 3_5 fusion-flex-column\" style=\"--awb-bg-size:cover;--awb-width-large:60%;--awb-margin-top-large:5px;--awb-spacing-right-large:0.825%;--awb-margin-bottom-large:5px;--awb-spacing-left-large:0.825%;--awb-width-medium:100%;--awb-order-medium:0;--awb-spacing-right-medium:0.495%;--awb-spacing-left-medium:0.495%;--awb-width-small:100%;--awb-order-small:0;--awb-spacing-right-small:0.495%;--awb-spacing-left-small:0.495%;\"><div class=\"fusion-column-wrapper fusion-column-has-shadow fusion-flex-justify-content-flex-start fusion-content-layout-column\"><div class=\"fusion-text fusion-text-1\"><h1>Tork ve Gerdirme Kursu<\/h1>\n<p> Tork ve gerdirme ekipmanlar\u0131yla \u00e7al\u0131\u015fmak, uzman teknik bilgi, y\u00fcksek hassasiyet ve belirlenmi\u015f prosed\u00fcrlerin do\u011fru \u015fekilde uygulanmas\u0131n\u0131 gerektirir. Tork ve Gerdirme Kursu ile end\u00fcstriyel ortamlarda c\u0131vatal\u0131 ba\u011flant\u0131lar \u00fczerinde g\u00fcvenli, kontroll\u00fc ve ge\u00e7erli standartlara uygun \u015fekilde \u00e7al\u0131\u015fmay\u0131 \u00f6\u011frenirsiniz. <\/p>\n<h2>Tork ve gerdirme nedir?<\/h2>\n<p> Tork ve gerdirme, c\u0131vatal\u0131 ba\u011flant\u0131lar\u0131n s\u0131k\u0131lmas\u0131 ve gev\u015fetilmesi i\u00e7in kullan\u0131lan kontroll\u00fc y\u00f6ntemlerdir. Tork y\u00f6ntemi, \u00f6nceden belirlenmi\u015f bir s\u0131kma momenti de\u011ferine dayan\u0131rken; gerdirme y\u00f6ntemi, hidrolik gerilim kullan\u0131larak c\u0131vatan\u0131n uzat\u0131lmas\u0131 prensibine dayan\u0131r. Her iki teknik de g\u00fcvenli ve g\u00fcvenilir flan\u015f ve c\u0131vata ba\u011flant\u0131lar\u0131 i\u00e7in vazge\u00e7ilmezdir. <\/p>\n<h2>Tork ve Gerdirme kursu kimler i\u00e7in uygundur?<\/h2>\n<ul>\n<li>Montajc\u0131lar ve bak\u0131m teknisyenleri.<\/li>\n<li>(Petro)kimya end\u00fcstrisinde \u00e7al\u0131\u015fan personel.<\/li>\n<li>C\u0131vata ve flan\u015f ba\u011flant\u0131lar\u0131yla \u00e7al\u0131\u015fan teknik personel.<\/li>\n<li>Serbest \u00e7al\u0131\u015fanlar ve ta\u015feronlar.<\/li>\n<\/ul>\n<h2>SOG olmadan Tork ve Gerdirme<\/h2>\n<h3>Hedef kitle<\/h3>\n<p> Bu e\u011fitim, SOG zorunlulu\u011fu olmayan i\u015fverenler i\u00e7in hidrolik tork ve gerdirme ekipmanlar\u0131yla \u00e7al\u0131\u015fan montajc\u0131lar i\u00e7in uygundur. <\/p>\n<h3>Ne zaman SOG\u2019suz Tork ve Gerdirme tercih edilir?<\/h3>\n<ul>\n<li>\u0130\u015fvereniniz SOG sertifikas\u0131 talep etmiyorsa.<\/li>\n<li>Dahili g\u00fcvenlik prosed\u00fcrlerine g\u00f6re \u00e7al\u0131\u015f\u0131yorsan\u0131z.<\/li>\n<li>Harici bir SOG s\u0131nav\u0131 olmadan uygulamaya y\u00f6nelik e\u011fitim almak istiyorsan\u0131z.<\/li>\n<\/ul>\n<p> E\u011fitimin tamamlanmas\u0131n\u0131n ard\u0131ndan <strong>ELCONY Diploma Sicili<\/strong>\u2019ne kay\u0131tl\u0131 bir diploma al\u0131rs\u0131n\u0131z ve bu diploma <strong>5 y\u0131l ge\u00e7erlidir<\/strong>. <\/p>\n<h3>Kurs s\u00fcresi ve <strong>\u00fccret<\/strong><\/h3>\n<ul>\n<li>Mevcut \u00f6n bilgiye sahip olanlar i\u00e7in online haz\u0131rl\u0131k veya tazeleme kursu ile 1 g\u00fcn: <strong>\u20ac 285,00<\/strong> KDV hari\u00e7<\/li>\n<li>\u00d6nceki deneyimi olmayanlar i\u00e7in 2 g\u00fcn: <strong>\u20ac 485,00<\/strong> KDV hari\u00e7<\/li>\n<\/ul>\n<h2>SOG ile Tork ve Gerdirme<\/h2>\n<h3>Hedef kitle<\/h3>\n<p> SOG taraf\u0131ndan tan\u0131nan Tork ve Gerdirme Kursu, resmi olarak tan\u0131nm\u0131\u015f bir sertifikan\u0131n zorunlu oldu\u011fu i\u015fverenlerde \u00e7al\u0131\u015fan montajc\u0131lar i\u00e7in tasarlanm\u0131\u015ft\u0131r. <\/p>\n<h3>Tork ve Gerdirme (SOG) ne zaman zorunludur?<\/h3>\n<ul>\n<li>(Petro)kimya end\u00fcstrisinde yap\u0131lan \u00e7al\u0131\u015fmalarda.<\/li>\n<li>Bak\u0131m duru\u015flar\u0131 ve b\u00fcy\u00fck revizyonlar (turnarounds) s\u0131ras\u0131nda.<\/li>\n<li>SSVV gerekliliklerine g\u00f6re \u00e7al\u0131\u015fan i\u015fverenler i\u00e7in.<\/li>\n<li>G\u00fcvenlik prosed\u00fcrlerinin s\u0131k\u0131 \u015fekilde d\u00fczenlendi\u011fi tesislerde.<\/li>\n<\/ul>\n<p> S\u0131nav\u0131n ba\u015far\u0131yla tamamlanmas\u0131n\u0131n ard\u0131ndan sertifika <strong>SSVV Diploma Sicili<\/strong>\u2019ne kaydedilir ve <strong>5 y\u0131l ge\u00e7erlidir<\/strong>. <\/p>\n<h3>Kurs s\u00fcresi ve \u00fccret<\/h3>\n<ul>\n<li>Mevcut \u00f6n bilgiye sahip olanlar i\u00e7in online haz\u0131rl\u0131k veya tazeleme kursu ile 1 g\u00fcn: <strong>\u20ac 359,00<\/strong> KDV hari\u00e7<\/li>\n<li>\u00d6nceki deneyimi olmayanlar i\u00e7in 2 g\u00fcn: <strong>\u20ac 559,00<\/strong> KDV hari\u00e7<\/li>\n<\/ul>\n<h2>Lokasyon<\/h2>\n<p> Kurslar Hollanda genelinde birden fazla lokasyonda d\u00fczenlenmekte olup, talep edilmesi halinde kendi tesisinizde de ger\u00e7ekle\u015ftirilebilir. <\/p>\n<h2>\u0130leti\u015fim<\/h2>\n<p> Daha fazla bilgi almak veya kay\u0131t olmak i\u00e7in <strong>+31(0)88-2200100<\/strong> numaral\u0131 telefonu arayabilir ya da <strong><a href=\"ma&#105;&#108;&#116;&#x6f;&#x3a;&#x69;&#x6e;fo&#64;&#101;&#108;&#x63;&#x6f;&#x6e;&#x79;&#46;c&#111;&#109;\">&#x69;n&#x66;&#111;&#64;&#x65;&#108;&#x63;&#x6f;n&#x79;&#46;c&#x6f;&#109;<\/a><\/strong> adresine e-posta g\u00f6nderebilirsiniz.<\/p>\n<\/div><\/div><\/div><div class=\"fusion-layout-column fusion_builder_column fusion-builder-column-2 fusion_builder_column_1_5 1_5 fusion-flex-column\" style=\"--awb-bg-size:cover;--awb-width-large:20%;--awb-margin-top-large:5px;--awb-spacing-right-large:2.475%;--awb-margin-bottom-large:5px;--awb-spacing-left-large:2.475%;--awb-width-medium:100%;--awb-order-medium:0;--awb-spacing-right-medium:0.495%;--awb-spacing-left-medium:0.495%;--awb-width-small:100%;--awb-order-small:0;--awb-spacing-right-small:0.495%;--awb-spacing-left-small:0.495%;\"><div class=\"fusion-column-wrapper fusion-column-has-shadow fusion-flex-justify-content-flex-start fusion-content-layout-column\"><\/div><\/div><\/div><\/div>\n","protected":false},"excerpt":{"rendered":"","protected":false},"author":1,"featured_media":0,"parent":0,"menu_order":2,"comment_status":"closed","ping_status":"closed","template":"","meta":{"footnotes":""},"class_list":["post-233968","page","type-page","status-publish","hentry"],"yoast_head":"<!-- This site is optimized with the Yoast SEO plugin v27.6 - https:\/\/yoast.com\/product\/yoast-seo-wordpress\/ -->\n<title>Tork ve Gerdirme Kursu (SOG) | Ayr\u0131ca Incompany<\/title>\n<meta name=\"description\" content=\"Torque &amp; Tensioning SOG veya ELCONY kursu. Ge\u00e7erli bir SOG sertifikas\u0131 gerektiren Hollanda standartlar\u0131na uygundur.\" \/>\n<meta name=\"robots\" content=\"index, follow, max-snippet:-1, max-image-preview:large, max-video-preview:-1\" \/>\n<link rel=\"canonical\" href=\"https:\/\/www.elcony.com\/tr\/gerdirmede-tork\/\" \/>\n<script type=\"application\/ld+json\" class=\"yoast-schema-graph\">{\"@context\":\"https:\\\/\\\/schema.org\",\"@graph\":[{\"@type\":\"WebPage\",\"@id\":\"https:\\\/\\\/www.elcony.com\\\/tr\\\/gerdirmede-tork\\\/\",\"url\":\"https:\\\/\\\/www.elcony.com\\\/tr\\\/gerdirmede-tork\\\/\",\"name\":\"Tork ve Gerdirme Kursu (SOG) | Ayr\u0131ca Incompany\",\"isPartOf\":{\"@id\":\"https:\\\/\\\/www.elcony.com\\\/it\\\/#website\"},\"datePublished\":\"2023-11-25T08:01:35+00:00\",\"dateModified\":\"2026-02-06T13:05:40+00:00\",\"description\":\"Torque & Tensioning SOG veya ELCONY kursu. Ge\u00e7erli bir SOG sertifikas\u0131 gerektiren Hollanda standartlar\u0131na uygundur.\",\"breadcrumb\":{\"@id\":\"https:\\\/\\\/www.elcony.com\\\/tr\\\/gerdirmede-tork\\\/#breadcrumb\"},\"inLanguage\":\"tr\",\"potentialAction\":[{\"@type\":\"ReadAction\",\"target\":[\"https:\\\/\\\/www.elcony.com\\\/tr\\\/gerdirmede-tork\\\/\"]}]},{\"@type\":\"BreadcrumbList\",\"@id\":\"https:\\\/\\\/www.elcony.com\\\/tr\\\/gerdirmede-tork\\\/#breadcrumb\",\"itemListElement\":[{\"@type\":\"ListItem\",\"position\":1,\"name\":\"Home\",\"item\":\"https:\\\/\\\/www.elcony.com\\\/tr\\\/\"},{\"@type\":\"ListItem\",\"position\":2,\"name\":\"Tork ve Gerdirme\"}]},{\"@type\":\"WebSite\",\"@id\":\"https:\\\/\\\/www.elcony.com\\\/it\\\/#website\",\"url\":\"https:\\\/\\\/www.elcony.com\\\/it\\\/\",\"name\":\"ELCONY\",\"description\":\"ARBO, VCA en SOG Opleidingen\",\"potentialAction\":[{\"@type\":\"SearchAction\",\"target\":{\"@type\":\"EntryPoint\",\"urlTemplate\":\"https:\\\/\\\/www.elcony.com\\\/it\\\/?s={search_term_string}\"},\"query-input\":{\"@type\":\"PropertyValueSpecification\",\"valueRequired\":true,\"valueName\":\"search_term_string\"}}],\"inLanguage\":\"tr\"}]}<\/script>\n<!-- \/ Yoast SEO plugin. -->","yoast_head_json":{"title":"Tork ve Gerdirme Kursu (SOG) | Ayr\u0131ca Incompany","description":"Torque & Tensioning SOG veya ELCONY kursu. Ge\u00e7erli bir SOG sertifikas\u0131 gerektiren Hollanda standartlar\u0131na uygundur.","robots":{"index":"index","follow":"follow","max-snippet":"max-snippet:-1","max-image-preview":"max-image-preview:large","max-video-preview":"max-video-preview:-1"},"canonical":"https:\/\/www.elcony.com\/tr\/gerdirmede-tork\/","schema":{"@context":"https:\/\/schema.org","@graph":[{"@type":"WebPage","@id":"https:\/\/www.elcony.com\/tr\/gerdirmede-tork\/","url":"https:\/\/www.elcony.com\/tr\/gerdirmede-tork\/","name":"Tork ve Gerdirme Kursu (SOG) | Ayr\u0131ca Incompany","isPartOf":{"@id":"https:\/\/www.elcony.com\/it\/#website"},"datePublished":"2023-11-25T08:01:35+00:00","dateModified":"2026-02-06T13:05:40+00:00","description":"Torque & Tensioning SOG veya ELCONY kursu. Ge\u00e7erli bir SOG sertifikas\u0131 gerektiren Hollanda standartlar\u0131na uygundur.","breadcrumb":{"@id":"https:\/\/www.elcony.com\/tr\/gerdirmede-tork\/#breadcrumb"},"inLanguage":"tr","potentialAction":[{"@type":"ReadAction","target":["https:\/\/www.elcony.com\/tr\/gerdirmede-tork\/"]}]},{"@type":"BreadcrumbList","@id":"https:\/\/www.elcony.com\/tr\/gerdirmede-tork\/#breadcrumb","itemListElement":[{"@type":"ListItem","position":1,"name":"Home","item":"https:\/\/www.elcony.com\/tr\/"},{"@type":"ListItem","position":2,"name":"Tork ve Gerdirme"}]},{"@type":"WebSite","@id":"https:\/\/www.elcony.com\/it\/#website","url":"https:\/\/www.elcony.com\/it\/","name":"ELCONY","description":"ARBO, VCA en SOG Opleidingen","potentialAction":[{"@type":"SearchAction","target":{"@type":"EntryPoint","urlTemplate":"https:\/\/www.elcony.com\/it\/?s={search_term_string}"},"query-input":{"@type":"PropertyValueSpecification","valueRequired":true,"valueName":"search_term_string"}}],"inLanguage":"tr"}]}},"_links":{"self":[{"href":"https:\/\/www.elcony.com\/tr\/wp-json\/wp\/v2\/pages\/233968","targetHints":{"allow":["GET"]}}],"collection":[{"href":"https:\/\/www.elcony.com\/tr\/wp-json\/wp\/v2\/pages"}],"about":[{"href":"https:\/\/www.elcony.com\/tr\/wp-json\/wp\/v2\/types\/page"}],"author":[{"embeddable":true,"href":"https:\/\/www.elcony.com\/tr\/wp-json\/wp\/v2\/users\/1"}],"replies":[{"embeddable":true,"href":"https:\/\/www.elcony.com\/tr\/wp-json\/wp\/v2\/comments?post=233968"}],"version-history":[{"count":3,"href":"https:\/\/www.elcony.com\/tr\/wp-json\/wp\/v2\/pages\/233968\/revisions"}],"predecessor-version":[{"id":391357,"href":"https:\/\/www.elcony.com\/tr\/wp-json\/wp\/v2\/pages\/233968\/revisions\/391357"}],"wp:attachment":[{"href":"https:\/\/www.elcony.com\/tr\/wp-json\/wp\/v2\/media?parent=233968"}],"curies":[{"name":"wp","href":"https:\/\/api.w.org\/{rel}","templated":true}]}}