{"id":234371,"date":"2023-11-26T13:31:03","date_gmt":"2023-11-26T12:31:03","guid":{"rendered":"https:\/\/www.elcony.com\/oslona-zewnetrzna-oslona-wlazu\/"},"modified":"2026-02-06T14:42:20","modified_gmt":"2026-02-06T13:42:20","slug":"oslona-zewnetrzna-oslona-wlazu","status":"publish","type":"page","link":"https:\/\/www.elcony.com\/tr\/oslona-zewnetrzna-oslona-wlazu\/","title":{"rendered":"D\u0131\u015f G\u00f6zc\u00fc (Menhol G\u00f6zc\u00fcs\u00fc)"},"content":{"rendered":"<div class=\"fusion-fullwidth fullwidth-box fusion-builder-row-1 has-pattern-background has-mask-background nonhundred-percent-fullwidth non-hundred-percent-height-scrolling\" style=\"--awb-border-radius-top-left:0px;--awb-border-radius-top-right:0px;--awb-border-radius-bottom-right:0px;--awb-border-radius-bottom-left:0px;--awb-flex-wrap:wrap;\" ><div class=\"fusion-builder-row fusion-row\"><div class=\"fusion-layout-column fusion_builder_column fusion-builder-column-0 fusion_builder_column_1_5 1_5 fusion-one-fifth fusion-column-first\" style=\"--awb-bg-blend:overlay;--awb-bg-size:cover;width:20%;width:calc(20% - ( ( 4% + 4% ) * 0.2 ) );margin-right: 4%;\"><div class=\"fusion-column-wrapper fusion-flex-column-wrapper-legacy\"><div class=\"fusion-clearfix\"><\/div><\/div><\/div><div class=\"fusion-layout-column fusion_builder_column fusion-builder-column-1 fusion_builder_column_3_5 3_5 fusion-three-fifth\" style=\"--awb-padding-bottom:20px;--awb-bg-blend:overlay;--awb-bg-size:cover;--awb-margin-top:0px;--awb-margin-bottom:0px;width:60%;width:calc(60% - ( ( 4% + 4% ) * 0.6 ) );margin-right: 4%;\"><div class=\"fusion-column-wrapper fusion-flex-column-wrapper-legacy\"><div class=\"fusion-text fusion-text-1\"><h1>D\u0131\u015f G\u00f6zc\u00fc (Menhol G\u00f6zc\u00fcs\u00fc) Olarak \u00c7al\u0131\u015fma<\/h1>\n<p> D\u0131\u015f g\u00f6zc\u00fc (menhol g\u00f6zc\u00fcs\u00fc) olarak \u00e7al\u0131\u015fmak, kapal\u0131 alanlarda y\u00fcr\u00fct\u00fclen \u00e7al\u0131\u015fmalar s\u0131ras\u0131nda kritik bir g\u00fcvenlik g\u00f6revidir. D\u0131\u015f g\u00f6zc\u00fc olarak \u00e7al\u0131\u015fmalar\u0131 denetler, g\u00fcvenli\u011fi sa\u011flars\u0131n\u0131z ve acil durumlarda derhal m\u00fcdahale edersiniz. D\u0131\u015f G\u00f6zc\u00fc Olarak \u00c7al\u0131\u015fma kursu ile bu rol\u00fc g\u00fcvenli, sorumlu ve y\u00fcr\u00fcrl\u00fckteki prosed\u00fcrlere uygun \u015fekilde yerine getirmeyi \u00f6\u011frenirsiniz. <\/p>\n<h2>D\u0131\u015f g\u00f6zc\u00fc ne yapar?<\/h2>\n<p> D\u0131\u015f g\u00f6zc\u00fc; tanklar, boru hatlar\u0131, kuyular ve reakt\u00f6rler gibi kapal\u0131 alanlarda yap\u0131lan \u00e7al\u0131\u015fmalar\u0131 denetler. G\u00fcvenli\u011fi izler, alan i\u00e7indeki \u00e7al\u0131\u015fanlarla ileti\u015fimi s\u00fcrd\u00fcr\u00fcr ve olaylar meydana geldi\u011finde yard\u0131m \u00e7a\u011f\u0131r\u0131r. <\/p>\n<h2>D\u0131\u015f G\u00f6zc\u00fc Olarak \u00c7al\u0131\u015fma kursu kimler i\u00e7indir?<\/h2>\n<ul>\n<li>(Petro)kimya end\u00fcstrisinde \u00e7al\u0131\u015fanlar.<\/li>\n<li>Bak\u0131m teknisyenleri ve y\u00fckleniciler.<\/li>\n<li>Kapal\u0131 alan \u00e7al\u0131\u015fmalar\u0131nda g\u00f6revli denet\u00e7iler.<\/li>\n<li>End\u00fcstriyel sahalarda \u00e7al\u0131\u015fan serbest meslek sahipleri (ZZP).<\/li>\n<li>Menhol g\u00f6zc\u00fcs\u00fc rol\u00fcn\u00fc \u00fcstlenen herkes.<\/li>\n<\/ul>\n<h2>SOG olmadan D\u0131\u015f G\u00f6zc\u00fc olarak \u00e7al\u0131\u015fma<\/h2>\n<h3>Hedef kitle<\/h3>\n<p> Bu e\u011fitim, SOG zorunlulu\u011fu bulunmayan kurulu\u015flarda veya i\u015fverenlerde d\u0131\u015f g\u00f6zc\u00fc olarak \u00e7al\u0131\u015fan personel i\u00e7in uygundur. <\/p>\n<h3>Ne zaman SOG\u2019suz D\u0131\u015f G\u00f6zc\u00fc tercih edilir?<\/h3>\n<ul>\n<li>\u0130\u015fvereniniz SOG sertifikas\u0131 talep etmiyorsa<\/li>\n<li>Dahili g\u00fcvenlik prosed\u00fcrleri kapsam\u0131nda \u00e7al\u0131\u015f\u0131yorsan\u0131z<\/li>\n<li>Harici bir s\u0131nav olmadan uygulamaya y\u00f6nelik bir e\u011fitim ar\u0131yorsan\u0131z<\/li>\n<\/ul>\n<p> E\u011fitimin tamamlanmas\u0131n\u0131n ard\u0131ndan <strong>ELCONY Diploma Sicili<\/strong>\u2019ne kay\u0131tl\u0131 bir sertifika al\u0131rs\u0131n\u0131z ve bu sertifika <strong>5 y\u0131l ge\u00e7erlidir<\/strong>. <\/p>\n<h3>Kurs s\u00fcresi ve \u00fccret<\/h3>\n<ul>\n<li>Mevcut \u00f6n bilgiye sahip olanlar i\u00e7in online haz\u0131rl\u0131k veya tazeleme kursu ile 1 g\u00fcn: <strong>\u20ac 255,00<\/strong> KDV hari\u00e7<\/li>\n<li>\u00d6nceki deneyimi olmayanlar i\u00e7in 2 g\u00fcn: <strong>\u20ac 455,00<\/strong> KDV hari\u00e7<\/li>\n<\/ul>\n<h2>SOG ile D\u0131\u015f G\u00f6zc\u00fc olarak \u00e7al\u0131\u015fma<\/h2>\n<h3>Hedef kitle<\/h3>\n<p> SOG taraf\u0131ndan tan\u0131nan D\u0131\u015f G\u00f6zc\u00fc Olarak \u00c7al\u0131\u015fma kursu, resmi olarak tan\u0131nm\u0131\u015f bir sertifikan\u0131n zorunlu oldu\u011fu i\u015fverenlerde \u00e7al\u0131\u015fan personel i\u00e7in tasarlanm\u0131\u015ft\u0131r. <\/p>\n<h3>D\u0131\u015f G\u00f6zc\u00fc (SOG) ne zaman zorunludur?<\/h3>\n<ul>\n<li>(Petro)kimya end\u00fcstrisinde kapal\u0131 alanlarda yap\u0131lan \u00e7al\u0131\u015fmalarda<\/li>\n<li>Bak\u0131m duru\u015flar\u0131 ve turnarounds s\u0131ras\u0131nda<\/li>\n<li>SSVV gerekliliklerine g\u00f6re \u00e7al\u0131\u015fan i\u015fverenlerde<\/li>\n<li>G\u00fcvenlik prosed\u00fcrlerinin s\u0131k\u0131 \u015fekilde d\u00fczenlendi\u011fi tesislerde<\/li>\n<\/ul>\n<p> S\u0131nav\u0131n ba\u015far\u0131yla tamamlanmas\u0131n\u0131n ard\u0131ndan sertifika <strong>SSVV Diploma Sicili<\/strong>\u2019ne kaydedilir ve <strong>3 y\u0131l ge\u00e7erlidir<\/strong>. <\/p>\n<h3>Kurs s\u00fcresi ve \u00fccret<\/h3>\n<ul>\n<li>Mevcut \u00f6n bilgiye sahip olanlar i\u00e7in online haz\u0131rl\u0131k veya tazeleme kursu ile 1 g\u00fcn: <strong>\u20ac 369,00<\/strong> KDV hari\u00e7<\/li>\n<li>\u00d6nceki deneyimi olmayanlar i\u00e7in 2 g\u00fcn: <strong>\u20ac 569,00<\/strong> KDV hari\u00e7<\/li>\n<\/ul>\n<h3>S\u0131nav dilleri<\/h3>\n<p> SOG s\u0131nav\u0131 Hollandaca ve \u0130ngilizce dillerinde mevcuttur. <\/p>\n<h2>Lokasyonlar<\/h2>\n<p> D\u0131\u015f G\u00f6zc\u00fc Olarak \u00c7al\u0131\u015fma kursu Hollanda\u2019n\u0131n \u00e7e\u015fitli b\u00f6lgelerinde verilmektedir ve talep edilmesi halinde kendi tesisinizde de ger\u00e7ekle\u015ftirilebilir. <\/p>\n<h2>\u0130leti\u015fim<\/h2>\n<p> Daha fazla bilgi almak veya kay\u0131t olmak i\u00e7in <strong>+31(0)88-2200100<\/strong> numaral\u0131 telefonu arayabilir ya da <strong><a href=\"&#109;a&#x69;l&#x74;o&#x3a;i&#x6e;f&#x6f;&#64;&#x65;&#108;&#x63;&#111;&#x6e;&#121;&#x2e;&#99;&#x6f;&#109;\">&#x69;&#x6e;&#x66;&#111;&#64;el&#x63;&#x6f;&#x6e;&#121;&#46;co&#x6d;<\/a><\/strong> adresine e-posta g\u00f6nderebilirsiniz.<\/p>\n<\/div><div class=\"fusion-clearfix\"><\/div><\/div><\/div><div class=\"fusion-layout-column fusion_builder_column fusion-builder-column-2 fusion_builder_column_1_5 1_5 fusion-one-fifth fusion-column-last\" style=\"--awb-bg-blend:overlay;--awb-bg-size:cover;width:20%;width:calc(20% - ( ( 4% + 4% ) * 0.2 ) );\"><div class=\"fusion-column-wrapper fusion-flex-column-wrapper-legacy\"><div class=\"fusion-clearfix\"><\/div><\/div><\/div><\/div><\/div>\n","protected":false},"excerpt":{"rendered":"","protected":false},"author":1,"featured_media":0,"parent":0,"menu_order":3,"comment_status":"closed","ping_status":"closed","template":"","meta":{"footnotes":""},"class_list":["post-234371","page","type-page","status-publish","hentry"],"yoast_head":"<!-- This site is optimized with the Yoast SEO plugin v27.5 - https:\/\/yoast.com\/product\/yoast-seo-wordpress\/ -->\n<title>D\u0131\u015f G\u00f6zc\u00fc Olarak \u00c7al\u0131\u015fma Kursu (SOG) | Ayr\u0131ca Incompany<\/title>\n<meta name=\"description\" content=\"D\u0131\u015f G\u00f6zc\u00fc (Menhol G\u00f6zc\u00fcs\u00fc) olarak \u00e7al\u0131\u015fma kursuna kat\u0131l\u0131n. Kapal\u0131 alanlarda yap\u0131lan \u00e7al\u0131\u015fmalar\u0131 g\u00fcvenli \u015fekilde denetlemeyi \u00f6\u011frenin. SOG\u2019lu veya SOG\u2019suz, uygulama odakl\u0131.\" \/>\n<meta name=\"robots\" content=\"index, follow, max-snippet:-1, max-image-preview:large, max-video-preview:-1\" \/>\n<link rel=\"canonical\" href=\"https:\/\/www.elcony.com\/tr\/oslona-zewnetrzna-oslona-wlazu\/\" \/>\n<script type=\"application\/ld+json\" class=\"yoast-schema-graph\">{\"@context\":\"https:\\\/\\\/schema.org\",\"@graph\":[{\"@type\":\"WebPage\",\"@id\":\"https:\\\/\\\/www.elcony.com\\\/tr\\\/oslona-zewnetrzna-oslona-wlazu\\\/\",\"url\":\"https:\\\/\\\/www.elcony.com\\\/tr\\\/oslona-zewnetrzna-oslona-wlazu\\\/\",\"name\":\"D\u0131\u015f G\u00f6zc\u00fc Olarak \u00c7al\u0131\u015fma Kursu (SOG) | Ayr\u0131ca Incompany\",\"isPartOf\":{\"@id\":\"https:\\\/\\\/www.elcony.com\\\/it\\\/#website\"},\"datePublished\":\"2023-11-26T12:31:03+00:00\",\"dateModified\":\"2026-02-06T13:42:20+00:00\",\"description\":\"D\u0131\u015f G\u00f6zc\u00fc (Menhol G\u00f6zc\u00fcs\u00fc) olarak \u00e7al\u0131\u015fma kursuna kat\u0131l\u0131n. Kapal\u0131 alanlarda yap\u0131lan \u00e7al\u0131\u015fmalar\u0131 g\u00fcvenli \u015fekilde denetlemeyi \u00f6\u011frenin. SOG\u2019lu veya SOG\u2019suz, uygulama odakl\u0131.\",\"breadcrumb\":{\"@id\":\"https:\\\/\\\/www.elcony.com\\\/tr\\\/oslona-zewnetrzna-oslona-wlazu\\\/#breadcrumb\"},\"inLanguage\":\"tr\",\"potentialAction\":[{\"@type\":\"ReadAction\",\"target\":[\"https:\\\/\\\/www.elcony.com\\\/tr\\\/oslona-zewnetrzna-oslona-wlazu\\\/\"]}]},{\"@type\":\"BreadcrumbList\",\"@id\":\"https:\\\/\\\/www.elcony.com\\\/tr\\\/oslona-zewnetrzna-oslona-wlazu\\\/#breadcrumb\",\"itemListElement\":[{\"@type\":\"ListItem\",\"position\":1,\"name\":\"Home\",\"item\":\"https:\\\/\\\/www.elcony.com\\\/tr\\\/\"},{\"@type\":\"ListItem\",\"position\":2,\"name\":\"D\u0131\u015f G\u00f6zc\u00fc (Menhol G\u00f6zc\u00fcs\u00fc)\"}]},{\"@type\":\"WebSite\",\"@id\":\"https:\\\/\\\/www.elcony.com\\\/it\\\/#website\",\"url\":\"https:\\\/\\\/www.elcony.com\\\/it\\\/\",\"name\":\"ELCONY\",\"description\":\"ARBO, VCA en SOG Opleidingen\",\"potentialAction\":[{\"@type\":\"SearchAction\",\"target\":{\"@type\":\"EntryPoint\",\"urlTemplate\":\"https:\\\/\\\/www.elcony.com\\\/it\\\/?s={search_term_string}\"},\"query-input\":{\"@type\":\"PropertyValueSpecification\",\"valueRequired\":true,\"valueName\":\"search_term_string\"}}],\"inLanguage\":\"tr\"}]}<\/script>\n<!-- \/ Yoast SEO plugin. -->","yoast_head_json":{"title":"D\u0131\u015f G\u00f6zc\u00fc Olarak \u00c7al\u0131\u015fma Kursu (SOG) | Ayr\u0131ca Incompany","description":"D\u0131\u015f G\u00f6zc\u00fc (Menhol G\u00f6zc\u00fcs\u00fc) olarak \u00e7al\u0131\u015fma kursuna kat\u0131l\u0131n. Kapal\u0131 alanlarda yap\u0131lan \u00e7al\u0131\u015fmalar\u0131 g\u00fcvenli \u015fekilde denetlemeyi \u00f6\u011frenin. SOG\u2019lu veya SOG\u2019suz, uygulama odakl\u0131.","robots":{"index":"index","follow":"follow","max-snippet":"max-snippet:-1","max-image-preview":"max-image-preview:large","max-video-preview":"max-video-preview:-1"},"canonical":"https:\/\/www.elcony.com\/tr\/oslona-zewnetrzna-oslona-wlazu\/","schema":{"@context":"https:\/\/schema.org","@graph":[{"@type":"WebPage","@id":"https:\/\/www.elcony.com\/tr\/oslona-zewnetrzna-oslona-wlazu\/","url":"https:\/\/www.elcony.com\/tr\/oslona-zewnetrzna-oslona-wlazu\/","name":"D\u0131\u015f G\u00f6zc\u00fc Olarak \u00c7al\u0131\u015fma Kursu (SOG) | Ayr\u0131ca Incompany","isPartOf":{"@id":"https:\/\/www.elcony.com\/it\/#website"},"datePublished":"2023-11-26T12:31:03+00:00","dateModified":"2026-02-06T13:42:20+00:00","description":"D\u0131\u015f G\u00f6zc\u00fc (Menhol G\u00f6zc\u00fcs\u00fc) olarak \u00e7al\u0131\u015fma kursuna kat\u0131l\u0131n. Kapal\u0131 alanlarda yap\u0131lan \u00e7al\u0131\u015fmalar\u0131 g\u00fcvenli \u015fekilde denetlemeyi \u00f6\u011frenin. SOG\u2019lu veya SOG\u2019suz, uygulama odakl\u0131.","breadcrumb":{"@id":"https:\/\/www.elcony.com\/tr\/oslona-zewnetrzna-oslona-wlazu\/#breadcrumb"},"inLanguage":"tr","potentialAction":[{"@type":"ReadAction","target":["https:\/\/www.elcony.com\/tr\/oslona-zewnetrzna-oslona-wlazu\/"]}]},{"@type":"BreadcrumbList","@id":"https:\/\/www.elcony.com\/tr\/oslona-zewnetrzna-oslona-wlazu\/#breadcrumb","itemListElement":[{"@type":"ListItem","position":1,"name":"Home","item":"https:\/\/www.elcony.com\/tr\/"},{"@type":"ListItem","position":2,"name":"D\u0131\u015f G\u00f6zc\u00fc (Menhol G\u00f6zc\u00fcs\u00fc)"}]},{"@type":"WebSite","@id":"https:\/\/www.elcony.com\/it\/#website","url":"https:\/\/www.elcony.com\/it\/","name":"ELCONY","description":"ARBO, VCA en SOG Opleidingen","potentialAction":[{"@type":"SearchAction","target":{"@type":"EntryPoint","urlTemplate":"https:\/\/www.elcony.com\/it\/?s={search_term_string}"},"query-input":{"@type":"PropertyValueSpecification","valueRequired":true,"valueName":"search_term_string"}}],"inLanguage":"tr"}]}},"_links":{"self":[{"href":"https:\/\/www.elcony.com\/tr\/wp-json\/wp\/v2\/pages\/234371","targetHints":{"allow":["GET"]}}],"collection":[{"href":"https:\/\/www.elcony.com\/tr\/wp-json\/wp\/v2\/pages"}],"about":[{"href":"https:\/\/www.elcony.com\/tr\/wp-json\/wp\/v2\/types\/page"}],"author":[{"embeddable":true,"href":"https:\/\/www.elcony.com\/tr\/wp-json\/wp\/v2\/users\/1"}],"replies":[{"embeddable":true,"href":"https:\/\/www.elcony.com\/tr\/wp-json\/wp\/v2\/comments?post=234371"}],"version-history":[{"count":5,"href":"https:\/\/www.elcony.com\/tr\/wp-json\/wp\/v2\/pages\/234371\/revisions"}],"predecessor-version":[{"id":391425,"href":"https:\/\/www.elcony.com\/tr\/wp-json\/wp\/v2\/pages\/234371\/revisions\/391425"}],"wp:attachment":[{"href":"https:\/\/www.elcony.com\/tr\/wp-json\/wp\/v2\/media?parent=234371"}],"curies":[{"name":"wp","href":"https:\/\/api.w.org\/{rel}","templated":true}]}}