{"id":234449,"date":"2023-11-26T14:46:14","date_gmt":"2023-11-26T13:46:14","guid":{"rendered":"https:\/\/www.elcony.com\/zmiana-obciazenia\/"},"modified":"2023-11-26T14:46:17","modified_gmt":"2023-11-26T13:46:17","slug":"zmiana-obciazenia","status":"publish","type":"page","link":"https:\/\/www.elcony.com\/tr\/zmiana-obciazenia\/","title":{"rendered":"Zmiana obci\u0105\u017cenia"},"content":{"rendered":"<p><div class=\"fusion-fullwidth fullwidth-box fusion-builder-row-1 nonhundred-percent-fullwidth non-hundred-percent-height-scrolling\" style=\"--awb-border-radius-top-left:0px;--awb-border-radius-top-right:0px;--awb-border-radius-bottom-right:0px;--awb-border-radius-bottom-left:0px;--awb-flex-wrap:wrap;\" ><div class=\"fusion-builder-row fusion-row\"><div class=\"fusion-layout-column fusion_builder_column fusion-builder-column-0 fusion_builder_column_1_6 1_6 fusion-one-sixth fusion-column-first\" style=\"--awb-bg-size:cover;width:16.666666666667%;width:calc(16.666666666667% - ( ( 4% + 4% ) * 0.16666666666667 ) );margin-right: 4%;\"><div class=\"fusion-column-wrapper fusion-flex-column-wrapper-legacy\"><div class=\"fusion-sep-clear\"><\/div><div class=\"fusion-separator fusion-full-width-sep\" style=\"margin-left: auto;margin-right: auto;margin-top:20px;width:100%;\"><\/div><div class=\"fusion-sep-clear\"><\/div><div class=\"fusion-clearfix\"><\/div><\/div><\/div><div class=\"fusion-layout-column fusion_builder_column fusion-builder-column-1 fusion_builder_column_2_3 2_3 fusion-two-third\" style=\"--awb-padding-bottom:20px;--awb-bg-size:cover;--awb-margin-top:0px;--awb-margin-bottom:0px;width:66.666666666667%;width:calc(66.666666666667% - ( ( 4% + 4% ) * 0.66666666666667 ) );margin-right: 4%;\"><div class=\"fusion-column-wrapper fusion-flex-column-wrapper-legacy\"><div class=\"fusion-content-boxes content-boxes columns row fusion-columns-2 fusion-columns-total-2 fusion-content-boxes-1 content-boxes-clean-vertical content-left content-boxes-icon-on-top\" style=\"--awb-hover-accent-color:#555555;--awb-circle-hover-accent-color:#555555;\" data-animationOffset=\"top-into-view\"><div style=\"--awb-backgroundcolor:rgba(255,255,255,0);border-color:rgba(255,255,255,0);\" class=\"fusion-column content-box-column content-box-column content-box-column-1 col-lg-6 col-md-6 col-sm-6 fusion-content-box-hover content-box-column-first-in-row\"><div class=\"col content-box-wrapper content-wrapper link-area-box link-type-text icon-hover-animation-fade\" data-link=\"#vvl-elcony\" data-link-target=\"_self\" data-animationOffset=\"top-into-view\"><div class=\"heading heading-with-icon icon-left\"><a class=\"heading-link\" href=\"#vvl-elcony\" target=\"_self\"><div aria-hidden=\"true\" class=\"image\"><img decoding=\"async\" src=\"https:\/\/www.elcony.com\/wp-content\/uploads\/2023\/09\/Logo-ELCONY-160x100-1.png\" width=\"160\" height=\"100\" alt=\"\" \/><\/div><h2 class=\"content-box-heading\" style=\"--h2_typography-font-size:26px;line-height:31px;\">Zmiana obci\u0105\u017cenia (VVL)<\/h2><\/a><\/div><div class=\"fusion-clearfix\"><\/div><a class=\" fusion-read-more\" href=\"#vvl-elcony\" target=\"_self\">Wi\u0119cej informacji<\/a><div class=\"fusion-clearfix\"><\/div><\/div><\/div><div style=\"--awb-backgroundcolor:rgba(255,255,255,0);border-color:rgba(255,255,255,0);\" class=\"fusion-column content-box-column content-box-column content-box-column-2 col-lg-6 col-md-6 col-sm-6 fusion-content-box-hover content-box-column-last content-box-column-last-in-row\"><div class=\"col content-box-wrapper content-wrapper link-area-box link-type-text icon-hover-animation-fade\" data-link=\"#hp-elcony\" data-link-target=\"_self\" data-animationOffset=\"top-into-view\"><div class=\"heading heading-with-icon icon-left\"><a class=\"heading-link\" href=\"#hp-elcony\" target=\"_self\"><div aria-hidden=\"true\" class=\"image\"><img decoding=\"async\" src=\"https:\/\/www.elcony.com\/wp-content\/uploads\/2023\/09\/Logo-ELCONY-160x100-1.png\" width=\"160\" height=\"100\" alt=\"\" \/><\/div><h2 class=\"content-box-heading\" style=\"--h2_typography-font-size:26px;line-height:31px;\">Salon ve portal vin\u00e7 ile \u00e7al\u0131\u015fma<\/h2><\/a><\/div><div class=\"fusion-clearfix\"><\/div><a class=\" fusion-read-more\" href=\"#hp-elcony\" target=\"_self\">Wi\u0119cej informacji<\/a><div class=\"fusion-clearfix\"><\/div><\/div><\/div><div class=\"fusion-clearfix\"><\/div><\/div><div class=\"fusion-clearfix\"><\/div><\/div><\/div><div class=\"fusion-layout-column fusion_builder_column fusion-builder-column-2 fusion_builder_column_1_6 1_6 fusion-one-sixth fusion-column-last\" style=\"--awb-bg-size:cover;width:16.666666666667%;width:calc(16.666666666667% - ( ( 4% + 4% ) * 0.16666666666667 ) );\"><div class=\"fusion-column-wrapper fusion-flex-column-wrapper-legacy\"><div class=\"fusion-clearfix\"><\/div><\/div><\/div><\/div><\/div><div id=\"vvl-elcony\" class=\"fusion-container-anchor\"><div class=\"fusion-fullwidth fullwidth-box fusion-builder-row-2 has-pattern-background has-mask-background nonhundred-percent-fullwidth non-hundred-percent-height-scrolling\" style=\"--awb-border-radius-top-left:0px;--awb-border-radius-top-right:0px;--awb-border-radius-bottom-right:0px;--awb-border-radius-bottom-left:0px;--awb-background-color:#f7f7f7;--awb-flex-wrap:wrap;\" ><div class=\"fusion-builder-row fusion-row\"><div class=\"fusion-layout-column fusion_builder_column fusion-builder-column-3 fusion_builder_column_1_6 1_6 fusion-one-sixth fusion-column-first\" style=\"--awb-bg-size:cover;width:16.666666666667%;width:calc(16.666666666667% - ( ( 4% + 4% ) * 0.16666666666667 ) );margin-right: 4%;\"><div class=\"fusion-column-wrapper fusion-flex-column-wrapper-legacy\"><div class=\"fusion-image-element fusion-image-align-center in-legacy-container\" style=\"text-align:center;--awb-caption-title-font-family:var(--h2_typography-font-family);--awb-caption-title-font-weight:var(--h2_typography-font-weight);--awb-caption-title-font-style:var(--h2_typography-font-style);--awb-caption-title-size:var(--h2_typography-font-size);--awb-caption-title-transform:var(--h2_typography-text-transform);--awb-caption-title-line-height:var(--h2_typography-line-height);--awb-caption-title-letter-spacing:var(--h2_typography-letter-spacing);\"><div class=\"imageframe-align-center\"><span class=\" fusion-imageframe imageframe-none imageframe-1 hover-type-none\"><img decoding=\"async\" width=\"160\" height=\"100\" title=\"Logo ELCONY 160&#215;100\" src=\"https:\/\/www.elcony.com\/wp-content\/uploads\/2023\/09\/Logo-ELCONY-160x100-1.png\" alt class=\"img-responsive wp-image-185479\"\/><\/span><\/div><\/div><div class=\"fusion-sep-clear\"><\/div><div class=\"fusion-separator fusion-full-width-sep\" style=\"margin-left: auto;margin-right: auto;margin-top:20px;width:100%;\"><\/div><div class=\"fusion-sep-clear\"><\/div><div class=\"fusion-clearfix\"><\/div><\/div><\/div><div class=\"fusion-layout-column fusion_builder_column fusion-builder-column-4 fusion_builder_column_2_3 2_3 fusion-two-third\" style=\"--awb-padding-bottom:20px;--awb-bg-size:cover;--awb-margin-top:0px;--awb-margin-bottom:0px;width:66.666666666667%;width:calc(66.666666666667% - ( ( 4% + 4% ) * 0.66666666666667 ) );margin-right: 4%;\"><div class=\"fusion-column-wrapper fusion-flex-column-wrapper-legacy\"><div class=\"fusion-text fusion-text-1\"><h2>Zmiana obci\u0105\u017cenia (VVL)<\/h2>\n<\/div><div class=\"fusion-text fusion-text-2\"><h3>Ama\u00e7 grubu<\/h3>\n<p>Tesislerde, at\u00f6lyelerde (petro)kimyasal bir sahada y\u00fckleri ta\u015f\u0131yan ve hareket ettiren \u00e7al\u0131\u015fanlar.<\/p>\n<h3>\u00d6\u011frenim hedefi<\/h3>\n<p>Kald\u0131rma ekipmanlar\u0131 ve kald\u0131rma ara\u00e7lar\u0131 ile y\u00fckleri g\u00fcvenli bir \u015fekilde kald\u0131rabilme ve ta\u015f\u0131yabilme.<\/p>\n<h3>Teori<\/h3>\n<p>Kavramlar, yasal h\u00fck\u00fcmler ve y\u00f6netmelikler.<br \/>\nKald\u0131rma kay\u0131\u015flar\u0131.<br \/>\n\u00c7elik tel halatlar.<br \/>\nZincir ve zincir i\u015fleri.<br \/>\n\u00d6zel kald\u0131rma ekipmanlar\u0131.<br \/>\nVin\u00e7ler, kald\u0131rma kiri\u015fleri ve arabalar\u0131.<br \/>\nMuayene ve belgelendirme.<br \/>\nY\u00fcklerin g\u00fcvenli kald\u0131r\u0131lmas\u0131.<br \/>\nKol sinyalleri.<\/p>\n<h3>Uygulama<\/h3>\n<p>Bir s\u00fcrg\u00fcl\u00fc vanay\u0131, emniyet vanas\u0131n\u0131, sim\u00fclasyon stand\u0131 \u00fczerindeki kavisli boruyu ve bir nesne paletini, bir elektrik motorunu, iskele kalaslar\u0131n\u0131 ve bir \u00e7elik makas\u0131 g\u00fcvenli bir \u015fekilde kancalama ve ta\u015f\u0131ma prati\u011fi.<\/p>\n<h3>Ingang gereksinimleri<\/h3>\n<p>Aday en az 18 ya\u015f\u0131nda olmal\u0131d\u0131r. Giri\u015f d\u00fczeyinde bir yeterlilik elde etmenin bir par\u00e7as\u0131 olarak e\u011fitim alan \u00f6\u011frenciler i\u00e7in bir istisna yap\u0131l\u0131r. Onlar i\u00e7in asgari 16 ya\u015f ge\u00e7erlidir.<\/p>\n<h3>Kurs s\u00fcresi<\/h3>\n<p>1 g\u00fcn (2 yar\u0131m g\u00fcnl\u00fck oturum).<\/p>\n<h3>Diploma<\/h3>\n<p>&#8220;Y\u00fcklerin Ta\u015f\u0131nmas\u0131 (VVL)&#8221; kursu i\u00e7in ELCONY, SSVV Test Matrislerini kullanmaktad\u0131r. Bir SOG s\u0131nav\u0131 ile bir ELCONY s\u0131nav\u0131 aras\u0131ndaki tek fark, s\u0131nav\u0131n uygulanma bi\u00e7iminde yatmaktad\u0131r. ELCONY S\u0131nav\u0131ndan sonra kat\u0131l\u0131mc\u0131lar bir SOG diplomas\u0131 almaz ve VCA Merkezi Diploma Siciline kaydedilmezler. Bunun yerine bir ELCONY Diplomas\u0131 al\u0131rlar. Bu diploma, \u00c7al\u0131\u015fma Ko\u015fullar\u0131 Yasas\u0131n\u0131n Bilgi ve Talimatlarla ilgili 8. Maddesine uygundur. SSVV diplomas\u0131n\u0131 gerekli g\u00f6rmeyen \u015firketler \u0130\u015f Sa\u011fl\u0131\u011f\u0131 ve G\u00fcvenli\u011fi Yasas\u0131na ba\u015fvurabilirler. Bu \u015firketler i\u00e7in ELCONY bir alternatif sunmaktad\u0131r.<br \/>\nDiploma be\u015f y\u0131l s\u00fcreyle ge\u00e7erlidir.<\/p>\n<\/div><div class=\"fusion-text fusion-text-3\"><h3>Fiyat<\/h3>\n<p>Ki\u015fi ba\u015f\u0131 229,00 \u20ac. \u015eirket i\u00e7i i\u00e7in minimum 6 kat\u0131l\u0131mc\u0131 ge\u00e7erlidir.<\/p>\n<\/div><div class=\"fusion-text fusion-text-4\"><p>Bizi <strong>+31(0)88-2200100<\/strong> numaral\u0131 telefondan arayabilir veya <a href=\"m&#97;&#x69;&#x6c;t&#111;&#x3a;&#x69;n&#102;&#x6f;&#x40;e&#108;&#x63;&#x6f;n&#121;&#x2e;&#x63;o&#109;\"><strong>&#x69;&#110;&#102;o&#x40;&#x65;&#108;c&#x6f;&#x6e;&#121;&#46;c&#x6f;&#109;<\/strong><\/a> adresine e-posta g\u00f6nderebilirsiniz.<\/p>\n<\/div><div class=\"fusion-clearfix\"><\/div><\/div><\/div><div class=\"fusion-layout-column fusion_builder_column fusion-builder-column-5 fusion_builder_column_1_6 1_6 fusion-one-sixth fusion-column-last\" style=\"--awb-bg-size:cover;width:16.666666666667%;width:calc(16.666666666667% - ( ( 4% + 4% ) * 0.16666666666667 ) );\"><div class=\"fusion-column-wrapper fusion-flex-column-wrapper-legacy\"><div class=\"fusion-clearfix\"><\/div><\/div><\/div><\/div><\/div><\/div><div id=\"hp-elcony\" class=\"fusion-container-anchor\"><div class=\"fusion-fullwidth fullwidth-box fusion-builder-row-3 has-pattern-background has-mask-background nonhundred-percent-fullwidth non-hundred-percent-height-scrolling\" style=\"--awb-border-radius-top-left:0px;--awb-border-radius-top-right:0px;--awb-border-radius-bottom-right:0px;--awb-border-radius-bottom-left:0px;--awb-flex-wrap:wrap;\" ><div class=\"fusion-builder-row fusion-row\"><div class=\"fusion-layout-column fusion_builder_column fusion-builder-column-6 fusion_builder_column_1_6 1_6 fusion-one-sixth fusion-column-first\" style=\"--awb-bg-size:cover;width:16.666666666667%;width:calc(16.666666666667% - ( ( 4% + 4% ) * 0.16666666666667 ) );margin-right: 4%;\"><div class=\"fusion-column-wrapper fusion-flex-column-wrapper-legacy\"><div class=\"fusion-image-element fusion-image-align-center in-legacy-container\" style=\"text-align:center;--awb-caption-title-font-family:var(--h2_typography-font-family);--awb-caption-title-font-weight:var(--h2_typography-font-weight);--awb-caption-title-font-style:var(--h2_typography-font-style);--awb-caption-title-size:var(--h2_typography-font-size);--awb-caption-title-transform:var(--h2_typography-text-transform);--awb-caption-title-line-height:var(--h2_typography-line-height);--awb-caption-title-letter-spacing:var(--h2_typography-letter-spacing);\"><div class=\"imageframe-align-center\"><span class=\" fusion-imageframe imageframe-none imageframe-2 hover-type-none\"><img decoding=\"async\" width=\"160\" height=\"100\" title=\"Logo ELCONY 160&#215;100\" src=\"https:\/\/www.elcony.com\/wp-content\/uploads\/2023\/09\/Logo-ELCONY-160x100-1.png\" alt class=\"img-responsive wp-image-185479\"\/><\/span><\/div><\/div><div class=\"fusion-sep-clear\"><\/div><div class=\"fusion-separator fusion-full-width-sep\" style=\"margin-left: auto;margin-right: auto;margin-top:20px;width:100%;\"><\/div><div class=\"fusion-sep-clear\"><\/div><div class=\"fusion-clearfix\"><\/div><\/div><\/div><div class=\"fusion-layout-column fusion_builder_column fusion-builder-column-7 fusion_builder_column_2_3 2_3 fusion-two-third\" style=\"--awb-padding-bottom:20px;--awb-bg-size:cover;--awb-margin-top:0px;--awb-margin-bottom:0px;width:66.666666666667%;width:calc(66.666666666667% - ( ( 4% + 4% ) * 0.66666666666667 ) );margin-right: 4%;\"><div class=\"fusion-column-wrapper fusion-flex-column-wrapper-legacy\"><div class=\"fusion-text fusion-text-5\"><h1>Salon ve portal vin\u00e7 ile \u00e7al\u0131\u015fma<\/h1>\n<\/div><div class=\"fusion-text fusion-text-6\"><h3>Hedef grup<\/h3>\n<p>Hol veya portal vin\u00e7 kullanan \u00e7al\u0131\u015fanlar.<\/p>\n<h3>\u00d6\u011frenim hedefi<\/h3>\n<p>Salon vinci veya portal vin\u00e7 ile nas\u0131l g\u00fcvenli bir \u015fekilde \u00e7al\u0131\u015f\u0131laca\u011f\u0131n\u0131 ve y\u00fcklerin nas\u0131l ta\u015f\u0131naca\u011f\u0131n\u0131 deneyimlemek ve \u00f6\u011frenmek.<\/p>\n<h3>Teori<\/h3>\n<p>Kavramlar, yasal h\u00fck\u00fcmler ve y\u00f6netmelikler.<br \/>\nKald\u0131rma kay\u0131\u015flar\u0131.<br \/>\n\u00c7elik tel halatlar.<br \/>\nZincir ve zincir i\u015fleri.<br \/>\n\u00d6zel kald\u0131rma ekipmanlar\u0131.<br \/>\nVin\u00e7ler, kald\u0131rma kiri\u015fleri ve arabalar\u0131.<br \/>\nMuayene ve belgelendirme.<br \/>\nY\u00fcklerin g\u00fcvenli kald\u0131r\u0131lmas\u0131.<br \/>\nKol sinyalleri.<\/p>\n<h3>Uygulama<\/h3>\n<p>Bir s\u00fcrg\u00fcl\u00fc vanay\u0131, emniyet vanas\u0131n\u0131, sim\u00fclasyon stand\u0131 \u00fczerindeki kavisli boruyu ve bir nesne paletini, bir elektrik motorunu, iskele kalaslar\u0131n\u0131 ve bir \u00e7elik makas\u0131 g\u00fcvenli bir \u015fekilde kancalama ve ta\u015f\u0131ma prati\u011fi.<\/p>\n<h3>Ingang gereksinimleri<\/h3>\n<p>Aday en az 18 ya\u015f\u0131nda olmal\u0131d\u0131r. Giri\u015f d\u00fczeyinde bir yeterlilik elde etmenin bir par\u00e7as\u0131 olarak e\u011fitim alan \u00f6\u011frenciler i\u00e7in bir istisna yap\u0131l\u0131r. Onlar i\u00e7in asgari 16 ya\u015f ge\u00e7erlidir.<\/p>\n<h3>Kurs s\u00fcresi<\/h3>\n<p>1 g\u00fcn (2 yar\u0131m g\u00fcnl\u00fck oturum).<\/p>\n<h3>Diploma<\/h3>\n<p>\u00c7al\u0131\u015fma Ko\u015fullar\u0131 Yasas\u0131 Madde 8&#8217;e g\u00f6re &#8211; Bilgi ve talimat.<br \/>\n5 y\u0131l s\u00fcreyle ge\u00e7erlidir.<\/p>\n<\/div><div class=\"fusion-text fusion-text-7\"><h3>Fiyat<\/h3>\n<p>Ki\u015fi ba\u015f\u0131 229,00 \u20ac. \u015eirket i\u00e7i i\u00e7in minimum 6 kat\u0131l\u0131mc\u0131 ge\u00e7erlidir.<\/p>\n<\/div><div class=\"fusion-text fusion-text-8\"><p>Bizi <strong>+31(0)88-2200100<\/strong> numaral\u0131 telefondan arayabilir veya <a href=\"&#x6d;&#x61;&#105;lt&#x6f;&#x3a;&#105;&#110;f&#x6f;&#x40;&#101;&#108;c&#x6f;&#x6e;&#x79;&#46;co&#x6d;\"><strong>&#x69;n&#x66;&#111;&#64;&#x65;&#108;&#x63;&#x6f;n&#x79;&#46;c&#x6f;&#109;<\/strong><\/a> adresine e-posta g\u00f6nderebilirsiniz.<\/p>\n<\/div><div class=\"fusion-clearfix\"><\/div><\/div><\/div><div class=\"fusion-layout-column fusion_builder_column fusion-builder-column-8 fusion_builder_column_1_6 1_6 fusion-one-sixth fusion-column-last\" style=\"--awb-bg-size:cover;width:16.666666666667%;width:calc(16.666666666667% - ( ( 4% + 4% ) * 0.16666666666667 ) );\"><div class=\"fusion-column-wrapper fusion-flex-column-wrapper-legacy\"><div class=\"fusion-clearfix\"><\/div><\/div><\/div><\/div><\/div><\/div><\/p>\n","protected":false},"excerpt":{"rendered":"","protected":false},"author":1,"featured_media":0,"parent":0,"menu_order":7,"comment_status":"closed","ping_status":"closed","template":"","meta":{"footnotes":""},"class_list":["post-234449","page","type-page","status-publish","hentry"],"yoast_head":"<!-- This site is optimized with the Yoast SEO plugin v27.6 - https:\/\/yoast.com\/product\/yoast-seo-wordpress\/ -->\n<title>Kurs Zmiana obci\u0105\u017cenia (VVL) | Hollanda end\u00fcstrisi i\u00e7in<\/title>\n<meta name=\"description\" content=\"Kurs Zmiana obci\u0105\u017cenia (VVL). Ge\u00e7erli bir ARBO diplomas\u0131 gerektiren Hollanda standartlar\u0131na uymak.\" \/>\n<meta name=\"robots\" content=\"index, follow, max-snippet:-1, max-image-preview:large, max-video-preview:-1\" \/>\n<link rel=\"canonical\" href=\"https:\/\/www.elcony.com\/tr\/zmiana-obciazenia\/\" \/>\n<script type=\"application\/ld+json\" class=\"yoast-schema-graph\">{\"@context\":\"https:\\\/\\\/schema.org\",\"@graph\":[{\"@type\":\"WebPage\",\"@id\":\"https:\\\/\\\/www.elcony.com\\\/tr\\\/zmiana-obciazenia\\\/\",\"url\":\"https:\\\/\\\/www.elcony.com\\\/tr\\\/zmiana-obciazenia\\\/\",\"name\":\"Kurs Zmiana obci\u0105\u017cenia (VVL) | Hollanda end\u00fcstrisi i\u00e7in\",\"isPartOf\":{\"@id\":\"https:\\\/\\\/www.elcony.com\\\/it\\\/#website\"},\"datePublished\":\"2023-11-26T13:46:14+00:00\",\"dateModified\":\"2023-11-26T13:46:17+00:00\",\"description\":\"Kurs Zmiana obci\u0105\u017cenia (VVL). Ge\u00e7erli bir ARBO diplomas\u0131 gerektiren Hollanda standartlar\u0131na uymak.\",\"breadcrumb\":{\"@id\":\"https:\\\/\\\/www.elcony.com\\\/tr\\\/zmiana-obciazenia\\\/#breadcrumb\"},\"inLanguage\":\"tr\",\"potentialAction\":[{\"@type\":\"ReadAction\",\"target\":[\"https:\\\/\\\/www.elcony.com\\\/tr\\\/zmiana-obciazenia\\\/\"]}]},{\"@type\":\"BreadcrumbList\",\"@id\":\"https:\\\/\\\/www.elcony.com\\\/tr\\\/zmiana-obciazenia\\\/#breadcrumb\",\"itemListElement\":[{\"@type\":\"ListItem\",\"position\":1,\"name\":\"Home\",\"item\":\"https:\\\/\\\/www.elcony.com\\\/tr\\\/\"},{\"@type\":\"ListItem\",\"position\":2,\"name\":\"Zmiana obci\u0105\u017cenia\"}]},{\"@type\":\"WebSite\",\"@id\":\"https:\\\/\\\/www.elcony.com\\\/it\\\/#website\",\"url\":\"https:\\\/\\\/www.elcony.com\\\/it\\\/\",\"name\":\"ELCONY\",\"description\":\"ARBO, VCA en SOG Opleidingen\",\"potentialAction\":[{\"@type\":\"SearchAction\",\"target\":{\"@type\":\"EntryPoint\",\"urlTemplate\":\"https:\\\/\\\/www.elcony.com\\\/it\\\/?s={search_term_string}\"},\"query-input\":{\"@type\":\"PropertyValueSpecification\",\"valueRequired\":true,\"valueName\":\"search_term_string\"}}],\"inLanguage\":\"tr\"}]}<\/script>\n<!-- \/ Yoast SEO plugin. -->","yoast_head_json":{"title":"Kurs Zmiana obci\u0105\u017cenia (VVL) | Hollanda end\u00fcstrisi i\u00e7in","description":"Kurs Zmiana obci\u0105\u017cenia (VVL). Ge\u00e7erli bir ARBO diplomas\u0131 gerektiren Hollanda standartlar\u0131na uymak.","robots":{"index":"index","follow":"follow","max-snippet":"max-snippet:-1","max-image-preview":"max-image-preview:large","max-video-preview":"max-video-preview:-1"},"canonical":"https:\/\/www.elcony.com\/tr\/zmiana-obciazenia\/","schema":{"@context":"https:\/\/schema.org","@graph":[{"@type":"WebPage","@id":"https:\/\/www.elcony.com\/tr\/zmiana-obciazenia\/","url":"https:\/\/www.elcony.com\/tr\/zmiana-obciazenia\/","name":"Kurs Zmiana obci\u0105\u017cenia (VVL) | Hollanda end\u00fcstrisi i\u00e7in","isPartOf":{"@id":"https:\/\/www.elcony.com\/it\/#website"},"datePublished":"2023-11-26T13:46:14+00:00","dateModified":"2023-11-26T13:46:17+00:00","description":"Kurs Zmiana obci\u0105\u017cenia (VVL). Ge\u00e7erli bir ARBO diplomas\u0131 gerektiren Hollanda standartlar\u0131na uymak.","breadcrumb":{"@id":"https:\/\/www.elcony.com\/tr\/zmiana-obciazenia\/#breadcrumb"},"inLanguage":"tr","potentialAction":[{"@type":"ReadAction","target":["https:\/\/www.elcony.com\/tr\/zmiana-obciazenia\/"]}]},{"@type":"BreadcrumbList","@id":"https:\/\/www.elcony.com\/tr\/zmiana-obciazenia\/#breadcrumb","itemListElement":[{"@type":"ListItem","position":1,"name":"Home","item":"https:\/\/www.elcony.com\/tr\/"},{"@type":"ListItem","position":2,"name":"Zmiana obci\u0105\u017cenia"}]},{"@type":"WebSite","@id":"https:\/\/www.elcony.com\/it\/#website","url":"https:\/\/www.elcony.com\/it\/","name":"ELCONY","description":"ARBO, VCA en SOG Opleidingen","potentialAction":[{"@type":"SearchAction","target":{"@type":"EntryPoint","urlTemplate":"https:\/\/www.elcony.com\/it\/?s={search_term_string}"},"query-input":{"@type":"PropertyValueSpecification","valueRequired":true,"valueName":"search_term_string"}}],"inLanguage":"tr"}]}},"_links":{"self":[{"href":"https:\/\/www.elcony.com\/tr\/wp-json\/wp\/v2\/pages\/234449","targetHints":{"allow":["GET"]}}],"collection":[{"href":"https:\/\/www.elcony.com\/tr\/wp-json\/wp\/v2\/pages"}],"about":[{"href":"https:\/\/www.elcony.com\/tr\/wp-json\/wp\/v2\/types\/page"}],"author":[{"embeddable":true,"href":"https:\/\/www.elcony.com\/tr\/wp-json\/wp\/v2\/users\/1"}],"replies":[{"embeddable":true,"href":"https:\/\/www.elcony.com\/tr\/wp-json\/wp\/v2\/comments?post=234449"}],"version-history":[{"count":0,"href":"https:\/\/www.elcony.com\/tr\/wp-json\/wp\/v2\/pages\/234449\/revisions"}],"wp:attachment":[{"href":"https:\/\/www.elcony.com\/tr\/wp-json\/wp\/v2\/media?parent=234449"}],"curies":[{"name":"wp","href":"https:\/\/api.w.org\/{rel}","templated":true}]}}