{"id":307380,"date":"2024-07-04T10:29:52","date_gmt":"2024-07-04T08:29:52","guid":{"rendered":"https:\/\/www.elcony.com\/atex\/"},"modified":"2025-03-20T23:55:33","modified_gmt":"2025-03-20T22:55:33","slug":"atex","status":"publish","type":"page","link":"https:\/\/www.elcony.com\/tr\/atex\/","title":{"rendered":"ATEX"},"content":{"rendered":"<div class=\"fusion-fullwidth fullwidth-box fusion-builder-row-1 nonhundred-percent-fullwidth non-hundred-percent-height-scrolling\" style=\"--awb-border-radius-top-left:0px;--awb-border-radius-top-right:0px;--awb-border-radius-bottom-right:0px;--awb-border-radius-bottom-left:0px;--awb-flex-wrap:wrap;\" ><div class=\"fusion-builder-row fusion-row\"><div class=\"fusion-layout-column fusion_builder_column fusion-builder-column-0 fusion_builder_column_1_5 1_5 fusion-one-fifth fusion-column-first\" style=\"--awb-bg-size:cover;width:20%;width:calc(20% - ( ( 4% + 4% ) * 0.2 ) );margin-right: 4%;\"><div class=\"fusion-column-wrapper fusion-flex-column-wrapper-legacy\"><div class=\"fusion-clearfix\"><\/div><\/div><\/div><div class=\"fusion-layout-column fusion_builder_column fusion-builder-column-1 fusion_builder_column_3_5 3_5 fusion-three-fifth\" style=\"--awb-padding-bottom:20x;--awb-bg-size:cover;--awb-margin-top:0px;--awb-margin-bottom:0px;width:60%;width:calc(60% - ( ( 4% + 4% ) * 0.6 ) );margin-right: 4%;\"><div class=\"fusion-column-wrapper fusion-flex-column-wrapper-legacy\"><div class=\"fusion-text fusion-text-1\"><h1>ATEX Fark\u0131ndal\u0131k (ATEX Awareness)<\/h1>\n<\/div><div class=\"fusion-text fusion-text-2\"><h3>S\u0131navl\u0131 online kurs<\/h3>\n<\/div><div class=\"fusion-sep-clear\"><\/div><div class=\"fusion-separator fusion-full-width-sep\" style=\"margin-left: auto;margin-right: auto;margin-top:10px;width:100%;\"><\/div><div class=\"fusion-sep-clear\"><\/div><ul style=\"--awb-line-height:30.6px;--awb-icon-width:30.6px;--awb-icon-height:30.6px;--awb-icon-margin:12.6px;--awb-content-margin:43.2px;--awb-circlecolor:#5894e8;--awb-circle-yes-font-size:15.84px;\" class=\"fusion-checklist fusion-checklist-1 fusion-checklist-default type-icons\"><li class=\"fusion-li-item\" style=\"\"><span class=\"icon-wrapper circle-yes\"><i class=\"fusion-li-icon awb-icon-check\" aria-hidden=\"true\"><\/i><\/span><div class=\"fusion-li-item-content\">\n<p>Birden fazla dil se\u00e7ene\u011fi mevcuttur.<\/p>\n<\/div><\/li><li class=\"fusion-li-item\" style=\"\"><span class=\"icon-wrapper circle-yes\"><i class=\"fusion-li-icon awb-icon-check\" aria-hidden=\"true\"><\/i><\/span><div class=\"fusion-li-item-content\">\n<p>S\u0131nav\u0131 istedi\u011finiz zaman yap\u0131n.<\/p>\n<\/div><\/li><\/ul><div class=\"fusion-sep-clear\"><\/div><div class=\"fusion-separator fusion-full-width-sep\" style=\"margin-left: auto;margin-right: auto;margin-top:20px;width:100%;\"><\/div><div class=\"fusion-sep-clear\"><\/div><div class=\"fusion-button-wrapper\"><a class=\"fusion-button button-3d fusion-button-default-size button-default fusion-button-default button-1 fusion-button-default-span fusion-button-default-type fusion-animated\" data-animationType=\"fadeInUp\" data-animationDuration=\"1.0\" data-animationOffset=\"top-into-view\" target=\"_self\" href=\"https:\/\/www.elcony.com\/tr\/product\/307730\/\"><span class=\"fusion-button-text awb-button__text awb-button__text--default\">Sipari\u015f Ver \u20ac 99,00 KDV Hari\u00e7<\/span><\/a><\/div><div class=\"fusion-sep-clear\"><\/div><div class=\"fusion-separator fusion-full-width-sep\" style=\"margin-left: auto;margin-right: auto;margin-top:20px;width:100%;\"><\/div><div class=\"fusion-sep-clear\"><\/div><div class=\"fusion-text fusion-text-3\"><h3>Hedef Kitle<\/h3>\n<p>Patlama tehlikesi olan ortamlarda g\u00fcvenli \u00e7al\u0131\u015fma i\u00e7in ATEX y\u00f6nergelerinde belirlenen standartlar ge\u00e7erlidir. ATEX Fark\u0131ndal\u0131k konusunda yetkin olan ki\u015filer, bu alanda deneyime sahiptir ve g\u00f6rev alanlar\u0131 i\u00e7inde g\u00fcvenlik y\u00f6nergelerine uyum sa\u011flama sorumlulu\u011funa sahiptir. Ayr\u0131ca, patlama tehlikesi olan ortamlarla ilgili y\u00f6netmelikler ve kurallar konusunda yeterli bilgiye sahiptirler.<\/p>\n<h3>\u00d6\u011frenme Hedefi<\/h3>\n<p>ATEX Fark\u0131ndal\u0131k e\u011fitimi, g\u00f6revlerinden kaynaklanan \u015fekilde patlama tehlikesi olan ortamlarla ilgili y\u00f6nergeleri anlamalar\u0131 ve uygulamalar\u0131 gereken t\u00fcm \u00e7al\u0131\u015fanlar i\u00e7in esast\u0131r. E\u011fitim, bu t\u00fcr ortamlar\u0131n g\u00fcvenli y\u00f6netimi i\u00e7in temel \u00f6nem ta\u015f\u0131yan genel konular\u0131 ele almaktad\u0131r.<\/p>\n<h3>Teori<\/h3>\n<p>\u0130\u015f sa\u011fl\u0131\u011f\u0131 ve g\u00fcvenli\u011fi yasalar\u0131 ve d\u00fczenlemeleri.<br \/>\nTan\u0131mlar ve kavramlar.<br \/>\nYang\u0131n ve patlama tehlikesi.<br \/>\nATEX Y\u00f6nergeleri.<br \/>\nTehlikeli maddelerle \u00e7al\u0131\u015fma.<\/p>\n<h3>Online Kurs<\/h3>\n<p>Kurs, telefonunuz, tabletiniz veya bilgisayar\u0131n\u0131zda \u00e7al\u0131\u015fabilece\u011finiz derslerden olu\u015fmaktad\u0131r. \u0130stedi\u011finiz kadar s\u0131k\u0131nt\u0131s\u0131z bir \u015fekilde materyali inceleyebilirsiniz. Bu \u015fekilde, e-\u00f6\u011frenme mod\u00fcl\u00fc ile tamamlanan s\u0131nav i\u00e7in tamamen haz\u0131rl\u0131kl\u0131 olacaks\u0131n\u0131z. Ba\u015far\u0131l\u0131 bir sonu\u00e7 elde ederseniz, size bir sertifika g\u00f6nderilecektir.<\/p>\n<h3>Sertifika<\/h3>\n<p>Sertifikan\u0131n ge\u00e7erlilik s\u00fcresi \u00fc\u00e7 y\u0131ld\u0131r. Bu, patlay\u0131c\u0131 ortamlarla ilgili bilgi ve becerilerin kan\u0131tlanmas\u0131 i\u00e7in sertifikan\u0131n \u00fc\u00e7 y\u0131l\u0131n sonunda yenilenmesi gerekti\u011fi anlam\u0131na gelir. Bu kursu tamamlayarak hem i\u015fveren hem de \u00e7al\u0131\u015fan, \u0130\u015f Ko\u015fullar\u0131 Yasas\u0131 (Arbowet) uyar\u0131nca yeterli e\u011fitim ve kan\u0131tlanm\u0131\u015f uzmanl\u0131k gerekliliklerini yerine getirir.<\/p>\n<\/div><div class=\"fusion-clearfix\"><\/div><\/div><\/div><div class=\"fusion-layout-column fusion_builder_column fusion-builder-column-2 fusion_builder_column_1_5 1_5 fusion-one-fifth fusion-column-last\" style=\"--awb-bg-size:cover;width:20%;width:calc(20% - ( ( 4% + 4% ) * 0.2 ) );\"><div class=\"fusion-column-wrapper fusion-flex-column-wrapper-legacy\"><div class=\"fusion-clearfix\"><\/div><\/div><\/div><\/div><\/div>\n","protected":false},"excerpt":{"rendered":"","protected":false},"author":1,"featured_media":0,"parent":0,"menu_order":3,"comment_status":"closed","ping_status":"closed","template":"","meta":{"footnotes":""},"class_list":["post-307380","page","type-page","status-publish","hentry"],"yoast_head":"<!-- This site is optimized with the Yoast SEO plugin v27.4 - https:\/\/yoast.com\/product\/yoast-seo-wordpress\/ -->\n<title>ATEX Fark\u0131ndal\u0131k (ATEX Awareness) Online Kursu | ELCONY<\/title>\n<meta name=\"description\" content=\"Hollanda standartlar\u0131na uygun, ge\u00e7erli bir sertifika gerekmektedir.\" \/>\n<meta name=\"robots\" content=\"index, follow, max-snippet:-1, max-image-preview:large, max-video-preview:-1\" \/>\n<link rel=\"canonical\" href=\"https:\/\/www.elcony.com\/tr\/atex\/\" \/>\n<script type=\"application\/ld+json\" class=\"yoast-schema-graph\">{\"@context\":\"https:\\\/\\\/schema.org\",\"@graph\":[{\"@type\":\"WebPage\",\"@id\":\"https:\\\/\\\/www.elcony.com\\\/tr\\\/atex\\\/\",\"url\":\"https:\\\/\\\/www.elcony.com\\\/tr\\\/atex\\\/\",\"name\":\"ATEX Fark\u0131ndal\u0131k (ATEX Awareness) Online Kursu | ELCONY\",\"isPartOf\":{\"@id\":\"https:\\\/\\\/www.elcony.com\\\/it\\\/#website\"},\"datePublished\":\"2024-07-04T08:29:52+00:00\",\"dateModified\":\"2025-03-20T22:55:33+00:00\",\"description\":\"Hollanda standartlar\u0131na uygun, ge\u00e7erli bir sertifika gerekmektedir.\",\"breadcrumb\":{\"@id\":\"https:\\\/\\\/www.elcony.com\\\/tr\\\/atex\\\/#breadcrumb\"},\"inLanguage\":\"tr\",\"potentialAction\":[{\"@type\":\"ReadAction\",\"target\":[\"https:\\\/\\\/www.elcony.com\\\/tr\\\/atex\\\/\"]}]},{\"@type\":\"BreadcrumbList\",\"@id\":\"https:\\\/\\\/www.elcony.com\\\/tr\\\/atex\\\/#breadcrumb\",\"itemListElement\":[{\"@type\":\"ListItem\",\"position\":1,\"name\":\"Home\",\"item\":\"https:\\\/\\\/www.elcony.com\\\/tr\\\/\"},{\"@type\":\"ListItem\",\"position\":2,\"name\":\"ATEX\"}]},{\"@type\":\"WebSite\",\"@id\":\"https:\\\/\\\/www.elcony.com\\\/it\\\/#website\",\"url\":\"https:\\\/\\\/www.elcony.com\\\/it\\\/\",\"name\":\"ELCONY\",\"description\":\"ARBO, VCA en SOG Opleidingen\",\"potentialAction\":[{\"@type\":\"SearchAction\",\"target\":{\"@type\":\"EntryPoint\",\"urlTemplate\":\"https:\\\/\\\/www.elcony.com\\\/it\\\/?s={search_term_string}\"},\"query-input\":{\"@type\":\"PropertyValueSpecification\",\"valueRequired\":true,\"valueName\":\"search_term_string\"}}],\"inLanguage\":\"tr\"}]}<\/script>\n<!-- \/ Yoast SEO plugin. -->","yoast_head_json":{"title":"ATEX Fark\u0131ndal\u0131k (ATEX Awareness) Online Kursu | ELCONY","description":"Hollanda standartlar\u0131na uygun, ge\u00e7erli bir sertifika gerekmektedir.","robots":{"index":"index","follow":"follow","max-snippet":"max-snippet:-1","max-image-preview":"max-image-preview:large","max-video-preview":"max-video-preview:-1"},"canonical":"https:\/\/www.elcony.com\/tr\/atex\/","schema":{"@context":"https:\/\/schema.org","@graph":[{"@type":"WebPage","@id":"https:\/\/www.elcony.com\/tr\/atex\/","url":"https:\/\/www.elcony.com\/tr\/atex\/","name":"ATEX Fark\u0131ndal\u0131k (ATEX Awareness) Online Kursu | ELCONY","isPartOf":{"@id":"https:\/\/www.elcony.com\/it\/#website"},"datePublished":"2024-07-04T08:29:52+00:00","dateModified":"2025-03-20T22:55:33+00:00","description":"Hollanda standartlar\u0131na uygun, ge\u00e7erli bir sertifika gerekmektedir.","breadcrumb":{"@id":"https:\/\/www.elcony.com\/tr\/atex\/#breadcrumb"},"inLanguage":"tr","potentialAction":[{"@type":"ReadAction","target":["https:\/\/www.elcony.com\/tr\/atex\/"]}]},{"@type":"BreadcrumbList","@id":"https:\/\/www.elcony.com\/tr\/atex\/#breadcrumb","itemListElement":[{"@type":"ListItem","position":1,"name":"Home","item":"https:\/\/www.elcony.com\/tr\/"},{"@type":"ListItem","position":2,"name":"ATEX"}]},{"@type":"WebSite","@id":"https:\/\/www.elcony.com\/it\/#website","url":"https:\/\/www.elcony.com\/it\/","name":"ELCONY","description":"ARBO, VCA en SOG Opleidingen","potentialAction":[{"@type":"SearchAction","target":{"@type":"EntryPoint","urlTemplate":"https:\/\/www.elcony.com\/it\/?s={search_term_string}"},"query-input":{"@type":"PropertyValueSpecification","valueRequired":true,"valueName":"search_term_string"}}],"inLanguage":"tr"}]}},"_links":{"self":[{"href":"https:\/\/www.elcony.com\/tr\/wp-json\/wp\/v2\/pages\/307380","targetHints":{"allow":["GET"]}}],"collection":[{"href":"https:\/\/www.elcony.com\/tr\/wp-json\/wp\/v2\/pages"}],"about":[{"href":"https:\/\/www.elcony.com\/tr\/wp-json\/wp\/v2\/types\/page"}],"author":[{"embeddable":true,"href":"https:\/\/www.elcony.com\/tr\/wp-json\/wp\/v2\/users\/1"}],"replies":[{"embeddable":true,"href":"https:\/\/www.elcony.com\/tr\/wp-json\/wp\/v2\/comments?post=307380"}],"version-history":[{"count":0,"href":"https:\/\/www.elcony.com\/tr\/wp-json\/wp\/v2\/pages\/307380\/revisions"}],"wp:attachment":[{"href":"https:\/\/www.elcony.com\/tr\/wp-json\/wp\/v2\/media?parent=307380"}],"curies":[{"name":"wp","href":"https:\/\/api.w.org\/{rel}","templated":true}]}}