{"id":326937,"date":"2024-08-13T19:56:36","date_gmt":"2024-08-13T17:56:36","guid":{"rendered":"https:\/\/www.elcony.com\/gaz-olcumu\/"},"modified":"2026-02-06T13:27:07","modified_gmt":"2026-02-06T12:27:07","slug":"gaz-olcumu","status":"publish","type":"page","link":"https:\/\/www.elcony.com\/tr\/gaz-olcumu\/","title":{"rendered":"Gaz \u00d6l\u00e7\u00fcm\u00fc"},"content":{"rendered":"<div class=\"fusion-fullwidth fullwidth-box fusion-builder-row-1 has-pattern-background has-mask-background nonhundred-percent-fullwidth non-hundred-percent-height-scrolling\" style=\"--awb-border-radius-top-left:0px;--awb-border-radius-top-right:0px;--awb-border-radius-bottom-right:0px;--awb-border-radius-bottom-left:0px;--awb-flex-wrap:wrap;\" ><div class=\"fusion-builder-row fusion-row\"><div class=\"fusion-layout-column fusion_builder_column fusion-builder-column-0 fusion_builder_column_1_5 1_5 fusion-one-fifth fusion-column-first\" style=\"--awb-bg-blend:overlay;--awb-bg-size:cover;width:20%;width:calc(20% - ( ( 4% + 4% ) * 0.2 ) );margin-right: 4%;\"><div class=\"fusion-column-wrapper fusion-flex-column-wrapper-legacy\"><div class=\"fusion-clearfix\"><\/div><\/div><\/div><div class=\"fusion-layout-column fusion_builder_column fusion-builder-column-1 fusion_builder_column_3_5 3_5 fusion-three-fifth\" style=\"--awb-padding-bottom:20px;--awb-bg-blend:overlay;--awb-bg-size:cover;--awb-margin-top:0px;--awb-margin-bottom:0px;width:60%;width:calc(60% - ( ( 4% + 4% ) * 0.6 ) );margin-right: 4%;\"><div class=\"fusion-column-wrapper fusion-flex-column-wrapper-legacy\"><div class=\"fusion-text fusion-text-1\"><h1>Gaz \u00d6l\u00e7\u00fcm Kursu<\/h1>\n<p> Gaz \u00f6l\u00e7\u00fcm\u00fc, tehlikeli maddelerle \u00e7al\u0131\u015f\u0131lan, kapal\u0131 alanlar\u0131n bulundu\u011fu veya patlama riski olan atmosferlerin yer ald\u0131\u011f\u0131 end\u00fcstriyel ortamlarda hayati bir g\u00fcvenlik faaliyetidir. Gaz \u00f6l\u00e7\u00fcm kursu ile gaz \u00f6l\u00e7\u00fcmlerini do\u011fru \u015fekilde yapmay\u0131, \u00f6l\u00e7\u00fcm sonu\u00e7lar\u0131n\u0131 yorumlamay\u0131 ve riskleri zaman\u0131nda tan\u0131may\u0131 \u00f6\u011frenirsiniz. <\/p>\n<h2>Gaz \u00f6l\u00e7\u00fcm\u00fc nedir?<\/h2>\n<p> Gaz \u00f6l\u00e7\u00fcm\u00fc, \u00e7al\u0131\u015fma ortam\u0131nda tehlikeli gazlar\u0131n, buharlar\u0131n ve oksijenin varl\u0131\u011f\u0131n\u0131n ve konsantrasyonunun kontrol edilmesidir. Bu, patlama, zehirlenme ve bo\u011fulma gibi riskleri \u00f6nlemek amac\u0131yla yap\u0131l\u0131r. Gaz \u00f6l\u00e7\u00fcmleri, \u00f6rne\u011fin tanklarda, boru hatlar\u0131nda, kapal\u0131 alanlarda ve proses tesislerinde, \u00e7al\u0131\u015fmalar \u00f6ncesinde ve s\u0131ras\u0131nda ger\u00e7ekle\u015ftirilir. <\/p>\n<h2>Gaz \u00f6l\u00e7\u00fcm kursu kimler i\u00e7indir?<\/h2>\n<p> Gaz \u00f6l\u00e7\u00fcm kursu, gaz \u00f6l\u00e7\u00fcmlerini ger\u00e7ekle\u015ftirmekten ve de\u011ferlendirmekten sorumlu \u00e7al\u0131\u015fanlar i\u00e7in tasarlanm\u0131\u015ft\u0131r; \u00f6rne\u011fin: <\/p>\n<ul>\n<li>Montajc\u0131lar ve bak\u0131m teknisyenleri.<\/li>\n<li>Operat\u00f6rler ve denet\u00e7iler.<\/li>\n<li>(Petro)kimya ve end\u00fcstri \u00e7al\u0131\u015fanlar\u0131.<\/li>\n<li>Serbest \u00e7al\u0131\u015fanlar ve ta\u015feronlar.<\/li>\n<li>Kapal\u0131 alanlarda \u00e7al\u0131\u015fan personel.<\/li>\n<\/ul>\n<h2>SOG veya NOGEPA olmadan gaz \u00f6l\u00e7\u00fcm\u00fc<\/h2>\n<h3>Hedef kitle<\/h3>\n<p> Bu e\u011fitim, SOG veya NOGEPA zorunlulu\u011fu bulunmayan kurulu\u015flarda ya da i\u015fverenler i\u00e7in gaz \u00f6l\u00e7\u00fcm\u00fc yapan \u00e7al\u0131\u015fanlar i\u00e7in uygundur. <\/p>\n<h3>Ne zaman SOG veya NOGEPA olmadan gaz \u00f6l\u00e7\u00fcm\u00fcn\u00fc se\u00e7ersiniz?<\/h3>\n<p> Gaz \u00d6l\u00e7\u00fcm\u00fc (ELCONY) \u015fu durumlarda tercih edilir: <\/p>\n<ul>\n<li>\u0130\u015fvereniniz SOG veya NOGEPA diplomas\u0131 talep etmiyorsa<\/li>\n<li>Dahili g\u00fcvenlik prosed\u00fcrleri kapsam\u0131nda \u00e7al\u0131\u015f\u0131yorsan\u0131z<\/li>\n<li>Pratik ve eri\u015filebilir bir e\u011fitim ar\u0131yorsan\u0131z<\/li>\n<\/ul>\n<p> E\u011fitimin tamamlanmas\u0131n\u0131n ard\u0131ndan <strong>ELCONY Diploma Sicili<\/strong>\u2019ne kay\u0131tl\u0131 bir diploma al\u0131rs\u0131n\u0131z ve bu diploma <strong>5 y\u0131l ge\u00e7erlidir<\/strong>. <\/p>\n<h3>Kurs s\u00fcresi ve \u00fccret<\/h3>\n<ul>\n<li>Mevcut \u00f6n bilgiye sahip olanlar i\u00e7in online haz\u0131rl\u0131k veya tazeleme kursu ile 1 g\u00fcn: <strong>\u20ac 255,00<\/strong> KDV hari\u00e7<\/li>\n<li>\u00d6nceki deneyimi olmayanlar i\u00e7in 2 g\u00fcn: <strong>\u20ac 455,00<\/strong> KDV hari\u00e7<\/li>\n<\/ul>\n<h2>SOG ile gaz \u00f6l\u00e7\u00fcm\u00fc<\/h2>\n<h3>Hedef kitle<\/h3>\n<p> SOG taraf\u0131ndan tan\u0131nan gaz \u00f6l\u00e7\u00fcm kursu, resmi olarak tan\u0131nm\u0131\u015f bir diploman\u0131n zorunlu oldu\u011fu i\u015fverenlerde \u00e7al\u0131\u015fanlar i\u00e7in tasarlanm\u0131\u015ft\u0131r. <\/p>\n<h3>Gaz \u00f6l\u00e7\u00fcm\u00fc (SOG) ne zaman zorunludur?<\/h3>\n<p> SOG ile gaz \u00f6l\u00e7\u00fcm\u00fc \u015fu durumlarda zorunludur: <\/p>\n<ul>\n<li>(Petro)kimya end\u00fcstrisinde \u00e7al\u0131\u015f\u0131yorsan\u0131z.<\/li>\n<li>End\u00fcstriyel bak\u0131m duru\u015flar\u0131 s\u0131ras\u0131nda.<\/li>\n<li>SSVV veya NOGEPA gerekliliklerine g\u00f6re \u00e7al\u0131\u015fan i\u015fverenler i\u00e7in.<\/li>\n<li>G\u00fcvenli\u011fin s\u0131k\u0131 \u015fekilde d\u00fczenlendi\u011fi tesislerde.<\/li>\n<\/ul>\n<p> S\u0131nav\u0131n ba\u015far\u0131yla tamamlanmas\u0131n\u0131n ard\u0131ndan diploma <strong>SSVV Diploma Sicili<\/strong>\u2019ne kaydedilir ve <strong>3 y\u0131l ge\u00e7erlidir<\/strong>. <\/p>\n<h3>Kurs s\u00fcresi ve \u00fccret<\/h3>\n<ul>\n<li>Mevcut \u00f6n bilgiye sahip olanlar i\u00e7in online haz\u0131rl\u0131k veya tazeleme kursu ile 1 g\u00fcn: <strong>\u20ac 369,00<\/strong> KDV hari\u00e7<\/li>\n<li>\u00d6nceki deneyimi olmayanlar i\u00e7in 2 g\u00fcn: <strong>\u20ac 569,00<\/strong> KDV hari\u00e7<\/li>\n<\/ul>\n<h2>Lokasyonlar<\/h2>\n<p> Gaz \u00d6l\u00e7\u00fcm Kursu Hollanda genelinde birden fazla lokasyonda verilmektedir ve talep \u00fczerine kendi tesisinizde de d\u00fczenlenebilir. <\/p>\n<h2>\u0130leti\u015fim<\/h2>\n<p> Daha fazla bilgi almak veya kay\u0131t olmak i\u00e7in <strong>+31(0)88-2200100<\/strong> numaral\u0131 telefonu arayabilir ya da <strong><a href=\"mail&#116;&#111;&#58;&#105;&#110;&#102;&#111;&#x40;&#x65;&#x6c;&#x63;&#x6f;&#x6e;&#x79;&#x2e;&#x63;om\">&#x69;&#110;&#102;o&#x40;&#x65;&#108;c&#x6f;&#x6e;&#121;&#46;c&#x6f;&#109;<\/a><\/strong> adresine e-posta g\u00f6nderebilirsiniz.<\/p>\n<\/div><div class=\"fusion-clearfix\"><\/div><\/div><\/div><div class=\"fusion-layout-column fusion_builder_column fusion-builder-column-2 fusion_builder_column_1_5 1_5 fusion-one-fifth fusion-column-last\" style=\"--awb-bg-blend:overlay;--awb-bg-size:cover;width:20%;width:calc(20% - ( ( 4% + 4% ) * 0.2 ) );\"><div class=\"fusion-column-wrapper fusion-flex-column-wrapper-legacy\"><div class=\"fusion-clearfix\"><\/div><\/div><\/div><\/div><\/div>\n","protected":false},"excerpt":{"rendered":"","protected":false},"author":1,"featured_media":0,"parent":0,"menu_order":5,"comment_status":"closed","ping_status":"closed","template":"","meta":{"footnotes":""},"class_list":["post-326937","page","type-page","status-publish","hentry"],"yoast_head":"<!-- This site is optimized with the Yoast SEO plugin v27.3 - https:\/\/yoast.com\/product\/yoast-seo-wordpress\/ -->\n<title>Gaz \u00d6l\u00e7\u00fcm Kursu (SOG) | Ulusal &amp; Incompany<\/title>\n<meta name=\"description\" content=\"SOG\u2019lu veya SOG\u2019suz gaz \u00f6l\u00e7\u00fcm kursuna kat\u0131l\u0131n. Gaz \u00f6l\u00e7\u00fcmlerini g\u00fcvenli bir \u015fekilde yapmay\u0131 ve yorumlamay\u0131 \u00f6\u011frenin. SSVV taraf\u0131ndan tan\u0131nm\u0131\u015ft\u0131r, kendi konumunuzda da m\u00fcmk\u00fcnd\u00fcr.\" \/>\n<meta name=\"robots\" content=\"index, follow, max-snippet:-1, max-image-preview:large, max-video-preview:-1\" \/>\n<link rel=\"canonical\" href=\"https:\/\/www.elcony.com\/tr\/gaz-olcumu\/\" \/>\n<script type=\"application\/ld+json\" class=\"yoast-schema-graph\">{\"@context\":\"https:\\\/\\\/schema.org\",\"@graph\":[{\"@type\":\"WebPage\",\"@id\":\"https:\\\/\\\/www.elcony.com\\\/tr\\\/gaz-olcumu\\\/\",\"url\":\"https:\\\/\\\/www.elcony.com\\\/tr\\\/gaz-olcumu\\\/\",\"name\":\"Gaz \u00d6l\u00e7\u00fcm Kursu (SOG) | Ulusal & Incompany\",\"isPartOf\":{\"@id\":\"https:\\\/\\\/www.elcony.com\\\/it\\\/#website\"},\"datePublished\":\"2024-08-13T17:56:36+00:00\",\"dateModified\":\"2026-02-06T12:27:07+00:00\",\"description\":\"SOG\u2019lu veya SOG\u2019suz gaz \u00f6l\u00e7\u00fcm kursuna kat\u0131l\u0131n. Gaz \u00f6l\u00e7\u00fcmlerini g\u00fcvenli bir \u015fekilde yapmay\u0131 ve yorumlamay\u0131 \u00f6\u011frenin. SSVV taraf\u0131ndan tan\u0131nm\u0131\u015ft\u0131r, kendi konumunuzda da m\u00fcmk\u00fcnd\u00fcr.\",\"breadcrumb\":{\"@id\":\"https:\\\/\\\/www.elcony.com\\\/tr\\\/gaz-olcumu\\\/#breadcrumb\"},\"inLanguage\":\"tr\",\"potentialAction\":[{\"@type\":\"ReadAction\",\"target\":[\"https:\\\/\\\/www.elcony.com\\\/tr\\\/gaz-olcumu\\\/\"]}]},{\"@type\":\"BreadcrumbList\",\"@id\":\"https:\\\/\\\/www.elcony.com\\\/tr\\\/gaz-olcumu\\\/#breadcrumb\",\"itemListElement\":[{\"@type\":\"ListItem\",\"position\":1,\"name\":\"Home\",\"item\":\"https:\\\/\\\/www.elcony.com\\\/tr\\\/\"},{\"@type\":\"ListItem\",\"position\":2,\"name\":\"Gaz \u00d6l\u00e7\u00fcm\u00fc\"}]},{\"@type\":\"WebSite\",\"@id\":\"https:\\\/\\\/www.elcony.com\\\/it\\\/#website\",\"url\":\"https:\\\/\\\/www.elcony.com\\\/it\\\/\",\"name\":\"ELCONY\",\"description\":\"ARBO, VCA en SOG Opleidingen\",\"potentialAction\":[{\"@type\":\"SearchAction\",\"target\":{\"@type\":\"EntryPoint\",\"urlTemplate\":\"https:\\\/\\\/www.elcony.com\\\/it\\\/?s={search_term_string}\"},\"query-input\":{\"@type\":\"PropertyValueSpecification\",\"valueRequired\":true,\"valueName\":\"search_term_string\"}}],\"inLanguage\":\"tr\"}]}<\/script>\n<!-- \/ Yoast SEO plugin. -->","yoast_head_json":{"title":"Gaz \u00d6l\u00e7\u00fcm Kursu (SOG) | Ulusal & Incompany","description":"SOG\u2019lu veya SOG\u2019suz gaz \u00f6l\u00e7\u00fcm kursuna kat\u0131l\u0131n. Gaz \u00f6l\u00e7\u00fcmlerini g\u00fcvenli bir \u015fekilde yapmay\u0131 ve yorumlamay\u0131 \u00f6\u011frenin. SSVV taraf\u0131ndan tan\u0131nm\u0131\u015ft\u0131r, kendi konumunuzda da m\u00fcmk\u00fcnd\u00fcr.","robots":{"index":"index","follow":"follow","max-snippet":"max-snippet:-1","max-image-preview":"max-image-preview:large","max-video-preview":"max-video-preview:-1"},"canonical":"https:\/\/www.elcony.com\/tr\/gaz-olcumu\/","schema":{"@context":"https:\/\/schema.org","@graph":[{"@type":"WebPage","@id":"https:\/\/www.elcony.com\/tr\/gaz-olcumu\/","url":"https:\/\/www.elcony.com\/tr\/gaz-olcumu\/","name":"Gaz \u00d6l\u00e7\u00fcm Kursu (SOG) | Ulusal & Incompany","isPartOf":{"@id":"https:\/\/www.elcony.com\/it\/#website"},"datePublished":"2024-08-13T17:56:36+00:00","dateModified":"2026-02-06T12:27:07+00:00","description":"SOG\u2019lu veya SOG\u2019suz gaz \u00f6l\u00e7\u00fcm kursuna kat\u0131l\u0131n. Gaz \u00f6l\u00e7\u00fcmlerini g\u00fcvenli bir \u015fekilde yapmay\u0131 ve yorumlamay\u0131 \u00f6\u011frenin. SSVV taraf\u0131ndan tan\u0131nm\u0131\u015ft\u0131r, kendi konumunuzda da m\u00fcmk\u00fcnd\u00fcr.","breadcrumb":{"@id":"https:\/\/www.elcony.com\/tr\/gaz-olcumu\/#breadcrumb"},"inLanguage":"tr","potentialAction":[{"@type":"ReadAction","target":["https:\/\/www.elcony.com\/tr\/gaz-olcumu\/"]}]},{"@type":"BreadcrumbList","@id":"https:\/\/www.elcony.com\/tr\/gaz-olcumu\/#breadcrumb","itemListElement":[{"@type":"ListItem","position":1,"name":"Home","item":"https:\/\/www.elcony.com\/tr\/"},{"@type":"ListItem","position":2,"name":"Gaz \u00d6l\u00e7\u00fcm\u00fc"}]},{"@type":"WebSite","@id":"https:\/\/www.elcony.com\/it\/#website","url":"https:\/\/www.elcony.com\/it\/","name":"ELCONY","description":"ARBO, VCA en SOG Opleidingen","potentialAction":[{"@type":"SearchAction","target":{"@type":"EntryPoint","urlTemplate":"https:\/\/www.elcony.com\/it\/?s={search_term_string}"},"query-input":{"@type":"PropertyValueSpecification","valueRequired":true,"valueName":"search_term_string"}}],"inLanguage":"tr"}]}},"_links":{"self":[{"href":"https:\/\/www.elcony.com\/tr\/wp-json\/wp\/v2\/pages\/326937","targetHints":{"allow":["GET"]}}],"collection":[{"href":"https:\/\/www.elcony.com\/tr\/wp-json\/wp\/v2\/pages"}],"about":[{"href":"https:\/\/www.elcony.com\/tr\/wp-json\/wp\/v2\/types\/page"}],"author":[{"embeddable":true,"href":"https:\/\/www.elcony.com\/tr\/wp-json\/wp\/v2\/users\/1"}],"replies":[{"embeddable":true,"href":"https:\/\/www.elcony.com\/tr\/wp-json\/wp\/v2\/comments?post=326937"}],"version-history":[{"count":3,"href":"https:\/\/www.elcony.com\/tr\/wp-json\/wp\/v2\/pages\/326937\/revisions"}],"predecessor-version":[{"id":391236,"href":"https:\/\/www.elcony.com\/tr\/wp-json\/wp\/v2\/pages\/326937\/revisions\/391236"}],"wp:attachment":[{"href":"https:\/\/www.elcony.com\/tr\/wp-json\/wp\/v2\/media?parent=326937"}],"curies":[{"name":"wp","href":"https:\/\/api.w.org\/{rel}","templated":true}]}}