{"id":337799,"date":"2025-01-14T22:57:23","date_gmt":"2025-01-14T21:57:23","guid":{"rendered":"https:\/\/www.elcony.com\/giris\/"},"modified":"2025-12-11T19:55:17","modified_gmt":"2025-12-11T18:55:17","slug":"onboarding","status":"publish","type":"page","link":"https:\/\/www.elcony.com\/tr\/onboarding\/","title":{"rendered":"Onboarding"},"content":{"rendered":"<div class=\"fusion-fullwidth fullwidth-box fusion-builder-row-1 fusion-flex-container has-pattern-background has-mask-background nonhundred-percent-fullwidth non-hundred-percent-height-scrolling\" style=\"--awb-border-radius-top-left:0px;--awb-border-radius-top-right:0px;--awb-border-radius-bottom-right:0px;--awb-border-radius-bottom-left:0px;--awb-flex-wrap:wrap;\" ><div class=\"fusion-builder-row fusion-row fusion-flex-align-items-flex-start fusion-flex-content-wrap\" style=\"max-width:101%;margin-left: calc(-1% \/ 2 );margin-right: calc(-1% \/ 2 );\"><div class=\"fusion-layout-column fusion_builder_column fusion-builder-column-0 fusion_builder_column_1_5 1_5 fusion-flex-column\" style=\"--awb-bg-size:cover;--awb-width-large:20%;--awb-margin-top-large:5px;--awb-spacing-right-large:2.475%;--awb-margin-bottom-large:5px;--awb-spacing-left-large:2.475%;--awb-width-medium:100%;--awb-order-medium:0;--awb-spacing-right-medium:0.495%;--awb-spacing-left-medium:0.495%;--awb-width-small:100%;--awb-order-small:0;--awb-spacing-right-small:0.495%;--awb-spacing-left-small:0.495%;\"><div class=\"fusion-column-wrapper fusion-column-has-shadow fusion-flex-justify-content-flex-start fusion-content-layout-column\"><\/div><\/div><div class=\"fusion-layout-column fusion_builder_column fusion-builder-column-1 fusion_builder_column_3_5 3_5 fusion-flex-column\" style=\"--awb-bg-size:cover;--awb-width-large:60%;--awb-margin-top-large:5px;--awb-spacing-right-large:0.825%;--awb-margin-bottom-large:5px;--awb-spacing-left-large:0.825%;--awb-width-medium:100%;--awb-order-medium:0;--awb-spacing-right-medium:0.495%;--awb-spacing-left-medium:0.495%;--awb-width-small:100%;--awb-order-small:0;--awb-spacing-right-small:0.495%;--awb-spacing-left-small:0.495%;\"><div class=\"fusion-column-wrapper fusion-column-has-shadow fusion-flex-justify-content-flex-start fusion-content-layout-column\"><div class=\"fusion-text fusion-text-1\"><h3>Online Giri\u015f<\/h3>\n<p>Turnarounds (duraklamalar) ve bak\u0131m projeleri gibi proje tabanl\u0131 i\u015f d\u00fcnyas\u0131 h\u0131zla de\u011fi\u015fiyor. G\u00fcn\u00fcm\u00fczde gerekli bilgi ve deneyime sahip uygun personeli bulmak ger\u00e7ek bir zorluk. ELCONY bunu anl\u0131yor ve \u015firketlere verimli ve g\u00fcvenilir bir \u00e7\u00f6z\u00fcm sunuyor: ki\u015fiselle\u015ftirilmi\u015f Online Giri\u015f. B\u00f6ylece her \u00e7al\u0131\u015fan, d\u00fcnyan\u0131n neresinde olursa olsun, g\u00f6revine ba\u015flamadan \u00f6nce tamamen haz\u0131r hale gelir.<\/p>\n<h3>Dil bariyerlerini a\u015fmak ve yetkinli\u011fi garanti etmek<\/h3>\n<p>Bir\u00e7ok \u015firket i\u00e7in en b\u00fcy\u00fck engellerden biri dil bariyeridir. ELCONY olarak, giri\u015f programlar\u0131m\u0131z\u0131 20 farkl\u0131 dilde sunarak bu sorunu ortadan kald\u0131r\u0131yoruz. Bu sayede, \u00e7al\u0131\u015fanlar\u0131n\u0131z\u0131n dil ge\u00e7mi\u015fi ne olursa olsun, hepsinin g\u00fcvenlik talimatlar\u0131n\u0131 ve \u015firket y\u00f6nergelerini tam anlam\u0131yla kavray\u0131p uygulayabilece\u011finden emin olabilirsiniz.<\/p>\n<h3>G\u00fcvenlik ve kalite i\u00e7in an\u0131nda test<\/h3>\n<p>Profesyonel yeterlilik, \u00f6zellikle y\u00fcksek riskli alanlarda g\u00f6revlendirilen \u00e7al\u0131\u015fanlar s\u00f6z konusu oldu\u011funda son derece \u00f6nemlidir. Online giri\u015fimiz, her bir \u00e7al\u0131\u015fan\u0131n bilgi ve becerilerini de\u011ferlendirmemize olanak tan\u0131yan testler i\u00e7erir. Bu, \u015firketlerin h\u0131zla belirlenen g\u00fcvenlik ve kalite standartlar\u0131na bir \u00e7al\u0131\u015fan\u0131n uygun olup olmad\u0131\u011f\u0131n\u0131 h\u0131zl\u0131ca de\u011ferlendirmesine yard\u0131mc\u0131 olur.<\/p>\n<h3>Tek bir platformda sertifikalar ve \u00f6zelle\u015ftirme<\/h3>\n<p>Bir\u00e7ok g\u00f6\u00e7men i\u015f\u00e7inin halihaz\u0131rda sertifikalar\u0131 bulunmas\u0131na ra\u011fmen, bu sertifikalar\u0131n de\u011feri \u00fclkeden \u00fclkeye farkl\u0131l\u0131k g\u00f6sterir. Platformumuz, uluslararas\u0131 sertifikalar\u0131 h\u0131zl\u0131 ve etkili bir \u015fekilde do\u011frulaman\u0131za imk\u00e2n tan\u0131r; b\u00f6ylece her zaman en y\u00fcksek g\u00fcvenlik standartlar\u0131n\u0131 kar\u015f\u0131lad\u0131\u011f\u0131n\u0131zdan emin olabilirsiniz. Ayr\u0131ca, gerekirse, \u015firketinize veya tesisinize \u00f6zel kurallar\u0131 giri\u015f s\u00fcrecine entegre edebiliriz. B\u00f6ylece \u00e7al\u0131\u015fanlar\u0131n\u0131z, bulundu\u011funuz lokasyonda ge\u00e7erli olan y\u00f6nergeleri hemen \u00f6\u011frenir.<\/p>\n<h3>\u015eirketinizin ihtiya\u00e7lar\u0131na g\u00f6re verimli ve uyarlanabilir<\/h3>\n<p>ELCONY ile optimize edilmi\u015f bir giri\u015f s\u00fcreci sayesinde, g\u00fcvenlik veya mesleki yeterlilik konusunda \u00f6d\u00fcn vermeksizin zaman ve maliyet tasarrufu sa\u011flars\u0131n\u0131z. Platformumuz, t\u00fcm \u00e7al\u0131\u015fanlar\u0131n\u0131z\u0131n yetkinlikleri hakk\u0131nda kapsaml\u0131 bir genel bak\u0131\u015f sunar. Kimlerin gereklilikleri kar\u015f\u0131lad\u0131\u011f\u0131n\u0131, kimlerin ek e\u011fitime ihtiyac\u0131 oldu\u011funu h\u0131zla g\u00f6rebilirsiniz. Bu sayede gereksiz e\u011fitim tekrarlar\u0131 olmadan personeli verimli bir \u015fekilde g\u00f6revlendirebilirsiniz.<\/p>\n<h3>Her zaman g\u00fcncel ve yetkin \u00e7al\u0131\u015fanlar<\/h3>\n<p>ELCONY, sadece temel konular\u0131n \u00f6tesine ge\u00e7er. Platformumuz, \u00e7al\u0131\u015fanlar\u0131n\u0131z\u0131n geli\u015fimini yak\u0131ndan takip etmenize olanak tan\u0131r. Temel bilgilerden ileri d\u00fczey mesleki yeterlili\u011fe kadar, hangi e\u011fitimlerin ve testlerin ba\u015far\u0131yla tamamland\u0131\u011f\u0131n\u0131 sistemimiz kaydeder. B\u00f6ylece daha \u00f6nce giri\u015f s\u00fcrecini tamamlam\u0131\u015f bir \u00e7al\u0131\u015fan, bunu gereksiz yere tekrarlamak zorunda kalmaz. Bu \u015fekilde s\u00fcreci optimize ediyor ve herkesin verimli bir \u015fekilde i\u015fe ba\u015flamas\u0131n\u0131 sa\u011fl\u0131yoruz.<\/p>\n<h3>Giri\u015f s\u00fcrecinizi optimize etmeye haz\u0131r m\u0131s\u0131n\u0131z?<\/h3>\n<p>ELCONY ile deneyimli bir ortak edinmi\u015f olursunuz. Bu ortak, \u00e7al\u0131\u015fanlar\u0131n\u0131z\u0131 i\u015flerine etkin ve verimli \u015fekilde haz\u0131rlayacakt\u0131r. \u015eirketinizi nas\u0131l destekleyebilece\u011fimizi ke\u015ffetmek i\u00e7in bizimle hemen ileti\u015fime ge\u00e7in.<\/p>\n<p>Daha fazla bilgi veya kay\u0131t i\u00e7in <strong>+31(0)88-2200100<\/strong> numaral\u0131 telefonu arayabilir veya <a href=\"&#x6d;&#97;&#x69;&#x6c;&#116;&#x6f;&#x3a;&#105;&#x6e;&#x66;&#111;&#x40;&#x65;l&#x63;&#x6f;n&#x79;&#46;c&#x6f;&#109;\"><strong>&#x69;&#x6e;&#x66;&#x6f;&#x40;&#x65;&#x6c;&#x63;&#111;&#110;&#121;&#46;&#99;&#111;&#109;<\/strong><\/a> adresine e-posta g\u00f6nderebilirsiniz.<\/p>\n<\/div><\/div><\/div><div class=\"fusion-layout-column fusion_builder_column fusion-builder-column-2 fusion_builder_column_1_5 1_5 fusion-flex-column\" style=\"--awb-bg-size:cover;--awb-width-large:20%;--awb-margin-top-large:5px;--awb-spacing-right-large:2.475%;--awb-margin-bottom-large:5px;--awb-spacing-left-large:2.475%;--awb-width-medium:100%;--awb-order-medium:0;--awb-spacing-right-medium:0.495%;--awb-spacing-left-medium:0.495%;--awb-width-small:100%;--awb-order-small:0;--awb-spacing-right-small:0.495%;--awb-spacing-left-small:0.495%;\"><div class=\"fusion-column-wrapper fusion-column-has-shadow fusion-flex-justify-content-flex-start fusion-content-layout-column\"><\/div><\/div><\/div><\/div>\n","protected":false},"excerpt":{"rendered":"","protected":false},"author":1,"featured_media":0,"parent":0,"menu_order":0,"comment_status":"closed","ping_status":"closed","template":"","meta":{"footnotes":""},"class_list":["post-337799","page","type-page","status-publish","hentry"],"yoast_head":"<!-- This site is optimized with the Yoast SEO plugin v27.5 - https:\/\/yoast.com\/product\/yoast-seo-wordpress\/ -->\n<title>Onboarding &#8226; ELCONY<\/title>\n<meta name=\"robots\" content=\"index, follow, max-snippet:-1, max-image-preview:large, max-video-preview:-1\" \/>\n<link rel=\"canonical\" href=\"https:\/\/www.elcony.com\/tr\/onboarding\/\" \/>\n<script type=\"application\/ld+json\" class=\"yoast-schema-graph\">{\"@context\":\"https:\\\/\\\/schema.org\",\"@graph\":[{\"@type\":\"WebPage\",\"@id\":\"https:\\\/\\\/www.elcony.com\\\/tr\\\/onboarding\\\/\",\"url\":\"https:\\\/\\\/www.elcony.com\\\/tr\\\/onboarding\\\/\",\"name\":\"Onboarding &#8226; ELCONY\",\"isPartOf\":{\"@id\":\"https:\\\/\\\/www.elcony.com\\\/it\\\/#website\"},\"datePublished\":\"2025-01-14T21:57:23+00:00\",\"dateModified\":\"2025-12-11T18:55:17+00:00\",\"breadcrumb\":{\"@id\":\"https:\\\/\\\/www.elcony.com\\\/tr\\\/onboarding\\\/#breadcrumb\"},\"inLanguage\":\"tr\",\"potentialAction\":[{\"@type\":\"ReadAction\",\"target\":[\"https:\\\/\\\/www.elcony.com\\\/tr\\\/onboarding\\\/\"]}]},{\"@type\":\"BreadcrumbList\",\"@id\":\"https:\\\/\\\/www.elcony.com\\\/tr\\\/onboarding\\\/#breadcrumb\",\"itemListElement\":[{\"@type\":\"ListItem\",\"position\":1,\"name\":\"Home\",\"item\":\"https:\\\/\\\/www.elcony.com\\\/tr\\\/\"},{\"@type\":\"ListItem\",\"position\":2,\"name\":\"Onboarding\"}]},{\"@type\":\"WebSite\",\"@id\":\"https:\\\/\\\/www.elcony.com\\\/it\\\/#website\",\"url\":\"https:\\\/\\\/www.elcony.com\\\/it\\\/\",\"name\":\"ELCONY\",\"description\":\"ARBO, VCA en SOG Opleidingen\",\"potentialAction\":[{\"@type\":\"SearchAction\",\"target\":{\"@type\":\"EntryPoint\",\"urlTemplate\":\"https:\\\/\\\/www.elcony.com\\\/it\\\/?s={search_term_string}\"},\"query-input\":{\"@type\":\"PropertyValueSpecification\",\"valueRequired\":true,\"valueName\":\"search_term_string\"}}],\"inLanguage\":\"tr\"}]}<\/script>\n<!-- \/ Yoast SEO plugin. -->","yoast_head_json":{"title":"Onboarding &#8226; ELCONY","robots":{"index":"index","follow":"follow","max-snippet":"max-snippet:-1","max-image-preview":"max-image-preview:large","max-video-preview":"max-video-preview:-1"},"canonical":"https:\/\/www.elcony.com\/tr\/onboarding\/","schema":{"@context":"https:\/\/schema.org","@graph":[{"@type":"WebPage","@id":"https:\/\/www.elcony.com\/tr\/onboarding\/","url":"https:\/\/www.elcony.com\/tr\/onboarding\/","name":"Onboarding &#8226; ELCONY","isPartOf":{"@id":"https:\/\/www.elcony.com\/it\/#website"},"datePublished":"2025-01-14T21:57:23+00:00","dateModified":"2025-12-11T18:55:17+00:00","breadcrumb":{"@id":"https:\/\/www.elcony.com\/tr\/onboarding\/#breadcrumb"},"inLanguage":"tr","potentialAction":[{"@type":"ReadAction","target":["https:\/\/www.elcony.com\/tr\/onboarding\/"]}]},{"@type":"BreadcrumbList","@id":"https:\/\/www.elcony.com\/tr\/onboarding\/#breadcrumb","itemListElement":[{"@type":"ListItem","position":1,"name":"Home","item":"https:\/\/www.elcony.com\/tr\/"},{"@type":"ListItem","position":2,"name":"Onboarding"}]},{"@type":"WebSite","@id":"https:\/\/www.elcony.com\/it\/#website","url":"https:\/\/www.elcony.com\/it\/","name":"ELCONY","description":"ARBO, VCA en SOG Opleidingen","potentialAction":[{"@type":"SearchAction","target":{"@type":"EntryPoint","urlTemplate":"https:\/\/www.elcony.com\/it\/?s={search_term_string}"},"query-input":{"@type":"PropertyValueSpecification","valueRequired":true,"valueName":"search_term_string"}}],"inLanguage":"tr"}]}},"_links":{"self":[{"href":"https:\/\/www.elcony.com\/tr\/wp-json\/wp\/v2\/pages\/337799","targetHints":{"allow":["GET"]}}],"collection":[{"href":"https:\/\/www.elcony.com\/tr\/wp-json\/wp\/v2\/pages"}],"about":[{"href":"https:\/\/www.elcony.com\/tr\/wp-json\/wp\/v2\/types\/page"}],"author":[{"embeddable":true,"href":"https:\/\/www.elcony.com\/tr\/wp-json\/wp\/v2\/users\/1"}],"replies":[{"embeddable":true,"href":"https:\/\/www.elcony.com\/tr\/wp-json\/wp\/v2\/comments?post=337799"}],"version-history":[{"count":3,"href":"https:\/\/www.elcony.com\/tr\/wp-json\/wp\/v2\/pages\/337799\/revisions"}],"predecessor-version":[{"id":388995,"href":"https:\/\/www.elcony.com\/tr\/wp-json\/wp\/v2\/pages\/337799\/revisions\/388995"}],"wp:attachment":[{"href":"https:\/\/www.elcony.com\/tr\/wp-json\/wp\/v2\/media?parent=337799"}],"curies":[{"name":"wp","href":"https:\/\/api.w.org\/{rel}","templated":true}]}}