{"id":252852,"date":"2024-02-19T21:40:17","date_gmt":"2024-02-19T21:23:05","guid":{"rendered":"https:\/\/www.elcony.com\/product\/nitelikli-kisi-nen-3140-cevrimici-kurs-cevrimici-sinav\/"},"modified":"2025-11-10T17:00:38","modified_gmt":"2025-11-10T16:00:38","slug":"252852","status":"publish","type":"product","link":"https:\/\/www.elcony.com\/tr\/product\/252852\/","title":{"rendered":"Nitelikli Ki\u015fi (VP) NEN 3140 &#8211; \u00c7evrimi\u00e7i kurs + \u00c7evrimi\u00e7i s\u0131nav"},"content":{"rendered":"<div class=\"fusion-fullwidth fullwidth-box fusion-builder-row-1 fusion-flex-container has-pattern-background has-mask-background nonhundred-percent-fullwidth non-hundred-percent-height-scrolling\" style=\"--awb-border-radius-top-left:0px;--awb-border-radius-top-right:0px;--awb-border-radius-bottom-right:0px;--awb-border-radius-bottom-left:0px;--awb-flex-wrap:wrap;\" ><div class=\"fusion-builder-row fusion-row fusion-flex-align-items-flex-start fusion-flex-content-wrap\" style=\"max-width:101%;margin-left: calc(-1% \/ 2 );margin-right: calc(-1% \/ 2 );\"><div class=\"fusion-layout-column fusion_builder_column fusion-builder-column-0 fusion_builder_column_1_1 1_1 fusion-flex-column\" style=\"--awb-bg-size:cover;--awb-width-large:100%;--awb-margin-top-large:5px;--awb-spacing-right-large:0.495%;--awb-margin-bottom-large:5px;--awb-spacing-left-large:0.495%;--awb-width-medium:100%;--awb-order-medium:0;--awb-spacing-right-medium:0.495%;--awb-spacing-left-medium:0.495%;--awb-width-small:100%;--awb-order-small:0;--awb-spacing-right-small:0.495%;--awb-spacing-left-small:0.495%;\"><div class=\"fusion-column-wrapper fusion-column-has-shadow fusion-flex-justify-content-flex-start fusion-content-layout-column\"><div class=\"fusion-text fusion-text-1\"><p>Kurs sonunda, elektrik tesisatlar\u0131 \u00fczerinde \u00e7al\u0131\u015fman\u0131n ve yak\u0131n\u0131nda \u00e7al\u0131\u015fman\u0131n t\u00fcm risklerinden haberdar olacaks\u0131n\u0131z. Ayr\u0131ca, i\u015fleri g\u00fcvenli bir \u015fekilde ger\u00e7ekle\u015ftirmek i\u00e7in gerekli \u00f6nlemleri alabilirsiniz.<\/p>\n<p>Kurs, telefonunuz, tabletiniz veya bilgisayar\u0131n\u0131zda \u00e7al\u0131\u015fabilece\u011finiz derslerden olu\u015fmaktad\u0131r. Ders materyalini istedi\u011finiz kadar s\u0131k inceleyebilirsiniz. Bu \u015fekilde, kursun sonunda yap\u0131lan s\u0131nav i\u00e7in maksimum d\u00fczeyde haz\u0131rl\u0131kl\u0131 olacaks\u0131n\u0131z. Yeterli sonu\u00e7 elde etmeniz durumunda, sertifikan\u0131z\u0131 size g\u00f6nderece\u011fiz.<\/p>\n<\/div><ul style=\"--awb-line-height:30.6px;--awb-icon-width:30.6px;--awb-icon-height:30.6px;--awb-icon-margin:12.6px;--awb-content-margin:43.2px;--awb-circlecolor:#5894e8;--awb-circle-yes-font-size:15.84px;\" class=\"fusion-checklist fusion-checklist-1 fusion-checklist-default type-icons\"><li class=\"fusion-li-item\" style=\"\"><span class=\"icon-wrapper circle-yes\"><i class=\"fusion-li-icon awb-icon-check\" aria-hidden=\"true\"><\/i><\/span><div class=\"fusion-li-item-content\">\n<p>20 dil aras\u0131ndan se\u00e7im yap\u0131n<\/p>\n<\/div><\/li><li class=\"fusion-li-item\" style=\"\"><span class=\"icon-wrapper circle-yes\"><i class=\"fusion-li-icon awb-icon-check\" aria-hidden=\"true\"><\/i><\/span><div class=\"fusion-li-item-content\">\n<p>El curso est\u00e1 disponible durante 60 d\u00edas.<\/p>\n<\/div><\/li><\/ul><\/div><\/div><\/div><\/div>\n","protected":false},"excerpt":{"rendered":"","protected":false},"featured_media":285845,"template":"","meta":[],"product_brand":[],"product_cat":[9342],"product_tag":[],"class_list":{"0":"post-252852","1":"product","2":"type-product","3":"status-publish","4":"has-post-thumbnail","6":"product_cat-elcony-tr","8":"first","9":"instock","10":"taxable","11":"shipping-taxable","12":"purchasable","13":"product-type-variable"},"yoast_head":"<!-- This site is optimized with the Yoast SEO plugin v27.5 - https:\/\/yoast.com\/product\/yoast-seo-wordpress\/ -->\n<title>Nitelikli Ki\u015fi (VP) NEN 3140 - \u00c7evrimi\u00e7i kurs + \u00c7evrimi\u00e7i s\u0131nav &#8226; ELCONY<\/title>\n<meta name=\"robots\" content=\"noindex, follow\" \/>\n<script type=\"application\/ld+json\" class=\"yoast-schema-graph\">{\"@context\":\"https:\\\/\\\/schema.org\",\"@graph\":[{\"@type\":\"WebPage\",\"@id\":\"https:\\\/\\\/www.elcony.com\\\/tr\\\/product\\\/252852\\\/\",\"url\":\"https:\\\/\\\/www.elcony.com\\\/tr\\\/product\\\/252852\\\/\",\"name\":\"Nitelikli Ki\u015fi (VP) NEN 3140 - \u00c7evrimi\u00e7i kurs + \u00c7evrimi\u00e7i s\u0131nav &#8226; ELCONY\",\"isPartOf\":{\"@id\":\"https:\\\/\\\/www.elcony.com\\\/it\\\/#website\"},\"primaryImageOfPage\":{\"@id\":\"https:\\\/\\\/www.elcony.com\\\/tr\\\/product\\\/252852\\\/#primaryimage\"},\"image\":{\"@id\":\"https:\\\/\\\/www.elcony.com\\\/tr\\\/product\\\/252852\\\/#primaryimage\"},\"thumbnailUrl\":\"https:\\\/\\\/www.elcony.com\\\/wp-content\\\/uploads\\\/2024\\\/06\\\/Aardlekschakelaars-675267964-800x533-1.png\",\"datePublished\":\"2024-02-19T21:23:05+00:00\",\"dateModified\":\"2025-11-10T16:00:38+00:00\",\"breadcrumb\":{\"@id\":\"https:\\\/\\\/www.elcony.com\\\/tr\\\/product\\\/252852\\\/#breadcrumb\"},\"inLanguage\":\"tr\",\"potentialAction\":[{\"@type\":\"ReadAction\",\"target\":[\"https:\\\/\\\/www.elcony.com\\\/tr\\\/product\\\/252852\\\/\"]}]},{\"@type\":\"ImageObject\",\"inLanguage\":\"tr\",\"@id\":\"https:\\\/\\\/www.elcony.com\\\/tr\\\/product\\\/252852\\\/#primaryimage\",\"url\":\"https:\\\/\\\/www.elcony.com\\\/wp-content\\\/uploads\\\/2024\\\/06\\\/Aardlekschakelaars-675267964-800x533-1.png\",\"contentUrl\":\"https:\\\/\\\/www.elcony.com\\\/wp-content\\\/uploads\\\/2024\\\/06\\\/Aardlekschakelaars-675267964-800x533-1.png\",\"width\":800,\"height\":533},{\"@type\":\"BreadcrumbList\",\"@id\":\"https:\\\/\\\/www.elcony.com\\\/tr\\\/product\\\/252852\\\/#breadcrumb\",\"itemListElement\":[{\"@type\":\"ListItem\",\"position\":1,\"name\":\"Home\",\"item\":\"https:\\\/\\\/www.elcony.com\\\/tr\\\/\"},{\"@type\":\"ListItem\",\"position\":2,\"name\":\"Prodotti\",\"item\":\"https:\\\/\\\/www.elcony.com\\\/it\\\/shop\\\/\"},{\"@type\":\"ListItem\",\"position\":3,\"name\":\"Nitelikli Ki\u015fi (VP) NEN 3140 &#8211; \u00c7evrimi\u00e7i kurs + \u00c7evrimi\u00e7i s\u0131nav\"}]},{\"@type\":\"WebSite\",\"@id\":\"https:\\\/\\\/www.elcony.com\\\/it\\\/#website\",\"url\":\"https:\\\/\\\/www.elcony.com\\\/it\\\/\",\"name\":\"ELCONY\",\"description\":\"ARBO, VCA en SOG Opleidingen\",\"potentialAction\":[{\"@type\":\"SearchAction\",\"target\":{\"@type\":\"EntryPoint\",\"urlTemplate\":\"https:\\\/\\\/www.elcony.com\\\/it\\\/?s={search_term_string}\"},\"query-input\":{\"@type\":\"PropertyValueSpecification\",\"valueRequired\":true,\"valueName\":\"search_term_string\"}}],\"inLanguage\":\"tr\"}]}<\/script>\n<!-- \/ Yoast SEO plugin. -->","yoast_head_json":{"title":"Nitelikli Ki\u015fi (VP) NEN 3140 - \u00c7evrimi\u00e7i kurs + \u00c7evrimi\u00e7i s\u0131nav &#8226; ELCONY","robots":{"index":"noindex","follow":"follow"},"schema":{"@context":"https:\/\/schema.org","@graph":[{"@type":"WebPage","@id":"https:\/\/www.elcony.com\/tr\/product\/252852\/","url":"https:\/\/www.elcony.com\/tr\/product\/252852\/","name":"Nitelikli Ki\u015fi (VP) NEN 3140 - \u00c7evrimi\u00e7i kurs + \u00c7evrimi\u00e7i s\u0131nav &#8226; ELCONY","isPartOf":{"@id":"https:\/\/www.elcony.com\/it\/#website"},"primaryImageOfPage":{"@id":"https:\/\/www.elcony.com\/tr\/product\/252852\/#primaryimage"},"image":{"@id":"https:\/\/www.elcony.com\/tr\/product\/252852\/#primaryimage"},"thumbnailUrl":"https:\/\/www.elcony.com\/wp-content\/uploads\/2024\/06\/Aardlekschakelaars-675267964-800x533-1.png","datePublished":"2024-02-19T21:23:05+00:00","dateModified":"2025-11-10T16:00:38+00:00","breadcrumb":{"@id":"https:\/\/www.elcony.com\/tr\/product\/252852\/#breadcrumb"},"inLanguage":"tr","potentialAction":[{"@type":"ReadAction","target":["https:\/\/www.elcony.com\/tr\/product\/252852\/"]}]},{"@type":"ImageObject","inLanguage":"tr","@id":"https:\/\/www.elcony.com\/tr\/product\/252852\/#primaryimage","url":"https:\/\/www.elcony.com\/wp-content\/uploads\/2024\/06\/Aardlekschakelaars-675267964-800x533-1.png","contentUrl":"https:\/\/www.elcony.com\/wp-content\/uploads\/2024\/06\/Aardlekschakelaars-675267964-800x533-1.png","width":800,"height":533},{"@type":"BreadcrumbList","@id":"https:\/\/www.elcony.com\/tr\/product\/252852\/#breadcrumb","itemListElement":[{"@type":"ListItem","position":1,"name":"Home","item":"https:\/\/www.elcony.com\/tr\/"},{"@type":"ListItem","position":2,"name":"Prodotti","item":"https:\/\/www.elcony.com\/it\/shop\/"},{"@type":"ListItem","position":3,"name":"Nitelikli Ki\u015fi (VP) NEN 3140 &#8211; \u00c7evrimi\u00e7i kurs + \u00c7evrimi\u00e7i s\u0131nav"}]},{"@type":"WebSite","@id":"https:\/\/www.elcony.com\/it\/#website","url":"https:\/\/www.elcony.com\/it\/","name":"ELCONY","description":"ARBO, VCA en SOG Opleidingen","potentialAction":[{"@type":"SearchAction","target":{"@type":"EntryPoint","urlTemplate":"https:\/\/www.elcony.com\/it\/?s={search_term_string}"},"query-input":{"@type":"PropertyValueSpecification","valueRequired":true,"valueName":"search_term_string"}}],"inLanguage":"tr"}]}},"_links":{"self":[{"href":"https:\/\/www.elcony.com\/tr\/wp-json\/wp\/v2\/product\/252852","targetHints":{"allow":["GET"]}}],"collection":[{"href":"https:\/\/www.elcony.com\/tr\/wp-json\/wp\/v2\/product"}],"about":[{"href":"https:\/\/www.elcony.com\/tr\/wp-json\/wp\/v2\/types\/product"}],"wp:featuredmedia":[{"embeddable":true,"href":"https:\/\/www.elcony.com\/tr\/wp-json\/wp\/v2\/media\/285845"}],"wp:attachment":[{"href":"https:\/\/www.elcony.com\/tr\/wp-json\/wp\/v2\/media?parent=252852"}],"wp:term":[{"taxonomy":"product_brand","embeddable":true,"href":"https:\/\/www.elcony.com\/tr\/wp-json\/wp\/v2\/product_brand?post=252852"},{"taxonomy":"product_cat","embeddable":true,"href":"https:\/\/www.elcony.com\/tr\/wp-json\/wp\/v2\/product_cat?post=252852"},{"taxonomy":"product_tag","embeddable":true,"href":"https:\/\/www.elcony.com\/tr\/wp-json\/wp\/v2\/product_tag?post=252852"}],"curies":[{"name":"wp","href":"https:\/\/api.w.org\/{rel}","templated":true}]}}